{"id":999,"date":"2011-12-23T11:07:04","date_gmt":"2011-12-23T11:07:04","guid":{"rendered":"http:\/\/www.propiano.org\/romanian\/?page_id=999"},"modified":"2016-11-05T16:32:10","modified_gmt":"2016-11-05T16:32:10","slug":"presa-2010","status":"publish","type":"page","link":"https:\/\/www.propiano.org\/romanian\/presa-2010\/","title":{"rendered":"Presa 2010"},"content":{"rendered":"<p style=\"text-align: center;\"><strong>Ziarul \u201cF\u0103clia\u201d(articol referitor la\u00a0edi\u021bia 2010) \u2013 <\/strong>joi,\u00a011 martie 2010<\/p>\n<p style=\"text-align: center;\"><strong>Festivalul\u00a0\u201dPrietenii Muzicii\/PRO PIANO \u2013\u00a0ROMANIA\u201d,\u00a0\u00a0filiala\u00a0Cluj-Napoca 26 \u2013 28 februarie 2010<\/strong><\/p>\n<div>\n<table border=\"0\" width=\"97%\" cellspacing=\"1\" cellpadding=\"0\">\n<tbody>\n<tr>\n<td valign=\"top\" width=\"99%\">\u00a0\u2022Iubitorii pianului s-au putut bucura, \u00een perioada 26-28\u00a0Februarie a.c., de un eveniment care i-a reunit \u00een sala\u00a0Reduta a Muzeului Etnografic al Transilvaniei:a treia\u00a0edi\u0163ie a Festivalului\u00a0 \u201cPro Piano \/ sec\u0163iunea Prietenii\u00a0Muzicii\u201d.\u00a0\u00a0Participan\u0163i au fost elevi care studiaz\u0103 \u00een institu\u0163ii de art\u0103\u00a0acreditate, dar \u015fi care studiaz\u0103 pianul \u00een particular. To\u0163i au\u00a0venit s\u0103 \u00ee\u015fi etaleze cuno\u015ftin\u0163ele acumulate \u015fi s\u0103 ofere os\u0103rb\u0103toare a muzicii scrise pentru acest instrument.\u00cen acest an au fost invita\u0163i, al\u0103turi de piani\u015ftii clujeni, \u015fi cei din Bistri\u0163a, Sighetu Marma\u0163iei \u015fi Zal\u0103u. S-au al\u0103turat \u015fi elevi din Baia Mare \u015fi Craiova, dornici s\u0103 fie prezen\u0163i \u00een acest cadru. Un alt element inedit a fost introducerea sec\u0163iunii C duo \u2013 pian la patru m\u00eeini, primit cu c\u0103ldur\u0103 de c\u0103tre participan\u0163i. Num\u0103rul concuren\u0163ilor a fost de peste 220, ceea ce constituie o dovad\u0103 cert\u0103 a interesului pentru aceast\u0103 ac\u0163iune.Studiul pianului a constituit dintotdeauna o parte din cultura unui t\u00een\u0103r care se respect\u0103. Acest instrument ofer\u0103, pe l\u00eeng\u0103 cuno\u015ftin\u0163ele de ordin muzical-estetic, pre\u0163ioase deprinderi \u015fi abilit\u0103\u0163i \u015fi contribuie la consolidarea unui psihic s\u0103n\u0103tos \u015fi echilibrat. \u00cen aceast\u0103 idee, a luat na\u015ftere la Bucure\u015fti, \u00een anul 1996, Funda\u0163ia Cultural\u0103 non- profit \u201cPro Piano \u2013 Rom\u00e2nia\u201d, din ini\u0163iativa doamnei profesoare Stela Avesalon de la Liceul de Muzic\u0103 \u201cD. Lipatti\u201d. Scopul funda\u0163iei este educarea, promovarea \u015fi sprijinirea tinerilor care \u00eenva\u0163\u0103 pianul. Acest ideal reprezint\u0103 \u00eencununarea unei str\u0103lucite cariere de profesor eminent al \u00eenv\u0103\u0163\u0103m\u00eentului muzical rom\u00e2nesc. Concursul Interna\u0163ional Pro Piano, care se desf\u0103\u015foar\u0103 regulat din anul 1997 \u00eencoace, este binecunoscut \u015fi apreciat peste hotare \u015fi adun\u0103 tineri piani\u015fti valoro\u015fi din \u0163ar\u0103 \u015fi din str\u0103in\u0103tate. Din anul 2003, sec\u0163iunea Prietenii Muzicii reune\u015fte pe to\u0163i iubitorii pianului, nu pentru a se confrunta, ci pentru a s\u0103rb\u0103tori. \u00cenfiin\u0163area unei sec\u0163iuni la Cluj-Napoca simplific\u0103 participarea unor piani\u015fti afla\u0163i la distan\u0163\u0103 fa\u0163\u0103 de Bucure\u015fti. Iar prezen\u0163a \u00een centrul evenimentului, \u00een calitate de director artistic, a doamnei Stela Avesalon reprezint\u0103\u00a0 un act de generozitate din partea domniei sale \u015fi asigur\u0103 unitatea filialei clujene cu inima funda\u0163iei.<\/p>\n<p>De\u015fi nu este propriu \u2013 zis un concurs, festivalul a fost prezidat de un juriu alc\u0103tuit din doamna Stela Avesalon \u2013 pre\u015fedinte, prof.dr.Monica Noveanu \u015fi prof. Simona Dumea de la Liceul de Muzic\u0103 \u201cS.Todu\u0163\u0103\u201d , prof.dr. Cornelia B\u0103tr\u00eenca \u015fi prof. Emese Guttman Toth de la \u015ecoala de muzic\u0103 \u201cA.Bena\u201d. Participan\u0163ii au fost r\u0103spl\u0103ti\u0163i cu diplome de Excep\u0163ie \u015fi de Merit. S-au acordat \u015fi premii speciale pentru interpret\u0103ri artistice deosebite, pentru interpretarea cea mai bun\u0103 a unei piese rom\u00e2ne\u015fti, a unei piese de Fr.Liszt, dou\u0103 premii \u201cJ.S.Bach\u201d. Profesorii au fost distin\u015fi cu Diplome de Excelen\u0163\u0103 pentru preg\u0103tirea elevilor. De\u015fi \u00een fa\u0163a publicului s-a desf\u0103\u015furat un adev\u0103rat \u201cmaraton\u201d pianistic, acesta a urm\u0103rit cu interes \u00eentregul eveniment. P\u0103rin\u0163ii, sus\u0163in\u0103torii copiilor, au fost al\u0103turide ei, pentru a se bucura de succesul lor.<\/p>\n<p>Monica NOVEANU<\/td>\n<\/tr>\n<\/tbody>\n<\/table>\n<address>\u00a0<\/address>\n<\/div>\n","protected":false},"excerpt":{"rendered":"<p>Ziarul \u201cF\u0103clia\u201d(articol referitor la\u00a0edi\u021bia 2010) \u2013 joi,\u00a011 martie 2010 Festivalul\u00a0\u201dPrietenii Muzicii\/PRO PIANO \u2013\u00a0ROMANIA\u201d,\u00a0\u00a0filiala\u00a0Cluj-Napoca 26 \u2013 28 februarie 2010 \u00a0\u2022Iubitorii pianului s-au putut bucura, \u00een perioada 26-28\u00a0Februarie a.c., de un eveniment care i-a reunit \u00een sala\u00a0Reduta a Muzeului Etnografic al Transilvaniei:a treia\u00a0edi\u0163ie a Festivalului\u00a0 \u201cPro Piano \/ sec\u0163iunea Prietenii\u00a0Muzicii\u201d.\u00a0\u00a0Participan\u0163i au fost elevi care studiaz\u0103 \u00een institu\u0163ii [&hellip;]<\/p>\n","protected":false},"author":1,"featured_media":0,"parent":0,"menu_order":0,"comment_status":"open","ping_status":"open","template":"","meta":{"footnotes":""},"class_list":["post-999","page","type-page","status-publish","hentry"],"_links":{"self":[{"href":"https:\/\/www.propiano.org\/romanian\/wp-json\/wp\/v2\/pages\/999","targetHints":{"allow":["GET"]}}],"collection":[{"href":"https:\/\/www.propiano.org\/romanian\/wp-json\/wp\/v2\/pages"}],"about":[{"href":"https:\/\/www.propiano.org\/romanian\/wp-json\/wp\/v2\/types\/page"}],"author":[{"embeddable":true,"href":"https:\/\/www.propiano.org\/romanian\/wp-json\/wp\/v2\/users\/1"}],"replies":[{"embeddable":true,"href":"https:\/\/www.propiano.org\/romanian\/wp-json\/wp\/v2\/comments?post=999"}],"version-history":[{"count":4,"href":"https:\/\/www.propiano.org\/romanian\/wp-json\/wp\/v2\/pages\/999\/revisions"}],"predecessor-version":[{"id":4223,"href":"https:\/\/www.propiano.org\/romanian\/wp-json\/wp\/v2\/pages\/999\/revisions\/4223"}],"wp:attachment":[{"href":"https:\/\/www.propiano.org\/romanian\/wp-json\/wp\/v2\/media?parent=999"}],"curies":[{"name":"wp","href":"https:\/\/api.w.org\/{rel}","templated":true}]}}