{"id":9712,"date":"2024-01-02T09:04:07","date_gmt":"2024-01-02T09:04:07","guid":{"rendered":"https:\/\/www.propiano.org\/romanian\/?page_id=9712"},"modified":"2024-03-25T04:00:41","modified_gmt":"2024-03-25T04:00:41","slug":"regulament-2024-5","status":"publish","type":"page","link":"https:\/\/www.propiano.org\/romanian\/regulament-2024-5\/","title":{"rendered":"Regulament 2024"},"content":{"rendered":"\n<p><\/p>\n\n\n\n<p><\/p>\n\n\n\n<h2 class=\"wp-block-heading has-text-align-center\"><strong>REGULAMENTUL CONCURSULUI NATIONAL<\/strong> <\/h2>\n\n\n\n<h2 class=\"wp-block-heading has-text-align-center\"><strong>de interpretare pianistica \u201dPRIETENII MUZICII\u201d &#8211; BUCURESTI, <\/strong><\/h2>\n\n\n\n<h3 class=\"wp-block-heading has-text-align-center\"><strong>in format HIBRID  (fizic si online), <\/strong>din data de<strong> 27 martie 2024<\/strong><\/h3>\n\n\n\n<p><br><strong>Despre CONCURS si GALA concursului:<\/strong><br><strong>I.&nbsp;<\/strong>Concursul National de interpretare pianistica \u201d PRIETENII MUZICII\u201d &#8211; Bucuresti,&nbsp;editia a XXII-a este o editie HIBRID, cu desfasurare in doua variante: cu prezenta fizica si online(cu inregistrari).<br>Concursul cu <strong>participarea fizica va avea loc miercuri 27 martie, 2024<\/strong>, la Biblioteca Nationala a Romaniei, Bulevardul Unirii nr. 22, Bucuresi.<\/p>\n\n\n\n<p><\/p>\n\n\n\n<p><strong>II. REPERTORIUL<\/strong> &#8211; pentru ambele variante de prezentare va cuprinde una sau doua piese la alegerea concurentului), obligatoriu pe dinafar\u0103(f\u0103r\u0103 partitur\u0103), in afara sectiuniiC(4 m\u00e2ini), unde se accepta partitura.<\/p>\n\n\n\n<p><\/p>\n\n\n\n<p><strong>III. DESFASURAREA Concursului si MINUTAJELE:<\/strong><br>Vor fi 3 sectiuni&nbsp;:<br>A &#8211; PROFESIONISTI(elevi ai scolilor si liceelor de muzica)<br>B \u2013 AMATORI(pian complementar, Cluburi, Palate ale copiilor sau din sistem particular)<br>C \u2013 4 m\u00e2ini (pe un pian)<br>\uf06e- Sectiunile A \u0219i B cuprind cate 15 categorii de varsta(\u00een functie de anul nasterii), iar minutajul este diferit, dupa cum urmeaza: :<br>Categoriile&nbsp;si Minutajul&nbsp;maxim:&nbsp;&nbsp;&nbsp;&nbsp;&nbsp;&nbsp;&nbsp;&nbsp;&nbsp;&nbsp;&nbsp;&nbsp;&nbsp;&nbsp;&nbsp;&nbsp;&nbsp;&nbsp;&nbsp;<\/p>\n\n\n\n<p>cat.&nbsp;0&nbsp;&nbsp;&nbsp; \u2013&nbsp;&nbsp;&nbsp; 2019&nbsp;&#8211; 3\u2019&nbsp;&nbsp;&nbsp;<br>cat.&nbsp;1-a&nbsp;&nbsp;\u2013&nbsp;&nbsp; 2018 &#8211; 3\u2019<br>cat. a 2-a&nbsp;\u2013 2017&nbsp; &#8211; 5\u2019<br>cat.&nbsp;a 3-a&nbsp;\u2013 2016 &#8211; 5\u2019<br>cat.&nbsp;a 4-a&nbsp;\u2013 2015 &#8211; 7\u2019<br>cat.&nbsp;a 5-a&nbsp;\u2013 2014 &#8211; 7\u2019<br>cat.&nbsp;a 6-a&nbsp;\u2013 2013 &#8211; 10\u2019<br>cat.&nbsp;a 7-a&nbsp;\u2013 2012 &#8211; 10\u2019<br>cat.&nbsp;a 8-a&nbsp;\u2013 2011 &#8211; 10\u2019<br>cat.&nbsp;a 9-a&nbsp;\u2013 2010 &#8211; 10\u2019<br>cat.&nbsp;a 10-a\u20132009 &#8211; 15\u2019&nbsp;&nbsp;<br>cat.&nbsp;a 11-a\u20132008 &#8211; 15\u2019<br>cat.&nbsp;a 12-a\u20132007 &nbsp; &#8211; 20\u2019<br>cat.&nbsp;a 13-a\u20132006 &#8211; 20\u2019<br>cat.&nbsp;a 14-a&nbsp;-2005, 2004\/20\u2019<\/p>\n\n\n\n<p>Piesele vor fi interpretate obligatoriu din memorie(fara partitura), cu exceptia celor de la categoria C, unde se accepta partitura.<br>Intrarea \u00een concurs&nbsp;se va face \u00een ordine alfabetic\u0103 pentru fiecare categorie de varsta(dup\u0103 anul de na\u0219tere).<\/p>\n\n\n\n<p><\/p>\n\n\n\n<p><strong>IV. INSCRIEREA<\/strong> &nbsp;pentru ambele variante se face&nbsp;numai online, p\u00e2n\u0103 \u00een data de <strong>21 martie 2024(<\/strong>ora 24), prin trimiterea&nbsp;urmatoarelor doua documente prin <strong>e-mail, la adresa: propiano@gmail.com<\/strong><\/p>\n\n\n\n<p><\/p>\n\n\n\n<p><strong>1.Formular de inscriere<\/strong> &#8211; pentru ambele participari(fizica sau online):&nbsp;<\/p>\n\n\n\n<p>&#8211; <strong>formularul 1<\/strong> &#8211; pentru cei cu prezenta fizica, completat cu toate datele cerute.&nbsp;Atentie: numele se va scrie &nbsp;cu diacritice(\u0103.\u00e2, \u00ee, \u0219, etc), pentru scrierea corecta a diplomelor.<br>&#8211;&nbsp;f<strong>ormularul 2 <\/strong>&#8211; pentru participarea&nbsp;online. <\/p>\n\n\n\n<p><strong>2. Chitanta de donatie(pentru ambele participari)<\/strong><br><strong>Donatia de inscriere<\/strong>(pentru ambele forme de participare)&nbsp;este de&nbsp;150&nbsp;lei(pentru sectiunile A \u0219i B) \u0219i&nbsp;160&nbsp;lei(pentru sectiunea C &#8211; 4 maini, cate 80 lei\/ persoana) si se vor trimite in contul Fundatiei Culturale \u201dPRO PIANO-ROMANIA&nbsp;\u201d deschis la BCR sector 3 Bucuresti, Cod IBAN: RO85RNCB0074029228740001\/C.U.I. 9099960, cu specificarea obligatorie(&nbsp;pe ordinul de plat\u0103) a dou\u0103 elemente: Donatie&nbsp;plus&nbsp;numele participantului(nu a depunatorului).&nbsp;Confirmarea \u00eenscrierii se va face imediat sau cel mult dup\u0103 2 zile. Dac\u0103 nu ati primit confirmarea, inseamn\u0103 ca \u00eenscrierea nu s-a primit. In acest caz, numai dup\u0103 2 zile de la trimitere, \u00eentreba\u021bi telefonic(la nr. 0722 382 626).<\/p>\n\n\n\n<p><strong>3. Numai pentru participantii online<\/strong>: <strong>inregistrarea repertoriului va fi pus pe youtube-ul personal <\/strong>(neaparat cu optiunea PUBLIC), iar link-ul rezultat se va trimite in formular, impreuna cu numele compozitorului si titlul piesei. Mentineti optiunea PUBLIC pe tot parcursul concursului (nu schimbati pe personal, pt ca juriul nu mai poate accesa imprimarea)!<br>Informatii tehnice pentru realizarea inregistrarilor: &nbsp;<br>Filmarea se va face obligatoriu cu telefonul pe orizontala(pus pe un stativ, pentru a nu se misca), pozitionat putin in spatele interpretului, in partea dreapta, iar \u00een filmare sa se vada (pe cat posibil) corpul intreg al interpretului si pianul.<br>Link-ul videoclipului(al filmului cu inregistrarea repertoriului ) va fi incarcat&nbsp;in contul YouTube personal (cu optiunea PUBLIC).<br>Pe filmare, se va mentiona obligatoriu numele si prenumele interpretului si repertoriul (neaparat cu diacritice(\u0103.\u00e2, \u00ee, \u0219, etc). Deci, pe email-ul de inscriere se va trimite numai Link-ul rezultat din postarea filmului &nbsp;pe youtube-ul personal.<\/p>\n\n\n\n<p><strong>Premiile online<\/strong>(rezultatele) se vor acorda tot in ziua de 27 martie 2024, iar diplomele se vor trimite cat de curand posibil, pe adresa de e-mail al profesorilor, cu rugamintea unei confirmari de primire. Cei care vin la Sinaia vor primi diplomele personal! <br>&nbsp;<\/p>\n\n\n\n<p><strong>V. PROGRAMAREA<\/strong>\u00a0intr\u0103rii \u00een concurs va apare \u00een data de <strong>23 martie, 2024\u00a0<\/strong>(seara), in link-ul PROGRAMARE 2024. Tot aici va apare si Programul recitalului de la SINAIA(din 6 aprilie 2024). <\/p>\n\n\n\n<p><\/p>\n\n\n\n<p><strong><strong>VI. DIPLOMELE si PREMIILE: <\/strong><\/strong><\/p>\n\n\n\n<ul class=\"wp-block-list\">\n<li>pentru concurentii cu <strong>PARTICIPARE FIZICA, <\/strong>diplomele se vor da chiar in ziua concursului, conform programarii&nbsp;ce se va afi\u0219a pe data de <strong>23 martie(seara)<\/strong>, pe Site, in link-ul Programari(dupa link-ul cu formulare). <\/li>\n\n\n\n<li><strong>Premiile online<\/strong>(rezultatele) se vor acorda tot in ziua de 27 martie 2024, iar diplomele se vor trimite cat de curand posibil, pe adresa de e-mail al profesorilor, cu rugamintea unei confirmari de primire. Cei care vin la Sinaia vor primi diplomele personal! <\/li>\n<\/ul>\n\n\n\n<p>Se vor acorda urm\u0103toarele distinc\u0163ii(pentru fiecare categorie \u00een parte): Premii I, II, III, Men\u021biuni, Diplome de Participare(pentru cei care nu se calific\u0103 la unul dintre premiile anun\u021bate), PremiiSpeciale&nbsp;( pentru cea mai bun\u0103 interpretare a unei piese rom\u00e2ne\u015fti, premiul J. S. Bach, premiul Fr. Liszt, premiul Fundatiei \u201cPRO PIANO-ROMANIA\u201d, premiu pentru prezen\u0163\u0103 artistic\u0103 deosebit\u0103, muzicalitate, interpretare, etc) . DIPLOMELE cu premiile ob\u021binute vor fi decernate \u00een aceeasi zi, \u00een festivitatea de premiere, conform program\u0103rii generale. Dup\u0103 caz, se va acorda \u0219i Trofeul Concursului&nbsp;(c\u00e2te unul pentru fiecare dintre sec\u021biunile A \u0219i B). Cei mai buni participanti vor fi programati ulterior, pe parcursul anului 2024, \u00een recitalurile Fundatiei \u201dPRO PIANO-ROMANIA\u201d.<\/p>\n\n\n\n<p><strong>Hot\u0103r\u00e2rile juriului sunt definitive, f\u0103r\u0103 drept de contestare! <\/strong><\/p>\n\n\n\n<p><\/p>\n\n\n\n<p><strong>VII. &nbsp;GALA CONCURSULUI<\/strong><br>va avea loc \u00een ziua de 6 aprilie 2024, ora 11,00, la Casa Memoriala \u201dGeorge Enescu\u201d din Sinaia. Cine va participa? Pot participa concurenti din ambele variante de prezentare, care-si confirma in scris prezenta fizica&nbsp;pe formularul de inscriere, cu cuvantul: <strong>&nbsp;DA&nbsp;,<\/strong>&nbsp;in ultima rubrica a formularului de inscriere!&nbsp;<strong>Se va specifica si ce piesa doreste sa cante la Sinaia <\/strong>(una sau ambele piese din repertoriul de concurs)<br>Cele mai bune interpretari se vor pune pe youtube &#8211; Facebook-ul Muzeului National \u201dGeorge Enescu\u201d si al Fundatiei!<br>Transportul, intreaga deplasare, precum si <strong>biletul de intrare la Muzeu(in care este inclusa si vizitarea Muzeului)<\/strong>, revin in exclusivitate participantilor!<\/p>\n\n\n\n<h2 class=\"wp-block-heading\"><\/h2>\n\n\n\n<p><strong>VIII. Informatii suplimentare <\/strong>se vor lua de la Fundatia Cultural\u0103 \u201ePRO PIANO-ROMANIA\u201d \u2013 prof. Stela Avesalon, Tel&nbsp;: &nbsp;0722 382 626 (\u00een afara orelor 14-17).&nbsp;Orice&nbsp;completare sau&nbsp;modificare&nbsp; ulterioara, se va cere direct la organizator, numai prin&nbsp;SMS&nbsp;sau&nbsp;e-mail: propiano@gmail.com (nu la telefon).<\/p>\n\n\n\n<p><\/p>\n\n\n\n<p><\/p>\n","protected":false},"excerpt":{"rendered":"<p>REGULAMENTUL CONCURSULUI NATIONAL de interpretare pianistica \u201dPRIETENII MUZICII\u201d &#8211; BUCURESTI, in format HIBRID (fizic si online), din data de 27 martie 2024 Despre CONCURS si GALA concursului:I.&nbsp;Concursul National de interpretare pianistica \u201d PRIETENII MUZICII\u201d &#8211; Bucuresti,&nbsp;editia a XXII-a este o editie HIBRID, cu desfasurare in doua variante: cu prezenta fizica si online(cu inregistrari).Concursul cu participarea [&hellip;]<\/p>\n","protected":false},"author":1,"featured_media":0,"parent":0,"menu_order":0,"comment_status":"closed","ping_status":"closed","template":"","meta":{"footnotes":""},"class_list":["post-9712","page","type-page","status-publish","hentry"],"_links":{"self":[{"href":"https:\/\/www.propiano.org\/romanian\/wp-json\/wp\/v2\/pages\/9712","targetHints":{"allow":["GET"]}}],"collection":[{"href":"https:\/\/www.propiano.org\/romanian\/wp-json\/wp\/v2\/pages"}],"about":[{"href":"https:\/\/www.propiano.org\/romanian\/wp-json\/wp\/v2\/types\/page"}],"author":[{"embeddable":true,"href":"https:\/\/www.propiano.org\/romanian\/wp-json\/wp\/v2\/users\/1"}],"replies":[{"embeddable":true,"href":"https:\/\/www.propiano.org\/romanian\/wp-json\/wp\/v2\/comments?post=9712"}],"version-history":[{"count":27,"href":"https:\/\/www.propiano.org\/romanian\/wp-json\/wp\/v2\/pages\/9712\/revisions"}],"predecessor-version":[{"id":10017,"href":"https:\/\/www.propiano.org\/romanian\/wp-json\/wp\/v2\/pages\/9712\/revisions\/10017"}],"wp:attachment":[{"href":"https:\/\/www.propiano.org\/romanian\/wp-json\/wp\/v2\/media?parent=9712"}],"curies":[{"name":"wp","href":"https:\/\/api.w.org\/{rel}","templated":true}]}}