{"id":9703,"date":"2024-01-02T09:00:49","date_gmt":"2024-01-02T09:00:49","guid":{"rendered":"https:\/\/www.propiano.org\/romanian\/?page_id=9703"},"modified":"2024-03-06T11:50:29","modified_gmt":"2024-03-06T11:50:29","slug":"regulament-2024-4","status":"publish","type":"page","link":"https:\/\/www.propiano.org\/romanian\/regulament-2024-4\/","title":{"rendered":"Regulament 2024"},"content":{"rendered":"\n<p><\/p>\n\n\n\n<div class=\"wp-block-file\"><a id=\"wp-block-file--media-8711096f-edb8-4010-b267-aaee1dac4ff8\" href=\"https:\/\/www.propiano.org\/romanian\/wp-content\/uploads\/2024\/01\/Regulament-SIBIU-2024-4.docx\"><strong>Regulament-SIBIU-2024<\/strong><\/a><a href=\"https:\/\/www.propiano.org\/romanian\/wp-content\/uploads\/2024\/01\/Regulament-SIBIU-2024-4.docx\" class=\"wp-block-file__button wp-element-button\" download aria-describedby=\"wp-block-file--media-8711096f-edb8-4010-b267-aaee1dac4ff8\">Download<\/a><\/div>\n\n\n\n<p><\/p>\n\n\n\n<p><\/p>\n\n\n\n<p><\/p>\n\n\n\n<h2 class=\"wp-block-heading has-text-align-center\"><strong>REGULAMENTUL Concursului National \u201dPrietenii Muzicii\u201d <\/strong><\/h2>\n\n\n\n<h2 class=\"wp-block-heading has-text-align-center\"><strong>filiala SIBIU, Editia a XII-a, 08-10 martie, 2024<\/strong><\/h2>\n\n\n\n<p><br><strong>I.<\/strong> Manifestarea este deschis\u0103 copiilor cu v\u00e2rsta cuprins\u0103 \u00eentre 5 \u0219i 18 ani, fiind divizat\u0103 \u00een trei sec\u021biuni: A, B, C. <\/p>\n\n\n\n<p><strong>Sec\u021biunea A<\/strong> \u2013 tineri care studiaz\u0103 pianul ca instrument principal, \u00een \u0219coli \u0219i licee de muzic\u0103. <\/p>\n\n\n\n<p><strong>Sec\u021biunea B<\/strong> \u2013 tineri care studiaz\u0103 pianul in Cluburi ale copiilor, Palatul Copiilor, ca instrument optional<br>(\u00een \u0219coli \u0219i licee de muzic\u0103) sau \u00een sistem particular. <\/p>\n\n\n\n<p><strong>Sec\u021biunea C<\/strong> \u2013 ansamblu la 4 m\u00e2ini(pe un pian)<\/p>\n\n\n\n<p><br><strong>II.<\/strong> Pentru o mai bun\u0103 evaluare, sec\u021biunile A \u0219i B sunt divizate \u00een mai multe categorii, \u00een func\u021bie de anul <br>na\u0219terii participan\u021bilor:<br>categoria 0\u20132019<br>cat. 1-a \u2013 2018<br>cat. a 2-a \u2013 2017<br>cat. a 3-a \u2013 2016<br>cat. a 4-a \u2013 2015<br>cat. a 5-a \u2013 2014<br>cat. a 6-a \u2013 2013<br>cat. a 7-a \u2013 2012<br>cat. a 8-a \u2013 2011<br>cat. a 9-a \u2013 2010<br>cat. a 10-a \u2013 2009<br>cat. a 11-a \u2013 2008<br>cat. a 12-a \u2013 2007<br>cat. a 13-a \u2013 2006<br>cat. a 14-a \u2013 2005, 2004<br>Pentru sec\u021biunea C se va tine cont de v\u00e2rsta celor 2 membri (nu este obligatorie apartenen\u021ba la aceea\u0219i <br>categorie).<\/p>\n\n\n\n<p><br><strong>III. <\/strong>Programul va con\u021bine una sau 2 piese la alegerea participantului, cu durata maxim\u0103 cumulat\u0103 \u00eentre 7 \u0219i 30 minute, \u00een func\u021bie de categorie, dup\u0103 cum urmeaz\u0103:<br><strong>Sec\u021biunea A: <\/strong>cat. 1\u20132=5\u2032 \/ cat. 3-4=8\u2019 \/ cat.5-6=10\u2019 \/ cat.7-8=15\u2019 \/ cat. 9-10= 20\u2032 \/ cat.11-12=25\u2032 \/<br>cat. 13-14=30\u2032 <\/p>\n\n\n\n<p><strong>Sec\u021biunea B<\/strong>: cat. 0\u20132= 4\u2032 \/ cat. 3-4= 7\u2019 \/ cat. 5\u20138=10\u2032 \/ cat. 9\u201310 =12\u2032 \/ cat. 11-12=15\u2032 \/ cat. 13-14=20\u2032<\/p>\n\n\n\n<p>Programul men\u021bionat \u00een fi\u0219a de \u00eenscriere nu poate fi modificat ulterior. Ordinea interpret\u0103rii pieselor din repertoriu este la libera alegere a participan\u021bilor.<\/p>\n\n\n\n<p><br><strong>IV. <\/strong>Ordinea prezent\u0103rii \u00een Concurs este cea alfabetic\u0103, in cadrul fiec\u0103rei categorii. Programarea intrarii participan\u021bIlor in concurs va fi anun\u021bat\u0103 in data de 3 martie 2024, la adresa: www.propiano.org\/ROMANA\/Prietenii Muzicii Sibiu 2024\/Programare 2024<br>\u00cen m\u0103sura posibilit\u0103\u021bilor, organizatorii vor \u021bine seam\u0103 de cerin\u021bele motivate ale participan\u021bilor de a concura \u00een anumite zile. <\/p>\n\n\n\n<p>Preferin\u021bele de participare se vor men\u021biona de la \u00eenceput, <strong>\u00een momentul \u00eenscrierii,<\/strong> pe formularul de \u00eenscriere. Dup\u0103 planificarea ordinii de intrare, nu se accept\u0103 schimb\u0103ri. <\/p>\n\n\n\n<p><\/p>\n\n\n\n<p><strong>V.<\/strong> <strong>\u00censcrierea: <\/strong>data limit\u0103 este <strong>28 februarie 2024<\/strong>(pana la ora 24,00)<br><strong>Acte necesare \u00eenscrierii<\/strong>( cele doua documente de mai jos, se vor trimite la dou\u0103 adrese odata, adica un singur e-mail va fi directionat pe <strong>doua adrese<\/strong>: propiano@gmail.com      \u0219i        ortheniko_piano@yahoo.com)<strong> : <\/strong><\/p>\n\n\n\n<ol class=\"wp-block-list\">\n<li><strong>Formularul de \u00eenscriere<\/strong> &#8211; numai in varianta ONLINE, care se poate accesa de pe Site-ul<br>Funda\u0163iei \u201dPRO PIANO-ROM\u00c2NIA\u201d: .www.propiano.org\/ROMANA\/Prietenii Muzicii Sibiu2024 ( al doilea link dupa Regulament).<\/li>\n\n\n\n<li><strong>Chitan\u021ba de achitare a dona\u021biei<\/strong> de participare(copie scanata)<br>Dona\u021bia de participare este de 140 lei\/pentru solist \u0219i 120 de lei\/ansamblu la 4 m\u00e2ini, depus\u0103 \u00een contul Funda\u0163iei Pro Piano, deschis la BCR sector 3 Bucuresti, Cod IBAN: RO85RNCB0074029228740001\/ C.U.I. 9099960, cu specificarea obligatorie pe ordinul de plat\u0103 a 2 semne de identificare:<br><strong>a) Dona\u021bie Sibiu<\/strong> \u0219i <strong>b)<\/strong> <strong>Numele participantului<\/strong> pentru care se face plata(nu a depunatorului).<br>\u00cen caz de neprezentare, dona\u021bia nu se returneaz\u0103(sub nici un motiv).<br>\u00cen cazul ansamblurilor la 4 m\u00e2ini, datele celor doi participan\u0163i vor fi men\u0163ionate pe acela\u015f<br>formular. Un elev participant \u00een mai multe forma\u021bii la 4 m\u00e2ini, achit\u0103 o singur\u0103 dat\u0103 jum\u0103tatea sa de dona\u021bie \u2013 60 lei). Nu se admit mandate po\u015ftale. <\/li>\n\n\n\n<li><strong>Confirmarea \u00eenscrierii <\/strong>se face dup\u0103 primirea celor doua documente de mai sus. Daca nu ati primit confirmarea dupa 2 zile lucratoare, rog atentionati-ne prin e-mail sau SMS.  <\/li>\n<\/ol>\n\n\n\n<p><\/p>\n\n\n\n<p><strong>VI. DATE IMPORTANTE:<\/strong><\/p>\n\n\n\n<ul class=\"wp-block-list\">\n<li><strong>Data limit\u0103 pentru \u00eenscrieri <\/strong>este 28 februarie 2024(ora 24,00). <\/li>\n\n\n\n<li><strong>Data afisarii listei de participanti<\/strong> este 1 martie 2024(seara), la adresa: www.propiano.org\/romana\/prietenii-muzicii-Sibiu 2023\/<strong>Programare<\/strong> Sibiu 2023<\/li>\n\n\n\n<li><strong>Programarea intr\u0103rii \u00een concurs<\/strong> va fi publicata in data de 3 martie 2024(seara, ora 23,00), tot la adresa de mai sus, in link-ul Programari. <\/li>\n\n\n\n<li>Cheltuielile de transport, cazare, mas\u0103, vor fi suportate de participan\u021bi. <\/li>\n<\/ul>\n\n\n\n<p><strong>VII. PREMII:<\/strong><\/p>\n\n\n\n<p>Se vor acorda urm\u0103toarele distinc\u0163ii(pentru fiecare categorie \u00een parte): Premii I, II, III, Men\u021biuni, Diplome de Participare(pentru cei care nu se calific\u0103 la unul dintre premiile anun\u021bate), Premii<br>Speciale( pentru cea mai bun\u0103 interpretare a unei piese rom\u00e2ne\u015fti, premiul J. S. Bach, premiul Fr. Liszt, premiul Fundatiei \u201cPRO PIANO-ROMANIA\u201d, Premiu pentru prezen\u0163\u0103 artistic\u0103 deosebit\u0103 etc) . <\/p>\n\n\n\n<p><strong>DIPLOMELE <\/strong>cu premiile ob\u021binute vor fi decernate \u00een aceeasi zi, \u00een cele doua festivit\u0103\u021bi de premiere zilnice(de la pr\u00e2nz \u0219i de la sf\u00e2r\u0219itul zilei de concurs), conform program\u0103rii generale. Dup\u0103 caz, se va acorda \u0219i <strong>Trofeul Concursului<\/strong> (c\u00e2te unul pentru fiecare dintre sec\u021biunile A \u0219i B). <\/p>\n\n\n\n<p>Hot\u0103r\u00e2rile juriului sunt definitive, f\u0103r\u0103 drept de contesta\u021bie!<\/p>\n\n\n\n<p><\/p>\n\n\n\n<p><strong>VIII. Juriul Concursului<\/strong> va fi format din personalit\u0103\u021bi ale pedagogiei \u0219i muzicii rom\u00e2ne\u0219ti.<br>\u00cen momentul \u00eenscrierii \u00een Festival candida\u021bii accept\u0103 prezentele condi\u021bii \u0219i autoritatea juriului. <\/p>\n\n\n\n<p><\/p>\n\n\n\n<p><strong>GALA  Concursului <\/strong>va avea loc <strong>duminica 10 martie, ora 11,00,<\/strong> \u00een aceea\u0219i loca\u021bie, Vor c\u00e2nta laurea\u021bii nominaliza\u021bi de Juriu ( dintre cei cu Premiile Speciale), inclusiv surprize financiare!<\/p>\n\n\n\n<p><\/p>\n\n\n\n<p><strong>IX. Informatii suplimentare <\/strong>se pot lua de la ; <\/p>\n\n\n\n<ul class=\"wp-block-list\">\n<li>Funda\u021bia Culturala \u201cPRO PIANO-ROMANIA\u201d &#8211; <strong>Profesor Stela Avesalon<\/strong><br>E-mail: propiano@gmail.com  \/  Tel: 0722.382.626(\u00een afara orelor 14-17) \/ Web: www.propiano.org<\/li>\n\n\n\n<li>Doamna <strong>Profesor Orth Eniko<\/strong>: &#8211; Tel: 0746 114 351 &#8211; E-mail:ortheniko_piano@yahoo.com<\/li>\n<\/ul>\n","protected":false},"excerpt":{"rendered":"<p>REGULAMENTUL Concursului National \u201dPrietenii Muzicii\u201d filiala SIBIU, Editia a XII-a, 08-10 martie, 2024 I. Manifestarea este deschis\u0103 copiilor cu v\u00e2rsta cuprins\u0103 \u00eentre 5 \u0219i 18 ani, fiind divizat\u0103 \u00een trei sec\u021biuni: A, B, C. Sec\u021biunea A \u2013 tineri care studiaz\u0103 pianul ca instrument principal, \u00een \u0219coli \u0219i licee de muzic\u0103. Sec\u021biunea B \u2013 tineri care [&hellip;]<\/p>\n","protected":false},"author":1,"featured_media":0,"parent":0,"menu_order":0,"comment_status":"closed","ping_status":"closed","template":"","meta":{"footnotes":""},"class_list":["post-9703","page","type-page","status-publish","hentry"],"_links":{"self":[{"href":"https:\/\/www.propiano.org\/romanian\/wp-json\/wp\/v2\/pages\/9703","targetHints":{"allow":["GET"]}}],"collection":[{"href":"https:\/\/www.propiano.org\/romanian\/wp-json\/wp\/v2\/pages"}],"about":[{"href":"https:\/\/www.propiano.org\/romanian\/wp-json\/wp\/v2\/types\/page"}],"author":[{"embeddable":true,"href":"https:\/\/www.propiano.org\/romanian\/wp-json\/wp\/v2\/users\/1"}],"replies":[{"embeddable":true,"href":"https:\/\/www.propiano.org\/romanian\/wp-json\/wp\/v2\/comments?post=9703"}],"version-history":[{"count":17,"href":"https:\/\/www.propiano.org\/romanian\/wp-json\/wp\/v2\/pages\/9703\/revisions"}],"predecessor-version":[{"id":9937,"href":"https:\/\/www.propiano.org\/romanian\/wp-json\/wp\/v2\/pages\/9703\/revisions\/9937"}],"wp:attachment":[{"href":"https:\/\/www.propiano.org\/romanian\/wp-json\/wp\/v2\/media?parent=9703"}],"curies":[{"name":"wp","href":"https:\/\/api.w.org\/{rel}","templated":true}]}}