{"id":969,"date":"2011-12-23T10:53:15","date_gmt":"2011-12-23T10:53:15","guid":{"rendered":"http:\/\/www.propiano.org\/romanian\/?page_id=969"},"modified":"2011-12-23T10:53:15","modified_gmt":"2011-12-23T10:53:15","slug":"proiecte-2011","status":"publish","type":"page","link":"https:\/\/www.propiano.org\/romanian\/proiecte-2011\/","title":{"rendered":"Proiecte 2011"},"content":{"rendered":"<h2 style=\"text-align: center;\">Proiectele anului\u00a02011<\/h2>\n<div>\n<p><strong>\u2666<\/strong> Festivalul \u201cPrietenii Muzicii\u201d \u2013 filiala Cluj-Napoca, editia a IV-a:<\/p>\n<p>Intre\u00a025-27 februarie 2011 a avut loc, la Muzeul de Arta al Transilvaniei din Cluj-Napoca,\u00a0 editia a IV-a a\u00a0Festivalului \u201cPrietenii Muzicii-PRO PIANO-ROMANIA\u201d\/ filiala Cluj \u2013 Napoca.\u00a0Au participat 215 tineri piani\u0219ti cu v\u00e2rste cuprinse \u00eentre 5-18 ani, din Cluj-Napoca, Bistri\u021ba, Baia Mare, Zal\u0103u, Sighetul-Marma\u021biei, Gherla, Ia\u0219i, Bac\u0103u, Craiova, T\u00e2rgovi\u0219te, T\u00e2rgu-Mure\u0219.<\/p>\n<p>\u2666\u00a0Festivalul \u201cPrietenii Muzicii\u201d \u2013 Bucure\u015fti, editia a IX-a:<\/p>\n<p>Intre\u00a07 \u2013 9 iunie 2011 a avut loc edi\u0163ia a IX-a a\u00a0Festivalului \u201cPrietenii Muzicii-PRO PIANO-ROMANIA\u201d-Bucure\u015fti.\u00a0Au participat 225 tineri piani\u0219ti cu v\u00e2rste cuprinse \u00eentre 5-18 ani.<\/p>\n<p>\u2666\u00a0Concursul Interna\u0163ional \u201cPRO PIANO-ROM\u00c2NIA\u201d, edi\u0163ia a XV-a,cu cele 2 sec\u0163iuni: de interpretare \u015fi compozi\u0163ie-muzicologie(edi\u0163ia I-a).<\/p>\n<p>\u00centre 21 \u2013 26 iunie 2011 a avut loc, la sala de concerte ARCUB, cea de a XV-a edi\u0163ie a\u00a0Concursului Interna\u0163ional \u201cPRO PIANO-ROM\u00c2NIA\u201d. Au participat 101 tineri muzicieni, la cele 2 sec\u0163iuni.<\/p>\n<p>\u2666\u00a0\u00a0\u00a0PROIECTE in PARTENERIAT:<\/p>\n<p>1. Concursul na\u0163ional de interpretare a muzicii rom\u00e2ne\u015fti \u201cBrave claviaturi\u201d\u00a0\u2013 edi\u0163ia a IV-a, 26 martie 2011.\u00a0Parteneri: Uniunea Compozitorilor \u0219i muzicologilor din Rom\u00e2nia, Editura Muzical\u0103, Muzeul Na\u021bional \u201dGeorge Enescu\u201d, Asocia\u021bia Cultural\u0103 \u201dHARISME\u201d \u0219i Funda\u021bia Cultural\u0103 \u201dPRO PIANO-ROM\u00c2NIA\u201d.<\/p>\n<p>2.\u00a0 Pia\u0163a Festivalului Interna\u0163ional \u201cGeorge Enescu\u201d(vezi linkul de sus):<\/p>\n<p>\u00cen perioada\u00a0<strong>2 \u2013 18 septembrie<\/strong>, \u00een\u00a0<strong>Pia\u0163a Festivalului \u201cGeorge Enescu\u201d<\/strong>\u00a0vor avea loc concerte, recitaluri de pian, vioar\u0103, sufl\u0103tori, concerte camerale, cu acces liber pentru to\u0163i iubitorii de muzic\u0103 ai ora\u015fului.\u00a0<strong>Invita\u0163i:<\/strong>\u00a0Filarmonica Oltenia din Craiova; Orchestra SinfoniaBucure\u015fti, dirijor: Florin Totan; Trio Strad: Alexandru Tomescu (vioar\u0103), R\u0103zvan Suma (violoncel), Toma Popovici(pian); Orchestra Filarmonicii Banatul din Timi\u015foara, dirijor: Radu Popa,solist: Zoli Toth; Big Bandul Radio, dirijor: Ionel Tudor; Recital Liviu<br \/>\nPrunaru (vioar\u0103), Valentina Svyatlovska (vioar\u0103), Horia Mihail (pian);Stringasong: Berti Barbera, Nicu Patoi \u015fi Sangam String Quartet; OrchestraNa\u0163ional\u0103 Radio, dirijor: Tiberiu Soare.<\/p>\n<p><strong>Programul a fost realizat de ArCuB, cu sprijinul:<\/strong><br \/>\nInspectoratul \u015ecolar al Municipiului Bucure\u015fti<br \/>\nFunda\u0163ia FAMart<br \/>\n<strong>Funda\u0163ia Cultural\u0103 \u201dPro Piano-Rom\u00e2nia\u201d<\/strong><br \/>\nFunda\u0163ia Remember Enescu<br \/>\nRadio Romania Muzical<br \/>\nRadio Romania Cultural<br \/>\nTVR Cultural<br \/>\nCentrul Cultural Local \u201eIon Vinea\u201d Giurgiu<br \/>\nConsiliul Jude\u0163ean Ilfov<br \/>\nMusic Camp International<\/p>\n<p><strong>3. Continuarea recitalelor din seria\u00a0<em>\u201dStudioul tinerilor piani\u0219ti\u201d<\/em>(\u00een loca\u021bii\u00a0 particulare).<\/strong><\/p>\n<\/div>\n","protected":false},"excerpt":{"rendered":"<p>Proiectele anului\u00a02011 \u2666 Festivalul \u201cPrietenii Muzicii\u201d \u2013 filiala Cluj-Napoca, editia a IV-a: Intre\u00a025-27 februarie 2011 a avut loc, la Muzeul de Arta al Transilvaniei din Cluj-Napoca,\u00a0 editia a IV-a a\u00a0Festivalului \u201cPrietenii Muzicii-PRO PIANO-ROMANIA\u201d\/ filiala Cluj \u2013 Napoca.\u00a0Au participat 215 tineri piani\u0219ti cu v\u00e2rste cuprinse \u00eentre 5-18 ani, din Cluj-Napoca, Bistri\u021ba, Baia Mare, Zal\u0103u, Sighetul-Marma\u021biei, Gherla, [&hellip;]<\/p>\n","protected":false},"author":1,"featured_media":0,"parent":0,"menu_order":0,"comment_status":"open","ping_status":"open","template":"","meta":{"footnotes":""},"class_list":["post-969","page","type-page","status-publish","hentry"],"_links":{"self":[{"href":"https:\/\/www.propiano.org\/romanian\/wp-json\/wp\/v2\/pages\/969","targetHints":{"allow":["GET"]}}],"collection":[{"href":"https:\/\/www.propiano.org\/romanian\/wp-json\/wp\/v2\/pages"}],"about":[{"href":"https:\/\/www.propiano.org\/romanian\/wp-json\/wp\/v2\/types\/page"}],"author":[{"embeddable":true,"href":"https:\/\/www.propiano.org\/romanian\/wp-json\/wp\/v2\/users\/1"}],"replies":[{"embeddable":true,"href":"https:\/\/www.propiano.org\/romanian\/wp-json\/wp\/v2\/comments?post=969"}],"version-history":[{"count":2,"href":"https:\/\/www.propiano.org\/romanian\/wp-json\/wp\/v2\/pages\/969\/revisions"}],"predecessor-version":[{"id":1125,"href":"https:\/\/www.propiano.org\/romanian\/wp-json\/wp\/v2\/pages\/969\/revisions\/1125"}],"wp:attachment":[{"href":"https:\/\/www.propiano.org\/romanian\/wp-json\/wp\/v2\/media?parent=969"}],"curies":[{"name":"wp","href":"https:\/\/api.w.org\/{rel}","templated":true}]}}