{"id":9659,"date":"2024-01-02T08:33:24","date_gmt":"2024-01-02T08:33:24","guid":{"rendered":"https:\/\/www.propiano.org\/romanian\/?page_id=9659"},"modified":"2024-09-25T21:30:22","modified_gmt":"2024-09-25T21:30:22","slug":"regulament-2024-2","status":"publish","type":"page","link":"https:\/\/www.propiano.org\/romanian\/regulament-2024-2\/","title":{"rendered":"Regulament MR 2024"},"content":{"rendered":"\n<p><\/p>\n\n\n\n<p><\/p>\n\n\n\n<div data-wp-interactive=\"core\/file\" class=\"wp-block-file\"><object data-wp-bind--hidden=\"!state.hasPdfPreview\" hidden class=\"wp-block-file__embed\" data=\"https:\/\/www.propiano.org\/romanian\/wp-content\/uploads\/2024\/09\/AFIs-final-Muz-Rom-2024-Word-3.pdf\" type=\"application\/pdf\" style=\"width:100%;height:450px\" aria-label=\"Embed of AFIs-final-Muz-Rom-2024-Word-3.\"><\/object><a id=\"wp-block-file--media-072ca325-0a58-4421-98f8-279bddf3e4c0\" href=\"https:\/\/www.propiano.org\/romanian\/wp-content\/uploads\/2024\/09\/AFIs-final-Muz-Rom-2024-Word-3.pdf\">AFIs-final-Muz-Rom-2024-Word-3<\/a><a href=\"https:\/\/www.propiano.org\/romanian\/wp-content\/uploads\/2024\/09\/AFIs-final-Muz-Rom-2024-Word-3.pdf\" class=\"wp-block-file__button wp-element-button\" download aria-describedby=\"wp-block-file--media-072ca325-0a58-4421-98f8-279bddf3e4c0\">Download<\/a><\/div>\n\n\n\n<p><\/p>\n\n\n\n<p><\/p>\n\n\n\n<blockquote class=\"wp-block-quote is-layout-flow wp-block-quote-is-layout-flow\">\n<h2 class=\"wp-block-heading has-text-align-center\"><strong>REGULAMENTUL CONCURSULUI NATIONAL<\/strong><\/h2>\n\n\n\n<h2 class=\"wp-block-heading has-text-align-center\"><strong>\u201dMUZICA ROMANEASCA pentru PIAN\u201d, editia a VII-a, 24.11.2024<\/strong><\/h2>\n\n\n\n<h2 class=\"wp-block-heading has-text-align-center\"><\/h2>\n<\/blockquote>\n\n\n\n<h3 class=\"wp-block-heading\"><strong>I. <\/strong><strong style=\"font-weight: bold; text-decoration-line: underline;\">DESPRE CONCURSUL<\/strong> \u201dMUZICA ROMANEASCA pentru PIAN, editia a VII-a: este o editie<strong>&nbsp;<\/strong>ONLINE(cu inregistrari).<\/h3>\n\n\n\n<p><\/p>\n\n\n\n<p><\/p>\n\n\n\n<h3 class=\"wp-block-heading\"><strong>II. REPERTORIUL&nbsp;<\/strong>va cuprinde&nbsp;una sau doua piese: fie ambele romanesti, fie o piesa romaneasca&nbsp;si daca se doreste a doua piesa, poate fi orice piesa din repertoriul universal, \u00een limita minutajelor de mai jos. \u00cen cazuri speciale(daca piesa este mai lunga), se poate depasi minutajul alocat.<\/h3>\n\n\n\n<p><\/p>\n\n\n\n<p><\/p>\n\n\n\n<h3 class=\"wp-block-heading\"><strong>III. SECTIUNILE si CATEGORIILE:<\/strong><\/h3>\n\n\n\n<h3 class=\"wp-block-heading\"><strong>&nbsp;Sunt 3 sectiuni&nbsp;si 15 categorii de varsta:<\/strong><\/h3>\n\n\n\n<p><strong>A &#8211; profesionisti<\/strong>(elevi ai scolilor si liceelor de muzica)<strong>&nbsp;<\/strong><\/p>\n\n\n\n<p><strong>B \u2013 amatori<\/strong>(pian complementar, cluburi, Palate ale copiilor sau din sistem particular)<\/p>\n\n\n\n<p><strong>&nbsp;C \u2013 4 m\u00e2ini (<\/strong>pe un pian)<\/p>\n\n\n\n<p><strong>Categori<\/strong><strong>ile<\/strong><strong>&nbsp;si <\/strong><strong>m<\/strong><strong>inutajul&nbsp;:&nbsp;<\/strong>Sectiunile &nbsp;A \u0219i B cuprind <strong><u><strong>15 categorii de varsta<\/strong><\/u><\/strong><strong>(<\/strong>\u00een functie de anul nasterii), iar <strong><u><strong>minutajul<\/strong><\/u><\/strong><strong>&nbsp;<\/strong>este diferit, dupa cum urmeaza: :<\/p>\n\n\n\n<p>cat.<strong>&nbsp;0<\/strong>&nbsp;&nbsp;&nbsp; \u2013&nbsp;&nbsp;&nbsp; 2019&nbsp;&#8211; 5\u2019&nbsp;&nbsp;&nbsp;<\/p>\n\n\n\n<p>cat.&nbsp;<strong>1-a<\/strong>&nbsp;&nbsp;\u2013&nbsp;&nbsp; 2018&nbsp;&#8211; 5\u2019<\/p>\n\n\n\n<p>Cat. a 2-a &#8211; 2017 &#8211; 5\u2019<\/p>\n\n\n\n<p>cat.&nbsp;<strong>a 3-a<\/strong>&nbsp;\u2013 2016&nbsp;&nbsp;&#8211; 7\u2019<\/p>\n\n\n\n<p>cat.&nbsp;<strong>a 4-a<\/strong>&nbsp;\u2013 2015&nbsp;&nbsp;&#8211; 7\u2019<\/p>\n\n\n\n<p>cat.&nbsp;<strong>a 5-a<\/strong>&nbsp;\u2013 2014&nbsp;&nbsp;&nbsp;&#8211; 7\u2019<\/p>\n\n\n\n<p>cat.&nbsp;<strong>a 6-a<\/strong>&nbsp;\u2013 2013&nbsp;&nbsp;&#8211; 10\u2019<\/p>\n\n\n\n<p>cat.&nbsp;<strong>a 7-a<\/strong>&nbsp;\u2013 2012&nbsp;&nbsp;&#8211; 10\u2019<\/p>\n\n\n\n<p>cat.&nbsp;<strong>a 8-a<\/strong>&nbsp;\u2013 2011&nbsp;&nbsp;&#8211; 10\u2019<\/p>\n\n\n\n<p>cat.&nbsp;<strong>a 9-a<\/strong>&nbsp;\u2013 2010&nbsp;&nbsp;&#8211; 10\u2019<\/p>\n\n\n\n<p>cat.&nbsp;<strong>a 10-a<\/strong>\u20132009&nbsp;&nbsp;&#8211; 15\u2019&nbsp;&nbsp;<\/p>\n\n\n\n<p>cat.&nbsp;<strong>a 11-a<\/strong>\u20132008&nbsp;&nbsp;&#8211; 15\u2019<\/p>\n\n\n\n<p>cat.&nbsp;<strong>a 12-a<\/strong>\u20132007&nbsp;&nbsp;&nbsp;&#8211; 20\u2019<\/p>\n\n\n\n<p>cat.&nbsp;<strong>a 13-a<\/strong>\u20132006&nbsp;&nbsp;&#8211; 20\u2019<\/p>\n\n\n\n<p>cat.&nbsp;<strong>a 14-a<\/strong>&nbsp;-2005, 2004 &#8211; 20\u2019<strong>&nbsp;<\/strong><\/p>\n\n\n\n<h4 class=\"wp-block-heading\">Piesele vor fi interpretate obligatoriu din memorie(fara partitura), cu exceptia celor de la categoria C(4 m\u00e2ini), unde se accepta partitura.&nbsp;<\/h4>\n\n\n\n<p><\/p>\n\n\n\n<p><\/p>\n\n\n\n<h3 class=\"wp-block-heading\"><strong>IV. <u><strong>INSCRIEREA<\/strong><\/u>&nbsp;&nbsp;se va face&nbsp;numai online, pana \u00een data de 19&nbsp;noiembrie&nbsp;2024(ora 24), pe adresa : <\/strong><a href=\"mailto:propiano@gmail.com\"><strong><u><strong>propiano@gmail.com<\/strong><\/u><\/strong><\/a><strong>&nbsp;<\/strong>prin trimiterea&nbsp;urmatoarelor trei documente:<\/h3>\n\n\n\n<h3 class=\"wp-block-heading\"><strong>1. <\/strong><strong><u><strong>Formular<\/strong><\/u><\/strong><strong><u><strong>ul<\/strong><\/u><\/strong><strong><u><strong>&nbsp;de inscriere<\/strong><\/u><\/strong><strong>, <\/strong>care&nbsp;&nbsp;va fi completat cu toate datele cerute.&nbsp;Atentie: numele se va scrie &nbsp;cu diacritice(\u0103.\u00e2, \u00ee, \u0219, etc), pentru scrierea corecta a diplomelor.<\/h3>\n\n\n\n<h3 class=\"wp-block-heading\"><strong>2. <\/strong><strong><u><strong>Chitanta de donatie<\/strong><\/u><\/strong><strong><u><strong>: <\/strong><\/u><\/strong><strong>Donatia <\/strong><strong>generala <\/strong><strong>de inscriere(<\/strong><em>inclusiv pentru participarea la cele 2 GALE<\/em><strong>)<\/strong>&nbsp;este de&nbsp;<strong>200<\/strong>&nbsp;lei. Pentru sectiunea C &#8211; 4 maini, va fi tot de 220 total(cate 110 de participant)&nbsp;si se vor trimite in contul Fundatiei Culturale \u201dPRO PIANO-ROMANIA&nbsp;\u201d deschis la BCR sector 3 Bucuresti, Cod IBAN: RO85RNCB0074029228740001\/C.U.I. 9099960, cu specificarea <strong>obligatorie(<\/strong>&nbsp;pe ordinul de plat\u0103) a dou\u0103 elemente: <strong>Donatie<\/strong>&nbsp;plus&nbsp;<strong>numele participantului<\/strong>(nu a depunatorului).&nbsp;Confirmarea \u00eenscrierii se va face imediat sau cel mult dup\u0103 2 zile. Dac\u0103 nu ati primit confirmarea, inseamn\u0103 ca \u00eenscrierea nu s-a primit. In acest caz,dar numai dup\u0103 2 zile de la trimitere, \u00eentreba\u021bi telefonic(la nr. 0722 382 626).<\/h3>\n\n\n\n<h3 class=\"wp-block-heading\"><strong>3. <\/strong><strong><u><strong>Link-ul inregistrarii<\/strong><\/u><\/strong><strong>&nbsp;repertoriului<\/strong><strong>: <\/strong>se va trimite&nbsp;numai link-ul&nbsp;rezultat prin punerea inregistrarii pe youtube-ul personal, cu optiunea PUBLIC, care va fi mentinuta pe tot parcursul concursului!<\/h3>\n\n\n\n<h4 class=\"wp-block-heading\"><strong>Informatii tehnice&nbsp;pentru realizarea inregistrarilor: <\/strong>Link-ul videoclipului(al filmului cu inregistrarea repertoriului ) va fi incarcat&nbsp;in contul You Tube personal (cu optiunea PUBLIC). Filmarea sa se faca obligatoriu cu telefonul pe orizontala, pozitionat in spatele interpretului \u2013 dreapta, pus pe un stativ(pentru a nu se misca), iar \u00een filmare sa se vada (pe cat posibil) corpul intreg al interpretului si pianul(pedalele). Pe filmare, se va mentiona obligatoriu numele si prenumele interpretului si repertoriul(neaparat cu diacritice(\u0103.\u00e2, \u00ee, \u0219, etc). Deci, in email-ul de inscriere se va trimite numai Link-ul&nbsp;rezultat din postarea filmului &nbsp;pe youtube-ul personal.<\/h4>\n\n\n\n<p><\/p>\n\n\n\n<p><\/p>\n\n\n\n<h3 class=\"wp-block-heading\"><strong>&nbsp;<\/strong><strong><\/strong><\/h3>\n\n\n\n<h3 class=\"wp-block-heading\"><strong>V. PREMIILE:<\/strong>&nbsp;se vor acorda urmatoarele premii&nbsp;:&nbsp;Premii I, II, III, Mentiuni, Diplome de&nbsp;Participare(pentru cei care nu se califica la unul din premii), precum \u0219i&nbsp;Marele Premiu&nbsp;al categoriei sau sectiunii si alte Premii Speciale&nbsp;(Premii de Excelenta, premii pentru tehnica, interpretare,&nbsp;muzicalitate, prezenta scenica, etc). Deciziile juriului nu pot fi contestate.&nbsp;Cei mai buni participanti vor fi programati ulterior, pe parcursul anului 2025, \u00een recitalurile Fundatiei \u201dPRO PIANO-ROMANIA\u201d.<\/h3>\n\n\n\n<p><\/p>\n\n\n\n<p><\/p>\n\n\n\n<h3 class=\"wp-block-heading\"><strong>VI. DIPLOMELE: &nbsp;<\/strong>Diplomele&nbsp;se vor trimite ulterior, online, pe adresa de e-mail a profesorului&nbsp;(pana cel tarziu in&nbsp;data de 28 noiembrie&nbsp;2024).<\/h3>\n\n\n\n<p><\/p>\n\n\n\n<p><\/p>\n\n\n\n<h3 class=\"wp-block-heading\"><strong>VII. &nbsp;GALELE&nbsp;CONCURSULUI&nbsp;se vor desfasura cu participarea fizica in ambele locatii<\/strong>&nbsp;si vor avea loc astfel: \u00een zilele de: <strong><u><strong>30 noiembrie, 2024, ora 11,00<\/strong><\/u>, la Casa Memoriala \u201dGeorge Enescu\u201d din Sinaia&nbsp;<\/strong>\u0219i <strong><u><strong>1 decembrie, 2024, ora 11,00<\/strong><\/u>&nbsp;la Centrul Cultural \u201dAurel Stroe &nbsp;din Busteni<\/strong>. Cine va participa? Poate&nbsp;participa orice concurent inscris la concurs (indiferent de premiul obtinut in concurs), cu conditia s\u0103&nbsp;confirme in scris&nbsp;prezen\u021ba&nbsp;(de la inceput, chiar pe formularul de inscriere, in ultima rubrica), \u00een ce locatie doreste: sau Sinaia, sau Busteni, sau in ambele loca\u021bii. Totodata, in aceeasi rubric\u0103, se va men\u021biona si repertoriul dorit (una sau ambele piese din concurs), cu minutajele respective. <\/h3>\n\n\n\n<h3 class=\"wp-block-heading\"><strong>Cele mai bune interpretari se vor pune pe youtube-ul Muzeului National \u201dGeorge Enescu\u201d si al Fundatiei!<\/strong><strong><\/strong><\/h3>\n\n\n\n<p>Transportul, cazarea, etc, revin in exclusivitate participantilor!&nbsp;Rezervati cazarea din timp, deoarece, deobicei este o perioad\u0103 aglomerat\u0103 la munte. &nbsp;<\/p>\n\n\n\n<h3 class=\"wp-block-heading\"><strong>&nbsp;<\/strong><strong><\/strong><\/h3>\n\n\n\n<h3 class=\"wp-block-heading\"><strong>VIII. INFORMATII SUPLIMENTARE&nbsp;<\/strong>se pot&nbsp;lua de la Fundatia Culturala \u201ePRO PIANO-ROMANIA\u201d \u2013 prof. Stela Avesalon, Tel&nbsp;: &nbsp;0722 382 626 (\u00een afara orelor 14-17).&nbsp;Orice&nbsp;completare sau&nbsp;modificare&nbsp;ulterioara, se va face&nbsp;numai in scris, prin&nbsp;<strong><u><strong>SMS&nbsp;<\/strong><\/u><\/strong>sau&nbsp;<strong><u><strong>e-mai<\/strong><\/u><\/strong>l: <a href=\"mailto:propiano@gmail.com\"><u>propiano@gmail.com<\/u><\/a>&nbsp;(nu la telefon).<\/h3>\n\n\n\n<p><\/p>\n","protected":false},"excerpt":{"rendered":"<p>REGULAMENTUL CONCURSULUI NATIONAL \u201dMUZICA ROMANEASCA pentru PIAN\u201d, editia a VII-a, 24.11.2024 I. DESPRE CONCURSUL \u201dMUZICA ROMANEASCA pentru PIAN, editia a VII-a: este o editie&nbsp;ONLINE(cu inregistrari). II. REPERTORIUL&nbsp;va cuprinde&nbsp;una sau doua piese: fie ambele romanesti, fie o piesa romaneasca&nbsp;si daca se doreste a doua piesa, poate fi orice piesa din repertoriul universal, \u00een limita minutajelor de [&hellip;]<\/p>\n","protected":false},"author":1,"featured_media":0,"parent":0,"menu_order":0,"comment_status":"closed","ping_status":"closed","template":"","meta":{"footnotes":""},"class_list":["post-9659","page","type-page","status-publish","hentry"],"_links":{"self":[{"href":"https:\/\/www.propiano.org\/romanian\/wp-json\/wp\/v2\/pages\/9659","targetHints":{"allow":["GET"]}}],"collection":[{"href":"https:\/\/www.propiano.org\/romanian\/wp-json\/wp\/v2\/pages"}],"about":[{"href":"https:\/\/www.propiano.org\/romanian\/wp-json\/wp\/v2\/types\/page"}],"author":[{"embeddable":true,"href":"https:\/\/www.propiano.org\/romanian\/wp-json\/wp\/v2\/users\/1"}],"replies":[{"embeddable":true,"href":"https:\/\/www.propiano.org\/romanian\/wp-json\/wp\/v2\/comments?post=9659"}],"version-history":[{"count":16,"href":"https:\/\/www.propiano.org\/romanian\/wp-json\/wp\/v2\/pages\/9659\/revisions"}],"predecessor-version":[{"id":10206,"href":"https:\/\/www.propiano.org\/romanian\/wp-json\/wp\/v2\/pages\/9659\/revisions\/10206"}],"wp:attachment":[{"href":"https:\/\/www.propiano.org\/romanian\/wp-json\/wp\/v2\/media?parent=9659"}],"curies":[{"name":"wp","href":"https:\/\/api.w.org\/{rel}","templated":true}]}}