{"id":9655,"date":"2024-01-02T08:27:27","date_gmt":"2024-01-02T08:27:27","guid":{"rendered":"https:\/\/www.propiano.org\/romanian\/?page_id=9655"},"modified":"2024-06-16T18:53:37","modified_gmt":"2024-06-16T18:53:37","slug":"regulament-2024","status":"publish","type":"page","link":"https:\/\/www.propiano.org\/romanian\/regulament-2024\/","title":{"rendered":"Regulament 2024"},"content":{"rendered":"\n<p><\/p>\n\n\n\n<p><\/p>\n\n\n\n<h2 class=\"wp-block-heading has-text-align-center\"><\/h2>\n\n\n\n<h2 class=\"wp-block-heading has-text-align-center\"><strong>\u201cPRO PIANO-ROM\u00c2NIA\u201d<\/strong><\/h2>\n\n\n\n<h2 class=\"wp-block-heading has-text-align-center\"><strong>Concurs International de interpretare pianistica ONLINE, editia a XXVIII-a , 20 iunie 2024<\/strong><\/h2>\n\n\n\n<p><\/p>\n\n\n\n<h2 class=\"wp-block-heading has-text-align-center\"><br><\/h2>\n\n\n\n<h2 class=\"wp-block-heading has-text-align-center\"><strong>REGULAMENT<\/strong><\/h2>\n\n\n\n<p><\/p>\n\n\n\n<p>Cea de a&nbsp;XXVIII-a edi\u021bie&nbsp;a Concursului Interna\u021bional \u201cPRO-PIANO-ROM\u00c2NIA\u201d se va desfasura \u00een variant\u0103 online. Vor fi modific\u0103ri (fa\u021b\u0103 de prezentarea fizic\u0103), at\u00e2t ca etape, repertoriu, c\u00e2t \u0219i ca minutaje \u0219i jurizare.<br>Neschimbate vor r\u0103m\u00e2ne at\u00e2t deschiderea na\u021bional\u0103 \u0219i interna\u021bional\u0103 pentru participan\u021bii concursului, precum \u0219i structurarea concursului pe sec\u021biuni \u0219i categorii, \u00een func\u021bie de anul de na\u0219tere.<\/p>\n\n\n\n<p>Concursul Interna\u021bional \u201cPRO-PIANO-ROM\u00c2NIA\u201d este deschis tinerilor piani\u0219ti de orice na\u021bionalitate, n\u0103scu\u021bi dup\u0103 1 ianuarie 1994, din \u00eenv\u0103\u021b\u0103m\u00e2ntul voca\u021bional de stat sau din privat, \u0219i se desf\u0103\u0219oar\u0103 \u00een 4 sec\u021biuni(\u00een func\u021bie de anul de na\u0219tere al concuren\u021bilor): A(cu 4 categorii),&nbsp;B(cu 8 categorii), C \u0219i D(4 m\u00e2ini)<\/p>\n\n\n\n<p><\/p>\n\n\n\n<h3 class=\"wp-block-heading\"><strong>I. SECTIUNILE si CATEGORIILE sunt in functie de anul nasterii (fiecare categorie corespunde unui singur an de nastere) :<\/strong><br><\/h3>\n\n\n\n<p><strong>SECTIUNEA&nbsp; A<\/strong>&nbsp; \u2013 <strong>4 categorii:<\/strong> nascuti \u00eentre anii 2017\u2013 2014<br><strong>Repertoriu: trei piese<\/strong> ( poate fi si un studiu cu dou\u0103 piese, sau 3 piese diferite ).<br><strong>Categoria A1<\/strong> \u2013 pentru cei n\u0103scu\u021bi \u00een anul <strong>2017<\/strong>(\u0219i dup\u0103) \u2013 minutaj maxim: 10\u2019<br><strong>Categoria&nbsp;A2<\/strong> \u2013 <strong>2016<\/strong><br><strong>Categoria&nbsp;A3 \u2013 2015<\/strong>\u2013 Minutaj: 12\u2019<br><strong>Categoria&nbsp;A4<\/strong> \u2013 <strong>2014<\/strong><\/p>\n\n\n\n<p><strong>SECTIUNEA&nbsp; B&nbsp;<\/strong>\u2013<strong> 8 categorii<\/strong> \u2013 nascuti \u00een anii 2013 \u2013 2005<br><strong>Repertoriu:<\/strong> <strong>un studiu \u0219i dou\u0103 piese.<\/strong><br><strong>Categoria&nbsp;B1 \u2013 2013<\/strong>&nbsp; \u2013 minutaj maxim:15\u2032 -20\u2032<br><strong>Categoria&nbsp;B2 \u2013 2012<br>Categoria&nbsp;B3 \u2013 2011<br>Categoria&nbsp;B4 \u2013 2010<br>Categoria&nbsp;B5 \u2013 2009<\/strong>&nbsp;\u2013 minutaj maxim: 25\u2019<br><strong>Categoria&nbsp;B6 \u2013 2008<br>Categoria&nbsp;B7 \u2013 2007<\/strong>&nbsp;\u2013 minutaj maxim: 30\u2019<br><strong>Categoria&nbsp;B8 \u2013 2006 \u2013 2005<\/strong><\/p>\n\n\n\n<p><strong>SECTIUNEA&nbsp; C<\/strong>&nbsp;\u2013 nascuti dupa 1994 \u2013 minutaj maxim 35\u2032 &#8211; 45\u2032<br>Repertoriul va contine piese care sa se incadreze in minutajul de mai sus(pot fi si studii). <\/p>\n\n\n\n<p><\/p>\n\n\n\n<p><strong>SECTIUNEA\u00a0 D(ansamblu la 4 maini pe un pian) <\/strong>&#8211; sunt admise de la una la mai multe piese.  Totodata se  admit inregistrari si de la ansambluri la doua sau mai multe piane. <\/p>\n\n\n\n<p><\/p>\n\n\n\n<p><\/p>\n\n\n\n<h3 class=\"wp-block-heading\"><strong>II. REPERTORIUL<\/strong><\/h3>\n\n\n\n<p><br>Pentru <strong>sec\u021biunile A \u0219i B<\/strong> sunt necesare trei lucrari un studiu si doua piese, cu minutajele anun\u021bate mai sus. <\/p>\n\n\n\n<p><strong>Pentru sec\u021biunea C <\/strong>&#8211; piese care sa se incadreze in minutajele afisate. <\/p>\n\n\n\n<p><strong>Pentru sectiunea D<\/strong>(4 m\u00e2ini) sunt admise de la una la mai multe piese.<br><\/p>\n\n\n\n<p><\/p>\n\n\n\n<p><\/p>\n\n\n\n<h3 class=\"wp-block-heading\"><strong>III. \u00ceNSCRIEREA<\/strong><\/h3>\n\n\n\n<p><br>Pentru \u00eenscriere se vor trimite urm\u0103toarele <strong>3 documente<\/strong>(toate odata, nu in mailuri diferite), p\u00e2n\u0103 la data de <strong>16 iunie <\/strong>(inclusiv), pe adresa de e-mail: <strong>propiano@gmail.co<\/strong>m :<br><strong>1.Formularul de \u00censcriere (\u00een Excel)<\/strong>, completate cu toate informa\u021biile solicitate. Pentru sec\u021biunea D(4 m\u00e2ini) numele ambilor parteneri se vor scrie pe un singur formular (cu datele respective) . Formularul este postat pe Site, dup\u0103 Regulament.<br><strong>2.Dovada achit\u0103rii dona\u021biei de participare<\/strong> ( pentru sec\u021biunea A&nbsp;\u0219i D \u2013 200 lei, pentru sec\u021biunea B \u2013 225 lei,&nbsp; pentru sec\u021biunea C \u2013 250 lei), se va achita numai prin virament bancar( nu mandat postal) \u00een contul Fundatiei Pro Piano, deschis la BCR sector 3, Bucure\u0219ti, Cod IBAN: RO85RNCB0074029228740001, CUI 9099960. Pe ordinul de plat\u0103 se vor men\u021biona obligatoriu dou\u0103 lucruri: NUMELE PARTICIPANTULUI \u0219i Concurs PRO PIANO<br><strong>3.Link-ul videoclipului cu filmarea repertoriului<\/strong> participantului va fi \u00eenc\u0103rcat, dup\u0103 filmare, \u00een contul You Tube personal cu optiunea PUBLIC(altfel nu pot fi vizionate de juriu). <\/p>\n\n\n\n<p>Imprimarile se vor pune toate in Formularul de inscriere si ele se pot face<strong> ori <\/strong>toate piesele intr-un singur link(toate cele3 piese filmate odat\u0103), ori in  link-uri separate(cate un link pentru fiecare pies\u0103 filmata separat), dar toate se vor pune in Formularul de inscriere. Se va mentiona obligatoriu <strong>\u0219i pe film si in formular<\/strong> <strong>at\u00e2t<\/strong>  numele \u0219i prenumele&nbsp;interpretului(neap\u0103rat cu diacritice, pentru scrierea diplomelor \u0219i subtitrarea videoclipului), <strong>c\u00e2t \u0219i <\/strong>numele compozitorului si titlul piesei.<\/p>\n\n\n\n<p><strong>Informatii tehnice pentru filmare<\/strong>: filmarea s\u0103 se fac\u0103 cu telefonul pe orizontal\u0103, pus pe un stativ(pentru a nu se mi\u0219ca) pozi\u021bionat \u00een dreapta interpretului, \u00een a\u0219a fel ca s\u0103 se vad\u0103 corpul \u00eentreg al interpretului si pianul.<br>Apoi, dup\u0103 ce se filmeaza cu telefonul(sau alt aparat) se pune filmul pe contul personal de You Tube(cu optiunea PUBLIC), iar <strong>link-ul rezultat&nbsp;<\/strong>il puneti in formular, in rubricile speciale de la sfarsitul formularului, \u00eempreuna cu numele compozitorului si titlul piesei interpretate.<\/p>\n\n\n\n<p><strong>Confirmarea primirii documentelor<\/strong> o vom trimite tot pe mail. Daca nu primiti confirmarea in dou\u0103 zile, va rog sa ne semnalati (inseamna ca nu am primit documentele).<\/p>\n\n\n\n<p><strong>Lista concurentilor<\/strong> inscrisi va fi postata pe Site-ul Fundatiei <strong>marti 18 iunie<\/strong> 2024, in link-ul Programari(al treilea dupa Regulament si Formular)<\/p>\n\n\n\n<p><\/p>\n\n\n\n<p><\/p>\n\n\n\n<h3 class=\"wp-block-heading\"><strong>IV. PREMIILE :<\/strong><\/h3>\n\n\n\n<ul class=\"wp-block-list\">\n<li>C\u00e2te 5 premii la fiecare categorie : I, II, III, IV, V, \/  Premii I de Excelen\u021b\u0103<\/li>\n<\/ul>\n\n\n\n<p><strong>Premii Speciale <\/strong>: <\/p>\n\n\n\n<ul class=\"wp-block-list\">\n<li><strong>TROFEUL <\/strong>( <strong>MARELE PREMIU<\/strong>) al Concursului International \u201ePRO PIANO-ROMANIA<\/li>\n\n\n\n<li><strong>Premiul \u201dGeorgeta Sandu\u201d<\/strong> &#8211; oferit de dl. Prof. Univ. Dr. Constantin Sandu din Porto\/Portugalia <\/li>\n\n\n\n<li><strong>Diferite Premii Speciale<\/strong> pentru interpretare, muzicalitate, realizare tehnic\u0103, sensibilitate, virtuozitate sau pentru cea mai bun\u0103 interpretare numai a unei anumite piese din repertoriu, etc.<\/li>\n\n\n\n<li>laurea\u021bii pot fi <strong>programa\u021bi(la cerere) in recitaluri<\/strong> organizate de Fundatie, pe parcursul anilor 2024 \u2013 2025.<\/li>\n<\/ul>\n\n\n\n<p><\/p>\n\n\n\n<h5 class=\"wp-block-heading\"><strong>Rezultatele(premiile) se vor afisa joi 20 iunie(seara) 2024, tot in link-ul PROGRAMARI.<br>Diplomele vor fi trimise online, pe e-mail-ul profesorului pt fiecare elev al sau, in decurs de o saptamana dupa anuntarea rezultatelor.<\/strong><\/h5>\n\n\n\n<p><\/p>\n\n\n\n<p><\/p>\n\n\n\n<h3 class=\"wp-block-heading\"><strong>V. JURIUL<\/strong><\/h3>\n\n\n\n<p><br>J<strong>uriul Concursului este format din personalit\u0103\u021biale vie\u021bii muzicale rom\u00e2ne\u0219ti \u0219i interna\u021bionale:<\/strong><br><strong>* Stela Avesalon <\/strong>\u2013 Profesor, Pre\u0219edinte \u2013 Funda\u021bia Cultural\u0103 \u201ePRO PIANO-ROMANIA\u201d, Bucuresti<br><strong>* Monica Noveanu<\/strong> \u2013 Profesor Dr. Colegiul de Muzica \u201dSigismund Todu\u021b\u0103\u201d \u2013 Cluj-Napoca<br><strong>* Cristina Ralea<\/strong> \u2013 Profesor, \u0218ef catedr\u0103 Pian, la Colegiul Na\u021bional de Muzic\u0103 \u201dGeorge Enescu\u201d Bucure\u0219ti<br><strong>* Vlad Dimulescu<\/strong> \u2013Profesor Universitar Dr, \u0218ef de Departament UNMB, Bucure\u0219ti<br><strong>* Constantin Sandu<\/strong> \u2013 Profesor Universitar Dr, \u0218ef de catedr\u0103 Pian, la \u0218coala Superioar\u0103 de Muzic\u0103 \u0219i Artele Spectacolului din Porto-Portugalia<\/p>\n\n\n\n<p><br>Hot\u0103r\u00e2rile juriului sunt definitive \u0219i inatacabile. Din momentul \u00eenscrierii la concurs, candida\u021bii accept\u0103 prezentul regulament \u0219i auroritatea juriului.<br>Pentru eventualele \u00eenregistr\u0103ri audio-video concuren\u021bii nu vor putea solicita onorariu.<\/p>\n\n\n\n<p><strong>Informa\u021bii suplimentare <\/strong>se pot ob\u021bine prin:<br>Tel\/mobil : 0722.38.26.26 (\u00een afara orelor 14-17)<br>E-mail : propiano@gmail.com<br>Web page: www.propiano.org<\/p>\n","protected":false},"excerpt":{"rendered":"<p>\u201cPRO PIANO-ROM\u00c2NIA\u201d Concurs International de interpretare pianistica ONLINE, editia a XXVIII-a , 20 iunie 2024 REGULAMENT Cea de a&nbsp;XXVIII-a edi\u021bie&nbsp;a Concursului Interna\u021bional \u201cPRO-PIANO-ROM\u00c2NIA\u201d se va desfasura \u00een variant\u0103 online. Vor fi modific\u0103ri (fa\u021b\u0103 de prezentarea fizic\u0103), at\u00e2t ca etape, repertoriu, c\u00e2t \u0219i ca minutaje \u0219i jurizare.Neschimbate vor r\u0103m\u00e2ne at\u00e2t deschiderea na\u021bional\u0103 \u0219i interna\u021bional\u0103 pentru participan\u021bii [&hellip;]<\/p>\n","protected":false},"author":1,"featured_media":0,"parent":0,"menu_order":0,"comment_status":"closed","ping_status":"closed","template":"","meta":{"footnotes":""},"class_list":["post-9655","page","type-page","status-publish","hentry"],"_links":{"self":[{"href":"https:\/\/www.propiano.org\/romanian\/wp-json\/wp\/v2\/pages\/9655","targetHints":{"allow":["GET"]}}],"collection":[{"href":"https:\/\/www.propiano.org\/romanian\/wp-json\/wp\/v2\/pages"}],"about":[{"href":"https:\/\/www.propiano.org\/romanian\/wp-json\/wp\/v2\/types\/page"}],"author":[{"embeddable":true,"href":"https:\/\/www.propiano.org\/romanian\/wp-json\/wp\/v2\/users\/1"}],"replies":[{"embeddable":true,"href":"https:\/\/www.propiano.org\/romanian\/wp-json\/wp\/v2\/comments?post=9655"}],"version-history":[{"count":22,"href":"https:\/\/www.propiano.org\/romanian\/wp-json\/wp\/v2\/pages\/9655\/revisions"}],"predecessor-version":[{"id":10095,"href":"https:\/\/www.propiano.org\/romanian\/wp-json\/wp\/v2\/pages\/9655\/revisions\/10095"}],"wp:attachment":[{"href":"https:\/\/www.propiano.org\/romanian\/wp-json\/wp\/v2\/media?parent=9655"}],"curies":[{"name":"wp","href":"https:\/\/api.w.org\/{rel}","templated":true}]}}