{"id":9648,"date":"2024-01-02T08:24:05","date_gmt":"2024-01-02T08:24:05","guid":{"rendered":"https:\/\/www.propiano.org\/romanian\/?page_id=9648"},"modified":"2024-11-24T22:13:58","modified_gmt":"2024-11-24T22:13:58","slug":"programare-2024","status":"publish","type":"page","link":"https:\/\/www.propiano.org\/romanian\/programare-2024\/","title":{"rendered":"Rezultate MR 2024"},"content":{"rendered":"\n<p><\/p>\n\n\n\n<p><\/p>\n\n\n\n<h1 class=\"wp-block-heading has-text-align-center\"><strong>PROGRAMUL GALELOR<\/strong><\/h1>\n\n\n\n<h3 class=\"wp-block-heading has-text-align-center\"> <strong>de la Casa Memoriala \u201dGEORGE ENESCU\u201d din SINAIA &#8211; str. Yehudi Menuhin <\/strong><\/h3>\n\n\n\n<h3 class=\"wp-block-heading has-text-align-center\"><strong>cartier Cump\u0103tu, s\u00e2mb\u0103t\u0103 30 noiembrie, &nbsp;2024 &#8211; ora 11,00 &nbsp;&nbsp;&nbsp;<\/strong><\/h3>\n\n\n\n<h1 class=\"wp-block-heading has-text-align-center\"><strong>SI<\/strong><\/h1>\n\n\n\n<h3 class=\"wp-block-heading has-text-align-center\"><strong>Centrul Cultural \u201dAUREL &nbsp;STROE\u201d din BUSTENI, Bulevardul Libertatii nr. 93<\/strong><\/h3>\n\n\n\n<h3 class=\"wp-block-heading has-text-align-center\"><strong>Duminica 1 decembrie, 2024, ora 11,00<\/strong><\/h3>\n\n\n\n<h1 class=\"wp-block-heading has-text-align-center\"><\/h1>\n\n\n\n<p><\/p>\n\n\n\n<p><\/p>\n\n\n\n<p><\/p>\n\n\n\n<h2 class=\"wp-block-heading has-text-align-center\"><strong>Deschideti link-urile de mai jos<\/strong>:<\/h2>\n\n\n\n<p><\/p>\n\n\n\n<p><\/p>\n\n\n\n<div class=\"wp-block-file\"><a id=\"wp-block-file--media-f10a9b89-effa-4389-ae75-d667bde2a1b5\" href=\"https:\/\/www.propiano.org\/romanian\/wp-content\/uploads\/2024\/11\/Programul-GALEI-de-la-Sinaia-2024-1-dec.docx\"><strong>Programul-GALEI-de-la-Sinaia-2024-1-dec<\/strong><\/a><a href=\"https:\/\/www.propiano.org\/romanian\/wp-content\/uploads\/2024\/11\/Programul-GALEI-de-la-Sinaia-2024-1-dec.docx\" class=\"wp-block-file__button wp-element-button\" download aria-describedby=\"wp-block-file--media-f10a9b89-effa-4389-ae75-d667bde2a1b5\">Download<\/a><\/div>\n\n\n\n<p><\/p>\n\n\n\n<p><\/p>\n\n\n\n<div class=\"wp-block-file\"><a id=\"wp-block-file--media-8d8ec081-1692-4ee9-8287-eecc29f3bd51\" href=\"https:\/\/www.propiano.org\/romanian\/wp-content\/uploads\/2024\/11\/Programul-GALEI-de-la-Busteni-2024-1-dec.docx\"><strong>Programul-GALEI-de-la-Busteni-2024-1-dec<\/strong><\/a><a href=\"https:\/\/www.propiano.org\/romanian\/wp-content\/uploads\/2024\/11\/Programul-GALEI-de-la-Busteni-2024-1-dec.docx\" class=\"wp-block-file__button wp-element-button\" download aria-describedby=\"wp-block-file--media-8d8ec081-1692-4ee9-8287-eecc29f3bd51\">Download<\/a><\/div>\n\n\n\n<p><\/p>\n\n\n\n<p><\/p>\n\n\n\n<p><\/p>\n\n\n\n<p><\/p>\n\n\n<div class=\"wp-block-image\">\n<figure class=\"aligncenter size-large is-resized\"><a href=\"https:\/\/www.propiano.org\/romanian\/wp-content\/uploads\/2024\/11\/1-dec-2024.jpg\"><img loading=\"lazy\" decoding=\"async\" width=\"724\" height=\"1024\" src=\"https:\/\/www.propiano.org\/romanian\/wp-content\/uploads\/2024\/11\/1-dec-2024-724x1024.jpg\" alt=\"\" class=\"wp-image-10243\" style=\"width:327px;height:auto\" srcset=\"https:\/\/www.propiano.org\/romanian\/wp-content\/uploads\/2024\/11\/1-dec-2024-724x1024.jpg 724w, https:\/\/www.propiano.org\/romanian\/wp-content\/uploads\/2024\/11\/1-dec-2024-212x300.jpg 212w, https:\/\/www.propiano.org\/romanian\/wp-content\/uploads\/2024\/11\/1-dec-2024-768x1086.jpg 768w, https:\/\/www.propiano.org\/romanian\/wp-content\/uploads\/2024\/11\/1-dec-2024-1086x1536.jpg 1086w, https:\/\/www.propiano.org\/romanian\/wp-content\/uploads\/2024\/11\/1-dec-2024.jpg 1191w\" sizes=\"auto, (max-width: 724px) 100vw, 724px\" \/><\/a><\/figure>\n<\/div>\n\n\n<p><\/p>\n\n\n\n<p><\/p>\n\n\n\n<h1 class=\"wp-block-heading has-text-align-center\"><\/h1>\n\n\n\n<p><\/p>\n\n\n\n<p><\/p>\n\n\n\n<p><\/p>\n\n\n\n<p><\/p>\n\n\n\n<p><\/p>\n\n\n\n<p><\/p>\n\n\n\n<h1 class=\"wp-block-heading has-text-align-center\"><strong>PREMIILE Concursului \u201dMUZICA ROMANEASCA\u201d,<\/strong><\/h1>\n\n\n\n<h1 class=\"wp-block-heading has-text-align-center\"><strong>editia a VII-a &#8211; ONLINE &#8211; 24.11.2024<\/strong><\/h1>\n\n\n\n<p><\/p>\n\n\n\n<p><\/p>\n\n\n\n<h1 class=\"wp-block-heading has-text-align-center\"><strong>FELICITARI TUTUROR PARTICIPANTILOR!<\/strong><\/h1>\n\n\n\n<p><\/p>\n\n\n\n<p><\/p>\n\n\n\n<h2 class=\"wp-block-heading has-text-align-center\"><strong>JURIUL CONCURSULUI:<\/strong><\/h2>\n\n\n\n<p><\/p>\n\n\n\n<p><\/p>\n\n\n\n<h2 class=\"wp-block-heading\"><strong>PRESEDINTE: <\/strong><\/h2>\n\n\n\n<h3 class=\"wp-block-heading\"><strong>PROF. STELA  AVESALON &#8211; BUCURESTI<\/strong><\/h3>\n\n\n\n<p><\/p>\n\n\n\n<p><\/p>\n\n\n\n<p><\/p>\n\n\n\n<h2 class=\"wp-block-heading\"><strong>MEMBRII  JURIULUI:<\/strong><\/h2>\n\n\n\n<h3 class=\"wp-block-heading\"><strong>PROF. Dr. MONICA NOVEANU &#8211; COLEGIUL de MUZICA \u201dSIGISMUND TODUTA\u201d, CLUJ-NAPOCA<\/strong><\/h3>\n\n\n\n<p><\/p>\n\n\n\n<h3 class=\"wp-block-heading\"><strong>PROF. CRISTINA MARIA RALEA &#8211; COLEGIUL NATIONAL de MUZICA \u201dGEORGE ENESCU\u201d, BUCURESTI<\/strong><\/h3>\n\n\n\n<p><\/p>\n\n\n\n<h3 class=\"wp-block-heading\"><strong>PROF. Dr. RODICA DANCEANU &#8211; COLEGIUL NATIONAL de ARTE \u201dDINU LIPATTI\u201d, BUCURESTI <\/strong><\/h3>\n\n\n\n<p><\/p>\n\n\n\n<h3 class=\"wp-block-heading\"><strong>PROF. Dr. GEORGETA ANETA BACIOIU &#8211; <strong>COLEGIUL NATIONAL de ARTE \u201dDINU LIPATTI\u201d, BUCURESTI <\/strong><\/strong><\/h3>\n\n\n\n<p><\/p>\n\n\n\n<h3 class=\"wp-block-heading\"><\/h3>\n\n\n\n<h1 class=\"wp-block-heading has-text-align-center\"><\/h1>\n\n\n\n<p><\/p>\n\n\n\n<p><\/p>\n\n\n\n<p><\/p>\n\n\n\n<p><\/p>\n\n\n\n<div class=\"wp-block-columns is-layout-flex wp-container-core-columns-is-layout-9d6595d7 wp-block-columns-is-layout-flex\">\n<div class=\"wp-block-column is-layout-flow wp-block-column-is-layout-flow\" style=\"flex-basis:100%\">\n<figure class=\"wp-block-table\"><table><tbody><tr><td class=\"has-text-align-center\" data-align=\"center\"><strong>A<\/strong><\/td><td><strong>&nbsp;<\/strong><strong>&nbsp;<\/strong><strong>&nbsp;<\/strong><strong>&nbsp;<\/strong><\/td><td><strong>SEC\u021aIUNEA A <\/strong><strong>&nbsp;PROFESIONI\u0218TI<\/strong><strong><\/strong><\/td><td><strong>&nbsp;<\/strong><\/td><\/tr><tr><td class=\"has-text-align-center\" data-align=\"center\"><strong>&nbsp;<\/strong><strong>Categoria<\/strong><strong><\/strong><strong>&nbsp;<\/strong><\/td><td><strong>Nume participant<\/strong><strong><\/strong><\/td><td><strong>&nbsp;<\/strong><strong>Ora\u0219, \u0218coal\u0103<\/strong><strong>, <\/strong><strong>Profesor<\/strong><strong><\/strong><\/td><td><strong>&nbsp;<\/strong><strong>PREMIUL<\/strong><strong><\/strong><\/td><\/tr><tr><td class=\"has-text-align-center\" data-align=\"center\"><strong>A3 2016<\/strong><\/td><td><strong>MARDARE VICTOR <\/strong><strong><\/strong><\/td><td>Liceul de Arte \u201dDimitrie Cuclin\u201d, Gala\u021bi, prof. Adina \u0218u\u0219nea<\/td><td><strong>PREMIUL &nbsp;II<\/strong><strong><\/strong><\/td><\/tr><tr><td class=\"has-text-align-center\" data-align=\"center\"><strong>A4<\/strong><br><strong>2015<\/strong><\/td><td><strong>CUMANOV ILINCA MIHAELA <\/strong><strong><\/strong><\/td><td>Liceul &nbsp;de Arte ,,George Georgescu\u201d, Tulcea, prof. Corina&nbsp;Stepanschi<\/td><td><strong>PREMIUL I<\/strong><strong><\/strong><\/td><\/tr><tr><td class=\"has-text-align-center\" data-align=\"center\"><strong>A4<\/strong><br><strong>2015<\/strong><\/td><td><strong>PAHOM-GRIGORE ANYA <\/strong><strong><\/strong><\/td><td>Liceul de Arte \u201eGeorge&nbsp;Georgescu\u201d, Tulcea, prof. Roxana Sava<\/td><td><strong>PREMIUL I \u0219i PREMIU SPECIAL pentru MUZICALITATE<\/strong><strong>&nbsp;<\/strong><strong><\/strong><\/td><\/tr><tr><td class=\"has-text-align-center\" data-align=\"center\"><strong>A5<\/strong><br><strong>2014<\/strong><\/td><td><strong>GHERASIM ELENA MEDEEA <\/strong>&nbsp;&nbsp;&nbsp;&nbsp;&nbsp;&nbsp;&nbsp;&nbsp;&nbsp;&nbsp;&nbsp;&nbsp;&nbsp;&nbsp;&nbsp;&nbsp;&nbsp;&nbsp;&nbsp;&nbsp;&nbsp;&nbsp;&nbsp;&nbsp;&nbsp;&nbsp;&nbsp;&nbsp;&nbsp;&nbsp;&nbsp;&nbsp;&nbsp;&nbsp;&nbsp;&nbsp;&nbsp;&nbsp;&nbsp;&nbsp;&nbsp;&nbsp;&nbsp;&nbsp;&nbsp;&nbsp;&nbsp;&nbsp;&nbsp;&nbsp;&nbsp;&nbsp;&nbsp;&nbsp;&nbsp;&nbsp;&nbsp;&nbsp;&nbsp;&nbsp;&nbsp;&nbsp;&nbsp;&nbsp;&nbsp;&nbsp;&nbsp;&nbsp;&nbsp;<strong><\/strong><\/td><td>Liceul de Arte \u201eGeorge&nbsp;Georgescu\u201d, Tulcea, prof. Roxana Sava<\/td><td><strong>PREMIUL I<\/strong><strong><\/strong><\/td><\/tr><tr><td class=\"has-text-align-center\" data-align=\"center\"><strong>A5<\/strong><br><strong>2014<\/strong><\/td><td><strong>LEFTER ANASTASIA<\/strong><strong><\/strong><\/td><td>Liceul de Arte \u201eGeorge&nbsp;Georgescu\u201d, Tulcea, prof. Roxana Sava<\/td><td><strong>PREMIUL I<\/strong><strong><\/strong><\/td><\/tr><tr><td class=\"has-text-align-center\" data-align=\"center\"><strong>A5<\/strong><br><strong>2014<\/strong><\/td><td><strong>MARDARE CAROLINA <\/strong><strong><\/strong><\/td><td>Liceul de Arte \u201dDimitrie Cuclin\u201d, Gala\u021bi, prof. Adina \u0218u\u0219nea<\/td><td><strong>PREMIUL <\/strong><strong>I <\/strong><strong>de EXCELEN\u021a\u0102<\/strong><strong><\/strong><\/td><\/tr><tr><td class=\"has-text-align-center\" data-align=\"center\"><strong>A6<\/strong><br><strong>2013<\/strong><\/td><td><strong>MANOLACHE ANTONIA-MARIA<\/strong><strong><\/strong><\/td><td>Liceul de Arte \u201eGeorge&nbsp;Georgescu\u201d, Tulcea, prof. Roxana Sava<\/td><td><strong>PREMIUL I<\/strong><strong><\/strong><\/td><\/tr><tr><td class=\"has-text-align-center\" data-align=\"center\"><strong>A6<\/strong><br><strong>2013<\/strong><\/td><td><strong>\u0218ERB MARIA ALICE <\/strong><strong><\/strong><\/td><td>\u0218coala Gimnazial\u0103 de Art\u0103 \u201eVictor Karpis\u201d, &nbsp;Giurgiu, prof. Mariana Dumitrescu<\/td><td><strong>PREMIUL I<\/strong><strong>&nbsp;de EXCELEN\u021a\u0102<\/strong><strong><\/strong><\/td><\/tr><tr><td class=\"has-text-align-center\" data-align=\"center\"><strong>A9<\/strong><br><strong>2010<\/strong><\/td><td><strong>VASILE ANA MARIA CORINA <\/strong><strong><\/strong><\/td><td>CNM,,George Enescu&#8221;, Bucure\u0219ti, prof. Cristina Maria Ralea<\/td><td><strong>PREMIUL I<\/strong><strong><\/strong><\/td><\/tr><tr><td class=\"has-text-align-center\" data-align=\"center\"><strong>A10<\/strong><br><strong>2009<\/strong><\/td><td><strong>OPREA ELLI <\/strong><strong><\/strong><\/td><td>Liceul &nbsp;de Arte ,,George Georgescu, Tulcea, prof. Corina&nbsp;Stepanschi<\/td><td><strong>PREMIUL I<\/strong><strong><\/strong><\/td><\/tr><tr><td class=\"has-text-align-center\" data-align=\"center\"><strong>A10<\/strong><br><strong>2009<\/strong><\/td><td><strong>PAHOM-GRIGORE SOFIA<\/strong><strong><\/strong><\/td><td>Liceul de Arte \u201eGeorge&nbsp;Georgescu\u201d, Tulcea, prof. Roxana Sava<\/td><td><strong>PREMIUL I<\/strong><strong><\/strong><\/td><\/tr><tr><td class=\"has-text-align-center\" data-align=\"center\"><strong>A11<\/strong><br><strong>2008<\/strong><\/td><td><strong>D\u0102UCEANU GABRIEL<\/strong><strong><\/strong><\/td><td>Liceul de Arte \u201eGeorge&nbsp;Georgescu\u201d, Tulcea, prof. Roxana Sava<\/td><td><strong>PREMIUL I<\/strong><strong><\/strong><\/td><\/tr><tr><td class=\"has-text-align-center\" data-align=\"center\"><strong>A12<\/strong><br><strong>2007<\/strong><\/td><td><strong>BODEA MAYA FLAVIA<\/strong><strong><\/strong><\/td><td>CMST &nbsp;Cluj Napoca, prof. Dr. Monica Noveanu<\/td><td><strong>PREMIUL I<\/strong><strong><\/strong><\/td><\/tr><tr><td class=\"has-text-align-center\" data-align=\"center\"><strong>B&nbsp;<\/strong><\/td><td><strong>&nbsp;<\/strong><\/td><td><strong>SEC\u021aIUNEA B &nbsp;AMATORI<\/strong><strong><\/strong><\/td><td><strong>&nbsp;<\/strong><\/td><\/tr><tr><td class=\"has-text-align-center\" data-align=\"center\"><strong>B1<\/strong><br><strong>2018<\/strong><\/td><td><strong>CATARGIU TEODORA<\/strong><strong><\/strong><\/td><td>\u0218coala de Art\u0103 \u201dHappy Piano\u201d, Bucure\u0219ti, prof. Nina Bogriceanu<\/td><td><strong>PREMIUL I<\/strong><\/td><\/tr><tr><td class=\"has-text-align-center\" data-align=\"center\"><strong>B1<\/strong><br><strong>2018<\/strong><\/td><td><strong>CATARGIU EMILIA<\/strong><strong><\/strong><\/td><td>\u0218coala de Art\u0103 \u201dHappy Piano\u201d, Bucure\u0219ti, prof. Nina Bogriceanu<\/td><td><strong>PREMIUL I<\/strong><\/td><\/tr><tr><td class=\"has-text-align-center\" data-align=\"center\"><strong>B2<\/strong><br><strong>2017<\/strong><\/td><td><strong>CRISTEA IOANA<\/strong><strong><\/strong><\/td><td>\u0218coala de Art\u0103 \u201dHappy Piano\u201d, Bucure\u0219ti, prof. Nina Bogriceanu<\/td><td><strong>PREMIUL II<\/strong><\/td><\/tr><tr><td class=\"has-text-align-center\" data-align=\"center\"><strong>B2<\/strong><br><strong>2017<\/strong><\/td><td><strong>T<\/strong><strong>EODORESCU EFREMIA MARGARETA <\/strong><strong><\/strong><\/td><td>Liceul Teoretic \u201dSfin\u021bii Trei Ierarhi\u201d, Bucure\u0219ti, prof. Stela Avesalon<\/td><td><strong>PREMIUL I <\/strong><strong>de EXCELEN\u021a\u0102<\/strong><\/td><\/tr><tr><td class=\"has-text-align-center\" data-align=\"center\"><strong>B3<\/strong><br><strong>2016<\/strong><\/td><td><strong>CHIRIAC C\u0102LIN<\/strong><strong><\/strong><\/td><td>\u0218coala de Art\u0103 \u201dHappy Piano\u201d, Bucure\u0219ti, prof. Nina Bogriceanu<\/td><td><strong>PREMIUL I <\/strong><strong>de EXCELEN\u021a\u0102<\/strong><\/td><\/tr><tr><td class=\"has-text-align-center\" data-align=\"center\"><strong>B3<\/strong><br><strong>2016<\/strong><\/td><td><strong>Z\u0102RNESCU MARIA NICOLE <\/strong><strong><\/strong><\/td><td>Liceul \u201dMarin Preda\u201d, Bucure\u0219ti, prof. Giulia Pitoulias<\/td><td><strong>PREMIUL II<\/strong><\/td><\/tr><tr><td class=\"has-text-align-center\" data-align=\"center\"><strong>B4<\/strong><br><strong>2015<\/strong><\/td><td><strong>T<\/strong><strong>EODORESCU ANASTASIA M\u0102RIUCA <\/strong><strong><\/strong><\/td><td>Liceul Teoretic \u201dSfin\u021bii Trei Ierarhi\u201d, Bucure\u0219ti,&nbsp;prof. Stela Avesalon<\/td><td><strong>PREMIUL I <\/strong><strong>de EXCELEN\u021a\u0102<\/strong><\/td><\/tr><tr><td class=\"has-text-align-center\" data-align=\"center\"><strong>B5<\/strong><br><strong>2014<\/strong><\/td><td><strong>CONSTANTINESCU ROBERT<\/strong><strong><\/strong><\/td><td>\u0218coala de Art\u0103 \u201dHappy Piano\u201d, Bucure\u0219ti, prof. Nina Bogriceanu<\/td><td><strong>PREMIUL I <\/strong><strong>de EXCELEN\u021a\u0102<\/strong><\/td><\/tr><tr><td class=\"has-text-align-center\" data-align=\"center\"><strong>B5<\/strong><br><strong>2014<\/strong><\/td><td><strong>M\u0102GIRESCU CLARA<\/strong><strong><\/strong><\/td><td>\u0218coala de Art\u0103 \u201dHappy Piano\u201d, Bucure\u0219ti, prof. Nina Bogriceanu<\/td><td><strong>PREMIUL I <\/strong><strong>de EXCELEN\u021a\u0102<\/strong><\/td><\/tr><tr><td class=\"has-text-align-center\" data-align=\"center\"><strong>B6<\/strong><br><strong>2013<\/strong><\/td><td><strong>PETRIC\u0102 NATALIA MARINA<\/strong><strong><\/strong><\/td><td>Colegiul Na\u021bional de Arte \u201dDinu Lipatti\u201d, Bucure\u0219ti, prof. Dr. Georgeta Aneta B\u0103cioiu<\/td><td><strong>PREMIUL I <\/strong><strong>si PREMIU SPECIAL pentru MUZICALITATE<\/strong><\/td><\/tr><tr><td class=\"has-text-align-center\" data-align=\"center\"><strong>B8<\/strong><br><strong>2011<\/strong><\/td><td><strong>MOCANU ELISA<\/strong><strong><\/strong><\/td><td>\u0218coala de Art\u0103 \u201dHappy Piano\u201d, Bucure\u0219ti, prof. Nina Bogriceanu<\/td><td><strong>PREMIUL I <\/strong><strong>de EXCELEN\u021a\u0102<\/strong><\/td><\/tr><tr><td class=\"has-text-align-center\" data-align=\"center\"><strong>&nbsp;C<\/strong><\/td><td><strong>&nbsp;<\/strong><\/td><td><strong>SECTIUNEA C<\/strong><strong><\/strong><strong>(4 si 6 &nbsp;MAINI)<\/strong><strong><\/strong><\/td><td>&nbsp;<\/td><\/tr><tr><td class=\"has-text-align-center\" data-align=\"center\"><strong>2014<\/strong> <strong>2014<\/strong><\/td><td><strong>M\u0102GIRESCU CLARA<\/strong><strong>&nbsp;<\/strong><strong>\/ TIMI\u0218 MARA<\/strong><strong><\/strong><\/td><td>\u0218coala de Art\u0103 \u201dHappy Piano\u201d, Bucure\u0219ti, prof. Nina Bogriceanu<strong><\/strong><\/td><td><strong>PREMIUL I <\/strong><strong>de EXCELEN\u021a\u0102<\/strong><strong><\/strong><\/td><\/tr><tr><td class=\"has-text-align-center\" data-align=\"center\"><strong>20142016<\/strong><\/td><td><strong>CHIRIAC C\u0102LIN <\/strong><strong>\/ <\/strong><strong>CONSTANTINESCU ROBERT<\/strong><strong><\/strong><\/td><td>\u0218coala de Art\u0103 \u201dHappy Piano\u201d, Bucure\u0219ti, prof. Nina Bogriceanu<\/td><td><strong>PREMIUL I <\/strong><strong>de EXCELEN\u021a\u0102<\/strong><strong><\/strong><\/td><\/tr><tr><td class=\"has-text-align-center\" data-align=\"center\"><strong>2011<\/strong><br><strong>2011<\/strong><\/td><td><strong>MOCANU ELISA<\/strong><strong>&nbsp;\/ <\/strong><strong>NICOLAEV IULIA <\/strong><strong>\/<\/strong><strong>&nbsp;ANGHELINA MARIA<\/strong><strong><\/strong><\/td><td>\u0218coala de Art\u0103 \u201dHappy Piano\u201d, Bucure\u0219ti, prof. Nina Bogriceanu<\/td><td><strong>PREMIUL I <\/strong><strong>de EXCELEN\u021a\u0102<\/strong><\/td><\/tr><\/tbody><\/table><\/figure>\n<\/div>\n<\/div>\n\n\n\n<h2 class=\"wp-block-heading\"><\/h2>\n","protected":false},"excerpt":{"rendered":"<p>PROGRAMUL GALELOR de la Casa Memoriala \u201dGEORGE ENESCU\u201d din SINAIA &#8211; str. Yehudi Menuhin cartier Cump\u0103tu, s\u00e2mb\u0103t\u0103 30 noiembrie, &nbsp;2024 &#8211; ora 11,00 &nbsp;&nbsp;&nbsp; SI Centrul Cultural \u201dAUREL &nbsp;STROE\u201d din BUSTENI, Bulevardul Libertatii nr. 93 Duminica 1 decembrie, 2024, ora 11,00 Deschideti link-urile de mai jos: PREMIILE Concursului \u201dMUZICA ROMANEASCA\u201d, editia a VII-a &#8211; ONLINE [&hellip;]<\/p>\n","protected":false},"author":1,"featured_media":0,"parent":0,"menu_order":0,"comment_status":"closed","ping_status":"closed","template":"","meta":{"footnotes":""},"class_list":["post-9648","page","type-page","status-publish","hentry"],"_links":{"self":[{"href":"https:\/\/www.propiano.org\/romanian\/wp-json\/wp\/v2\/pages\/9648","targetHints":{"allow":["GET"]}}],"collection":[{"href":"https:\/\/www.propiano.org\/romanian\/wp-json\/wp\/v2\/pages"}],"about":[{"href":"https:\/\/www.propiano.org\/romanian\/wp-json\/wp\/v2\/types\/page"}],"author":[{"embeddable":true,"href":"https:\/\/www.propiano.org\/romanian\/wp-json\/wp\/v2\/users\/1"}],"replies":[{"embeddable":true,"href":"https:\/\/www.propiano.org\/romanian\/wp-json\/wp\/v2\/comments?post=9648"}],"version-history":[{"count":55,"href":"https:\/\/www.propiano.org\/romanian\/wp-json\/wp\/v2\/pages\/9648\/revisions"}],"predecessor-version":[{"id":10271,"href":"https:\/\/www.propiano.org\/romanian\/wp-json\/wp\/v2\/pages\/9648\/revisions\/10271"}],"wp:attachment":[{"href":"https:\/\/www.propiano.org\/romanian\/wp-json\/wp\/v2\/media?parent=9648"}],"curies":[{"name":"wp","href":"https:\/\/api.w.org\/{rel}","templated":true}]}}