{"id":958,"date":"2011-12-23T10:45:24","date_gmt":"2011-12-23T10:45:24","guid":{"rendered":"http:\/\/www.propiano.org\/romanian\/?page_id=958"},"modified":"2011-12-23T11:12:00","modified_gmt":"2011-12-23T11:12:00","slug":"arhiva-2008","status":"publish","type":"page","link":"https:\/\/www.propiano.org\/romanian\/arhiva-2008\/","title":{"rendered":"Arhiva 2008"},"content":{"rendered":"<h2 style=\"text-align: center;\">Lista Proiectelor Funda\u0163iei Culturale \u201cPRO PIANO-ROM\u00c2NIA\u201d<\/h2>\n<h2 style=\"text-align: center;\">anul 2008<\/h2>\n<p>&nbsp;<\/p>\n<div>\n<p>1\/ 1-2 martie 2008 &#8211;\u00a0Festivalul \u201cPrietenii Muzicii\/PRO PIANO-ROM\u00c2NIA\u201d\u00a0-Edi\u0163ia I-a la filiala\u00a0Cluj-Napoca<\/p>\n<p>2\/ 19 \u2013 25 martie &#8211;\u00a0Recital la Ambasada Rom\u00e2niei din Paris \u2013 Fran\u0163a<\/p>\n<p>3\/\u00a0 21 \u2013 25 aprilie\u00a0 &#8211;\u00a0Recital la Parlamentul European de la Strassbourg \u2013 Fran\u0163a<\/p>\n<p>4\/ 13-14 iunie &#8211;\u00a0Festivalul \u201cPrietenii Muzicii\/ PRO PIANO-ROM\u00c2NIA\u201d \u2013 edi\u0163ia a VI-a, Bucure\u015fti, Institutul Francez \u2013 Sala \u201cElvira Popescu\u201d \u2013 Bd. Dacia nr. 77<\/p>\n<p>5\/ 17 \u2013 22 iunie &#8211;\u00a0Concursul Interna\u0163ional \u201cPRO PIANO-ROM\u00c2NIA\u201d \u2013 Edi\u0163ia a XII-a, Bucure\u015fti, Sala ARCUB \u2013 Str. Bati\u015ftei nr. 14<\/p>\n<p>6\/ 21 \u2013 28 iulie &#8211;\u00a0Tab\u0103ra muzical\u0103 de var\u0103<\/p>\n<p>7\/20 \u2013 27 August\u00a0 &#8211;\u00a0Partener\u00a0al\u00a0Festivalului Muzical \u201cIN MICUL PARIS\u201d-Editia I-a, Bucuresti,(Masterclasses &amp; Concerte)<\/p>\n<p>1st SUMMER MUSIC FESTIVAL \u201cIN LITTLE PARIS\u201d(Masterclasses &amp; Concerts)<\/p>\n<p>8\/\u00a07-8-9 Noiembrie 2008\u00a0 &#8211;\u00a0participare \u00een Juriul Concursului Interna\u0163ional \u201cBEETHOVEN E I CLASSICI\u201d\u00a0 \u2013 Edi\u0163ia a VIII-a, Salerno \u2013 Italia<\/p>\n<p>9\/\u00a022 Noiembrie 2008\u00a0 &#8211;\u00a0Recital \u201cTinere Talente PRO PIANO-ROMANIA\u201d, la Teatrul ACT,\u00a0din\u00a0Calea Victoriei nr. 126.<\/p>\n<p>10\/\u00a027 Noiembrie 2008\u00a0 \u2013 Recital\u00a0 la ARCUB.<\/p>\n<p>~~~~~~~~~~~~~~~~~~~~~~~~~~~~~~~~~~~~~~~~~~~~~~~<\/p>\n<h3>STAGIUNE DE RECITALURI NA\u0162IONALE \u015fi INTERNA\u0162IONALE 2007 \u2013 2008<\/h3>\n<ul>\n<li>Anul 2007 &#8211;\u00a0Recitaluri Interna\u0163ionale<\/li>\n<\/ul>\n<p>&#8211; 16 \u2013 21 aprilie \/ Italia \u2013 Vene\u0163ia \u015fi Verona<\/p>\n<p>&#8211; 5 \u2013 10 mai \/ Germania \u2013 Berlin<\/p>\n<p>&#8211; 12 \u2013 15 septembrie \/ Ungaria \u2013 Budapesta<\/p>\n<p>Anul 2007 &#8211;\u00a0Recitaluri Na\u0163ionale<\/p>\n<p align=\"left\">1. 19 februarie \u2013 \u015ecoala de Muzic\u0103 \u015fi Arte Plastice nr. 4;<\/p>\n<p align=\"left\">2. 24 februarie \u2013 Muzeul Na\u0163ional \u201cGeorge Enescu\u201d;<\/p>\n<p align=\"left\">3. 2 martie \u2013 \u201cM\u0103r\u0163i\u015foare Muzicale\u201d \u2013 Palatul Na\u0163ional al Copiilor;<\/p>\n<p align=\"left\">\u00a04.\u00a014 martie \u2013 Palatul Na\u0163ional al Copiilor;<\/p>\n<p align=\"left\">5. 19 martie \u2013 \u015ecoala de Muzic\u0103 \u015fi Arte Plastice nr. 4;<\/p>\n<p align=\"left\">6. 31 martie \u2013 Muzeul Na\u0163ional \u201cGeorge Enescu\u201d;<\/p>\n<p align=\"left\">7. 20 mai \u2013 \u201cVene\u0163ia salut\u0103 Bucure\u015ftiul\u201d la Centrul Cultural Metropolitan pentru tineret;<\/p>\n<p align=\"left\">8. 27 iunie \u2013 Centrul Cultural Metropolitan pentru tineret;<\/p>\n<p align=\"left\">9. \u00a015 noiembrie \u2013 Palatul Na\u0163ional al Copiilor;<\/p>\n<p align=\"left\">10. 23 noiembrie \u2013 Muzeul Na\u0163ional \u201cGeorge Enescu\u201d;<\/p>\n<p align=\"left\">11. 27 noiembrie \u2013 Centrul Cultural Metropolitan pentru Tineret;<\/p>\n<p align=\"left\">12. \u00a0\u00a06 decembrie \u2013 \u201cMo\u015f Nicolae\u201d \u2013 Palatul Na\u0163ional al Copiilor.<\/p>\n<p>Anul 2008 &#8211;\u00a0Recitaluri Interna\u0163ionale<\/p>\n<p>19 \u2013 25 martie\/ Fran\u0163a \u2013 Ambasada Rom\u00e2niei la Paris(cauta anuntul oficial al ICR Paris, la adresa:\u00a0<a href=\"http:\/\/www.icr.ro\/filiale\/evenimente_a.php?cod=714&amp;cod_filiala=10\">http:\/\/www.icr.ro\/filiale\/evenimente_a.php?cod=714&amp;cod_filiala=10<\/a>)<\/p>\n<p>21 aprilie \u2013 25 aprilie\/ Strasbourg\/Fran\u0163a(la Parlamentul European)<\/p>\n<p>Anul 2008 &#8211;\u00a0Recitaluri Na\u0163ionale<\/p>\n<p>1.\u00a07 martie \u2013 Muzeul Na\u0163ional \u201cGeorge Enescu\u201d;<\/p>\n<p>2.\u00a07 iunie \u2013 ARCUB<\/p>\n<p>~~~~~~~~~~~~~~~~~~~~~~~~~~~~~~~~~~~~~~~~~~~~~~~~~~~~~~~~<\/p>\n<h3>Filiale ale Festivalului \u201cPRIETENII MUZICII\u201d<\/h3>\n<p>Din dorin\u0163a de a veni \u00een \u00eent\u00e2mpinarea beneficiarilor din\u00a0alte zone ale \u0163\u0103rii, mai bine zis de a apropia loca\u0163ia Festivalului de zonele lor de domiciliu, am considerat ca este necesara initierea unor Filiale in centre muzicale importante din tara.<\/p>\n<p>Prima Filiala\u00a0initiata de Fundatia \u201cPro Piano-Romania\u201d este cea din\u00a0Cluj-Napoca. De\u00a04 ani(2008), colegi inimosi \u2013 profesori de pian din Cluj-Napoca, contribuie exemplar la organizarea\u00a0Festivalului de mare succes, cu o participare din ce in ce mai numeroasa(ultimile 2 editii = cate 220 participanti fiecare). Regulamentul, Formularul de inscriere si alte amanunte \u2013 in linkul\u00a0NOUTATI \u2013 Cluj-Napoca.<\/p>\n<p>A doua Filiala\u00a0initiata de Fundatia \u201cPro Piano-Romania\u201d este cea din\u00a0Iasi.\u00a0Intre 10-12 februarie 2012 va avea loc prima editie a Festivalului \u201cPrietenii Muzicii\u201d-filiala Iasi.<\/p>\n<p>Inten\u0163ion\u0103m s\u0103 abord\u0103m si alte centre culturale importante ale \u0163\u0103rii, dornice s\u0103 promoveze copii \u015fi tinerii care studiaz\u0103 muzica \u2013 pianul.<\/p>\n<address>Despre Festivalul \u201dPrietenii Muzicii\u201d \u2013 filiala Cluj-Napoca.<br \/>\n<em>Loca\u0163ia\u00a0festivalului:\u00a0Muzeul Etnografic al Transilvaniei\u00a0 \u2013 Str. Memorandumului nr. 21, Cluj-Napoca.<\/em><\/address>\n<address><em>Contacte Cluj-Napoca:\u00a0e-mail:\u00a0<a href=\"mailto:arpeggione_dp@yahoo.com(pentru\">arpeggione_dp@yahoo.com(pentru<\/a>\u00a0d-na Prof. Dr. Cornelia Batranca<\/em><\/address>\n<address>\u00a0<\/address>\n<address>Edi\u021bia I-a\u00a0&#8211;\u00a01-2 martie 2008 \u2013 Cluj-Napoca\u00a0.\u00a0Un num\u0103r de 120\u00a0 de participan\u0163i au fost evalua\u0163i de un Juriu format din: Prof. Dr. Monica Noveanu, Prof. Dr. Cornelia B\u0103tr\u00e2nca, Prof. Simona Dumea \u015fi Toth Guttman Emese. Pre\u015fedinte: prof. Stela Avesalon.<\/address>\n<address>Edi\u021bia a II-a-\u00a014-15 februarie 2009\u00a0&#8211; Cluj-Napoca.\u00a050 profesori de pian au prezentat un num\u0103r de 120 de elevi. Participan\u021bii \u2013 elevi deosebit de talenta\u021bi \u0219i bine preg\u0103ti\u021bi, provin din \u0218coala de Muzic\u0103 \u201cAugustin Bena\u201d, Scoala \u201cELF\u201d si Liceul de Muzic\u0103\u00a0 \u201cSigismund Todu\u021b\u0103\u201d din Cluj-Napoca \u0219i au fost recompensa\u021bi,\u00a0 \u00een Gala din ziua de 15 februarie, cu Diplome de Onoare, Merit, Excelen\u021b\u0103 \u0219i numeroase Premii Speciale, inclusiv premii ale sponsorilor.<\/address>\n<address>Edi\u021bia a III-a &#8211;\u00a026, 27, 28 februarie 2010\u00a0&#8211; Cluj-Napoca.\u00a0Au participat 220 tineri piani\u0219ti.<\/address>\n<address>\u00a0<\/address>\n<address>\u00a0Edi\u021bia a IV-a\u00a0&#8211;\u00a025, 26, 27 februarie 2011\u00a0&#8211; Cluj-Napoca.\u00a0Au participat 215 tineri piani\u0219ti, din Cluj-Napoca, Bistri\u021ba, Baia Mare, Zal\u0103u, Sighetul-Marma\u021biei, Gherla, Ia\u0219i, Bac\u0103u, Craiova, T\u00e2rgovi\u0219te, T\u00e2rgu-Mure\u0219.<\/address>\n<address>\u00a0<\/address>\n<address><em>Contacte:<\/em><\/address>\n<address><em>Cluj-Napoca: e-mail:\u00a0<a href=\"mailto:arpeggione_dp@yahoo.com(pentru\">arpeggione_dp@yahoo.com(pentru<\/a>\u00a0d-na Prof. Dr. Cornelia Batranca\/ tel: 0264 569373 \u2013 dup\u0103 ora 22<\/em><\/address>\n<address>Bucuresti: &#8211;\u00a0Sitt ul\u00a0nostru:\u00a0www.propiano.org<br \/>\n&#8211; E-mail:\u00a0<a href=\"mailto:propiano@gmail.com\">propiano@gmail.com<\/a><br \/>\n&#8211; Tel: 021\/ 644.23.74<br \/>\n&#8211; Fax: 021\/ 341.16.88<br \/>\n&#8211; Mobil: 0722.38.26.26<\/address>\n<address>\u00a0<\/address>\n<address>~~~~~~~~~~~~~~~~~~~~~~~~~~~~~~~~~~~~~~~~~~<\/address>\n<h3>Tab\u0103r\u0103 muzical\u0103 de var\u0103: 21 \u2013 28 iulie 2008<\/h3>\n<p>Proiectul este ini\u0163iat de Funda\u0163ia Cultural\u0103 \u201ePRO PIANO-ROM\u00c2NIA\u201d \u015fi este destinat tinerilor muzicieni, membrii ai Funda\u0163iei.<br \/>\nProiectul are triplu scop:<br \/>\n1.\u00a0\u00a0 \u00a0recreere<br \/>\n2.\u00a0\u00a0 \u00a0socializare profesional\u0103 \u015fi schimburi de experien\u0163\u0103<br \/>\n3.\u00a0\u00a0 \u00a0sus\u0163inerea unor recitaluri \u00een loca\u0163ii noi, diferite de cele obi\u015fnuite p\u00e2n\u0103 acum, loca\u0163ii situate pe litoralul rom\u00e2nesc.<\/p>\n<\/div>\n","protected":false},"excerpt":{"rendered":"<p>Lista Proiectelor Funda\u0163iei Culturale \u201cPRO PIANO-ROM\u00c2NIA\u201d anul 2008 &nbsp; 1\/ 1-2 martie 2008 &#8211;\u00a0Festivalul \u201cPrietenii Muzicii\/PRO PIANO-ROM\u00c2NIA\u201d\u00a0-Edi\u0163ia I-a la filiala\u00a0Cluj-Napoca 2\/ 19 \u2013 25 martie &#8211;\u00a0Recital la Ambasada Rom\u00e2niei din Paris \u2013 Fran\u0163a 3\/\u00a0 21 \u2013 25 aprilie\u00a0 &#8211;\u00a0Recital la Parlamentul European de la Strassbourg \u2013 Fran\u0163a 4\/ 13-14 iunie &#8211;\u00a0Festivalul \u201cPrietenii Muzicii\/ PRO PIANO-ROM\u00c2NIA\u201d [&hellip;]<\/p>\n","protected":false},"author":1,"featured_media":0,"parent":0,"menu_order":0,"comment_status":"open","ping_status":"open","template":"","meta":{"footnotes":""},"class_list":["post-958","page","type-page","status-publish","hentry"],"_links":{"self":[{"href":"https:\/\/www.propiano.org\/romanian\/wp-json\/wp\/v2\/pages\/958","targetHints":{"allow":["GET"]}}],"collection":[{"href":"https:\/\/www.propiano.org\/romanian\/wp-json\/wp\/v2\/pages"}],"about":[{"href":"https:\/\/www.propiano.org\/romanian\/wp-json\/wp\/v2\/types\/page"}],"author":[{"embeddable":true,"href":"https:\/\/www.propiano.org\/romanian\/wp-json\/wp\/v2\/users\/1"}],"replies":[{"embeddable":true,"href":"https:\/\/www.propiano.org\/romanian\/wp-json\/wp\/v2\/comments?post=958"}],"version-history":[{"count":5,"href":"https:\/\/www.propiano.org\/romanian\/wp-json\/wp\/v2\/pages\/958\/revisions"}],"predecessor-version":[{"id":1011,"href":"https:\/\/www.propiano.org\/romanian\/wp-json\/wp\/v2\/pages\/958\/revisions\/1011"}],"wp:attachment":[{"href":"https:\/\/www.propiano.org\/romanian\/wp-json\/wp\/v2\/media?parent=958"}],"curies":[{"name":"wp","href":"https:\/\/api.w.org\/{rel}","templated":true}]}}