{"id":956,"date":"2011-12-23T10:45:11","date_gmt":"2011-12-23T10:45:11","guid":{"rendered":"http:\/\/www.propiano.org\/romanian\/?page_id=956"},"modified":"2016-11-05T16:30:00","modified_gmt":"2016-11-05T16:30:00","slug":"arhiva-2009","status":"publish","type":"page","link":"https:\/\/www.propiano.org\/romanian\/arhiva-2009\/","title":{"rendered":"Arhiva 2009"},"content":{"rendered":"<p>&nbsp;<\/p>\n<div>\n<h3 style=\"text-align: center;\">Anul 2009:<\/h3>\n<p>1. \u00centre 25 \u2013 30 iunie 2009, pre\u0219edinta Funda\u021biei a participat la cea de a II-a edi\u021bie a Concursului de Pian de la Porto din Portugalia, ca membr\u0103 \u00een\u00a0juriu.<\/p>\n<p>2. \u00centre 16 \u2013 20 iunie 2009, Concursul\u00a0Interna\u021bional \u201cPRO PIANO-ROM\u00c2NIA\u201d, edi\u021bia a XIII-a, la Sala ARCUB \u2013 Str. Bati\u0219tei nr. 14(au participat 98 tineri pianisti din tara si strainatate).<\/p>\n<p>3.\u00a0Joi 18 iunie 2009, in cadrul Festivalului \u201cBucharest music film Festival\u201d desfa\u0219urat \u00een Pia\u021ba \u201cGeorge Enescu\u201d, THEODOR DUMITRU din Constan\u021ba, membru activ al Funda\u021biei \u201cPRO PIANO-ROM\u00c2NIA\u201d \u0219i laureat\u00a0cu numeroase premii la olimpiade \u0219i concursuri na\u021bionale \u0219i interna\u021bionale de pian, a sus\u021binut un mini-recital, repurt\u00e2nd un\u00a0deosebit succes.\u00a0A se vedea\u00a0videoclipul\u00a0\u00a0de la adresa:\u00a0\u00a0<a href=\"http:\/\/www.dailymotion.com\/video\/xab8x9_theodor-dumitru-on-bucharest-music\">http:\/\/www.dailymotion.com\/video\/xab8x9_theodor-dumitru-on-bucharest-music<\/a><\/p>\n<p>4. \u00centre 12-13 iunie, 2009 \u2013 Festivalul \u201cPrietenii Muzicii-PRO PIANO-ROMANIA\u201d \u2013 Editia a VII-a, , la Institutul Francez \u2013 Sala \u201cElvira Popescu\u201d, Bd. Dacia nr. 77(au participat\u00a0165 tineri pianisti).<\/p>\n<p>5. Joi 28 mai 2009, ora 16,30\u00a0&#8211; Recital instrumental la ARCUB. Au\u00a0participat 24 de\u00a0elevi de la Liceul de Muzic\u0103 \u201cDinu Lipatti\u201d din Bucure\u0219ti, Liceul de Art\u0103 \u201cMargareta Sterian\u201d din Buz\u0103u, Colegiul Na\u021bional de Arte \u201cRegina Maria\u201d din Constan\u021ba \u0219i Liceul de Art\u0103 \u201cB\u0103la\u0219a Doamna\u201d din T\u00e2rgovi\u0219te.<\/p>\n<p>6. \u00centre 14 -15 februarie 2009,\u00a0\u00a0editia a II-a a Festivalului \u201cPrietenii Muzicii-PRO PIANO-ROMANIA\u201d, filiala Cluj-Napoca, la Muzeul Etnografic al Transilvaniei. Aproximativ 50 de profesori au prezentat la festival un numar de 120 de piani\u0219ti. Participantii, deosebit de talentati si bine pregatiti in scoli precum: Scoala de Muzica \u201cAugustin Bena\u201d, Scoala \u201cELF\u201d si Liceul de Muzica \u201cSigismund Toduta\u201d din Cluj-Napoca, au fost recompensati,\u00a0 in Gala din ziua de 15 februarie, cu Diplome de Onoare, de Merit , de Excelenta si numeroase Premii Speciale.<\/p>\n<p>7.\u00a0\u00a0Duminic\u010322 februarie 2009, ora 10,30 \u2013 Recital instrumental la ARCUB. Au participat elevi, pianisti si violonisti, de la Liceul de Muzica \u201cDinu Lipatti\u201d-Bucuresti, Liceul de Arta \u201cMargareta Sterian\u201d-Buzau, Colegiul National de Arte \u201cRegina Maria\u201d \u2013 Constan\u021ba, Liceul de Art\u0103 \u201cBala\u0219a Doamna\u201d \u2013 Targoviste:\u00a0<em>Egizia Soare, Andru Angheliu, Elena Fong Cong, Matei Tomi, Bianca Fodor, Theodor\u00a0<\/em>Dumitru, Eduard Gogonea, Brigitta Pavel, Toma Verly, Bertha Satnoianu, Alina Alexandru, Marianna Andrei, Darius Hamid Pour Panahi, Ioana Tanase, Adriana Chirita, Teodora Chis, Diana Cimpeanu, Horia Ghita, Iarina Pascu, Ioana Popa, Cora Sibiescu, Irina Neacsu, Alexandru Manu, Mihai Chirita, Cecilia Pavel, Irina Radulescu, Leonard Mocanu. Cu participarea violonistei Cornelia Giurgea.<\/p>\n<\/div>\n<p>&nbsp;<\/p>\n<p><em><strong>Ziarul \u201cF\u0103clia\u201d(articol referitor la\u00a0edi\u021bia 2009)\u00a0<\/strong><strong>&#8211; mar\u0163i, 3 martie 2009:<\/strong>\u00a0<\/em><\/p>\n<p><em>La mijloc de februarie 2009, Muzeul Etnografic al Transilvaniei a fost din nou gazda unui eveniment artistic special \u2013 Festivalul \u201cPro Piano \u2013 Rom\u00e2nia\u201d, sec\u0163iunea \u201cPrietenii Muzicii\u201d. Sufletul acestei ac\u0163iuni este distinsa doamn\u0103\u00a0 Stela Avesalon, profesor de elit\u0103 al\u00a0 Liceului de Muzic\u0103 \u201cDinu Lipatti\u201d Bucure\u015fti, care, \u00een anul l996 a \u00eenfiin\u0163at Funda\u0163ia \u201cPro Piano \u2013 Rom\u00e2nia\u201d. Scopul acestei organiza\u0163ii non profit este educarea, promovarea \u015fi sprijinirea tinerilor piani\u015fti. Incep\u00eend cu anul l997 a fost organizat Concursul Interna\u0163ional Pro Piano, care reune\u015fte anual numero\u015fi participan\u0163i din \u0163ar\u0103 \u015fi din str\u0103in\u0103tate. Concursul figureaz\u0103 printre importantele competi\u0163ii interna\u0163ionale. Con\u015ftient\u0103 de importan\u0163a studiului pianului chiar \u015fi\u00a0 de c\u0103tre cei care nu urm\u0103resc neap\u0103rat o carier\u0103 muzical\u0103, doamna profesoar\u0103 Stela Avesalon a creat o sec\u0163iune aparte Pro Piano, \u201cPrietenii Muzicii\u201d, care aduce pe scen\u0103 din anul 2003 \u00eencoace pe iubitorii acestui instrument. In acest fel au fost stimula\u0163i \u015fi r\u0103spl\u0103ti\u0163i \u015fi acei elevi care nu studiaz\u0103 pianul \u00eentr-o institu\u0163ie profesionist\u0103. Ata\u015famentul \u015fi interesul la nivel de Bucure\u015fti \u015fi zonele apropiate pentru acest tip de \u00eent\u00eelniri muzicale au constituit izvorul unei noi idei generoase a doamnei pre\u015fedinte al Funda\u0163iei: crearea unei filiale la Cluj-Napoca \u015fi poate \u015fi \u00een alte centre ale \u0163\u0103rii. Ideea a fost \u00eembr\u0103\u0163i\u015fat\u0103 de profesorii clujeni care \u015fi-au dat tot sprijinul pentru realizare. Prima edi\u0163ie\u00a0 a festivalului la Cluj-Napoca, \u00een 2008, a fost o surpriz\u0103 prin num\u0103rul mare de participan\u0163i, reunind dou\u0103 sec\u0163iuni, A- pentru cei care studiaz\u0103 pian ca instrument principal la Scoala general\u0103 de Muzic\u0103 \u201cA.Bena\u201d \u015fi Liceul de Muzic\u0103 \u201cS.Todu\u0163\u0103\u201d, \u015fi B \u2013 pentru cei care studiaz\u0103 pianul \u00een particular, la diferite\u00a0 \u015fcoli private (Elf) sau ca instrument secundar la\u00a0 \u015fcoli\u00a0 de muzic\u0103.<\/em><\/p>\n<div>\n<p><em>A doua edi\u0163ie a Festivalului Pro Piano \u2013 Prietenii Muzicii 2009 a \u00eentrunit ll3 iubitori ai pianului din Cluj-Napoca. De\u015fi dup\u0103 o s\u0103pt\u0103m\u00een\u0103 de vacan\u0163\u0103, elevii au oferit publicului\u00a0 \u015fi juriului momente artistice deosebite. Poate cel mai de apreciat este bucuria \u015fi pl\u0103cerea participan\u0163ilor de a c\u00eenta la pian. Pianul este, \u00eenainte de toate,\u00a0 instrumentul prin intermediul c\u0103ruia se poate face o cultur\u0103 muzical\u0103: numeroase opere simfonice pot fi parcurse la pian, datorit\u0103 reduc\u0163iilor existente. Dezvoltarea spiritual\u0103 a celor ce fac muzic\u0103 este un c\u00ee\u015ftig ce nu poate fi contestat. Nivelul preg\u0103tirii\u00a0 elevilor s-a aflat la cote superioare celor din anul precedent. S-au acordat Diplome de Merit \u015fi Diplome de Excelen\u0163\u0103 pentru participan\u0163i, at\u00eet pentru elevi c\u00eet \u015fi pentru profesori, precum \u015fi numeroase premii speciale \u2013 pentru presta\u0163ii artistice deosebite, premiul Liszt, premiul Bach, premii pentru cea mai frumoas\u0103 pies\u0103 rom\u00e2neasc\u0103, premiul Funda\u0163iei Pro Piano \u015fi altele.<br \/>\nJuriul Festivalului a fost alc\u0103tuit din doamna profesoar\u0103 Stela Avesalon \u2013 pre\u015fedinte, prof.dr.Monica Noveanu \u015fi\u00a0 prof.Simona Dumea de la Liceul\u00a0 de Muzic\u0103 \u201cS.Todu\u0163\u0103\u201d, doamna prof.dr. Cornelia B\u0103tr\u00e2nca \u015fi doamna prof.Toth Guttman Emese de la Scoala general\u0103 de Muzic\u0103 \u201cA.Bena\u201d.<br \/>\nAl\u0103turi de elevii participan\u0163i s-au aflat profesorii lor, care le-au pus \u00een eviden\u0163\u0103 calit\u0103\u0163ile, at\u00eet printr-un repertoriu bine ales, c\u00eet \u015fi printr-o preg\u0103tire temeinic\u0103. P\u0103rin\u0163ii s-au aflat \u015fi ei \u00een sal\u0103, ei av\u00eend cel mai important rol, acela de a deschide \u00een fa\u0163a copiilor lor por\u0163ile c\u0103tre frumos, c\u0103tre o educa\u0163ie complex\u0103. Prezen\u0163a doamnei profesoare Stela Avesalon la festival constituie un exemplu de d\u0103ruire \u015fi devotament pentru nobila cauz\u0103 de a atrage copiii \u00eenspre lumea muzicii. Rezultatele domniei\u00a0 sale s\u00eent cunoscute at\u00eet pe plan na\u0163ional c\u00eet \u015fi interna\u0163ional , ca semn de pre\u0163uire fiind invitat\u0103 \u00een jurii interna\u0163ionale de prestigiu. Nu \u00een ultimul r\u00eend s-ar cere eviden\u0163iat\u0103 str\u0103dania profesorilor clujeni, \u00een mod special efortul doamnei Cornelia B\u0103tr\u00e2nca, de a face posibil\u0103 desf\u0103\u015furarea festivalului, dar \u015fi contribu\u0163ia inimo\u015filor angaja\u0163i ai Muzeului Etnografic. Astfel de activit\u0103\u0163i se cer semnalate \u015fi \u00eembr\u0103\u0163i\u015fate c\u00eet mai mult posibil.<\/em><\/p>\n<\/div>\n","protected":false},"excerpt":{"rendered":"<p>&nbsp; Anul 2009: 1. \u00centre 25 \u2013 30 iunie 2009, pre\u0219edinta Funda\u021biei a participat la cea de a II-a edi\u021bie a Concursului de Pian de la Porto din Portugalia, ca membr\u0103 \u00een\u00a0juriu. 2. \u00centre 16 \u2013 20 iunie 2009, Concursul\u00a0Interna\u021bional \u201cPRO PIANO-ROM\u00c2NIA\u201d, edi\u021bia a XIII-a, la Sala ARCUB \u2013 Str. Bati\u0219tei nr. 14(au participat 98 [&hellip;]<\/p>\n","protected":false},"author":1,"featured_media":0,"parent":0,"menu_order":0,"comment_status":"open","ping_status":"open","template":"","meta":{"footnotes":""},"class_list":["post-956","page","type-page","status-publish","hentry"],"_links":{"self":[{"href":"https:\/\/www.propiano.org\/romanian\/wp-json\/wp\/v2\/pages\/956","targetHints":{"allow":["GET"]}}],"collection":[{"href":"https:\/\/www.propiano.org\/romanian\/wp-json\/wp\/v2\/pages"}],"about":[{"href":"https:\/\/www.propiano.org\/romanian\/wp-json\/wp\/v2\/types\/page"}],"author":[{"embeddable":true,"href":"https:\/\/www.propiano.org\/romanian\/wp-json\/wp\/v2\/users\/1"}],"replies":[{"embeddable":true,"href":"https:\/\/www.propiano.org\/romanian\/wp-json\/wp\/v2\/comments?post=956"}],"version-history":[{"count":7,"href":"https:\/\/www.propiano.org\/romanian\/wp-json\/wp\/v2\/pages\/956\/revisions"}],"predecessor-version":[{"id":4220,"href":"https:\/\/www.propiano.org\/romanian\/wp-json\/wp\/v2\/pages\/956\/revisions\/4220"}],"wp:attachment":[{"href":"https:\/\/www.propiano.org\/romanian\/wp-json\/wp\/v2\/media?parent=956"}],"curies":[{"name":"wp","href":"https:\/\/api.w.org\/{rel}","templated":true}]}}