{"id":9053,"date":"2023-01-19T21:30:06","date_gmt":"2023-01-19T21:30:06","guid":{"rendered":"https:\/\/www.propiano.org\/romanian\/?page_id=9053"},"modified":"2023-11-25T09:03:12","modified_gmt":"2023-11-25T09:03:12","slug":"programare-2023-2","status":"publish","type":"page","link":"https:\/\/www.propiano.org\/romanian\/programare-2023-2\/","title":{"rendered":"Programare 2023"},"content":{"rendered":"\n<p><strong>Concursul de Muzica Romaneasca 2023 <\/strong><\/p>\n\n\n\n<p><\/p>\n\n\n\n<h2 class=\"has-text-align-center wp-block-heading\"><strong>PREMIILE CONCURSULUI NATIONAL de MUZICA ROMANEASCA \u201dPRO PIANO-ROMANIA\u201c, editia a VI-a, 25 noiembrie 2023<\/strong><\/h2>\n\n\n\n<h2 class=\"has-text-align-center wp-block-heading\"><\/h2>\n\n\n\n<p><\/p>\n\n\n\n<p><\/p>\n\n\n\n<p><\/p>\n\n\n\n<h2 class=\"has-text-align-center wp-block-heading\"><strong>MULTUMIRI JURIULUI  CONCURSULUI:<\/strong><\/h2>\n\n\n\n<h3 class=\"wp-block-heading\"><strong>Prof.  Dr. RODICA DANCEANU <\/strong><\/h3>\n\n\n\n<h3 class=\"wp-block-heading\"><strong>Prof. Dr. GEORGETA ANETA BACIOIU <\/strong><\/h3>\n\n\n\n<h3 class=\"wp-block-heading\"><strong>Prof. CRISTINA MARIA RALEA<\/strong><\/h3>\n\n\n\n<h3 class=\"wp-block-heading\"><strong>Prof. ANA ELZA CIORANESCU<\/strong><\/h3>\n\n\n\n<p><\/p>\n\n\n\n<p><\/p>\n\n\n\n<p><\/p>\n\n\n\n<h2 class=\"has-text-align-center wp-block-heading\"><strong>SECTIUNEA A \u2013 PROFESIONISTI<\/strong><\/h2>\n\n\n\n<figure class=\"wp-block-table\"><table><tbody><tr><td class=\"has-text-align-left\" data-align=\"left\"><strong>Categori<\/strong><strong>a<\/strong><strong><\/strong><\/td><td><strong>N<\/strong><strong>umele \u0219i prenumele<\/strong><strong><\/strong><\/td><td><strong>PREMIUL<\/strong><strong><\/strong><\/td><\/tr><tr><td class=\"has-text-align-left\" data-align=\"left\"><strong>A5(201<\/strong><strong>3<\/strong><strong>)<\/strong><strong><\/strong><\/td><td><strong>Filip Cosmin Ioan<\/strong><strong><\/strong><\/td><td><strong>Prem<\/strong><strong>i<\/strong><strong>ul I si Premiul Special pentru virtuozitate<\/strong><\/td><\/tr><tr><td class=\"has-text-align-left\" data-align=\"left\"><strong>&nbsp;<\/strong><\/td><td><strong>\u0218erb &nbsp;Maria Alice<\/strong><strong><\/strong><\/td><td><strong>Prem<\/strong><strong>i<\/strong><strong>ul <\/strong><strong>I \u0219i Premiu<\/strong><strong>l<\/strong><strong>&nbsp;Special pentru virtuozitate<\/strong><\/td><\/tr><tr><td class=\"has-text-align-left\" data-align=\"left\"><strong>A6(201<\/strong><strong>2<\/strong><strong>)<\/strong><strong><\/strong><\/td><td><strong>Stoica Miruna Elena<\/strong><strong><\/strong><\/td><td><strong>Prem<\/strong><strong>i<\/strong><strong>ul <\/strong><strong>I \u0219i Premiu<\/strong><strong>l<\/strong><strong>&nbsp;Special pentru muzicalitate <\/strong><strong><\/strong><\/td><\/tr><tr><td class=\"has-text-align-left\" data-align=\"left\"><strong>A7(201<\/strong><strong>1<\/strong><strong>)<\/strong><strong><\/strong><\/td><td><strong>Caloianu Elian Theodora<\/strong><strong><\/strong><\/td><td><strong>Prem<\/strong><strong>i<\/strong><strong>ul <\/strong><strong>I \u0219i Premiu<\/strong><strong>l<\/strong><strong>&nbsp;Special pentru realizare stilistic\u0103<\/strong><strong><\/strong><\/td><\/tr><tr><td class=\"has-text-align-left\" data-align=\"left\"><strong>&nbsp;<\/strong><\/td><td><strong>Cucian Maria Raisa<\/strong><strong><\/strong><\/td><td><strong>Prem<\/strong><strong>i<\/strong><strong>ul I<\/strong><strong>&nbsp;\u0219i Premiu<\/strong><strong>l<\/strong><strong>&nbsp;Special pentru<\/strong><strong>&nbsp;muzicalitate<\/strong><strong><\/strong><\/td><\/tr><tr><td class=\"has-text-align-left\" data-align=\"left\"><strong>A9(2009)<\/strong><strong><\/strong><\/td><td><strong>Maksutovici Enya<\/strong><strong><\/strong><\/td><td><strong>Prem<\/strong><strong>i<\/strong><strong>ul <\/strong><strong>I \u0219i Premiu<\/strong><strong>l<\/strong><strong>&nbsp;Special pentru muzicalitate <\/strong><strong><\/strong><\/td><\/tr><tr><td class=\"has-text-align-left\" data-align=\"left\"><strong>A11(2007)<\/strong><strong><\/strong><\/td><td><strong>Dumitru Alexandru <\/strong><strong><\/strong><\/td><td><strong>Prem<\/strong><strong>i<\/strong><strong>ul I de Excelen<\/strong><strong>\u021b\u0103 \u0219i <\/strong><strong>MARELE PREMIU<\/strong><strong>&nbsp;al &nbsp;Concursului<\/strong><strong><\/strong><strong>&nbsp;<\/strong><\/td><\/tr><\/tbody><\/table><\/figure>\n\n\n\n<p><\/p>\n\n\n\n<h2 class=\"wp-block-heading\"><\/h2>\n\n\n\n<p><\/p>\n\n\n\n<p><\/p>\n\n\n\n<h2 class=\"has-text-align-center wp-block-heading\"><strong>SECTIUNEA &nbsp;B &#8211; AMATORI<\/strong><\/h2>\n\n\n\n<figure class=\"wp-block-table\"><table><tbody><tr><td>Categoria<\/td><td><strong>N<\/strong><strong>umele \u0219i prenumele<\/strong><strong><\/strong><\/td><td class=\"has-text-align-left\" data-align=\"left\"><strong>PREMIUL<\/strong><\/td><\/tr><tr><td><strong>B<\/strong><strong>1<\/strong><strong>(2017)<\/strong><strong><\/strong><\/td><td><strong>Teodorescu Efremia Margareta<\/strong><strong><\/strong><\/td><td class=\"has-text-align-left\" data-align=\"left\"><strong>Prem<\/strong><strong>i<\/strong><strong>ul <\/strong><strong>I <\/strong><strong><\/strong><\/td><\/tr><tr><td><strong>B2(2016)<\/strong><strong><\/strong><\/td><td><strong>Chiriac C\u0103lin<\/strong><strong><\/strong><strong>&nbsp;<\/strong><\/td><td class=\"has-text-align-left\" data-align=\"left\"><strong>Prem<\/strong><strong>i<\/strong><strong>ul <\/strong><strong>I<\/strong><strong><\/strong><\/td><\/tr><tr><td><strong>B3(2015)<\/strong><strong><\/strong><\/td><td><strong>Brezoianu Tudor Gabriel <\/strong><strong><\/strong><\/td><td class=\"has-text-align-left\" data-align=\"left\"><strong>Prem<\/strong><strong>i<\/strong><strong>ul &nbsp;<\/strong><strong>II<\/strong><strong><\/strong><\/td><\/tr><tr><td><strong>&nbsp;<\/strong><\/td><td><strong>Teodorescu Anastasia M\u0103riuca<\/strong><strong><\/strong><\/td><td class=\"has-text-align-left\" data-align=\"left\"><strong>Prem<\/strong><strong>i<\/strong><strong>ul <\/strong><strong>I de Excelen\u021b\u0103<\/strong><strong><\/strong><\/td><\/tr><tr><td><strong>B4(2014)<\/strong><strong><\/strong><\/td><td><strong>M\u0103girescu Clara Georgia<\/strong><strong><\/strong><\/td><td class=\"has-text-align-left\" data-align=\"left\"><strong>Prem<\/strong><strong>i<\/strong><strong>ul <\/strong><strong>I<\/strong><strong><\/strong><\/td><\/tr><tr><td><strong>&nbsp;<\/strong><\/td><td><strong>Timi\u0219 Mara<\/strong><strong><\/strong><strong>&nbsp;<\/strong><\/td><td class=\"has-text-align-left\" data-align=\"left\"><strong>Prem<\/strong><strong>i<\/strong><strong>ul &nbsp;<\/strong><strong>I<\/strong><strong>I<\/strong><strong><\/strong><\/td><\/tr><tr><td><strong>B5(201<\/strong><strong>3<\/strong><strong>)<\/strong><strong><\/strong><\/td><td><strong>Torb\u0103 Natalia Maria<\/strong><strong><\/strong><\/td><td class=\"has-text-align-left\" data-align=\"left\"><strong>Prem<\/strong><strong>i<\/strong><strong>ul &nbsp;<\/strong><strong>II<\/strong><strong><\/strong><\/td><\/tr><tr><td><strong>B6(2012)<\/strong><strong><\/strong><\/td><td><strong>Gheorghe Andrei Vlad <\/strong><strong><\/strong><\/td><td class=\"has-text-align-left\" data-align=\"left\"><strong>Prem<\/strong><strong>i<\/strong><strong>ul &nbsp;<\/strong><strong>II<\/strong><strong>I<\/strong><strong><\/strong><\/td><\/tr><\/tbody><\/table><\/figure>\n\n\n\n<p><\/p>\n\n\n\n<p><\/p>\n\n\n\n<p><\/p>\n\n\n\n<p><\/p>\n\n\n\n<p><\/p>\n\n\n\n<p><\/p>\n\n\n\n<p><\/p>\n\n\n\n<h2 class=\"has-text-align-center wp-block-heading\"><strong>PROGRAMUL  GALEI<\/strong><\/h2>\n\n\n\n<h2 class=\"has-text-align-center wp-block-heading\"><strong>Concursului National de \u201dMUZICA &nbsp;ROMANEASCA pentru pian\u201d, <\/strong><\/h2>\n\n\n\n<h2 class=\"has-text-align-center wp-block-heading\"><strong>editia a VI-a, 2 decembrie 2023, ora 11,00&nbsp;<\/strong><\/h2>\n\n\n\n<h2 class=\"has-text-align-center wp-block-heading\"><strong>la Casa Memoriala \u201dGEORGE ENESCU\u201d din Sinaia<\/strong><\/h2>\n\n\n\n<p><\/p>\n\n\n\n<p><\/p>\n\n\n\n<h2 class=\"has-text-align-center wp-block-heading\"><strong>&nbsp;OMAGIU pentru Ziua National\u0103 a Romaniei<\/strong><\/h2>\n\n\n\n<h3 class=\"has-text-align-center wp-block-heading\"><strong>Organizator: Fundatia Culturala \u201dPRO PIANO-ROMANIA\u201d in parteneriat cu <\/strong><\/h3>\n\n\n\n<h3 class=\"has-text-align-center wp-block-heading\"><strong>Muzeul National \u201dGeorge Enescu\u201d &nbsp;<\/strong><\/h3>\n\n\n\n<p><\/p>\n\n\n\n<p><\/p>\n\n\n\n<p><\/p>\n\n\n\n<h2 class=\"has-text-align-center wp-block-heading\"><strong>SECTIUNEA B<\/strong><\/h2>\n\n\n\n<p><\/p>\n\n\n\n<p><strong>Teodorescu Efremia Margareta &#8211; B1(2017) &#8211; Liceul \u201dSfin\u021bii Trei Erarhi\u201d &#8211; Bucure\u0219ti, prof. Stela Avesalon<\/strong><\/p>\n\n\n\n<p>&#8211; <strong>M. Cernovodean<\/strong>u &#8211; &nbsp;Drag mi-e jocul rom\u00e2nesc     \u0219i       Cre\u021bi\u0219orul (Tem\u0103 cu varia\u021biuni)<\/p>\n\n\n\n<p>&#8211; <strong>J. F. Burgmuller<\/strong> &#8211; Arabesca<\/p>\n\n\n\n<p>&#8211;<strong> Colinde<\/strong> &#8211; G. Fr. Haendel &#8211; Joy to the Word  \/  &nbsp;Mo\u0219 Cr\u0103ciun cu plete dalbe &nbsp;&nbsp;&nbsp;\/   &#8211; O, brad frumos.<\/p>\n\n\n\n<p><\/p>\n\n\n\n<p><\/p>\n\n\n\n<p><strong>Chiriac C\u0103lin<\/strong><strong>&nbsp;&#8211; <\/strong>B2(2016)&nbsp;&#8211; <strong>\u0218coala de Art\u0103 \u201dHappy Piano\u201d &#8211; Bucure\u0219ti, prof. Nina Bogriceanu<\/strong><strong><\/strong><\/p>\n\n\n\n<p>&#8211; <strong>Al. Pa\u0219canu<\/strong> &#8211; Bate vesel clapa neagr\u0103 &nbsp;&nbsp;&nbsp;&nbsp;&nbsp;&nbsp;&nbsp;&nbsp;&nbsp;&nbsp;&nbsp;&nbsp;<\/p>\n\n\n\n<p>&nbsp;&#8211;  <strong>Eric Satie<\/strong> &#8211; Gnossienne<\/p>\n\n\n\n<p><\/p>\n\n\n\n<p><strong>Brezoianu Tudor &nbsp;Gabriel &#8211; B3(2015) &#8211; Piano Class &#8211; <\/strong><strong>Bucure<\/strong><strong>\u0219ti, prof. Octavia Popescu<\/strong><strong><\/strong><\/p>\n\n\n\n<p>&#8211;<strong> Carmen Petra Basacopol<\/strong> &#8211; Sonatina<\/p>\n\n\n\n<p><\/p>\n\n\n\n<p><\/p>\n\n\n\n<p><strong>M\u0103girescu Clara Georgia<\/strong><strong>&nbsp;&#8211; <\/strong>B4(2014)&nbsp;&#8211; &nbsp;<strong>\u0218coala de Art\u0103 \u201dHappy Piano\u201d &#8211; Bucure\u0219ti, prof. Nina Bogriceanu<\/strong><\/p>\n\n\n\n<p>&#8211; &nbsp;<strong>S. Dr\u0103goi<\/strong> &#8211; Miniatura nr. 4 &nbsp;&nbsp;&nbsp;&nbsp;&nbsp;&nbsp;&nbsp;&nbsp;&nbsp;&nbsp;&nbsp;&nbsp;&nbsp;&nbsp;&nbsp;&nbsp;&nbsp;&nbsp;&nbsp;&nbsp;&nbsp;&nbsp;&nbsp;&nbsp;&nbsp;&nbsp;&nbsp;&nbsp;&nbsp;&nbsp;&nbsp;&nbsp;&nbsp;&nbsp;&nbsp;&nbsp;&nbsp;&nbsp;<\/p>\n\n\n\n<p>&#8211;<strong> P. I. Ceaikovski<\/strong> &#8211; Sweet dreams<\/p>\n\n\n\n<p><\/p>\n\n\n\n<p><\/p>\n\n\n\n<p><strong>Timi\u0219 Mara<\/strong><strong>&nbsp;&#8211; <\/strong>B4(2014)&nbsp;&#8211; <strong>\u0218coala de Art\u0103 \u201dHappy Piano\u201d &#8211; Bucure\u0219ti, prof. Nina Bogriceanu<\/strong><strong><\/strong><\/p>\n\n\n\n<p><strong>&#8211; <\/strong>&nbsp;<strong>F. Schubert<\/strong> &#8211; Vals in si minor<\/p>\n\n\n\n<p>&#8211; &nbsp;<strong>Sabin Dr\u0103goi <\/strong>&#8211; Miniatura nr.7<\/p>\n\n\n\n<p><\/p>\n\n\n\n<p><\/p>\n\n\n\n<p><strong>Torb\u0103 Natalia Maria<\/strong><strong>&nbsp;&#8211; B5(2013) &#8211; <\/strong><strong>Piano Class<\/strong><strong>&nbsp;&#8211; <\/strong><strong>Bucure\u0219ti<\/strong><strong>, Prof. <\/strong><strong>Octavia Popescu <\/strong><strong><\/strong><\/p>\n\n\n\n<p>&#8211; <strong>Carmen Petra Basacopol <\/strong>&nbsp;&#8211; Sonatina<\/p>\n\n\n\n<p><\/p>\n\n\n\n<p><\/p>\n\n\n\n<p><strong>Teodorescu Anastasia M\u0103riuca &#8211; B3(2015) &#8211; Liceul \u201dSfin\u021bii Trei Erarhi\u201d &#8211; Bucure\u0219ti, prof. Stela Avesalon<\/strong><strong><\/strong><\/p>\n\n\n\n<p>&#8211; <strong>G. Fr. Haendel<\/strong> &#8211; Sarabanda &nbsp;&nbsp;&nbsp;&nbsp;&nbsp;&nbsp;&nbsp;&nbsp;&nbsp;&nbsp;&nbsp;&nbsp;&nbsp;&nbsp;&nbsp;&nbsp;&nbsp;&nbsp;&nbsp;&nbsp;&nbsp;&nbsp;&nbsp;&nbsp;&nbsp;&nbsp;&nbsp;&nbsp;<\/p>\n\n\n\n<p>&#8211; <strong>L. Comes <\/strong>&#8211; Sonatina nr.1 &nbsp;&nbsp;&nbsp;&nbsp;&nbsp;&nbsp;&nbsp;&nbsp;&nbsp;&nbsp;&nbsp;&nbsp;&nbsp;&nbsp;&nbsp;&nbsp;&nbsp;&nbsp;&nbsp;&nbsp;&nbsp;&nbsp;&nbsp;&nbsp;&nbsp;&nbsp;&nbsp;&nbsp;&nbsp;&nbsp;&nbsp;&nbsp;&nbsp;<\/p>\n\n\n\n<p>&#8211; <strong>L. Comes<\/strong> &#8211; Sonatina nr.2<\/p>\n\n\n\n<h3 class=\"has-text-align-center wp-block-heading\"><strong>* Medalion Carmen&nbsp;Petra Basacopol:<\/strong>&nbsp;<strong>Doua miniaturi <\/strong>&nbsp;&#8211; \u201dLa cules\u201d si \u201dDupa fluturi\u201d &nbsp;<\/h3>\n\n\n\n<h3 class=\"has-text-align-center wp-block-heading\">si Sonatina<strong> &nbsp;<\/strong>&nbsp;&nbsp;&nbsp;&nbsp;&nbsp;&nbsp;&nbsp;&nbsp;&nbsp;&nbsp;&nbsp;&nbsp;&nbsp;&nbsp;&nbsp;&nbsp;&nbsp;&nbsp;&nbsp;&nbsp;&nbsp;&nbsp;&nbsp;&nbsp;&nbsp;&nbsp;&nbsp;&nbsp;&nbsp;&nbsp;&nbsp;&nbsp;&nbsp;&nbsp;&nbsp;&nbsp;&nbsp;&nbsp;&nbsp;&nbsp;&nbsp;&nbsp;&nbsp;&nbsp;&nbsp;&nbsp;&nbsp;&nbsp;&nbsp;&nbsp;&nbsp;&nbsp;&nbsp;&nbsp;&nbsp;&nbsp;&nbsp;&nbsp;&nbsp;<\/h3>\n\n\n\n<p>&#8211;<strong> L. Krentzlin <\/strong>&#8211; Clopotele de Craciun(colind)<\/p>\n\n\n\n<p><\/p>\n\n\n\n<p><\/p>\n\n\n\n<p><\/p>\n\n\n\n<p><\/p>\n\n\n\n<h2 class=\"has-text-align-center wp-block-heading\"><strong>SECTIUNEA &nbsp;A<\/strong><\/h2>\n\n\n\n<p><\/p>\n\n\n\n<p><strong>\u0218erb Maria Alice&nbsp;&#8211; <\/strong>A5(2013)&nbsp;&#8211; \u0218coala Gimnaziala de Art\u0103 Victor Karpis &#8211; Giurgiu, prof. Mariana&nbsp;Dumitrescu<\/p>\n\n\n\n<p>&#8211; <strong>Radu Paladi <\/strong>&#8211; Joc &nbsp;&nbsp;&nbsp;&nbsp;&nbsp;&nbsp;&nbsp;&nbsp;&nbsp;&nbsp;&nbsp;&nbsp;&nbsp;&nbsp;&nbsp;&nbsp;&nbsp;&nbsp;&nbsp;&nbsp;&nbsp;&nbsp;&nbsp;&nbsp;&nbsp;&nbsp;&nbsp;&nbsp;&nbsp;&nbsp;&nbsp;&nbsp;&nbsp;&nbsp;&nbsp;&nbsp;&nbsp;&nbsp;&nbsp;&nbsp;&nbsp;&nbsp;&nbsp;&nbsp;&nbsp;&nbsp;&nbsp;&nbsp;&nbsp;&nbsp;&nbsp;&nbsp;&nbsp;&nbsp;<\/p>\n\n\n\n<p>&#8211; <strong>Tudor Ciortea<\/strong> -Joc \u021aig\u0103nesc &nbsp;&nbsp;&nbsp;&nbsp;&nbsp;&nbsp;&nbsp;&nbsp;&nbsp;&nbsp;&nbsp;&nbsp;&nbsp;&nbsp;&nbsp;&nbsp;&nbsp;&nbsp;&nbsp;&nbsp;&nbsp;&nbsp;&nbsp;&nbsp;&nbsp;&nbsp;&nbsp;&nbsp;&nbsp;&nbsp;&nbsp;<\/p>\n\n\n\n<p>&#8211; I<strong>saac Albeniz <\/strong>&nbsp;&#8211; Rumores de la Caleta<\/p>\n\n\n\n<p><\/p>\n\n\n\n<p><\/p>\n\n\n\n<p><strong>Filip Cosmin Ioan &#8211; A5(2013) &#8211; <\/strong><strong>Liceul \u0218tefan Odobleja<\/strong><strong>&nbsp;&#8211;<\/strong><strong>&nbsp;Bucure\u0219ti<\/strong><strong>, prof. Ana Eliza Cior\u0103nescu<\/strong><strong><\/strong><\/p>\n\n\n\n<p>&#8211; D<strong>omenico Scarlatti <\/strong>&#8211; Sonata in Mi minor K 98<\/p>\n\n\n\n<p>&#8211; F<strong>r\u00e9d\u00e9ric Chopin<\/strong> &#8211; Impromptu Op.29, Nr. 1 &nbsp;&nbsp;&nbsp;&nbsp;&nbsp;&nbsp;&nbsp;&nbsp;&nbsp;<\/p>\n\n\n\n<p>&#8211; <strong>George Enescu<\/strong> &#8211; Preludiu din Suita in stil vechi &nbsp;&nbsp;<\/p>\n\n\n\n<p>&#8211;<strong> Paul Constantinescu<\/strong> &#8211; Toccata (Joc Dobrogean)<\/p>\n\n\n\n<p><\/p>\n\n\n\n<p><\/p>\n\n\n\n<p><strong>Caloianu Elian Theodora &#8211; A7(2011) &#8211; CNA \u201dDinu Lipatti\u201d &#8211; Bucure\u0219ti, prof. Geanina Adina S\u0103l\u0103gean<\/strong><strong><\/strong><\/p>\n\n\n\n<p>&#8211; <strong>P. Constantinescu<\/strong> &#8211; Joc Dobrogean(4 min)<\/p>\n\n\n\n<p>&#8211; <strong>C. Chaminade <\/strong>&#8211; Studiu de concert op.35, Nr.2 \u201cAutomne\u201d(6,40 min)<\/p>\n\n\n\n<p>&#8211;<strong> F.Liszt<\/strong> &#8211; Tarantella (8,20 min)<\/p>\n\n\n\n<p><\/p>\n\n\n\n<p><\/p>\n\n\n\n<p><strong>Cucian Maria Raisa<\/strong><strong>&nbsp;&#8211; <\/strong>A7(2011)&nbsp;&#8211; C N M &nbsp;&#8220;George Enescu&#8221;, Bucuresti&nbsp;&#8211; prof. Maria Indric\u0103u<\/p>\n\n\n\n<p>&#8211;<strong> G. Enescu<\/strong> &#8211; Preludiu \u00een sol minor din Suita nr.1, Op.3<\/p>\n\n\n\n<p><\/p>\n\n\n\n<p><\/p>\n\n\n\n<p><strong>Maksutovici Enya<\/strong><strong>&nbsp;&#8211; <\/strong><strong>A9(2009)<\/strong><strong>&nbsp;&#8211; <\/strong><strong>CMST Cluj &#8211; Napoca, <\/strong><strong>prof. Andreea Bodea<\/strong><strong><\/strong><\/p>\n\n\n\n<p>&#8211; &nbsp;<strong>Radu Palad<\/strong>i &#8211; Rondo a Capriccio<\/p>\n\n\n\n<p>&#8211;<strong> C. Chaminade <\/strong>&#8211; Etude Humoristique&nbsp;<\/p>\n\n\n\n<p><\/p>\n\n\n\n<p><\/p>\n\n\n\n<p><strong>Dumitru Alexandru &#8211; A11(2007) &#8211; CNM \u201dGeorge Enescu\u201d, prof. Gabriela En\u0103\u0219escu<\/strong><strong><\/strong><\/p>\n\n\n\n<p>&#8211; <strong>D. Lipatti<\/strong> &#8211; Sonatina pentru m\u00e2na st\u00e2ng\u0103<\/p>\n\n\n\n<p><\/p>\n\n\n\n<p><\/p>\n\n\n\n<p><\/p>\n\n\n\n<p><\/p>\n\n\n\n<p><\/p>\n\n\n\n<p><\/p>\n\n\n\n<h2 class=\"has-text-align-center wp-block-heading\"><strong>Participantii la Concursul de Muzica Romaneasca, <\/strong><\/h2>\n\n\n\n<h2 class=\"has-text-align-center wp-block-heading\"><strong>editia a VI-a &#8211; ONLINE &#8211; 25.11.2023<\/strong><\/h2>\n\n\n\n<p><\/p>\n\n\n\n<p><\/p>\n\n\n\n<h3 class=\"has-text-align-center wp-block-heading\"><strong>SECTIUNEA A &#8211; &nbsp;PROFESIONISTI<\/strong><\/h3>\n\n\n\n<figure class=\"wp-block-table\"><table><tbody><tr><td><strong>Categorie<\/strong><\/td><td><strong>Nume participant<\/strong><strong><\/strong><\/td><td><strong>Ora\u0219, \u0218coal\u0103, Profesor<\/strong><\/td><\/tr><tr><td><strong>A5(201<\/strong><strong>3<\/strong><strong>)<\/strong><strong><\/strong><\/td><td><strong>Filip Cosmin Ioan<\/strong><strong><\/strong><\/td><td>Liceul \u201d\u0218tefan Odobleja\u201d, Bucure\u0219ti, prof. Ana Eliza Cior\u0103nescu<\/td><\/tr><tr><td><strong>&nbsp;A5(2013)<\/strong><\/td><td><strong>\u0218erb Maria Alice<\/strong><strong><\/strong><\/td><td>\u0218coala Gimnaziala de Art\u0103 \u201dVictor Karpis\u201d, Giurgiu, prof. Mariana Dumitrescu<\/td><\/tr><tr><td><strong>A6(201<\/strong><strong>2<\/strong><strong>)<\/strong><strong><\/strong><\/td><td><strong>Stoica Miruna Elena<\/strong><strong><\/strong><\/td><td>Scoala de Arte nr. 4, Bucure\u0219ti, prof. Ileana Avram<\/td><\/tr><tr><td><strong>A7(201<\/strong><strong>1<\/strong><strong>)<\/strong><strong><\/strong><\/td><td><strong>Caloianu Elian Theodora<\/strong><strong><\/strong><\/td><td>CNA \u201dDinu Lipatti\u201d, Bucure\u0219ti, prof. Geanina Adina S\u0103l\u0103gean<\/td><\/tr><tr><td><strong>&nbsp;A7(2011)<\/strong><\/td><td><strong>Cucian Maria Raisa<\/strong><strong><\/strong><\/td><td>CNM \u201dGeorge Enescu\u201d, Bucure\u0219ti, prof. Maria Indric\u0103u<\/td><\/tr><tr><td><strong>A9(2009)<\/strong><strong><\/strong><\/td><td><strong>Maksutovici Enya<\/strong><strong><\/strong><\/td><td>CMST, &nbsp;Cluj-Napoca, prof. Andreea Bodea<\/td><\/tr><tr><td><strong>A11(2007<\/strong><strong><\/strong><\/td><td><strong>Dumitru Alexandru <\/strong><strong><\/strong><\/td><td>C N M \u201dGeorge Enescu\u201d, &nbsp;Bucure\u0219ti, Prof. Gabriela En\u0103\u0219escu<\/td><\/tr><\/tbody><\/table><\/figure>\n\n\n\n<p><\/p>\n\n\n\n<p><\/p>\n\n\n\n<p><\/p>\n\n\n\n<h3 class=\"has-text-align-center wp-block-heading\"><strong>SECTIUNEA &nbsp;B &#8211; AMATORI<\/strong><\/h3>\n\n\n\n<figure class=\"wp-block-table\"><table><tbody><tr><td><strong>Sect<\/strong><strong>iune<\/strong><strong><\/strong><strong>Categ<\/strong><strong>orie<\/strong><strong><\/strong><\/td><td><strong>Nume participant<\/strong><strong><\/strong><\/td><td><strong>Ora\u0219, \u0218coal\u0103<\/strong><strong><\/strong><strong>Profesor<\/strong><strong><\/strong><\/td><\/tr><tr><td><strong>B<\/strong><strong>1<\/strong><strong>(2017)<\/strong><strong><\/strong><\/td><td><strong>Teodorescu Efremia Margareta<\/strong><strong><\/strong><\/td><td>Liceul Teoretic \u201dSfin\u021bii Trei Ierarhi\u201d, Bucure\u0219ti, prof. Stela Avesalon&nbsp;<\/td><\/tr><tr><td><strong>B2(2016)<\/strong><strong><\/strong><\/td><td><strong>Chiriac <\/strong><strong>C\u0103lin <\/strong><strong><\/strong><\/td><td>\u0218coala de Art\u0103 Happy Piano, Bucure\u0219ti, prof. Nina Bogriceanu<\/td><\/tr><tr><td><strong>B3(2015)<\/strong><strong><\/strong><\/td><td><strong>Brezoianu Tudor Gabriel <\/strong><strong><\/strong><\/td><td>Piano Class, Bucure\u0219ti, Prof. Octavia Popescu<\/td><\/tr><tr><td><strong>&nbsp;B3(2015)<\/strong><\/td><td><strong>Teodorescu Anastasia M\u0103riuca<\/strong><strong><\/strong><\/td><td>Liceul Teoretic \u201dSfin\u021bii Trei Ierarhi\u201d, Bucure\u0219ti,&nbsp;prof. Stela Avesalon<\/td><\/tr><tr><td><strong>B<\/strong><strong>4<\/strong><strong>(201<\/strong><strong>4<\/strong><strong>)<\/strong><strong><\/strong><\/td><td><strong>M\u0103girescu Clara Georgia<\/strong><strong><\/strong><\/td><td>\u0218coala de Art\u0103 Happy Piano, Bucure\u0219ti, prof. Nina Bogriceanu<\/td><\/tr><tr><td><strong>B4(2014)<\/strong><\/td><td><strong>Timi\u0219 Mara <\/strong><strong><\/strong><\/td><td>\u0218coala de Art\u0103 Happy Piano, Bucure\u0219ti, prof. Nina Bogriceanu<\/td><\/tr><tr><td><strong>B5(201<\/strong><strong>3<\/strong><strong>)<\/strong><strong><\/strong><\/td><td><strong>Torb\u0103 Natalia Maria<\/strong><strong><\/strong><\/td><td>Piano Class, Bucure\u0219ti, Prof. Octavia Popescu<\/td><\/tr><tr><td><strong>B6(2012)<\/strong><strong><\/strong><\/td><td><strong>Gheorghe Andrei Vlad<\/strong><strong><\/strong><\/td><td>\u0218coala Gimnazial\u0103 nr.5, C\u0103l\u0103ra\u0219i, prof. Mady Cr\u00e2nga\u0219u<\/td><\/tr><\/tbody><\/table><\/figure>\n\n\n\n<p><\/p>\n","protected":false},"excerpt":{"rendered":"<p>Concursul de Muzica Romaneasca 2023 PREMIILE CONCURSULUI NATIONAL de MUZICA ROMANEASCA \u201dPRO PIANO-ROMANIA\u201c, editia a VI-a, 25 noiembrie 2023 MULTUMIRI JURIULUI CONCURSULUI: Prof. Dr. RODICA DANCEANU Prof. Dr. GEORGETA ANETA BACIOIU Prof. CRISTINA MARIA RALEA Prof. ANA ELZA CIORANESCU SECTIUNEA A \u2013 PROFESIONISTI Categoria Numele \u0219i prenumele PREMIUL A5(2013) Filip Cosmin Ioan Premiul I si [&hellip;]<\/p>\n","protected":false},"author":1,"featured_media":0,"parent":0,"menu_order":0,"comment_status":"closed","ping_status":"closed","template":"","meta":{"footnotes":""},"class_list":["post-9053","page","type-page","status-publish","hentry"],"_links":{"self":[{"href":"https:\/\/www.propiano.org\/romanian\/wp-json\/wp\/v2\/pages\/9053","targetHints":{"allow":["GET"]}}],"collection":[{"href":"https:\/\/www.propiano.org\/romanian\/wp-json\/wp\/v2\/pages"}],"about":[{"href":"https:\/\/www.propiano.org\/romanian\/wp-json\/wp\/v2\/types\/page"}],"author":[{"embeddable":true,"href":"https:\/\/www.propiano.org\/romanian\/wp-json\/wp\/v2\/users\/1"}],"replies":[{"embeddable":true,"href":"https:\/\/www.propiano.org\/romanian\/wp-json\/wp\/v2\/comments?post=9053"}],"version-history":[{"count":32,"href":"https:\/\/www.propiano.org\/romanian\/wp-json\/wp\/v2\/pages\/9053\/revisions"}],"predecessor-version":[{"id":9612,"href":"https:\/\/www.propiano.org\/romanian\/wp-json\/wp\/v2\/pages\/9053\/revisions\/9612"}],"wp:attachment":[{"href":"https:\/\/www.propiano.org\/romanian\/wp-json\/wp\/v2\/media?parent=9053"}],"curies":[{"name":"wp","href":"https:\/\/api.w.org\/{rel}","templated":true}]}}