{"id":9046,"date":"2023-01-19T21:28:48","date_gmt":"2023-01-19T21:28:48","guid":{"rendered":"https:\/\/www.propiano.org\/romanian\/?page_id=9046"},"modified":"2023-11-15T10:48:16","modified_gmt":"2023-11-15T10:48:16","slug":"regulament-2023-2","status":"publish","type":"page","link":"https:\/\/www.propiano.org\/romanian\/regulament-2023-2\/","title":{"rendered":"Regulament 2023"},"content":{"rendered":"\n<p><\/p>\n\n\n\n<p><\/p>\n\n\n\n<p><\/p>\n\n\n\n<h2 class=\"has-text-align-center wp-block-heading\"><strong>REGULAMENTUL CONCURSULUI  NATIONAL &#8211; <em>ONLINE<\/em><\/strong><\/h2>\n\n\n\n<h2 class=\"has-text-align-center wp-block-heading\"><strong>\u201dMUZICA ROMANEASCA pentru PIAN\u201d&nbsp;<\/strong><\/h2>\n\n\n\n<h3 class=\"wp-block-heading\"><strong>Se vor canta numai piese romanesti (se accepta si colinde, cu minutaj extra daca este necesar)<\/strong><\/h3>\n\n\n\n<h2 class=\"wp-block-heading\"><strong>&nbsp;<\/strong><\/h2>\n\n\n\n<h2 class=\"has-text-align-center wp-block-heading\"><strong>REGULAMENT<\/strong><\/h2>\n\n\n\n<p><\/p>\n\n\n\n<h3 class=\"wp-block-heading\"><strong>I. &nbsp;Concursul &nbsp;\u201dMUZICA ROMANEASCA pentru pian\u201d&nbsp;editia a VI-a este, din motive obiective, o editie exclusiva <u><strong>ONLINE<\/strong><\/u>, (cu inregistrari), dar cu o GALA FIZICA&nbsp;la Sinaia, la Casa Memoriala \u201dGeorge Enescu\u201d. &nbsp;<\/strong><\/h3>\n\n\n\n<p><\/p>\n\n\n\n<p><\/p>\n\n\n\n<h3 class=\"wp-block-heading\"><strong>Concursul se desfasoar\u0103 pe 3 sectiuni&nbsp;: <\/strong><strong><\/strong><\/h3>\n\n\n\n<h2 class=\"wp-block-heading\"><strong>A &#8211; profesionisti \/ B \u2013 amatori \/ C \u2013 4 m\u00e2ini (<\/strong>pe un pian)<strong>, <\/strong>iar sec\u021biunile A \u0219i B cuprind <strong>15 categorii de varsta(<\/strong>\u00een functie de anul nasterii).<\/h2>\n\n\n\n<h2 class=\"wp-block-heading\"><strong>MINUTAJUL <\/strong><strong><u><strong>maxim<\/strong><\/u><\/strong><strong>&nbsp;<\/strong>pentru fiecare categorie (se admit si minutaje mai mici, iar in caz de colinde se admite un minutaj extra)<strong>:<\/strong><\/h2>\n\n\n\n<h3 class=\"wp-block-heading\"><strong>Categoria&nbsp;&nbsp;&nbsp;&nbsp;&nbsp;&nbsp;&nbsp;&nbsp;&nbsp;Minutajul&nbsp;:&nbsp;&nbsp;&nbsp;&nbsp;&nbsp;&nbsp;&nbsp;&nbsp;&nbsp;&nbsp;&nbsp;&nbsp;&nbsp;&nbsp;&nbsp;&nbsp;&nbsp;&nbsp;&nbsp;<\/strong><\/h3>\n\n\n\n<h2 class=\"wp-block-heading\">cat.<strong>&nbsp;0<\/strong>&nbsp;&nbsp;&nbsp; \u2013&nbsp;&nbsp;&nbsp; 2018&nbsp; &#8211; 5\u2019&nbsp;&nbsp;&nbsp;<\/h2>\n\n\n\n<h2 class=\"wp-block-heading\">cat.&nbsp;<strong>1-a<\/strong>&nbsp;&nbsp;\u2013&nbsp;&nbsp; 2017 &#8211; 5\u2019<\/h2>\n\n\n\n<h2 class=\"wp-block-heading\">cat<strong>. a 2-a<\/strong>&nbsp;\u2013 2016&nbsp; &#8211; 7\u2019<\/h2>\n\n\n\n<h2 class=\"wp-block-heading\">cat.&nbsp;<strong>a 3-a<\/strong>&nbsp;\u2013 2015 &#8211; 7\u2019<\/h2>\n\n\n\n<h2 class=\"wp-block-heading\">cat.&nbsp;<strong>a 4-a<\/strong>&nbsp;\u2013 2014 &#8211; 7\u2019<\/h2>\n\n\n\n<h2 class=\"wp-block-heading\">cat.&nbsp;<strong>a 5-a<\/strong>&nbsp;\u2013 2013 &#8211; 7\u2019<\/h2>\n\n\n\n<h2 class=\"wp-block-heading\">cat.&nbsp;<strong>a 6-a<\/strong>&nbsp;\u2013 2012 &#8211; 10\u2019<\/h2>\n\n\n\n<h2 class=\"wp-block-heading\">cat.&nbsp;<strong>a 7-a<\/strong>&nbsp;\u2013 2011 &#8211; 10\u2019<\/h2>\n\n\n\n<h2 class=\"wp-block-heading\">cat.&nbsp;<strong>a 8-a<\/strong>&nbsp;\u2013 2010 &#8211; 10\u2019<\/h2>\n\n\n\n<h2 class=\"wp-block-heading\">cat.&nbsp;<strong>a 9-a<\/strong>&nbsp;\u2013 2009 &#8211; 10\u2019<\/h2>\n\n\n\n<h2 class=\"wp-block-heading\">cat.&nbsp;<strong>a 10-a<\/strong>\u20132008 &#8211; 15\u2019&nbsp;&nbsp;<\/h2>\n\n\n\n<h2 class=\"wp-block-heading\">cat.&nbsp;<strong>a 11-a<\/strong>\u20132007 &#8211; 15\u2019<\/h2>\n\n\n\n<h2 class=\"wp-block-heading\">cat.&nbsp;<strong>a 12-a<\/strong>\u20132006 &nbsp;&#8211; 20\u2019<\/h2>\n\n\n\n<h2 class=\"wp-block-heading\">cat.&nbsp;<strong>a 13-a<\/strong>\u20132005 &#8211; 20\u2019<\/h2>\n\n\n\n<h3 class=\"wp-block-heading\">cat.&nbsp;<strong>a 14-a<\/strong>&nbsp;-2004, 2003 &#8211; 20\u2019<\/h3>\n\n\n\n<h3 class=\"wp-block-heading\">Piesele vor fi interpretate obligatoriu din memorie(fara partitura), cu exceptia celor de la categoria C, unde se accepta partitura.<\/h3>\n\n\n\n<h3 class=\"wp-block-heading\"><\/h3>\n\n\n\n<p><\/p>\n\n\n\n<p><\/p>\n\n\n\n<h3 class=\"wp-block-heading\"><strong><u><strong>REPERTORIUL<\/strong><\/u><\/strong><strong>&nbsp;<\/strong><strong><\/strong><\/h3>\n\n\n\n<h3 class=\"wp-block-heading\"><strong>va cuprinde una sau doua piese, dar&nbsp;numai&nbsp;piese romanesti. Se accepta si colinde&nbsp;(cine&nbsp;doreste, eventual cu extra minutaj). <\/strong><\/h3>\n\n\n\n<p><\/p>\n\n\n\n<p><\/p>\n\n\n\n<p><\/p>\n\n\n\n<p><\/p>\n\n\n\n<h3 class=\"wp-block-heading\"><strong>II. <u><strong>INSCRIEREA&nbsp;<\/strong><\/u><\/strong>se face&nbsp;numai online, pana&nbsp;in data de 20 noiembrie 2023(ora 24), prin trimiterea&nbsp;urmatoarelor documente:<\/h3>\n\n\n\n<h3 class=\"wp-block-heading\"><strong>1. <u><strong>Formularul de inscriere<\/strong><\/u>&nbsp;<\/strong>care&nbsp; va fi completat cu toate datele personale cerute, inclusiv&nbsp;ultimele rubrici: <\/h3>\n\n\n\n<h3 class=\"wp-block-heading\">1. cele&nbsp;cu incarcarea link-urilor&nbsp;cu inregistrari(filmul&nbsp;pieselor):&nbsp;se va trimite numai <u>Link-ul <\/u>rezultat din postarea inregistrarii (a filmului)&nbsp;&nbsp;pe youtube-ul personal, cu optiunea PUBLIC(pentru a putea fi deschis de juriu). <\/h3>\n\n\n\n<h3 class=\"wp-block-heading\"><strong>&nbsp;<\/strong><strong>si <\/strong><strong><\/strong><\/h3>\n\n\n\n<h3 class=\"wp-block-heading\"><strong>2. <\/strong>ultima rubrica&nbsp;in care se va mentiona participarea&nbsp;FIZICA la GALA din 2 decembrie de la Sinaia(cu DA, plus piesa sau piesele dorite a fi interpretate in &nbsp;Gala).<\/h3>\n\n\n\n<h2 class=\"wp-block-heading\"><strong><u><strong>Informatii tehnice(pentru inregistrare):<\/strong><\/u><\/strong><strong>&nbsp;<\/strong><strong>&nbsp;<\/strong><strong><\/strong><\/h2>\n\n\n\n<h3 class=\"wp-block-heading\">Filmarea sa se faca obligatoriu cu telefonul pe orizontala, pozitionat in spatele interpretului \u2013 dreapta, pus pe un stativ(pentru a nu se misca), iar \u00een filmare sa se vada (pe cat posibil) corpul intreg al interpretului si pianul. Pe filmare, se va mentiona obligatoriu numele si prenumele interpretului si repertoriul(neaparat cu diacritice(\u0103.\u00e2, \u00ee, \u0219, etc). Link-ul videoclipului(al filmului cu inregistrarea repertoriului ) va fi incarcat&nbsp;in contul You Tube personal (cu optiunea PUBLIC sau nelistat(nu Privat)).<\/h3>\n\n\n\n<p><\/p>\n\n\n\n<p><\/p>\n\n\n\n<h3 class=\"wp-block-heading\"><strong>2. <\/strong><strong><u><strong>Chitanta de donatie<\/strong><\/u><\/strong><strong>&nbsp;<\/strong><strong><\/strong><\/h3>\n\n\n\n<h3 class=\"wp-block-heading\"><strong>Donatia de inscriere<\/strong>&nbsp;este de&nbsp;<strong>150<\/strong>&nbsp;lei(pentru sectiunile A \u0219i B) \u0219i&nbsp;<strong>140<\/strong>&nbsp;lei(pentru sectiunea C &#8211; 4 maini) si se vor trimite in contul Fundatiei Culturale \u201dPRO PIANO-ROMANIA&nbsp;\u201d deschis la BCR sector 3 Bucuresti, Cod IBAN: RO85RNCB0074029228740001\/C.U.I. 9099960, cu specificarea <strong>obligatorie(<\/strong>&nbsp;pe ordinul de plat\u0103) a dou\u0103 elemente: <strong>Donatie<\/strong>&nbsp;plus&nbsp;<strong>numele participantului<\/strong>(nu a depunatorului).&nbsp;<\/h3>\n\n\n\n<p><\/p>\n\n\n\n<h3 class=\"wp-block-heading\"><strong>3. <\/strong><strong><u><strong>Link-ul inregistrarii<\/strong><\/u><\/strong><strong>&nbsp;repertoriului<\/strong><strong>: se va posta <\/strong><strong><u><strong>in formular<\/strong><\/u><\/strong><strong>&nbsp;numai <\/strong><strong>link-ul<\/strong><strong>&nbsp;<\/strong><strong><u><strong>youtube<\/strong><\/u><\/strong><strong>&nbsp;<\/strong><strong>rezultat prin punerea inregistrarii pe youtube-ul personal, cu <\/strong><strong>optiunea PUBLIC<\/strong><strong>, care va fi mentinuta pe tot parcursul concursului!<\/strong><strong><\/strong><\/h3>\n\n\n\n<h4 class=\"wp-block-heading\"><strong>Confirmarea \u00eenscrierii<\/strong> se va face imediat sau cel mult dup\u0103 2 zile. Dac\u0103 nu ati primit confirmarea, inseamn\u0103 ca \u00eenscrierea nu s-a primit. In acest caz, numai dup\u0103 2 zile de la trimitere, \u00eentreba\u021bi telefonic(la nr. 0722 382 626).<\/h4>\n\n\n\n<p><\/p>\n\n\n\n<p><\/p>\n\n\n\n<p><\/p>\n\n\n\n<h3 class=\"wp-block-heading\"><strong>III.<\/strong> <strong>Lista participantilor&nbsp;inscrisi <\/strong>va fi publicata in data de 22&nbsp;noiembrie (seara), in link-ul Programare(de sub Formularul de inscriere). Participantii care nu se vad trecuti in lista sa ne anunte telefonic (inseamna ca nu s-au primit documentele)<\/h3>\n\n\n\n<h3 class=\"wp-block-heading\">Totodata se va publica lista cu participantii la GALA fizica de la Sinaia, cu repertoriul specificat in formular.<\/h3>\n\n\n\n<p><\/p>\n\n\n\n<p><\/p>\n\n\n\n<p><\/p>\n\n\n\n<h3 class=\"wp-block-heading\"><strong>IV. PREMIILE:<\/strong><strong><\/strong><\/h3>\n\n\n\n<h3 class=\"wp-block-heading\"><strong>Premiile &#8211; <\/strong>se vor afisa in data de 25 noiembrie(seara), pe Site-ul Fundatiei, tot in link-ul Programare.<\/h3>\n\n\n\n<h3 class=\"wp-block-heading\">Se vor acorda urmatoarele premii&nbsp;:&nbsp;<strong>Premii I, II, III, Mentiuni<\/strong>, Diplome de&nbsp;<strong>Participare<\/strong>(pentru cei care nu se califica la unul din premii), precum \u0219i&nbsp;<strong>Marele Premiu<\/strong>&nbsp;al categoriei sau sectiunii si alte <strong>Premii Speciale&nbsp;<\/strong>(<strong>Premii de Excelenta<\/strong>, premii pentru tehnica, interpretare,&nbsp;muzicalitate, prezenta scenica, etc). Deciziile juriului nu pot fi contestate.<\/h3>\n\n\n\n<h3 class=\"wp-block-heading\">Cei mai buni participanti vor <strong>fi programati ulterior, <\/strong>pe parcursul anului 2024, \u00een recitalurile Fundatiei \u201dPRO PIANO-ROMANIA\u201d.<\/h3>\n\n\n\n<p><\/p>\n\n\n\n<p><\/p>\n\n\n\n<h3 class=\"wp-block-heading\"><strong>V. DIPLOMELE<\/strong><strong>: &nbsp;<\/strong><strong><\/strong><\/h3>\n\n\n\n<h3 class=\"wp-block-heading\"><strong>&nbsp;Diplomele<\/strong>&nbsp;concurentilor: se vor trimite ulterior, <strong>online<\/strong>, <strong>pe adresa de e-mail a profesorului<\/strong>, pentru o mai sigura primire a lor .<\/h3>\n\n\n\n<p><\/p>\n\n\n\n<p><\/p>\n\n\n\n<h3 class=\"wp-block-heading\"><strong>VI. &nbsp;GALA CONCURSULUI&nbsp;<\/strong><strong><\/strong><\/h3>\n\n\n\n<h2 class=\"wp-block-heading\">va avea loc \u00een ziua de <strong>2&nbsp;decembrie 2023, incepand cu ora 11,00<\/strong>, la Casa Memoriala \u201dGeorge Enescu\u201d din Sinaia. Pot participa concurentii&nbsp;care&nbsp;si-au confirmat optiunea( DA si inclusiv repertoriul) pe formularul de inscriere. <\/h2>\n\n\n\n<h2 class=\"wp-block-heading\">Repertoriul pentru Gala este la libera alegere concurentilor si va fi mentionat in aceeasi rubrica, pe scurt.<\/h2>\n\n\n\n<h3 class=\"wp-block-heading\">Participantii care doresc si vizitarea Casei Memoriale(care se face organizat, cu ghid), vor trebui sa cumpere bilet de vizitare).<\/h3>\n\n\n\n<h2 class=\"wp-block-heading\"><strong>Cele mai bune interpretari se vor pune pe youtube-ul Muzeului National \u201dGeorge Enescu\u201d si al Fundatiei!<\/strong><\/h2>\n\n\n\n<h3 class=\"wp-block-heading\">Transportul si intreaga deplasare,&nbsp;revin in exclusivitate participantilor!<\/h3>\n\n\n\n<p><\/p>\n\n\n\n<p><\/p>\n\n\n\n<h3 class=\"wp-block-heading\"><strong>VII. Informatii suplimentare <\/strong><strong><\/strong><\/h3>\n\n\n\n<h3 class=\"wp-block-heading\">se vor lua de la Fundatia Culturala \u201ePRO PIANO-ROMANIA\u201d \u2013 prof. Stela Avesalon, Tel&nbsp;: &nbsp;0722 382 626 (\u00een afara orelor 14-17).&nbsp;Orice&nbsp;completare sau&nbsp;modificare&nbsp; ulterioara se va cere direct la organizator, numai prin&nbsp;SMS&nbsp;sau&nbsp;e-mail: propiano@gmail.com <\/h3>\n","protected":false},"excerpt":{"rendered":"<p>REGULAMENTUL CONCURSULUI NATIONAL &#8211; ONLINE \u201dMUZICA ROMANEASCA pentru PIAN\u201d&nbsp; Se vor canta numai piese romanesti (se accepta si colinde, cu minutaj extra daca este necesar) &nbsp; REGULAMENT I. &nbsp;Concursul &nbsp;\u201dMUZICA ROMANEASCA pentru pian\u201d&nbsp;editia a VI-a este, din motive obiective, o editie exclusiva ONLINE, (cu inregistrari), dar cu o GALA FIZICA&nbsp;la Sinaia, la Casa Memoriala \u201dGeorge [&hellip;]<\/p>\n","protected":false},"author":1,"featured_media":0,"parent":0,"menu_order":0,"comment_status":"closed","ping_status":"closed","template":"","meta":{"footnotes":""},"class_list":["post-9046","page","type-page","status-publish","hentry"],"_links":{"self":[{"href":"https:\/\/www.propiano.org\/romanian\/wp-json\/wp\/v2\/pages\/9046","targetHints":{"allow":["GET"]}}],"collection":[{"href":"https:\/\/www.propiano.org\/romanian\/wp-json\/wp\/v2\/pages"}],"about":[{"href":"https:\/\/www.propiano.org\/romanian\/wp-json\/wp\/v2\/types\/page"}],"author":[{"embeddable":true,"href":"https:\/\/www.propiano.org\/romanian\/wp-json\/wp\/v2\/users\/1"}],"replies":[{"embeddable":true,"href":"https:\/\/www.propiano.org\/romanian\/wp-json\/wp\/v2\/comments?post=9046"}],"version-history":[{"count":84,"href":"https:\/\/www.propiano.org\/romanian\/wp-json\/wp\/v2\/pages\/9046\/revisions"}],"predecessor-version":[{"id":9569,"href":"https:\/\/www.propiano.org\/romanian\/wp-json\/wp\/v2\/pages\/9046\/revisions\/9569"}],"wp:attachment":[{"href":"https:\/\/www.propiano.org\/romanian\/wp-json\/wp\/v2\/media?parent=9046"}],"curies":[{"name":"wp","href":"https:\/\/api.w.org\/{rel}","templated":true}]}}