{"id":9026,"date":"2023-01-19T21:19:36","date_gmt":"2023-01-19T21:19:36","guid":{"rendered":"https:\/\/www.propiano.org\/romanian\/?page_id=9026"},"modified":"2023-06-06T06:21:23","modified_gmt":"2023-06-06T06:21:23","slug":"regulament-2023","status":"publish","type":"page","link":"https:\/\/www.propiano.org\/romanian\/regulament-2023\/","title":{"rendered":"Regulament 2023"},"content":{"rendered":"\n<div class=\"wp-block-file\"><a href=\"blob:https:\/\/www.propiano.org\/e466d2d2-a231-443a-8016-29ed37843d82\" class=\"wp-block-file__button wp-element-button\" download>Download<\/a><\/div>\n\n\n\n<p><\/p>\n\n\n\n<div data-wp-interactive=\"core\/file\" class=\"wp-block-file\"><object data-wp-bind--hidden=\"!state.hasPdfPreview\" hidden class=\"wp-block-file__embed\" data=\"https:\/\/www.propiano.org\/romanian\/wp-content\/uploads\/2023\/06\/PPR-AFIS-tiparTEMPLATE-4.pdf\" type=\"application\/pdf\" style=\"width:100%;height:600px\" aria-label=\"Embed of PPR-AFIS-tiparTEMPLATE-4.\"><\/object><a id=\"wp-block-file--media-44e6c7d9-dbf1-4403-ba41-b998c435508a\" href=\"https:\/\/www.propiano.org\/romanian\/wp-content\/uploads\/2023\/06\/PPR-AFIS-tiparTEMPLATE-4.pdf\">PPR-AFIS-tiparTEMPLATE-4<\/a><a href=\"https:\/\/www.propiano.org\/romanian\/wp-content\/uploads\/2023\/06\/PPR-AFIS-tiparTEMPLATE-4.pdf\" class=\"wp-block-file__button wp-element-button\" download aria-describedby=\"wp-block-file--media-44e6c7d9-dbf1-4403-ba41-b998c435508a\">Download<\/a><\/div>\n\n\n\n<div class=\"wp-block-file\"><a href=\"blob:https:\/\/www.propiano.org\/36faa5ad-3dcc-42c9-87fb-779d9e41f1cf\" class=\"wp-block-file__button wp-element-button\" download>Download<\/a><\/div>\n\n\n\n<p><\/p>\n\n\n\n<h2 class=\"has-text-align-center wp-block-heading\"><strong>Regulamentul&nbsp;Concursului International de&nbsp;Interpretare Pianistica <\/strong><\/h2>\n\n\n\n<h1 class=\"has-text-align-center wp-block-heading\"><strong>\u201cPRO PIANO-ROM\u00c2NIA\u201d,&nbsp;<\/strong><\/h1>\n\n\n\n<h3 class=\"has-text-align-center wp-block-heading\"><strong>Editia a XXVII-a, 15&nbsp;\u2013 18&nbsp;iunie, 2023<\/strong><\/h3>\n\n\n\n<p><\/p>\n\n\n\n<p><strong>I.<\/strong>&nbsp;Concursul International \u201cPRO-PIANO-ROM\u00c2NIA\u201d este deschis tinerilor pianisti de orice nationalitate, nascu\u021bti dup\u0103 1 ianuarie 1993&nbsp;si se desfasoar\u0103 \u00een 4 sectiuni: <strong>A&nbsp;&#8211; Junior<\/strong>(&nbsp;cu 4 categorii),&nbsp;<strong>B<\/strong>(cu 8 categorii),    <strong>C &#8211; Profesionisti \u0219i D<\/strong> &#8211; 4 m\u00e2ini,&nbsp;divizate la r\u00e2ndul lor \u00een categorii, \u00een functie de anul de nastere al concurentilor:&nbsp;<\/p>\n\n\n\n<p><\/p>\n\n\n\n<h3 class=\"wp-block-heading\"><strong>SECTIUNEA &nbsp;A<\/strong>&nbsp;<strong><em><strong><em>&#8211; <\/em><\/strong><\/em>JUNIOR<em><strong><em>(o etapa)<\/em><\/strong><\/em><\/strong>&nbsp;:<\/h3>\n\n\n\n<p><\/p>\n\n\n\n<h5 class=\"wp-block-heading\">Categ. <strong>A1<\/strong> \u2013 nascuti in anul <strong>2016(<\/strong>si dupa)<\/h5>\n\n\n\n<h5 class=\"wp-block-heading\">Categ. <strong>A2<\/strong> \u2013 <strong>2015<\/strong><\/h5>\n\n\n\n<h5 class=\"wp-block-heading\">Categ.<strong> A3<\/strong> \u2013 <strong>2014<\/strong><\/h5>\n\n\n\n<h5 class=\"wp-block-heading\">Categ. <strong>A4<\/strong> \u2013 <strong>2013<\/strong><\/h5>\n\n\n\n<p><\/p>\n\n\n\n<h4 class=\"wp-block-heading\"><strong><u><strong>Repertoriul Sectiunii A &#8211; 3 piese:<\/strong><\/u><\/strong><\/h4>\n\n\n\n<ul class=\"wp-block-list\">\n<li>&nbsp;un studiu<\/li>\n\n\n\n<li>&nbsp;Dou\u0103 piese la alegere din repertoriul preclasic(baroc), clasic, romantic, modern, rom\u00e2nesc<\/li>\n<\/ul>\n\n\n\n<p>&nbsp;Minutaj maxim: 10 minute<\/p>\n\n\n\n<p><\/p>\n\n\n\n<p><\/p>\n\n\n\n<h3 class=\"wp-block-heading\"><strong>SECTIUNEA &nbsp;B&nbsp;\u2013 8 categorii<em>&nbsp;<em>(2 etape)<\/em><\/em>. <\/strong><\/h3>\n\n\n\n<h4 class=\"wp-block-heading\">Minutajul specificat este cel <strong>maxim<\/strong>&nbsp;admis <strong><u>pentru etapa &nbsp;II-a<\/u><\/strong>&nbsp;(pentru etapa I-a nu este minutaj obligatoriu).<\/h4>\n\n\n\n<p>Cat. 1-a \u2013 &nbsp;&nbsp;&nbsp;n\u0103scu\u021bi \u00een anul 2012&nbsp;&nbsp;\u2013 minutaj maxim pt. etapa aII-a: 10\u2019<\/p>\n\n\n\n<p>Cat. a 2-a \u2013 n\u0103scu\u021bi \u00een anul 2011<\/p>\n\n\n\n<p>Cat. a 3-a \u2013 n\u0103scu\u021bi \u00een anul 2010<\/p>\n\n\n\n<p>Cat. a 4-a \u2013 n\u0103scu\u021bi \u00een anul 2009<\/p>\n\n\n\n<p>Cat. a 5-a \u2013 n\u0103scu\u021bi \u00een anul 2008&nbsp;\u2013 minutaj maxim pt. etapa aII-a: 15\u2019<\/p>\n\n\n\n<p>Cat a 6-a \u2013 n\u0103scu\u021bi \u00een anul 2007<\/p>\n\n\n\n<p>Cat. a 7-a \u2013 n\u0103scu\u021bi \u00een anul 2006&nbsp;\u2013 minutaj maxim pt. etapa aII-a: 20\u2019<\/p>\n\n\n\n<p>Cat. a 8-a \u2013 n\u0103scu\u021bi \u00een anul 2005&nbsp;\u2013 2004<\/p>\n\n\n\n<p><\/p>\n\n\n\n<h4 class=\"wp-block-heading\"><strong><u>Repertoriul&nbsp;Sectiunii B (2 etape):<\/u><\/strong><\/h4>\n\n\n\n<p><\/p>\n\n\n\n<h4 class=\"wp-block-heading\"><strong><em><strong><em>Etapa I&nbsp;(eliminatorie):<\/em><\/strong><\/em><\/strong><\/h4>\n\n\n\n<ul class=\"wp-block-list\">\n<li>un studiu<\/li>\n\n\n\n<li>o piesa baroc\u0103(preclasic\u0103) \u2013 Bach, Haendel, Scarlatti, Rameau, etc. In cazul Suitelor sau Partitelor \u2013 numai 2-3 p\u0103r\u021bi<\/li>\n<\/ul>\n\n\n\n<p><\/p>\n\n\n\n<h4 class=\"wp-block-heading\"><strong><em><strong><em>Etapa a II-a:<\/em><\/strong><\/em><\/strong><\/h4>\n\n\n\n<ul class=\"wp-block-list\">\n<li>o pies\u0103 clasic\u0103(ex: J. Haydn, W. A. Mozart, L. van Beethoven): numai PI din Sonat\u0103, sau Tem\u0103 cu varia\u021biuni, sau&nbsp;Rondo(pies\u0103 de sine st\u0103t\u0103toare, nu ca parte de sonat\u0103)<\/li>\n\n\n\n<li>&nbsp;o pies\u0103 romantic\u0103, modern\u0103 sau rom\u00e2neasc\u0103 (una, la alegere)<\/li>\n<\/ul>\n\n\n\n<p>Se poate concura la dou\u0103 categorii: cea a v\u00e2rstei concurentului \u0219i la o categorie superioar\u0103, dar cu repertorii diferite.<\/p>\n\n\n\n<p><\/p>\n\n\n\n<p><\/p>\n\n\n\n<h3 class=\"wp-block-heading\"><strong>SECTIUNEA &nbsp;C<\/strong>&nbsp;\u2013<strong>&nbsp;<em><strong><em>(2 etape )<\/em><\/strong><\/em><\/strong>&nbsp;nascuti dupa 1993<\/h3>\n\n\n\n<p><\/p>\n\n\n\n<h4 class=\"wp-block-heading\"><strong>Repertoriul Sectiunii C :<\/strong><\/h4>\n\n\n\n<p><\/p>\n\n\n\n<h4 class=\"wp-block-heading\"><strong><em><strong><em>Etapa I (eliminatorie):<\/em><\/strong><\/em><\/strong><\/h4>\n\n\n\n<ul class=\"wp-block-list\">\n<li>dou\u0103 studii de virtuozitate(Chopin, Liszt, Schumann, Rahmaninov, Debussy, Skriabin, Prokofiev, etc)<\/li>\n\n\n\n<li>J. S. Bach \u2013 Preludiu \u0219i fug\u0103 sau 2-3 mi\u0219c\u0103ri(p\u0103r\u021bi) din Suite, Partite<\/li>\n<\/ul>\n\n\n\n<p><\/p>\n\n\n\n<h4 class=\"wp-block-heading\"><strong><em><strong><em>Etapa a II-a&nbsp;(finala) &#8211; maxim 30\u2019<\/em><\/strong><\/em><\/strong><\/h4>\n\n\n\n<ul class=\"wp-block-list\">\n<li>Recital cu piese la alegere: sonata clasica, piesa romantica, piesa moderna( din repertoriul universal sau romanesc)<\/li>\n<\/ul>\n\n\n\n<p><\/p>\n\n\n\n<p><\/p>\n\n\n\n<h3 class=\"wp-block-heading\"><strong>SECTIUNEA &nbsp;D<\/strong>&nbsp;\u2013 Ansamblu la 4 m\u00e2ini pe un pian\u2013<strong><em><strong><em>&nbsp;(o etapa):<\/em><\/strong><\/em><\/strong><\/h3>\n\n\n\n<p><strong>Categ. 1<\/strong>&nbsp;\u2013 nascu\u021bi intre 2014(si dupa)&nbsp;\u2013 2009<\/p>\n\n\n\n<p><strong>Categ. a 2<\/strong>-a-nascu\u021bi intre 2008 \u2013 2003<\/p>\n\n\n\n<p><strong>Categ. a 3<\/strong>-a-nascu\u021bi intre 2002- 1992(ca varsta, unul din parteneri poate depasi limita cu 1-2 ani, cu conditia ca celalalt sa fie pana \u00een 30 ani).<\/p>\n\n\n\n<p><\/p>\n\n\n\n<h4 class=\"wp-block-heading\"><strong>Repertoriul&nbsp;sectiunii D: <\/strong>piese la alegere, cu urm\u0103torul minutaj maxim: &nbsp;&nbsp;&nbsp;&nbsp;&nbsp;&nbsp;&nbsp;&nbsp;&nbsp;&nbsp;&nbsp;&nbsp;&nbsp;&nbsp;&nbsp;<\/h4>\n\n\n\n<h4 class=\"wp-block-heading\">cat. 1 \u2013 7\u2019&nbsp;&nbsp;&nbsp;&nbsp;&nbsp;&nbsp;&nbsp;&nbsp;&nbsp;&nbsp;&nbsp;&nbsp;&nbsp; &nbsp; &nbsp;&nbsp;&nbsp; cat. a 2-a \u2013 15\u2019&nbsp;&nbsp;&nbsp;&nbsp;&nbsp;&nbsp;&nbsp; &nbsp;&nbsp;&nbsp;&nbsp;&nbsp;&nbsp;&nbsp;&nbsp;&nbsp;&nbsp;&nbsp;&nbsp;&nbsp; cat. a 3 &#8211; 30\u2032&nbsp;&nbsp;&nbsp;&nbsp;<\/h4>\n\n\n\n<p>Ordinea intrarii \u00een concurs este cea alfabetic\u0103 pentru fiecare categorie de v\u00e2rst\u0103.<\/p>\n\n\n\n<p>Ordinea de interpretare a pieselor este la libera alegere a candida\u021bilor. Toate piesele se vor interpreta din memorie(f\u0103r\u0103 partitur\u0103). \u00cen cazul dep\u0103\u0219irii duratei maxime stabilite pentru etapa a II-a,&nbsp; juriul va \u00eentrerupe evolu\u021bia candidatului. Toate probele sunt publice.<\/p>\n\n\n\n<p><\/p>\n\n\n\n<p><\/p>\n\n\n\n<h3 class=\"wp-block-heading\"><strong>II. Inscrierile&nbsp;si programarea:&nbsp;<\/strong><\/h3>\n\n\n\n<h4 class=\"wp-block-heading\">&#8211;<strong> Inscrieri se pot face pana la&nbsp;data de luni <span style=\"text-decoration: underline;\">5 iunie 2023<\/span>, ora 24.&nbsp;<\/strong><\/h4>\n\n\n\n<h4 class=\"wp-block-heading\"><strong>&#8211; Programarea intrarii&nbsp;in concurs &#8211; miercuri 7&nbsp;iunie(seara), \u00een cel de al 3-lea link \u2013 <em>Programari <\/em>(dup\u0103 Formular).<em> <\/em><\/strong><\/h4>\n\n\n\n<p>Fiind Concurs International&nbsp; nu&nbsp;se admit cereri speciale pentru programare in anumite zile sau ore.<\/p>\n\n\n\n<p><strong>Modalitati de inscriere):<\/strong><\/p>\n\n\n\n<p><strong><em><u>numai online<\/u><\/em><\/strong>, prin completarea <strong><em>formularului de inscriere tip<\/em><\/strong>, afi\u0219at pe Site, dup\u0103 Regulament, la adresa: <a href=\"http:\/\/www.propiano.org\/Romana\/Concurs%20de%20pian%202022\/Formular%202022\"><u>www.propiano.org\/Romana\/Concurs de pian 2023\/Formular 2023<\/u><\/a><\/p>\n\n\n\n<p>Repertoriul scris \u00een formular nu poate fi modificat ulterior.<\/p>\n\n\n\n<p>Pentru sec\u021biunea D(4 m\u00e2ini) numele ambilor interpre\u021bi se vor \u00eenscrie<strong>&nbsp;pe acela\u0219i&nbsp;formular<\/strong>(cu datele respective).&nbsp;<\/p>\n\n\n\n<p><\/p>\n\n\n\n<p><\/p>\n\n\n\n<h3 class=\"wp-block-heading\"><strong>Documentele necesare \u00eenscrierii:<\/strong><\/h3>\n\n\n\n<p><strong><em>1. Formularul de \u00eenscriere tip<\/em><\/strong>(aflat pe Site, dup\u0103 Regulament), cel corespunz\u0103tor sec\u021biunii dorite, care se va completa cu toate datele cerute.<\/p>\n\n\n\n<p>Aten\u021bie la nume( dac\u0103 con\u021bine diacritice: \u0103, \u00e2, \u00ee, \u0219, \u021b), pentru scrierea corect\u0103 a diplomelor!<\/p>\n\n\n\n<p> <strong>2,<\/strong> <strong><em>Copia chitantei<\/em><\/strong>&nbsp;de plat\u0103 a&nbsp;donatiei(scanat\u0103)&nbsp;&nbsp;<\/p>\n\n\n\n<p><strong>Donatia de inscriere <\/strong>pentru sec\u021biunea <strong>A &#8211; <\/strong>250 lei&nbsp;\/ &nbsp;pentru sec\u021biunea <strong>B&nbsp;&#8211; <\/strong>300 lei&nbsp;\/&nbsp;pentru sec\u021biunea <strong>C&nbsp;&#8211; <\/strong>350 lei \/ pentru sec\u021biunea <strong>D<\/strong>\/cuplu &#8211; 260 lei . Aceasta suma va fi trimis\u0103 in contul Fundatiei \u201cPro Piano -Romania\u201d deschis la B C R \u2013 Sector 3, Bucuresti:<\/p>\n\n\n\n<p><strong>Cod IBAN nr.<\/strong>&nbsp;RO85RNCB0074029228740001 \/ Cod fiscal 9099960.<\/p>\n\n\n\n<p>\u00cen caz de renuntare sau neparticipare, donatia nu se va returna(cu nici un motiv).<\/p>\n\n\n\n<p>Se vor \u00eenregistra numai dosarele&nbsp;complete, cu ambele documente(trimiteri separate nu sunt admise).<\/p>\n\n\n\n<h4 class=\"wp-block-heading\">Veti primi o <strong><em><u>confirmare de primire<\/u><\/em>&nbsp;<\/strong>a documentelor de inscriere, dupa cel mult doua zile de la trimitere! <strong>Dac\u0103 nu primiti confirmarea<\/strong> <strong>inseamn\u0103 ca nu s-au primit documentele.<\/strong><\/h4>\n\n\n\n<p><\/p>\n\n\n\n<h3 class=\"wp-block-heading\"><strong>Important: <\/strong><\/h3>\n\n\n\n<p><strong>Programare intrarii in concurs va apare <\/strong> &#8211; <strong>miercuri 7 iunie<span style=\"text-decoration: underline;\">(seara)<\/span><\/strong><span style=\"text-decoration: underline;\">.<\/span> \u00een cel de al 3-lea link \u2013 <em>Program\u0103ri <\/em>(dup\u0103 Formular). Dac\u0103 se constat\u0103 greseli de nume sau alte omisiuni, va rog s\u0103 le semnalati <strong>numai prin SMS&nbsp;sau e-mail<\/strong>(nu la telefon).<\/p>\n\n\n\n<p>Cheltuielile de transport, cazare, masa vor fi suportate de catre participanti.<\/p>\n\n\n\n<p><\/p>\n\n\n\n<p><\/p>\n\n\n\n<h3 class=\"wp-block-heading\"><strong>III. Premii:<\/strong><\/h3>\n\n\n\n<p>* TROFEUL \u2013 MARELE PREMIU al Concursului International \u201cPro Piano \u2013 Romania\u201d<\/p>\n\n\n\n<p>* Cate 5 (cinci) premii la fiecare categorie, inclusiv Premiul I de Excelen\u021b\u0103<\/p>\n\n\n\n<p>* Premii speciale<\/p>\n\n\n\n<p>* Premiul pentru interpretarea de exceptie a unei piese romanesti sau a unei alte piese din repertoriul prezentat,<\/p>\n\n\n\n<p>*Premiul <strong>\u201dGEORGETA&nbsp; SANDU\u201d<\/strong> &#8211; oferit de Prof. Univ Dr. Constantin Sandu (Porto &#8211; Portugalia),<\/p>\n\n\n\n<p>* Premii din partea sponsorilor.<\/p>\n\n\n\n<p>Participantii care nu au trecut in etapa a II-a, sau cei care nu s-au calificat la nici un premiu, vor primi(la cerere) Diplome de Participare!<\/p>\n\n\n\n<p><strong>Toate premiile<\/strong>&nbsp;concursului(<strong>diplome, medalii, trofee<\/strong>) vor fi \u00eenmanate personal laureatilor \u00een festivitatea de premiere \u2013 <strong>Gala de Premiere<\/strong> &#8211; <strong>18&nbsp;iunie, ora 11,00 tot la Arcub, locatia concursului<\/strong>. To\u021bi laureatii sunt ruga\u021bi s\u0103 se prezinte&nbsp;<strong><em><u><strong><em>\u00een \u021binut\u0103 de gal\u0103<\/em><\/strong><\/u><\/em><\/strong>&nbsp;la festivitatea de premiere (\u00een caz contrar, nu vor fi acceptati \u00een pozele de grup).<\/p>\n\n\n\n<p><strong>\u2013&nbsp;Important:<\/strong><em>&nbsp;\u00een caz de neprezentare personala&nbsp;in gala, este obligatorie <\/em><strong><em>delegarea unei alte persoane<\/em><\/strong><em>&nbsp;pentru ridicarea premiului, ocazie cu care va semna intr-un tabel special , cu numele celui pentru care se ridic\u0103 premiul. <\/em><strong><em>Fundatia nu-si ia angajamentul trimiterilor ulterioare(nici prin post\u0103, nici pe alta cale)<\/em><\/strong><em>.<\/em><\/p>\n\n\n\n<p><\/p>\n\n\n\n<p><\/p>\n\n\n\n<h3 class=\"wp-block-heading\"><strong>IV. Juriul&nbsp;concursului<\/strong>&nbsp;va fi alcatuit din personalitati ale vietii muzicale romanesti si internationale.<\/h3>\n\n\n\n<p><strong>Hot\u0103r\u00e2rile juriului sunt definitive \u0219i inatacabile.<\/strong>&nbsp;Din momentul \u00eenscrierii la concurs, candida\u021bii accept\u0103 prezentul regulament \u0219i auroritatea juriului. Pentru eventualele \u00eenregistr\u0103ri audio-video concuren\u021bii nu vor putea solicita onorariu.<\/p>\n\n\n\n<p><\/p>\n\n\n\n<h3 class=\"wp-block-heading\"><strong>Informatii suplimentare<\/strong>&nbsp;se pot obtine la:&nbsp;&nbsp;<\/h3>\n\n\n\n<p>Tel\/mobil : 0722.38.26.26&nbsp;(\u00een afara orelor 14-17)<\/p>\n\n\n\n<p>E-mail :&nbsp;<a href=\"mailto:propiano@gmail.com\"><u>propiano@gmail.com<\/u><\/a><\/p>\n\n\n\n<p>Web page:&nbsp;<a href=\"http:\/\/www.propiano.org\"><u>www.propiano.org<\/u><\/a><\/p>\n\n\n\n<p><\/p>\n","protected":false},"excerpt":{"rendered":"<p>Regulamentul&nbsp;Concursului International de&nbsp;Interpretare Pianistica \u201cPRO PIANO-ROM\u00c2NIA\u201d,&nbsp; Editia a XXVII-a, 15&nbsp;\u2013 18&nbsp;iunie, 2023 I.&nbsp;Concursul International \u201cPRO-PIANO-ROM\u00c2NIA\u201d este deschis tinerilor pianisti de orice nationalitate, nascu\u021bti dup\u0103 1 ianuarie 1993&nbsp;si se desfasoar\u0103 \u00een 4 sectiuni: A&nbsp;&#8211; Junior(&nbsp;cu 4 categorii),&nbsp;B(cu 8 categorii), C &#8211; Profesionisti \u0219i D &#8211; 4 m\u00e2ini,&nbsp;divizate la r\u00e2ndul lor \u00een categorii, \u00een functie de anul [&hellip;]<\/p>\n","protected":false},"author":1,"featured_media":0,"parent":0,"menu_order":0,"comment_status":"closed","ping_status":"closed","template":"","meta":{"footnotes":""},"class_list":["post-9026","page","type-page","status-publish","hentry"],"_links":{"self":[{"href":"https:\/\/www.propiano.org\/romanian\/wp-json\/wp\/v2\/pages\/9026","targetHints":{"allow":["GET"]}}],"collection":[{"href":"https:\/\/www.propiano.org\/romanian\/wp-json\/wp\/v2\/pages"}],"about":[{"href":"https:\/\/www.propiano.org\/romanian\/wp-json\/wp\/v2\/types\/page"}],"author":[{"embeddable":true,"href":"https:\/\/www.propiano.org\/romanian\/wp-json\/wp\/v2\/users\/1"}],"replies":[{"embeddable":true,"href":"https:\/\/www.propiano.org\/romanian\/wp-json\/wp\/v2\/comments?post=9026"}],"version-history":[{"count":34,"href":"https:\/\/www.propiano.org\/romanian\/wp-json\/wp\/v2\/pages\/9026\/revisions"}],"predecessor-version":[{"id":9384,"href":"https:\/\/www.propiano.org\/romanian\/wp-json\/wp\/v2\/pages\/9026\/revisions\/9384"}],"wp:attachment":[{"href":"https:\/\/www.propiano.org\/romanian\/wp-json\/wp\/v2\/media?parent=9026"}],"curies":[{"name":"wp","href":"https:\/\/api.w.org\/{rel}","templated":true}]}}