{"id":8991,"date":"2023-01-14T20:15:22","date_gmt":"2023-01-14T20:15:22","guid":{"rendered":"https:\/\/www.propiano.org\/romanian\/?page_id=8991"},"modified":"2023-05-17T16:37:42","modified_gmt":"2023-05-17T16:37:42","slug":"regulament-bucuresti-2023","status":"publish","type":"page","link":"https:\/\/www.propiano.org\/romanian\/regulament-bucuresti-2023\/","title":{"rendered":"<a href=\"https:\/\/www.propiano.org\/romanian\/regulament-bucuresti-2023\/\">Regulament Bucuresti 2023<\/a>"},"content":{"rendered":"\n<p><\/p>\n\n\n\n<h3 class=\"wp-block-heading\"><strong>Important pentru Fundatie: <\/strong><\/h3>\n\n\n\n<h4 class=\"wp-block-heading\"><strong>Pana la 25 mai 2023 se mai pot depune Formularele 230 &#8211; pentru Sponsorizare 3,5% din impozitul anului 2022. Vezi Formularul pe Site &#8211; Sponsorizari!  Multumim anticipat!<\/strong><\/h4>\n\n\n\n<p><\/p>\n\n\n\n<p><\/p>\n\n\n\n<p><\/p>\n\n\n\n<p><\/p>\n\n\n\n<p><\/p>\n\n\n\n<h3 class=\"has-text-align-center wp-block-heading\"><strong>Concursul va avea loc la Colegiul National de Muzica \u201dGEORGE ENESCU\u201d- Bucuresti, str. General Gheorghe Manu nr.30<\/strong><\/h3>\n\n\n\n<p><\/p>\n\n\n\n<h2 class=\"wp-block-heading\"><strong>REGULAMENTUL  CONCURSULUI  NATIONAL<\/strong> <\/h2>\n\n\n\n<h2 class=\"wp-block-heading\"><strong>\u201cPRIETENII&nbsp; MUZICII \/ PRO PIANO-ROMANIA\u201d <\/strong> &#8211; <strong>BUCURESTI<\/strong><\/h2>\n\n\n\n<h2 class=\"wp-block-heading\"><strong>EDITIA a XXI-a, 20&nbsp;\u2013 21&nbsp;mai, 2023<\/strong><\/h2>\n\n\n\n<p><\/p>\n\n\n\n<p><\/p>\n\n\n\n<p><\/p>\n\n\n\n<p><strong>I.<\/strong>&nbsp;Manifestarea este deschis\u0103 copiilor cu v\u00e2rsta cuprins\u0103 \u00eentre 5 \u015fi 19 ani, fiind divizat\u0103 \u00een 3 sec\u0163iuni: A,B,C.<\/p>\n\n\n\n<p><strong>Sec\u0163iunea A<\/strong>&nbsp;\u2013 tineri care studiaz\u0103 pianul ca instrument principal, \u00een \u0219coli \u0219i licee de muzic\u0103<\/p>\n\n\n\n<p><strong>Sec\u0163iunea B<\/strong>&nbsp;\u2013 tineri care studiaz\u0103 pianul ca instrument op\u021bional( \u00een \u015fcoli \u015fi licee de muzic\u0103), in Palatele Copiilor, Cluburi sau in sistem particular.<\/p>\n\n\n\n<p><strong>Sec\u021biunea C<\/strong>&nbsp;\u2013 ansamblu la 4 m\u00e2ini(pe un pian)<\/p>\n\n\n\n<p><\/p>\n\n\n\n<p><\/p>\n\n\n\n<p><strong>II.<\/strong>&nbsp;Pentru o mai bun\u0103 evaluare, fiecare din sectiunile A si B este divizat\u0103 \u00een&nbsp;<strong>15 categorii,<\/strong>&nbsp;\u00een func\u0163ie de anul na\u015fterii participan\u0163ilor:<\/p>\n\n\n\n<p><strong>&nbsp;&nbsp;&nbsp;&nbsp;&nbsp;&nbsp; Categoriile Sec\u021biunilor&nbsp; A si B <\/strong>:<\/p>\n\n\n\n<figure class=\"wp-block-table\"><table><tbody><tr><td><strong>categoria 0\u20132018<\/strong><br><strong>cat. &nbsp;1-a&nbsp; \u2013 &nbsp;2017<\/strong><br><strong>cat. a 2-a \u2013 2016<\/strong><br><strong>cat. a 3-a \u2013 2015<\/strong><br><strong>cat. a 4-a \u2013 2014<\/strong><\/td><td><strong>cat. a 5-a \u2013 2013<\/strong><br><strong>cat. a 6-a \u2013 2012<\/strong><br><strong>cat. a 7-a \u2013 2011<\/strong><br><strong>cat. a 8-a \u2013 2010 <\/strong><br><strong>cat. a 9-a \u2013 2009<\/strong><\/td><td><strong>cat. a 10-a \u2013 2008<\/strong><br><strong>cat. a 11-a \u2013 2007<\/strong><br><strong>cat. a 12-a \u2013 2006<\/strong><br><strong>cat. a 13-a \u2013 2005  <\/strong><br><strong>cat. a 14-a \u2013 2004, 2003<\/strong><\/td><\/tr><\/tbody><\/table><\/figure>\n\n\n\n<p><strong>M<\/strong><strong>inutajele <\/strong><strong><u><strong>maxime<\/strong><\/u><\/strong>&nbsp;<strong>admise<\/strong><strong>:<\/strong><strong><\/strong><\/p>\n\n\n\n<p>Sec\u021biunea <strong>A<\/strong>: cat. 1 \u2013 4 = &nbsp;5\u2032 \/ &nbsp;cat. 5 \u2013 8 = &nbsp;9\u2032 \/ &nbsp;cat. 9\u201310 = 12\u2032 \/ &nbsp;cat. 11-12 =15\u2032 \/ cat. 13-14=20\u2032<\/p>\n\n\n\n<p>Sec\u021biunea <strong>B<\/strong>: cat. 0&nbsp;\u2013 2&nbsp;= 3\u2032 \/&nbsp; cat. 3&nbsp;\u2013 5&nbsp;= 7\u2032 \/ &nbsp; cat. 9\u201310 = 9\u2032 \/&nbsp;&nbsp; &nbsp;cat. 11- 12 =12\u2032 \/ cat. 13-14=15\u2032<strong>&nbsp;<\/strong><\/p>\n\n\n\n<p>Programul men\u021bionat \u00een fi\u0219a de \u00eenscriere nu poate fi modificat ulterior. Ordinea interpret\u0103rii pieselor din repertoriu este la libera alegere a participan\u021bilor. <strong>&nbsp;<\/strong><\/p>\n\n\n\n<p><strong>Sec\u0163iunea&nbsp;C<\/strong>(4 m\u00e2ini)&nbsp;este divizat\u0103, \u00een 3 categorii:&nbsp;<strong>C1<\/strong>&nbsp;(cat. 0-4),&nbsp;<strong>C2&nbsp;<\/strong>(cat. 5-9),&nbsp;<strong>C3<\/strong>&nbsp;(cat. 10-14), \u0163in\u00e2ndu-se cont de v\u00e2rsta celor 2 membrii (nu e obligatorie apartenen\u0163a la aceea\u015fi categorie). Repertoriul ales poate fi executat din partitur\u0103 sau din memorie, respect\u00e2nd urm\u0103toarele durate maxime:<\/p>\n\n\n\n<p>C1 \u2013 5\u2019&nbsp; \/&nbsp;&nbsp;&nbsp;&nbsp; C2 \u2013 10\u2019&nbsp;&nbsp;&nbsp; \/&nbsp;&nbsp;&nbsp;&nbsp;&nbsp;&nbsp;&nbsp; C3 \u2013 15\u2019<\/p>\n\n\n\n<p><\/p>\n\n\n\n<p><\/p>\n\n\n\n<p><strong>III.<\/strong>&nbsp;<strong>Repertoriul&nbsp;sec\u021biunilor A \u0219i B&nbsp;<\/strong>va cuprinde <strong>una sau dou\u0103<\/strong>&nbsp;lucr\u0103ri la alegerea participan\u0163ilor, <strong>obligatoriu&nbsp;din memorie<\/strong>, respect\u00e2nd&nbsp;<strong>duratele&nbsp;maxime&nbsp;afisate mai sus(<\/strong>&nbsp;\u00een func\u021bie de categorie):<\/p>\n\n\n\n<p>Programul men\u0163ionat \u00een fi\u015fa de \u00eenscriere nu poate fi modificat ulterior. Ordinea interpret\u0103rii pieselor este la libera alegere a fiec\u0103rui participant.<\/p>\n\n\n\n<p><\/p>\n\n\n\n<p><\/p>\n\n\n\n<p><strong>IV. \u00censcrierile se fac <\/strong><strong><u><strong>numai online(prin e- mail)<\/strong><\/u><\/strong><strong>&nbsp;<\/strong>si se vor trimite dou\u0103 documente&nbsp;:<\/p>\n\n\n\n<ol class=\"wp-block-list\" type=\"1\">\n<li><strong>1. <\/strong><strong>formularul <\/strong><strong>de \u00eenscriere<\/strong>&nbsp;<strong>tip<\/strong>,&nbsp;pe care-l g\u0103si\u021bi&nbsp;\u00een Link-ul urm\u0103tor&nbsp;(dup\u0103 Regulament) si .care include&nbsp;<strong><em><strong><em>datele personale<\/em><\/strong><\/em><\/strong><strong>&nbsp;\u0219i&nbsp;<\/strong><strong><em><strong><em>repertoriul<\/em><\/strong><\/em><\/strong><em>(una sau dou\u0103 piese)<\/em>,&nbsp;El se va completa cu toate datele&nbsp;cerute&nbsp;<strong>direct pe formular,<\/strong>&nbsp;cu mare grij\u0103 la <strong>nume<\/strong>, neap\u0103rat cu diacritice&nbsp;(dac\u0103 este cazul&nbsp;:\u0103,\u00e2,\u021b, \u0219) pentru scrierea corect\u0103 a diplomelor! Reclama\u021bii ulterioare(pentru scrierea corect\u0103 a numelor) nu vor fi posibile, num\u0103rul diplomelor fiind limitat!&nbsp;<strong>CNP-ul este obligatoriu&nbsp;<\/strong>(cine nu are CNP va anexa copia certificatului de na\u0219tere sau alt act care s\u0103 cuprind\u0103 data na\u0219terii)! &nbsp;&nbsp;&nbsp;Pentru ansamblurile&nbsp;la 4 m\u00e2ini, datele celor doi participan\u0163i vor fi men\u0163ionate pe acela\u015fi formular.<\/li>\n\n\n\n<li><strong>chitan\u021ba de dona\u021bie<\/strong><strong>: <\/strong><strong>1<\/strong><strong>5<\/strong><strong>0 lei<\/strong>(30&nbsp;EURO)\/<strong>solist<\/strong>&nbsp;\u0219i&nbsp;<strong>1<\/strong><strong>4<\/strong><strong>0 lei<\/strong>&nbsp;\/ ansamblu la 4 m\u00e2ini(pentru un elev participant \u00een mai multe forma\u021bii la patru m\u00e2ini, se va achita <strong>o singur\u0103 dat\u0103<\/strong>&nbsp;partea sa de dona\u021bie&nbsp;(70 lei).&nbsp;<strong>Nu se admit mandate postale<\/strong>.&nbsp;<\/li>\n<\/ol>\n\n\n\n<p>Dona\u021bia de participare se va depune:\u00een&nbsp;<strong>contul Funda\u021biei<\/strong>&nbsp;Pro Piano, deschis la BCR sector 3 Bucuresti, Cod IBAN: RO85&nbsp;RNCB&nbsp;0074&nbsp;0292&nbsp;2874&nbsp;0001&nbsp;\/&nbsp;C.U.I. 9099960, cu specificarea&nbsp;<strong>obligatorie&nbsp;<\/strong>pe ordinul de plat\u0103 a celor 2&nbsp;<strong><u><strong>semne de identificare<\/strong><\/u><\/strong><strong>:&nbsp;a.<\/strong>&nbsp;Dona\u021bie<strong>&nbsp;Bucure\u0219ti<\/strong>&nbsp;\u0219i &nbsp;<strong>b<\/strong>.&nbsp;<strong>numele participantului<\/strong>&nbsp;pentru care se face plata(pentru formularul cu mai multi concurenti se va trece numele tuturor, unul dupa altul).&nbsp;\u00cen caz de neprezentare, dona\u021bia&nbsp;<strong>nu se returneaz\u0103<\/strong>(sub nici un motiv).<\/p>\n\n\n\n<p><strong>Cele doua documente<\/strong><strong>: <\/strong>Formularul \u0219i chitan\u021ba de dona\u021bie<strong>&nbsp;<\/strong><strong><u><strong>se vor trimite odat\u0103, printr-un singur e-mail,<\/strong><\/u><\/strong><strong>&nbsp;<\/strong>la adresa<strong>&nbsp;: <\/strong><a href=\"mailto:propiano@gmail.com\"><u>propiano@gmail.com<\/u><\/a><strong>,<\/strong>&nbsp;iar la subiect&nbsp; se va pune <strong><u><strong>numele participantului<\/strong><\/u><\/strong>.<\/p>\n\n\n\n<p><strong>Confirmarea<\/strong>&nbsp;primirii documentelor se va face tot pe mail, \u00een decurs de  2 zile. Daca nu primiti confirmarea v\u0103 rog sa ne semnala\u021bi situa\u021bia(inseamna ca nu s-au primit documentele).<\/p>\n\n\n\n<p><\/p>\n\n\n\n<p><\/p>\n\n\n\n<p><strong>V. <\/strong><strong>C<\/strong><strong>alendarul concursului&nbsp;<\/strong>( de citit atent)<strong>:<\/strong><\/p>\n\n\n\n<ul class=\"wp-block-list\">\n<li><strong>\u00censcrieri: <\/strong>p\u00e2n\u0103 <strong>vineri 12 mai 2023, ora 24<\/strong><\/li>\n\n\n\n<li><strong>Afi\u0219area&nbsp;listei participan\u021bilor<\/strong>, pe sectiuni,\u00een ordinea categoriilor <strong>\u2013&nbsp;duminica 14 mai&nbsp;2023 <\/strong>(seara)<strong>. &nbsp;<\/strong>Cu aceast\u0103 ocazie vom anun\u021ba eventualele omisiuni sau neclarit\u0103\u021bi din&nbsp;documentele trimise de dv. <\/li>\n\n\n\n<li><strong>Programarea <\/strong>pe zile si ore si alte informatii importante&nbsp;<strong>\u2013 luni 15 mai 2023 (seara<\/strong>)<\/li>\n\n\n\n<li><strong>Zilele de concurs: s\u00e2mb\u0103t\u0103 20&nbsp;mai&nbsp;<\/strong><\/li>\n<\/ul>\n\n\n\n<p><\/p>\n\n\n\n<p><\/p>\n\n\n\n<p><strong>VI.<\/strong>&nbsp;<strong>Premii<\/strong><strong>: &nbsp;<\/strong>se vor acorda<\/p>\n\n\n\n<p>&#8211; <strong>DIPLOME<\/strong>:&nbsp;Premiul&nbsp;I, II, III, Men\u021biuni, Premii&nbsp;I de Excelen\u021b\u0103, Diplome&nbsp;de Participare(pentru cei care nu se calific\u0103 la unul dintre premii), precum&nbsp;\u0219i<\/p>\n\n\n\n<p>&#8211;&nbsp;<strong>P<\/strong><strong>REMII SPECIALE:<\/strong>&nbsp;pentru interpretare stilistic\u0103(preclasic, clasic, modern, romanesc) sau a anumitor piese din program, pentru muzicalitate, virtuozitate, sensibilitate muzical\u0103, prezen\u0163\u0103 artistic\u0103 deosebit\u0103, etc.<\/p>\n\n\n\n<p>Festivit\u0103\u021bile de premiere vor avea loc de dou\u0103 ori pe zi, conform program\u0103rilor care se vor anun\u021ba&nbsp;\u00een link-ul PROGRAMARE, \u00een data de 17&nbsp;mai.<\/p>\n\n\n\n<p><\/p>\n\n\n\n<p><\/p>\n\n\n\n<p><strong>VII.<\/strong>&nbsp;<strong>Juriul<\/strong><\/p>\n\n\n\n<p>Va fi format din personalit\u0103\u0163i ale pedagogiei \u015fi muzicii rom\u00e2ne\u015fti.<\/p>\n\n\n\n<p>In momentul \u00eenscrierii \u00een Concurs, candida\u0163ii accept\u0103 prezentele condi\u0163ii \u015fi autoritatea juriului.<\/p>\n\n\n\n<p><\/p>\n\n\n\n<p><\/p>\n\n\n\n<ul class=\"wp-block-list\">\n<li><strong>Informa\u0163ii suplimentare <\/strong>se pot lua zilnic de la&nbsp;Funda\u0163ia \u201ePro Piano\u2013Rom\u00e2nia\u201d,&nbsp;prof. Stela Avesalon \u2013 tel.&nbsp;0722 382 626(in afara orelor 14-17)\/ <strong>E-mail<\/strong>:&nbsp;<a href=\"mailto:propiano@gmail.com\"><u>propiano@gmail.com<\/u><\/a>&nbsp; &nbsp;&nbsp;&nbsp;&nbsp;&nbsp;&nbsp;&nbsp;&nbsp;&nbsp;&nbsp;&nbsp;&nbsp;&nbsp; &nbsp;&nbsp;&nbsp;&nbsp;&nbsp;&nbsp;&nbsp;&nbsp;&nbsp;&nbsp;&nbsp;&nbsp;&nbsp;&nbsp;&nbsp;&nbsp;&nbsp;&nbsp;&nbsp;&nbsp;&nbsp;&nbsp;&nbsp;&nbsp;<\/li>\n<\/ul>\n\n\n\n<p><strong>Web page:&nbsp;<\/strong><a href=\"http:\/\/www.propiano.org\/Romana\/Prietenii Muzicii Bucuresti 2022\"><u>www.propiano.org\/Romana\/Prietenii Muzicii Bucuresti 202<\/u><u>3<\/u><\/a><\/p>\n","protected":false},"excerpt":{"rendered":"<p>Important pentru Fundatie: Pana la 25 mai 2023 se mai pot depune Formularele 230 &#8211; pentru Sponsorizare 3,5% din impozitul anului 2022. Vezi Formularul pe Site &#8211; Sponsorizari! Multumim anticipat! Concursul va avea loc la Colegiul National de Muzica \u201dGEORGE ENESCU\u201d- Bucuresti, str. General Gheorghe Manu nr.30 REGULAMENTUL CONCURSULUI NATIONAL \u201cPRIETENII&nbsp; MUZICII \/ PRO PIANO-ROMANIA\u201d [&hellip;]<\/p>\n","protected":false},"author":1,"featured_media":0,"parent":0,"menu_order":0,"comment_status":"closed","ping_status":"closed","template":"","meta":{"footnotes":""},"class_list":["post-8991","page","type-page","status-publish","hentry"],"_links":{"self":[{"href":"https:\/\/www.propiano.org\/romanian\/wp-json\/wp\/v2\/pages\/8991","targetHints":{"allow":["GET"]}}],"collection":[{"href":"https:\/\/www.propiano.org\/romanian\/wp-json\/wp\/v2\/pages"}],"about":[{"href":"https:\/\/www.propiano.org\/romanian\/wp-json\/wp\/v2\/types\/page"}],"author":[{"embeddable":true,"href":"https:\/\/www.propiano.org\/romanian\/wp-json\/wp\/v2\/users\/1"}],"replies":[{"embeddable":true,"href":"https:\/\/www.propiano.org\/romanian\/wp-json\/wp\/v2\/comments?post=8991"}],"version-history":[{"count":10,"href":"https:\/\/www.propiano.org\/romanian\/wp-json\/wp\/v2\/pages\/8991\/revisions"}],"predecessor-version":[{"id":9349,"href":"https:\/\/www.propiano.org\/romanian\/wp-json\/wp\/v2\/pages\/8991\/revisions\/9349"}],"wp:attachment":[{"href":"https:\/\/www.propiano.org\/romanian\/wp-json\/wp\/v2\/media?parent=8991"}],"curies":[{"name":"wp","href":"https:\/\/api.w.org\/{rel}","templated":true}]}}