{"id":8974,"date":"2023-01-14T20:07:18","date_gmt":"2023-01-14T20:07:18","guid":{"rendered":"https:\/\/www.propiano.org\/romanian\/?page_id=8974"},"modified":"2023-03-04T16:54:42","modified_gmt":"2023-03-04T16:54:42","slug":"programare-sibiu-2023","status":"publish","type":"page","link":"https:\/\/www.propiano.org\/romanian\/programare-sibiu-2023\/","title":{"rendered":"Programare Sibiu 2023"},"content":{"rendered":"\n<p><\/p>\n\n\n\n<p><\/p>\n\n\n<div class=\"wp-block-image\">\n<figure class=\"aligncenter size-large is-resized\"><a href=\"https:\/\/www.propiano.org\/romanian\/wp-content\/uploads\/2023\/03\/Afis-A3-Pro-Piano-2023-4.png\"><img loading=\"lazy\" decoding=\"async\" src=\"https:\/\/www.propiano.org\/romanian\/wp-content\/uploads\/2023\/03\/Afis-A3-Pro-Piano-2023-4-724x1024.png\" alt=\"\" class=\"wp-image-9197\" width=\"377\" height=\"533\" srcset=\"https:\/\/www.propiano.org\/romanian\/wp-content\/uploads\/2023\/03\/Afis-A3-Pro-Piano-2023-4-724x1024.png 724w, https:\/\/www.propiano.org\/romanian\/wp-content\/uploads\/2023\/03\/Afis-A3-Pro-Piano-2023-4-212x300.png 212w, https:\/\/www.propiano.org\/romanian\/wp-content\/uploads\/2023\/03\/Afis-A3-Pro-Piano-2023-4-768x1086.png 768w, https:\/\/www.propiano.org\/romanian\/wp-content\/uploads\/2023\/03\/Afis-A3-Pro-Piano-2023-4-1086x1536.png 1086w, https:\/\/www.propiano.org\/romanian\/wp-content\/uploads\/2023\/03\/Afis-A3-Pro-Piano-2023-4.png 1414w\" sizes=\"auto, (max-width: 377px) 100vw, 377px\" \/><\/a><\/figure>\n<\/div>\n\n\n<p><\/p>\n\n\n\n<p><\/p>\n\n\n\n<p><\/p>\n\n\n\n<p><\/p>\n\n\n\n<p><\/p>\n\n\n\n<h2 class=\"has-text-align-center wp-block-heading\"><strong>PROGRAMAREA&nbsp;  la&nbsp; CONCURSUL&nbsp; NATIONAL<\/strong><\/h2>\n\n\n\n<h2 class=\"has-text-align-center wp-block-heading\"><strong>&nbsp; \u201dPRIETENII MUZICII \/ PRO PIANO &#8211; ROMANIA\u201d, <\/strong><\/h2>\n\n\n\n<h2 class=\"has-text-align-center wp-block-heading\"><strong>SIBIU&nbsp; 10 -12&nbsp;martie&nbsp; 2023.<\/strong><\/h2>\n\n\n\n<p><\/p>\n\n\n\n<h4 class=\"wp-block-heading\"><strong>Concursul se va desfasura in Sala de spectacole a Bibliotecii Judetene \u201dAstra\u201d-Sibiu, str. G. Baritiu nr. 5-7<\/strong><\/h4>\n\n\n\n<p><\/p>\n\n\n\n<p><\/p>\n\n\n\n<p><\/p>\n\n\n\n<h2 class=\"wp-block-heading\"><strong>JURIUL:<\/strong>&nbsp;<\/h2>\n\n\n\n<h4 class=\"wp-block-heading\"><strong>PROF. STELA AVESALON&nbsp;&#8211; Bucuresti, Presedinte<\/strong><\/h4>\n\n\n\n<h4 class=\"wp-block-heading\"><strong>PROF. ORTH &nbsp;ENIK<\/strong>\u0150 <strong>&#8211; Sibiu<\/strong><\/h4>\n\n\n\n<h4 class=\"wp-block-heading\"><strong>PROF. DR. MONICA NOVEANU&nbsp;&#8211; Cluj-Napoca<\/strong><\/h4>\n\n\n\n<h4 class=\"wp-block-heading\"><strong>PROF.&nbsp;K\u00c1LM\u00c1N EMESE&nbsp;&#8211; Sibiu<\/strong><\/h4>\n\n\n\n<h4 class=\"wp-block-heading\"><strong>PROF. SANDA MIHAELA VULCU&nbsp;&#8211; Sibiu<\/strong><\/h4>\n\n\n\n<h4 class=\"wp-block-heading\"><\/h4>\n\n\n\n<p><\/p>\n\n\n\n<p><\/p>\n\n\n\n<p><\/p>\n\n\n\n<h2 class=\"wp-block-heading\"><strong>VINERI, 10 martie&nbsp;<\/strong><strong><\/strong><\/h2>\n\n\n\n<p><strong>orele&nbsp; 10,00 &#8211; 12,00 <\/strong>&nbsp;&nbsp;&nbsp; &nbsp; <strong>&nbsp; <\/strong><strong>Sectiunea B Sibiu<\/strong><strong><\/strong><\/p>\n\n\n\n<p><strong>B2<\/strong>&nbsp; &#8211; Fernandez Samodaiev Vladimir\/&nbsp; <strong>B4<\/strong>&nbsp;&#8211; Baltes Matei Simion , Servatius-Depner Julius\/&nbsp;<\/p>\n\n\n\n<p><strong>B5<\/strong>&nbsp;&#8211; Benea Elena Nectaria, Ghi\u0219oiu&nbsp;David \u0218tefan, Keresztes&nbsp;Julia, R\u0103du\u021biu&nbsp;Thea Eliza, Sc\u00eerlatache&nbsp;Daniel Albert&nbsp;\/&nbsp;<strong>B6<\/strong>&nbsp; &#8211; Ioni\u021b\u0103 Anastasia&nbsp; \/&nbsp; <strong>B8<\/strong>&nbsp;&#8211; Jumug\u0103 Filip Cristian, Tatu&nbsp;Johanna&nbsp;\/<strong>&nbsp;B10<\/strong>&nbsp;&#8211; B\u00e2ndescu&nbsp;Andrei Ioan&nbsp;\/&nbsp; <strong>B13<\/strong>&nbsp;&#8211; Brumar&nbsp;Ana Maya, Gheorghi\u021b\u0103 Andrei Vl\u0103du\u021b<\/p>\n\n\n\n<p><strong>orele&nbsp; 13,00 &#8211; 14,00<\/strong>&nbsp;&nbsp;&nbsp;&nbsp; &nbsp; &nbsp; <strong>Sectiunile&nbsp; A Sibiu, B Medias, &nbsp;Sighisoara, Tg.Mures<\/strong><strong><\/strong><\/p>\n\n\n\n<p><strong>B3<\/strong>&nbsp;&#8211; G\u00e1l Szintia Izabella&nbsp;\/ <strong>B5<\/strong>&nbsp;&#8211; Vajda Nimr\u00f3d \/&nbsp; <strong>B8<\/strong>&nbsp;&#8211; Blaga&nbsp;Anastasia, Fazakas&nbsp;Bal\u00e1sz&nbsp;Dominik&nbsp;\/ <strong>B10<\/strong>&nbsp;&#8211;&nbsp; Catalan&nbsp;\u0218tefania, G\u00e1ll Eszter Szid\u00f3nia\/ <strong>A7<\/strong>&nbsp;&#8211; M\u00e1th\u00e9&nbsp;Anna, Micl\u0103u\u0219 Natalia Mihaela, \/<\/p>\n\n\n\n<p><strong>A8 <\/strong>&#8211; Braga&nbsp;Zaya Rebeka, R\u0103du\u021b&nbsp;Vlad Damaschin\/ <strong>A9<\/strong>&nbsp;&#8211; Craciun&nbsp;Ioana Maria, Curc\u0103 Rebeca Ilinca,&nbsp;D\u0103nule\u021b Andrei C\u0103lin<\/p>\n\n\n\n<p><strong>orele&nbsp; 14,00 -15,00&nbsp;<\/strong>&nbsp;&nbsp;&nbsp;&nbsp;&nbsp; &nbsp; &nbsp; <strong>Sectiunea A Sibiu<\/strong><strong><\/strong><\/p>\n\n\n\n<p><strong>A10 <\/strong>&#8211; Capuzzo&nbsp;Luca, C\u00e2ndea&nbsp;Ioana Mihaela, Haiduc Luisa Sabrina\/&nbsp; <strong>A11<\/strong>&nbsp;&#8211; Prodea&nbsp;Mario Mircea&nbsp;\/ &nbsp;<strong>A12<\/strong>&nbsp;&#8211; Marin&nbsp;Delia Florina<\/p>\n\n\n\n<h3 class=\"wp-block-heading\"><strong>ora&nbsp; 15.30&nbsp;<\/strong>&nbsp;&nbsp;&nbsp;&nbsp; &nbsp; &nbsp;&nbsp; <strong>FESTIVITATE&nbsp; DE&nbsp; PREMIERE<\/strong><\/h3>\n\n\n\n<p><\/p>\n\n\n\n<p><\/p>\n\n\n\n<p><\/p>\n\n\n\n<p><\/p>\n\n\n\n<p><\/p>\n\n\n\n<h2 class=\"wp-block-heading\"><strong>SAMBATA,&nbsp; 11 martie<\/strong><\/h2>\n\n\n\n<p><strong>orele&nbsp; 10,00 &#8211; 11,00<\/strong>&nbsp;&nbsp; &nbsp; &nbsp; &nbsp;&nbsp; <strong>Sectiunile A si B&nbsp; Alba, Sighisoara, Rm-Valcea<\/strong><strong><\/strong><\/p>\n\n\n\n<p><strong>A6<\/strong>&nbsp;&#8211; Balu&nbsp;Ana Giulia&nbsp;\/ <strong>A10<\/strong>&nbsp;&#8211; Lazar Andreea Emilia \/&nbsp; <strong>B3<\/strong>&nbsp;&#8211; Oane Erika Ioana \/ <strong>B4<\/strong><strong>&nbsp;<\/strong>&#8211; Ioana Nicolae Alexandru \/ <strong>B7<\/strong>&nbsp;&#8211; P\u0103tr\u0103\u0219canu Matei \/ <strong>A6<\/strong>&nbsp;&#8211; Iarna&nbsp;Maria<\/p>\n\n\n\n<p><strong>orele&nbsp; 11.30 &#8211; 13,00<\/strong><strong>&nbsp;<\/strong>&nbsp;&nbsp; <strong>Sectiunile A &#8211; B &#8211; C&nbsp; Cluj- Napoca<\/strong><\/p>\n\n\n\n<p><strong>B4<\/strong>&nbsp;&#8211; Albert Ingrid&nbsp;Magda&nbsp;\/&nbsp;<strong>&nbsp;C <\/strong>&#8211; K\u00e9pir\u00f3&nbsp;Orsolya &#8211;&nbsp;Corbeanu Emma \/ <strong>A5<\/strong>&nbsp;&#8211; Vlad&nbsp;Carla Elena&nbsp;\/&nbsp;<\/p>\n\n\n\n<p><strong>A10 <\/strong>&#8211; Albert Zsombor, Filip&nbsp;Alexandru, Sz\u00e9kely&nbsp;N\u00e1ndor&nbsp;\/ &nbsp;<strong>A11<\/strong>&nbsp;&#8211; Bodea&nbsp;Maya&nbsp;Flavia,<\/p>\n\n\n\n<p>Csete&nbsp;Orsolya Piroska&nbsp;<\/p>\n\n\n\n<p><\/p>\n\n\n\n<h3 class=\"wp-block-heading\"><strong>FESTIVITATE&nbsp; DE&nbsp; PREMIERE<\/strong><\/h3>\n\n\n\n<p><\/p>\n\n\n\n<p><\/p>\n\n\n\n<p><strong>orele&nbsp; 14,00 &#8211; 15.30<\/strong>&nbsp;&nbsp; <strong>Sectiunile A si B&nbsp; Tg.-Mures<\/strong><\/p>\n\n\n\n<p><strong>B2<\/strong>&nbsp;&#8211; Badi Mikl\u00f3s M\u00e1rk&nbsp;&#8211;&nbsp;<strong>B5<\/strong>&#8211; D\u0103l\u0103l\u0103u Teodora \/ <strong>B7<\/strong>&nbsp;&#8211; D\u0103l\u0103l\u0103u&nbsp;Maria&nbsp;\/&nbsp;<\/p>\n\n\n\n<p><strong>A3<\/strong>&#8211; Bejan\u00a0Medin, C\u0103lug\u0103ru Christina Gabriela \/ \u00a0<strong>A6<\/strong>\u00a0&#8211; Bejan\u00a0Medeea, C\u0103lug\u0103ru\u00a0Maria Denisa, Moica \u0218erban \/<strong>\u00a0A8<\/strong>&#8211; Negru\u021b Natalia\u00a0\/\u00a0<strong>A10<\/strong>\u00a0&#8211; Cordo\u0219 Hariclea Berta, Jakab D\u00e1niel Csaba \/<\/p>\n\n\n\n<p><strong>A12<\/strong>&#8211; Uil\u0103can&nbsp;Alexia, <strong>A13<\/strong>&nbsp;&#8211; Malcoci&nbsp;Oana Otilia&nbsp;\/ <strong>A14<\/strong>&#8211; Mateiu&nbsp;M\u0103lina<\/p>\n\n\n\n<p><strong>orele&nbsp;&nbsp; 16,00 &#8211; 17.30<\/strong>&nbsp;&nbsp;<strong>&nbsp;Sectiunile A &#8211; B&nbsp;&nbsp;din Bucuresti, Braila, Brasov, Galati, Ploiesti, Satu-Mare, Sibiu<\/strong><\/p>\n\n\n\n<p><strong>B1<\/strong>&nbsp;-Teodorescu&nbsp; Efremia Margareta \/ <strong>B3 <\/strong>&#8211; Teodorescu&nbsp;Anastasia M\u0103riuca&nbsp;\/ <strong>B4<\/strong>&nbsp;&#8211; Mardare Carolina &nbsp;<strong>B6<\/strong>&#8211; Stefan-Matei&nbsp;Dimitrie&nbsp;\/ <strong>B7<\/strong>&#8211; Dumitru&nbsp;\u0218tefan, G\u00e2rleanu Daria Maria \/ <strong>B9<\/strong>&nbsp;Roman&nbsp;Sofia \/<\/p>\n\n\n\n<p><strong>A4 <\/strong>&#8211; Dr\u0103g\u0103nescu&nbsp;Darma&nbsp;\/<strong>&nbsp;A5<\/strong>&nbsp;&#8211; Filip Cosmin Ioan \/ <strong>A7<\/strong>&nbsp;&#8211; Schneibli&nbsp;Erin<\/p>\n\n\n\n<p><\/p>\n\n\n\n<h3 class=\"wp-block-heading\"><strong>orele&nbsp; 18, 00&nbsp; &#8211; FESTIVITATE&nbsp; DE&nbsp; PREMIERE<\/strong><\/h3>\n\n\n\n<p><\/p>\n\n\n\n<p><\/p>\n\n\n\n<p><\/p>\n\n\n\n<p><\/p>\n\n\n\n<h2 class=\"wp-block-heading\"><strong>DUMINICA, 12 martie, ora&nbsp;11,00<\/strong>&#8211;<strong>GALA&nbsp; concursului-Premiile speciale<\/strong><\/h2>\n\n\n\n<h2 class=\"wp-block-heading\"><\/h2>\n\n\n\n<h2 class=\"wp-block-heading\">&#8212;&#8212;&#8212;&#8212;&#8212;&#8212;&#8212;&#8212;&#8212;&#8212;&#8212;&#8212;&#8212;&#8212;&#8212;&#8212;&#8212;&#8212;&#8212;&#8212;&#8212;&#8212;&#8212;&#8212;&#8212;-<\/h2>\n\n\n\n<p><\/p>\n\n\n\n<p><\/p>\n\n\n\n<p><\/p>\n\n\n\n<p><\/p>\n\n\n\n<p><\/p>\n\n\n\n<p><\/p>\n\n\n\n<p><\/p>\n\n\n\n<p><\/p>\n\n\n\n<p><\/p>\n\n\n\n<p><\/p>\n\n\n\n<p><\/p>\n\n\n\n<p><\/p>\n\n\n\n<p><\/p>\n\n\n\n<p><\/p>\n\n\n\n<p><\/p>\n\n\n\n<p><\/p>\n\n\n\n<h2 class=\"has-text-align-center wp-block-heading\"><strong>LISTA PARTICIPANTILOR la CONCURSUL NATIONAL <\/strong><\/h2>\n\n\n\n<h2 class=\"has-text-align-center wp-block-heading\"><strong> \u201dPRIETENII MUZICII\u201d, filiala SIBIU, 10 &#8211; 12 martie, 2023<\/strong><\/h2>\n\n\n\n<p><\/p>\n\n\n\n<p><\/p>\n\n\n\n<h2 class=\"wp-block-heading\"><strong>SECTIUNEA &nbsp;A (PROFESIONISTI)<\/strong><\/h2>\n\n\n\n<figure class=\"wp-block-table\"><table><tbody><tr><td><strong>&nbsp;<\/strong><\/td><td><strong>Categoria<\/strong><strong><\/strong><\/td><td><strong>Numele si prenumele<\/strong><strong><\/strong><\/td><td><strong>Scoala, oras, profesor<\/strong><strong><\/strong><\/td><\/tr><tr><td>&nbsp;<\/td><td><strong>A3(2015)<\/strong><\/td><td><strong>B<\/strong><strong>ejan Medin<\/strong><\/td><td>Liceul Voca\u021bional de Art\u0103, Tg-Mures, prof. Dr.Andrada&nbsp;Badi<\/td><\/tr><tr><td>&nbsp;<\/td><td><strong>&nbsp;<\/strong><\/td><td><strong>C\u0103lug\u0103ru Christina Gabriela <\/strong><strong><\/strong><\/td><td>Liceul Voca\u021bional de Art\u0103 Tg. Mure\u0219, prof. Maria Bejan<\/td><\/tr><tr><td>&nbsp;<\/td><td><strong>A4(2014)<\/strong><\/td><td><strong>Dr\u0103g\u0103nescu Darma<\/strong><\/td><td>Colegiul de Art\u0103 \u201dCarmen Sylva\u201d,&nbsp;Ploie\u0219ti, prof. Daniela Olteanu-Pica<\/td><\/tr><tr><td>&nbsp;<\/td><td><strong>A5(2013)<\/strong><\/td><td><strong>Filip Cosmin Ioan<\/strong><\/td><td>Liceul Teoretic \u015etefan Odobleja, Bucure\u0219ti, prof. Ana-Eliza&nbsp;Cior\u0103nescu<\/td><\/tr><tr><td>&nbsp;<\/td><td><strong>&nbsp;<\/strong><\/td><td><strong>Vlad Carla Elena<\/strong><strong><\/strong><\/td><td>Colegiul de Muzic\u0103 \u201dSigismund Todu\u021b\u0103\u201d, Cluj-Napoca, prof. Eva Andreea&nbsp;Bodea<\/td><\/tr><tr><td>&nbsp;<\/td><td><strong>A6(2012)<\/strong><strong><\/strong><\/td><td><strong>Balu Ana Giulia <\/strong><strong><\/strong><\/td><td>\u0218coala Gimnazial\u0103 \u201dMiron Neagu\u201d, Sighi\u0219oara, prof. Szavuly Bernadeta<\/td><\/tr><tr><td>&nbsp;<\/td><td>&nbsp;<\/td><td><strong>B<\/strong><strong>ejan Medeea<\/strong><\/td><td>Liceul Voca\u021bional de Art\u0103, Tg-Mures, prof. Dr.Andrada&nbsp;Badi<\/td><\/tr><tr><td>&nbsp;<\/td><td><strong>&nbsp;<\/strong><\/td><td><strong>C<\/strong><strong>\u0103lug\u0103ru Maria Denisa <\/strong><strong><\/strong><\/td><td>Liceul Voca\u021bional de Art\u0103 Tg. Mure\u0219, prof. Maria Bejan<\/td><\/tr><tr><td>&nbsp;<\/td><td><strong>&nbsp;<\/strong><\/td><td><strong>I<\/strong><strong>arna Maria <\/strong><strong><\/strong><\/td><td>Liceul de Art\u0103 \u201dRegina Maria\u201d, Alba Iulia, prof. Ani\u0219oara Marin<\/td><\/tr><tr><td>&nbsp;<\/td><td><strong>&nbsp;<\/strong><\/td><td><strong>Moica \u0218erban <\/strong><strong><\/strong><\/td><td>Liceul Voca\u021bional de Art\u0103, Tg. &nbsp;Mure\u0219, prof. Dr. Silvia&nbsp;Stroia<\/td><\/tr><tr><td>&nbsp;<\/td><td><strong>A7(2011)<\/strong><\/td><td><strong>M\u00e1th\u00e9 Anna<\/strong><\/td><td>\u0218coala Gimnazial\u0103 &#8220;Miron Neagu&#8221;, Sighi\u0219oara, prof. Rozalia One\u021b<\/td><\/tr><tr><td>&nbsp;<\/td><td>&nbsp;<\/td><td><strong>Micl\u0103u\u0219 Natalia Mihaela<\/strong><\/td><td>Liceul de Art\u0103 Sibiu, prof. Sanda Mihaela Vulcu<\/td><\/tr><tr><td>&nbsp;<\/td><td>&nbsp;<\/td><td><strong>Schneibli Erin<\/strong><strong><\/strong><\/td><td>Liceul de Arte \u201dAurel Popp\u201d, &nbsp;Satu Mare, prof. Annamaria&nbsp;Manfredi<\/td><\/tr><tr><td>&nbsp;<\/td><td><strong>A8(2010)<\/strong><\/td><td><strong>Braga Zaya Rebeka <\/strong><strong><\/strong><\/td><td>Liceul de Arta Sibiu, prof. Orth Enik\u0151<\/td><\/tr><tr><td>&nbsp;<\/td><td>&nbsp;<\/td><td><strong>Negru\u021b Natalia<\/strong><strong><\/strong><\/td><td>Liceul Voca\u021bional de Art\u0103 Tg. Mure\u0219, prof. Maria Bejan<\/td><\/tr><tr><td>&nbsp;<\/td><td>&nbsp;<\/td><td><strong>R\u0103du\u021b Vlad Damaschin<\/strong><\/td><td>\u0218coala Gimnazial\u0103 \u201dMiron Neagu\u201d, Sighi\u0219oara, prof. Ileana Stanca Bizuleanu<\/td><\/tr><tr><td>&nbsp;<\/td><td><strong>A9(2009)<\/strong><\/td><td><strong>Cr\u0103ciun Ioana Maria<\/strong><\/td><td>\u0218coala Gimnaziala &#8220;Miron Neagu&#8221; Sighi\u0219oara, prof. Daniela&nbsp;Ioan<\/td><\/tr><tr><td>&nbsp;<\/td><td>&nbsp;<\/td><td><strong>Curc\u0103 Rebeca Ilinca<\/strong><\/td><td>Liceul Voca\u021bional de Art\u0103 Tg. Mure\u0219, prof. Silvia Stroia<\/td><\/tr><tr><td>&nbsp;<\/td><td>&nbsp;<\/td><td><strong>D\u0103nule\u021b Andrei C\u0103lin<\/strong><\/td><td>Liceul de art\u0103, Sibiu, prof. K\u00e1lm\u00e1n Emese<\/td><\/tr><tr><td>&nbsp;<\/td><td><strong>A10(2008)<\/strong><\/td><td><strong>Albert Zsombor<\/strong><\/td><td>Colegiul de Muzica S. Todu\u021b\u0103, Cluj Napoca, prof. Kosty\u00e1k M\u00e1rta<\/td><\/tr><tr><td>&nbsp;<\/td><td>&nbsp;<\/td><td><strong>Capuzzo Luca<\/strong><\/td><td>Liceul de art\u0103, Sibiu, prof. K\u00e1lm\u00e1n Emese<\/td><\/tr><tr><td>&nbsp;<\/td><td>&nbsp;<\/td><td><strong>C\u00e2ndea Ioana-Mihaela<\/strong><\/td><td>Liceul de Arta Sibiu, prof. Orth Enik\u0151<\/td><\/tr><tr><td>&nbsp;<\/td><td>&nbsp;<\/td><td><strong>C<\/strong><strong>ordo\u0219 Hariclea Berta<\/strong><\/td><td>Liceul Voca\u021bional de Art\u0103 T\u00e2rgu Mure\u0219, prof. Maria&nbsp;Bejan<\/td><\/tr><tr><td>&nbsp;<\/td><td>&nbsp;<\/td><td><strong>Filip Alexandru<\/strong><\/td><td>Colegiul de Muzic\u0103 \u201dSigismund Todu\u021b\u0103\u201d, Cluj-Napoca, prof. Ioana Irimia<\/td><\/tr><tr><td>&nbsp;<\/td><td>&nbsp;<\/td><td><strong>Haiduc Luisa Sabrina<\/strong><\/td><td>Liceul de art\u0103, Sibiu, prof. Elvira Cr\u0103ciun<\/td><\/tr><tr><td>&nbsp;<\/td><td>&nbsp;<\/td><td><strong>Jakab D\u00e1niel Csaba<\/strong><\/td><td>Liceul Voca\u021bional de Art\u0103 Tg. Mure\u0219, prof. Kov\u00e1cs Zsuzsanna<\/td><\/tr><tr><td>&nbsp;<\/td><td>&nbsp;<\/td><td><strong>L<\/strong><strong>az\u0103r Andreea Emilia<\/strong><\/td><td>\u0218coala Gimnaziala &#8220;Miron Neagu&#8221; Sighi\u0219oara, prof. Szavuly Bernadeta<\/td><\/tr><tr><td><\/td><td><\/td><td><strong>Sz\u00e9kely N\u00e1ndor<\/strong><\/td><td>Colegiul de Muzic\u0103 ,,Sigismund Todu\u021b\u0103&#8221;, Cluj-Napoca, prof. Eva Andreea  Bodea<\/td><\/tr><tr><td>&nbsp;<\/td><td><strong>A11(2007)<\/strong><strong><\/strong><\/td><td><strong>B<\/strong><strong>odea Maya Flavia<\/strong><\/td><td>Colegiul de Muzica Sigismund Toduta Cluj Napoca, prof. Dr. Monica Noveanu<\/td><\/tr><tr><td>&nbsp;<\/td><td>&nbsp;<\/td><td><strong>Csete Orsolya &#8211; Piroska<\/strong><\/td><td>Colegiul de Muzica Sigismund Toduta Cluj Napoca, prof. Kosty\u00e1k M\u00e1rta<\/td><\/tr><tr><td>&nbsp;<\/td><td>&nbsp;<\/td><td><strong>Prodea Mario Mircea<\/strong><strong><\/strong><\/td><td>Liceul de art\u0103, Sibiu, prof. Orth Enik\u0151<\/td><\/tr><tr><td>&nbsp;<\/td><td><strong>A1<\/strong><strong>2<\/strong><strong>(200<\/strong><strong>6<\/strong><strong>)<\/strong><\/td><td><strong>M<\/strong><strong>arin Delia Florina <\/strong><strong><\/strong><\/td><td>Liceul de art\u0103, Sibiu, prof. K\u00e1lm\u00e1n Emese<\/td><\/tr><tr><td>&nbsp;<\/td><td>&nbsp;<\/td><td><strong>U<\/strong><strong>il\u0103can Alexia<\/strong><\/td><td>Liceul Voca\u021bional de Art\u0103 Tg. Mure\u0219, prof. Maria Bejan<\/td><\/tr><tr><td>&nbsp;<\/td><td><strong>A1<\/strong><strong>2<\/strong><strong>(200<\/strong><strong>5<\/strong><strong>)<\/strong><\/td><td><strong>Malcoci Oana-Otilia<\/strong><\/td><td>Liceul Voca\u021bional de Art\u0103 Tg. Mure\u0219, prof. &nbsp;Codru\u021ba Condru\u021b<\/td><\/tr><tr><td>&nbsp;<\/td><td><strong>A14(2004, 2003)<\/strong><\/td><td><strong>Mateiu M\u0103lina<\/strong><\/td><td>Liceul Voca\u021bional de Art\u0103 Tg. Mure\u0219, prof. Codru\u021ba&nbsp;Condru\u021b<\/td><\/tr><\/tbody><\/table><\/figure>\n\n\n\n<p><\/p>\n\n\n\n<p><\/p>\n\n\n\n<p><\/p>\n\n\n\n<p><\/p>\n\n\n\n<h2 class=\"wp-block-heading\"><strong>SECTIUNEA &nbsp;B (AMATORI)<\/strong><\/h2>\n\n\n\n<figure class=\"wp-block-table\"><table><tbody><tr><td>&nbsp;<\/td><td><strong>B1(2017)<\/strong><\/td><td><strong>Teodorescu Efremia Margareta<\/strong><strong><\/strong><\/td><td>Bucuresti, prof. Stela Avesalon<\/td><\/tr><tr><td>&nbsp;<\/td><td><strong>B2(2016)<\/strong><\/td><td><strong>Badi Mikl\u00f3s M\u00e1rk<\/strong><strong><\/strong><\/td><td>Liceul Voca\u021bional de Art\u0103 , T\u00e2rgu-Mure\u0219, prof. dr. Andrada&nbsp;Badi<\/td><\/tr><tr><td>&nbsp;<\/td><td>&nbsp;<\/td><td><strong>Fernandez &nbsp;Samodaiev Vladimir<\/strong><\/td><td>Colegiul Na\u021bional \u201cOctavian Goga\u201d, Sibiu, prof. Orth&nbsp;Enik\u0151<\/td><\/tr><tr><td>&nbsp;<\/td><td><strong>B3(2015)<\/strong><\/td><td><strong>G\u00e1l Szintia Izabella<\/strong><strong><\/strong><\/td><td>\u0218coala \u201dB\u00e1thory Istv\u00e1n\u201d,&nbsp;Media\u0219, prof. Stefan T\u00fcnde<\/td><\/tr><tr><td>&nbsp;<\/td><td><strong>&nbsp;<\/strong><\/td><td><strong>Oane Erika Ioana<\/strong><strong><\/strong><\/td><td>\u0218coala Popular\u0103 de Arte, Rm. V\u00e2lcea, prof. Doina&nbsp;G\u0103nescu<strong><\/strong><\/td><\/tr><tr><td>&nbsp;<\/td><td>&nbsp;<\/td><td><strong>Teodorescu Anastasia M\u0103riuca<\/strong><\/td><td>Liceul Sfin\u021bii Trei Erarhi, Bucure\u0219ti, prof. Stela Avesalon<\/td><\/tr><tr><td>&nbsp;<\/td><td><strong>B4(2014)<\/strong><\/td><td><strong>A<\/strong><strong>lbert <\/strong><strong>Ingrid Magda<\/strong><strong><\/strong><\/td><td>InstruMentor\/ Cluj-Napoca, prof. Toth Guttman Emese<\/td><\/tr><tr><td>&nbsp;<\/td><td>&nbsp;<\/td><td><strong>Balte\u0219 Matei Simion<\/strong><\/td><td>Scoala \u201dNicolae Iorga\u201d, Sibiu, prof, Ileana B\u0103ncescu<\/td><\/tr><tr><td>&nbsp;<\/td><td>&nbsp;<\/td><td><strong>I<\/strong><strong>oana Nicolae Alexandru<\/strong><\/td><td>\u0218coala Popular\u0103 de Arte, Rm. V\u00e2lcea, prof. Doina&nbsp;G\u0103nescu<strong><\/strong><\/td><\/tr><tr><td>&nbsp;<\/td><td>&nbsp;<\/td><td><strong>M<\/strong><strong>ardare Carolina<\/strong><\/td><td>Centrul Cultural Dunarea de Jos, &nbsp;Gala\u021bi, prof. Angelica&nbsp;Capr\u0103<\/td><\/tr><tr><td>&nbsp;<\/td><td>&nbsp;<\/td><td><strong>S<\/strong><strong>ervatius Depner Julius <\/strong><strong><\/strong><\/td><td>Liceul &#8220;Roth-Oberth&#8221;, &nbsp;Media\u0219, prof. Orth Enik\u00f6<\/td><\/tr><tr><td>&nbsp;<\/td><td><strong>B5(2013)<\/strong><\/td><td><strong>B<\/strong><strong>enea <\/strong><strong>Elena<\/strong><strong>&nbsp;<\/strong><strong>Nectaria<\/strong><strong><\/strong><\/td><td>\u0218coala Gimnazial\u0103 \u201dRegina Maria\u201d, Sibiu, prof. K\u00e1lm\u00e1n Emese<\/td><\/tr><tr><td>&nbsp;<\/td><td><strong>&nbsp;<\/strong><\/td><td><strong>D\u0103l\u0103l\u0103u Teodora<\/strong><strong><\/strong><\/td><td>\u0218coala Gimnazial\u0103 \u201eAl. Ioan Cuza\u201d, &nbsp;Tg.Mure\u0219, prof. Maria Bejan<strong><\/strong><\/td><\/tr><tr><td>&nbsp;<\/td><td><strong>&nbsp;<\/strong><\/td><td><strong>G<\/strong><strong>h<\/strong><strong>i<\/strong><strong>\u0219oiu David \u0218tefan <\/strong><strong><\/strong><\/td><td>\u0218coala General\u0103 nr.5 \u201dRegina Maria\u201d, Sibiu, prof. &nbsp;Orth Enik\u0151<\/td><\/tr><tr><td>&nbsp;<\/td><td><strong>&nbsp;<\/strong><\/td><td><strong>Keresztes Julia<\/strong><strong><\/strong><\/td><td>Colegiul Na\u021bional&#8221;Octavian Goga&#8221; Sibiu, prof. Orth Enik\u0151<strong><\/strong><\/td><\/tr><tr><td>&nbsp;<\/td><td>&nbsp;<\/td><td><strong>R<\/strong><strong>\u0103du\u021biu Thea Elisa<\/strong><\/td><td>Scoala General\u0103&nbsp;nr. 18,&nbsp;Sibiu, prof. Aurora Oltean<\/td><\/tr><tr><td>&nbsp;<\/td><td>&nbsp;<\/td><td><strong>Sc\u00eerlatache Daniel-Albert<\/strong><\/td><td>Sibiu, prof. Alexandru&nbsp;Tr\u00eenbi\u021ba\u0219<\/td><\/tr><tr><td>&nbsp;<\/td><td>&nbsp;<\/td><td><strong>Vajda Nimr\u00f3d<\/strong><\/td><td>\u0218coala \u201dB\u00e1thory Istv\u00e1n\u201d,&nbsp;Media\u0219, prof. Stefan T\u00fcnde<\/td><\/tr><tr><td>&nbsp;<\/td><td><strong>B6(2012)<\/strong><\/td><td><strong>Ioni<\/strong><strong>\u021b\u0103 Anastasia<\/strong><strong><\/strong><\/td><td>\u0218coala Gimnazial\u0103 \u201dRegina Maria\u201d, Sibiu, prof. Orth Enik\u0151<\/td><\/tr><tr><td>&nbsp;<\/td><td>&nbsp;<\/td><td><strong>\u015e<\/strong><strong>tefan <\/strong><strong>Matei-Dimitrie<\/strong><strong><\/strong><\/td><td>Gala\u0163i, prof. Geanina Onodi<\/td><\/tr><tr><td>&nbsp;<\/td><td><strong>B7(2011)<\/strong><\/td><td><strong>D\u0103l\u0103l\u0103u Maria<\/strong><strong><\/strong><\/td><td>\u0218coala Gimnazial\u0103 \u201eAl. Ioan Cuza\u201d,&nbsp;T\u00e2rgu Mure\u0219, prof. Maria Bejan<\/td><\/tr><tr><td>&nbsp;<\/td><td>&nbsp;<\/td><td><strong>D<\/strong><strong>umitru <\/strong><strong>&nbsp;\u015etefan<\/strong><\/td><td>\u015ecoala Popular\u0103 de Arte \u201cVespasian Lungu\u201d ,&nbsp;Br\u0103ila, prof. Geanina&nbsp;Onodi<\/td><\/tr><tr><td>&nbsp;<\/td><td>&nbsp;<\/td><td><strong>G<\/strong><strong>arleanu Daria Maria <\/strong><strong><\/strong><\/td><td>Colegiul National Andrei \u0218aguna, Bra\u0219ov, prof. Stefania Moa\u0219a<\/td><\/tr><tr><td>&nbsp;<\/td><td>&nbsp;<\/td><td><strong>P<\/strong><strong>\u0103tr\u0103\u0219canu Matei <\/strong><strong><\/strong><\/td><td>\u0218coala Gimnazial\u0103 &#8220;Avram Iancu&#8221;,&nbsp;Alba Iulia, prof. Cecilia&nbsp;Simion<\/td><\/tr><tr><td>&nbsp;<\/td><td><strong>B8(2010)<\/strong><\/td><td><strong>Blaga Anastasia<\/strong><strong><\/strong><\/td><td>\u0218coala Constantin Ioan Mota\u0219, Media\u0219,&nbsp;prof. Stefan T\u00fcnde<\/td><\/tr><tr><td>&nbsp;<\/td><td><strong>&nbsp;<\/strong><\/td><td><strong>Fazakas Bal\u00e1zs Dominik<\/strong><strong><\/strong><\/td><td>\u0218coala B\u00e1thory Istv\u00e1n,&nbsp;Media\u0219, prof. Stefan T\u00fcnde<strong><\/strong><\/td><\/tr><tr><td>&nbsp;<\/td><td><strong>&nbsp;<\/strong><\/td><td><strong>Jumug\u0103 Filip-Christian<\/strong><strong><\/strong><\/td><td>Sibiu, Sc. Gimnaziala N.Iorga, prof. Ileana&nbsp;B\u0103ncescu<strong><\/strong><\/td><\/tr><tr><td>&nbsp;<\/td><td>&nbsp;<\/td><td><strong>T<\/strong><strong>atu Johanna Maria<\/strong><\/td><td>Colegiul &nbsp;Na\u021bional \u201dSamuel von Brukenthal\u201d, Sibiu, prof. Orth Enik\u0151<\/td><\/tr><tr><td>&nbsp;<\/td><td><strong>B9 (2009)<\/strong><\/td><td><strong>R<\/strong><strong>oman Sofia <\/strong><strong><\/strong><\/td><td>Colegiul &nbsp;Na\u021bional \u201dSamuel von Brukenthal\u201d, Sibiu, prof. Orth Enik\u0151<\/td><\/tr><tr><td>&nbsp;<\/td><td><strong>B10(2008)<\/strong><\/td><td><strong>B<\/strong><strong>\u00e2ndescu Andrei Ioan <\/strong><strong><\/strong><\/td><td>Sc.Gimnazial\u0103 nr.21, &nbsp;Sibiu, prof. K\u00e1lm\u00e1n Emese<\/td><\/tr><tr><td>&nbsp;<\/td><td><strong>&nbsp;<\/strong><\/td><td><strong>Catalan Stefania<\/strong><strong><\/strong><\/td><td>\u0218coala \u201dB\u00e1thory Istv\u00e1n\u201d,&nbsp;Media\u0219, prof. Orth Enik\u0151<\/td><\/tr><tr><td>&nbsp;<\/td><td><strong>&nbsp;<\/strong><\/td><td><strong>G<\/strong><strong>\u00e1<\/strong><strong>ll Eszter Szid<\/strong><strong>\u00f3<\/strong><strong>nia <\/strong><strong><\/strong><\/td><td>\u0218coala Gimnazial\u0103 nr.7, Tg. Mure\u0219, prof. Lokodi Kinga<\/td><\/tr><tr><td>&nbsp;<\/td><td><strong>B13(2005<\/strong><strong>)<\/strong><\/td><td><strong>Brumar Ana-Maya<\/strong><strong><\/strong><\/td><td>Colegiul &nbsp;Na\u021bional \u201dSamuel von Brukenthal\u201d, Sibiu, prof. Dr Monica-Stanca Noveanu<\/td><\/tr><tr><td>&nbsp;<\/td><td><strong>&nbsp;<\/strong><\/td><td><strong>G<\/strong><strong>heorghi\u021b\u0103 Andrei Vl\u0103du\u021b <\/strong><strong><\/strong><\/td><td>Liceul de art\u0103, Sibiu, prof. K\u00e1lm\u00e1n Emese<\/td><\/tr><\/tbody><\/table><\/figure>\n\n\n\n<p><\/p>\n\n\n\n<p><\/p>\n\n\n\n<p><\/p>\n\n\n\n<p><\/p>\n\n\n\n<h2 class=\"wp-block-heading\"><strong>SECTIUNEA &nbsp;C (4 m\u00e2ini)<\/strong><\/h2>\n\n\n\n<figure class=\"wp-block-table\"><table><tbody><tr><td>&nbsp;<\/td><td><strong>K\u00e9p\u00edr\u00f3 Orsolya &nbsp;si Corbeanu Emma<\/strong><\/td><td>K\u00e9p\u00edr\u00f3 Orsolya &#8211; Asociatia InstruMentor Cluj-Napoca, prof. T\u00f3th Guttman Emese Corbeanu Emma &#8211; Liceul Teoretic &#8220;Elf&#8221; Cluj-Napoca, prof.Cristina&nbsp;Glodeanu<\/td><\/tr><\/tbody><\/table><\/figure>\n\n\n\n<p><\/p>\n","protected":false},"excerpt":{"rendered":"<p>PROGRAMAREA&nbsp; la&nbsp; CONCURSUL&nbsp; NATIONAL &nbsp; \u201dPRIETENII MUZICII \/ PRO PIANO &#8211; ROMANIA\u201d, SIBIU&nbsp; 10 -12&nbsp;martie&nbsp; 2023. Concursul se va desfasura in Sala de spectacole a Bibliotecii Judetene \u201dAstra\u201d-Sibiu, str. G. Baritiu nr. 5-7 JURIUL:&nbsp; PROF. STELA AVESALON&nbsp;&#8211; Bucuresti, Presedinte PROF. ORTH &nbsp;ENIK\u0150 &#8211; Sibiu PROF. DR. MONICA NOVEANU&nbsp;&#8211; Cluj-Napoca PROF.&nbsp;K\u00c1LM\u00c1N EMESE&nbsp;&#8211; Sibiu PROF. SANDA MIHAELA [&hellip;]<\/p>\n","protected":false},"author":1,"featured_media":0,"parent":0,"menu_order":0,"comment_status":"closed","ping_status":"closed","template":"","meta":{"footnotes":""},"class_list":["post-8974","page","type-page","status-publish","hentry"],"_links":{"self":[{"href":"https:\/\/www.propiano.org\/romanian\/wp-json\/wp\/v2\/pages\/8974","targetHints":{"allow":["GET"]}}],"collection":[{"href":"https:\/\/www.propiano.org\/romanian\/wp-json\/wp\/v2\/pages"}],"about":[{"href":"https:\/\/www.propiano.org\/romanian\/wp-json\/wp\/v2\/types\/page"}],"author":[{"embeddable":true,"href":"https:\/\/www.propiano.org\/romanian\/wp-json\/wp\/v2\/users\/1"}],"replies":[{"embeddable":true,"href":"https:\/\/www.propiano.org\/romanian\/wp-json\/wp\/v2\/comments?post=8974"}],"version-history":[{"count":20,"href":"https:\/\/www.propiano.org\/romanian\/wp-json\/wp\/v2\/pages\/8974\/revisions"}],"predecessor-version":[{"id":9206,"href":"https:\/\/www.propiano.org\/romanian\/wp-json\/wp\/v2\/pages\/8974\/revisions\/9206"}],"wp:attachment":[{"href":"https:\/\/www.propiano.org\/romanian\/wp-json\/wp\/v2\/media?parent=8974"}],"curies":[{"name":"wp","href":"https:\/\/api.w.org\/{rel}","templated":true}]}}