{"id":8943,"date":"2023-01-13T18:44:07","date_gmt":"2023-01-13T18:44:07","guid":{"rendered":"https:\/\/www.propiano.org\/romanian\/?page_id=8943"},"modified":"2023-02-06T23:49:27","modified_gmt":"2023-02-06T23:49:27","slug":"regulament-cluj-2023","status":"publish","type":"page","link":"https:\/\/www.propiano.org\/romanian\/regulament-cluj-2023\/","title":{"rendered":"Regulament Cluj 2023"},"content":{"rendered":"\n<p><\/p>\n\n\n\n<h2 class=\"wp-block-heading\"><strong>REGULAMENT<\/strong><strong>UL<\/strong><strong>&nbsp;<\/strong><strong>&nbsp;Concursului National<\/strong><strong><\/strong><\/h2>\n\n\n\n<h2 class=\"wp-block-heading\"><strong>\u201dPrietenii Muzicii\/Pro Piano-Romania\u201d filiala Cluj-Napoca<\/strong><\/h2>\n\n\n\n<h3 class=\"wp-block-heading\"><strong>&nbsp;Editia a XVI-a, 24-26 februarie 2023<\/strong><\/h3>\n\n\n\n<p><\/p>\n\n\n\n<p><\/p>\n\n\n\n<p><strong>I. Manifestarea este deschis\u0103 copiilor cu v\u00e2rsta cuprins\u0103 \u00eentre 5 \u0219i 18 ani, fiind divizat\u0103 \u00een trei sec\u021biuni: A, B, C.<\/strong><\/p>\n\n\n\n<p>Sec\u021biunea <strong>A <\/strong>\u2013 tineri care studiaz\u0103 pianul ca instrument principal, \u00een \u0219coli \u0219i licee de muzic\u0103.<\/p>\n\n\n\n<p>Sec\u021biunea <strong>B <\/strong>\u2013 tineri care studiaz\u0103 pianul in Cluburi ale copiilor, Palatul Copiilor, ca instrument optional (\u00een&nbsp;\u0219coli \u0219i licee de muzic\u0103) sau \u00een sistem particular.<\/p>\n\n\n\n<p>Sec\u021biunea<strong>&nbsp;C <\/strong>\u2013 ansamblu la <strong>4 m\u00e2ini<\/strong>(pe un pian)<\/p>\n\n\n\n<p><strong>II. <\/strong>Pentru o mai bun\u0103 evaluare,&nbsp;sec\u021biunile A \u0219i B sunt&nbsp;divizate&nbsp;\u00een mai multe <strong>categorii,<\/strong>&nbsp;\u00een func\u021bie de anul na\u0219terii participan\u021bilor:<\/p>\n\n\n\n<figure class=\"wp-block-table\"><table><tbody><tr><td><strong>categoria 0\u20132018<\/strong><br><strong>cat. &nbsp;1-a&nbsp; \u2013 &nbsp;2017<\/strong><br><strong>cat. a 2-a \u2013 2016<\/strong><br><strong>cat. a 3-a \u2013 2015<\/strong><br><strong>cat. a 4-a \u2013 2014<\/strong><\/td><td><strong>cat. a 5-a \u2013 2013<\/strong><br><strong>cat. a 6-a \u2013 2012<\/strong><br><strong>cat. a 7-a \u2013 2011<\/strong><br><strong>cat. a 8-a \u2013 2010<\/strong><br><strong>cat. a 9-a \u2013 2009<\/strong><\/td><td><strong>cat. a 10-a \u2013 2008<\/strong><br><strong>cat. a 11-a \u2013 2007<\/strong><br><strong>cat. a 12-a \u2013 2006<\/strong><br><strong>cat. a 13-a \u2013 2005<\/strong><br><strong>cat. a 14-a \u2013 2004, 2003<\/strong><\/td><\/tr><\/tbody><\/table><\/figure>\n\n\n\n<p>Pentru sec\u021biunea <strong>C <\/strong>se va tine cont de v\u00e2rsta celor 2&nbsp;membri&nbsp;(nu este obligatorie apartenen\u021ba la aceea\u0219i categorie). <strong>&nbsp;<\/strong><\/p>\n\n\n\n<p><strong>III<\/strong>. Programul va con\u021bine <strong><u><strong>una sau<\/strong><\/u><\/strong>&nbsp;<strong><u><strong>2 piese<\/strong><\/u><\/strong>&nbsp;la alegerea participantului, interpretate f\u0103r\u0103 repeti\u021bii, cu durata maxim\u0103 cumulat\u0103 \u00eentre 3 \u0219i 20 minute, \u00een func\u021bie de categorie, dup\u0103 cum urmeaz\u0103:<\/p>\n\n\n\n<p>Sec\u021biunea <strong>A<\/strong>: cat. 1 \u2013 4 = &nbsp;5\u2032 \/ &nbsp;cat. 5 \u2013 8 = &nbsp;7\u2032 \/ &nbsp;cat. 9\u201310 = 10\u2032 \/ &nbsp;cat. 11-12 =15\u2032 \/ cat. 13-14=20\u2032<\/p>\n\n\n\n<p>Sec\u021biunea <strong>B<\/strong>: cat. 0 \u2013 4 = 3\u2032 \/&nbsp; cat. 5 \u2013 8 = 5\u2032 \/ &nbsp; cat. 9\u201310 = 7\u2032 \/&nbsp;&nbsp; &nbsp;cat. 11- 12 =10\u2032 \/ cat. 13-14=15\u2032<strong>&nbsp;<\/strong><\/p>\n\n\n\n<p>Programul men\u021bionat \u00een fi\u0219a de \u00eenscriere nu poate fi modificat ulterior. Ordinea interpret\u0103rii pieselor din repertoriu este la libera alegere a participan\u021bilor. <strong>&nbsp;<\/strong><\/p>\n\n\n\n<p><strong>IV.<\/strong>&nbsp;Ordinea prezent\u0103rii \u00een Festival este cea alfabetic\u0103, in cadrul fiec\u0103rei categorii.<\/p>\n\n\n\n<p>\u00cen m\u0103sura posibilit\u0103\u021bilor, organizatorii vor \u021bine seam\u0103<strong>&nbsp;de cerin\u021bele motivate ale participan\u021bilor <\/strong>de a concura \u00een anumite zile. Preferin\u021bele de participare se vor men\u021biona de la \u00eenceput, \u00ee<strong>n momentul \u00eenscrierii<\/strong>, <strong>pe formularul de \u00eenscriere<\/strong>. Dup\u0103 planificarea ordinii de intrare, nu se accept\u0103 schimb\u0103ri. Programarea categoriilor pe zile si ore va fi afi\u0219at\u0103 online, la&nbsp;data de 20&nbsp;februarie, pe adresa: <a href=\"http:\/\/www.propiano.org\/romana\/prietenii-muzicii\"><u>www.propiano.org\/romana\/prietenii-muzicii<\/u><\/a>-Cluj-Napoca 2023\/Programare<\/p>\n\n\n\n<p><strong>&nbsp;V<\/strong><em>.<\/em>&nbsp;<strong>\u00censcrierea:<\/strong> <strong>data limit\u0103<\/strong> este<strong> 15 februarie 2023;        data afi\u0219\u0103rii listei participan\u021bilor este 17 februarie, <\/strong>       iar data afi\u0219\u0103rii <strong>intr\u0103rii \u00een concurs<\/strong>: <strong>20 februarie 2023<\/strong><\/p>\n\n\n\n<p><strong>Acte necesare \u00eenscrierii: <\/strong>cele doua documente de mai jos<strong>, <\/strong>se vor trimite la <strong><u><strong>dou\u0103 adrese odata<\/strong><\/u><\/strong>, adica <strong>un singur e-mail<\/strong>, directionat pe adresele: <a href=\"mailto:propiano@gmail.co\"><strong><u><strong>propiano@gmail.com<\/strong><\/u><\/strong><\/a>&nbsp;\u0219i <a href=\"mailto:monicanoveanu@yahoo.com\"><strong><u><strong>monicanoveanu@yahoo.com<\/strong><\/u><\/strong><\/a><\/p>\n\n\n\n<p><strong>1. Formularul de \u00eenscriere&nbsp;&#8211;<\/strong>&nbsp;numai in varianta <strong>ONLINE, <\/strong>care se poate accesa de pe Site-ul Funda\u0163iei Culturale \u201dPRO PIANO-ROM\u00c2NIA\u201d: <a href=\"http:\/\/www.propiano.org\/\"><u>www.propiano.org<\/u><\/a>&nbsp;\u2192 <a href=\"http:\/\/www.propiano.org\/romanian\/\"><u>Rom\u00e2n\u0103<\/u><\/a>&nbsp;\u2192 <a href=\"http:\/\/www.propiano.org\/romanian\/prietenii-muzicii-timisoara-2016\/\"><u>Prietenii Muzicii C<\/u><\/a>luj-Napoca 2023&nbsp;\u2192&nbsp;Formular Cluj-Napoca 2023&nbsp;&nbsp;<\/p>\n\n\n\n<p><strong>&nbsp;2. Chitan\u021ba&nbsp;<\/strong>de achitare a dona\u021biei&nbsp;de participare(copie scanata)&nbsp;.<\/p>\n\n\n\n<p><strong>Dona\u021bia<\/strong>&nbsp;de participare&nbsp;este de&nbsp;<strong>100&nbsp;lei<\/strong>\/pentru <strong>solist<\/strong>&nbsp;\u0219i <strong>1<\/strong><strong>2<\/strong><strong>0 de lei<\/strong>\/ansamblu la 4 m\u00e2ini, depus\u0103 \u00een contul Funda\u0163iei Pro Piano, deschis la BCR sector 3 Bucuresti,<strong>&nbsp;Cod IBAN: RO85RNCB0074029228740001 \/&nbsp;C.U.I. 9099960<\/strong>, cu specificarea obligatorie pe ordinul de plat\u0103 a 2 semne de identificare:<\/p>\n\n\n\n<p>a) <strong><em><strong><em>Dona\u021bie Cluj-Napoca&nbsp;\u0219i b)<\/em><\/strong><\/em><\/strong><em>&nbsp;<\/em><strong><em><strong><em>Numele participantului<\/em><\/strong><\/em><\/strong><em>&nbsp;<\/em>pentru care se face plata(<strong>nu<\/strong>&nbsp;a depunatorului).<\/p>\n\n\n\n<p>\u00cen caz de neprezentare, dona\u021bia nu se returneaz\u0103(<strong>sub nici un motiv<\/strong>).<\/p>\n\n\n\n<p><strong>\u00cen cazul ansamblurilor la 4 m\u00e2ini, datele celor doi participan\u0163i vor fi men\u0163ionate pe acela\u015fi formular.<\/strong><strong>&nbsp;<\/strong>Un elev participant \u00een mai multe forma\u021bii la 4 m\u00e2ini, achit\u0103 o singur\u0103 dat\u0103 jum\u0103tatea sa de dona\u021bie \u2013 60&nbsp;lei). Nu se admit mandate po\u015ftale.<strong><\/strong><\/p>\n\n\n\n<p><\/p>\n\n\n\n<ul class=\"wp-block-list\">\n<li><strong>Confirmarea \u00eenscrierii<\/strong>:&nbsp;Confirmarea se face dup\u0103 intrarea donatiei in extrasul de cont(cu <strong>numele<\/strong><strong>&nbsp;<\/strong><\/li>\n<\/ul>\n\n\n\n<p><strong>participantului<\/strong>, nu al depunatorului)&nbsp;si&nbsp;a primirii Formularului&nbsp;de inscriere!&nbsp;<\/p>\n\n\n\n<p>Daca nu ati primit confirmare dupa 2 zile lucratoare, rog atentionati-ne prin <strong>e-mail<\/strong>&nbsp;<strong>sau SMS<\/strong>(nu la telefon).<\/p>\n\n\n\n<p><\/p>\n\n\n\n<p><strong>DATE IMPORTANTE: &nbsp;<\/strong><strong><\/strong><\/p>\n\n\n\n<p><strong>&#8211; <\/strong><strong>D<\/strong><strong>ata limit\u0103 <\/strong>pentru<strong>&nbsp;\u00eenscrieri<\/strong><strong>&nbsp;<\/strong>este<strong>&nbsp;<\/strong><strong><u><strong>15 februarie <\/strong><\/u><\/strong><strong><u><strong>2023<\/strong><\/u><\/strong><strong>. <\/strong><strong><\/strong><\/p>\n\n\n\n<p>&#8211;<strong>&nbsp;<\/strong><strong>LISTA<\/strong><strong><u><strong>&nbsp;participan\u021bilor <\/strong><\/u><\/strong>\u00eenscri\u0219i&nbsp;va fi publicat\u0103&nbsp;<strong><u><strong>vineri 17 februarie<\/strong><\/u><\/strong>(seara), la adresa: <a href=\"http:\/\/www.propiano.org\/romana\/prietenii-muzicii\"><u>www.propiano.org\/romana\/prietenii-muzicii<\/u><\/a>-Cluj-Napoca 2023\/<strong>Programare<\/strong><\/p>\n\n\n\n<p><strong>&#8211; D<\/strong><strong>ata intr\u0103rii \u00een concurs<\/strong><strong>&nbsp;este <\/strong><strong><u>20 februarie 2023<\/u><\/strong><strong>(tot la adresa de mai sus &#8211; Programari).<\/strong><\/p>\n\n\n\n<p><\/p>\n\n\n\n<p><\/p>\n\n\n\n<p><strong>VI<\/strong>. Cheltuielile de transport, cazare, mas\u0103, vor fi suportate de participan\u021bi.<\/p>\n\n\n\n<p><\/p>\n\n\n\n<p><\/p>\n\n\n\n<p><strong>VII.<\/strong>&nbsp;<strong>PREMII:<\/strong>&nbsp;Se vor acorda urm\u0103toarele distinc\u0163ii(pentru fiecare categorie \u00een parte):&nbsp;Premii I, II, III, Men\u021biuni, Diplome&nbsp;de Participare(pentru cei care nu se calific\u0103 la unul dintre premiile anun\u021bate), Premii Speciale( pentru cea mai bun\u0103 interpretare a unei piese rom\u00e2ne\u015fti, premiul J. S. Bach, premiul Fr. Liszt, premiul Fundatiei \u201cPRO PIANO-ROMANIA\u201d, premiu pentru prezen\u0163\u0103 artistic\u0103 deosebit\u0103 etc) \u0219i, dup\u0103 caz, <strong>Trofeul Concursului<\/strong>&nbsp;(c\u00e2te unul pentru fiecare dintre&nbsp;sec\u021biunile A \u0219i B). Diplomele \u015fi premiile vor fi \u00eenm\u00e2nate participan\u0163ilor \u00een festivit\u0103\u0163ile de premiere (de doua ori pe zi), conform programarii&nbsp;finale.<\/p>\n\n\n\n<p><strong>VIII.<\/strong>&nbsp;Juriul Festivalului va fi format din personalit\u0103\u021bi ale pedagogiei \u0219i muzicii rom\u00e2ne\u0219ti.<\/p>\n\n\n\n<p>\u00cen momentul \u00eenscrierii \u00een Festival candida\u021bii accept\u0103 prezentele condi\u021bii \u0219i autoritatea juriului.<\/p>\n\n\n\n<p><\/p>\n\n\n\n<p><\/p>\n\n\n\n<p><strong>Cele doua adrese pentru \u00eenscrieri \u0219i pentru i<\/strong><strong>nforma\u021bii<\/strong><strong>le<\/strong><strong>&nbsp;<\/strong><strong>suplimentare <\/strong><strong>: <\/strong><strong><\/strong><\/p>\n\n\n\n<p><strong>&#8211; Funda\u021bia Culturala \u201cPRO PIANO-ROMANIA\u201d&nbsp;&#8211; d-na Profesor&nbsp;Stela Avesalon<\/strong><\/p>\n\n\n\n<p><strong>E-mail<\/strong>: <a href=\"mailto:propiano@gmail.co\"><u>propiano@gmail.com<\/u><\/a>&nbsp;&nbsp;&nbsp;&nbsp;&nbsp;&nbsp;&nbsp;&nbsp;&nbsp;Tel: 0722.382.626<strong>(\u00een afara orelor 14-17)<\/strong>&nbsp;&nbsp;&nbsp;&nbsp;&nbsp;<strong>Web:<\/strong>&nbsp;<a href=\"http:\/\/www.propiano.ro\/\"><u>www.propiano.org<\/u><\/a><\/p>\n\n\n\n<p><strong>&#8211; &nbsp;Profesor Dr. Monica Noveanu:<\/strong> <strong>&#8211; &nbsp;e-mail: <\/strong><a href=\"mailto:monicanoveanu@yahoo.com\"><strong><u><strong>monicanoveanu@yahoo.com<\/strong><\/u><\/strong><\/a>         <strong>Tel; &nbsp;0745 519 636<\/strong><\/p>\n\n\n\n<p><strong>  <\/strong><\/p>\n","protected":false},"excerpt":{"rendered":"<p>REGULAMENTUL&nbsp;&nbsp;Concursului National \u201dPrietenii Muzicii\/Pro Piano-Romania\u201d filiala Cluj-Napoca &nbsp;Editia a XVI-a, 24-26 februarie 2023 I. Manifestarea este deschis\u0103 copiilor cu v\u00e2rsta cuprins\u0103 \u00eentre 5 \u0219i 18 ani, fiind divizat\u0103 \u00een trei sec\u021biuni: A, B, C. Sec\u021biunea A \u2013 tineri care studiaz\u0103 pianul ca instrument principal, \u00een \u0219coli \u0219i licee de muzic\u0103. Sec\u021biunea B \u2013 tineri care [&hellip;]<\/p>\n","protected":false},"author":1,"featured_media":0,"parent":0,"menu_order":0,"comment_status":"closed","ping_status":"closed","template":"","meta":{"footnotes":""},"class_list":["post-8943","page","type-page","status-publish","hentry"],"_links":{"self":[{"href":"https:\/\/www.propiano.org\/romanian\/wp-json\/wp\/v2\/pages\/8943","targetHints":{"allow":["GET"]}}],"collection":[{"href":"https:\/\/www.propiano.org\/romanian\/wp-json\/wp\/v2\/pages"}],"about":[{"href":"https:\/\/www.propiano.org\/romanian\/wp-json\/wp\/v2\/types\/page"}],"author":[{"embeddable":true,"href":"https:\/\/www.propiano.org\/romanian\/wp-json\/wp\/v2\/users\/1"}],"replies":[{"embeddable":true,"href":"https:\/\/www.propiano.org\/romanian\/wp-json\/wp\/v2\/comments?post=8943"}],"version-history":[{"count":6,"href":"https:\/\/www.propiano.org\/romanian\/wp-json\/wp\/v2\/pages\/8943\/revisions"}],"predecessor-version":[{"id":9084,"href":"https:\/\/www.propiano.org\/romanian\/wp-json\/wp\/v2\/pages\/8943\/revisions\/9084"}],"wp:attachment":[{"href":"https:\/\/www.propiano.org\/romanian\/wp-json\/wp\/v2\/media?parent=8943"}],"curies":[{"name":"wp","href":"https:\/\/api.w.org\/{rel}","templated":true}]}}