{"id":887,"date":"2011-12-19T13:17:57","date_gmt":"2011-12-19T13:17:57","guid":{"rendered":"http:\/\/www.propiano.org\/romanian\/?page_id=887"},"modified":"2012-11-01T08:55:26","modified_gmt":"2012-11-01T08:55:26","slug":"brave-claviaturi-2012","status":"publish","type":"page","link":"https:\/\/www.propiano.org\/romanian\/brave-claviaturi-2012\/","title":{"rendered":"Brave Claviaturi 2012"},"content":{"rendered":"<h4 style=\"text-align: center;\">REGULAMENT<\/h4>\n<h4 style=\"text-align: center;\" align=\"center\">CONCURS NA\u0162IONAL DE INTERPRETARE<\/h4>\n<h4 align=\"center\">A MUZICII ROM\u00c2NE\u015eTI PENTRU PIAN<\/h4>\n<h4 align=\"center\">\u00a0EDI\u0162IA A V-A \/24-25 MARTIE 2012<\/h4>\n<p>&nbsp;<\/p>\n<p>&nbsp;<\/p>\n<p style=\"text-align: left;\" align=\"center\">CONCURSUL \u201eBRAVE CLAVIATURI\u201d se va desf\u0103\u015fura \u00een Sala de Concerte a Colegiului Na\u021bional de Arte\u201eDinu Lipatti\u201d din Bucure\u015fti , str. Principatele Unite, nr. 63, sector 4, dup\u0103 cum urmeaz\u0103:<\/p>\n<p style=\"text-align: left;\">\u00a0\u00a01. S\u00e2mb\u0103t\u0103, 24 martie 2012, \u00eencep\u00e2nd cu ora 9.00 &#8211;\u00a0<strong>CATEGORIA B<\/strong>\u00a0dedicat\u0103 elevilor cu v\u00e2rsta cuprins\u0103 \u00eentre 6 \u015fi 18 ani, care studiaz\u0103 pianul ca instrument op\u0163ional la \u015fcoli, licee de muzic\u0103 sau \u00een sistem particular.<\/p>\n<p style=\"text-align: left;\">2. Duminic\u0103, 25 martie 2012, \u00eencep\u00e2nd cu ora 9.00 &#8211;\u00a0<strong>CATEGORIA A<\/strong>\u00a0dedicat\u0103 elevilor cu v\u00e2rsta cuprins\u0103 \u00eentre 6 \u015fi 18 ani, care studiaz\u0103 pianul ca instrument principal.<\/p>\n<p style=\"text-align: left;\">Repertoriul, pentru ambele categorii, va con\u0163ine una sau dou\u0103 piese din literatura pianistic\u0103 rom\u00e2neasc\u0103, av\u00e2nd o durat\u0103 cuprins\u0103 \u00eentre 2 \u015fi 10 minute. Piesele vor fi interpretate din memorie. Intrarea \u00een concurs se va face \u00een ordinea cresc\u0103toare a v\u00e2rstei. Se vor acorda diplome de participare, de merit, de excelen\u0163\u0103 \u015fi premii speciale. Deciziile juriului nu pot fi contestate. Rezolvarea eventualelor probleme privind transportul, cazarea \u015fi costurile aferente acestora revin \u00een totalitate participan\u0163ilor.<\/p>\n<address>\u00ceNSCRIERILE\u00a0se fac la organizatori, p\u00e2n\u0103 la data de\u00a029 februarie 2012:<\/address>\n<address>\u00a0Prof. dr. RODICA D\u0102NCEANU (tel. 0721. 438. 701) sau<\/address>\n<address>Prof. dr. GEORGETA B\u0102CIOIU (tel. 0724. 23. 86. 72 \/ e-mail:\u00a0<a href=\"mailto:georgetaanetabacioiu@yahoo.fr\">georgetaanetabacioiu@yahoo.fr<\/a>).<\/address>\n<address>Taxa de participare este de\u00a035 lei\u00a0\u015fi va fi depus\u0103 \u00een contul IBAN:RO39VBBU2511MB0004222701 \u2013 VOLKSBANK- AG. MIHAI BRAVU, BUCURE\u015eTI, ASOCIA\u0162IA CULTURAL\u0102 \u201eHARISME\u201d, C.I.F. 18494829, CU MEN\u0162IUNEA \u201ePENTRU CONCURSUL BRAVE CLAVIATURI\u201d.<\/address>\n<address>Pentru \u00eenscriere concuren\u0163ii vor prezenta: 1.\u00a0Formularul de \u00eenscriere completat 2. Dovada achit\u0103rii taxei de participare\u00a0\u00a03. Copia xerox a repertoriului.<\/address>\n<p style=\"text-align: left;\">Informa\u0163ii suplimentare la organizatori.<\/p>\n<p style=\"text-align: left;\"><strong>PARTENERI:<\/strong><\/p>\n<address><em>UNIUNEA COMPOZITORILOR \u015eI MUZICOLOGILOR DIN ROM\u00c2NIA UNIVERSITATEA NA\u0162IONAL\u0102 DE MUZIC\u0102 BUCURE\u015eTI<\/em><\/address>\n<address><em>EDITURA MUZICAL\u0102<\/em><\/address>\n<address><em>MUZEUL NA\u0162IONAL \u201eGEORGE ENESCU\u201d<\/em><\/address>\n<address><em>FUNDA\u0162IA CULTURAL\u0102 \u201ePRO PIANO-ROMANIA\u201d<\/em><\/address>\n<address>\u00a0<\/address>\n<h2 style=\"text-align: left;\"><strong>FORMULAR DE \u00ceNSCRIERE<\/strong><\/h2>\n<p style=\"text-align: left;\"><strong>CONCURS NA\u0162IONAL DE INTERPRETARE A MUZICII ROM\u00c2NE\u015eTI PENTRU PIAN \u201cBRAVE CLAVIATURI\u201d\/<\/strong><strong>Edi\u021bia a V-a\/24-25 martie 2012<\/strong><\/p>\n<p style=\"text-align: left;\"><strong>ELEV<\/strong><\/p>\n<address>NUME \u015eI PRENUME&#8230;&#8230;&#8230;&#8230;&#8230;&#8230;&#8230;&#8230;&#8230;&#8230;&#8230;&#8230;&#8230;&#8230;&#8230;&#8230;&#8230;&#8230;&#8230;&#8230;&#8230;<\/address>\n<address>DATA NA\u015eTERII&#8230;&#8230;&#8230;&#8230;&#8230;.<\/address>\n<address>CLASA&#8230;&#8230;<\/address>\n<address>AN DE STUDIU&#8230;&#8230;<\/address>\n<address>UNITATEA \u015eCOLAR\u0102&#8230;&#8230;&#8230;&#8230;&#8230;&#8230;&#8230;&#8230;&#8230;&#8230;&#8230;&#8230;&#8230;&#8230;&#8230;&#8230;&#8230;&#8230;&#8230;&#8230;.<\/address>\n<address>DATE DE CONTACT (TEL.)&#8230;&#8230;&#8230;&#8230;&#8230;&#8230;&#8230;&#8230;&#8230;&#8230;&#8230;&#8230;&#8230;&#8230;&#8230;&#8230;&#8230;..<\/address>\n<address>\u00a0\u00a0\u00a0\u00a0\u00a0\u00a0\u00a0\u00a0\u00a0\u00a0\u00a0\u00a0\u00a0\u00a0\u00a0\u00a0\u00a0\u00a0 ADRES\u0102 E-MAIL\u2026\u2026\u2026\u2026\u2026\u2026\u2026\u2026\u2026\u2026\u2026\u2026\u2026\u2026\u2026\u2026\u2026..<\/address>\n<address>\u00a0<\/address>\n<address><strong>PROFESOR<\/strong><\/address>\n<address>\u00a0<\/address>\n<address>NUME \u015eI PRENUME&#8230;&#8230;&#8230;&#8230;&#8230;&#8230;&#8230;&#8230;&#8230;&#8230;&#8230;&#8230;&#8230;&#8230;&#8230;&#8230;&#8230;&#8230;&#8230;&#8230;&#8230;&#8230;.<\/address>\n<address>DATE DE CONTACT (TEL.)&#8230;&#8230;&#8230;&#8230;&#8230;&#8230;&#8230;&#8230;&#8230;&#8230;&#8230;&#8230;&#8230;&#8230;&#8230;&#8230;&#8230;&#8230;..<\/address>\n<address>\u00a0\u00a0\u00a0\u00a0\u00a0\u00a0\u00a0\u00a0\u00a0\u00a0\u00a0\u00a0\u00a0\u00a0\u00a0\u00a0\u00a0\u00a0\u00a0ADRES\u0102 E-MAIL\u2026\u2026\u2026\u2026\u2026\u2026\u2026\u2026\u2026\u2026\u2026\u2026\u2026\u2026\u2026\u2026\u2026\u2026<\/address>\n<p style=\"text-align: left;\"><strong>REPERTORIU :<\/strong><\/p>\n<address>COMPOZITOR&#8230;&#8230;&#8230;&#8230;&#8230;&#8230;&#8230;&#8230;&#8230;&#8230;&#8230;&#8230;&#8230;&#8230;&#8230;&#8230;&#8230;&#8230;&#8230;&#8230;&#8230;&#8230;&#8230;&#8230;.<\/address>\n<address>TITLUL LUCR\u0102RII&#8230;&#8230;&#8230;&#8230;&#8230;&#8230;&#8230;&#8230;&#8230;&#8230;&#8230;&#8230;&#8230;&#8230;&#8230;&#8230;DURATA&#8230;&#8230;. COMPOZITOR&#8230;&#8230;&#8230;&#8230;&#8230;&#8230;&#8230;&#8230;&#8230;&#8230;&#8230;&#8230;&#8230;&#8230;&#8230;&#8230;&#8230;&#8230;&#8230;&#8230;&#8230;&#8230;&#8230;&#8230;..<\/address>\n<address>TITLUL LUCR\u0102RII&#8230;&#8230;&#8230;&#8230;&#8230;&#8230;&#8230;&#8230;&#8230;&#8230;&#8230;&#8230;&#8230;&#8230;&#8230;&#8230; DURATA&#8230;&#8230;..<\/address>\n<address>\u00a0<\/address>\n<address>DATA\u2026\u2026\u2026\u2026\u2026..\u00a0\u00a0\u00a0\u00a0\u00a0\u00a0\u00a0\u00a0\u00a0\u00a0\u00a0\u00a0\u00a0\u00a0\u00a0\u00a0\u00a0\u00a0\u00a0\u00a0\u00a0\u00a0\u00a0\u00a0\u00a0\u00a0\u00a0\u00a0\u00a0\u00a0\u00a0\u00a0\u00a0\u00a0\u00a0\u00a0\u00a0\u00a0\u00a0\u00a0\u00a0\u00a0\u00a0\u00a0\u00a0\u00a0\u00a0\u00a0\u00a0\u00a0\u00a0\u00a0\u00a0\u00a0\u00a0\u00a0\u00a0\u00a0\u00a0\u00a0\u00a0 SEMN\u0102TURA<\/address>\n","protected":false},"excerpt":{"rendered":"<p>REGULAMENT CONCURS NA\u0162IONAL DE INTERPRETARE A MUZICII ROM\u00c2NE\u015eTI PENTRU PIAN \u00a0EDI\u0162IA A V-A \/24-25 MARTIE 2012 &nbsp; &nbsp; CONCURSUL \u201eBRAVE CLAVIATURI\u201d se va desf\u0103\u015fura \u00een Sala de Concerte a Colegiului Na\u021bional de Arte\u201eDinu Lipatti\u201d din Bucure\u015fti , str. Principatele Unite, nr. 63, sector 4, dup\u0103 cum urmeaz\u0103: \u00a0\u00a01. S\u00e2mb\u0103t\u0103, 24 martie 2012, \u00eencep\u00e2nd cu ora [&hellip;]<\/p>\n","protected":false},"author":1,"featured_media":0,"parent":0,"menu_order":0,"comment_status":"open","ping_status":"open","template":"","meta":{"footnotes":""},"class_list":["post-887","page","type-page","status-publish","hentry"],"_links":{"self":[{"href":"https:\/\/www.propiano.org\/romanian\/wp-json\/wp\/v2\/pages\/887","targetHints":{"allow":["GET"]}}],"collection":[{"href":"https:\/\/www.propiano.org\/romanian\/wp-json\/wp\/v2\/pages"}],"about":[{"href":"https:\/\/www.propiano.org\/romanian\/wp-json\/wp\/v2\/types\/page"}],"author":[{"embeddable":true,"href":"https:\/\/www.propiano.org\/romanian\/wp-json\/wp\/v2\/users\/1"}],"replies":[{"embeddable":true,"href":"https:\/\/www.propiano.org\/romanian\/wp-json\/wp\/v2\/comments?post=887"}],"version-history":[{"count":11,"href":"https:\/\/www.propiano.org\/romanian\/wp-json\/wp\/v2\/pages\/887\/revisions"}],"predecessor-version":[{"id":1693,"href":"https:\/\/www.propiano.org\/romanian\/wp-json\/wp\/v2\/pages\/887\/revisions\/1693"}],"wp:attachment":[{"href":"https:\/\/www.propiano.org\/romanian\/wp-json\/wp\/v2\/media?parent=887"}],"curies":[{"name":"wp","href":"https:\/\/api.w.org\/{rel}","templated":true}]}}