{"id":864,"date":"2011-12-19T12:43:54","date_gmt":"2011-12-19T12:43:54","guid":{"rendered":"http:\/\/www.propiano.org\/romanian\/?page_id=864"},"modified":"2012-09-25T23:29:31","modified_gmt":"2012-09-25T23:29:31","slug":"regulamentul-concursului-de-interpretare-2012","status":"publish","type":"page","link":"https:\/\/www.propiano.org\/romanian\/regulamentul-concursului-de-interpretare-2012\/","title":{"rendered":"Regulamentul Concursului de Interpretare 2012"},"content":{"rendered":"<h4 align=\"center\">Regulamentul si formularul de inscriere la<\/h4>\n<h3 align=\"center\">Concursul International de Interpretare &#8220;PRO PIANO-ROMANIA&#8221;,<\/h3>\n<h3 align=\"center\">Editia a XVI-a, 19-24 iunie 2012<\/h3>\n<p>&nbsp;<\/p>\n<p style=\"text-align: left;\" align=\"center\"><em>Concursul International &#8220;PRO-PIANO-ROMANIA&#8221; este deschis tinerilor pianisti de orice nationalitate, nascuti dupa 1 ianuarie\u00a0<strong>1982\u00a0<\/strong>si se desf\u0103soar\u0103 \u00een\u00a03 sectiuni\u00a0distincte<strong>: interpretare<\/strong>(editia a XVI-a), <strong>compozi\u021bie (crea\u021bie muzical\u0103) <\/strong>\u0219i\u00a0\u00a0<strong>muzicologie<\/strong>(ultimile doua &#8211; editia a II-a).<\/em><\/p>\n<address>\u00a0<\/address>\n<address><em><strong>Regulamentul sectiunii interpretare<\/strong><\/em><\/address>\n<address><em>\u00a0<strong>1.\u00a0\u00a0\u00a0\u00a0<\/strong>Concursul este structurat \u00een\u00a0<strong>patru sec\u021biuni- A, B, C\u00a0 si D<\/strong>, divizate la r\u00e2ndul lor \u00een categorii, \u00een func\u021bie de anul de na\u0219tere al concuren\u021bilor:\u00a0<\/em><\/address>\n<address><em>\u00a0<strong>Sectiunea A (o etapa)-<\/strong><strong>\u2013 max. 8\u2019, nascuti in anii:<\/strong><\/em><\/address>\n<address><em>Cat 1-a \u2013 2005(si dupa)<\/em><\/address>\n<address><em>Cat. a 2-a \u2013 2004<\/em><\/address>\n<address><em>Cat. a 3-a \u2013 2003<\/em><br \/>\n<em>Cat. a 4-a \u2013 2002<\/em><\/address>\n<address><em><strong>Repertoriul Sectiunii A\u00a0<\/strong><strong>( 1 etapa):<\/strong><\/em><\/address>\n<address><em>a) un studiu;\u00a0\u00a0<\/em><\/address>\n<address><em>b) o piesa preclasica;<\/em><\/address>\n<address><em>c) o piesa clasica, romantica sau moderna (una la alegere)<\/em><\/address>\n<address><em><strong>\u00a0<\/strong><\/em><\/address>\n<address><em><strong>Sectiunea B \u2013 (2 etape)\u00a0<\/strong><strong>&#8211; nascuti\u00a0 in:\u00a0<\/strong><\/em><\/address>\n<address><em>Cat. 1-a &#8211; 2001 &#8212;&#8212;-max:10\u2019(pt etapa aII-a)<\/em><\/address>\n<address><em>Cat. a 2-a \u2013 2000<\/em><br \/>\n<em>Cat. a 3-a \u2013 1999<\/em><br \/>\n<em>Cat. a 4-a \u2013 1998<\/em><\/address>\n<address><em>Cat. a 5-a \u2013 1997 \u2014&#8212;-max: 15\u2019(pt etapa a\u00a0II-a)\u00a0<\/em><\/address>\n<address><em>Cat a 6-a \u2013 1996<\/em><\/address>\n<address><em>Cat. a 7-a \u2013 1995\u00a0 \u2013&#8212;-max: 20\u2019(pt et II)\u00a0<\/em><\/address>\n<address><em>Cat. a 8-a \u2013 1994 si 1993\u00a0<\/em><\/address>\n<address><em><strong>Repertoriul Sectiunii B\u00a0<\/strong><strong>(2 etape):<\/strong><\/em><\/address>\n<address><em><strong>Etapa I (eliminatorie):<\/strong><\/em><br \/>\n<em>a) un studiu;<\/em><\/address>\n<address><em>b) o piesa preclasica(baroca)<\/em><\/address>\n<address><em><strong>Etapa a II-a:<\/strong><\/em><\/address>\n<address><em>a) O piesa clasica: PI de Sonata, sau Rondo(piesa de sine statatoare), sau Tema cu variatiuni<\/em><br \/>\n<em>b) O piesa romantica, moderna sau romaneasca (una, la alegere)<\/em><\/address>\n<address><em><strong>\u00a0<\/strong><\/em><\/address>\n<address><em><strong>Sectiunea C \u2013 (3 etape )<\/strong>\u00a0nascuti dupa 1982<\/em><br \/>\n<em><strong>Repertoriu:<\/strong><\/em><\/address>\n<address><em><strong>Etapa I<\/strong>\u00a0(eliminatorie):<\/em><\/address>\n<address><em>a) Doua studii de virtuozitate(Chopin, Liszt, Schumann, Rahmaninov, Debussy, Skriabin, Prokofiev)<\/em><br \/>\nb<em>) J. S. Bach \u2013 Preludiu si fuga\u00a0<strong>sau<\/strong>\u00a03 miscari(parti) din Suite, Partite<\/em><\/address>\n<address><em><strong>Etapa a II-a<\/strong>\u00a0(semifinala \u2013 eliminatorie)- max. 30\u2019<\/em><\/address>\n<address><em>a) o sonata clasica (Haydn, Mozart sau Beethoven)<\/em><br \/>\n<em>b) o piesa moderna, la alegere, din repertoriul universal sau romanesc<strong><\/strong><\/em><\/address>\n<address><em><strong>Etapa a III-a<\/strong>\u00a0(finala) \u2013 maxim 30\u2019<\/em><\/address>\n<address><em>&#8211; recital cu piese de factura diferita fata de cele prezentate in primele 2 etape, in care sa fie inclusa,\u00a0<strong>in mod obligatoriu<\/strong>\u00a0<strong>o piesa romantica<\/strong>.\u00a0<\/em><\/address>\n<address><em>\u00a0<strong><\/strong><\/em><\/address>\n<address><em><strong>Sectiunea D \u2013 Ansamblu la 4 maini\u00a0<\/strong>&#8211; (o etapa):<\/em><\/address>\n<address><em>Cat. 1 \u2013 nascuti intre 2004 \u2013 2000<\/em><br \/>\n<em>Cat. a 2-a-nascuti intre\u00a01999 &#8211; 1993<\/em><br \/>\n<em>Cat. a 3-a-nascuti intre 1992- 1982<\/em><\/address>\n<address><em><strong>Repertoriul sectiunii D<\/strong><strong>:\u00a0<\/strong>piese la alegere, cu urmatorul minutaj\u00a0<strong>maxim<\/strong>:<\/em><br \/>\n<em>cat. 1 \u2013 5\u2019<\/em><br \/>\n<em>cat. a 2-a \u2013 10\u2019<\/em><br \/>\n<em>cat. a 3-a \u2013 15&#8242;<\/em><\/address>\n<address>\u00a0<\/address>\n<address><em><strong>2<\/strong>. Se poate concura la\u00a0<strong>doua categorii:\u00a0<\/strong>: cea a varstei concurentului si la o categorie superioara, dar cu\u00a0<strong>repertorii diferite<\/strong>. Repertoriul comunicat prin cererea de inscriere nu poate fi modificat ulterior.<\/em><br \/>\n<em>Ordinea de interpretare a pieselor este la libera alegere a candidatilor. In cazul depasirii duratei maxime stabilite pentru etapa a II-a (sau a III-a) juriul va intrerupe evolutia candidatului. Toate probele sunt publice. Ordinea intrarii in concurs este cea\u00a0<strong>alfabetica\u00a0<\/strong>pentru fiecare categorie de varsta.<\/em><\/address>\n<address><em><strong><\/strong>\u00a0<\/em><\/address>\n<address><em><strong>3<\/strong>. Termenul limit\u0103 pentru \u00eenscrierea la concurs este data de\u00a0<strong>25 mai 2012.\u00a0 In perioada 10 martie &#8211;\u00a027 aprilie 2012,\u00a0<\/strong>singura modalitate de contact sau comunicare cu secretariatul concursului va fi numai prin internet &#8211;\u00a0<strong>e-mail<\/strong>. (contactul prin telefon sau Fax nu va fi posibil). De aceea, este de preferat ca urmatoarele acte necesare inscrierii sa fie trimise\u00a0prin e-mail(internet):<\/em><\/address>\n<address><em>\u00b7 certificat de na\u0219tere (copie scanata)<\/em><br \/>\n<em>\u00b7formularul de \u00eenscriere tip \u2013 completat cu toate datele cerute;<\/em><br \/>\n<em>\u00b7 fotografie 4 \/ 5 cm, tip pa\u0219aport,\u00a0<strong>\u00een format electronic<\/strong>(Jpeg);<\/em><br \/>\n<em>\u00b7 chitan\u021ba doveditoare pentru plata taxei de \u00eenscriere: categoria A &#8211;\u00a0<strong>200 RON<\/strong><strong>;<\/strong>\u00a0categoria B<strong>\u00a0&#8211; 250 RON<\/strong>;<strong>\u00a0<\/strong>categoria\u00a0<strong>C<strong>\u00a0&#8211; 300 RON<\/strong>;\u00a0<\/strong>categoria D<strong>\u00a0&#8211; 100 RON<\/strong><strong>\/<strong>\u00a0<\/strong><\/strong>persoan\u0103.<\/em><br \/>\n<em>Aceast\u0103 sum\u0103 va fi trimis\u0103 in contul Funda\u021biei &#8220;Pro Piano -Rom\u00e2nia&#8221; deschis la B C R &#8211; Sector 3, Bucure\u0219ti: Cod IBAN nr.\u00a0<strong>RO85RNCB0074029228740001 \/\u00a0<\/strong><strong>Cod fiscal 9099960<\/strong>.<\/em><\/address>\n<address><em>Inscrierile se pot trimite \u0219i\u00a0<strong>prin po\u0219t\u0103,\u00a0<\/strong>pe \u00a0adresa secretariatului Funda\u021biei Culturale \u201cPRO PIANO-ROM\u00c2NIA\u201d, pentru d-na prof. Stela Avesalon(Aleea P\u0103durea Craiului nr.1, Bloc H3, Scara 1, Ap. 11, sector 3, Cod 032719, Of. Post 57, Bucure\u0219ti), dar confirmarea primirii actelor, precum \u0219i alte informatii\u00a0\u00a0(eventual trimiterea invita\u021biilor), vor fi posibile \u00a0fie pana la 10 martie, fie dup\u0103 1 mai 2012.\u00a0\u00a0\u00a0 <\/em><\/address>\n<address><em>Se mai pot face <strong>inscrieri si direct la organizatori, <\/strong>numai\u00a0in perioada 1 &#8211; 25 mai 2012,\u00a0dupa un program si la o adresa care\u00a0se va anunta ulterior., in linkul Noutati.<\/em><\/address>\n<address><em>In caz de neprezentare la concurs taxa nu se restituie.<\/em><em>Cheltuielile de transport, cazare, mas\u0103 vor fi suportate de c\u0103tre participan\u021bi.<\/em><\/address>\n<p style=\"text-align: left;\"><em><strong>4.<\/strong>\u00a0<strong>PREMII:<\/strong><\/em><br \/>\n<em>* Marele Premiu al Concursului International \u201cPro Piano \u2013 Romania\u201d<\/em><br \/>\n<em>* Cate 5 (cinci) premii la fiecare categorie, inclusiv Premiul I de Excelenta<\/em><br \/>\n<em>* Premii speciale<\/em><br \/>\n<em>* Premiul pentru interpretarea de exceptie a unei piese romanesti sau a unei alte piese din repertoriul prezentat<\/em><br \/>\n<em>* Premii din partea sponsorilor<\/em><\/p>\n<p style=\"text-align: left;\"><em>Participantilor din categoria A, care nu s-au calificat pentru unul dintre premiile anuntate in cap. IV, precum si celor care nu au promovat in etapa urmatoare(categoriile B si C), li se vor acorda (numai la cererea lor) Diploma de participare sau respectiv de semifinalist sau finalist.<\/em><\/p>\n<p style=\"text-align: left;\"><em><strong>Toate premiile concursului vor fi inmanate personal laureatilor in festivitatea de premiere: Gala laureatilor. <\/strong>Toti laureatii sunt rugati sa se prezinte in <strong>tinuta de gala<\/strong> la festivitatea de premiere(in caz contrar, nu vor fi acceptati\u00a0in pozele de grup).<\/em><\/p>\n<p style=\"text-align: left;\"><em><strong>5<\/strong>.\u00a0Juriul concursului\u00a0va fi alcatuit din personalitati ale vietii muzicale romanesti si internationale.<\/em><\/p>\n<p style=\"text-align: left;\"><em>Hotararile juriului sunt definitive si inatacabile. Pentru eventualele inregistrari audio-video concurentii nu vor putea solicita onorariu. Din momentul inscrierii la concurs, candidatii accepta prezentul regulament si<\/em><br \/>\n<em>autoritatea juriului.<\/em><\/p>\n<p style=\"text-align: left;\"><em>Informatii<\/em><br \/>\n<em>suplimentare se pot obtine la:<\/em><br \/>\n<em>Tel: (021) 644.23.74<\/em><br \/>\n<em>Fax: (021) 341.16.88<\/em><br \/>\n<em>Tel\/mobil : 0722.38.26.26<\/em><br \/>\n<em>E-mail :\u00a0<span style=\"color: #ff9900;\"><strong><a href=\"mailto:propiano@gmail.com\"><span style=\"color: #ff9900;\">propiano@gmail.com<\/span><\/a><\/strong><\/span><\/em><br \/>\n<em>Web page:\u00a0<span style=\"color: #ff9900;\"><strong><a title=\"Propiano\" href=\"http:\/\/www.propiano.org\"><span style=\"color: #ff9900;\">www.propiano.org<\/span><\/a><\/strong><\/span><\/em><\/p>\n<p style=\"text-align: left;\"><em><strong>FORMULAR de INSCRIERE<\/strong><strong><br \/>\n<strong>Concursul International \u201cPRO PIANO-ROMANIA\u201d<br \/>\n<\/strong><\/strong><strong>Sectiunea Interpretare \/\u00a0<\/strong><strong>Editia a XVI- a, 19 \u2013 24\u00a0 iunie 2012.\u00a0<\/strong><\/em><\/p>\n<address><em>\u00a0<strong>1.\u00a0\u00a0\u00a0\u00a0\u00a0\u00a0Nume\u2026\u2026\u2026\u2026\u2026\u2026\u2026\u2026\u2026\u2026\u2026\u2026\u2026\u2026\u2026\u2026\u2026\u2026<\/strong><strong><\/strong><\/em><\/address>\n<address><em><strong>2.\u00a0\u00a0\u00a0\u00a0\u00a0Prenume\u2026\u2026\u2026\u2026\u2026\u2026\u2026\u2026\u2026\u2026\u2026\u2026\u2026\u2026\u2026\u2026<\/strong><strong><\/strong><\/em><\/address>\n<address><em><strong>3.\u00a0\u00a0\u00a0\u00a0\u00a0Tara \u2013 cetatenia\u2026\u2026\u2026\u2026\u2026\u2026\u2026\u2026\u2026\u2026\u2026\u2026.<\/strong><strong><\/strong><\/em><\/address>\n<address><em><strong>4.\u00a0\u00a0\u00a0\u00a0\u00a0Data nasterii\u2026\u2026\u2026\u2026\u2026\u2026\u2026\u2026\u2026\u2026\u2026\u2026\u2026\u2026<\/strong><strong><\/strong><\/em><\/address>\n<address><em><strong>\u00a0\u00a0\u00a0\u00a0\u00a0\u00a0\u00a0\u00a0\u00a0Cod numeric personal\u2026\u2026\u2026\u2026\u2026\u2026\u2026\u2026\u2026<\/strong><\/em><\/address>\n<address><em><strong>5.\u00a0\u00a0\u00a0\u00a0\u00a0Domiciliul(adresa completa)\u2026\u2026\u2026\u2026<\/strong><strong><\/strong><\/em><\/address>\n<address><em><strong>6.\u00a0\u00a0\u00a0\u00a0\u00a0Tel.Fax\u2026\u2026\u2026\u2026\u2026\u2026\u2026\u2026\u2026\u2026\u2026\u2026\u2026\u2026\u2026\u2026\u2026<\/strong><\/em><\/address>\n<address><em><strong>\u00a0\u00a0\u00a0\u00a0\u00a0\u00a0\u00a0\u00a0 E-mail\u2026\u2026\u2026\u2026\u2026\u2026\u2026\u2026\u2026\u2026\u2026\u2026\u2026\u2026\u2026\u2026\u2026\u2026<\/strong><\/em><\/address>\n<address><em><strong>7.\u00a0\u00a0\u00a0\u00a0\u00a0\u00a0Scoala\/liceul\u2026\u2026\u2026\u2026\u2026\u2026\u2026\u2026\u2026\u2026\u2026\u2026\u2026\u2026<\/strong><strong><\/strong><\/em><\/address>\n<address><em><strong>8.\u00a0\u00a0\u00a0\u00a0\u00a0Profesor- Nume si prenume<\/strong><strong><\/strong><\/em><\/address>\n<address><em><strong>\u2026\u2026\u2026\u2026\u2026\u2026\u2026\u2026\u2026\u2026\u2026\u2026\u2026\u2026\u2026\u2026\u2026\u2026\u2026\u2026\u2026\u2026\u2026.<\/strong><strong><\/strong><\/em><\/address>\n<address><em><strong>Tel\/Fax\u2026\u2026\u2026\u2026\u2026\u2026\u2026\u2026\u2026\u2026\u2026\u2026\u2026\u2026\u2026\u2026\u2026\u2026\u2026.<\/strong><strong><\/strong><\/em><\/address>\n<address><em><strong>E-mail\u2026\u2026\u2026\u2026\u2026\u2026\u2026\u2026\u2026\u2026\u2026\u2026\u2026\u2026\u2026\u2026\u2026\u2026\u2026\u2026<\/strong><\/em><\/address>\n<p style=\"text-align: left;\"><em><strong>\u00a0<\/strong><strong>9. Curriculum vitae<\/strong><strong>\u00a0<\/strong><\/em><\/p>\n<address><em><strong>10. Repertoriu :<\/strong><strong>\u00a0<\/strong><\/em><\/address>\n<address><em><strong>Sectiunile A si D\u00a0<\/strong>(o etapa-a se vedea minutajul in regulament) :<\/em><\/address>\n<address><em>a\u2026\u2026\u2026\u2026\u2026\u2026\u2026\u2026\u2026\u2026\u2026\u2026\u2026\u2026\u2026\u2026\u2026\u2026\u2026\u2026\u2026\u2026\u2026.<\/em><\/address>\n<address><em>b\u2026\u2026\u2026\u2026\u2026\u2026\u2026\u2026\u2026\u2026\u2026\u2026\u2026\u2026\u2026\u2026\u2026\u2026\u2026\u2026\u2026\u2026\u2026.<\/em><\/address>\n<address><em>c\u2026\u2026\u2026\u2026\u2026\u2026\u2026\u2026\u2026\u2026\u2026\u2026\u2026\u2026\u2026\u2026\u2026\u2026\u2026\u2026\u2026\u2026\u2026.<\/em><\/address>\n<address>\u00a0<\/address>\n<address><em>\u00a0<strong>Sectiunea B ( 2 etape<\/strong>) :<\/em><\/address>\n<address><em>Etapa I<\/em><\/address>\n<address><em>a\u2026\u2026\u2026\u2026\u2026\u2026\u2026\u2026\u2026\u2026\u2026\u2026\u2026\u2026\u2026\u2026\u2026\u2026\u2026\u2026\u2026<\/em><\/address>\n<address><em>b\u2026\u2026\u2026\u2026\u2026\u2026\u2026\u2026\u2026\u2026\u2026\u2026\u2026\u2026\u2026\u2026\u2026\u2026\u2026\u2026\u2026<\/em><\/address>\n<address><em>Etapa a II-a: cat.1-4 max. 10;<br \/>\ncat. 5 \u2013 6 max. 15\u2032 cat. 7-8 max. 20\u2019<\/em><\/address>\n<address><em>a\u2026\u2026\u2026\u2026\u2026\u2026\u2026\u2026\u2026\u2026\u2026\u2026\u2026\u2026\u2026\u2026\u2026\u2026\u2026\u2026\u2026<\/em><\/address>\n<address><em>b\u2026\u2026\u2026\u2026\u2026\u2026\u2026\u2026\u2026\u2026\u2026\u2026\u2026\u2026\u2026\u2026\u2026\u2026\u2026\u2026\u2026<\/em><\/address>\n<address><em>\u00a0<\/em><\/address>\n<address><em><strong>Sectiunea C (3 etape):<\/strong><\/em><\/address>\n<address><em>Etapa I<\/em><\/address>\n<address><em>a\u2026\u2026\u2026\u2026\u2026\u2026\u2026\u2026\u2026\u2026\u2026\u2026\u2026\u2026\u2026\u2026\u2026\u2026\u2026\u2026\u2026<\/em><\/address>\n<address><em>b\u2026\u2026\u2026\u2026\u2026\u2026\u2026\u2026\u2026\u2026\u2026\u2026\u2026\u2026\u2026\u2026\u2026\u2026\u2026\u2026\u2026<\/em><\/address>\n<address><em>c\u2026\u2026\u2026\u2026\u2026\u2026\u2026\u2026\u2026\u2026\u2026\u2026\u2026\u2026\u2026\u2026\u2026\u2026\u2026\u2026\u2026<\/em><\/address>\n<address><em>Etapa a II-a \u2013 semifinala: max. 30\u2032<\/em><\/address>\n<address><em>a\u2026\u2026\u2026\u2026\u2026\u2026\u2026\u2026\u2026\u2026\u2026\u2026\u2026\u2026\u2026\u2026\u2026\u2026\u2026\u2026\u2026<\/em><\/address>\n<address><em>b\u2026\u2026\u2026\u2026\u2026\u2026\u2026\u2026\u2026\u2026\u2026\u2026\u2026\u2026\u2026\u2026\u2026\u2026\u2026\u2026\u2026<\/em><\/address>\n<address><em>Etapa a III-a \u2013 finala: max. 30\u2032<\/em><\/address>\n<address><em>a\u2026\u2026\u2026\u2026\u2026\u2026\u2026\u2026\u2026\u2026\u2026\u2026\u2026\u2026\u2026\u2026\u2026\u2026\u2026\u2026\u2026<\/em><\/address>\n<address><em>b\u2026\u2026\u2026\u2026\u2026\u2026\u2026\u2026\u2026\u2026\u2026\u2026\u2026\u2026\u2026\u2026\u2026\u2026\u2026\u2026\u2026<\/em><\/address>\n<address><em>\u00a0<\/em><\/address>\n<div style=\"text-align: left;\">\n<address><em><strong>Data:<br \/>\nSemnatura<\/strong><\/em><\/address>\n<\/div>\n<address><em><strong>\u00a0<\/strong><\/em><\/address>\n","protected":false},"excerpt":{"rendered":"<p>Regulamentul si formularul de inscriere la Concursul International de Interpretare &#8220;PRO PIANO-ROMANIA&#8221;, Editia a XVI-a, 19-24 iunie 2012 &nbsp; Concursul International &#8220;PRO-PIANO-ROMANIA&#8221; este deschis tinerilor pianisti de orice nationalitate, nascuti dupa 1 ianuarie\u00a01982\u00a0si se desf\u0103soar\u0103 \u00een\u00a03 sectiuni\u00a0distincte: interpretare(editia a XVI-a), compozi\u021bie (crea\u021bie muzical\u0103) \u0219i\u00a0\u00a0muzicologie(ultimile doua &#8211; editia a II-a). \u00a0 Regulamentul sectiunii interpretare \u00a01.\u00a0\u00a0\u00a0\u00a0Concursul este [&hellip;]<\/p>\n","protected":false},"author":1,"featured_media":0,"parent":0,"menu_order":0,"comment_status":"open","ping_status":"open","template":"","meta":{"footnotes":""},"class_list":["post-864","page","type-page","status-publish","hentry"],"_links":{"self":[{"href":"https:\/\/www.propiano.org\/romanian\/wp-json\/wp\/v2\/pages\/864","targetHints":{"allow":["GET"]}}],"collection":[{"href":"https:\/\/www.propiano.org\/romanian\/wp-json\/wp\/v2\/pages"}],"about":[{"href":"https:\/\/www.propiano.org\/romanian\/wp-json\/wp\/v2\/types\/page"}],"author":[{"embeddable":true,"href":"https:\/\/www.propiano.org\/romanian\/wp-json\/wp\/v2\/users\/1"}],"replies":[{"embeddable":true,"href":"https:\/\/www.propiano.org\/romanian\/wp-json\/wp\/v2\/comments?post=864"}],"version-history":[{"count":12,"href":"https:\/\/www.propiano.org\/romanian\/wp-json\/wp\/v2\/pages\/864\/revisions"}],"predecessor-version":[{"id":1569,"href":"https:\/\/www.propiano.org\/romanian\/wp-json\/wp\/v2\/pages\/864\/revisions\/1569"}],"wp:attachment":[{"href":"https:\/\/www.propiano.org\/romanian\/wp-json\/wp\/v2\/media?parent=864"}],"curies":[{"name":"wp","href":"https:\/\/api.w.org\/{rel}","templated":true}]}}