{"id":8116,"date":"2022-01-15T02:15:35","date_gmt":"2022-01-15T02:15:35","guid":{"rendered":"http:\/\/www.propiano.org\/romanian\/?page_id=8116"},"modified":"2022-11-07T10:36:17","modified_gmt":"2022-11-07T10:36:17","slug":"regulament-2022-2","status":"publish","type":"page","link":"https:\/\/www.propiano.org\/romanian\/regulament-2022-2\/","title":{"rendered":"Regulament 2022"},"content":{"rendered":"\n<p><\/p>\n\n\n\n<p><\/p>\n\n\n\n<h2 class=\"wp-block-heading\"><u><strong>NOUTATI&nbsp;despre Concurs  si  GALA concursului:<\/strong><\/u><\/h2>\n\n\n\n<p><\/p>\n\n\n\n<p><\/p>\n\n\n\n<p>1.&nbsp;&nbsp; Edi\u021bia a V-a a Concursului \u201d MUZICA ROMANEASCA pentru pian\u201d din acest an, este o edi\u021bie HIBRID, cu desf\u0103\u0219urare in doua variante: &nbsp;<\/p>\n\n\n\n<p>&#8211;&nbsp;&nbsp;&nbsp;&nbsp;&nbsp;&nbsp; <strong>Cu prezenta fizica \u2013<\/strong> \u00een ziua de joi 24 noiembrie 2022, la Sala de Concerte ARCUB, din Bucuresti, Strada Lipscani nr. 84 \u2013 90 .<\/p>\n\n\n\n<p>\u00censcirerile se fac p\u00e2n\u0103 \u00een data de 18 noiembrie 2022(pentru participarea fizica).<\/p>\n\n\n\n<p>Premierea(decernarea diplomelor) se va face \u00een aceea\u0219i zi, conform program\u0103rii ce se va afi\u0219a pe data de 20.11.22(pe Site, in Programari).<\/p>\n\n\n\n<h5 class=\"wp-block-heading\">&#8211;&nbsp;&nbsp;&nbsp;&nbsp;<strong>&nbsp;&nbsp;<\/strong> <strong>Online \u2013 cu \u00eenscrieri pana \u00een data de 26 noiembrie(rezultatele se vor anunta \u00een data de 28 noiembrie). Diplomele se vor trimite ulterior, online, pe adresa de e-mail a profesorului(dupa data de 3 decembrie 2022).<\/strong><\/h5>\n\n\n\n<p><strong>\u00censcrierile (pentru ambele variante) se fac numai online(<\/strong>electronic, prin trimitereaurmatoarelor documente:<strong> &nbsp;1. formularului tip<\/strong>(completat cu toate datele cerute)<strong> si 2. &nbsp;chitanta de donatie. <\/strong>Pentru varianta onlineeste necesar\u0103 <strong>trimiterea imprimarii repertoriului<\/strong>(.<\/p>\n\n\n\n<p><\/p>\n\n\n\n<h4 class=\"wp-block-heading\"><strong>2. GALA concursului (la cererea expresa a concurentilor) va avea loc \u00een ziua de 1 decembrie 2022(in cursul diminetii), la \u00a0Casa Memoriala \u201dGeorge Enescu\u201d din Sinaia\u00a0!<\/strong> <strong>Programul si ora se vor anunta ulterior.<\/strong><\/h4>\n\n\n\n<p><strong>Doritorii <\/strong>(participan\u021bi din ambele variante)<strong> vor trebui sa-si anunte participarea (fizica) in formularul de inscriere<\/strong>(ultima rubrica), <strong>odata cu inscrierea<\/strong>! Transportul, intreaga deplasare, precum si biletul de intrare la Muzeu(in care este inclusa si vizitarea Muzeului), revin in exclusivitate participantilor!<\/p>\n\n\n\n<p><strong>Orice informatie se poate lua <em>de la Fundatia \u201ePro Piano\u2013Romania\u201d<\/em>&nbsp;\u2013 prof. Stela Avesalon , la tel&nbsp;: 0722 382 626 (\u00een afara orelor 14-17).<\/strong><\/p>\n\n\n\n<p><\/p>\n\n\n\n<p><\/p>\n\n\n\n<p><\/p>\n\n\n\n<p><\/p>\n\n\n\n<h2 class=\"has-text-align-center wp-block-heading\"><strong>REGULAMENT<\/strong><\/h2>\n\n\n\n<h2 class=\"has-text-align-center wp-block-heading\"><strong>Concurs&nbsp;National \u201dMUZICA ROMANEASCA pentru pian\u201d<\/strong><\/h2>\n\n\n\n<h2 class=\"has-text-align-center wp-block-heading\"><strong>Editia a V-a, este cu desfasurare HIBRID, si cu prezenta fizica si online(cu imprimari). <\/strong><\/h2>\n\n\n\n<h4 class=\"wp-block-heading\">&#8211;&nbsp;&nbsp;&nbsp;&nbsp;&nbsp;&nbsp;<strong> Concursul cu prezenta fizica va avea loc in ziua de joi 24 noiembrie 2022, la Sala de Concerte ARCUB, din Bucuresti, Strada Lipscani nr. 84 \u2013 90 . \u00censcirerile se fac pana \u00een data de 18 noiembrie 2022(pentru participarea fizica), iar premierea(decernarea diplomelor) se va face \u00een aceeasi zi, conform programarii ce se va afisa pe data de 20.11.22(pe Site, in Programari).<\/strong><\/h4>\n\n\n\n<p><\/p>\n\n\n\n<h4 class=\"wp-block-heading\">&#8211;&nbsp;&nbsp;&nbsp;&nbsp;&nbsp;&nbsp;<strong>Pentru varianta Online(cu imprimare), \u00eenscrierile se vor face pana \u00een data de 26 noiembrie, iar rezultatele se vor anunta \u00een data de 28 noiembrie). Diplomele se vor trimite ulterior, online, pe adresa de e-mail a profesorului(dupa data de 3 decembrie 2022).<\/strong><\/h4>\n\n\n\n<p><\/p>\n\n\n\n<p><strong>\u00censcrierile (pentru participarea fizica) se fac numai online &#8211; <\/strong>electronic, prin trimitereaurmatoarelor documente:<strong> &nbsp;1. formularului tip<\/strong>(completat cu toate datele cerute)<strong> si 2. &nbsp;chitanta de donatie. <\/strong>Pentru varianta online mai este necesara <strong>3. <\/strong>trimiterea imprimarii repertoriului(adresa de youtube).<\/p>\n\n\n\n<p>Concursul se desf\u0103\u0219oar\u0103 pe <strong>3 sec\u021biuni&nbsp;: A &#8211; profesioni\u0219ti \/ B \u2013 amatori \/ C \u2013 4 m\u00e2ini (<\/strong>pe un pian)<strong>, <\/strong>iar sec\u021biunile A \u0219i B cuprind 15 categoriide v\u00e2rst\u0103<strong>(<\/strong>\u00een func\u0163ie de anul na\u015fterii).<\/p>\n\n\n\n<p><\/p>\n\n\n\n<h4 class=\"wp-block-heading\"><strong>REPERTORIUL<\/strong>  va cuprinde una sau doua piese, obligatoriu numai piese rom\u00e2nesti.<\/h4>\n\n\n\n<h4 class=\"wp-block-heading\"><strong>MINUTAJUL maxim<\/strong> pentru fiecare categorie (se admit minutaje mai mici, dar \u00een nici un caz mai mari):<\/h4>\n\n\n\n<h4 class=\"wp-block-heading\">Categoria&nbsp;&nbsp;&nbsp;&nbsp;&nbsp;&nbsp;&nbsp;&nbsp;&nbsp;&nbsp;&nbsp;&nbsp;&nbsp;&nbsp;&nbsp;&nbsp;&nbsp;&nbsp;&nbsp;&nbsp;&nbsp; Minutajul&nbsp;<strong>:&nbsp;&nbsp;&nbsp;<\/strong>&nbsp;&nbsp;&nbsp;&nbsp;&nbsp;&nbsp;&nbsp;&nbsp;&nbsp;&nbsp;&nbsp;&nbsp;&nbsp;&nbsp;&nbsp;&nbsp;<\/h4>\n\n\n\n<p>cat.<strong>&nbsp;0<\/strong>&nbsp;&nbsp;&nbsp; \u2013&nbsp;&nbsp;&nbsp; 2017&nbsp;&nbsp;&nbsp;&nbsp;&nbsp;&nbsp;&nbsp;&nbsp;&nbsp;&nbsp;&nbsp; &nbsp;&nbsp;&nbsp;&nbsp;&nbsp; 5\u2019&nbsp;&nbsp;&nbsp;<\/p>\n\n\n\n<p>cat.&nbsp;<strong>1-a<\/strong>&nbsp;&nbsp;\u2013&nbsp;&nbsp; 2016<\/p>\n\n\n\n<p>cat<strong>. a 2-a<\/strong>&nbsp;\u2013 2015&nbsp;&nbsp;&nbsp;&nbsp;&nbsp;&nbsp;&nbsp;&nbsp;&nbsp;&nbsp; &nbsp;&nbsp;&nbsp;&nbsp;&nbsp; 7\u2019<\/p>\n\n\n\n<p>cat.&nbsp;<strong>a 3-a<\/strong>&nbsp;\u2013 2014<\/p>\n\n\n\n<p>cat.&nbsp;<strong>a 4-a<\/strong>&nbsp;\u2013 2013<\/p>\n\n\n\n<p>cat.&nbsp;<strong>a 5-a<\/strong>&nbsp;\u2013 2012 &nbsp;&nbsp;&nbsp;&nbsp;&nbsp;&nbsp;&nbsp;&nbsp;&nbsp;<\/p>\n\n\n\n<p>cat.&nbsp;<strong>a 6-a<\/strong>&nbsp;\u2013 2011&nbsp;&nbsp;&nbsp;&nbsp;&nbsp;&nbsp;&nbsp;&nbsp;&nbsp;&nbsp; &nbsp;&nbsp;&nbsp;&nbsp; 10\u2019<\/p>\n\n\n\n<p>cat.&nbsp;<strong>a 7-a<\/strong>&nbsp;\u2013 2010<\/p>\n\n\n\n<p>cat.&nbsp;<strong>a 8-a<\/strong>&nbsp;\u2013 2009<\/p>\n\n\n\n<p>cat.&nbsp;<strong>a 9-a<\/strong>&nbsp;\u2013 2008<\/p>\n\n\n\n<p>cat.&nbsp;<strong>a 10-a<\/strong>\u20132007&nbsp;&nbsp;&nbsp;&nbsp;&nbsp;&nbsp;&nbsp;&nbsp;&nbsp;&nbsp; &nbsp;&nbsp;&nbsp;&nbsp; 15\u2019&nbsp;&nbsp;<\/p>\n\n\n\n<p>cat.&nbsp;<strong>a 11-a<\/strong>\u20132006<\/p>\n\n\n\n<p>cat.&nbsp;<strong>a 12-a<\/strong>\u20132005`&nbsp;&nbsp;&nbsp;&nbsp;&nbsp;&nbsp;&nbsp;&nbsp;&nbsp; &nbsp;&nbsp;&nbsp;&nbsp; 20\u2019<\/p>\n\n\n\n<p>cat.&nbsp;<strong>a 13-a<\/strong>\u20132004<\/p>\n\n\n\n<p>cat.&nbsp;<strong>a 14-a<\/strong>&nbsp;-2003, 2002<\/p>\n\n\n\n<p>Piesele vor fi interpretate din memorie(f\u0103r\u0103 partitur\u0103), cu excep\u0163ia celor de la categoria C, unde se accept\u0103 partitura.<\/p>\n\n\n\n<p><strong>Intrarea \u00een concurs<\/strong>&nbsp;se va face \u00een ordine alfabetic\u0103 pentru fiecare categorie de v\u00e2rst\u0103(dup\u0103 anul de na\u0219tere).<\/p>\n\n\n\n<p><\/p>\n\n\n\n<p><\/p>\n\n\n\n<p><\/p>\n\n\n\n<h3 class=\"wp-block-heading\"><strong>INSCRIEREA<\/strong><\/h3>\n\n\n\n<ol class=\"wp-block-list\"><li><strong>Pentru participare fizica,<\/strong> se va face <strong>numai electronic(online)<\/strong>p\u00e2n\u0103 la data de vineri <strong>18 noiembrie<\/strong> 2022. Pentru \u00eenscriere sunt necesare <strong>doua documente<\/strong>&nbsp;:<\/li><\/ol>\n\n\n\n<ul class=\"wp-block-list\"><li><strong>Formularul tip<\/strong> postat pe sit-ul Funda\u021biei Culturale \u201dPRO PIANO-ROM\u00c2NIA\u201d(dupa regulament), la adresa:&nbsp;www.propiano.org\/romana\/&nbsp;<strong>Concurs de muzica romaneasca 2022(chenarul din dreapta Site-ului).<\/strong><\/li><li><strong>&nbsp;Dovada dona\u021biei de \u00eenscriere<\/strong>(chitan\u021ba).<\/li><li><strong>Imprimarea<\/strong> (<strong>adresa de youtube<\/strong>) &#8211; numai <strong>pentru varianta online.<\/strong><\/li><\/ul>\n\n\n\n<p><strong>Dona\u0163ia de \u00eenscriere(<em>pentru ambele variante<\/em>)<\/strong>&nbsp;este de&nbsp;<strong>120<\/strong>&nbsp;lei(pentru sec\u021biunile A \u0219i B) \u0219i&nbsp;<strong>130<\/strong>&nbsp;lei(pentru sec\u021biunea C &#8211; 4 m\u00e2ini) si se vor trimite \u00een contul Fundatiei Culturale \u201dPro Piano \u201d deschis la BCR sector 3 Bucuresti, Cod IBAN: RO85RNCB0074029228740001\/C.U.I. 9099960, cu specificarea <strong>obligatorie(<\/strong>&nbsp;pe ordinul de plat\u0103) a dou\u0103 elemente: <strong>Dona\u021bie<\/strong>&nbsp;plus&nbsp;<strong>numele participantului<\/strong>(nu a depunatorului).<\/p>\n\n\n\n<p><\/p>\n\n\n\n<p><\/p>\n\n\n\n<p>&nbsp;&nbsp;&nbsp;&nbsp;&nbsp;&nbsp;&nbsp;&nbsp;&nbsp;&nbsp;&nbsp; Confirmarea \u00eenscrierii se va face imediat sau cel mult dup\u0103 2 zile. Dac\u0103 nu a\u021bi primit confirmarea, \u00eenseamn\u0103 c\u0103 \u00eenscrierea nu s-a primit. In acest caz, numai dup\u0103 2 zile de la trimitere, \u00eentreba\u021bi telefonic(la nr. 0722 382 626).<\/p>\n\n\n\n<p>Programarea \u00een concurs se va anun\u021ba&nbsp;in data de&nbsp;<strong>20 noiembrie 2022(seara)<\/strong>.<\/p>\n\n\n\n<p><\/p>\n\n\n\n<p><\/p>\n\n\n\n<p><\/p>\n\n\n\n<h3 class=\"wp-block-heading\"><strong>PREMIILE:<\/strong><\/h3>\n\n\n\n<p>Se vor acorda urm\u0103toarele premii&nbsp;:&nbsp;<strong>Premii I, II, III, Men\u021biuni<\/strong>, Diplome de&nbsp;<strong>Participare<\/strong>(pentru cei care nu se calific\u0103 la unul din premii), precum \u0219i&nbsp;<strong>Marele Premiu<\/strong> al categoriei sau sec\u021biunii si alte <strong>Premii Speciale&nbsp;<\/strong>(<strong>Premii de Excelen\u021b\u0103<\/strong>, premii pentru tehnic\u0103, interpretare,&nbsp;muzicalitate, prezen\u021b\u0103 scenic\u0103, etc). Deciziile juriului nu pot fi contestate.<\/p>\n\n\n\n<p>Cei mai buni participan\u021bi vor <strong>fi programa\u021bi ulterior, <\/strong>pe parcursul anului 2023, \u00een recitalurile Funda\u021biei \u201dPRO PIANO-ROM\u00c2NIA\u201d.<\/p>\n\n\n\n<p>Rezolvarea problemelor privind transportul, cazarea \u015fi costurile aferente acestora revin \u00een totalitate participan\u0163ilor.<\/p>\n\n\n\n<p><\/p>\n\n\n\n<p><\/p>\n\n\n\n<p><\/p>\n\n\n\n<p><\/p>\n\n\n\n<p><strong>Informa\u0163ii suplimentare:<\/strong> la Funda\u0163ia Cultural\u0103 \u201ePRO PIANO-ROM\u00c2NIA\u201d \u2013 prof. Stela Avesalon<\/p>\n\n\n\n<p>Tel&nbsp;: &nbsp;0722 382 626 (<strong>\u00een afara orelor 14-17<\/strong>).&nbsp;<\/p>\n\n\n\n<p>Orice&nbsp;<strong>completare sau&nbsp;modificare&nbsp; ulterioar\u0103<\/strong>, se va cere direct la organizator, <strong>numai prin&nbsp;SMS<\/strong>&nbsp;sau<strong>&nbsp;e-mail<\/strong>: propiano@gmail.com (<strong>nu la telefon<\/strong>)<\/p>\n","protected":false},"excerpt":{"rendered":"<p>NOUTATI&nbsp;despre Concurs si GALA concursului: 1.&nbsp;&nbsp; Edi\u021bia a V-a a Concursului \u201d MUZICA ROMANEASCA pentru pian\u201d din acest an, este o edi\u021bie HIBRID, cu desf\u0103\u0219urare in doua variante: &nbsp; &#8211;&nbsp;&nbsp;&nbsp;&nbsp;&nbsp;&nbsp; Cu prezenta fizica \u2013 \u00een ziua de joi 24 noiembrie 2022, la Sala de Concerte ARCUB, din Bucuresti, Strada Lipscani nr. 84 \u2013 90 . [&hellip;]<\/p>\n","protected":false},"author":1,"featured_media":0,"parent":0,"menu_order":0,"comment_status":"closed","ping_status":"closed","template":"","meta":{"footnotes":""},"class_list":["post-8116","page","type-page","status-publish","hentry"],"_links":{"self":[{"href":"https:\/\/www.propiano.org\/romanian\/wp-json\/wp\/v2\/pages\/8116","targetHints":{"allow":["GET"]}}],"collection":[{"href":"https:\/\/www.propiano.org\/romanian\/wp-json\/wp\/v2\/pages"}],"about":[{"href":"https:\/\/www.propiano.org\/romanian\/wp-json\/wp\/v2\/types\/page"}],"author":[{"embeddable":true,"href":"https:\/\/www.propiano.org\/romanian\/wp-json\/wp\/v2\/users\/1"}],"replies":[{"embeddable":true,"href":"https:\/\/www.propiano.org\/romanian\/wp-json\/wp\/v2\/comments?post=8116"}],"version-history":[{"count":67,"href":"https:\/\/www.propiano.org\/romanian\/wp-json\/wp\/v2\/pages\/8116\/revisions"}],"predecessor-version":[{"id":8841,"href":"https:\/\/www.propiano.org\/romanian\/wp-json\/wp\/v2\/pages\/8116\/revisions\/8841"}],"wp:attachment":[{"href":"https:\/\/www.propiano.org\/romanian\/wp-json\/wp\/v2\/media?parent=8116"}],"curies":[{"name":"wp","href":"https:\/\/api.w.org\/{rel}","templated":true}]}}