{"id":8108,"date":"2022-01-15T02:13:11","date_gmt":"2022-01-15T02:13:11","guid":{"rendered":"http:\/\/www.propiano.org\/romanian\/?page_id=8108"},"modified":"2022-06-06T12:45:05","modified_gmt":"2022-06-06T12:45:05","slug":"regulament-2022","status":"publish","type":"page","link":"https:\/\/www.propiano.org\/romanian\/regulament-2022\/","title":{"rendered":"Regulament 2022"},"content":{"rendered":"\n<p><\/p>\n\n\n\n<div class=\"wp-block-image\"><figure class=\"aligncenter size-full is-resized\"><a href=\"http:\/\/www.propiano.org\/romanian\/wp-content\/uploads\/2022\/04\/image.png\"><img loading=\"lazy\" decoding=\"async\" src=\"http:\/\/www.propiano.org\/romanian\/wp-content\/uploads\/2022\/04\/image.png\" alt=\"\" class=\"wp-image-8395\" width=\"230\" height=\"327\"\/><\/a><\/figure><\/div>\n\n\n\n<p><\/p>\n\n\n\n<h2 class=\"has-text-align-center wp-block-heading\"><strong>Inscrierile s-au prelungit pana \u00een data de 02 iunie 2022(inclusiv). <\/strong><\/h2>\n\n\n\n<p><\/p>\n\n\n\n<p><\/p>\n\n\n\n<p><\/p>\n\n\n\n<h3 class=\"has-text-align-center wp-block-heading\"><strong>Regulamentul&nbsp;Concursului International de&nbsp;Interpretare Pianistica<\/strong><\/h3>\n\n\n\n<h2 class=\"has-text-align-center wp-block-heading\"><strong>\u201cPRO PIANO-ROMANIA\u201d,&nbsp;Editia a XXVI-a, 16 \u2013 19 iunie, 2022<\/strong><\/h2>\n\n\n\n<p><\/p>\n\n\n\n<p><strong>I.<\/strong> Concursul International \u201cPRO-PIANO-ROM\u00c2NIA\u201d este deschis tinerilor piani\u0219ti de orice na\u021bionalitate, n\u0103scu\u021bi dup\u0103 1 ianuarie 1992 \u0219i se desf\u0103\u0219oar\u0103 \u00een 4 sec\u021biuni: <strong>A<\/strong>(Junior 1 \u0219i Junior 2),&nbsp;<strong>B<\/strong>(cu 8 categorii), <strong>C \u0219i D<\/strong>(4 m\u00e2ini),&nbsp;divizate la r\u00e2ndul lor \u00een categorii, \u00een func\u021bie de anul de na\u0219tere al concuren\u021bilor:&nbsp;<\/p>\n\n\n\n<p><\/p>\n\n\n\n<h3 class=\"wp-block-heading\"><strong>SECTIUNEA &nbsp;A&nbsp;<em>&nbsp;(o etapa)<\/em>&nbsp;cu 2 subsectiuni<\/strong>:<\/h3>\n\n\n\n<h3 class=\"wp-block-heading\"><strong>Junior 1(A1 si A2) si Junior 2(A3 si A4)<\/strong><\/h3>\n\n\n\n<p><\/p>\n\n\n\n<h4 class=\"wp-block-heading\"><strong>Junior 1&nbsp;<\/strong>\u2013 minutaj maxim 5\u2032<\/h4>\n\n\n\n<p>Categ. A1 \u2013 n\u0103scu\u021bi \u00een anul 2015(\u0219i dup\u0103)<\/p>\n\n\n\n<p>Categ. A2 \u2013 nascuti in 2014<\/p>\n\n\n\n<p><strong><u>Repertoriu(3 piese):<\/u><\/strong><\/p>\n\n\n\n<ul class=\"wp-block-list\"><li>un studiu<\/li><li>dou\u0103 piese diferite ca stil<\/li><\/ul>\n\n\n\n<p><\/p>\n\n\n\n<h4 class=\"wp-block-heading\"><strong>Junior 2<\/strong> \u2013&nbsp;minutaj maxim 8\u2019<\/h4>\n\n\n\n<p>Categ. A3 \u2013 nascuti in 2013<\/p>\n\n\n\n<p>Categ. A4 \u2013 nascuti in 2012<\/p>\n\n\n\n<p><strong><u>Repertoriu(3 piese):<\/u><\/strong><\/p>\n\n\n\n<ul class=\"wp-block-list\"><li>&nbsp;un studiu<\/li><li>&nbsp;o pies\u0103 baroc\u0103(preclasic\u0103)<\/li><li>&nbsp;o pies\u0103 la alegere(alta dec\u00e2t studiu sau preclasic)<\/li><\/ul>\n\n\n\n<p><\/p>\n\n\n\n<p><\/p>\n\n\n\n<h3 class=\"wp-block-heading\"><strong>SECTIUNEA &nbsp;B&nbsp;\u2013 8 categorii<em>&nbsp;(2 etape)<\/em>.<\/strong> <\/h3>\n\n\n\n<p>Minutajul specificat este cel <strong>maxim<\/strong> admis <strong>pentru etapa&nbsp; II-a<\/strong> (pentru etapa I-a nu este minutaj obligatoriu).<\/p>\n\n\n\n<p>Cat. 1-a \u2013 &nbsp;&nbsp;&nbsp;n\u0103scu\u021bi \u00een anul 2011 &nbsp;\u2013 minutaj maxim pt. etapa aII-a: 10\u2019<\/p>\n\n\n\n<p>Cat. a 2-a \u2013 n\u0103scu\u021bi \u00een anul 2010<\/p>\n\n\n\n<p>Cat. a 3-a \u2013 n\u0103scu\u021bi \u00een anul 2009<\/p>\n\n\n\n<p>Cat. a 4-a \u2013 n\u0103scu\u021bi \u00een anul 2008<\/p>\n\n\n\n<p>Cat. a 5-a \u2013 n\u0103scu\u021bi \u00een anul 2007 \u2013 minutaj maxim pt. etapa aII-a: 15\u2019<\/p>\n\n\n\n<p>Cat a 6-a \u2013 n\u0103scu\u021bi \u00een anul 2006<\/p>\n\n\n\n<p>Cat. a 7-a \u2013 n\u0103scu\u021bi \u00een anul 2005 \u2013 minutaj maxim pt. etapa aII-a: 20\u2019<\/p>\n\n\n\n<p>Cat. a 8-a \u2013 n\u0103scu\u021bi \u00een anul 2004 \u2013 2003<\/p>\n\n\n\n<p><strong><u>Repertoriul&nbsp;Sec\u021biunii B (2 etape):<\/u><\/strong><\/p>\n\n\n\n<p><strong><em>Etapa I&nbsp;(eliminatorie):<\/em><\/strong><\/p>\n\n\n\n<ul class=\"wp-block-list\"><li>un studiu<\/li><li>o piesa baroc\u0103(preclasic\u0103) \u2013 Bach, Haendel, Scarlatti, Rameau, etc. In cazul Suitelor sau Partitelor \u2013 numai 2-3 p\u0103r\u021bi<\/li><\/ul>\n\n\n\n<p><strong><em>Etapa a II-a:<\/em><\/strong><\/p>\n\n\n\n<ul class=\"wp-block-list\"><li>o pies\u0103 clasic\u0103(de J. Haydn, W. A. Mozart sau L. van Beethoven): numai PI din Sonat\u0103, sau Tem\u0103 cu varia\u021biuni, sau&nbsp;Rondo(pies\u0103 de sine st\u0103t\u0103toare, nu ca parte de sonat\u0103)<\/li><li>&nbsp;o pies\u0103 romantic\u0103, modern\u0103 sau rom\u00e2neasc\u0103 (una, la alegere)<\/li><\/ul>\n\n\n\n<p><\/p>\n\n\n\n<p><\/p>\n\n\n\n<h3 class=\"wp-block-heading\"><strong>SECTIUNEA &nbsp;C&nbsp;\u2013&nbsp;<em>(2 etape )<\/em>&nbsp;nascuti dupa 1992<\/strong><\/h3>\n\n\n\n<p><strong>Repertoriu:<\/strong><\/p>\n\n\n\n<p><strong><em>Etapa I (eliminatorie):<\/em><\/strong><\/p>\n\n\n\n<ul class=\"wp-block-list\"><li>dou\u0103 studii de virtuozitate(Chopin, Liszt, Schumann, Rahmaninov, Debussy, Skriabin, Prokofiev)<\/li><li>J. S. Bach \u2013 Preludiu \u0219i fug\u0103 sau 2-3 mi\u0219c\u0103ri(p\u0103r\u021bi) din Suite, Partite<\/li><\/ul>\n\n\n\n<p><strong><em>Etapa a II-a&nbsp;(finala) &#8211; maxim 30\u2019<\/em><\/strong><\/p>\n\n\n\n<ul class=\"wp-block-list\"><li>Recital cu piese la alegere: sonat\u0103 clasic\u0103, pies\u0103 romantic\u0103, pies\u0103 modern\u0103( din repertoriul universal sau rom\u00e2nesc)<\/li><\/ul>\n\n\n\n<p>Se poate concura la dou\u0103 categorii: cea a v\u00e2rstei concurentului \u0219i la o categorie superioar\u0103, dar cu repertorii diferite.<\/p>\n\n\n\n<p><\/p>\n\n\n\n<p><\/p>\n\n\n\n<h3 class=\"wp-block-heading\"><strong>SECTIUNEA &nbsp;D&nbsp;\u2013 Ansamblu la 4 m\u00e2ini pe un pian<\/strong>\u2013<strong><em>&nbsp;(o etapa):<\/em><\/strong><\/h3>\n\n\n\n<p><strong>Categ. 1<\/strong>&nbsp;\u2013 n\u0103scu\u021bi intre 2014(si dup\u0103) \u2013 2009<\/p>\n\n\n\n<p><strong>Categ. a 2<\/strong>-a-n\u0103scu\u021bi intre 2008 \u2013 2003<\/p>\n\n\n\n<p><strong>Categ. a 3<\/strong>-a-n\u0103scu\u021bi intre 2002- 1992(ca v\u00e2rst\u0103, unul din parteneri poate dep\u0103\u0219i limita cu 1-2 ani, cu condi\u021bia ca cel\u0103lalt sa fie p\u00e2n\u0103 \u00een 30 ani).<\/p>\n\n\n\n<p>Repertoriul&nbsp;sec\u021biunii D: piese la alegere, cu urm\u0103torul minutaj maxim: <\/p>\n\n\n\n<p>cat. 1 \u2013 7\u2019&nbsp;&nbsp;&nbsp;&nbsp;&nbsp;&nbsp;&nbsp;&nbsp;&nbsp;&nbsp;&nbsp;&nbsp;&nbsp; &nbsp; &nbsp;&nbsp;&nbsp; cat. a 2-a \u2013 15\u2019&nbsp;&nbsp;&nbsp;&nbsp;&nbsp;&nbsp;&nbsp; &nbsp;&nbsp;&nbsp;&nbsp;&nbsp;&nbsp;&nbsp;&nbsp;&nbsp;&nbsp;&nbsp;&nbsp;&nbsp; cat. a 3-a \u201330\u2032&nbsp;&nbsp;&nbsp;&nbsp;<\/p>\n\n\n\n<p>Ordinea intr\u0103rii \u00een concurs este cea alfabetic\u0103 pentru fiecare categorie de v\u00e2rst\u0103.<\/p>\n\n\n\n<p>Ordinea de interpretare a pieselor este la libera alegere a candida\u021bilor. Toate piesele se vor interpreta din memorie(f\u0103r\u0103 partitur\u0103). \u00cen cazul dep\u0103\u0219irii duratei maxime stabilite pentru etapa a II-a,&nbsp; juriul va \u00eentrerupe evolu\u021bia candidatului. Toate probele sunt publice.<\/p>\n\n\n\n<p><\/p>\n\n\n\n<p><\/p>\n\n\n\n<p><\/p>\n\n\n\n<h3 class=\"wp-block-heading\"><strong>II. Inscrierile &#8211;<\/strong> se vor face <strong>numai online,<\/strong> prin e-mail, la adresa: propiano@gmail.com, <strong>pana la data de 2 iunie, 2022(ora 24).<\/strong> <\/h3>\n\n\n\n<p><\/p>\n\n\n\n<h3 class=\"wp-block-heading\"><strong>Pentru \u00eenscriere se vor trimite 2 documente:<\/strong> <\/h3>\n\n\n\n<h3 class=\"wp-block-heading\"><strong>1. formularul tip<\/strong>(afisat pe Site, la adresa: www.propiano.org\/ apoi Romana\/Concurs de pian 2022\/Formular 2022), dupa Regulament si <\/h3>\n\n\n\n<h3 class=\"wp-block-heading\"><strong>2. dovada achitarii<\/strong>  <strong>donatiei de participare(copia <\/strong>chitantei)!<\/h3>\n\n\n\n<h3 class=\"wp-block-heading\"><\/h3>\n\n\n\n<p>Nu&nbsp;se admit cereri speciale pentru programare in anumite zile sau ore.<\/p>\n\n\n\n<p>Pentru sec\u021biunea D(4 m\u00e2ini) numele ambilor interpreti se vor \u00eenscrie<strong> pe acelasi&nbsp;formular<\/strong>(cu datele respective).&nbsp;<\/p>\n\n\n\n<p><\/p>\n\n\n\n<p><\/p>\n\n\n\n<p><strong>Explicatii suplimentare<\/strong> despre: <\/p>\n\n\n\n<p><strong>1. formularul de \u00eenscriere tip<\/strong> &#8211; se g\u0103se\u0219te pe Site, dup\u0103 Regulament! Se va alege cel corespunzator sectiunii dorite(A, B, C, D) \u0219i se va completa cu toate datele cerute. <strong>Numele<\/strong> se va scrie cu diacritice(dac\u0103 este cazul), adic\u0103 dac\u0103 con\u021bine  \u0103, \u00e2, \u00ee, \u0219, \u021b, lucru foarte important pentru scrierea corecta a diplomelor! Repertoriul scris \u00een formular nu poate fi modificat ulterior.<\/p>\n\n\n\n<p>     <strong>2. <em>Copia chitantei<\/em><\/strong> de plat\u0103 a donatiei de: <\/p>\n\n\n\n<ul class=\"wp-block-list\"><li>200 lei pentru sec\u021biunea <strong>A<\/strong><\/li><li>250 lei pentru sec\u021biunea <strong style=\"color: initial;\">B<\/strong><\/li><li>300 lei pentru sec\u021biunea <strong style=\"color: initial;\">C<\/strong><span style=\"color: initial;\"> \u0219i <\/span><\/li><li>240 lei pentru sec\u021biunea <strong style=\"color: initial;\">D<\/strong><span style=\"color: initial;\">\/cuplu. <\/span><\/li><li>Donatia va fi trimis\u0103 in contul Funda\u021biei \u201cPro Piano -Rom\u00e2nia\u201d deschis la B C R \u2013 Sector 3, Bucure\u0219ti:<\/li><\/ul>\n\n\n\n<p>Cod IBAN nr. RO85RNCB0074029228740001 \/ Cod fiscal 9099960.<\/p>\n\n\n\n<p>&nbsp;&nbsp;&nbsp;&nbsp;&nbsp;&nbsp;&nbsp;&nbsp;&nbsp;&nbsp;&nbsp; \u00cen caz de renun\u021bare sau neparticipare, dona\u021bia nu se va returna(cu nici un motiv).<\/p>\n\n\n\n<p>Se vor \u00eenregistra numai dosarele&nbsp;complete, cu ambele documente(trimiteri separate nu sunt admise).<\/p>\n\n\n\n<p>Cel mult dup\u0103 dou\u0103 zile de la trimitere \u00eenscrierii ve\u021bi primi  confirmare de primire ! Dac\u0103 nu primi\u021bi confirmarea, v\u0103 rog s\u0103 ne semnala\u021bi(\u00eenseamn\u0103 c\u0103 nu s-au primit documentele).<\/p>\n\n\n\n<p><\/p>\n\n\n\n<p><\/p>\n\n\n\n<h3 class=\"wp-block-heading\"><strong>Date importante : <\/strong><\/h3>\n\n\n\n<ul class=\"wp-block-list\"><li><strong>28 mai 2022(ora 24) &#8211; data limita pentru inscrieri<\/strong><\/li><li><strong>sambata 4 iunie 2022 &#8211; afisarea listei participantilor<\/strong>( pe Site \u00een cel de al 3-lea link \u2013 <em>Program\u0103ri<\/em>, dup\u0103 Formular). Dac\u0103 se constat\u0103 gre\u0219eli de nume sau omisiuni, v\u0103 rog s\u0103 le semnala\u021bi&nbsp;<strong>numai prin SMS&nbsp;sau e-mail<\/strong>(nu la telefon). <\/li><li><strong> luni 6 iunie(seara) <\/strong><em>&#8211; <\/em><strong>programarea prezentarii in concurs<\/strong>(tot in link-ul Program\u0103ri)!<\/li><\/ul>\n\n\n\n<p><\/p>\n\n\n\n<p>Cheltuielile de transport, cazare, mas\u0103 vor fi suportate de c\u0103tre participan\u021bi.<\/p>\n\n\n\n<p><\/p>\n\n\n\n<p><\/p>\n\n\n\n<h3 class=\"wp-block-heading\"><strong>III. Premii:<\/strong><\/h3>\n\n\n\n<p>* TROFEUL \u2013 MARELE PREMIU al Concursului Interna\u021bional \u201cPro Piano \u2013 Rom\u00e2nia\u201d<\/p>\n\n\n\n<p>* C\u00e2te 5 (cinci) premii la fiecare categorie, inclusiv Premiul I de Excelen\u021b\u0103<\/p>\n\n\n\n<p>* Premii speciale<\/p>\n\n\n\n<p>* Premiul pentru interpretarea de excep\u021bie a unei piese rom\u00e2ne\u0219ti sau a unei alte piese din repertoriul prezentat,<\/p>\n\n\n\n<p>*Premiul \u201dGEORGETA\u00a0 SANDU\u201d -oferit de Prof.Univ. Dr. Constantin Sandu <\/p>\n\n\n\n<p>*Premiul \u201dFlorica Musicescu\u201d &#8211; oferit de d-ra prof. Lucia Teodorescu(pentru piese rom\u00e2ne\u0219ti)<\/p>\n\n\n\n<p>* Premii din partea sponsorilor.<\/p>\n\n\n\n<p>Participan\u021bii care nu au trecut in etapa a II-a, sau cei care nu s-au calificat la nici un premiu, vor primi(la cerere) Diplome de Participare!<\/p>\n\n\n\n<p><strong>Toate premiile<\/strong> concursului vor fi \u00eenm\u00e2nate personal laurea\u021bilor \u00een festivitatea de premiere \u2013 <strong>Gala de Premiere<\/strong>(19 iunie, ora 11,00 la Arcub). To\u021bi laurea\u021bii sunt ruga\u021bi s\u0103 se prezinte&nbsp;<strong><em><u>\u00een \u021binut\u0103 de gal\u0103<\/u><\/em><\/strong> la festivitatea de premiere (\u00een caz contrar, nu vor fi accepta\u021bi \u00een pozele de grup).<\/p>\n\n\n\n<p><strong>\u2013&nbsp;Important:<\/strong><em>&nbsp;\u00een caz de neprezentare personal\u0103&nbsp;in gal\u0103, este obligatorie <strong>delegarea unei alte persoane<\/strong> pentru ridicarea premiului, ocazie cu care va semna intr-un tabel specia , cu numele celui pentru care se ridic\u0103 premiul. <strong>Funda\u021bia nu-\u0219i ia angajamentul trimiterilor ulterioare(nici prin po<\/strong><\/em><strong><em>\u0219<\/em><\/strong><strong><em>t\u0103, nici pe alt\u0103 cale)<\/em><\/strong><em>.<\/em><\/p>\n\n\n\n<p><\/p>\n\n\n\n<h3 class=\"wp-block-heading\"><strong>IV. Juriul&nbsp;concursului<\/strong>&nbsp;va fi alcatuit din personalitati ale vietii muzicale romanesti  si internationale.<\/h3>\n\n\n\n<p><strong>Hot\u0103r\u00e2rile juriului sunt definitive \u0219i inatacabile.<\/strong>&nbsp;Din momentul \u00eenscrierii la concurs, candida\u021bii accept\u0103 prezentul regulament \u0219i auroritatea juriului. Pentru eventualele \u00eenregistr\u0103ri audio-video concuren\u021bii nu vor putea solicita onorariu.<\/p>\n\n\n\n<p><\/p>\n\n\n\n<p><\/p>\n\n\n\n<h3 class=\"wp-block-heading\"><strong>Informatii suplimentare&nbsp;se pot obtine la:&nbsp;&nbsp;<\/strong><\/h3>\n\n\n\n<p>Tel\/mobil : 0722.38.26.26&nbsp;(\u00een afara orelor 14-17)<\/p>\n\n\n\n<p>E-mail :&nbsp;<a href=\"mailto:propiano@gmail.com\">propiano@gmail.com<\/a><\/p>\n\n\n\n<p>Web page:&nbsp;<a href=\"http:\/\/www.propiano.org\">www.propiano.org<\/a><\/p>\n","protected":false},"excerpt":{"rendered":"<p>Inscrierile s-au prelungit pana \u00een data de 02 iunie 2022(inclusiv). Regulamentul&nbsp;Concursului International de&nbsp;Interpretare Pianistica \u201cPRO PIANO-ROMANIA\u201d,&nbsp;Editia a XXVI-a, 16 \u2013 19 iunie, 2022 I. Concursul International \u201cPRO-PIANO-ROM\u00c2NIA\u201d este deschis tinerilor piani\u0219ti de orice na\u021bionalitate, n\u0103scu\u021bi dup\u0103 1 ianuarie 1992 \u0219i se desf\u0103\u0219oar\u0103 \u00een 4 sec\u021biuni: A(Junior 1 \u0219i Junior 2),&nbsp;B(cu 8 categorii), C \u0219i D(4 [&hellip;]<\/p>\n","protected":false},"author":1,"featured_media":0,"parent":0,"menu_order":0,"comment_status":"closed","ping_status":"closed","template":"","meta":{"footnotes":""},"class_list":["post-8108","page","type-page","status-publish","hentry"],"_links":{"self":[{"href":"https:\/\/www.propiano.org\/romanian\/wp-json\/wp\/v2\/pages\/8108","targetHints":{"allow":["GET"]}}],"collection":[{"href":"https:\/\/www.propiano.org\/romanian\/wp-json\/wp\/v2\/pages"}],"about":[{"href":"https:\/\/www.propiano.org\/romanian\/wp-json\/wp\/v2\/types\/page"}],"author":[{"embeddable":true,"href":"https:\/\/www.propiano.org\/romanian\/wp-json\/wp\/v2\/users\/1"}],"replies":[{"embeddable":true,"href":"https:\/\/www.propiano.org\/romanian\/wp-json\/wp\/v2\/comments?post=8108"}],"version-history":[{"count":34,"href":"https:\/\/www.propiano.org\/romanian\/wp-json\/wp\/v2\/pages\/8108\/revisions"}],"predecessor-version":[{"id":8595,"href":"https:\/\/www.propiano.org\/romanian\/wp-json\/wp\/v2\/pages\/8108\/revisions\/8595"}],"wp:attachment":[{"href":"https:\/\/www.propiano.org\/romanian\/wp-json\/wp\/v2\/media?parent=8108"}],"curies":[{"name":"wp","href":"https:\/\/api.w.org\/{rel}","templated":true}]}}