{"id":7181,"date":"2021-01-06T15:23:42","date_gmt":"2021-01-06T15:23:42","guid":{"rendered":"http:\/\/www.propiano.org\/romanian\/?page_id=7181"},"modified":"2021-05-10T14:44:07","modified_gmt":"2021-05-10T14:44:07","slug":"regulament-bucuresti-2021","status":"publish","type":"page","link":"https:\/\/www.propiano.org\/romanian\/regulament-bucuresti-2021\/","title":{"rendered":"Regulament Bucuresti 2021"},"content":{"rendered":"\n<p><\/p>\n\n\n\n<p><\/p>\n\n\n\n<h2 class=\"has-text-align-center wp-block-heading\"><strong>REGULAMENTUL Concursului National&nbsp;Online<\/strong><\/h2>\n\n\n\n<h2 class=\"has-text-align-center wp-block-heading\"><strong>\u201cPRIETENII&nbsp; MUZICII&nbsp; \/ PRO PIANO-ROMANIA\u201d &#8211; BUCURESTI,<\/strong><\/h2>\n\n\n\n<h3 class=\"has-text-align-center wp-block-heading\"><strong>Editia a XIX-a, 1 iunie 2021<\/strong><\/h3>\n\n\n\n<p><\/p>\n\n\n\n<p><strong>I.<\/strong>&nbsp;Manifestarea este deschis\u0103 copiilor cu v\u00e2rsta cuprins\u0103 \u00eentre 5 \u015fi 19 ani, fiind divizat\u0103 \u00een 3 sec\u0163iuni: A,B,C.<\/p>\n\n\n\n<p><strong>Sec\u0163iunea A<\/strong>&nbsp;\u2013 tineri care studiaz\u0103 pianul ca instrument principal, \u00een \u0219coli \u0219i licee de muzic\u0103<\/p>\n\n\n\n<p><strong>Sec\u0163iunea B<\/strong>&nbsp;\u2013 tineri care studiaz\u0103 pianul ca instrument op\u021bional( \u00een \u015fcoli \u015fi licee de muzic\u0103), in Palatele Copiilor, Cluburi sau in sistem particular.<\/p>\n\n\n\n<p><strong>Sec\u021biunea C<\/strong>&nbsp;\u2013 ansamblu la 4 m\u00e2ini(pe un pian)<\/p>\n\n\n\n<p><strong>II.<\/strong>&nbsp;Pentru o mai bun\u0103 evaluare, fiecare din sectiunile A si B este divizat\u0103 \u00een&nbsp;<strong>15 categorii,<\/strong>&nbsp;\u00een func\u0163ie de anul na\u015fterii participan\u0163ilor:<\/p>\n\n\n\n<p>categoria 0 \u20132016<\/p>\n\n\n\n<p>cat. 1-a&nbsp;&nbsp;&nbsp;&nbsp;&nbsp;&nbsp;\u2013&nbsp;2015<\/p>\n\n\n\n<p>cat. a 2-a&nbsp;&nbsp; \u2013 2014<\/p>\n\n\n\n<p>cat. a 3-a&nbsp;&nbsp; \u2013 2013<\/p>\n\n\n\n<p>cat. a 4-a&nbsp;&nbsp; \u2013 2012<\/p>\n\n\n\n<p>cat. a 5-a&nbsp;&nbsp; \u2013 2011<\/p>\n\n\n\n<p>cat. a 6-a&nbsp;&nbsp; \u2013 2010<\/p>\n\n\n\n<p>cat. a 7-a&nbsp;&nbsp; \u2013 2009<\/p>\n\n\n\n<p>cat. a 8-a&nbsp;&nbsp; \u2013 2008<\/p>\n\n\n\n<p>cat. a 9-a&nbsp;&nbsp; \u2013 2007<\/p>\n\n\n\n<p>cat. a 10-a \u2013 2006<\/p>\n\n\n\n<p>cat. a 11-a \u2013 2005<\/p>\n\n\n\n<p>cat. a 12-a \u2013 2004<\/p>\n\n\n\n<p>cat. a 13-a \u2013 2003<\/p>\n\n\n\n<p>cat. a 14-a \u2013 2002, 2001<\/p>\n\n\n\n<p><strong>Sec\u0163iunea&nbsp;C<\/strong>&nbsp;este divizat\u0103, conform categoriilor aferente, \u00een 3 subsec\u0163iuni:&nbsp;<strong>C1<\/strong>&nbsp;(cat. 0-4),&nbsp;<strong>C2&nbsp;<\/strong>(cat. 5-9),&nbsp;<strong>C3<\/strong>&nbsp;(cat. 10-14), \u0163in\u00e2ndu-se cont de v\u00e2rsta celor 2 membrii (nu e obligatorie apartenen\u0163a la aceea\u015fi categorie). Repertoriul ales poate fi executat din partitur\u0103, sau din memorie, respect\u00e2nd urm\u0103toarele durate maxime:<\/p>\n\n\n\n<p>C1 \u2013 5\u2019<\/p>\n\n\n\n<p>C2 \u2013 10\u2019<\/p>\n\n\n\n<p>C3 \u2013 15\u2019<\/p>\n\n\n\n<p><strong>III.<\/strong>&nbsp;<strong>Repertoriul&nbsp;<\/strong><strong>sec\u021biunilor A \u0219i B <\/strong>va cuprinde una sau dou\u0103 lucr\u0103ri la alegerea participan\u0163ilor, interpretate&nbsp;<strong>f\u0103r\u0103 repeti\u021bii&nbsp;<\/strong>\u0219i&nbsp;obligatoriu&nbsp;<strong>din memorie<\/strong>, respect\u00e2nd urm\u0103toarele&nbsp;<strong>durate maxime(<\/strong>&nbsp; \u00een func\u021bie de categorie), dup\u0103 cum urmeaz\u0103:<\/p>\n\n\n\n<p><strong>Sectiunea A<\/strong><\/p>\n\n\n\n<p>Cat. 1- 4 = 5\u2019<\/p>\n\n\n\n<p>Cat. 5 -8 = 8\u2019<\/p>\n\n\n\n<p>Cat. 9 \u2013 10 = 12\u2019<\/p>\n\n\n\n<p>Cat. 11- 12 = 15\u2019<\/p>\n\n\n\n<p>Cat. 13 \u2013 14 = 20\u2019<\/p>\n\n\n\n<p>&nbsp;&nbsp;&nbsp;&nbsp;&nbsp;&nbsp;&nbsp;&nbsp;&nbsp;&nbsp;&nbsp; <strong>Sectiunea B<\/strong><\/p>\n\n\n\n<p>Cat. 1- 4 = 4\u2019<\/p>\n\n\n\n<p>Cat. 5 -8 = 6\u2019<\/p>\n\n\n\n<p>Cat. 9 \u2013 10 = 9\u2019<\/p>\n\n\n\n<p>Cat. 11- 12 = 12\u2019<\/p>\n\n\n\n<p>Cat. 13 \u2013 14 = 15\u2019<\/p>\n\n\n\n<p>Programul men\u0163ionat \u00een fi\u015fa de \u00eenscriere nu poate fi modificat ulterior. Ordinea interpret\u0103rii pieselor se stabile\u015fte la libera alegere a participan\u0163ilor.<\/p>\n\n\n\n<p><strong>IV. \u00censcrierile&nbsp;:<\/strong><\/p>\n\n\n\n<p>Pentru inscriere sunt necesare urm\u0103toarele<strong>:<\/strong><\/p>\n\n\n\n<p><strong>1. formularul de \u00eenscriere<\/strong> <strong>tip<\/strong>(care include <em><strong>datele personal<\/strong>e<\/em> \u0219i <em><strong>link-ul<\/strong><\/em> <strong><em>film\u0103rii<\/em><\/strong>)<\/p>\n\n\n\n<p><strong>2. chitan\u021ba de dona\u021bie<\/strong><\/p>\n\n\n\n<p><\/p>\n\n\n\n<ol class=\"wp-block-list\" type=\"1\"><li><strong><u>Formularul<\/u> <\/strong>se va completa cu &nbsp;<strong><em>toate datele<\/em><\/strong> cerute \u00een formular, cu mare grij\u0103 la <strong>CNP(obligatoriu, pentru incadrarea corect\u0103 in &nbsp;categorie)<\/strong>, <strong>adresa exact\u0103 de e-mail<\/strong>(unde se vor trimite diplomele)., iar numele se va trece cu diacritice(\u0103,\u00e2,\u021b, \u0219, conform exemplului).<\/li><\/ol>\n\n\n\n<p>\u00cen cazul ansamblurilor la 4 m\u00e2ini, datele celor doi participan\u0163i vor fi men\u0163ionate pe acela\u015fi formular.<\/p>\n\n\n\n<p>2. <strong>dona\u021bia de participare<\/strong>&nbsp;este de&nbsp;<strong>120 lei<\/strong>(<strong>25 EURO<\/strong>)\/solist \u0219i&nbsp;<strong>130 lei<\/strong>&nbsp;\/ ansamblu la 4 m\u00e2ini(un elev participant \u00een mai multe forma\u021bii la patru m\u00e2ini, achit\u0103 o singur\u0103 dat\u0103 jum\u0103tatea sa de dona\u021bie).&nbsp;<strong>Nu se admit mandate postale<\/strong>.<\/p>\n\n\n\n<p>Dona\u021bia de participare se va depune:\u00een&nbsp;<strong>contul Funda\u021biei<\/strong>&nbsp;Pro Piano, deschis la BCR sector 3 Bucuresti, Cod IBAN: RO85RNCB0074029228740001\/C.U.I. 9099960, cu specificarea&nbsp;<strong>obligatorie&nbsp;<\/strong>pe ordinul de plat\u0103 a celor 2&nbsp;<strong><u>semne de identificare<\/u>:&nbsp;a.<\/strong>&nbsp;<strong>Dona\u021bie Bucure\u0219ti<\/strong>&nbsp;\u0219i &nbsp;<strong>b<\/strong>.&nbsp;<strong>numele participantului<\/strong>&nbsp;pentru care se face plata(pentru formularul cu mai multi concurenti se va trece numele tuturor, unul dupa altul).<\/p>\n\n\n\n<p>\u00cen caz de neprezentare, dona\u021bia <strong>nu se returneaz\u0103<\/strong>(sub nici un motiv).<\/p>\n\n\n\n<p><strong>Cele 2 documente(formularul \u0219i chitan\u021ba de dona\u021bie) se vor trimite odat\u0103, printr-un singur e-mail, la adresa&nbsp;: <\/strong><a href=\"mailto:propiano@gmail.com\"><strong>propiano@gmail.com<\/strong><\/a><strong>,<\/strong> iar la subiect&nbsp; se va pune numele participantului.<\/p>\n\n\n\n<p><strong>Specific\u0103m \u00eenc\u0103 odat\u0103&nbsp;: documentele se trimit o singur\u0103 dat\u0103<\/strong>!<\/p>\n\n\n\n<p><\/p>\n\n\n\n<ul class=\"wp-block-list\" id=\"block-9ef8eda4-eb4e-4842-bf53-f5479015c3f3\"><li><strong>&nbsp;Link-ul filmului&nbsp;cu inregistrarea pieselor pe You Tube se va \u00eenc\u0103rca \u00een FORMULAR(sub titlul pieselor)<\/strong>, aleg\u00e2nd <strong><em>op\u021biunea PUBLIC <\/em><\/strong>(conform indicatiilor tehnice de mai jos).<\/li><\/ul>\n\n\n\n<h4 class=\"wp-block-heading\"><strong><u>Indicatii tehnice &#8211; Cum se face filmarea(inregistrarea)<\/u>&nbsp;?<\/strong><\/h4>\n\n\n\n<p>Filmarea repertoriului participantului se va face obligatoriu cu telefonul \u021binut <strong>pe orizontal\u0103<\/strong>(nu vertical), pozi\u021bionat \u00een profil \u2013 dreapta, iar \u00een filmare s\u0103 se vad\u0103 corpul \u00eentreg al interpretului si pianul. Este bine ca telefonul sa fie pus pe un stativ(pentru a nu se misca,).<\/p>\n\n\n\n<p>Dup\u0103 filmare, \u00eenregistrarea se va pune( \u00eenc\u0103rca) \u00een <strong>contul You Tube personal (<\/strong>cu op\u021biunea<strong> public), <\/strong>iar de trimis, se va trimite numai <strong>link-ul<\/strong> rezultat din postare!<\/p>\n\n\n\n<p>Piesele(una sau dou\u0103) se vor trimite impreun\u0103, \u00eentr-un singur mail(fiecare participant va trimite un singur e-mail) \u00een care, pe l\u00e2ng\u0103 link-urile(adresele) film\u0103rii propriuzise se va men\u021biona obligatoriu <strong>numele \u0219i prenumele candidatului (<\/strong>scris neap\u0103rat cu diacritice, pentru scrierea diplomelor), <strong>numele compozitorului \u0219i titlul<\/strong><strong> pieselor<\/strong> \u0219i <strong>categoria<\/strong>(ex : A2, B3, etc).<\/p>\n\n\n\n<p>Mai clar, dup\u0103 filmarea cu telefonul(sau alt aparat), concurentul va pune filmul pe contul s\u0103u de You Tube(cu optiunea <strong>public, <\/strong>nu privat<strong>)<\/strong>, iar <strong>link-ul<\/strong> rezultat va fi trimis prin e-mail, \u00eempreuna cu numele, categoria \u0219i repertoriul \u00eenregistrat.<\/p>\n\n\n\n<p>Confirmarea primirii documentelor se va face \u00een decursul zilei sau cel tarziu a doua zi, tot pe mail. Daca nu primiti confirmarea dup\u0103 dou\u0103 zile, va rog sa ne semnalati imediat situa\u021bia(inseamna ca nu s-au primit documentele).<\/p>\n\n\n\n<h5 class=\"wp-block-heading\"><strong>De citit atent&nbsp;!<\/strong> <strong>Date importante <\/strong>\u00een calendarul \u00eenscrierilor&nbsp;:<\/h5>\n\n\n\n<ul class=\"wp-block-list\"><li><strong>Vineri 21 mai 2021(inclusiv) &#8211; d<\/strong>ata limit\u0103 a \u00eenscrierilor <strong>online<\/strong><\/li><li><strong>duminic\u0103 23 mai \u00a0<\/strong>\u2013 afi\u0219area <strong>listei participan\u021bilor<\/strong> \u00eenscri\u0219i la Concurs, \u00een ordinea categoriilor , pe sectiuni.<\/li><\/ul>\n\n\n\n<p>Cu aceast\u0103 ocazie vom anun\u021ba eventualele probleme existente \u00een documentele trimise de dv, sau calitatea film\u0103rilor. \u00cen cazul unor eventuale gre\u0219eli, corecturile se vor transmite <strong>numai prin e-mail sau SMS<\/strong>(<strong>nu la telefon<\/strong>), p\u00e2n\u0103 luni 24 mai! Dup\u0103 aceast\u0103 dat\u0103 nu se mai pot face nici un fel de schimb\u0103ri).<\/p>\n\n\n\n<p><strong>V.<\/strong>&nbsp;<strong>Premii<\/strong><\/p>\n\n\n\n<p>se vor acorda DIPLOME:&nbsp;Premii I, II, III, Men\u021biuni, Diplome de Excelen\u021b\u0103, Diplome&nbsp;de Participare(pentru cei care nu se calific\u0103 la unul dintre premii), numeroase <strong>Premii Speciale<\/strong>&nbsp;: J. S. Bach, Fr. Liszt, muzic\u0103 rom\u00e2neasc\u0103, prezen\u0163\u0103 artistic\u0103 deosebit\u0103, muzicalitate,&nbsp; etc.<\/p>\n\n\n\n<p>Diplomele vor fi trimise <strong>pe e-mailul trecut in formularul<\/strong> de inscriere, imediat dup\u0103 anun\u021barea rezultatelor!<\/p>\n\n\n\n<p><strong>VI.<\/strong>&nbsp;<strong>Juriul<\/strong><\/p>\n\n\n\n<p>Va fi format din personalit\u0103\u0163i ale pedagogiei \u015fi muzicii rom\u00e2ne\u015fti.<\/p>\n\n\n\n<p>Toate materialele audio-video sau de alt\u0103 natur\u0103 realizate de c\u0103tre organizatori, apar\u0163in de drept acestora.<\/p>\n\n\n\n<p>In momentul \u00eenscrierii \u00een Concurs, candida\u0163ii accept\u0103 prezentele condi\u0163ii \u015fi autoritatea juriului.<\/p>\n\n\n\n<p><strong>Informa\u0163ii suplimentare:<\/strong>&nbsp;&nbsp;&nbsp;&nbsp;&nbsp;&nbsp;&nbsp;&nbsp;&nbsp;&nbsp;&nbsp;&nbsp;&nbsp;&nbsp;&nbsp;&nbsp;<\/p>\n\n\n\n<ul class=\"wp-block-list\"><li>la&nbsp;<strong>Funda\u0163ia \u201ePro Piano\u2013Rom\u00e2nia\u201d<\/strong>, <strong>prof. Stela Avesalon \u2013 tel.&nbsp;0722 382 626<\/strong>(in afara orelor 14-17)<\/li><\/ul>\n\n\n\n<p><strong>E-mail<\/strong>:&nbsp;<a href=\"mailto:propiano@gmail.com\">propiano@gmail.com<\/a>&nbsp;&nbsp;&nbsp;&nbsp;&nbsp;&nbsp;&nbsp;&nbsp;&nbsp;&nbsp;&nbsp;&nbsp;&nbsp;&nbsp;&nbsp;&nbsp;&nbsp;&nbsp;&nbsp;&nbsp;&nbsp; &nbsp;&nbsp;&nbsp;&nbsp;&nbsp;&nbsp;&nbsp;&nbsp;&nbsp;&nbsp;&nbsp;&nbsp;&nbsp;&nbsp;&nbsp;&nbsp;&nbsp;&nbsp;&nbsp;&nbsp;&nbsp;&nbsp;&nbsp;&nbsp;<\/p>\n\n\n\n<p class=\"has-text-align-left\"><strong>Web page:&nbsp;<\/strong><a href=\"http:\/\/www.propiano.org\/\">www.propiano.org<\/a><\/p>\n","protected":false},"excerpt":{"rendered":"<p>REGULAMENTUL Concursului National&nbsp;Online \u201cPRIETENII&nbsp; MUZICII&nbsp; \/ PRO PIANO-ROMANIA\u201d &#8211; BUCURESTI, Editia a XIX-a, 1 iunie 2021 I.&nbsp;Manifestarea este deschis\u0103 copiilor cu v\u00e2rsta cuprins\u0103 \u00eentre 5 \u015fi 19 ani, fiind divizat\u0103 \u00een 3 sec\u0163iuni: A,B,C. Sec\u0163iunea A&nbsp;\u2013 tineri care studiaz\u0103 pianul ca instrument principal, \u00een \u0219coli \u0219i licee de muzic\u0103 Sec\u0163iunea B&nbsp;\u2013 tineri care studiaz\u0103 pianul [&hellip;]<\/p>\n","protected":false},"author":1,"featured_media":0,"parent":0,"menu_order":0,"comment_status":"closed","ping_status":"closed","template":"","meta":{"footnotes":""},"class_list":["post-7181","page","type-page","status-publish","hentry"],"_links":{"self":[{"href":"https:\/\/www.propiano.org\/romanian\/wp-json\/wp\/v2\/pages\/7181","targetHints":{"allow":["GET"]}}],"collection":[{"href":"https:\/\/www.propiano.org\/romanian\/wp-json\/wp\/v2\/pages"}],"about":[{"href":"https:\/\/www.propiano.org\/romanian\/wp-json\/wp\/v2\/types\/page"}],"author":[{"embeddable":true,"href":"https:\/\/www.propiano.org\/romanian\/wp-json\/wp\/v2\/users\/1"}],"replies":[{"embeddable":true,"href":"https:\/\/www.propiano.org\/romanian\/wp-json\/wp\/v2\/comments?post=7181"}],"version-history":[{"count":7,"href":"https:\/\/www.propiano.org\/romanian\/wp-json\/wp\/v2\/pages\/7181\/revisions"}],"predecessor-version":[{"id":7658,"href":"https:\/\/www.propiano.org\/romanian\/wp-json\/wp\/v2\/pages\/7181\/revisions\/7658"}],"wp:attachment":[{"href":"https:\/\/www.propiano.org\/romanian\/wp-json\/wp\/v2\/media?parent=7181"}],"curies":[{"name":"wp","href":"https:\/\/api.w.org\/{rel}","templated":true}]}}