{"id":6696,"date":"2020-07-05T15:12:25","date_gmt":"2020-07-05T15:12:25","guid":{"rendered":"http:\/\/www.propiano.org\/romanian\/?page_id=6696"},"modified":"2024-08-10T16:29:24","modified_gmt":"2024-08-10T16:29:24","slug":"premii-2021","status":"publish","type":"page","link":"https:\/\/www.propiano.org\/romanian\/premii-2021\/","title":{"rendered":"Premii 2021"},"content":{"rendered":"\n<p><\/p>\n\n\n\n<h2 class=\"wp-block-heading has-text-align-center\"><strong>Premiile editiei a XXV-a &#8211; \u201dDUBLU ANIVERSARA\u201d &#8211; 19 iunie 202<\/strong>1 <\/h2>\n\n\n\n<h4 class=\"wp-block-heading has-text-align-center\">(<strong>25 ani de Concurs International \u201dPRO PIANO-ROMANIA\u201d si 55 ani de acivitate pedagogica)<\/strong><\/h4>\n\n\n\n<p><\/p>\n\n\n\n<p class=\"has-text-align-center\"><\/p>\n\n\n\n<p><\/p>\n\n\n\n<p><\/p>\n\n\n<div class=\"wp-block-image\">\n<figure class=\"aligncenter size-full is-resized\"><a href=\"http:\/\/www.propiano.org\/romanian\/wp-content\/uploads\/2024\/08\/Afis-Miru-PPR-2021.png\"><img loading=\"lazy\" decoding=\"async\" width=\"563\" height=\"776\" src=\"http:\/\/www.propiano.org\/romanian\/wp-content\/uploads\/2024\/08\/Afis-Miru-PPR-2021.png\" alt=\"\" class=\"wp-image-10129\" style=\"width:310px;height:auto\" srcset=\"https:\/\/www.propiano.org\/romanian\/wp-content\/uploads\/2024\/08\/Afis-Miru-PPR-2021.png 563w, https:\/\/www.propiano.org\/romanian\/wp-content\/uploads\/2024\/08\/Afis-Miru-PPR-2021-218x300.png 218w\" sizes=\"auto, (max-width: 563px) 100vw, 563px\" \/><\/a><\/figure>\n<\/div>\n\n\n<p><\/p>\n\n\n\n<p><\/p>\n\n\n\n<p><\/p>\n\n\n\n<p><\/p>\n\n\n\n<figure class=\"wp-block-table\"><table><tbody><tr><td><strong>CATEGORIA<\/strong><strong><\/strong><\/td><td><strong>NUME \u0219i PRENUME<\/strong><strong><\/strong><\/td><td><strong>\u0218COALA\/ ORA\u0218 \/ PROFESOR<\/strong><strong><\/strong><\/td><td><strong>PREMIUL<\/strong><strong><\/strong><\/td><\/tr><tr><td><strong>A0(2015, 2016)<\/strong><\/td><td><strong>Soldan \u0218tefan (2016)<\/strong><strong><\/strong><\/td><td><strong>GPN Obcini Suceava <\/strong><strong><\/strong><\/td><td><strong>Premiu Special pentru cel mai t\u00e2n\u0103r interpret<\/strong><strong><\/strong><\/td><\/tr><tr><td>&nbsp;<\/td><td><strong>&nbsp;<\/strong><\/td><td><strong>&nbsp;<\/strong><\/td><td><strong>&nbsp;<\/strong><\/td><\/tr><tr><td><strong>A1(2014)<\/strong><\/td><td><strong>Komijani Nicolas Eric<\/strong><strong><\/strong><\/td><td><strong>Boem Club, Bucuresti<\/strong><strong><\/strong><\/td><td><strong>Premiu Special pentru piesele <\/strong><strong><\/strong><strong>rom\u00e2ne\u0219ti<\/strong><strong><\/strong><\/td><\/tr><tr><td>&nbsp;<\/td><td><strong>&nbsp;<\/strong><\/td><td><strong>&nbsp;<\/strong><\/td><td><strong>&nbsp;<\/strong><\/td><\/tr><tr><td><strong>A2(2013)<\/strong><\/td><td><strong>Filip Cosmin Ioan <\/strong><strong><\/strong><\/td><td><strong>Liceul S.Odobleja, Bucuresti<\/strong><strong><\/strong><\/td><td><strong>I &nbsp;de EXCELEN\u021a\u0102<\/strong><strong><\/strong><\/td><\/tr><tr><td>&nbsp;<\/td><td><strong>Munteanu Rebecca Maria<\/strong><strong><\/strong><\/td><td><strong>Colegiul National de Muzica \u201eDinu Lipatti\u201e<\/strong><strong><\/strong><\/td><td><strong>I &nbsp;&nbsp;\u0219i &nbsp;Premiul Special al &nbsp;Muzeului \u201dGeorge Enescu\u201d<\/strong><strong><\/strong><\/td><\/tr><tr><td>&nbsp;<\/td><td><strong>Serghiu\u021b\u0103 Teodora Maria<\/strong><strong><\/strong><\/td><td><strong>Club Fortissimo, Bucure\u0219ti<\/strong><strong><\/strong><\/td><td><strong>II<\/strong><strong><\/strong><\/td><\/tr><tr><td>&nbsp;<\/td><td><strong>Sousa &nbsp;Joana <\/strong><strong><\/strong><\/td><td><strong>Conservat\u00f3rio Calouste Gulbenkian de Braga, Braga, Portugalia<\/strong><strong><\/strong><\/td><td><strong>I<\/strong><strong><\/strong><\/td><\/tr><tr><td>&nbsp;<\/td><td><strong>&nbsp;<\/strong><\/td><td>&nbsp;<\/td><td>&nbsp;<\/td><\/tr><tr><td><strong>A3(2012)<\/strong><\/td><td><strong>Bucatc\u0103 Tudor Nicolae<\/strong><strong><\/strong><\/td><td><strong>Liceul de Arte Regina Maria, Alba Iulia<\/strong><strong><\/strong><\/td><td><strong>I &nbsp;&nbsp;&nbsp;\u0219i &nbsp;&nbsp;<\/strong><strong>Premiul Special al &nbsp;Muzeului \u201dGeorge Enescu\u201d<\/strong><strong><\/strong><\/td><\/tr><tr><td>&nbsp;<\/td><td><strong>Mirea Filip Ioan <\/strong><strong><\/strong><\/td><td><strong>C N M \u201dGeorge Enescu &#8220;, Bucure\u0219ti<\/strong><strong><\/strong><\/td><td><strong>II<\/strong><strong><\/strong><\/td><\/tr><tr><td>&nbsp;<\/td><td><strong>S\u00eengeap Drago\u0219<\/strong><strong><\/strong><\/td><td><strong>C N M &#8220;George Enescu&#8221;, Bucure\u0219ti<\/strong><strong><\/strong><\/td><td><strong>I \u0219i PREMIU &nbsp;SPECIAL pentru muzicalitate<\/strong><strong><\/strong><strong>&nbsp;<\/strong><\/td><\/tr><tr><td>&nbsp;<\/td><td><strong>\u021a\u00eecu \u0218tefan Leonard <\/strong><strong><\/strong><\/td><td><strong>\u0218coala Gimnazial\u0103 de Arte nr. 2, Bucure\u0219ti<\/strong><strong><\/strong><\/td><td><strong>I de EXCELEN\u021a\u0102<\/strong><strong><\/strong><\/td><\/tr><tr><td>&nbsp;<\/td><td><strong>&nbsp;<\/strong><\/td><td>&nbsp;<\/td><td>&nbsp;<\/td><\/tr><tr><td><strong>A4(2011)<\/strong><\/td><td><strong>Bausche &nbsp;Miriam Christiane <\/strong><strong><\/strong><\/td><td><strong>Sc.Gimn.nr.30, Timisoara<\/strong><strong><\/strong><\/td><td><strong>II<\/strong><strong><\/strong><\/td><\/tr><tr><td>&nbsp;<\/td><td><strong>Ciortan Damian <\/strong><strong><\/strong><\/td><td><strong>\u0218coala Gimnazial\u0103 de Arte nr. 3, Bucuresti<\/strong><strong><\/strong><\/td><td><strong>III<\/strong><strong><\/strong><\/td><\/tr><tr><td>&nbsp;<\/td><td><strong>Cristea Diana<\/strong><strong><\/strong><\/td><td><strong>Scoala Gimnazial\u0103 Miron Neagu, Sighi\u0219oara <\/strong><strong><\/strong><\/td><td><strong>II<\/strong><strong><\/strong><\/td><\/tr><tr><td>&nbsp;<\/td><td><strong>Gheju Radu Sava &nbsp;<\/strong><strong><\/strong><\/td><td><strong>C.M.S.T, Cluj-Napoca<\/strong><strong><\/strong><\/td><td><strong>I de EXCELEN\u021a\u0102 &nbsp;\u0218I PREMIU SPECIAL pentru piesa baroc\u0103<\/strong><strong><\/strong><\/td><\/tr><tr><td>&nbsp;<\/td><td><strong>Martinescu David Andrei<\/strong><strong><\/strong><\/td><td><strong>Scoala Gimnaziala Nr 2, Bucuresti, <\/strong><strong><\/strong><\/td><td><strong>II<\/strong><strong><\/strong><\/td><\/tr><tr><td>&nbsp;<\/td><td><strong>Pogan Karina Alecsia<\/strong><strong><\/strong><\/td><td><strong>Scoala Artissimo, Bucuresti<\/strong><strong><\/strong><\/td><td><strong>II<\/strong><strong><\/strong><\/td><\/tr><\/tbody><\/table><\/figure>\n\n\n\n<p><\/p>\n\n\n\n<p><\/p>\n\n\n\n<figure class=\"wp-block-table\"><table><tbody><tr><td><strong>B1(2010)<\/strong><\/td><td><strong>Bogdan Andrei<\/strong><strong><\/strong><strong>&nbsp;<\/strong><\/td><td><strong>CNA \u201dDinu Lipatti\u201d, Bucure\u0219ti<\/strong><strong><\/strong><\/td><td><strong>I<\/strong><strong><\/strong><\/td><\/tr><tr><td>&nbsp;<\/td><td><strong>Clinciu Luca <\/strong><strong><\/strong><\/td><td><strong>SC 197, Bucuresti <\/strong><strong><\/strong><\/td><td><strong>I<\/strong><strong><\/strong><\/td><\/tr><tr><td>&nbsp;<\/td><td><strong>Constantinescu Felix <\/strong><strong><\/strong><\/td><td><strong>Liceul de Arte &#8220;Regina Maria &#8220;, Alba Iulia<\/strong><strong><\/strong><\/td><td><strong>I<\/strong><strong><\/strong><\/td><\/tr><tr><td>&nbsp;<\/td><td><strong>Jannert-Telcian Sven Ilie<\/strong><strong><\/strong><\/td><td><strong>Colegiul de Muzica Sigismund Toduta-Cluj Napoca<\/strong><strong><\/strong><\/td><td><strong>I \u0219i PREMIU &nbsp;SPECIAL pentru piesa romantic\u0103<\/strong><strong><\/strong><\/td><\/tr><tr><td>&nbsp;<\/td><td><strong>Moac\u0103 Marinescu Luca &nbsp;Andrei <\/strong><strong><\/strong><\/td><td><strong>\u015ecoala Gimnazial\u0103 de Arte nr.4, Bucure\u0219ti<\/strong><strong><\/strong><\/td><td><strong>III<\/strong><strong><\/strong><\/td><\/tr><tr><td>&nbsp;<\/td><td><strong>Tanas\u0103 \u0218tefania Codru\u021ba<\/strong><strong><\/strong><\/td><td><strong>C N A \u201dGeorge Apostu\u201d, Bac\u0103u <\/strong><strong><\/strong><\/td><td><strong>II<\/strong><strong><\/strong><\/td><\/tr><tr><td>&nbsp;<\/td><td><strong>Timingeriu Maria <\/strong><strong><\/strong><\/td><td><strong>\u0218coala Gimnazial\u0103 de Arte \u201dIosif Sava\u201d <\/strong><strong><\/strong><\/td><td><strong>I \u0219i PREMIU &nbsp;SPECIAL pentru piesa romantic\u0103<\/strong><strong><\/strong><\/td><\/tr><tr><td>&nbsp;<\/td><td><strong>&nbsp;<\/strong><\/td><td>&nbsp;<\/td><td>&nbsp;<\/td><\/tr><tr><td><strong>B2(2009)<\/strong><\/td><td><strong>Basarab Maria<\/strong><strong><\/strong><\/td><td><strong>Liceul-internat\u201d Ciprian Porumbescu\u201d; Chi\u0219in\u0103u, Rep. Moldova <\/strong><strong><\/strong><\/td><td><strong>I<\/strong><strong><\/strong><\/td><\/tr><tr><td>&nbsp;<\/td><td><strong>Bondil\u0103 Paul Marian <\/strong><strong><\/strong><\/td><td><strong>C.N.M \u201dGeorge Enescu\u201d, Bucure\u0219ti <\/strong><strong><\/strong><\/td><td><strong>I \u0219i PREMIU &nbsp;SPECIAL pentru piesa baroc\u0103<\/strong><strong><\/strong><\/td><\/tr><tr><td>&nbsp;<\/td><td><strong>Borges Mariana Bernardo <\/strong><strong><\/strong><\/td><td><strong>Conservat\u00f3rio de M\u00fasica de Aveiro Calouste Gulbenkian, Aveiro <\/strong><strong><\/strong><\/td><td><strong>I<\/strong><strong><\/strong><\/td><\/tr><tr><td>&nbsp;<\/td><td><strong>Dan Alexandru Mihai<\/strong><strong><\/strong><\/td><td><strong>Liceul de Arte &#8220;Regina Maria&#8221; Alba Iulia<\/strong><strong><\/strong><\/td><td><strong>II<\/strong><strong><\/strong><\/td><\/tr><tr><td>&nbsp;<\/td><td><strong>Patachi Eva Ioana <\/strong><strong><\/strong><\/td><td><strong>Liceul de Arte \u201dRegina Maria\u201d, Alba Iulia <\/strong><strong><\/strong><\/td><td><strong>II<\/strong><strong><\/strong><\/td><\/tr><tr><td>&nbsp;<\/td><td><strong>St\u0103nescu &nbsp;Pavel <\/strong><strong><\/strong><\/td><td><strong>Bucure\u0219ti, <\/strong><strong><br><\/strong><strong><\/strong><\/td><td><strong>IV<\/strong><strong><\/strong><\/td><\/tr><tr><td>&nbsp;<\/td><td><strong>&nbsp;<\/strong><\/td><td>&nbsp;<\/td><td>&nbsp;<\/td><\/tr><tr><td><strong>B3(2008)<\/strong><\/td><td><strong>Cojocaru Anastasia<\/strong><strong><\/strong><\/td><td><strong>Liceul-internat Republican de Muzic\u0103 \u201dCiprian Porumbescu\u201d, Chi\u0219in\u0103u <\/strong><strong><\/strong><\/td><td><strong>II<\/strong><strong><\/strong><\/td><\/tr><tr><td>&nbsp;<\/td><td><strong>Damian Teodora<\/strong><strong><\/strong><\/td><td><strong>Colegiul National de Arta &#8220;George Apostu, Bac\u0103u, <\/strong><strong><\/strong><\/td><td><strong>III<\/strong><strong><\/strong><\/td><\/tr><tr><td>&nbsp;<\/td><td><strong>Dumitrescu Matei Eric<\/strong><strong><\/strong><\/td><td><strong>Colegiul Na\u0163ional de Art\u0103 \u201eOctav B\u0103ncil\u0103\u201d, Ia\u015fi, <\/strong><strong><\/strong><\/td><td><strong>I &nbsp;de EXCELEN\u021a\u0102<\/strong><strong><\/strong><\/td><\/tr><tr><td>&nbsp;<\/td><td><strong>F\u00e2rt\u0103\u021bescu Constantin Gheorghe <\/strong><strong><\/strong><\/td><td><strong>\u0218oala de Arte ,,Iosif Sava\u201d, Bucure\u0219ti <\/strong><strong><\/strong><\/td><td><strong>I &nbsp;\u0219i &nbsp;<\/strong><strong>Premiul Special al &nbsp;Muzeului \u201dGeorge Enescu\u201d<\/strong><strong><\/strong><\/td><\/tr><tr><td>&nbsp;<\/td><td><strong>Nichifor Mihnea Constantin <\/strong><strong><\/strong><\/td><td><strong>Colegiul de Art\u0103 \u201dG. Apostu\u201d, Bac\u0103u <\/strong><strong><\/strong><\/td><td><strong>I<\/strong><strong><\/strong><\/td><\/tr><tr><td>&nbsp;<\/td><td><strong>Tarnove\u021bchi Teea Maria<\/strong><strong><\/strong><\/td><td><strong>C.N.M.George Enescu &#8211; Bucuresti<\/strong><strong><\/strong><\/td><td><strong>I<\/strong><strong><\/strong><\/td><\/tr><tr><td>&nbsp;<\/td><td><strong>&nbsp;<\/strong><\/td><td>&nbsp;<\/td><td>&nbsp;<\/td><\/tr><tr><td><strong>B4(2007)<\/strong><strong><\/strong><\/td><td><strong>Bascoveanu Robert Valentin <\/strong><strong><\/strong><\/td><td><strong>Liceul de Arte \u201eMarin Sorescu\u201d, Craiova<\/strong><strong><\/strong><\/td><td><strong>I &nbsp;de EXCELEN\u021a\u0102<\/strong><strong><\/strong><\/td><\/tr><tr><td>&nbsp;<\/td><td><strong>Brainas Carina Elena <\/strong><strong><\/strong><\/td><td><strong>Liceul de Arte \u201dMarin Sorescu\u201d, Craiova<\/strong><strong><\/strong><\/td><td><strong>II<\/strong><strong><\/strong><\/td><\/tr><tr><td>&nbsp;<\/td><td><strong>Gr\u0103mescu Adela<\/strong><strong><\/strong><\/td><td><strong>C. N. M ,, George Enescu &#8220;, Bucure\u0219ti<\/strong><strong><\/strong><\/td><td><strong>I &nbsp;de EXCELEN\u021a\u0102 &nbsp;&nbsp;&nbsp;\u0219i &nbsp;Premiul Special al &nbsp;Muzeului \u201dGeorge Enescu\u201d <\/strong><strong><\/strong><\/td><\/tr><tr><td>&nbsp;<\/td><td><strong>Magalh\u00e3es Lia de Castro Soares <\/strong><strong><\/strong><\/td><td><strong>Conservat\u00f3rio de M\u00fasica Calouste Gulbenkian de Braga <\/strong><strong><\/strong><\/td><td><strong>I &nbsp;de EXCELEN\u021a\u0102<\/strong><strong><\/strong><\/td><\/tr><tr><td>&nbsp;<\/td><td><strong>Manea-Busuioc Mihai<\/strong><strong><\/strong><\/td><td><strong>Scoala Gimnaziala de Arte Nr. 5 \/ Bucuresti <\/strong><strong><\/strong><\/td><td><strong>III<\/strong><strong><\/strong><\/td><\/tr><tr><td>&nbsp;<\/td><td><strong>M\u0103rgineanu Manuel Nicolas<\/strong><strong><\/strong><\/td><td><strong>Musical Arts \/ Madrid<\/strong><strong><br><\/strong><strong><\/strong><\/td><td><strong>TROFEUL<\/strong><strong><\/strong><strong>MARELE PREMIU al CONCURSULUI<\/strong><strong><\/strong><\/td><\/tr><tr><td>&nbsp;<\/td><td><strong>Prodea Mario Mircea<\/strong><strong><\/strong><\/td><td><strong>Liceul de Art\u0103 &#8211; Sibiu <\/strong><strong><\/strong><\/td><td><strong>I \u0219i PREMIU &nbsp;SPECIAL <\/strong><strong>pentru repertoriul<\/strong><strong>&nbsp;rom\u00e2nesc \u0219i Premiul Special al &nbsp;Muzeului \u201dGeorge Enescu\u201d<\/strong><strong><\/strong><\/td><\/tr><tr><td>&nbsp;<\/td><td><strong>Obad\u0103 Drago\u0219 Andrei<\/strong><strong><\/strong><\/td><td><strong>C. N. M. \u201dGeorge Enescu\u201d, Bucure\u0219ti<\/strong><strong><\/strong><\/td><td><strong>I &nbsp;de EXCELEN\u021a\u0102 &nbsp;PREMIUL \u201dGeorgeta Sandu \u201d \u0219i Premiul Special al &nbsp;Muzeului \u201dGeorge Enescu\u201d<\/strong><strong><\/strong><\/td><\/tr><tr><td>&nbsp;<\/td><td><strong>Teixeira Leonor Claro <\/strong><strong><\/strong><\/td><td><strong>Funda\u00e7\u00e3o Conservat\u00f3rio Regional de Gaia | Porto | <\/strong><strong><\/strong><\/td><td><strong>&nbsp;&nbsp;<\/strong><strong>I &nbsp;de EXCELEN\u021a\u0102<\/strong><strong><\/strong><\/td><\/tr><tr><td>&nbsp;<\/td><td><strong>Turnea Fabian<\/strong><strong><\/strong><\/td><td><strong>Colegiul Na\u021bional &#8220;C. D. Loga&#8221;, Caransebe\u015f <\/strong><strong><\/strong><\/td><td><strong>IV<\/strong><strong><\/strong><\/td><\/tr><tr><td>&nbsp;<\/td><td><strong>&nbsp;<\/strong><\/td><td>&nbsp;<\/td><td>&nbsp;<\/td><\/tr><tr><td><strong>B5(2006)<\/strong><\/td><td><strong>Bufu Carla Maria <\/strong><strong><\/strong><\/td><td><strong>Liceul de Arte \u201eMarin Sorescu\u201d, Craiova<\/strong><strong><\/strong><\/td><td><strong>I<\/strong><strong><\/strong><\/td><\/tr><tr><td>&nbsp;<\/td><td><strong>Cre\u021bu Antonio<\/strong><strong><\/strong><\/td><td><strong>C. N. M.,, George Enescu &#8220;, Bucure\u0219ti<\/strong><strong><\/strong><\/td><td><strong>I &nbsp;de EXCELEN\u021a\u0102<\/strong><strong><\/strong><\/td><\/tr><tr><td>&nbsp;<\/td><td><strong>Ilie Ana Maria <\/strong><strong><\/strong><\/td><td><strong>CNA \u201dDinu Lipatti\u201d, Bucure\u0219ti<\/strong><strong><\/strong><\/td><td><strong>I &nbsp;de EXCELEN\u021a\u0102 &nbsp;&nbsp;\u0218I Premiul Special al &nbsp;Muzeului \u201dGeorge Enescu\u201d<\/strong><strong><\/strong><\/td><\/tr><tr><td>&nbsp;<\/td><td><strong>Pas\u0103re Darius <\/strong><strong><\/strong><\/td><td><strong>CNM &#8220;George Enescu&#8221;, Bucuresti <\/strong><strong><\/strong><\/td><td><strong>I \u0219i PREMIUL <\/strong><strong><\/strong><strong>\u201dGeorgeta Sandu\u201d<\/strong><strong><\/strong><\/td><\/tr><tr><td>&nbsp;<\/td><td><strong>Petrescu Irina<\/strong><strong><\/strong><\/td><td><strong>C N M \u201dGeorge Enescu\u201d, Bucuresti<\/strong><strong><\/strong><\/td><td><strong>&nbsp;&nbsp;<\/strong><strong>I &nbsp;de EXCELEN\u021a\u0102<\/strong><strong><\/strong><\/td><\/tr><tr><td>&nbsp;<\/td><td><strong>Tasu Antonia-Rodica<\/strong><strong><\/strong><\/td><td><strong>Colegiul national de arte \u201dRegina Maria\u201d, Constanta &nbsp;&nbsp;&nbsp;&nbsp;&nbsp;&nbsp;&nbsp;&nbsp;&nbsp;&nbsp;&nbsp;&nbsp;&nbsp;&nbsp;&nbsp;&nbsp;&nbsp;&nbsp;&nbsp;&nbsp;&nbsp;&nbsp;<\/strong><strong><\/strong><\/td><td><strong>I &nbsp;&nbsp;&nbsp;&nbsp;&nbsp;\u0218I &nbsp;&nbsp;&nbsp;<\/strong><strong>Premiul Special al &nbsp;Muzeului \u201dGeorge Enescu\u201d<\/strong><strong><\/strong><\/td><\/tr><tr><td>&nbsp;<\/td><td><strong>Vandra Elena-Karina<\/strong><strong><\/strong><\/td><td><strong>Barratt Due Musikkinstitutt<\/strong><strong><\/strong><\/td><td><strong>I<\/strong><strong><\/strong><\/td><\/tr><tr><td>&nbsp;<\/td><td><strong>&nbsp;<\/strong><\/td><td>&nbsp;<\/td><td>&nbsp;<\/td><\/tr><tr><td><strong>B6(2005)<\/strong><\/td><td><strong>Ia\u0219inovschi Ioana<\/strong><strong><\/strong><\/td><td><strong>CNA &#8216;Dinu Lipatti&#8217;, Bucuresti, <\/strong><strong><\/strong><\/td><td><strong>II<\/strong><strong><\/strong><\/td><\/tr><tr><td>&nbsp;<\/td><td><strong>M\u0103ciuc\u0103 Miruna Mihaela<\/strong><strong><\/strong><\/td><td><strong>CNM &#8220;George Enescu&#8221;, Bucuresti<\/strong><strong><\/strong><\/td><td><strong>&nbsp;&nbsp;I &nbsp;de EXCELEN\u021a\u0102 \u0218I PREMIUL SPECIAL al Funda\u021biei \u201ePRO PIANO-ROM\u00c2NIA\u201d(pt. realizarea afi\u0219ului concursului)<\/strong><strong><\/strong><\/td><\/tr><tr><td>&nbsp;<\/td><td><strong>&nbsp;<\/strong><\/td><td>&nbsp;<\/td><td>&nbsp;<\/td><\/tr><tr><td><strong>B7(2004)<\/strong><\/td><td><strong>Cordeiro Joana Alves <\/strong><strong><\/strong><\/td><td><strong>Academia de M\u00fasica de \u00d3bidos<\/strong><strong><\/strong><\/td><td><strong>I<\/strong><strong><\/strong><\/td><\/tr><tr><td>&nbsp;<\/td><td><strong>Ioni\u021b\u0103 Silvia Cosmina<\/strong><strong><\/strong><\/td><td><strong>C.N.A.&#8221; Dinu Liptti&#8221; , Bucure\u0219ti<\/strong><strong><\/strong><\/td><td><strong>I<\/strong><strong><\/strong><\/td><\/tr><tr><td>&nbsp;<\/td><td><strong>Mezei Theodore Mihai<\/strong><strong><\/strong><\/td><td><strong>CMST Cluj-Napoca &nbsp;&nbsp;&nbsp;&nbsp;&nbsp;&nbsp;&nbsp;&nbsp;&nbsp;&nbsp;&nbsp;&nbsp;&nbsp;&nbsp;&nbsp;&nbsp;&nbsp;&nbsp;&nbsp;&nbsp;&nbsp;<\/strong><strong><\/strong><\/td><td><strong>&nbsp;&nbsp;<\/strong><strong>I &nbsp;de EXCELEN\u021a\u0102<\/strong><strong><\/strong><\/td><\/tr><tr><td>&nbsp;<\/td><td><strong>Stoian Alexandru Drago\u0219 <\/strong><strong><\/strong><\/td><td><strong>C.N.M. \u201dGeorge Enescu\u201d, &nbsp;&nbsp;&nbsp;&nbsp;&nbsp;&nbsp;&nbsp;Bucure\u0219ti<\/strong><strong><\/strong><\/td><td><strong>&nbsp;&nbsp;I &nbsp;de EXCELEN\u021a\u0102<\/strong><strong><\/strong><\/td><\/tr><tr><td>&nbsp;<\/td><td><strong>&nbsp;<\/strong><\/td><td>&nbsp;<\/td><td>&nbsp;<\/td><\/tr><tr><td>&nbsp;<\/td><td><strong>&nbsp;<\/strong><\/td><td>&nbsp;<\/td><td>&nbsp;<\/td><\/tr><tr><td><strong>B8(2003,<\/strong><strong><\/strong><strong>2002)<\/strong><\/td><td><strong>Bratu Rare\u0219 Dumitru <\/strong><strong><\/strong><\/td><td><strong>C.N.A. \u201dDinu Lipatti\u201d, Bucuresti &nbsp;&nbsp;&nbsp;&nbsp;&nbsp;&nbsp;&nbsp;<\/strong><strong><\/strong><\/td><td><strong>I<\/strong><strong><\/strong><\/td><\/tr><tr><td>&nbsp;<\/td><td><strong>Bu\u0219e Adrian Robert<\/strong><strong><\/strong><\/td><td><strong>Colegiul National de Inforamtica &#8220;Tudor Vianu\u201d<\/strong><strong><\/strong><\/td><td><strong>Diplom\u0103 de Participare <\/strong><strong><\/strong><\/td><\/tr><tr><td>&nbsp;<\/td><td><strong>Cr\u0103i\u021b\u0103 Timeea<\/strong><strong><\/strong><\/td><td><strong>C. N. A. \u201eDinu Lipatti\u201d, Bucure\u0219ti<\/strong><strong><\/strong><\/td><td><strong>II<\/strong><strong><\/strong><\/td><\/tr><tr><td>&nbsp;<\/td><td><strong>Gligor Lungan Vladimir <\/strong><strong><\/strong><\/td><td><strong>Liceul de Arte \u201dRegina Maria\u201d, Alba Iulia <\/strong><strong><\/strong><\/td><td><strong>&nbsp;&nbsp;<\/strong><strong>I &nbsp;de EXCELEN\u021a\u0102<\/strong><strong><\/strong><\/td><\/tr><tr><td>&nbsp;<\/td><td><strong>Grigore Melissa-Emilia<\/strong><strong><\/strong><\/td><td><strong>Liceul de Arte &#8220;B\u0103la\u0219a Doamna&#8221;, T\u00e2rgovi\u0219te<\/strong><strong><\/strong><\/td><td><strong>I<\/strong><strong><\/strong><\/td><\/tr><tr><td>&nbsp;<\/td><td><strong>Ioni\u021b\u0103 Emanuela<\/strong><strong><\/strong><\/td><td><strong>Colegiul Na\u021bional \u201eIulia Hasdeu\u201d, Bucure\u0219ti<\/strong><strong><\/strong><\/td><td><strong>I<\/strong><strong><\/strong><\/td><\/tr><tr><td>&nbsp;<\/td><td><strong>Modan Andreea Diana <\/strong><strong><\/strong><\/td><td><strong>Centrul Cutural Craiova <\/strong><strong><\/strong><\/td><td><strong>Diplom\u0103 de Participare<\/strong><strong><\/strong><\/td><\/tr><tr><td>&nbsp;<\/td><td><strong>Prager Henrik<\/strong><strong><\/strong><\/td><td><strong>C.N.M. \u201eG. Enescu\u201d , Bucure\u0219ti<\/strong><strong><\/strong><\/td><td><strong>&nbsp;&nbsp;I &nbsp;de EXCELEN\u021a\u0102<\/strong><strong><\/strong><\/td><\/tr><tr><td>&nbsp;<\/td><td>&nbsp;<\/td><td>&nbsp;<\/td><td>&nbsp;<\/td><\/tr><tr><td>&nbsp;<\/td><td><strong>&nbsp;<\/strong><\/td><td>&nbsp;<\/td><td>&nbsp;<\/td><\/tr><tr><td><strong>C &nbsp;(2001\/ &nbsp;1991)<\/strong><\/td><td><strong>Iacob &nbsp;Nastasia <\/strong><strong><\/strong><strong>(1993)<\/strong><strong><\/strong><\/td><td><strong>Escola Superior de M\u00fasica e Artes do Espet\u00e1culo<\/strong><strong><\/strong><\/td><td><strong>&nbsp;&nbsp;I &nbsp;de EXCELEN\u021a\u0102 \u0219i PREMIUL \u201dGEORGETA &nbsp;SANDU\u201d<\/strong><strong><\/strong><\/td><\/tr><tr><td>&nbsp;<\/td><td><strong>Pretuleac \u0218tefan <\/strong><strong><\/strong><strong>(2001)<\/strong><strong><\/strong><\/td><td><strong>UNMB, Bucure\u0219ti<\/strong><strong><\/strong><\/td><td><strong>&nbsp;&nbsp;<\/strong><strong>I &nbsp;de EXCELEN\u021a\u0102<\/strong><strong><\/strong><\/td><\/tr><tr><td>&nbsp;<\/td><td><strong>Tinca Andreea Emanuela (1991)<\/strong><strong><\/strong><\/td><td><strong>UNMB, Bucuresti<\/strong><strong><\/strong><\/td><td><strong>III<\/strong><strong><\/strong><\/td><\/tr><tr><td><strong>D<\/strong><strong><\/strong><strong>(4 m\u00e2ini)<\/strong><strong><\/strong><\/td><td><strong>Beatriz Pereira and Maria Bastos (2005)<\/strong><strong><\/strong><\/td><td><strong>Conservat\u00f3rio Calouste Gulbenkian de Braga, <\/strong><strong><\/strong><\/td><td><strong>I &nbsp;de EXCELEN\u021a\u0102<\/strong><\/td><\/tr><\/tbody><\/table><\/figure>\n\n\n\n<p><\/p>\n","protected":false},"excerpt":{"rendered":"<p>Premiile editiei a XXV-a &#8211; \u201dDUBLU ANIVERSARA\u201d &#8211; 19 iunie 2021 (25 ani de Concurs International \u201dPRO PIANO-ROMANIA\u201d si 55 ani de acivitate pedagogica) CATEGORIA NUME \u0219i PRENUME \u0218COALA\/ ORA\u0218 \/ PROFESOR PREMIUL A0(2015, 2016) Soldan \u0218tefan (2016) GPN Obcini Suceava Premiu Special pentru cel mai t\u00e2n\u0103r interpret &nbsp; &nbsp; &nbsp; &nbsp; A1(2014) Komijani Nicolas [&hellip;]<\/p>\n","protected":false},"author":1,"featured_media":0,"parent":0,"menu_order":0,"comment_status":"closed","ping_status":"closed","template":"","meta":{"footnotes":""},"class_list":["post-6696","page","type-page","status-publish","hentry"],"_links":{"self":[{"href":"https:\/\/www.propiano.org\/romanian\/wp-json\/wp\/v2\/pages\/6696","targetHints":{"allow":["GET"]}}],"collection":[{"href":"https:\/\/www.propiano.org\/romanian\/wp-json\/wp\/v2\/pages"}],"about":[{"href":"https:\/\/www.propiano.org\/romanian\/wp-json\/wp\/v2\/types\/page"}],"author":[{"embeddable":true,"href":"https:\/\/www.propiano.org\/romanian\/wp-json\/wp\/v2\/users\/1"}],"replies":[{"embeddable":true,"href":"https:\/\/www.propiano.org\/romanian\/wp-json\/wp\/v2\/comments?post=6696"}],"version-history":[{"count":5,"href":"https:\/\/www.propiano.org\/romanian\/wp-json\/wp\/v2\/pages\/6696\/revisions"}],"predecessor-version":[{"id":10134,"href":"https:\/\/www.propiano.org\/romanian\/wp-json\/wp\/v2\/pages\/6696\/revisions\/10134"}],"wp:attachment":[{"href":"https:\/\/www.propiano.org\/romanian\/wp-json\/wp\/v2\/media?parent=6696"}],"curies":[{"name":"wp","href":"https:\/\/api.w.org\/{rel}","templated":true}]}}