{"id":6378,"date":"2020-04-30T15:29:51","date_gmt":"2020-04-30T15:29:51","guid":{"rendered":"http:\/\/www.propiano.org\/romanian\/?page_id=6378"},"modified":"2020-05-01T00:12:06","modified_gmt":"2020-05-01T00:12:06","slug":"festival-international-on-line-de-pian-totul-va-fi-bine","status":"publish","type":"page","link":"https:\/\/www.propiano.org\/romanian\/festival-international-on-line-de-pian-totul-va-fi-bine\/","title":{"rendered":"Festival International on-line de pian: #Totul va fi bine"},"content":{"rendered":"\n<p><\/p>\n\n\n\n<h2 class=\"has-text-align-center wp-block-heading\"><strong>&nbsp;Festival International on-line de pian: #Totul va fi bine<\/strong> <strong>2020<\/strong><\/h2>\n\n\n\n<h3 class=\"has-text-align-center wp-block-heading\"> <\/h3>\n\n\n\n<p><\/p>\n\n\n\n<h2 class=\"has-text-align-center wp-block-heading\"><strong>EDITIA a II-a \/ 2nd Edition<\/strong><\/h2>\n\n\n\n<p><\/p>\n\n\n\n<p><\/p>\n\n\n\n<h2 class=\"has-text-align-center wp-block-heading\">R<strong>egulamentul Festivalului in rom\u00e2na si engleza<\/strong><\/h2>\n\n\n\n<h2 class=\"has-text-align-center wp-block-heading\"><strong>Rules(Regulations) in Romanian and English<\/strong><\/h2>\n\n\n\n<p><\/p>\n\n\n\n<p><\/p>\n\n\n\n<p><\/p>\n\n\n\n<p><\/p>\n\n\n\n<h3 class=\"has-text-align-center wp-block-heading\"><strong>Festivalul este initiat si organizat de <\/strong><\/h3>\n\n\n\n<h3 class=\"has-text-align-center wp-block-heading\"><strong>Fundatia Culturala \u201dPRO PIANO-ROMANIA\u201d si Institutului International de Arte <\/strong><\/h3>\n\n\n\n<h4 class=\"wp-block-heading\"><\/h4>\n\n\n\n<p><\/p>\n\n\n\n<p class=\"has-text-align-center\"><strong>13 mai 2020 \u2013 Sec\u021biunea AMATORI<\/strong><\/p>\n\n\n\n<p class=\"has-text-align-center\"><strong>14 mai 2020 \u2013 Sec\u021biunea PROFESIONI\u0218TI<\/strong><\/p>\n\n\n\n<p><\/p>\n\n\n\n<p>Dac\u0103 prima edi\u021bie a <strong><em>Festivalului On-line de Pian <u>#Totul Va Fi Bine 2020<\/u> <\/em><\/strong>a promovat numai copii \u0219i tineri piani\u0219ti rom\u00e2ni, cea de a doua edi\u021bie ofer\u0103 o dimensiune interna\u021bional\u0103, printr-o mai larg\u0103 deschidere pentru participan\u021bii ei.<\/p>\n\n\n\n<p>Creat \u00een ideea de a deschide copiilor \u0219i tinerilor o posibilitate de a r\u0103m\u00e2ne creativi \u015fi motiva\u021bi (pentru un studiu mai intens \u0219i cu o finalitate tentant\u0103), \u00een aceast\u0103 perioada grea de izolare instituit\u0103 de autorit\u0103\u021bi, acest festival ofer\u0103 posibilitatea de a fi <strong>promova\u021bi \u0219i cunoscu\u021bi<\/strong>&nbsp; at\u00e2t pe plan <strong>na\u021bional c\u00e2t \u0219i interna\u021bional <\/strong>(lucru deloc de neglijat).<\/p>\n\n\n\n<p>Dup\u0103 cum se \u0219tie, activitatea competi\u021bional\u0103 este deosebit de important\u0103, indestructibil\u0103 \u0219i indispensabil\u0103 pentru procesul de \u00eenv\u0103\u021b\u0103m\u00e2nt artistic, fiind o activitate pe care tinerii piani\u0219ti o practicau p\u00e2n\u0103 de cur\u00e2nd, dar care nu mai este posibil\u0103 acum.<\/p>\n\n\n\n<p>Astfel, profesoara <strong>Stela Avesalon<\/strong> \u00eempreun\u0103 cu pianista de renume interna\u021bional <strong>M\u0103d\u0103lina Pa\u0219ol<\/strong>, \u0219i cu directorul Editurii Muzicale GRAFOART, dl. <strong>Matei B\u0103nic\u0103<\/strong>, au ini\u021biat, organizat \u0219i prezentat (chiar de cur\u00e2nd) prima edi\u021bie a acestui Festival, care s-a dorit a fi o bucurie, un z\u00e2mbet, o s\u0103rb\u0103toare a muzicii, toate acestea prin oferta unor copii \u0219i tineri piani\u0219ti, cu v\u00e2rste cuprinse \u00eentre 5 -18 ani!<\/p>\n\n\n\n<p><strong><em>Repertoriul fiec\u0103rui participant <\/em><\/strong>va consta \u00een una sau dou\u0103 piese, cu minutajul <strong>MAXIM<\/strong> specificat mai jos(dup\u0103 scurgerea timpului alocat vor fi opri\u021bi automat), astfel&nbsp;:<\/p>\n\n\n\n<p><strong>Minutaje pentru SEC\u0162IUNEA AMATORI <\/strong>(13 mai 2020)<\/p>\n\n\n\n<p>Categoria <strong>A<\/strong> \u2013 p\u00e2n\u0103 la anul de na\u0219tere: 2014&nbsp;&nbsp;&nbsp;&nbsp;&nbsp;&nbsp;&nbsp;&nbsp;&nbsp;&nbsp;&nbsp;&nbsp;&nbsp;&nbsp;&nbsp;&nbsp; maxim 3 min.<\/p>\n\n\n\n<p>Categoria <strong>B<\/strong> \u2013 an de na\u0219tere: 2013&nbsp;&nbsp;&nbsp;&nbsp;&nbsp;&nbsp;&nbsp;&nbsp;&nbsp;&nbsp;&nbsp;&nbsp;&nbsp;&nbsp;&nbsp;&nbsp;&nbsp;&nbsp;&nbsp;&nbsp;&nbsp;&nbsp;&nbsp;&nbsp;&nbsp;&nbsp;&nbsp;&nbsp;&nbsp;&nbsp;&nbsp;&nbsp; maxim 4 min.<\/p>\n\n\n\n<p>Categoria <strong>C<\/strong> \u2013 an de na\u0219tere: 2012, 2011, 2010&nbsp;&nbsp;&nbsp;&nbsp;&nbsp;&nbsp;&nbsp;&nbsp;&nbsp;&nbsp;&nbsp;&nbsp; maxim 6 min.<\/p>\n\n\n\n<p>Categoria <strong>D<\/strong> \u2013 an de na\u0219tere: 2009, 2008, 2007&nbsp;&nbsp;&nbsp;&nbsp;&nbsp;&nbsp;&nbsp;&nbsp;&nbsp;&nbsp;&nbsp;&nbsp; maxim 8 min.<\/p>\n\n\n\n<p>Categoria <strong>E<\/strong> \u2013 an de na\u0219tere: 2006, 2005, 2004, 2003&nbsp;&nbsp; maxim 10 min.<\/p>\n\n\n\n<p>Categoria <strong>F<\/strong> \u2013 an de na\u0219tere: 2002, 2001&nbsp;&nbsp;&nbsp;&nbsp;&nbsp;&nbsp;&nbsp;&nbsp;&nbsp;&nbsp;&nbsp;&nbsp;&nbsp;&nbsp;&nbsp;&nbsp;&nbsp;&nbsp;&nbsp;&nbsp;&nbsp;&nbsp; maxim 12 min.<\/p>\n\n\n\n<p><strong>Minutaje pentru SEC\u0162IUNEA PROFESIONI\u015eTI <\/strong>(14 mai 2020)<\/p>\n\n\n\n<p>Categoria <strong>A<\/strong> \u2013 p\u00e2n\u0103 la anul de na\u0219tere: 2014&nbsp;&nbsp;&nbsp;&nbsp;&nbsp;&nbsp;&nbsp;&nbsp;&nbsp;&nbsp;&nbsp;&nbsp;&nbsp;&nbsp;&nbsp;&nbsp; maxim 3 min.<\/p>\n\n\n\n<p>Categoria <strong>B<\/strong> \u2013 an de na\u0219tere: 2013&nbsp;&nbsp;&nbsp;&nbsp;&nbsp;&nbsp;&nbsp;&nbsp;&nbsp;&nbsp;&nbsp;&nbsp;&nbsp;&nbsp;&nbsp;&nbsp;&nbsp;&nbsp;&nbsp;&nbsp;&nbsp;&nbsp;&nbsp;&nbsp;&nbsp;&nbsp;&nbsp;&nbsp;&nbsp;&nbsp;&nbsp;&nbsp; maxim 4 min.<\/p>\n\n\n\n<p>Categoria <strong>C<\/strong> \u2013 an de na\u0219tere: 2012, 2011, 2010&nbsp;&nbsp;&nbsp;&nbsp;&nbsp;&nbsp;&nbsp;&nbsp;&nbsp;&nbsp;&nbsp;&nbsp; maxim 7 min.<\/p>\n\n\n\n<p>Categoria <strong>D<\/strong> \u2013 an de na\u0219tere: 2009, 2008, 2007&nbsp;&nbsp;&nbsp;&nbsp;&nbsp;&nbsp;&nbsp;&nbsp;&nbsp;&nbsp;&nbsp;&nbsp; maxim 10 min.<\/p>\n\n\n\n<p>Categoria <strong>E<\/strong> \u2013 an de na\u0219tere: 2006, 2005, 2004, 2003&nbsp;&nbsp; maxim 12 min.<\/p>\n\n\n\n<p>Categoria <strong>F<\/strong> \u2013 an de na\u0219tere: 2002, 2001&nbsp;&nbsp;&nbsp;&nbsp;&nbsp;&nbsp;&nbsp;&nbsp;&nbsp;&nbsp;&nbsp;&nbsp;&nbsp;&nbsp;&nbsp;&nbsp;&nbsp;&nbsp;&nbsp;&nbsp;&nbsp;&nbsp; maxim 15 min.<\/p>\n\n\n\n<p><strong><em>Intrarea<\/em><\/strong> \u00een Festival este \u00een ordinea cresc\u0103toare a v\u00e2rstelor.<\/p>\n\n\n\n<p><strong><em>\u00censcrierea<\/em><\/strong> la<em>Festivalul On-line de Pian #Totul Va Fi Bine 2020<\/em> \u2013 edi\u021bia a II-a, se va face p\u00e2n\u0103 la data de <strong>8 mai<\/strong>&nbsp; 2020 (inclusiv). Participan\u021bii cu \u00eenscriere incomplet\u0103 nu vor fi primi\u021bi \u00een Festival dup\u0103 aceast\u0103 dat\u0103.<\/p>\n\n\n\n<p>\u00cen conformitate cu prevederile legii nr. 8\/1996 privind dreptului de autor, fiecare participant sau p\u0103rinte\/tutore legal al acestuia \u00ee\u0219i exprim\u0103 acordul explicit pentru difuzarea \u0219i stocarea imprim\u0103rii de c\u0103tre festivalului <em>Festivalul On-line de Pian #Totul Va Fi Bine 2020<\/em>.<\/p>\n\n\n\n<p><strong>Juriul <\/strong>este format din doamna<strong> Stela Avesalon<\/strong> \u2013 Funda\u021bia Cultural\u0103 \u201ePro Piano \u2013 Rom\u00e2nia\u201d, doamna <strong>M\u0103d\u0103lina Pa\u0219ol<\/strong> \u2013 Institutul Interna\u021bional de domnul <strong>Constantin Sandu<\/strong> \u2013 \u0219ef de catedr\u0103 la \u0218coala Superioar\u0103 de Muzic\u0103 \u0219i Artele Spectacolului din Porto-Portugalia.<strong><br><\/strong><\/p>\n\n\n\n<p><strong>Documente necesare (rog citi\u021bi cu aten\u021bie)<\/strong>:<\/p>\n\n\n\n<p><strong>1.&nbsp;<em>formularul de \u00eenscriere<\/em> <\/strong>\u00een Excel, completat cu toate informa\u021biile solicitate, va fi transmis prin e-mail \u00eempreun\u0103 cu<strong><em> dovada(chitan\u021ba) pl\u0103\u021bii dona\u021biei de participare<\/em><\/strong> (\u00een valoare de 100&nbsp;RON), pe adresa:  <strong><em>asociatiagrafoart@gmail.com.<\/em><\/strong><\/p>\n\n\n\n<p><strong>Aten\u021bie<\/strong>! Formularul trebuie completat si verificat cu mult\u0103 aten\u021bie. Textul completat de dvs. va ap\u0103rea identic pe filmare si pe diplome. Se va scrie cu diacritice si <strong>nu<\/strong> va fi completat integral cu majuscule. Formularul va fi trimis \u00een formatul pe care \u00eel are (.xls).<\/p>\n\n\n\n<p><strong>2. Dona\u021bia de participare <\/strong>(100 RON) se va achita <strong>exclusiv prin virament bancar <\/strong>(nu depuneri la ghi\u0219eul b\u0103ncii sau Po\u015ft\u0103, pt. a evita pericolul infect\u0103rii), \u00een contul <strong>RO85RNCB0074029228740001<\/strong> deschis pe numele <em>Funda\u021bia Cultural\u0103 \u201ePro Piano \u2013 Rom\u00e2nia\u201d<\/em>, cod fiscal\/CUI 9099960. Pe ordinul de plat\u0103 se va men\u021biona obligatoriu<strong>: <u>numele participantului \/ dona\u021bie TotulVaFiBine<\/u>.<\/strong><\/p>\n\n\n\n<p><strong>3<em>. fi\u0219ierul cu filmarea<\/em> <\/strong>repertoriului ales va fi trimis, prin <strong>WeTransfer.com<\/strong>, pe adresa <strong><em>asociatiagrafoart@gmail.com. <\/em><\/strong>Pe fi\u0219ierul cu filmarea trebuie s\u0103 apar\u0103 obligatoriu numele participantului. \u00cen cazul participan\u021bilor care au mai mult de o pies\u0103, se poate trimite fie o singur\u0103 filmare cu ambele piese, fie \u00een 2 fi\u0219iere.<\/p>\n\n\n\n<p>Recomand\u0103m o aten\u021bie deosebit\u0103 calit\u0103\u021bii sunetului, urm\u0103rind ca microfonul telefonului s\u0103 nu fie obturat de trepied sau alt suport. Pe perioada film\u0103rii, telefonul care filmeaz\u0103 va fi dat pe modul silen\u021bios, func\u021bia vibra\u021bie dezactivat\u0103, asigur\u00e2ndu-v\u0103 c\u0103 nu este perturbat de zgomote de fundal, animale de companie \u015famd.<\/p>\n\n\n\n<p>Recomand\u0103m utilizarea unui trepied pe care s\u0103 fie a\u0219ezat telefonul care filmeaz\u0103, care trebuie amplasat \u00een spate-lateral dreapta interpretului. <strong>Obligatoriu:<\/strong> Nu sunt permise film\u0103ri \u00een care nu se vede tot corpul intepretului, &nbsp;fa\u0163a sau m\u00e2inile.<\/p>\n\n\n\n<p><strong>Transmisia Festivalului<\/strong> se va face pe pagina de Facebook a <strong>Festivalul On-line de Pian #Totul Va Fi Bine2020 <\/strong>astfel&nbsp;:<\/p>\n\n\n\n<p>&#8211; <strong>&nbsp;miercuri, 13 mai 2020 &#8211; <\/strong>Sec\u021biunea Amatori \u0219i<\/p>\n\n\n\n<p>&#8211;&nbsp; <strong>joi, 14 mai 2020<\/strong> &#8211; Sec\u021biunea Profesioni\u0219ti.<\/p>\n\n\n\n<p><strong>Programarea<\/strong> intr\u0103rii \u00een festival, precum \u0219i <strong>premiile<\/strong> <strong>speciale<\/strong>, vor fi anun\u021bate tot pe pagina de Facebook a evenimentului. Posibil si pe Sit-ul acesta!<\/p>\n\n\n\n<p><strong><em><u>PREMII:<\/u><\/em><\/strong><\/p>\n\n\n\n<p><strong>To\u021bi participan\u021bii<\/strong> vor primi <strong>Diplome de Onoare<\/strong> ale <em>Festivalul On-line de Pian #Totul Va Fi Bine . <\/em>\u00cen plus, cei mai buni interpre\u021bi vor primi \u0219i <strong>Premii Speciale&nbsp;:<\/strong><\/p>\n\n\n\n<ul class=\"wp-block-list\"><li>Premiul Special <strong>\u201ePro Piano-Rom\u00e2nia\u201d<\/strong><\/li><li>Premiul Special <strong>\u201eValori Pianistice\u201d<\/strong><\/li><li>Premiul Special pentru <strong>Virtuozitate<\/strong><\/li><li>Premiul Special pentru cel mai <strong>T\u00e2n\u0103r Participant<\/strong><\/li><li><strong>Premii Speciale<\/strong> pentru&nbsp;cea mai bun\u0103 interpretare a unei piese rom\u00e2ne\u0219ti, piese preclasice (J. S. Bach etc.), piese clasice (Haydn, Mozart, Beethoven), piese romantic, piese moderne etc.<\/li><\/ul>\n\n\n\n<p>C\u00e2\u0219tig\u0103torii premiilor Speciale vor fi invita\u021bi s\u0103 participe, dup\u0103 terminarea perioadei de izolare, la recitaluri organizate la re\u0219edin\u021ba Excelen\u021bei Sale dl. Arthur Mattli \u2013 Ambasadorul Confedera\u021biei Elve\u021biene \u00een Rom\u00e2nia, Filarmonica \u201eGeorge Enescu\u201d din Bucure\u0219ti, Muzeul Na\u021bional \u201eGeorge Enescu\u201d din Bucure\u0219ti, Salonul Libr\u0103riei Muzicale \u201eGeorge Enescu\u201d din Bucure\u0219ti, Muzeul Na\u021bional al H\u0103r\u021bilor \u0219i C\u0103r\u021bii Vechi din Bucure\u0219ti,&nbsp; Biblioteca Jude\u021bean\u0103 ASTRA din Sibiu.<\/p>\n\n\n\n<p>Eventuale modific\u0103ri sau complet\u0103ri ale prezentului regulament vor fi afi\u0219ate pe site sau pe pagina de Facebook a evenimentului.<\/p>\n\n\n\n<p>Deciziile organizatorilor <em>Festivalul On-line de Pian #Totul Va Fi Bine 2020<\/em> sunt irevocabile \u015fi incontestabile. Fiind un Festival interna\u021bional, nu este agreat\u0103 abordarea ulterioar\u0103 a organizatorilor (de c\u0103tre participan\u021bi), pentru informa\u021bii suplimentare referitoare la rezultate! V\u0103 mul\u021bumim pentru \u00een\u021belegere!<\/p>\n\n\n\n<hr class=\"wp-block-separator\"\/>\n\n\n\n<p><\/p>\n\n\n\n<p><\/p>\n\n\n\n<h2 class=\"has-text-align-center wp-block-heading\">RULES<\/h2>\n\n\n\n<div class=\"wp-block-image\"><figure class=\"aligncenter size-large is-resized\"><img loading=\"lazy\" decoding=\"async\" src=\"http:\/\/www.propiano.org\/romanian\/wp-content\/uploads\/2020\/04\/image.png\" alt=\"\" class=\"wp-image-6487\" width=\"169\" height=\"226\"\/><\/figure><\/div>\n\n\n\n<p><\/p>\n\n\n\n<p><\/p>\n\n\n\n<h2 class=\"has-text-align-center wp-block-heading\">The <strong>Online Piano<\/strong> <strong>International Festival&nbsp; #Totul Va Fi Bine 2020<\/strong><\/h2>\n\n\n\n<h2 class=\"has-text-align-center wp-block-heading\"><strong>SECOND EDITION<\/strong><\/h2>\n\n\n\n<h3 class=\"has-text-align-center wp-block-heading\"><strong>May 13, 2020<\/strong> for the <strong>Amateur Section<\/strong><\/h3>\n\n\n\n<h3 class=\"has-text-align-center wp-block-heading\"><strong>May 14, 2020<\/strong> for <strong>Professional Section<\/strong><\/h3>\n\n\n\n<p><\/p>\n\n\n\n<p><\/p>\n\n\n\n<p>The previous edition of the <strong>Online Piano Festival #Totul Va Fi Bine 2020<\/strong><strong> <\/strong>promoted only Romanian children and young people. This current edition is offering<strong> <\/strong>a wider coverage for its participants through an international extension. The main goal is to create opportunities for children and young people to remain creative and motivated during this unprecedented and challenging period of time,&nbsp; leading to sustained, consistent and focused practice. Furthermore, this festival offers the opportunities to be promoted and recognized both nationally and internationally. As we know, a competitive activity is beneficial to help measuring the artistic and educational process.<\/p>\n\n\n\n<p>&nbsp;&nbsp;&nbsp;&nbsp;&nbsp;&nbsp;&nbsp;&nbsp;&nbsp;&nbsp;&nbsp; Piano teacher <strong>Stela Avesalon<\/strong> together with <strong>Madalina Pasol<\/strong>, an internationally renowned pianist&nbsp; and&nbsp; GRAFOART Music Publishing House\u2019s director,&nbsp; <strong>Matei B\u0103nic\u0103<\/strong> planned and organized this edition of the online Festival.&nbsp; Filled with &nbsp;joy and smiles this festival is&nbsp; a genuine music celebration and a wonderful opportunity for children and young pianists. The ages allowed to participate are between 5 -18.&nbsp; The repertoire of each participant will consist of one or two pieces, with a maximum timetable specified below (after the allotted time will be stopped automatically), as follows:<\/p>\n\n\n\n<ul class=\"wp-block-list\"><li>Allotted time for the <strong>AMATEUR SECTION <\/strong>(May 13, 2020)<\/li><\/ul>\n\n\n\n<p>\u2013 until the year of birth: 2014 max: 3 min.<\/p>\n\n\n\n<p>\u2013 year of birth: 2013 max: 4 min.<\/p>\n\n\n\n<p>\u2013 year of birth: 2012, 2011, 2010 max: 6 min.<\/p>\n\n\n\n<p>&nbsp;\u2013 year of birth: 2009, 2008, 2007 max: 8 min.<\/p>\n\n\n\n<p>&nbsp;\u2013 year of birth: 2006, 2005, 2004, 2003 max: 10 min.<\/p>\n\n\n\n<p>&nbsp;\u2013 year of birth: 2002, 2001 max: 12 min.<\/p>\n\n\n\n<ul class=\"wp-block-list\"><li>Allotted time for the <strong>PROFESSIONAL SECTION<\/strong> (May 14, 2020)<\/li><\/ul>\n\n\n\n<p>\u2013 until the year of birth: 2014 max: 3 min.<\/p>\n\n\n\n<p>\u2013 year of birth: 2013 max: 4 min.<\/p>\n\n\n\n<p>\u2013 year of birth: 2012, 2011, 2010 max: 7 min<\/p>\n\n\n\n<p>\u2013 year of birth: 2009, 2008, 2007 max: 10 min.<\/p>\n\n\n\n<p>\u2013 year of birth: 2006, 2005, 2004, 2003 max: 12 min.<\/p>\n\n\n\n<p>&nbsp;\u2013 year of birth: 2002, 2001 max: 15 min.&nbsp;<\/p>\n\n\n\n<p>The performing at the Festival will be based on age,&nbsp; in ascending order.<\/p>\n\n\n\n<p><strong>Registration <\/strong>for the Online International<strong> <\/strong>Piano Festival <strong>#Totul Va Fi Bine 2020<\/strong>, 2<sup>nd<\/sup> edition will be completed until May 8, 2020 (inclusive). Participants with incomplete registration after this date will not be admitted. In accordance with the provisions of Romanian law no. 8\/1996 on copyright, each participant or parent \/ legal guardian expresses their explicit consent for the dissemination and storage of the print by the Online Piano Festival #EverythingWillBeFine 2020.<\/p>\n\n\n\n<p><strong>The jury<\/strong> consists of <strong>Stela Avesalon<\/strong> \u2013 president \u201cPro Piano &#8211; Romania\u201d Cultural Foundation, <strong>M\u0103d\u0103lina Pa\u0219ol<\/strong> &#8211; president International Institute of Arts and <strong>Constantin Sandu<\/strong> &#8211; Head of Department at the Higher School of Music and Performing<strong> <\/strong>Arts in Porto &#8211; Portugal.&nbsp;&nbsp;<\/p>\n\n\n\n<p><strong>Required documents:<\/strong><\/p>\n\n\n\n<ol class=\"wp-block-list\" type=\"1\"><li>the <strong>registration form<\/strong> in Excel, completed with all the mandatory information and sent by e-mail together with the proof of payment of the participation donation (in the amount of 30 Euro), to the address asociatiagrafoart@gmail.com. Please note: the registration form must be completed and checked carefully. The text you completed will appear on film and diplomas. The form should not be completed using capital letters and should have a proper format (.xls).<\/li><li>The participation donation (<strong>30 Euro or 40 $<\/strong>) will be paid only by bank transfer (no deposits at the bank counter or Post Office) to the name:   &#8211; <strong>Stela Avesalon \u2013 Pro Piano Foundation, account<\/strong> <strong>RO85RNCB0074029228740001, BCR sector 3 <\/strong>\/ <strong>Bank Swift RNCBROBU, Bucharest,Romania <\/strong>. &nbsp;&nbsp;&nbsp;                                                         On the payment order it is mandatory to mention: the name of the participant <strong>and<\/strong> donation #EverythingWillBeFine 2020.<\/li><li><strong>the file with the filming<\/strong> of the chosen repertoire, will be sent through WeTransfer.com to the e-mail address asociatiagrafoart@gmail.com. The filename must be&nbsp; in the name of the participant. The participants who have more than one piece should either send a single video with both songs or separate files. We recommend paying close attention to sound quality, making sure that the phone&#8217;s microphone is not blocked by a tripod or stand. During filming, the phone will be turned to silent mode and the vibration function turned off to make sure it is not disturbed by background noises, pets and so on. We recommend using a tripod for the filming phone placed in the back right side of the performer. Please note (mandatory): filming is not acceptable if it doesn\u2019t show the performer&#8217;s entire body, including face and both hands.<\/li><\/ol>\n\n\n\n<p><strong>The broadcast of the Festival<\/strong> will be made <strong>on the Facebook event page<\/strong> the Online Piano Festival #EverythingWillBeFine 2020 as follows:<\/p>\n\n\n\n<ul class=\"wp-block-list\"><li>Wednesday, 13 May 2020 for Amateur Section and<\/li><li>Thursday, May 14, 2020 for&nbsp; Professional Section.<\/li><\/ul>\n\n\n\n<p>The schedule for entering the festival, as well as the special prizes will be announced on the same Facebook page of the event.<\/p>\n\n\n\n<p><strong>PRIZES<\/strong>: all participants will receive a <strong>Honorary Diploma<\/strong> for the on -line International Piano Festival &nbsp;<strong>#Totul Va Fi Bine 2020<\/strong><\/p>\n\n\n\n<p>In addition, the best performers will also receive <strong>Special Awards<\/strong>:<\/p>\n\n\n\n<p>\u2022 Special Award &#8220;Pro Piano-Romania&#8221; \u2022 Special Prize &#8220;Piano Values&#8221; \u2022 Special Prize for Virtuosity \u2022 Special Prize for the Youngest Participant \u2022 Special Prizes for the best interpretation of a Romanian piece, preclassical pieces (J. S. Bach etc.), classical pieces (Haydn, Mozart, Beethoven), romantic pieces, modern pieces, etc.<\/p>\n\n\n\n<p>When the quarantine ends, the winners (<strong>Special Awards<\/strong>) will be invited to participate in recitals organized&nbsp; and taking place at the residence of His Excellency Mr. Arthur Mattli , the Swiss Confederation Ambassador in Romania, at the &#8220;George Enescu&#8221; Philharmonic in Bucharest, &#8220;George Enescu&#8221; National Museum in Bucharest, &#8220;George Enescu&#8221; Music Library Salon in Bucharest, National Museum of Maps and Old Books in Bucharest, ASTRA County Library in Sibiu.<\/p>\n\n\n\n<p>Any changes or additions to these rules will be posted on the event&#8217;s website or Facebook page. The decisions of the organizers of the Online Piano Festival #EverythingWillBeFine 2020 are final.<\/p>\n\n\n\n<p>For this International Festival the organizers do not agree to be contacted by the participants for additional information regarding the results and all decisions are final. Thank you for understanding.<\/p>\n\n\n\n<p><\/p>\n","protected":false},"excerpt":{"rendered":"<p>&nbsp;Festival International on-line de pian: #Totul va fi bine 2020 EDITIA a II-a \/ 2nd Edition Regulamentul Festivalului in rom\u00e2na si engleza Rules(Regulations) in Romanian and English Festivalul este initiat si organizat de Fundatia Culturala \u201dPRO PIANO-ROMANIA\u201d si Institutului International de Arte 13 mai 2020 \u2013 Sec\u021biunea AMATORI 14 mai 2020 \u2013 Sec\u021biunea PROFESIONI\u0218TI Dac\u0103 [&hellip;]<\/p>\n","protected":false},"author":2,"featured_media":0,"parent":0,"menu_order":0,"comment_status":"closed","ping_status":"closed","template":"","meta":{"footnotes":""},"class_list":["post-6378","page","type-page","status-publish","hentry"],"_links":{"self":[{"href":"https:\/\/www.propiano.org\/romanian\/wp-json\/wp\/v2\/pages\/6378","targetHints":{"allow":["GET"]}}],"collection":[{"href":"https:\/\/www.propiano.org\/romanian\/wp-json\/wp\/v2\/pages"}],"about":[{"href":"https:\/\/www.propiano.org\/romanian\/wp-json\/wp\/v2\/types\/page"}],"author":[{"embeddable":true,"href":"https:\/\/www.propiano.org\/romanian\/wp-json\/wp\/v2\/users\/2"}],"replies":[{"embeddable":true,"href":"https:\/\/www.propiano.org\/romanian\/wp-json\/wp\/v2\/comments?post=6378"}],"version-history":[{"count":33,"href":"https:\/\/www.propiano.org\/romanian\/wp-json\/wp\/v2\/pages\/6378\/revisions"}],"predecessor-version":[{"id":6536,"href":"https:\/\/www.propiano.org\/romanian\/wp-json\/wp\/v2\/pages\/6378\/revisions\/6536"}],"wp:attachment":[{"href":"https:\/\/www.propiano.org\/romanian\/wp-json\/wp\/v2\/media?parent=6378"}],"curies":[{"name":"wp","href":"https:\/\/api.w.org\/{rel}","templated":true}]}}