{"id":6117,"date":"2019-10-27T13:39:52","date_gmt":"2019-10-27T13:39:52","guid":{"rendered":"http:\/\/www.propiano.org\/romanian\/?page_id=6117"},"modified":"2020-10-04T18:39:49","modified_gmt":"2020-10-04T18:39:49","slug":"regulament-sibiu-2020","status":"publish","type":"page","link":"https:\/\/www.propiano.org\/romanian\/regulament-sibiu-2020\/","title":{"rendered":"Regulament Sibiu 2020"},"content":{"rendered":"\n<p><\/p>\n\n\n\n<figure class=\"wp-block-gallery columns-1 is-cropped wp-block-gallery-2 is-layout-flex wp-block-gallery-is-layout-flex\"><ul class=\"blocks-gallery-grid\"><li class=\"blocks-gallery-item\"><figure><img loading=\"lazy\" decoding=\"async\" width=\"724\" height=\"1024\" src=\"http:\/\/www.propiano.org\/romanian\/wp-content\/uploads\/2020\/10\/Afis-Web-PrieteniiMuziciiSibiu122020-724x1024.jpg\" alt=\"\" data-id=\"6817\" data-full-url=\"http:\/\/www.propiano.org\/romanian\/wp-content\/uploads\/2020\/10\/Afis-Web-PrieteniiMuziciiSibiu122020.jpg\" data-link=\"http:\/\/www.propiano.org\/romanian\/regulament-sibiu-2020\/attachment\/afis-web-prieteniimuziciisibiu122020\/\" class=\"wp-image-6817\" srcset=\"https:\/\/www.propiano.org\/romanian\/wp-content\/uploads\/2020\/10\/Afis-Web-PrieteniiMuziciiSibiu122020-724x1024.jpg 724w, https:\/\/www.propiano.org\/romanian\/wp-content\/uploads\/2020\/10\/Afis-Web-PrieteniiMuziciiSibiu122020-212x300.jpg 212w, https:\/\/www.propiano.org\/romanian\/wp-content\/uploads\/2020\/10\/Afis-Web-PrieteniiMuziciiSibiu122020-768x1086.jpg 768w, https:\/\/www.propiano.org\/romanian\/wp-content\/uploads\/2020\/10\/Afis-Web-PrieteniiMuziciiSibiu122020.jpg 893w\" sizes=\"auto, (max-width: 724px) 100vw, 724px\" \/><\/figure><\/li><\/ul><\/figure>\n\n\n\n<p><\/p>\n\n\n\n<p><\/p>\n\n\n\n<p><\/p>\n\n\n\n<p><\/p>\n\n\n\n<h2 class=\"wp-block-heading\"><strong>REGULAMENT <\/strong><\/h2>\n\n\n\n<h2 class=\"wp-block-heading\"><strong>\u201dCRACIUN MUZICAL la SIBIU\u201d<br><\/strong><\/h2>\n\n\n\n<p><\/p>\n\n\n\n<p><\/p>\n\n\n\n<h2 class=\"has-text-align-right wp-block-heading\"><\/h2>\n\n\n\n<h4 class=\"wp-block-heading\"><strong>Concurs National On-line \u201cPRIETENII MUZICII \u2013 filiala Sibiu\u201d, Editia a VIII-a, 13 decembrie 2020<\/strong><\/h4>\n\n\n\n<p><\/p>\n\n\n\n<h2 class=\"wp-block-heading\"><\/h2>\n\n\n\n<h3 class=\"wp-block-heading\"><\/h3>\n\n\n\n<p><\/p>\n\n\n\n<h3 class=\"wp-block-heading\"><strong>I.<\/strong>&nbsp;Manifestarea este deschisa copiilor cu varsta cuprinsa intre 5 \u015fi 18 ani, fiind divizata \u00een 3 sectiuni: A,B,C.<\/h3>\n\n\n\n<p><strong>Sec\u0163iunea A<\/strong>&nbsp;\u2013 tineri care studiaz\u0103 pianul ca\ninstrument principal, \u00een \u0219coli \u0219i licee de muzic\u0103<\/p>\n\n\n\n<p><strong>Sec\u0163iunea B<\/strong>&nbsp;\u2013 tineri care studiaz\u0103 pianul ca\ninstrument op\u021bional( \u00een \u015fcoli \u015fi licee de muzic\u0103), in Palatele Copiilor,\nCluburi sau in sistem particular.<\/p>\n\n\n\n<p><strong>Sec\u021biunea C<\/strong>&nbsp;\u2013 ansamblu la 4 m\u00e2ini(pe un pian)<\/p>\n\n\n\n<p><\/p>\n\n\n\n<p><\/p>\n\n\n\n<h3 class=\"wp-block-heading\"><strong>II.<\/strong> Evaluarea <\/h3>\n\n\n\n<p>fiecare din sectiunile A si B este divizat\u0103 \u00een&nbsp;<strong>15 categorii,<\/strong>&nbsp;\u00een func\u0163ie de anul na\u015fterii participan\u0163ilor:<\/p>\n\n\n\n<ul class=\"wp-block-list\"><li>categoria 0 \u20132015<\/li><li>cat. 1-a&nbsp;&nbsp;&nbsp;&nbsp;&nbsp;&nbsp;\u2013&nbsp;2014<\/li><li>cat. a 2-a&nbsp;&nbsp; \u2013 2013<\/li><li>cat. a 3-a&nbsp;&nbsp; \u2013 2012<\/li><li>cat. a 4-a&nbsp;&nbsp; \u2013 2011<\/li><li>cat. a 5-a&nbsp;&nbsp; \u2013 2010<\/li><li>cat. a 6-a&nbsp;&nbsp; \u2013 2009<\/li><li>cat. a 7-a&nbsp;&nbsp; \u2013 2008<\/li><li>cat. a 8-a&nbsp;&nbsp; \u2013 2007<\/li><li>cat. a 9-a&nbsp;&nbsp; \u2013 2006<\/li><li>cat. a 10-a \u2013 2005<\/li><li>cat. a 11-a \u2013 2004<\/li><li>cat. a 12-a \u2013 2003<\/li><li>cat. a 13-a \u2013 2002<\/li><li>cat. a 14-a \u2013 2001<\/li><\/ul>\n\n\n\n<p><strong>Sec\u0163iunea&nbsp;C<\/strong>(ansamblurile la 4 m\u00e2ini pe un pian)\neste divizat\u0103, conform categoriilor aferente, \u00een 3 subsec\u0163iuni:&nbsp;<strong>C1<\/strong>&nbsp;(cat.\n0-4),&nbsp;<strong>C2&nbsp;<\/strong>(cat. 5-9),&nbsp;<strong>C3<\/strong>&nbsp;(cat. 10-14),\n\u0163in\u00e2ndu-se cont de v\u00e2rsta celor 2 membrii (nu e obligatorie apartenen\u0163a la\naceea\u015fi categorie).<\/p>\n\n\n\n<h2 class=\"wp-block-heading\"><\/h2>\n\n\n\n<h3 class=\"wp-block-heading\"><strong>III.<\/strong>&nbsp;<strong>Repertoriul&nbsp;<\/strong><\/h3>\n\n\n\n<p> una sau dou\u0103 lucr\u0103ri la alegerea participan\u0163ilor,&nbsp;&nbsp;&nbsp;interpretate din&nbsp;<strong>memorie<\/strong>, cu durata maxim\u0103 cumulat\u0103 \u00eentre 3 \u0219i 20 minute, \u00een func\u021bie de categorie. Sunt agreate si Colindele de Craciun(ca a doua piesa sau in plus de cele doua!<\/p>\n\n\n\n<p><strong>Sectiunea A<\/strong><\/p>\n\n\n\n<ul class=\"wp-block-list\"><li>Cat. 1- 4 = 5\u2019<\/li><li>Cat. 5 -8 = 7\u2019<\/li><li>Cat. 9 \u2013 10 = 10\u2019<\/li><li>Cat. 11- 12 = 15\u2019<\/li><li>Cat. 13 \u2013 14 = 20\u2019<\/li><\/ul>\n\n\n\n<p><strong>Sectiunea B<\/strong><\/p>\n\n\n\n<ul class=\"wp-block-list\"><li>Cat. 1- 4 = 3\u2019<\/li><li>Cat. 5 -8 = 5\u2019<\/li><li>Cat. 9 \u2013 10 = 7\u2019<\/li><li>Cat. 11- 12 = 10\u2019<\/li><li>Cat. 13 \u2013 14 = 15\u2019<\/li><\/ul>\n\n\n\n<p>Programul men\u0163ionat \u00een fi\u015fa de \u00eenscriere nu poate fi modificat\nulterior. Ordinea interpret\u0103rii\npieselor se stabile\u015fte la libera alegere a participan\u0163ilor.<\/p>\n\n\n\n<p><\/p>\n\n\n\n<p><\/p>\n\n\n\n<h2 class=\"wp-block-heading\"><\/h2>\n\n\n\n<h3 class=\"wp-block-heading\"><strong>IV.<\/strong>&nbsp;\u00censcrierile <\/h3>\n\n\n\n<p>se fac p\u00e2n\u0103 \u00een data de 1 decembrie 2020, prin trimiterea documentelor numai la Fundatia Pro Piano pe adresa : propiano@gmail.com, <strong>NU<\/strong> si la d-na profesoara Eniko Orth !<\/p>\n\n\n\n<p>Cei care sunt deja inscrisi \u0219i au achitata dona\u021bia de participare, vor trebui s\u0103-\u0219i  actualizeze repertoriul, prin trimiterea(prin e-mail) a doua materiale: <\/p>\n\n\n\n<p><strong>1. <\/strong>un formular nou de inscriere, care, in afara datelor personale(numele si prenumele, scrise obligatoriu cu diacritice : \u0103, \u021b, \u0219, \u00e2,etc \u0219i repertoriul dorit, va contine adresa de e-mail pe care doresc sa primeasca diplomele. Pentru sectiunea C(4 maini), ambii participanti se vor inscrie pe acela\u0219i formular (nu pe 2 formulare separate!).<\/p>\n\n\n\n<p><strong>2. Link-ul filmului<\/strong> cu inregistrarea pieselor pe You Tube(conform indicatiilor de mai jos).<\/p>\n\n\n\n<p>Aceste doua documente se vor trimite numai odat\u0103, pe adresa de mail a Fundatiei: propiano@gmail.com, p\u00e2n\u0103 la 1 decembrie 2020, <strong>NU<\/strong> si la d-na prof. Eniko Orth! \u00cen momentul primirii documentelor va vom trimite confirmarea de primire! Dac\u0103 nu o primiti in decurs de o zi, inseamna ca nu am primit documentele dv \u0219i va trebui sa semnalati la telefon! <\/p>\n\n\n\n<p><\/p>\n\n\n\n<p><strong>Se primesc<\/strong> si <strong>inscrieri noi <\/strong>(tot pana la 1 decembrie 2020), dar in acest caz, pe l\u00e2ng\u0103 cele doua documente de mai sus, vor trebui sa ataseze si dovada achitarii donatiei de participare : 70 lei\/solist \u0219i 90 lei \/ ansamblu la 4 m\u00e2ini. Donatia se va depune \u00een contul Funda\u021biei Pro Piano, deschis la BCR sector 3 Bucuresti, Cod IBAN: RO85RNCB0074029228740001\/C.U.I. 9099960, cu specificarea obligatorie pe ordinul de plat\u0103 a celor 2 semne de identificare: a. Dona\u021bie Sibiu \u0219i b. numele participantului pentru care se face plata. \u00cen caz de neprezentare, dona\u021bia nu se returneaz\u0103(indiferent de motiv).<br>Nu se admit mandate postale.<\/p>\n\n\n\n<p><\/p>\n\n\n\n<p><strong>Indicatii tehnice<\/strong> &#8211; <strong>Cum se face filmarea ?<\/strong><br>Filmarea repertoriului participantului se va face obligatoriu cu telefonul \u021binut pe orizontal\u0103(nu vertical), pozi\u021bionat \u00een spatele interpretului \u2013 dreapta, iar \u00een filmare s\u0103 se vad\u0103 corpul \u00eentreg al interpretului si pianul. Este bine ca telefonul sa fie pus pe un stativ(pentru a nu se misca,).<br>Dup\u0103 filmare, \u00eenregistrarea se va pune( \u00eenc\u0103rca) \u00een contul You Tube personal (cu op\u021biunea public), iar de trimis, se va trimite numai link-ul rezultat din postare!<br>Piesele(una sau dou\u0103) se vor trimite impreun\u0103, \u00eentr-un singur mail(fiecare participant va trimite un singur e-mail) \u00een care, pe l\u00e2ng\u0103 link-urile(adresele) film\u0103rii propriuzise se va men\u021biona obligatoriu numele \u0219i prenumele candidatului (scris neap\u0103rat cu diacritice, pentru scrierea diplomelor), denumirea pieselor si a compozitorului \u0219i categoria(ex : A2, B3, etc).<br>Mai clar, cum trebuie s\u0103 procedeze un concurent? Dup\u0103 ce se filmeaza cu telefonul(sau alt aparat) pune filmul pe contul s\u0103u de You Tube(cu optiunea public), iar adresa &#8211; link-ul rezultat se va trimite prin e-mail, \u00eempreuna cu numele, categoria \u0219i repertoriul \u00eenregistrat.<br>Confirmarea primirii documentelor se va face cat mai repede(cel tarziu dupa o zi), tot pe mail. Daca nu primiti confirmarea dup\u0103 o zi, va rog sa ne semnalati(inseamna ca nu am primit documentele).<\/p>\n\n\n\n<p><\/p>\n\n\n\n<p><strong>F. Important<\/strong> : vineri<strong> 4 decembrie<\/strong> vom afi\u0219a lista participan\u021bilor \u00eenscri\u0219i la Concurs, \u00een ordinea categoriilor , pe sectiuni , unde vom semnala \u0219i eventualele observa\u021bii referitoare la documentele trimise de dv, inclusiv calitatea film\u0103rilor. Eventualele probleme se vor semnala p\u00e2n\u0103 \u00een data de 7 decembrie(dup\u0103 aceast\u0103 dat\u0103 nu va mai fi posibil\u0103 nici o modificare).<\/p>\n\n\n\n<p>Dupa data de 4 decembrie se va afisa pe Sit tabelul cu numele si incadrarea in categorii a participantilor.<br>Sunteti ruga\u021bi s\u0103 verificati corectitudinea datelor si sa semnalati eventualele erori, dar numai prin e-mail sau SMS(nu la telefon)!<\/p>\n\n\n\n<p><strong>V. Premii<\/strong><br>se vor acorda, pentru fiecare categorie \u00een parte: Premii I, II, III, Men\u021biuni, Diplome de Participare(pentru cei care nu se calific\u0103 la unul dintre premii), numeroase Premii Speciale : pentru colinde sau pentru alte interpretari deosebite( pentru piese rom\u00e2ne\u015fti, pentru J. S. Bach, Fr. Liszt, pentru prezen\u0163\u0103 artistic\u0103 deosebit\u0103, etc).<br>Diplomele cu premiile vor fi trimise pe e-mailul declarat in formularul de inscriere!<\/p>\n\n\n\n<p><strong>VI. Juriul<\/strong><br>va fi format din personalit\u0103\u0163i ale pedagogiei \u015fi muzicii rom\u00e2ne\u015fti.<br>Toate materialele audio-video sau de alt\u0103 natur\u0103 realizate de c\u0103tre organizatori, apar\u0163in de drept acestora.<br>In momentul \u00eenscrierii \u00een Concurs, candida\u0163ii accept\u0103 prezentele condi\u0163ii \u015fi autoritatea juriului.<\/p>\n\n\n\n<p>Informa\u0163ii suplimentare:<br>\u2022 la d-na prof. Orth Eniko \u2013 E-mail: ortheniko_piano@yahoo.com \/ tel: 0746 114 351.<br>\u2022 la Funda\u0163ia \u201ePro Piano\u2013Rom\u00e2nia\u201d\u2013 prof. Stela Avesalon \u2013 tel. 0722 382 626(in afara orelor 14-17)<br>E-mail: propiano@gmail.com Web page: www.propiano.org<\/p>\n\n\n\n<p><\/p>\n\n\n\n<p><\/p>\n\n\n\n<p><\/p>\n\n\n\n<p><\/p>\n\n\n\n<p><\/p>\n\n\n\n<p><\/p>\n\n\n\n<p>Se poate face inscrierea si prin acest formular(pentru cei care nu se descurca cu formularul de pe Sit)<\/p>\n\n\n\n<h3 class=\"wp-block-heading\"><strong>FORMULAR DE \u00ceNSCRIERE la<br>Concursul National PRIETENII MUZICII &#8211; filiala SIBIU\u201d, Editia a VIII-a, 13 decembrie 2020<\/strong><\/h3>\n\n\n\n<p><strong>Elev:<\/strong><br>\u2022 Numele:<strong><em><strong><em>______________________<\/em><\/strong><\/em><\/strong><br>\u2022 Prenumele:<strong><em><strong><em>____________________<\/em><\/strong><\/em><\/strong><br>\u2022 Ora\u0219 \/\u0162ara:<strong><em><strong><em>____________________<\/em><\/strong><\/em><\/strong><br>\u2022 Data na\u015fterii:<strong><em><strong><em>___________________<\/em><\/strong><\/em><\/strong><br>\u2022 Cod numeric personal______________________<br>\u2022 Adresa permanent\u0103:<strong><em><strong><em>______________<\/em><\/strong><\/em><\/strong><br>\u2022 E-mail:<br>\u2022 Telefon\/fax:<strong><em><strong><em>_________________<\/em><\/strong><\/em><\/strong><br>\u2022 Gr\u0103dini\u0163a\/\u015fcoala\/liceul:<strong><em><strong><em>____________<\/em><\/strong><\/em><\/strong><br>\u2022 \u00cencadrat la Sec\u0163iunea:<strong><em><strong>_ Categoria:__<\/strong><\/em><\/strong><\/p>\n\n\n\n<p><strong>Profesor \u00eendrum\u0103tor<\/strong>:<br>Numele \u0219i prenumele:<strong><em><strong><em>_________________<\/em><\/strong><\/em><\/strong><br>Telefon\/fax:<strong><em><strong><em>_________________<\/em><\/strong><\/em><\/strong><\/p>\n\n\n\n<p><strong>Programul ales<\/strong>(una sau 2 piese):<\/p>\n\n\n\n<ol class=\"wp-block-list\"><li>Numele compozitorului: <strong><em><strong><em>____________<\/em><\/strong><\/em><\/strong><br>Titlul lucr\u0103rii:<strong><em><strong><em>_______________________<\/em><\/strong><\/em><\/strong><\/li><li>Numele compozitorului:<strong><em><strong><em>____________<\/em><\/strong><\/em><\/strong><br>Titlul lucr\u0103rii: <strong><em><strong><em>______________________<\/em><\/strong><\/em><\/strong><br>Durata total\u0103:..\u2026\u2026\u2026.. minute<\/li><\/ol>\n\n\n\n<p>Data:                              Semn\u0103tura<\/p>\n\n\n\n<p><\/p>\n","protected":false},"excerpt":{"rendered":"<p>REGULAMENT \u201dCRACIUN MUZICAL la SIBIU\u201d Concurs National On-line \u201cPRIETENII MUZICII \u2013 filiala Sibiu\u201d, Editia a VIII-a, 13 decembrie 2020 I.&nbsp;Manifestarea este deschisa copiilor cu varsta cuprinsa intre 5 \u015fi 18 ani, fiind divizata \u00een 3 sectiuni: A,B,C. Sec\u0163iunea A&nbsp;\u2013 tineri care studiaz\u0103 pianul ca instrument principal, \u00een \u0219coli \u0219i licee de muzic\u0103 Sec\u0163iunea B&nbsp;\u2013 tineri [&hellip;]<\/p>\n","protected":false},"author":1,"featured_media":0,"parent":0,"menu_order":0,"comment_status":"closed","ping_status":"closed","template":"","meta":{"footnotes":""},"class_list":["post-6117","page","type-page","status-publish","hentry"],"_links":{"self":[{"href":"https:\/\/www.propiano.org\/romanian\/wp-json\/wp\/v2\/pages\/6117","targetHints":{"allow":["GET"]}}],"collection":[{"href":"https:\/\/www.propiano.org\/romanian\/wp-json\/wp\/v2\/pages"}],"about":[{"href":"https:\/\/www.propiano.org\/romanian\/wp-json\/wp\/v2\/types\/page"}],"author":[{"embeddable":true,"href":"https:\/\/www.propiano.org\/romanian\/wp-json\/wp\/v2\/users\/1"}],"replies":[{"embeddable":true,"href":"https:\/\/www.propiano.org\/romanian\/wp-json\/wp\/v2\/comments?post=6117"}],"version-history":[{"count":27,"href":"https:\/\/www.propiano.org\/romanian\/wp-json\/wp\/v2\/pages\/6117\/revisions"}],"predecessor-version":[{"id":6822,"href":"https:\/\/www.propiano.org\/romanian\/wp-json\/wp\/v2\/pages\/6117\/revisions\/6822"}],"wp:attachment":[{"href":"https:\/\/www.propiano.org\/romanian\/wp-json\/wp\/v2\/media?parent=6117"}],"curies":[{"name":"wp","href":"https:\/\/api.w.org\/{rel}","templated":true}]}}