{"id":6048,"date":"2019-10-24T11:18:55","date_gmt":"2019-10-24T11:18:55","guid":{"rendered":"http:\/\/www.propiano.org\/romanian\/?page_id=6048"},"modified":"2021-02-12T17:18:25","modified_gmt":"2021-02-12T17:18:25","slug":"concurs-de-muzica-romaneasca-pian-2020","status":"publish","type":"page","link":"https:\/\/www.propiano.org\/romanian\/concurs-de-muzica-romaneasca-pian-2020\/","title":{"rendered":"Concurs de Muzica Romaneasca Pian 2020"},"content":{"rendered":"\n<p><\/p>\n\n\n\n<h2 class=\"wp-block-heading\"><strong>GALA LAUREATILOR <\/strong><\/h2>\n\n\n\n<h3 class=\"wp-block-heading\"><strong>Concursului de Muzica Romaneasca 2020<\/strong>, <strong>postata si pe Site-ul Muzeului Enescu:<\/strong><\/h3>\n\n\n\n<h3 class=\"wp-block-heading\"><strong>  <\/strong>  <\/h3>\n\n\n\n<p class=\"has-text-align-center\"><a href=\"https:\/\/bit.ly\/33sZj9Q\">https:\/\/bit.ly\/33sZj9Q<\/a><\/p>\n\n\n\n<p><\/p>\n\n\n\n<h3 class=\"wp-block-heading\"><\/h3>\n\n\n\n<p><\/p>\n\n\n\n<p><\/p>\n\n\n\n<figure class=\"wp-block-embed-wordpress wp-block-embed is-type-wp-embed is-provider-pro-piano-romania\"><div class=\"wp-block-embed__wrapper\">\n<blockquote class=\"wp-embedded-content\" data-secret=\"AgVFH9Fdz2\"><a href=\"https:\/\/www.propiano.org\/romanian\/regulament-2020-2\/\">Regulament Muzic\u0103 Rom\u00e2neasc\u0103 2020<\/a><\/blockquote><iframe loading=\"lazy\" class=\"wp-embedded-content\" sandbox=\"allow-scripts\" security=\"restricted\" style=\"position: absolute; clip: rect(1px, 1px, 1px, 1px);\" title=\"&#8220;Regulament Muzic\u0103 Rom\u00e2neasc\u0103 2020&#8221; &#8212; Pro Piano Romania\" src=\"https:\/\/www.propiano.org\/romanian\/regulament-2020-2\/embed\/#?secret=wisdykEYzB#?secret=AgVFH9Fdz2\" data-secret=\"AgVFH9Fdz2\" width=\"500\" height=\"282\" frameborder=\"0\" marginwidth=\"0\" marginheight=\"0\" scrolling=\"no\"><\/iframe>\n<\/div><\/figure>\n\n\n\n<h3 class=\"wp-block-heading\"><\/h3>\n\n\n\n<p><\/p>\n\n\n\n<p><\/p>\n\n\n\n<p><\/p>\n\n\n\n<p><\/p>\n\n\n\n<h3 class=\"wp-block-heading\"><strong>FORMULAR  de INSCRIERE la Muzica romaneasca ON-LINE<\/strong><\/h3>\n\n\n\n<div class=\"wp-block-file\"><a href=\"http:\/\/www.propiano.org\/romanian\/wp-content\/uploads\/2020\/09\/Formular_editabil-\u00eenscriere-Muz-Rom-online-2020-1-7-2.xls\">Formular_editabil-\u00eenscriere-Muzica Romaneasca-online-2020<\/a><a href=\"http:\/\/www.propiano.org\/romanian\/wp-content\/uploads\/2020\/09\/Formular_editabil-\u00eenscriere-Muz-Rom-online-2020-1-7-2.xls\" class=\"wp-block-file__button\" download>Download<\/a><\/div>\n\n\n\n<figure class=\"wp-block-embed is-type-wp-embed is-provider-pro-piano-romania wp-block-embed-pro-piano-romania\"><div class=\"wp-block-embed__wrapper\">\n<blockquote class=\"wp-embedded-content\" data-secret=\"yuqzjPHuhC\"><a href=\"https:\/\/www.propiano.org\/romanian\/programare-2020-2\/\">Programare 2020<\/a><\/blockquote><iframe loading=\"lazy\" class=\"wp-embedded-content\" sandbox=\"allow-scripts\" security=\"restricted\" style=\"position: absolute; clip: rect(1px, 1px, 1px, 1px);\" title=\"&#8220;Programare 2020&#8221; &#8212; Pro Piano Romania\" src=\"https:\/\/www.propiano.org\/romanian\/programare-2020-2\/embed\/#?secret=6B70Yj188b#?secret=yuqzjPHuhC\" data-secret=\"yuqzjPHuhC\" width=\"500\" height=\"282\" frameborder=\"0\" marginwidth=\"0\" marginheight=\"0\" scrolling=\"no\"><\/iframe>\n<\/div><\/figure>\n\n\n\n<p>GALA &#8211; de pe Site-ul Muzeului Enescu<\/p>\n\n\n\n<p><a href=\"https:\/\/bit.ly\/33sZj9Q\">https:\/\/bit.ly\/33sZj9Q<\/a><\/p>\n\n\n\n<p><\/p>\n\n\n\n<p><\/p>\n","protected":false},"excerpt":{"rendered":"<p>GALA LAUREATILOR Concursului de Muzica Romaneasca 2020, postata si pe Site-ul Muzeului Enescu: https:\/\/bit.ly\/33sZj9Q FORMULAR de INSCRIERE la Muzica romaneasca ON-LINE GALA &#8211; de pe Site-ul Muzeului Enescu https:\/\/bit.ly\/33sZj9Q<\/p>\n","protected":false},"author":1,"featured_media":0,"parent":0,"menu_order":0,"comment_status":"closed","ping_status":"closed","template":"","meta":{"footnotes":""},"class_list":["post-6048","page","type-page","status-publish","hentry"],"_links":{"self":[{"href":"https:\/\/www.propiano.org\/romanian\/wp-json\/wp\/v2\/pages\/6048","targetHints":{"allow":["GET"]}}],"collection":[{"href":"https:\/\/www.propiano.org\/romanian\/wp-json\/wp\/v2\/pages"}],"about":[{"href":"https:\/\/www.propiano.org\/romanian\/wp-json\/wp\/v2\/types\/page"}],"author":[{"embeddable":true,"href":"https:\/\/www.propiano.org\/romanian\/wp-json\/wp\/v2\/users\/1"}],"replies":[{"embeddable":true,"href":"https:\/\/www.propiano.org\/romanian\/wp-json\/wp\/v2\/comments?post=6048"}],"version-history":[{"count":21,"href":"https:\/\/www.propiano.org\/romanian\/wp-json\/wp\/v2\/pages\/6048\/revisions"}],"predecessor-version":[{"id":7297,"href":"https:\/\/www.propiano.org\/romanian\/wp-json\/wp\/v2\/pages\/6048\/revisions\/7297"}],"wp:attachment":[{"href":"https:\/\/www.propiano.org\/romanian\/wp-json\/wp\/v2\/media?parent=6048"}],"curies":[{"name":"wp","href":"https:\/\/api.w.org\/{rel}","templated":true}]}}