{"id":5766,"date":"2019-03-10T09:45:56","date_gmt":"2019-03-10T09:45:56","guid":{"rendered":"http:\/\/www.propiano.org\/romanian\/?page_id=5766"},"modified":"2021-05-16T13:09:29","modified_gmt":"2021-05-16T13:09:29","slug":"gradus-ad-parnassum-2019","status":"publish","type":"page","link":"https:\/\/www.propiano.org\/romanian\/gradus-ad-parnassum-2019\/","title":{"rendered":"Gradus ad Parnassum 2021"},"content":{"rendered":"\n<p><\/p>\n\n\n\n<h2 class=\"wp-block-heading\"><strong>PREMIILE  CONCURSULUI \u201eGRADUS ad PARNASSUM &#8211; 2021\u201d<\/strong><\/h2>\n\n\n\n<h3 class=\"has-text-align-center wp-block-heading\"><strong><strong>(Toate premiile)<\/strong><\/strong> <\/h3>\n\n\n\n<h3 class=\"has-text-align-center wp-block-heading\"><strong>DMR( Diploma pentru muzica romanesca)<\/strong><\/h3>\n\n\n\n<p><\/p>\n\n\n\n<div class=\"wp-block-file\"><a href=\"http:\/\/www.propiano.org\/romanian\/wp-content\/uploads\/2021\/05\/Gradus-2021-REZULTATE-FINAL.pdf\"><strong>Gradus-2021-REZULTATE-FINALE<\/strong><\/a><a href=\"http:\/\/www.propiano.org\/romanian\/wp-content\/uploads\/2021\/05\/Gradus-2021-REZULTATE-FINAL.pdf\" class=\"wp-block-file__button\" download>Download<\/a><\/div>\n\n\n\n<p><\/p>\n\n\n\n<p><\/p>\n\n\n\n<h2 class=\"has-text-align-center wp-block-heading\"><strong>GALA  \u201dGRADUS ad PARNASSUM\u201d<\/strong><\/h2>\n\n\n\n<h4 class=\"wp-block-heading\"><strong>Numai Premiile I si Premiile I de Excelenta<\/strong>. <\/h4>\n\n\n\n<div class=\"wp-block-file\"><a href=\"http:\/\/www.propiano.org\/romanian\/wp-content\/uploads\/2021\/05\/Gala-GRADUS-2021-FINAL.pdf\"><strong>Gala-GRADUS-2021-FINAL<\/strong><\/a><a href=\"http:\/\/www.propiano.org\/romanian\/wp-content\/uploads\/2021\/05\/Gala-GRADUS-2021-FINAL.pdf\" class=\"wp-block-file__button\" download>Download<\/a><\/div>\n\n\n\n<p><\/p>\n\n\n\n<p><\/p>\n\n\n\n<p><\/p>\n\n\n\n<p><\/p>\n\n\n\n<p><\/p>\n\n\n\n<p><\/p>\n\n\n\n<p><\/p>\n\n\n\n<p><\/p>\n\n\n\n<p><\/p>\n\n\n\n<p><\/p>\n\n\n\n<p><\/p>\n\n\n\n<p><\/p>\n\n\n\n<div class=\"wp-block-file\"><a href=\"http:\/\/www.propiano.org\/romanian\/wp-content\/uploads\/2021\/04\/2021-R-E-G-U-L-A-M-E-N-T-GRADUS-online.pdf\">2021-R-E-G-U-L-A-M-E-N-T-GRADUS-online<\/a><a href=\"http:\/\/www.propiano.org\/romanian\/wp-content\/uploads\/2021\/04\/2021-R-E-G-U-L-A-M-E-N-T-GRADUS-online.pdf\" class=\"wp-block-file__button\" download>Download<\/a><\/div>\n\n\n\n<p><\/p>\n\n\n\n<div class=\"wp-block-file\"><a href=\"http:\/\/www.propiano.org\/romanian\/wp-content\/uploads\/2021\/04\/Fisa-de-inscriere.pdf\">Fisa-de-inscriere<\/a><a href=\"http:\/\/www.propiano.org\/romanian\/wp-content\/uploads\/2021\/04\/Fisa-de-inscriere.pdf\" class=\"wp-block-file__button\" download>Download<\/a><\/div>\n\n\n\n<p><\/p>\n\n\n\n<p><\/p>\n\n\n\n<div class=\"wp-block-file\"><a href=\"http:\/\/www.propiano.org\/romanian\/wp-content\/uploads\/2021\/04\/Acord-Parental.pdf\">Acord-Parental<\/a><a href=\"http:\/\/www.propiano.org\/romanian\/wp-content\/uploads\/2021\/04\/Acord-Parental.pdf\" class=\"wp-block-file__button\" download>Download<\/a><\/div>\n\n\n\n<p><\/p>\n\n\n\n<p><\/p>\n\n\n\n<p><\/p>\n\n\n\n<p><\/p>\n\n\n\n<figure class=\"wp-block-image size-large\"><a href=\"http:\/\/www.propiano.org\/romanian\/wp-content\/uploads\/2021\/04\/GRADUS_2021_REGULAMENT_11-7.jpg\"><img decoding=\"async\" src=\"http:\/\/www.propiano.org\/romanian\/wp-content\/uploads\/2021\/04\/GRADUS_2021_REGULAMENT_11-7.jpg\" alt=\"\" class=\"wp-image-7541\"\/><\/a><\/figure>\n\n\n\n<p><\/p>\n\n\n\n<p><\/p>\n\n\n\n<p><\/p>\n\n\n\n<p><\/p>\n\n\n\n<p><\/p>\n\n\n\n<p><\/p>\n\n\n\n<p><\/p>\n\n\n\n<p><\/p>\n\n\n\n<p><\/p>\n\n\n\n<p><\/p>\n\n\n\n<p><\/p>\n\n\n\n<p><\/p>\n\n\n\n<p><\/p>\n\n\n\n<p><\/p>\n\n\n\n<p><\/p>\n\n\n\n<p><\/p>\n\n\n\n<p><\/p>\n\n\n\n<p><\/p>\n\n\n\n<p><\/p>\n\n\n\n<p><\/p>\n\n\n\n<p><\/p>\n\n\n\n<p><\/p>\n\n\n\n<p><\/p>\n\n\n\n<p><\/p>\n\n\n\n<p><\/p>\n\n\n\n<p><\/p>\n\n\n\n<p><\/p>\n\n\n\n<p><\/p>\n\n\n\n<p><\/p>\n\n\n\n<p><\/p>\n\n\n\n<p><\/p>\n\n\n\n<p><\/p>\n\n\n\n<p><\/p>\n\n\n\n<p><\/p>\n\n\n\n<p><\/p>\n\n\n\n<p><\/p>\n\n\n\n<p><\/p>\n\n\n\n<p><\/p>\n\n\n\n<p><\/p>\n\n\n\n<p><\/p>\n\n\n\n<p><\/p>\n\n\n\n<p><\/p>\n\n\n\n<p><\/p>\n\n\n\n<p><\/p>\n\n\n\n<p><\/p>\n\n\n\n<p><\/p>\n\n\n\n<p><\/p>\n\n\n\n<p><\/p>\n\n\n\n<p><\/p>\n\n\n\n<p><\/p>\n\n\n\n<p><\/p>\n\n\n\n<p><\/p>\n\n\n\n<p><\/p>\n\n\n\n<p><\/p>\n\n\n\n<p><\/p>\n\n\n\n<p><\/p>\n\n\n\n<p><\/p>\n\n\n\n<p><\/p>\n\n\n\n<p><\/p>\n\n\n\n<p><\/p>\n\n\n\n<p><\/p>\n\n\n\n<p><\/p>\n\n\n\n<h3 class=\"wp-block-heading\">PROGRAMARE SECTIUNEA PIAN 2019<\/h3>\n\n\n\n<h3 class=\"wp-block-heading\"><strong>CONCURS GRADUS AD PARNASSUM 2019  SECTIUNEA PIAN<\/strong><\/h3>\n\n\n\n<p>Colegiul Na\u021bional de Muzic\u0103 ,,George Enescu\u201e \u2013 Sala ,,Ion Voicu\u201d<\/p>\n\n\n\n<h4 class=\"wp-block-heading\"><\/h4>\n\n\n\n<h3 class=\"wp-block-heading\"><strong>Vineri 10 Mai 2019<\/strong><\/h3>\n\n\n\n<p><strong>Clasa a  IX-a  <\/strong>&#8211;    9.00-11.15<br> <strong>PAUZ\u0102 JURIZARE<\/strong>    11.15-11.45<br> <strong>Clasa a X-a<\/strong> &#8211;    11.45-12.45<br> <strong>Clasa<\/strong>  a <strong>XI-a<\/strong> &#8211;  12.45-13.45<br><strong>Clasa a -XII-a &#8211; <\/strong>   13.45-13.55<br> <strong>PAUZ\u0102 JURIZARE \u0218I DECERNARE PREMII CLASELE IX-XII<\/strong>    13.55-15.00<br>  <\/p>\n\n\n\n<p><br><strong>15.00 &#8211; 15,20<\/strong><\/p>\n\n\n\n<p>GEORGESCU CRINA, CLS.A III-A<br> MOISE OCTAVIAN, CLS.A III-A<br> PL\u0102CINT\u0102 PETRE RUT ELISA, CLS.A IV-A<br> TUDOREANU MARIA IOANA, CLS.A IV-A    15.00-15.20<br> <\/p>\n\n\n\n<p><strong>Clasa a V-a<\/strong> &#8211;    15.20-17.55<br> <strong>PAUZ\u0102 JURIZARE<\/strong>     17.55-18.30<br><strong> Clasa a VIII -a<\/strong> &#8211;    18.30-19.15<br> <strong>PAUZ\u0102 JURIZARE <\/strong>   19.15-19.30<\/p>\n\n\n\n<p><\/p>\n\n\n\n<p><\/p>\n\n\n\n<h3 class=\"wp-block-heading\"><strong>S\u00e2mb\u0103t\u0103 11 Mai 2019<\/strong><\/h3>\n\n\n\n<p><strong>Clasa a  IV-a &#8211; <\/strong>    9.00-10.25<br><strong> Clasa a III-a <\/strong>&#8211;     10.25-11.35<br> <strong>PAUZ\u0102 JURIZARE<\/strong>     11.35-12.10<br> <strong>Clasa a II-a <\/strong>&#8211;    12.10-12.55<br><strong>Clasa  I-a  <\/strong>  12.55-13.50<br> <strong>PAUZ\u0102 JURIZARE \u0218I DECERNARE PREMII CLASELE I-IV<\/strong>    13.50-14.50<br><\/p>\n\n\n\n<p><strong>Clasa a VI-a<\/strong> &#8211;     14.50-16.50<br> <strong>PAUZ\u0102 JURIZARE<\/strong>     16.50-17.10<br> <strong>Clasa a VII-a <\/strong>&#8211;    17.10-18.10<br> <strong>PAUZ\u0102 JURIZARE \u0218I DECERNARE PREMII CLASELE V-VIII<\/strong>    18.10-18.40<\/p>\n\n\n\n<p><\/p>\n\n\n\n<hr class=\"wp-block-separator\"\/>\n\n\n\n<p><\/p>\n\n\n\n<p><\/p>\n\n\n\n<p><\/p>\n\n\n\n<p><\/p>\n\n\n\n<p><\/p>\n\n\n\n<p><strong>R E G U L A M E N T- INVITATIE<\/strong><\/p>\n\n\n\n<h4 class=\"wp-block-heading\"><strong><em>CONCURSUL NATIONAL <\/em><\/strong><\/h4>\n\n\n\n<h4 class=\"wp-block-heading\"><strong>DE M U Z I C A&nbsp;&nbsp; DE C A M E R A SI&nbsp; I N T E R P R E T A R E&nbsp;&nbsp; P I A N I S T I C A,<\/strong><\/h4>\n\n\n\n<h3 class=\"wp-block-heading\"><strong>\u201cGRADUS AD PARNASSUM\u201d &#8211; Editia a XII &#8211; a, 11-12 mai 2019<\/strong><\/h3>\n\n\n\n<p><strong>&nbsp;inclus \u00een Calendarul MEN nr.<\/strong><strong>\nnr. 3016\/09.01.2019, anexa 5,\npozi\u021bia 73<\/strong><\/p>\n\n\n\n<p><strong>ART. I <\/strong>Concursul\nse va desf\u0103\u0219ura \u00een perioada 11 &#8211; 12 mai 2019 la Colegiul Na\u021bional de Muzic\u0103\n\u201cGeorge Enescu\u201d din Bucure\u0219ti \u0219i este deschis tuturor elevilor din \u021bar\u0103. <\/p>\n\n\n\n<p><\/p>\n\n\n\n<p><\/p>\n\n\n\n<h4 class=\"wp-block-heading\">\u00cen cadrul sectiunii <strong>A, Muzica de Camera, <\/strong>se \u00eenfiin\u021beaz\u0103 categoria de v\u00e2rst\u0103 dedicat\u0103 <strong>studen\u021biilor \u0219i masteranzilor <\/strong>din \u00eenv\u0103t\u0103m\u00e2ntul superior<strong>.<\/strong><\/h4>\n\n\n\n<p>Acesta va cuprinde 2 sec\u021biuni distincte:<\/p>\n\n\n\n<h3 class=\"wp-block-heading\"><strong>&nbsp;&nbsp;Sec\u021biunea Muzic\u0103 de Camer\u0103<\/strong><\/h3>\n\n\n\n<p>Sec\u021biunea se adreseaz\u0103 forma\u021biilor de 2-10 instrumenti\u0219ti, organiza\u021bi pe\ntrei categorii de v\u00e2rst\u0103, astfel:<\/p>\n\n\n\n<p><strong>Cls.II-VI &nbsp;&nbsp;&nbsp;&nbsp;&nbsp;&nbsp;&nbsp;&nbsp;&nbsp;&nbsp;&nbsp;&nbsp;&nbsp;&nbsp;&nbsp;&nbsp;&nbsp; &nbsp;max.&nbsp;&nbsp; 7\nminute<\/strong><\/p>\n\n\n\n<p><strong>Cls.VII-VIII&nbsp;&nbsp; &nbsp;&nbsp;&nbsp;&nbsp;&nbsp;&nbsp;&nbsp;&nbsp;&nbsp;&nbsp;&nbsp;&nbsp;max. 10 minute<\/strong><\/p>\n\n\n\n<p><strong>Cls.IX-XII&nbsp;&nbsp;&nbsp;&nbsp;&nbsp;&nbsp;&nbsp;&nbsp;&nbsp;&nbsp;&nbsp;&nbsp;&nbsp;&nbsp;&nbsp;&nbsp;&nbsp; max. 20\nminute<\/strong><\/p>\n\n\n\n<p><strong>Studen\u021bi&nbsp;&nbsp;&nbsp;&nbsp;&nbsp;&nbsp;&nbsp;&nbsp;&nbsp;&nbsp;&nbsp;&nbsp;&nbsp;&nbsp;&nbsp;&nbsp;&nbsp; max. 30 minute<\/strong><\/p>\n\n\n\n<p>&nbsp;&nbsp;&nbsp;&nbsp; &nbsp;&nbsp;&nbsp;&nbsp;&nbsp;&nbsp;&nbsp;&nbsp;&nbsp;&nbsp;&nbsp;<strong>&nbsp;Probele sec\u021biunii<\/strong><\/p>\n\n\n\n<p>&#8211; fiecare forma\u021bie cameral\u0103 va interpreta una sau mai multe p\u0103r\u021bi dintr-o\nlucrare din crea\u021bia cameral\u0103 universal\u0103. <\/p>\n\n\n\n<p>Sec\u021biunea se va desf\u0103\u0219ura \u00eentr-o singur\u0103 etap\u0103.&nbsp;&nbsp; <\/p>\n\n\n\n<p>Not\u0103: \u00cen cazul dep\u0103\u0219irii minutajelor de mai sus, comisia \u00ee\u0219i rezerv\u0103 dreptul de a \u00eentrerupe concuren\u021bii.&nbsp; <strong>&nbsp;&nbsp;<\/strong><\/p>\n\n\n\n<p><\/p>\n\n\n\n<h3 class=\"wp-block-heading\"><strong>B. Sec\u021biunea interpretare pianistic\u0103<\/strong><\/h3>\n\n\n\n<p><\/p>\n\n\n\n<p>Concursul de interpretare pianistic\u0103 se va desf\u0103\u0219ura pe <strong>ani de studiu.<\/strong><\/p>\n\n\n\n<h4 class=\"wp-block-heading\"><strong>Program:<\/strong><\/h4>\n\n\n\n<p>&#8211; interpretarea unui studiu (la nivelul maximal al programei anului de\nstudiu);<\/p>\n\n\n\n<p>&#8211; o pies\u0103 la alegerea concurentului.<\/p>\n\n\n\n<p>Not\u0103: \u00cen situa\u021bia \u00een care concuren\u021bii&nbsp;\nopteaz\u0103 pentru sonat\u0103 ca pies\u0103 la alegere, se admit <strong>numai <\/strong>partea I-a<strong> sau<\/strong>\nultima parte de sonat\u0103.<\/p>\n\n\n\n<p>Minutajele acordate:<\/p>\n\n\n\n<p><strong>Cls. I-IV&nbsp;&nbsp;&nbsp; &nbsp;&nbsp;&nbsp;&nbsp;&nbsp;&nbsp;&nbsp;&nbsp;&nbsp;&nbsp;&nbsp;&nbsp;&nbsp;&nbsp;&nbsp;&nbsp;&nbsp;max.&nbsp; 7 minute<\/strong><\/p>\n\n\n\n<p><strong>Cls. V-VIII &nbsp;&nbsp;&nbsp;&nbsp;&nbsp;&nbsp;&nbsp;&nbsp;&nbsp;&nbsp;&nbsp;&nbsp;&nbsp;&nbsp;&nbsp;&nbsp;&nbsp;&nbsp;&nbsp;&nbsp;&nbsp;&nbsp;&nbsp;&nbsp;&nbsp;&nbsp;&nbsp;&nbsp;&nbsp; &nbsp;max.15 minute<\/strong><\/p>\n\n\n\n<p><strong>Cls. IX-XII &nbsp;&nbsp;&nbsp;&nbsp;&nbsp;&nbsp;&nbsp;&nbsp;&nbsp;&nbsp;&nbsp;&nbsp;&nbsp;&nbsp;&nbsp;&nbsp;&nbsp;&nbsp;&nbsp;&nbsp;&nbsp;&nbsp;&nbsp;&nbsp;&nbsp;&nbsp;&nbsp;&nbsp;&nbsp; &nbsp;max.20 minute<\/strong><\/p>\n\n\n\n<p><strong>Op\u021bional, <\/strong>concuren\u021bii pot&nbsp; interpreta \u0219i <strong>a treia<\/strong> <strong>pies\u0103<\/strong>, aleas\u0103\ndin cadrul repertoriului&nbsp; pianistic rom\u00e2nesc.<\/p>\n\n\n\n<p>Not\u0103: \u00cen cazul&nbsp; concuren\u021bilor care\nvor c\u00e2nta \u0219i piesa&nbsp; <strong>op\u021bional\u0103<\/strong>&nbsp; dedicat\u0103\nrepertoriului pianistic rom\u00e2nesc; este permis\u0103 dep\u0103\u0219irea<\/p>\n\n\n\n<p>minutajelor&nbsp; de mai sus, dup\u0103 cum\nurmeaz\u0103:<\/p>\n\n\n\n<p><strong>Cls. I-IV&nbsp;&nbsp;&nbsp;&nbsp;&nbsp;&nbsp;&nbsp;&nbsp;&nbsp;&nbsp;&nbsp;&nbsp;&nbsp;&nbsp;&nbsp;&nbsp;&nbsp;&nbsp; &nbsp;&nbsp;max.10\nminute<\/strong><\/p>\n\n\n\n<p><strong>Cls. V-VIII &nbsp;&nbsp;&nbsp;&nbsp;&nbsp;&nbsp;&nbsp;&nbsp;&nbsp;&nbsp;&nbsp;&nbsp;&nbsp;&nbsp;&nbsp;&nbsp;&nbsp;&nbsp;&nbsp;&nbsp;&nbsp;&nbsp;&nbsp;&nbsp;&nbsp;&nbsp;&nbsp;&nbsp;&nbsp; &nbsp;max.20 minute<\/strong><\/p>\n\n\n\n<p><strong>Cls. IX-XII &nbsp;&nbsp;&nbsp;&nbsp;&nbsp;&nbsp;&nbsp;&nbsp;&nbsp;&nbsp;&nbsp;&nbsp;&nbsp;&nbsp;&nbsp;&nbsp;&nbsp;&nbsp;&nbsp;&nbsp;&nbsp;&nbsp;&nbsp;&nbsp;&nbsp;&nbsp;&nbsp;&nbsp;&nbsp; &nbsp;max.30 minute<\/strong><\/p>\n\n\n\n<p>Sectiunea se va desf\u0103\u0219ura \u00eentr-o singur\u0103 etap\u0103.<\/p>\n\n\n\n<p><\/p>\n\n\n\n<p><\/p>\n\n\n\n<h3 class=\"wp-block-heading\"><strong>ART. II &#8211; PREMII<\/strong><\/h3>\n\n\n\n<p>\u00cen cadrul Sec\u021biunii<strong> A, Muzic\u0103 de\ncamer\u0103<\/strong> vor fi acordate premii I, II \u0219i III.&nbsp;\nDe asemenea, vor fi acordate men\u021biuni. <\/p>\n\n\n\n<p>Va fi acordat <strong><em>Premiul pentru cea mai bun\u0103 forma\u021bie a edi\u021biei<\/em><\/strong>, precum \u0219i&nbsp; <strong>Premiul\nde interpretare&nbsp; a unei piese din crea\u021bia\nrom\u00e2neasc\u0103, <\/strong>care va reveni forma\u021biei cu cea mai bun\u0103 interpretare&nbsp; a unei piese din crea\u021bia compozitorilor\nrom\u00e2ni.<\/p>\n\n\n\n<p>La sec\u021biunea <strong>B, Interpretare\npianistic\u0103<\/strong> vor fi acordate premii I, II \u0219i III pentru fiecare categorie de\nv\u00e2rst\u0103.&nbsp; De asemenea, vor fi acordate\nmen\u021biuni.<\/p>\n\n\n\n<p>Deciziile juriului sunt definitive \u0219i nu pot fi contestate.<\/p>\n\n\n\n<p>Va fi acordat <strong><em>Premiul pentru cel mai bun pianist al<\/em><\/strong><em> <strong>edi\u021biei <\/strong><\/em>(pe cicluri de\n\u00eenv\u0103t\u0103m\u00e2nt).<\/p>\n\n\n\n<p>De asemenea, va fi acordat <strong>Premiul\n\u201cMuzio<\/strong> <strong>Clementi\u201d<\/strong> pentru cea mai\nbun\u0103 interpretare a unui studiu din culegerea Gradus ad Parnassum.<\/p>\n\n\n\n<p><strong>Premiul de interpretare&nbsp; a unei piese din crea\u021bia rom\u00e2neasc\u0103, <\/strong>va reveni concurentului care va prezenta\ncea mai valoroas\u0103 a treia pies\u0103 din programul s\u0103u din concurs, dedicat\u0103 muzicii\nrom\u00e2ne\u0219ti. <\/p>\n\n\n\n<p><strong>ART. III \u2013 JURIUL<\/strong><\/p>\n\n\n\n<p>Juriile vor avea\n\u00een componen\u021ba lor personalit\u0103\u021bi ale vie\u021bii muzicale rom\u00e2ne\u0219ti.<\/p>\n\n\n\n<p><strong>Pre\u0219edintele de onoare al Concursului este\nProfesor Universitar Doctor Constantin Ionescu-Vovu<\/strong><\/p>\n\n\n\n<p><strong>ART. IV <\/strong><\/p>\n\n\n\n<p><strong>Nu se percepe tax\u0103 de participare<\/strong>. Cheltuielile de transport \u0219i cazare\npentru concuren\u021bii din provincie intr\u0103 \u00een sarcina acestora. <strong>Termenul limit\u0103 de \u00eenscriere este 20\naprilie 2019. Respectivul termen nu poate fi dep\u0103\u0219it.<\/strong><\/p>\n\n\n\n<p><strong>\u00censcrierile se vor putea face, prin e-mail,telefonic\nsau direct (vezi adresele \u0219i numerele de telefon &nbsp;de pe verso), prin completarea FI\u0218EI DE\n\u00ceNSCRIERE, de mai jos;<\/strong><\/p>\n\n\n\n<p><strong>&nbsp;<\/strong><\/p>\n\n\n\n<p><\/p>\n\n\n\n<p><\/p>\n\n\n\n<p><\/p>\n\n\n\n<h3 class=\"wp-block-heading\"><strong>FI\u015e\u0102 DE \u00ceNSCRIERE<\/strong><\/h3>\n\n\n\n<p><\/p>\n\n\n\n<p><strong>1. NUME\/Clasa\/Sec\u021biune concurs:<\/strong><strong><\/strong><\/p>\n\n\n\n<p><strong>\u2026\u2026\u2026\u2026\u2026\u2026\u2026\u2026\u2026\u2026\u2026\u2026\u2026\u2026\u2026\u2026\u2026\u2026\u2026\u2026\u2026\u2026\u2026\u2026\u2026<\/strong><\/p>\n\n\n\n<p><strong>2.UNITATEA \u0218COLAR\u0102:\u2026\u2026\u2026\u2026\u2026\u2026\u2026\u2026\u2026\u2026\u2026\u2026\u2026\u2026\u2026\u2026\u2026\u2026\u2026<\/strong><\/p>\n\n\n\n<p><strong>&nbsp;&nbsp;&nbsp;&nbsp;&nbsp;&nbsp; Localitatea:\u2026\u2026\u2026\u2026\u2026\u2026\u2026\u2026\u2026\u2026\u2026\u2026\u2026\u2026\u2026\u2026<\/strong><\/p>\n\n\n\n<p><strong>&nbsp;&nbsp;&nbsp;&nbsp;&nbsp;&nbsp;\nProfesor:\u2026\u2026\u2026\u2026\u2026\u2026\u2026\u2026\u2026\u2026\u2026\u2026\u2026\u2026\u2026\u2026\u2026.<\/strong><\/p>\n\n\n\n<p><strong>3.REPERTORIU:<\/strong><\/p>\n\n\n\n<ul class=\"wp-block-list\"><li><strong>Studiu:\u2026\u2026\u2026\u2026\u2026\u2026\u2026\u2026\u2026\u2026\u2026\u2026Minutaj\u2026..<\/strong><\/li><li><strong>Piesa I:\u2026\u2026\u2026\u2026\u2026\u2026\u2026\u2026\u2026\u2026\u2026\u2026Minutaj\u2026..<\/strong><\/li><li><strong>Piesa II:\u2026\u2026\u2026\u2026\u2026\u2026\u2026\u2026\u2026\u2026\u2026..Minutaj\u2026..<\/strong><\/li><li><strong>Piesa<\/strong>\n     <strong>III\u2026\u2026\u2026\u2026\u2026\u2026\u2026\u2026\u2026\u2026\u2026\u2026Minutaj\u2026.<\/strong><\/li><\/ul>\n\n\n\n<p><strong>4. TELEFON:\u2026\u2026\u2026\u2026\u2026\u2026\u2026\u2026\u2026\u2026\u2026\u2026\u2026\u2026\u2026\u2026\u2026\u2026\u2026.<\/strong><\/p>\n\n\n\n<p><strong>5. ADRES<\/strong><strong>\u0102 E-<\/strong><strong>MAIL:&#8230;&#8230;&#8230;&#8230;&#8230;&#8230;&#8230;&#8230;&#8230;&#8230;&#8230;&#8230;&#8230;..<\/strong><\/p>\n\n\n\n<p>&nbsp;&nbsp;&nbsp;&nbsp;&nbsp;&nbsp;&nbsp;&nbsp;&nbsp;&nbsp;&nbsp;&nbsp;&nbsp;&nbsp;&nbsp; &nbsp;&nbsp;&nbsp;<\/p>\n\n\n\n<p><\/p>\n\n\n\n<p><\/p>\n\n\n\n<p><\/p>\n\n\n\n<h3 class=\"wp-block-heading\"><strong>MEMBRII JURIULUI MUZIC\u0102 DE CAMER\u0102&nbsp;&nbsp;&nbsp; <\/strong><\/h3>\n\n\n\n<p>&#8211; prof. Dr.<strong>Raluca Stratulat,\n<\/strong>\u0219efcatedr\u0103 muzic\u0103 de camer\u0103, <\/p>\n\n\n\n<p>&nbsp;Colegiul Na\u021bional de\nMuzic\u0103 \u201cGeorge Enescu\u201d Bucure\u0219ti;<\/p>\n\n\n\n<p>&#8211; prof. met. <strong>Ani-Marie Paladi<\/strong>, \u0218coala Gimnazial\u0103 de\nArte<\/p>\n\n\n\n<p>&nbsp;nr. 1 \u201cIosif Sava\u201d Bucure\u0219ti;<\/p>\n\n\n\n<p>&#8211; prof. met. Drd.\n<strong>Andreea \u021aimira\u0219<\/strong>, Colegiul Na\u021bional de\nMuzic\u0103 \u201cDinu Lipatti\u201d Bucure\u0219ti;<\/p>\n\n\n\n<p>&#8211; compozitor <strong>Laura\nAna M\u00e2nzat<\/strong>, realizator la Radio Rom\u00e2nia Muzical.<\/p>\n\n\n\n<p><strong>&nbsp;&nbsp;&nbsp;&nbsp;&nbsp;&nbsp;&nbsp;&nbsp;&nbsp;&nbsp;&nbsp;&nbsp;&nbsp;&nbsp;&nbsp;&nbsp;&nbsp;&nbsp;&nbsp;&nbsp;&nbsp;&nbsp;&nbsp;&nbsp;&nbsp;&nbsp;&nbsp; <\/strong><\/p>\n\n\n\n<p><\/p>\n\n\n\n<h3 class=\"wp-block-heading\"><strong>MEMBRII JURIULUI PIAN<\/strong><\/h3>\n\n\n\n<p>&#8211; prof. met. <strong>Gabriela Gogoncea<\/strong>, Liceul de Muzic\u0103 \u201cDimitrie\nCuclin\u201d Gala\u021bi;<\/p>\n\n\n\n<p>-Prof.met.<strong> Diana P\u00e2rvu, <\/strong>\u0219ef catedr\u0103 pian\nprincipal, Colegiul Na\u021bional de de Arte \u201cDinu Lipatti\u201d, Bucure\u0219ti <\/p>\n\n\n\n<p>-prof. met. <strong>Carmen \u0218OLTUZ<\/strong>, Colegiul National de Muzic\u0103\u201dOctav\nB\u0103ncil\u0103\u201d Ia\u0219i <\/p>\n\n\n\n<p>-prof. <strong>Stela Avesalon,\n<\/strong>pre\u0219edinta Funda\u021biei\nCulturale <strong>\u201cPRO PIANO-ROM\u00c2NIA\u201d;<\/strong><\/p>\n\n\n\n<p>-prof. met. <strong>Mihaela Zamfirescu,\n<\/strong>\u0219ef catedr\u0103 pian principal Colegiul Na\u021bional de Muzic\u0103 \u201cGeorge Enescu\u201d\nBucure\u0219ti;<\/p>\n\n\n\n<p>-prof. <strong>Viorica Nistoroiu<\/strong>\nColegiul Na\u021bional de Muzic\u0103 \u201cGeorge Enescu\u201d Bucure\u0219ti.&nbsp; <\/p>\n\n\n\n<p><strong>Pre\u0219edinte de onoare al concursului: Profesor\nUniversitar Doctor Constantin Ionescu-Vovu.<\/strong><\/p>\n\n\n\n<p><strong>Director coordonator al concursului: Profesor Doctor<\/strong> <strong>Cristina\nAna-Maria Sebastian &#8211; Directorul Colegiului de Muzic\u0103 \u201dGeorge Enescu<\/strong>\u201d.<\/p>\n\n\n\n<p><strong>Pre\u0219edintele concursului: Inspector I.S.M.B Profesor\nDoctor<\/strong> <strong>Georgeta B\u0103cioiu.<\/strong><\/p>\n\n\n\n<h4 class=\"wp-block-heading\"><strong>Pre\u0219edintele juriului\nPian: Profesor Universitar Doctor &nbsp;Vlad Dimulescu\n&#8211; \u0219ef catedr\u0103 pian principal U.N.M.B.<\/strong><\/h4>\n\n\n\n<h4 class=\"wp-block-heading\"><strong>Pre\u0219edintele juriului\nMuzic\u0103 de Camer\u0103: prof. Raluca Stratulat &#8211; \u0219ef catedr\u0103 muzic\u0103 de camer\u0103, Colegiul\n&nbsp;de Muzic\u0103 \u201dGeorge Enescu<\/strong>\u201d.<\/h4>\n\n\n\n<h4 class=\"wp-block-heading\"><strong>Directorul artistic al concursului: prof.<\/strong> <strong>Andrei\nPodlacha<\/strong><\/h4>\n\n\n\n<h3 class=\"wp-block-heading\"><\/h3>\n\n\n\n<p><strong>Secretariatul concursului<\/strong><\/p>\n\n\n\n<p><strong>1. prof.Dr.Raluca Stratulat, sec\u021biunea A<\/strong><\/p>\n\n\n\n<p><strong>2. prof.met. Cristina Ralea, sec\u021biunea B<\/strong><\/p>\n\n\n\n<p><strong>\u00censcrierile pentru sec\u021biunea A, muzic\u0103 de camer\u0103<\/strong><\/p>\n\n\n\n<p><strong>Prof. Raluca Stratulat<\/strong><\/p>\n\n\n\n<p>e-mail<strong> rstratulat@hotmail.com<\/strong><\/p>\n\n\n\n<p><strong>tel.0721 208 698<\/strong><\/p>\n\n\n\n<p><strong>\u00censcrierile pentru sec\u021biunea B, pian<\/strong><\/p>\n\n\n\n<p><strong>prof.met. Cristina Ralea,<\/strong><\/p>\n\n\n\n<p><strong>e-mail cristinadoctor@yahoo.com<\/strong><\/p>\n\n\n\n<p><strong>tel.0745 328 190<\/strong><\/p>\n\n\n\n<p><strong>prof. Andrei Podlacha<\/strong><\/p>\n\n\n\n<p><strong>e-mail <a href=\"mailto:apodlacha@yahoo.com\">apodlacha@yahoo.com<\/a><\/strong><\/p>\n\n\n\n<p><strong>tel.0721 438 861<\/strong><\/p>\n","protected":false},"excerpt":{"rendered":"<p>PREMIILE CONCURSULUI \u201eGRADUS ad PARNASSUM &#8211; 2021\u201d (Toate premiile) DMR( Diploma pentru muzica romanesca) GALA \u201dGRADUS ad PARNASSUM\u201d Numai Premiile I si Premiile I de Excelenta. PROGRAMARE SECTIUNEA PIAN 2019 CONCURS GRADUS AD PARNASSUM 2019 SECTIUNEA PIAN Colegiul Na\u021bional de Muzic\u0103 ,,George Enescu\u201e \u2013 Sala ,,Ion Voicu\u201d Vineri 10 Mai 2019 Clasa a IX-a &#8211; [&hellip;]<\/p>\n","protected":false},"author":1,"featured_media":0,"parent":0,"menu_order":0,"comment_status":"closed","ping_status":"closed","template":"","meta":{"footnotes":""},"class_list":["post-5766","page","type-page","status-publish","hentry"],"_links":{"self":[{"href":"https:\/\/www.propiano.org\/romanian\/wp-json\/wp\/v2\/pages\/5766","targetHints":{"allow":["GET"]}}],"collection":[{"href":"https:\/\/www.propiano.org\/romanian\/wp-json\/wp\/v2\/pages"}],"about":[{"href":"https:\/\/www.propiano.org\/romanian\/wp-json\/wp\/v2\/types\/page"}],"author":[{"embeddable":true,"href":"https:\/\/www.propiano.org\/romanian\/wp-json\/wp\/v2\/users\/1"}],"replies":[{"embeddable":true,"href":"https:\/\/www.propiano.org\/romanian\/wp-json\/wp\/v2\/comments?post=5766"}],"version-history":[{"count":19,"href":"https:\/\/www.propiano.org\/romanian\/wp-json\/wp\/v2\/pages\/5766\/revisions"}],"predecessor-version":[{"id":7667,"href":"https:\/\/www.propiano.org\/romanian\/wp-json\/wp\/v2\/pages\/5766\/revisions\/7667"}],"wp:attachment":[{"href":"https:\/\/www.propiano.org\/romanian\/wp-json\/wp\/v2\/media?parent=5766"}],"curies":[{"name":"wp","href":"https:\/\/api.w.org\/{rel}","templated":true}]}}