{"id":572,"date":"2011-08-31T08:54:11","date_gmt":"2011-08-31T08:54:11","guid":{"rendered":"http:\/\/www.propiano.org\/romanian\/?page_id=572"},"modified":"2012-02-17T16:24:09","modified_gmt":"2012-02-17T16:24:09","slug":"premii-pian-2006","status":"publish","type":"page","link":"https:\/\/www.propiano.org\/romanian\/premii-pian-2006\/","title":{"rendered":"Premii Pian 2006"},"content":{"rendered":"<h3 align=\"center\"><strong>Premiile Concursului Interna\u0163ional<\/strong><\/h3>\n<h3 align=\"center\"><strong>\u201ePRO PIANO-ROM\u00c2NIA\u201d &#8211; <\/strong><strong>edi\u0163ia a X -a \u2013 2006<\/strong><\/h3>\n<p>&nbsp;<\/p>\n<p><strong>A1(1999)<\/strong><\/p>\n<p>I &#8211; Mo\u015fanu Sabina<\/p>\n<p>&nbsp;<\/p>\n<p><strong>A2(1998)<\/strong><\/p>\n<p>V &#8211; Constantinescu Horia<\/p>\n<p>&#8211; L\u0103c\u0103tu\u015f Mara Diana<\/p>\n<p>&#8211; Stoica Leonard C\u0103t\u0103lin<\/p>\n<p>&#8211; Lamb\u0103 Eduard Alexandru<\/p>\n<p>IV &#8211; Alexandru Alina<\/p>\n<p>III &#8211; Petrescu\u00a0Bianca<\/p>\n<p>&#8211; T\u0103nase Ioana Ana Maria<\/p>\n<p>II &#8211; Urian Maria<\/p>\n<p>&#8211; Zmeu Vladislav<\/p>\n<p>&#8211; Nicolescu Miruna Cristiana<\/p>\n<p>I de Excelen\u0163\u0103 &#8211; Ursu Melisa<\/p>\n<p>&nbsp;<\/p>\n<p><strong>A3(1997)<\/strong><\/p>\n<p>V &#8211; <strong>\u00a0<\/strong>Mihai Andrei\u00a0 Patrik<\/p>\n<p>&#8211; Pistol Ana Maria<\/p>\n<p>IV &#8211; \u00a0Vod\u0103 Ileana<\/p>\n<p>III &#8211; Pascu Ana\u00a0\u00a0 Iarina<\/p>\n<p>II &#8211; \u00a0Bujor\u00a0Magdalena<\/p>\n<p>I \u00a0&#8211; Caloianu\u00a0Mihai<\/p>\n<p>&#8211; Popa Ioana<\/p>\n<p>&#8211; S\u0103lcianu M\u0103d\u0103lin<\/p>\n<p>&nbsp;<\/p>\n<p><strong>A4(1996)<\/strong><\/p>\n<p>IV &#8211; Sibiescu Cora Geanina<\/p>\n<p>III &#8211; Bordeanu C\u0103t\u0103lina Andreea<\/p>\n<p>&#8211; M\u0103ciuc\u0103 Andra Maria<\/p>\n<p>&#8211; Sab\u0103u Adelina<\/p>\n<p>&#8211; Chiri\u0163\u0103 Adriana<\/p>\n<p>I &#8211; Chi\u015f Diana Teodora<\/p>\n<p>&#8211; Gavril\u0103 Antonio<\/p>\n<p>&#8211; Marcu Antonio<\/p>\n<p>&nbsp;<\/p>\n<p><strong>B1(1995)<\/strong><\/p>\n<p>III &#8211; S\u00eerbu Alexandra Elena<\/p>\n<p>II &#8211; Andriescu Gabriela<\/p>\n<p>&#8211; Ghi\u0163\u0103 Horia<\/p>\n<p>I de Excelen\u0163\u0103 &#8211; Cibotaru Angelica<\/p>\n<p>&nbsp;<\/p>\n<p><strong>B2( 1994)<\/strong><\/p>\n<p>III &#8211; Iosif Lidia Nicoleta<\/p>\n<p>II &#8211; Popescu Lucia Ploie\u015fti,<\/p>\n<p>&#8211; R\u0103dulescu Irina Gabriela<\/p>\n<p>I &#8211; Chiri\u0163\u0103 Mihai<\/p>\n<p>&nbsp;<\/p>\n<p><strong>B3 1993<\/strong><\/p>\n<p>III &#8211; Grigore Georgiana<\/p>\n<p>II &#8211; Ochescu Iulian<\/p>\n<p>-\u015etefan Ingrid<\/p>\n<p>I &#8211; Laz\u0103r Marcel<\/p>\n<p>&nbsp;<\/p>\n<p><strong>B4(1992)<\/strong><\/p>\n<p>III &#8211; Chirac Mircea<\/p>\n<p>I &#8211; Mih\u0103escu Alexandra Diana<\/p>\n<p>&#8211; S\u00eent\u0103marian Maria<\/p>\n<p>I de Excelen\u0163\u0103 \u2013 Zaporoje\u0163 Iulia<\/p>\n<p>&nbsp;<\/p>\n<p><strong>B6(1990)<\/strong><strong><\/strong><\/p>\n<p>II &#8211; D\u0103nil\u0103 M\u0103d\u0103lina<\/p>\n<p>&#8211; Grecu Mariana Denisa<\/p>\n<p>I &#8211; Beldim\u0103nescu Mina Maria<\/p>\n<p><strong>\u00a0<\/strong><\/p>\n<p><strong>B7(1989)<\/strong><\/p>\n<p>III &#8211; Georgescu Marius<\/p>\n<p>II &#8211; Popescu Elena Alexandra<\/p>\n<p>I &#8211; \u015eapcaliu Alice<\/p>\n<p>&nbsp;<\/p>\n<p><strong>B8(1988, 1987)<\/strong><\/p>\n<p>III &#8211; B\u0103doi Daniel<\/p>\n<p>II &#8211; Ionescu Ioana Cristina<\/p>\n<p>&#8211; Zervu Silvia<\/p>\n<p>I &#8211; M\u0103rginean Dan<\/p>\n<p>&nbsp;<\/p>\n<p><strong>C(1976 \u2013 1986)<\/strong><\/p>\n<p>II \u2013 Cri\u015fu Ioana<\/p>\n<p>&#8211; Indric\u0103u Emanoela Maria<\/p>\n<p>I \u00a0\u2013 M\u0103i Antal Marc Antoniu<\/p>\n<p><strong>\u00a0<\/strong><\/p>\n<p><strong>CATEGORIA D (4 m\u00e2ini)<\/strong><\/p>\n<p>II &#8211; Popescu Ion si Popescu \u015etefan<\/p>\n<p>I &#8211; C\u00eempeanu Diana si Chiri\u0163\u0103 Adriana<\/p>\n<p>I de Excelen\u0163\u0103 &#8211; Kovalova Maria si Zaporojets Iulia<\/p>\n","protected":false},"excerpt":{"rendered":"<p>Premiile Concursului Interna\u0163ional \u201ePRO PIANO-ROM\u00c2NIA\u201d &#8211; edi\u0163ia a X -a \u2013 2006 &nbsp; A1(1999) I &#8211; Mo\u015fanu Sabina &nbsp; A2(1998) V &#8211; Constantinescu Horia &#8211; L\u0103c\u0103tu\u015f Mara Diana &#8211; Stoica Leonard C\u0103t\u0103lin &#8211; Lamb\u0103 Eduard Alexandru IV &#8211; Alexandru Alina III &#8211; Petrescu\u00a0Bianca &#8211; T\u0103nase Ioana Ana Maria II &#8211; Urian Maria &#8211; Zmeu Vladislav [&hellip;]<\/p>\n","protected":false},"author":1,"featured_media":0,"parent":0,"menu_order":0,"comment_status":"open","ping_status":"open","template":"","meta":{"footnotes":""},"class_list":["post-572","page","type-page","status-publish","hentry"],"_links":{"self":[{"href":"https:\/\/www.propiano.org\/romanian\/wp-json\/wp\/v2\/pages\/572","targetHints":{"allow":["GET"]}}],"collection":[{"href":"https:\/\/www.propiano.org\/romanian\/wp-json\/wp\/v2\/pages"}],"about":[{"href":"https:\/\/www.propiano.org\/romanian\/wp-json\/wp\/v2\/types\/page"}],"author":[{"embeddable":true,"href":"https:\/\/www.propiano.org\/romanian\/wp-json\/wp\/v2\/users\/1"}],"replies":[{"embeddable":true,"href":"https:\/\/www.propiano.org\/romanian\/wp-json\/wp\/v2\/comments?post=572"}],"version-history":[{"count":18,"href":"https:\/\/www.propiano.org\/romanian\/wp-json\/wp\/v2\/pages\/572\/revisions"}],"predecessor-version":[{"id":3869,"href":"https:\/\/www.propiano.org\/romanian\/wp-json\/wp\/v2\/pages\/572\/revisions\/3869"}],"wp:attachment":[{"href":"https:\/\/www.propiano.org\/romanian\/wp-json\/wp\/v2\/media?parent=572"}],"curies":[{"name":"wp","href":"https:\/\/api.w.org\/{rel}","templated":true}]}}