{"id":560,"date":"2011-08-31T08:28:45","date_gmt":"2011-08-31T08:28:45","guid":{"rendered":"http:\/\/www.propiano.org\/romanian\/?page_id=560"},"modified":"2016-05-10T09:11:54","modified_gmt":"2016-05-10T09:11:54","slug":"premii-pian-2008","status":"publish","type":"page","link":"https:\/\/www.propiano.org\/romanian\/premii-pian-2008\/","title":{"rendered":"Premii Pian 2008"},"content":{"rendered":"<h3 align=\"center\"><strong>Premiile Concursului Interna<\/strong><strong>\u0163ional <\/strong><\/h3>\n<h3 align=\"center\"><strong>&#8220;PRO PIANO-ROM\u00c2NIA&#8221; &#8211; e<\/strong><strong>di\u0163ia a XII a &#8211;\u00a0<\/strong><strong>2008<\/strong><\/h3>\n<p>&nbsp;<\/p>\n<p style=\"text-align: center;\"><strong>Marele Premiu &#8211;<span style=\"color: #333333;\">\u00a0<a title=\"http:\/\/www.propiano.org\/romanian\/kana-kashihara\/\" href=\"http:\/\/www.propiano.org\/romanian\/kana-kashihara\/\"><span style=\"color: #333333;\">Kana Kashihara <\/span><\/a><\/span>(Budapesta, Ungaria)<\/strong><\/p>\n<p>&nbsp;<\/p>\n<p><strong>A0 (2002)<\/strong><\/p>\n<p>I \u00a0 Horia Hondrea (Bucure\u015fti)<\/p>\n<p>&nbsp;<\/p>\n<p><strong>A1 (2001)<\/strong><\/p>\n<p>III \u00a0 \u00a0Andreea Bianca Dumitru (Constan\u0163a)<\/p>\n<p>II \u00a0 C\u0103lin Brian Constantinescu (Bucure\u015fti)<\/p>\n<p>I \u00a0 \u00a0Maximilian Banu (Constan\u0163a)<\/p>\n<p>&#8211; Tolea \u015etefan (Bucure\u015fti)<\/p>\n<p>&nbsp;<\/p>\n<p><strong>A2 \u00a0(2000)<\/strong><\/p>\n<p>IV \u00a0 \u00a0Ilie Alexandra Parschivoiu (Bucure\u015fti)<\/p>\n<p>&#8211; Andreea V\u00eej\u0103 (Bucure\u015fti)<\/p>\n<p>III \u00a0 Andru Angheliu (Bucure\u015fti)<\/p>\n<p>&#8211; Yasenia \u015eahin (Bucure\u015fti)<\/p>\n<p>II \u00a0 Andra Borz \u00a0(Cluj-Napoca)<\/p>\n<p>&#8211; Monica L\u0103c\u0103tu\u015f \u00a0(Gala\u0163i)<\/p>\n<p>&#8211; Diana Mariana Negreanu (Bucure\u015fti)<\/p>\n<p>&#8211; Cristian \u015etefan (Bucure\u015fti)<\/p>\n<p>&#8211; Florin Turcitu (Bucure\u015fti)<\/p>\n<p>I \u00a0 Cristiana Achim (Bucure\u015fti)<\/p>\n<p>&#8211; Moni\u0163a Larisa (Petro\u015fani)<\/p>\n<p>I de Excelenta &#8211;\u00a0 Elena Rusu (Bra\u015fov)<\/p>\n<p>&nbsp;<\/p>\n<p><strong>A3 (1999)<\/strong><\/p>\n<p>V \u00a0 Andreea Cicireag\u0103 Moisescu \u00a0(Bucure\u015fti)<\/p>\n<p>&#8211; Gabriel \u015eandru (Bucure\u015fti)<\/p>\n<p>IV \u00a0 Bianca Patricia Anica (R\u00e2mnicu-V\u00e2lcea)<\/p>\n<p>&#8211; Luca Rusu (Bucure\u015fti)<\/p>\n<p>III \u00a0 Vicenzo Deacu (Constan\u0163a)<\/p>\n<p>&#8211; Nil Mladin (Bucure\u015fti)<\/p>\n<p>II \u00a0 \u00a0 Emilian Gabriel M\u0103nica (Bucure\u015fti)<\/p>\n<p>&#8211;\u00a0\u00a0Vasiana S\u0103l\u0103jan (Cluj-Napoca)<\/p>\n<p>I \u00a0 \u00a0 \u00a0Theodor Dumitru \u00a0(Constan\u0163a)<\/p>\n<p>I de Excelenta &#8211;\u00a0 Adelina Ganswind \u00a0(Kazan, Rusia)<\/p>\n<p>&nbsp;<\/p>\n<p><strong>A4 (1998)<\/strong><\/p>\n<p>V \u00a0 \u00a0Sorana Lehene (Cluj-Napoca)<\/p>\n<p>&#8211; Ilinca Priboi (Bucure\u015fti)<\/p>\n<p>&#8211; Ioana Adriana Zavelea (Constan\u0163a)<\/p>\n<p>IV \u00a0 \u00a0Mihaela Cristina Filip (Bucure\u015fti)<\/p>\n<p>&#8211; Andrei Petrache \u00a0(Bucure\u015fti)<\/p>\n<p>&#8211; Carina U\u0163\u0103 \u00a0(Piatra Neam\u0163)<\/p>\n<p>III \u00a0 Alina Alexandru (Bucure\u015fti)<\/p>\n<p>&#8211; Emmy Constantin Dumitru (Piatra Neam\u0163)<\/p>\n<p>&#8211; Marian Andrei Marinescu (Bucuresti)<\/p>\n<p>&#8211; Bianca Petrescu \u00a0(Buz\u0103u)<\/p>\n<p>II \u00a0Emilia Borz (Cluj-Napoca)<\/p>\n<p>I \u00a0Dina Mansurova (Kazan, Rusia)<\/p>\n<p>&#8211; Bertha S\u0103tnoianu (Buz\u0103u)<\/p>\n<p>&#8211; Ioana T\u0103nase (Bucure\u015fti)<\/p>\n<p>&#8211; Maria Urian \u00a0(Cluj-Napoca)<\/p>\n<p>I de Excelenta\u00a0\u00a0\u00a0Livia \u015etirbu (Chi\u015fin\u0103u,\u00a0Rep. Moldova)<\/p>\n<p>&nbsp;<\/p>\n<p><strong>D (4 maini)<\/strong><\/p>\n<p>II \u00a0 \u00a0Mladin Nil si Mladin Nicon &#8211; Bucure\u0219ti, Rom\u00e2nia<\/p>\n<p>I \u00a0 \u00a0 Chiri\u0163\u0103 Adriana \u015fi T\u0103nase Ioana\u00a0&#8211; Bucure\u0219ti, Rom\u00e2nia<\/p>\n<p>&#8211; Prager Clara \u0219i\u00a0 G\u00e2rbea Cristina\u00a0&#8211; Bucure\u0219ti, Rom\u00e2nia<\/p>\n<p>&nbsp;<\/p>\n<p><strong>B1 (1997)<\/strong><\/p>\n<p>V \u00a0 \u00a0Diana Stoica \u00a0(C\u00e2mpulung)<\/p>\n<p>IV \u00a0Anca Nicoleta Bu\u015fecan (Baia Mare)<\/p>\n<p>&#8211; Mihail Caloianu (Bac\u0103u)<\/p>\n<p>III \u00a0 \u00a0R\u0103zvan Palii (Bucure\u015fti)<\/p>\n<p>II \u00a0 \u00a0Ana Grosu \u00a0(Bucure\u015fti)<\/p>\n<p>&#8211; Ioana Popa ( Bucure\u015fti)<\/p>\n<p>I \u00a0 \u00a0 Cadmiel Bo\u0163ac (Sighetu Marma\u0163iei)<\/p>\n<p>&#8211; Marina Bratu \u00a0(T\u00e2rgovi\u015fte)<\/p>\n<p>&nbsp;<\/p>\n<p><strong>B2 (1996)<\/strong><\/p>\n<p>III \u00a0 \u00a0 Vlad Blejan (Tulcea)<\/p>\n<p>IV \u00a0 \u00a0Mgdalena Buliba\u015fa (Bucure\u015fti)<\/p>\n<p>&#8211; Diana C\u00e2mpeanu (Bucure\u015fti)<\/p>\n<p>II \u00a0 \u00a0Adriana Chiri\u0163\u0103 (Bucure\u015fti)<\/p>\n<p>&#8211; Antonio Gavril\u0103 (Bucure\u015fti)<\/p>\n<p>&#8211; Antonio Marcu (Bucure\u015fti)<\/p>\n<p>I \u00a0 \u00a0Giulia Gaga \u00a0(Bucure\u015fti)<\/p>\n<p>&#8211; Elena Miruna Panaite \u00a0(Piatra Neam\u0163)<\/p>\n<p>I de Excelenta &#8211;\u00a0Ioana Volumnia Di\u0163u (Baia Mare)<\/p>\n<p>&nbsp;<\/p>\n<p><strong>B3 (1995)<\/strong><\/p>\n<p>V \u00a0 \u00a0Beatrix Kovaci ( Baia Mare)<\/p>\n<p>&#8211; Iulia Maria Simion ( Pite\u015fti)<\/p>\n<p>IV \u00a0 Anaromana S\u0103l\u0103jan (Cluj-Napoca)<\/p>\n<p>II \u00a0 M\u0103d\u0103lina Frunz\u0103 (Piatra Neam\u0163)<\/p>\n<p>&#8211; Mangirdas Janusaitis (Kaunas, Lituania)<\/p>\n<p>I \u00a0 \u00a0Nodira Dadamukhamedova (Tashkent, Uzbekistan)<\/p>\n<p>&nbsp;<\/p>\n<p><strong>B4 (1994)<\/strong><\/p>\n<p>III \u00a0 Maria Orzet ( Cracovia, Polonia)<\/p>\n<p>I \u00a0 \u00a0 Tamara Akbarova (Tashkent, Uzbekistan)<\/p>\n<p>&#8211; Maria Diana Petrache (Bucure\u015fti)<\/p>\n<p>&nbsp;<\/p>\n<p><strong>B5 (1993)<\/strong><\/p>\n<p>III \u00a0 \u00a0Roxana Androne (Bucure\u015fti)<\/p>\n<p>&#8211; Georgiana Grigore \u00a0(Bucure\u015fti)<\/p>\n<p>I \u00a0 \u00a0 \u00a0Georgiana Pletea<\/p>\n<p>&nbsp;<\/p>\n<p><strong>B6 (1992)<\/strong><\/p>\n<p>IV \u00a0 \u00a0Giana Maria Rizea (Pite\u015fti)<\/p>\n<p>I \u00a0 \u00a0Alexandra Mih\u0103escu (Bucure\u015fti)<\/p>\n<p>&#8211; Maria S\u00e2nt\u0103marian (Cluj-Napoca)<\/p>\n<p>&nbsp;<\/p>\n<p><strong>B7 (1991)<\/strong><\/p>\n<p>II \u00a0 \u00a0Vasile Daniel Dasc\u0103lu (Bucure\u015fti)<\/p>\n<p>&#8211; Maria Cristina Pletea (Bucure\u015fti)<\/p>\n<p>I \u00a0 \u00a0 Miriam Lucia Marinescu (Cluj-Napoca)<\/p>\n<p>&nbsp;<\/p>\n<p><strong>B8 (1990)<\/strong><\/p>\n<p>II \u00a0 \u00a0Raluca Ioana Irimia (Cluj-Napoca)<\/p>\n<p>&#8211; Peter Mazalik (Cluj-Napoca)<\/p>\n<p>I \u00a0 \u00a0 \u00a0Zarina Agaeva (Tashkent, Uzbekistan)<\/p>\n<p>&#8211; M\u0103d\u0103lina Claudia D\u0103nil\u0103 &#8211; Br\u0103ila<\/p>\n","protected":false},"excerpt":{"rendered":"<p>Premiile Concursului Interna\u0163ional &#8220;PRO PIANO-ROM\u00c2NIA&#8221; &#8211; edi\u0163ia a XII a &#8211;\u00a02008 &nbsp; Marele Premiu &#8211;\u00a0Kana Kashihara (Budapesta, Ungaria) &nbsp; A0 (2002) I \u00a0 Horia Hondrea (Bucure\u015fti) &nbsp; A1 (2001) III \u00a0 \u00a0Andreea Bianca Dumitru (Constan\u0163a) II \u00a0 C\u0103lin Brian Constantinescu (Bucure\u015fti) I \u00a0 \u00a0Maximilian Banu (Constan\u0163a) &#8211; Tolea \u015etefan (Bucure\u015fti) &nbsp; A2 \u00a0(2000) IV \u00a0 [&hellip;]<\/p>\n","protected":false},"author":1,"featured_media":0,"parent":0,"menu_order":0,"comment_status":"open","ping_status":"open","template":"","meta":{"footnotes":""},"class_list":["post-560","page","type-page","status-publish","hentry"],"_links":{"self":[{"href":"https:\/\/www.propiano.org\/romanian\/wp-json\/wp\/v2\/pages\/560","targetHints":{"allow":["GET"]}}],"collection":[{"href":"https:\/\/www.propiano.org\/romanian\/wp-json\/wp\/v2\/pages"}],"about":[{"href":"https:\/\/www.propiano.org\/romanian\/wp-json\/wp\/v2\/types\/page"}],"author":[{"embeddable":true,"href":"https:\/\/www.propiano.org\/romanian\/wp-json\/wp\/v2\/users\/1"}],"replies":[{"embeddable":true,"href":"https:\/\/www.propiano.org\/romanian\/wp-json\/wp\/v2\/comments?post=560"}],"version-history":[{"count":16,"href":"https:\/\/www.propiano.org\/romanian\/wp-json\/wp\/v2\/pages\/560\/revisions"}],"predecessor-version":[{"id":3871,"href":"https:\/\/www.propiano.org\/romanian\/wp-json\/wp\/v2\/pages\/560\/revisions\/3871"}],"wp:attachment":[{"href":"https:\/\/www.propiano.org\/romanian\/wp-json\/wp\/v2\/media?parent=560"}],"curies":[{"name":"wp","href":"https:\/\/api.w.org\/{rel}","templated":true}]}}