{"id":555,"date":"2011-08-31T08:26:11","date_gmt":"2011-08-31T08:26:11","guid":{"rendered":"http:\/\/www.propiano.org\/romanian\/?page_id=555"},"modified":"2012-01-31T16:27:57","modified_gmt":"2012-01-31T16:27:57","slug":"premii-pian-2009","status":"publish","type":"page","link":"https:\/\/www.propiano.org\/romanian\/premii-pian-2009\/","title":{"rendered":"Premii Pian 2009"},"content":{"rendered":"<h3 align=\"center\"><strong>Premiile Concursului Interna\u0163ional de Interpretare\u00a0<\/strong><\/h3>\n<h3 align=\"center\"><strong>\u201ePRO PIANO-ROM\u00c2NIA\u201d, edi\u0163ia \u00a0a XIII-a &#8211; 2009<\/strong><\/h3>\n<p style=\"text-align: left;\" align=\"center\"><strong>A1 (2002)<\/strong><\/p>\n<p>II &#8211;\u00a0St\u0103nescu Fabian Gabriel<\/p>\n<p>I &#8211;\u00a0Hondrea Horia<\/p>\n<p>&nbsp;<\/p>\n<p><strong>A2 (2001)<\/strong><\/p>\n<p>IV &#8211;\u00a0Dumitru Andreea Bianca<\/p>\n<p>&#8211; \u00a0Uysal Merve Baise<\/p>\n<p>III &#8211;\u00a0C\u0103prar Mihai Marian<\/p>\n<p>&#8211; Chera Alexia<\/p>\n<p>&#8211; \u00a0Repede Alexandra<\/p>\n<p>&#8211; \u00a0Tarase Irina Georgiana<\/p>\n<p>II &#8211;\u00a0Diaconescu Cristiana Gabriela<\/p>\n<p>I &#8211;\u00a0Banu Maximilian<\/p>\n<p>&#8211; Neac\u0219iu Popescu Luca<\/p>\n<p>&#8211; Tolea \u0218tefan<\/p>\n<p>I de Excelenta &#8211;\u00a0Ionescu Paul<\/p>\n<p>&nbsp;<\/p>\n<p><strong>A3 (2000)<\/strong><\/p>\n<p>V &#8211;\u00a0\u0218ahin Yasemin Alexandra<\/p>\n<p>&#8211; V\u00eej\u0103 Andreea<\/p>\n<p>&#8211; Zavelea Tiberius Nicolae<\/p>\n<p>IV &#8211;\u00a0Gherghe Ioana Delia<\/p>\n<p>&#8211; \u00a0L\u0103c\u0103tu\u0219 Monica Iulia<\/p>\n<p>&#8211; \u00a0\u0218tefan Cristian<\/p>\n<p>III &#8211;\u00a0Coco\u0219 Alexandru Ramon<\/p>\n<p>&#8211; \u00a0Munteanu Maria<\/p>\n<p>II &#8211;\u00a0Angheliu Andru<\/p>\n<p>&#8211; Coco\u0219 Beatrice<\/p>\n<p>&#8211; Cazan Sebastian Daniel<\/p>\n<p>I &#8211; \u00a0Csendes Maria Dolores<\/p>\n<p>&#8211; Rusu Elena<\/p>\n<p>I de Excelenta &#8211;\u00a0G\u00eerbu Agata (Chisinau, Rep. Moldova)<\/p>\n<p>I de Excelenta &#8211;\u00a0M\u0103r\u0103g\u0103rit Iarina \u0218tefania<\/p>\n<p>&nbsp;<\/p>\n<p><strong>A4 (1999)<\/strong><\/p>\n<p>III &#8211;\u00a0Fodor Bianca Mihaela<\/p>\n<p>I &#8211; \u00a0Cicireag\u0103 Moisescu<\/p>\n<p>&#8211; \u00a0S\u0103l\u0103jan Vasiana<\/p>\n<p>&#8211; \u00a0Dumitru Theodor<\/p>\n<p>&nbsp;<\/p>\n<p><strong>D (4 maini)<\/strong><\/p>\n<p>III &#8211;\u00a0B\u0103ia\u0219u Maruca \u0219i B\u0103ia\u0219u Ilinca<\/p>\n<p>III &#8211;\u00a0Clara Prager si C\u0103t\u0103lina Bordeanu<\/p>\n<p>II &#8211;\u00a0Netzer Zora \u0219i R\u0103du\u021b\u0103 Petrescu<\/p>\n<p>II-\u00a0Pascu Iarina \u0219i Sibiescu Cora Geanina<\/p>\n<p>I &#8211;\u00a0Juricic Klara \u0219i Lucija Basic &#8211; Slovenia<\/p>\n<p>&nbsp;<\/p>\n<p><strong>B1 (1998)<\/strong><\/p>\n<p>V &#8211;\u00a0Zavelea Ioana Adriana<\/p>\n<p>IV &#8211;\u00a0Mansurova Aziza &#8211; Uzbekista<\/p>\n<p>III &#8211;\u00a0L\u0103c\u0103tu\u0219 Mara Diana<\/p>\n<p>&#8211; Marinescu Marian Andrei<\/p>\n<p>II &#8211;\u00a0Constantinescu Horia<\/p>\n<p>I &#8211;\u00a0G\u00eerbu Agata (Chisinau, Rep. Moldova)<\/p>\n<p>&#8211; Pavel Brigitta<\/p>\n<p>&#8211; S\u0103tnoianu Bertha<\/p>\n<p>&nbsp;<\/p>\n<p><strong>B2 (1997)<\/strong><\/p>\n<p>IV &#8211;\u00a0Mihai Andrei Patrik<\/p>\n<p>II &#8211;\u00a0Andrei Marianna<\/p>\n<p>&#8211; Pascu Iarina<\/p>\n<p>&#8211; Popa Ioana<\/p>\n<p>I &#8211;\u00a0Popovici C\u0103t\u0103lin Neculai<\/p>\n<p>&nbsp;<\/p>\n<p><strong>B3 (1996)<\/strong><\/p>\n<p>IV &#8211;\u00a0Bercea Sabastian Ionu\u021b<\/p>\n<p>III &#8211;\u00a0M\u0103ciuc\u0103 Andra Maria<\/p>\n<p>II &#8211;\u00a0Basic Lucia \u2013 Zagreb, Croatia<\/p>\n<p>&#8211; \u00a0Gemene Nicoleta Monica<\/p>\n<p>&#8211; Lee Victoria (Tashkent, Uzbekistan)<\/p>\n<p>I &#8211; Panaite Elena Miruna<\/p>\n<p>&#8211; \u00a0\u021aal\u0103 Alexandru<\/p>\n<p>&nbsp;<\/p>\n<p><strong>B4 \u00a0(1995)<\/strong><\/p>\n<p>III &#8211;\u00a0Munteanu Marius<\/p>\n<p>II &#8211;\u00a0Mosulet Paul Philip &#8211; Suedia<\/p>\n<p>I &#8211;\u00a0Ghi\u021b\u0103 Horia<\/p>\n<p>&#8211; S\u0103l\u0103jan AnaRomana<\/p>\n<p>&nbsp;<\/p>\n<p><strong>B5 (1994)<\/strong><\/p>\n<p>I &#8211;\u00a0Simeonova Ines \u00a0(Sofia, Bulgaria)<\/p>\n<p>&nbsp;<\/p>\n<p><strong>B6 (1993)<\/strong><\/p>\n<p>III &#8211;\u00a0Isar Ioana Laura<\/p>\n<p>II &#8211;\u00a0Krzysztof Augustyn (Varsovia, Polonia)<\/p>\n<p>&#8211; Nica Linda<\/p>\n<p>&#8211; \u00a0Pletea Georgiana<\/p>\n<p>I &#8211;\u00a0P\u0103dureanu Alexandru Corneliu<\/p>\n<p>&nbsp;<\/p>\n<p><strong>B7 (1992)<\/strong><\/p>\n<p>II &#8211;\u00a0Mih\u0103escu Alexandra Diana<\/p>\n<p>I &#8211;\u00a0Bota Bianca<\/p>\n<p>&nbsp;<\/p>\n<p><strong>B8 (1990\/91)<\/strong><\/p>\n<p>IV &#8211;\u00a0Pirieva Shamma (Tashkent, Uzbekistan)<\/p>\n<p>&#8211;\u00a0Sabitova Nilufar \u00a0(Tashkent, Uzbekistan)<\/p>\n<p>III &#8211;\u00a0Abileva Sevilya (Tashkent, Uzbekistan)<\/p>\n<p>II &#8211;\u00a0Ajimetov Shukurulla \u00a0(Tashkent, Uzbekistan)<\/p>\n<p>&#8211;\u00a0Zeynalli Farida \u00a0(Baku, Azerbaijan)<\/p>\n<p>&nbsp;<\/p>\n<p><strong>Categoria C<\/strong><\/p>\n<p>IV &#8211;\u00a0Oliveira Catarina \u2013 Porto, Portugalia<\/p>\n<p>III &#8211;\u00a0Cernov Andrey \u00a0( Tashkent, Uzbekistan)<\/p>\n<p>&#8211;\u00a0Cvitanic Kristina- Zagreb, Croatia<\/p>\n<p>&#8211;\u00a0Gologan Andrei<\/p>\n<p>II &#8211;\u00a0Demidov Andra<\/p>\n<p>I &#8211;\u00a0Cernadas Nuno \u2013 Porto, Portugalia<\/p>\n","protected":false},"excerpt":{"rendered":"<p>Premiile Concursului Interna\u0163ional de Interpretare\u00a0 \u201ePRO PIANO-ROM\u00c2NIA\u201d, edi\u0163ia \u00a0a XIII-a &#8211; 2009 A1 (2002) II &#8211;\u00a0St\u0103nescu Fabian Gabriel I &#8211;\u00a0Hondrea Horia &nbsp; A2 (2001) IV &#8211;\u00a0Dumitru Andreea Bianca &#8211; \u00a0Uysal Merve Baise III &#8211;\u00a0C\u0103prar Mihai Marian &#8211; Chera Alexia &#8211; \u00a0Repede Alexandra &#8211; \u00a0Tarase Irina Georgiana II &#8211;\u00a0Diaconescu Cristiana Gabriela I &#8211;\u00a0Banu Maximilian &#8211; Neac\u0219iu [&hellip;]<\/p>\n","protected":false},"author":1,"featured_media":0,"parent":0,"menu_order":0,"comment_status":"open","ping_status":"open","template":"","meta":{"footnotes":""},"class_list":["post-555","page","type-page","status-publish","hentry"],"_links":{"self":[{"href":"https:\/\/www.propiano.org\/romanian\/wp-json\/wp\/v2\/pages\/555","targetHints":{"allow":["GET"]}}],"collection":[{"href":"https:\/\/www.propiano.org\/romanian\/wp-json\/wp\/v2\/pages"}],"about":[{"href":"https:\/\/www.propiano.org\/romanian\/wp-json\/wp\/v2\/types\/page"}],"author":[{"embeddable":true,"href":"https:\/\/www.propiano.org\/romanian\/wp-json\/wp\/v2\/users\/1"}],"replies":[{"embeddable":true,"href":"https:\/\/www.propiano.org\/romanian\/wp-json\/wp\/v2\/comments?post=555"}],"version-history":[{"count":11,"href":"https:\/\/www.propiano.org\/romanian\/wp-json\/wp\/v2\/pages\/555\/revisions"}],"predecessor-version":[{"id":759,"href":"https:\/\/www.propiano.org\/romanian\/wp-json\/wp\/v2\/pages\/555\/revisions\/759"}],"wp:attachment":[{"href":"https:\/\/www.propiano.org\/romanian\/wp-json\/wp\/v2\/media?parent=555"}],"curies":[{"name":"wp","href":"https:\/\/api.w.org\/{rel}","templated":true}]}}