{"id":5492,"date":"2018-09-16T09:54:20","date_gmt":"2018-09-16T09:54:20","guid":{"rendered":"http:\/\/www.propiano.org\/romanian\/?page_id=5492"},"modified":"2018-11-26T17:07:28","modified_gmt":"2018-11-26T17:07:28","slug":"mini-festivalul-1-decembrie-2018","status":"publish","type":"page","link":"https:\/\/www.propiano.org\/romanian\/mini-festivalul-1-decembrie-2018\/","title":{"rendered":"Mini Festivalul \u201d1 decembrie\u201d 2018"},"content":{"rendered":"<p class=\"p1\" style=\"text-align: center;\"><span class=\"s1\"><b>\u00a0\u00a0\u00a0 MINI-FESTIVALUL \u00a0\u201d1 decembrie \u2013 ziua Na\u021bional\u0103 a Rom\u00e2niei\u201d, edi\u021bia a VIII-a\u00a0<\/b><\/span><\/p>\n<p class=\"p2\"><span class=\"s1\">\u00a0<\/span><\/p>\n<p class=\"p2\"><span class=\"s1\"><b>Ini\u021biat \u0219i organizat de funda\u021bie \u00een anul 2011,\u00a0ca un omagiu adus Zilei Na\u021bionale a Rom\u00e2niei, zi \u00een care s-a f\u0103ptuit, \u00een anul 1918, Marea Unire a rom\u00e2nilor, Mini-Festivalul a fost g\u00eendit \u0219i ca\u00a0o \u201ddatorie de onoare\u201d a ei, denumirea\u00a0funda\u021biei fiind\u00a0 \u201dPRO PIANO-<\/b><\/span><span class=\"s2\"><b>ROM\u00c2NIA<\/b><\/span><span class=\"s1\"><b>\u201d.<\/b><\/span><\/p>\n<p class=\"p2\"><span class=\"s1\"><b>Astfel, an de an, un num\u0103r impresionant de tineri interpre\u021bi\u00a0\u0219i compozitori(cca. 75\/edi\u021bie), distin\u0219i cu premii importante la concursuri na\u021bionale \u0219i interna\u021bionale, inclusiv la Concursul International \u201dPRO PIANO-ROMANIA\u201d(de interpretare \u0219i compozi\u021bie), au \u00eenc\u00e2ntat publicul participant\u00a0din loca\u021bii deosebit de importante\u00a0\u00een peisajul cultural al \u021b\u0103rii noastre.<\/b><\/span><\/p>\n<p class=\"p2\"><span class=\"s1\"><b>Ajuns \u00een acest an la cea\u00a0 de a VIII-a edi\u021bie, festivalul se va desf\u0103\u0219ura \u00een datele \u0219i loca\u021biile de mai jos: <\/b><\/span><\/p>\n<ul class=\"ul1\">\n<li><strong>joi 22 noiembrie 2018, ora 17 &#8211; Bucure\u0219ti \/ la Muzeul Na\u021bional \u201dGeorge Enescu\u201d din Bucure\u0219ti, Calea Victoriei nr. 141<\/strong><\/li>\n<\/ul>\n<p><a href=\"http:\/\/www.propiano.org\/romanian\/wp-content\/uploads\/2018\/11\/Afis-Bucuresti-22-noiembrie-2018_-2.docx\">Afis Bucuresti- 22 noiembrie 2018_<\/a><\/p>\n<p>&nbsp;<\/p>\n<ul class=\"ul1\">\n<li class=\"li2\"><span class=\"s1\"><b>vineri\u00a030 noiembrie 2018 ora 10,30\u00a0\u2013\u00a0Sinaia\u00a0\/ la Casa Memorial\u0103 \u201dGeorge Enescu\u201d din Sinaia, Str. Yehudi Menuhin nr. 2 \u2013 cartier Cump\u0103tu<\/b><\/span><\/li>\n<\/ul>\n<p><span class=\"s1\"><b><a href=\"http:\/\/www.propiano.org\/romanian\/wp-content\/uploads\/2018\/11\/Afis-Sinaia-2018.pdf\">Afis Sinaia 2018<\/a><\/b><\/span><\/p>\n<p>&nbsp;<\/p>\n<p><a href=\"http:\/\/www.propiano.org\/romanian\/wp-content\/uploads\/2018\/11\/Program-Sinaia-1-decembrie-2018-.pdf\">Program Sinaia 1 decembrie 2018<\/a><\/p>\n<p>&nbsp;<\/p>\n<p>&nbsp;<\/p>\n<p class=\"p2\"><span class=\"s1\"><b>Mul\u021bumiri speciale conducerii celor 2 Institu\u021bii de marc\u0103: <\/b><\/span><\/p>\n<p class=\"p2\"><span class=\"s1\"><b>\u2013 Muzeul Na\u021bional \u201dGeorge Enescu\u201d \u2013 Bucure\u0219ti\u00a0<\/b><\/span><\/p>\n<p><span class=\"s1\"><b>\u2013 Casa Memorial\u0103 \u201dGeorge Enescu &#8211; Sinaia<\/b><\/span><\/p>\n<p class=\"p2\">\n","protected":false},"excerpt":{"rendered":"<p>\u00a0\u00a0\u00a0 MINI-FESTIVALUL \u00a0\u201d1 decembrie \u2013 ziua Na\u021bional\u0103 a Rom\u00e2niei\u201d, edi\u021bia a VIII-a\u00a0 \u00a0 Ini\u021biat \u0219i organizat de funda\u021bie \u00een anul 2011,\u00a0ca un omagiu adus Zilei Na\u021bionale a Rom\u00e2niei, zi \u00een care s-a f\u0103ptuit, \u00een anul 1918, Marea Unire a rom\u00e2nilor, Mini-Festivalul a fost g\u00eendit \u0219i ca\u00a0o \u201ddatorie de onoare\u201d a ei, denumirea\u00a0funda\u021biei fiind\u00a0 \u201dPRO PIANO-ROM\u00c2NIA\u201d. [&hellip;]<\/p>\n","protected":false},"author":1,"featured_media":0,"parent":0,"menu_order":0,"comment_status":"closed","ping_status":"closed","template":"","meta":{"footnotes":""},"class_list":["post-5492","page","type-page","status-publish","hentry"],"_links":{"self":[{"href":"https:\/\/www.propiano.org\/romanian\/wp-json\/wp\/v2\/pages\/5492","targetHints":{"allow":["GET"]}}],"collection":[{"href":"https:\/\/www.propiano.org\/romanian\/wp-json\/wp\/v2\/pages"}],"about":[{"href":"https:\/\/www.propiano.org\/romanian\/wp-json\/wp\/v2\/types\/page"}],"author":[{"embeddable":true,"href":"https:\/\/www.propiano.org\/romanian\/wp-json\/wp\/v2\/users\/1"}],"replies":[{"embeddable":true,"href":"https:\/\/www.propiano.org\/romanian\/wp-json\/wp\/v2\/comments?post=5492"}],"version-history":[{"count":12,"href":"https:\/\/www.propiano.org\/romanian\/wp-json\/wp\/v2\/pages\/5492\/revisions"}],"predecessor-version":[{"id":5542,"href":"https:\/\/www.propiano.org\/romanian\/wp-json\/wp\/v2\/pages\/5492\/revisions\/5542"}],"wp:attachment":[{"href":"https:\/\/www.propiano.org\/romanian\/wp-json\/wp\/v2\/media?parent=5492"}],"curies":[{"name":"wp","href":"https:\/\/api.w.org\/{rel}","templated":true}]}}