{"id":5464,"date":"2018-09-06T11:55:32","date_gmt":"2018-09-06T11:55:32","guid":{"rendered":"http:\/\/www.propiano.org\/romanian\/?page_id=5464"},"modified":"2018-11-10T18:36:45","modified_gmt":"2018-11-10T18:36:45","slug":"premii-compozitie-2018","status":"publish","type":"page","link":"https:\/\/www.propiano.org\/romanian\/premii-compozitie-2018\/","title":{"rendered":"Premii Compozitie 2018"},"content":{"rendered":"<p><strong>PREMII \u2013 CONCURS de COMPOZI\u021aII<\/strong><\/p>\n<p><strong>Edi\u021bia a VII-a &#8211; 2018<\/strong><\/p>\n<p>&nbsp;<\/p>\n<p><strong>Categoria I<\/strong> <strong>(grupa de v\u00e2rst\u0103 p\u00e2n\u0103 la 12 ani):<\/strong><\/p>\n<p><strong>Gr\u0103mescu Adela<\/strong>(2007) &#8211; premiul I<\/p>\n<p><strong>Chereche\u0219 Sofia<\/strong> (2008) &#8211; premiul II<\/p>\n<p><strong>Vasile Maria Casandra<\/strong>(2007) &#8211; premiul II<\/p>\n<p><strong>Petrescu Irina<\/strong>(2006) &#8211; premiul III<\/p>\n<p>&nbsp;<\/p>\n<p><strong>Categoria a II-a<\/strong> <strong>(\u00eentre 13 &#8211; 18 ani):<\/strong><\/p>\n<p><strong>Andrei Ioana<\/strong>(2002) &#8211; premiul II<\/p>\n<p><strong>Radosav Sasha<\/strong>(2005) &#8211; premiul II<\/p>\n<p><strong>Salinas Christopher<\/strong>(2002) &#8211; premiul II<\/p>\n","protected":false},"excerpt":{"rendered":"<p>PREMII \u2013 CONCURS de COMPOZI\u021aII Edi\u021bia a VII-a &#8211; 2018 &nbsp; Categoria I (grupa de v\u00e2rst\u0103 p\u00e2n\u0103 la 12 ani): Gr\u0103mescu Adela(2007) &#8211; premiul I Chereche\u0219 Sofia (2008) &#8211; premiul II Vasile Maria Casandra(2007) &#8211; premiul II Petrescu Irina(2006) &#8211; premiul III &nbsp; Categoria a II-a (\u00eentre 13 &#8211; 18 ani): Andrei Ioana(2002) &#8211; premiul [&hellip;]<\/p>\n","protected":false},"author":1,"featured_media":0,"parent":0,"menu_order":0,"comment_status":"closed","ping_status":"closed","template":"","meta":{"footnotes":""},"class_list":["post-5464","page","type-page","status-publish","hentry"],"_links":{"self":[{"href":"https:\/\/www.propiano.org\/romanian\/wp-json\/wp\/v2\/pages\/5464","targetHints":{"allow":["GET"]}}],"collection":[{"href":"https:\/\/www.propiano.org\/romanian\/wp-json\/wp\/v2\/pages"}],"about":[{"href":"https:\/\/www.propiano.org\/romanian\/wp-json\/wp\/v2\/types\/page"}],"author":[{"embeddable":true,"href":"https:\/\/www.propiano.org\/romanian\/wp-json\/wp\/v2\/users\/1"}],"replies":[{"embeddable":true,"href":"https:\/\/www.propiano.org\/romanian\/wp-json\/wp\/v2\/comments?post=5464"}],"version-history":[{"count":3,"href":"https:\/\/www.propiano.org\/romanian\/wp-json\/wp\/v2\/pages\/5464\/revisions"}],"predecessor-version":[{"id":5519,"href":"https:\/\/www.propiano.org\/romanian\/wp-json\/wp\/v2\/pages\/5464\/revisions\/5519"}],"wp:attachment":[{"href":"https:\/\/www.propiano.org\/romanian\/wp-json\/wp\/v2\/media?parent=5464"}],"curies":[{"name":"wp","href":"https:\/\/api.w.org\/{rel}","templated":true}]}}