{"id":5403,"date":"2018-09-02T14:08:51","date_gmt":"2018-09-02T14:08:51","guid":{"rendered":"http:\/\/www.propiano.org\/romanian\/?page_id=5403"},"modified":"2019-03-10T07:46:31","modified_gmt":"2019-03-10T07:46:31","slug":"programare-sibiu-2019","status":"publish","type":"page","link":"https:\/\/www.propiano.org\/romanian\/programare-sibiu-2019\/","title":{"rendered":"Programare Sibiu 2019"},"content":{"rendered":"\n<h4 class=\"wp-block-heading\"><strong>PROGRAMAREA&nbsp; <\/strong>participantilor la&nbsp; <\/h4>\n\n\n\n<h4 class=\"wp-block-heading\"><strong>CONCURSUL&nbsp; NATIONAL&nbsp; \u201dPRIETENII MUZICII \/ PRO PIANO &#8211; ROM\u00c2NIA\u201d, <\/strong><\/h4>\n\n\n\n<h4 class=\"wp-block-heading\"><strong>SIBIU&nbsp; 15-17 martie&nbsp; 2019.<\/strong><\/h4>\n\n\n\n<p><\/p>\n\n\n\n<p><strong>Concursul se va desf\u00ee\u0219ura \u00een Sala de spectacole a Bibliotecii Jude\u021bene \u201dAstra\u201d &#8211; Sibiu, str. G. Bari\u021biu nr. 5 &#8211; 7<\/strong><\/p>\n\n\n\n<p><\/p>\n\n\n\n<p><\/p>\n\n\n\n<h4 class=\"wp-block-heading\"><strong>VINERI&nbsp; 15 martie 2019<\/strong><\/h4>\n\n\n\n<p><strong>Ora&nbsp; 9 &#8211; 11<\/strong> &nbsp; &nbsp; &nbsp; &nbsp; &nbsp;&nbsp;&nbsp; Deschiderea festiva , derularea concursului&nbsp; B3,B4,B5,B6,B7,B9,B10,B12&nbsp; Sibiu, Medias<\/p>\n\n\n\n<p>&nbsp;&nbsp;&nbsp;&nbsp;&nbsp;&nbsp; <strong>11.30 &#8211; 12.30<\/strong> &nbsp; A3,A4,A5 Sibiu, Sighisoara, Odorhei<\/p>\n\n\n\n<p>&nbsp;&nbsp;&nbsp;&nbsp;&nbsp;&nbsp; <strong>12.30 &#8211; 13.30<\/strong>&nbsp; A6,A7&nbsp; Sibiu, Sighisoara, Odorhei<\/p>\n\n\n\n<p>&nbsp;&nbsp;&nbsp;&nbsp;&nbsp;&nbsp; <strong>14.30 &#8211; 15.30<\/strong>&nbsp; A8,A9 A10 (Bratu)<\/p>\n\n\n\n<p>&nbsp;&nbsp;&nbsp;&nbsp;&nbsp;&nbsp; <strong>15.30 &#8211; 16<\/strong>&nbsp;&nbsp;&nbsp;&nbsp;&nbsp; A10 (L\u00e1szl\u00f3ffy), Cluj(Mezei), Sibiu(Prodea L)<\/p>\n\n\n\n<p>&nbsp;&nbsp;&nbsp;&nbsp;&nbsp;&nbsp; <strong>16&nbsp;&nbsp;&nbsp;&nbsp;&nbsp; &#8211; 17<\/strong>&nbsp;&nbsp;&nbsp;&nbsp;&nbsp; A11 Sibiu, A12 Alba, Sibiu, A14 Sibiu<\/p>\n\n\n\n<p>&nbsp;&nbsp;&nbsp;&nbsp;&nbsp;&nbsp;&nbsp;&nbsp;&nbsp;&nbsp;&nbsp;&nbsp;&nbsp;&nbsp;&nbsp;&nbsp;&nbsp;&nbsp;&nbsp;&nbsp;&nbsp;&nbsp;&nbsp;&nbsp;&nbsp;&nbsp; <strong>FESTIVITATEA&nbsp; DE&nbsp; PREMIERE<\/strong><\/p>\n\n\n\n<p><\/p>\n\n\n\n<p><\/p>\n\n\n\n<h4 class=\"wp-block-heading\"><strong>SAMBATA&nbsp; 16&nbsp; martie&nbsp;\n2019<\/strong><\/h4>\n\n\n\n<p>Ora&nbsp;&nbsp; 10&nbsp;&nbsp;&nbsp;\n&#8211; 11&nbsp;&nbsp;&nbsp; &nbsp;&nbsp; B4,B5,B6,B7,B8,B9,B11 Chisinau<\/p>\n\n\n\n<p>&nbsp;&nbsp;&nbsp;&nbsp;&nbsp;&nbsp;&nbsp;&nbsp;&nbsp;&nbsp;&nbsp;&nbsp;&nbsp;&nbsp;&nbsp;&nbsp;&nbsp;&nbsp;&nbsp;&nbsp;&nbsp;&nbsp;&nbsp;&nbsp;&nbsp;&nbsp;&nbsp;\nB4- B8 Alba, B6 Targoviste, B9 Brasov<\/p>\n\n\n\n<p>&nbsp;&nbsp;&nbsp;&nbsp;&nbsp;&nbsp;&nbsp;\n11&nbsp;&nbsp;&nbsp;&nbsp; &#8211; 12.20&nbsp; C1\/4 Deva, A4 Alba, A4-A6 Deva, A5\nCluj, A6 Ploiesti, A6 Tg.Mures, B8Alba<\/p>\n\n\n\n<p>&nbsp;&nbsp;&nbsp;&nbsp;&nbsp;&nbsp;&nbsp;&nbsp;&nbsp;&nbsp;&nbsp;&nbsp;&nbsp;&nbsp;&nbsp;&nbsp;&nbsp;&nbsp;&nbsp;&nbsp;&nbsp;&nbsp;&nbsp;&nbsp;&nbsp;&nbsp;&nbsp;<strong> FESTIVITATE&nbsp; DE&nbsp; PREMIERE<\/strong><\/p>\n\n\n\n<p>&nbsp;&nbsp;&nbsp;&nbsp;&nbsp;&nbsp;&nbsp;\n13&nbsp;&nbsp;&nbsp; &#8211;&nbsp; 14&nbsp;&nbsp;&nbsp;&nbsp; A7-A8 Tg.Mures, A8-\nBrasov, A8-A9 Tg.Jiu<\/p>\n\n\n\n<p>&nbsp;&nbsp;&nbsp;&nbsp;&nbsp;&nbsp;&nbsp;\n14&nbsp;&nbsp;&nbsp; &#8211;&nbsp; 15&nbsp;&nbsp;&nbsp;&nbsp; A10 Brasov, A12 Tg.Jiu,\nA14 Tg.Mures, C2\/8-C2\/9 Tg.Jiu<\/p>\n\n\n\n<p>&nbsp;&nbsp;&nbsp;&nbsp;&nbsp;&nbsp;&nbsp;&nbsp;&nbsp;&nbsp;&nbsp;&nbsp;&nbsp;&nbsp;&nbsp;&nbsp;&nbsp;&nbsp;&nbsp;&nbsp;&nbsp;&nbsp;&nbsp;&nbsp;&nbsp;&nbsp;<strong> FESTIVITATE&nbsp; DE&nbsp; PREMIERE<\/strong><\/p>\n\n\n\n<p><\/p>\n\n\n\n<p><\/p>\n\n\n\n<h4 class=\"wp-block-heading\"><\/h4>\n\n\n\n<h4 class=\"wp-block-heading\"><strong>DUMINICA\u00a0 17\u00a0 martie\u00a0 2019<\/strong><\/h4>\n\n\n\n<p>Ora&nbsp;&nbsp;&nbsp; 9.30 &#8211;&nbsp;\n11&nbsp;&nbsp;&nbsp; B1 Cluj, B3-B6 Craiova, B6 Bucuresti, A3-A5 Deva, A7\nDrobeta Turnu Severin, A8-A11 Tg.Mures, A12 Cluj<\/p>\n\n\n\n<p>&nbsp;&nbsp;&nbsp;&nbsp;&nbsp;&nbsp;&nbsp;&nbsp;&nbsp;&nbsp;&nbsp;&nbsp;&nbsp;&nbsp;&nbsp;&nbsp;&nbsp;&nbsp;&nbsp;&nbsp;&nbsp;&nbsp;&nbsp;&nbsp;&nbsp; <strong>FESTIVITATEA&nbsp; DE&nbsp; PREMIERE<\/strong><\/p>\n\n\n\n<p><\/p>\n\n\n\n<h3 class=\"wp-block-heading\"><strong>ORA&nbsp; 11.30&nbsp;&nbsp;&nbsp;&nbsp;&nbsp;&nbsp;&nbsp; GALA laurea\u021bilor<\/strong><\/h3>\n\n\n\n<p><\/p>\n\n\n\n<p><\/p>\n\n\n\n<p><\/p>\n\n\n\n<p><\/p>\n\n\n\n<p><\/p>\n\n\n\n<p><\/p>\n\n\n\n<h4 class=\"wp-block-heading\"><strong>PLANIFICAREA&nbsp; INTRARII&nbsp;\nIN&nbsp; CONCURSUL&nbsp; NA\u021aIONAL<\/strong><\/h4>\n\n\n\n<h4 class=\"wp-block-heading\"><strong>\u201dPRIETENII&nbsp; MUZICII \/ PRO PIANO-\nROM\u00c2NIA\u201d, FILIALA&nbsp; SIBIU<\/strong><\/h4>\n\n\n\n<h4 class=\"wp-block-heading\"><strong>EDITIA\u00a0 a VII-a, 15-17 martie 2019<\/strong><\/h4>\n\n\n\n<p><\/p>\n\n\n\n<p><\/p>\n\n\n\n<h4 class=\"wp-block-heading\"><strong>VINERI&nbsp; &#8211;&nbsp; 15 martie 2019<\/strong><strong><br>\n<\/strong><\/h4>\n\n\n\n<p><strong>ORA&nbsp;&nbsp; &nbsp;&nbsp; <\/strong><\/p>\n\n\n\n<p><strong>&nbsp;&nbsp;&nbsp; 9<\/strong><strong>&nbsp; &#8211; &nbsp; 10<\/strong> &nbsp;&nbsp;&nbsp;&nbsp;&nbsp;&nbsp; <strong>Deschiderea festiva<\/strong> <\/p>\n\n\n\n<p>1. ADAM&nbsp; Clara&nbsp;\nB3 (81)<\/p>\n\n\n\n<p>2. PINTEA&nbsp; Matei B3\n(83)<\/p>\n\n\n\n<p>3. VIOREL&nbsp;\nEcaterina-Maria B3 (84)<\/p>\n\n\n\n<p>4. BUNDUC&nbsp;\nCornelius-Lucas B4 (85)<\/p>\n\n\n\n<p>&nbsp;5. CIMPEAN&nbsp; Filip Aser B4 (87)<\/p>\n\n\n\n<p>&nbsp;6.\nFAZAKAS&nbsp; Bal\u00e1zs-Dominik B4 (88)<\/p>\n\n\n\n<p>&nbsp;7. MIHOC&nbsp; Anisia-Teodora B4 (89)<\/p>\n\n\n\n<p>&nbsp;8.\nPOPESCU&nbsp; Eva Maria B5 (92)<\/p>\n\n\n\n<p>&nbsp;9. ROMAN&nbsp; Sofia B5 (93)<\/p>\n\n\n\n<p><strong>10 &#8211; 11<\/strong>\n&nbsp;&nbsp;&nbsp;&nbsp;&nbsp;<\/p>\n\n\n\n<p>10. ROPOTIN&nbsp; Ioana&nbsp; Miruna B5 (94)<\/p>\n\n\n\n<p>&nbsp;11. VIOREL&nbsp; Bogdan &#8211; Nicolae B5 (95)<\/p>\n\n\n\n<p>&nbsp;12. BRUMAR&nbsp; Patrick &#8211; Mihai B6 (97)<\/p>\n\n\n\n<p>&nbsp;13. CATALAN&nbsp; Stefania B6 (98)<\/p>\n\n\n\n<p>&nbsp;14. DUMITRA&nbsp; Elena &#8211; Ruxandra B6 (101)<\/p>\n\n\n\n<p>&nbsp;15. GINDILA&nbsp; EASTMAN&nbsp; Alexandra B7\n(104)<\/p>\n\n\n\n<p>&nbsp;16. MARCU&nbsp; Anna Sofia B7 (106)<\/p>\n\n\n\n<p>&nbsp;17. MARIN&nbsp; Sara &#8211; Maria B7 (107)<\/p>\n\n\n\n<p>&nbsp;&nbsp;18. BRUMAR&nbsp; Ana &#8211; Maya B9 (112)<\/p>\n\n\n\n<p>&nbsp;&nbsp;19. CIUCA&nbsp; Daria B9 (113)<\/p>\n\n\n\n<p>&nbsp;&nbsp;20. MARCU&nbsp; Stefan B9 (115)<\/p>\n\n\n\n<p>&nbsp;&nbsp;21. PARAIAN&nbsp; Teodora B9 (117)<\/p>\n\n\n\n<p>&nbsp;&nbsp;22. TUDOSE&nbsp; Sara&nbsp; Abigail\nB10 (119)<\/p>\n\n\n\n<p>&nbsp;&nbsp;23. BARDAC&nbsp; Mara B12 (121)<\/p>\n\n\n\n<p>&nbsp;&nbsp;&nbsp; &nbsp;&nbsp; <strong>11.30 &#8211; 12.30<\/strong>&nbsp;&nbsp;&nbsp;&nbsp; <\/p>\n\n\n\n<p>24. MICLAUS&nbsp; Natalia\n&#8211; Mihaela A3 (03) <\/p>\n\n\n\n<p>&nbsp;25. MOLDOVAN&nbsp; Ioana A3 (04)<\/p>\n\n\n\n<p>26. VOICA&nbsp; Anna\nIsabela A3 (05)<\/p>\n\n\n\n<p>27. BRAGA&nbsp; Zaya&nbsp;\nRebeca A4 (08)<\/p>\n\n\n\n<p>28. LAZAR&nbsp; Isabela A4\n(11)<\/p>\n\n\n\n<p>29. RADUT&nbsp; Vlad &#8211;\nDamaschin A4 (12)<\/p>\n\n\n\n<p>30. SZ\u0150KE&nbsp; Marc A4\n(13)<\/p>\n\n\n\n<p>31. VACARIU&nbsp; Luanna\nA4 (14)<\/p>\n\n\n\n<p>32. VARARU&nbsp; Sanda A4 (15)<\/p>\n\n\n\n<p>33. AVRAMESCU&nbsp; Flavius A5 (16)<\/p>\n\n\n\n<p>34. CRACIUN&nbsp; Ioana &#8211;\nMaria A5 (18)<\/p>\n\n\n\n<p>35. DANULET&nbsp; Andrei &#8211;\nCalin A5 (19)<\/p>\n\n\n\n<p>36. GAVRILA&nbsp;\nEva&nbsp; Antonia A5 (20)<\/p>\n\n\n\n<p>37. GOGA&nbsp; Teodora&nbsp; Elena A5 (21)<\/p>\n\n\n\n<p>&nbsp;38. L\u00c1SZL\u00d3FFY&nbsp; Tam\u00e1s A5 (22)<\/p>\n\n\n\n<p>39. MARCU&nbsp; Pavel&nbsp; Daniel A5 (23)<\/p>\n\n\n\n<p>40. OLTI&nbsp; \u00c1gota A5 (24)<\/p>\n\n\n\n<p> 41. PETRE &#8211; MIHALCESCU&nbsp; Dan A5 (26)<\/p>\n\n\n\n<p> 42. T\u00d6R\u00d6K&nbsp; Ani A5 (27)<\/p>\n\n\n\n<p> 43. BATISTA&nbsp; Sinziana A6 (29)<strong><br> <\/strong><\/p>\n\n\n<p><!--EndFragment--><\/p>\n<p><\/p>\n\n\n<p><\/p>\n\n\n\n<p><strong>&nbsp;&nbsp;&nbsp;&nbsp; 12.30 &#8211;\n13.40&nbsp;&nbsp;&nbsp;&nbsp; <\/strong><\/p>\n\n\n\n<p>44. CAPUZZO&nbsp; Luca A6\n(30)<\/p>\n\n\n\n<p>45. CANDEA&nbsp; Ioana A6\n(31)<\/p>\n\n\n\n<p>46. DORDEA&nbsp; Stefania\nA6 (32)<\/p>\n\n\n\n<p>47. IONESCU&nbsp; Robert\nA6 (35)<\/p>\n\n\n\n<p>&nbsp; 48. LAZAR&nbsp; Andreea &#8211; Emilia A6 (36)<\/p>\n\n\n\n<p>&nbsp;49. SIRBU&nbsp; Ioan &#8211; Alexandru A6 (37)<\/p>\n\n\n\n<p>&nbsp;50. TERPE&nbsp; David&nbsp; Cristian A6 (38)<\/p>\n\n\n\n<p>&nbsp;51. VAJDA&nbsp; Attila A6 (39)<\/p>\n\n\n\n<p>&nbsp;52. BAL\u00d3&nbsp; HADNAGY&nbsp; M\u00e1rk A7 (40)<\/p>\n\n\n\n<p>&nbsp;53. BRUJAN&nbsp; Mara &#8211; Andreea A7 (41)<\/p>\n\n\n\n<p>&nbsp;54. MODIGA&nbsp; Raluca &#8211; Sabina A7 (43)<\/p>\n\n\n\n<p>&nbsp;55. PRODEA&nbsp; Mario&nbsp; Mircea A7 (45)<\/p>\n\n\n\n<p>&nbsp;56. SZAB\u00d3&nbsp; N\u00f3ra A7 (46)<\/p>\n\n\n\n<p>&nbsp;57. ZILINSCHI&nbsp; N\u00f3ra A7 (47)<\/p>\n\n\n\n<p>&nbsp;&nbsp;&nbsp;&nbsp; <strong>14.30 &#8211; 15.30<\/strong>&nbsp; <\/p>\n\n\n\n<p>58. BARBU&nbsp; Luca &#8211;\nAlexandru A8 (48)<\/p>\n\n\n\n<p>&nbsp;59. F\u00dcST\u00d6S&nbsp;\nESZTER A8 (51)<\/p>\n\n\n\n<p>&nbsp;60. GYER\u0150&nbsp; SOMA\nA8 (52)<\/p>\n\n\n\n<p>&nbsp;61. MARIN&nbsp;\nDelia&nbsp; Florina A8 (53)<\/p>\n\n\n\n<p>&nbsp;62. SUCIU&nbsp;\nEduard&nbsp; Tiberiu A8 (58)<\/p>\n\n\n\n<p>&nbsp;63. TRINBITAS&nbsp;\nDiana A8 (59)<\/p>\n\n\n\n<p>&nbsp;64. BURGHELEA&nbsp;\nMarc &#8211; Andrei A9 (60)<\/p>\n\n\n\n<p>&nbsp;65. HENTEA&nbsp;\nDavid A9 (61)<\/p>\n\n\n\n<p>&nbsp;66. LAZAR&nbsp;\nAndrei A9 (62)<\/p>\n\n\n\n<p>&nbsp;67. SZ\u0150KE&nbsp;\nER\u0150SS&nbsp; Eliz A9(64)&nbsp; <\/p>\n\n\n\n<p>&nbsp;68. BRATU&nbsp;\nAndreea&nbsp; Letitia A10 (65)<\/p>\n\n\n\n<p><strong>&nbsp;&nbsp;&nbsp;&nbsp;&nbsp; 15.30 &#8211;\n16&nbsp;&nbsp;&nbsp;&nbsp;&nbsp;&nbsp;&nbsp;&nbsp; <\/strong><\/p>\n\n\n\n<p>69. L\u00c1SZL\u00d3FFY&nbsp; Anna\nA10 (67)<\/p>\n\n\n\n<p>70. MEZEI&nbsp; Theodore\nMihai A10 (68)<\/p>\n\n\n\n<p>&nbsp;71. PRODEA&nbsp;\nLuana &#8211; Maria A10 (69)<\/p>\n\n\n\n<p>&nbsp;&nbsp;&nbsp;&nbsp;&nbsp;\n<strong>16&nbsp;&nbsp; &#8211; &nbsp;\n17&nbsp;&nbsp;&nbsp;&nbsp;&nbsp;&nbsp;&nbsp;&nbsp;&nbsp; <\/strong><\/p>\n\n\n\n<p>72. DRAGOMIR&nbsp;\nGabriela &#8211; Sabina A11 (71)<\/p>\n\n\n\n<p>73. ERD\u0150S&nbsp; Bogl\u00e1rka\nA12 (72)<\/p>\n\n\n\n<p>74. GLIGOR &#8211; LUNGAN&nbsp;\nVladimir A12 (73)<\/p>\n\n\n\n<p>75. MORDASAN&nbsp;\nRaul&nbsp; Ioan A12 (75)<\/p>\n\n\n\n<p>76. TRINBITAS&nbsp; Alexandru A14 (79)<\/p>\n\n\n\n<p><strong>FESTIVITATE&nbsp;&nbsp; DE&nbsp;&nbsp; PREMIERE<\/strong><strong><br>\n<\/strong><\/p>\n\n\n\n<h4 class=\"wp-block-heading\"><\/h4>\n\n\n\n<p><\/p>\n\n\n\n<p><\/p>\n\n\n\n<h4 class=\"wp-block-heading\"><strong>SAMBATA\u00a0 16 Martie<\/strong><\/h4>\n\n\n\n<p>&nbsp;&nbsp;&nbsp;&nbsp;&nbsp;&nbsp;&nbsp;&nbsp;&nbsp;&nbsp; <strong>&nbsp;10&nbsp;\n&#8211; 11<\/strong>&nbsp;&nbsp;&nbsp; &nbsp;&nbsp;77. CIJ&nbsp; Maria &#8211; Liveria&nbsp; B4\n(86)<\/p>\n\n\n\n<p>&nbsp;&nbsp;&nbsp;&nbsp;&nbsp;&nbsp;&nbsp;&nbsp;&nbsp;&nbsp;&nbsp;&nbsp;&nbsp;&nbsp;&nbsp;&nbsp;&nbsp;&nbsp;&nbsp;&nbsp;&nbsp;&nbsp;&nbsp;&nbsp;&nbsp;&nbsp;&nbsp;&nbsp;&nbsp;&nbsp;\n78. SUCIU&nbsp; Alexandru&nbsp; B4 (90)<\/p>\n\n\n\n<p>&nbsp;&nbsp;&nbsp;&nbsp;&nbsp;&nbsp;&nbsp;&nbsp;&nbsp;&nbsp;&nbsp;&nbsp;&nbsp;&nbsp;&nbsp;&nbsp;&nbsp;&nbsp;&nbsp;&nbsp;&nbsp;&nbsp;&nbsp;&nbsp;&nbsp;&nbsp;&nbsp;&nbsp;&nbsp;&nbsp;\n79. BARBUL&nbsp; Paula&nbsp; B5 (91)<\/p>\n\n\n\n<p>&nbsp;&nbsp;&nbsp;&nbsp;&nbsp;&nbsp;&nbsp;&nbsp;&nbsp;&nbsp;&nbsp;&nbsp;&nbsp;&nbsp;&nbsp;&nbsp;&nbsp;&nbsp;&nbsp;&nbsp;&nbsp;&nbsp;&nbsp;&nbsp;&nbsp;&nbsp;&nbsp;&nbsp;&nbsp;&nbsp;\n80. ALEXANDRESCU&nbsp; Briana &#8211; Maria&nbsp; B6(96)<\/p>\n\n\n\n<p>&nbsp;&nbsp;&nbsp;&nbsp;&nbsp;&nbsp;&nbsp;&nbsp;&nbsp;&nbsp;&nbsp;&nbsp;&nbsp;&nbsp;&nbsp;&nbsp;&nbsp;&nbsp;&nbsp;&nbsp;&nbsp;&nbsp;&nbsp;&nbsp;&nbsp;&nbsp;&nbsp;&nbsp;&nbsp;&nbsp;\n81. CIJ&nbsp; Stelian&nbsp; B6 (99)<\/p>\n\n\n\n<p>&nbsp;&nbsp;&nbsp;&nbsp;&nbsp;&nbsp;&nbsp;&nbsp;&nbsp;&nbsp;&nbsp;&nbsp;&nbsp;&nbsp;&nbsp;&nbsp;&nbsp;&nbsp;&nbsp;&nbsp;&nbsp;&nbsp;&nbsp;&nbsp;&nbsp;&nbsp;&nbsp;&nbsp;&nbsp;&nbsp;\n82. CIRSTEA&nbsp; Daria &#8211; Ioana B6(100)<\/p>\n\n\n\n<p>&nbsp;&nbsp;&nbsp;&nbsp;&nbsp;&nbsp;&nbsp;&nbsp;&nbsp;&nbsp;&nbsp;&nbsp;&nbsp;&nbsp;&nbsp;&nbsp;&nbsp;&nbsp;&nbsp;&nbsp;&nbsp;&nbsp;&nbsp;&nbsp;&nbsp;&nbsp;&nbsp;&nbsp;&nbsp;&nbsp;\n83. MALCOCI&nbsp; Tinca&nbsp; B7 (105)<\/p>\n\n\n\n<p>&nbsp;&nbsp;&nbsp;&nbsp;&nbsp;&nbsp;&nbsp;&nbsp;&nbsp;&nbsp;&nbsp;&nbsp;&nbsp;&nbsp;&nbsp;&nbsp;&nbsp;&nbsp;&nbsp;&nbsp;&nbsp;&nbsp;&nbsp;&nbsp;&nbsp;&nbsp;&nbsp;&nbsp;&nbsp;&nbsp;\n84. MALCOCI&nbsp; Nicolae&nbsp; B8 (109)<\/p>\n\n\n\n<p>&nbsp;&nbsp;&nbsp;&nbsp;&nbsp;&nbsp;&nbsp;&nbsp;&nbsp;&nbsp;&nbsp;&nbsp;&nbsp;&nbsp;&nbsp;&nbsp;&nbsp;&nbsp;&nbsp;&nbsp;&nbsp;&nbsp;&nbsp;&nbsp;&nbsp;&nbsp;&nbsp;&nbsp;&nbsp;&nbsp;\n85.\nPAVEL&nbsp; Maria&nbsp; B8(110)<\/p>\n\n\n\n<p>&nbsp;&nbsp;&nbsp;&nbsp;&nbsp;&nbsp;&nbsp;&nbsp;&nbsp;&nbsp;&nbsp;&nbsp;&nbsp;&nbsp;&nbsp;&nbsp;&nbsp;&nbsp;&nbsp;&nbsp;&nbsp;&nbsp;&nbsp;&nbsp;&nbsp;&nbsp;&nbsp;&nbsp;&nbsp;&nbsp;\n86. TIMAR&nbsp; Tudor&nbsp; Valeriu&nbsp; B8(111)<\/p>\n\n\n\n<p>&nbsp;&nbsp;&nbsp;&nbsp;&nbsp;&nbsp;&nbsp;&nbsp;&nbsp;&nbsp;&nbsp;&nbsp;&nbsp;&nbsp;&nbsp;&nbsp;&nbsp;&nbsp;&nbsp;&nbsp;&nbsp;&nbsp;&nbsp;&nbsp;&nbsp;&nbsp;&nbsp;&nbsp;&nbsp;&nbsp;\n87. CIJ&nbsp; Cipriana&nbsp; B9(114)<\/p>\n\n\n\n<p>&nbsp;&nbsp;&nbsp;&nbsp;&nbsp;&nbsp;&nbsp;&nbsp;&nbsp;&nbsp;&nbsp;&nbsp;&nbsp;&nbsp;&nbsp;&nbsp;&nbsp;&nbsp;&nbsp;&nbsp;&nbsp;&nbsp;&nbsp;&nbsp;&nbsp;&nbsp;&nbsp;&nbsp;&nbsp;&nbsp;\n88. STOICA&nbsp; Elena&nbsp; Antonia&nbsp; B9(118)<\/p>\n\n\n\n<p>&nbsp;&nbsp;&nbsp;&nbsp;&nbsp;&nbsp;&nbsp;&nbsp;&nbsp;&nbsp;&nbsp;&nbsp;&nbsp;&nbsp;&nbsp;&nbsp;&nbsp;&nbsp;&nbsp;&nbsp;&nbsp;&nbsp;&nbsp;&nbsp;&nbsp;&nbsp;&nbsp;&nbsp;&nbsp;&nbsp;\n89. MITUL&nbsp; Dana&nbsp; B11(120)<\/p>\n\n\n\n<p>&nbsp;&nbsp;&nbsp;&nbsp;&nbsp;&nbsp;&nbsp;&nbsp;&nbsp;&nbsp;&nbsp;<strong>11 &#8211; 12.15<\/strong> &nbsp; &nbsp; 90. COMAN&nbsp;\nCristina-Maria si CSOBOTH Maya-Karina&nbsp; C1\/4<\/p>\n\n\n\n<p>&nbsp;&nbsp;&nbsp;&nbsp;&nbsp;&nbsp;&nbsp;&nbsp;&nbsp;&nbsp;&nbsp;&nbsp;&nbsp;&nbsp;&nbsp;&nbsp;&nbsp;&nbsp;&nbsp;&nbsp;&nbsp;&nbsp;&nbsp;&nbsp;&nbsp;&nbsp;&nbsp;&nbsp;&nbsp;&nbsp;\n91. ADAM&nbsp; Toma&nbsp; A4(06) <\/p>\n\n\n\n<p>&nbsp;&nbsp;&nbsp;&nbsp;&nbsp;&nbsp;&nbsp;&nbsp;&nbsp;&nbsp;&nbsp;&nbsp;&nbsp;&nbsp;&nbsp;&nbsp;&nbsp;&nbsp;&nbsp;&nbsp;&nbsp;&nbsp;&nbsp;&nbsp;&nbsp;&nbsp;&nbsp;&nbsp;&nbsp;&nbsp;\n92. AMBRUS&nbsp; SARAH&nbsp; A4(07)<\/p>\n\n\n\n<p>&nbsp;&nbsp;&nbsp;&nbsp;&nbsp;&nbsp;&nbsp;&nbsp;&nbsp;&nbsp;&nbsp;&nbsp;&nbsp;&nbsp;&nbsp;&nbsp;&nbsp;&nbsp;&nbsp;&nbsp;&nbsp;&nbsp;&nbsp;&nbsp;&nbsp;&nbsp;&nbsp;&nbsp;&nbsp;&nbsp;\n93. CONSTANTINESCU&nbsp; Felix&nbsp; A4(09)<\/p>\n\n\n\n<p>&nbsp;&nbsp;&nbsp;&nbsp;&nbsp;&nbsp;&nbsp;&nbsp;&nbsp;&nbsp;&nbsp;&nbsp;&nbsp;&nbsp;&nbsp;&nbsp;&nbsp;&nbsp;&nbsp;&nbsp;&nbsp;&nbsp;&nbsp;&nbsp;&nbsp;&nbsp;&nbsp;&nbsp;&nbsp;&nbsp;\n94.\nCSOBOTH&nbsp; Maya &#8211; Karina&nbsp; A4(10)<\/p>\n\n\n\n<p>&nbsp;&nbsp;&nbsp;&nbsp;&nbsp;&nbsp;&nbsp;&nbsp;&nbsp;&nbsp;&nbsp;&nbsp;&nbsp;&nbsp;&nbsp;&nbsp;&nbsp;&nbsp;&nbsp;&nbsp;&nbsp;&nbsp;&nbsp;&nbsp;&nbsp;&nbsp;&nbsp;&nbsp;&nbsp;&nbsp;\n95. P\u00c1SZTOR&nbsp; Endre&nbsp; A5(25)<\/p>\n\n\n\n<p>&nbsp;&nbsp;&nbsp;&nbsp;&nbsp;&nbsp;&nbsp;&nbsp;&nbsp;&nbsp;&nbsp;&nbsp;&nbsp;&nbsp;&nbsp;&nbsp;&nbsp;&nbsp;&nbsp;&nbsp;&nbsp;&nbsp;&nbsp;&nbsp;&nbsp;&nbsp;&nbsp;&nbsp;&nbsp;&nbsp;\n96. ALDEA&nbsp; Alexandru &#8211; Iosif&nbsp; A6(28)<\/p>\n\n\n\n<p>&nbsp;&nbsp;&nbsp;&nbsp;&nbsp;&nbsp;&nbsp;&nbsp;&nbsp;&nbsp;&nbsp;&nbsp;&nbsp;&nbsp;&nbsp;&nbsp;&nbsp;&nbsp;&nbsp;&nbsp;&nbsp;&nbsp;&nbsp;&nbsp;&nbsp;&nbsp;&nbsp;&nbsp;&nbsp;&nbsp;\n97. GHEORGHITA&nbsp; Alexandru &#8211; Bogdan&nbsp; A6(33<\/p>\n\n\n\n<p>&nbsp;&nbsp;&nbsp;&nbsp;&nbsp;&nbsp;&nbsp;&nbsp;&nbsp;&nbsp;&nbsp;&nbsp;&nbsp;&nbsp;&nbsp;&nbsp;&nbsp;&nbsp;&nbsp;&nbsp;&nbsp;&nbsp;&nbsp;&nbsp;&nbsp;&nbsp;&nbsp;&nbsp;&nbsp;&nbsp;\n98. JAKAB&nbsp; D\u00e1niel &#8211; Csaba A6(34<\/p>\n\n\n\n<p><strong>FESTIVITATE&nbsp;\nDE&nbsp; PREMIERE<\/strong><strong><\/strong><\/p>\n\n\n\n<p><strong>&nbsp;&nbsp;&nbsp;&nbsp;&nbsp;&nbsp;&nbsp;&nbsp;\n&nbsp; &nbsp; <\/strong><strong>13 &#8211;\n14&nbsp;<\/strong> &nbsp; &nbsp;&nbsp; 99. MOLN\u00c1R&nbsp; ZS\u00d3FIA&nbsp;\nB7(108)<\/p>\n\n\n\n<p>&nbsp;&nbsp;&nbsp;&nbsp;&nbsp;&nbsp;&nbsp;&nbsp;&nbsp;&nbsp;&nbsp;&nbsp;&nbsp;&nbsp;&nbsp;&nbsp;&nbsp;&nbsp;&nbsp;&nbsp;&nbsp;&nbsp;&nbsp;&nbsp;&nbsp;&nbsp;&nbsp;&nbsp;\n100. MACIUCA&nbsp; Miruna&nbsp; B9(116)<\/p>\n\n\n\n<p>&nbsp;&nbsp;&nbsp;&nbsp;&nbsp;&nbsp;&nbsp;&nbsp;&nbsp;&nbsp;&nbsp;&nbsp;&nbsp;&nbsp;&nbsp;&nbsp;&nbsp;&nbsp;&nbsp;&nbsp;&nbsp;&nbsp;&nbsp;&nbsp;&nbsp;&nbsp;&nbsp;&nbsp;\n101.\nCZ\u00c9DULA&nbsp; Ingrid &#8211; Hanga&nbsp; A7(42)<\/p>\n\n\n\n<p>&nbsp;&nbsp;&nbsp;&nbsp;&nbsp;&nbsp;&nbsp;&nbsp;&nbsp;&nbsp;&nbsp;&nbsp;&nbsp;&nbsp;&nbsp;&nbsp;&nbsp;&nbsp;&nbsp;&nbsp;&nbsp;&nbsp;&nbsp;&nbsp;&nbsp;&nbsp;&nbsp;&nbsp;\n102. CRACIUN&nbsp; Sonia &#8211; Maria&nbsp; A8(50)<\/p>\n\n\n\n<p>&nbsp;&nbsp;&nbsp;&nbsp;&nbsp;&nbsp;&nbsp;&nbsp;&nbsp;&nbsp;&nbsp;&nbsp;&nbsp;&nbsp;&nbsp;&nbsp;&nbsp;&nbsp;&nbsp;&nbsp;&nbsp;&nbsp;&nbsp;&nbsp;&nbsp;&nbsp;&nbsp;&nbsp;\n103. MOLDOVAN&nbsp; Iulia &#8211; Valeria&nbsp; A8(54)<\/p>\n\n\n\n<p>&nbsp;&nbsp;&nbsp;&nbsp;&nbsp;&nbsp;&nbsp;&nbsp;&nbsp;&nbsp;&nbsp;&nbsp;&nbsp;&nbsp;&nbsp;&nbsp;&nbsp;&nbsp;&nbsp;&nbsp;&nbsp;&nbsp;&nbsp;&nbsp;&nbsp;&nbsp;&nbsp;&nbsp;\n104. PATRICHE&nbsp; Pavel&nbsp; Stefan&nbsp; A8(55)<\/p>\n\n\n\n<p>&nbsp;&nbsp;&nbsp;&nbsp;&nbsp;&nbsp;&nbsp;&nbsp;&nbsp;&nbsp;&nbsp;&nbsp;&nbsp;&nbsp;&nbsp;&nbsp;&nbsp;&nbsp;&nbsp;&nbsp;&nbsp;&nbsp;&nbsp;&nbsp;&nbsp;&nbsp;&nbsp;&nbsp;\n105. ROSU-IONUT&nbsp; Angeles &#8211; Beatrice A8(56)<\/p>\n\n\n\n<p>&nbsp;&nbsp;&nbsp;&nbsp;&nbsp;&nbsp;&nbsp;&nbsp;&nbsp;&nbsp;&nbsp;&nbsp;&nbsp;&nbsp;&nbsp;&nbsp;&nbsp;&nbsp;&nbsp;&nbsp;&nbsp;&nbsp;&nbsp;&nbsp;&nbsp;&nbsp;&nbsp;&nbsp;\n106. RUSU&nbsp; Alexia&nbsp; Ana&nbsp; A8(57)<\/p>\n\n\n\n<p>&nbsp;&nbsp;&nbsp;&nbsp;&nbsp;&nbsp;\n&nbsp;&nbsp;&nbsp;&nbsp;&nbsp;&nbsp;&nbsp;&nbsp;&nbsp;&nbsp;&nbsp;&nbsp;&nbsp;&nbsp;&nbsp;&nbsp;&nbsp;&nbsp;&nbsp;&nbsp;&nbsp;\n107. NEAGOE&nbsp; Maria &#8211; Diana&nbsp; A9(63)<\/p>\n\n\n\n<p>&nbsp;&nbsp;&nbsp;&nbsp;&nbsp;&nbsp;&nbsp;&nbsp;&nbsp;&nbsp;&nbsp;&nbsp;&nbsp;&nbsp;&nbsp;&nbsp;&nbsp;&nbsp;&nbsp;&nbsp;&nbsp;&nbsp;&nbsp;&nbsp;&nbsp;&nbsp;&nbsp;&nbsp;\n108. ISTRATE&nbsp; Angela&nbsp; A10(66)<\/p>\n\n\n\n<p>&nbsp;&nbsp;&nbsp;&nbsp;&nbsp;&nbsp;&nbsp;&nbsp;&nbsp;&nbsp;&nbsp;&nbsp;&nbsp;&nbsp;&nbsp;&nbsp;&nbsp;&nbsp;&nbsp;&nbsp;&nbsp;&nbsp;&nbsp;&nbsp;&nbsp;&nbsp;&nbsp;&nbsp;\n109. ROSU-IONUT&nbsp; Carla &#8211; Belen&nbsp; A12(76)<\/p>\n\n\n\n<p>&nbsp;&nbsp;&nbsp;&nbsp;&nbsp;&nbsp;&nbsp;&nbsp;&nbsp;&nbsp;&nbsp;&nbsp;&nbsp;&nbsp;&nbsp;&nbsp;&nbsp;&nbsp;&nbsp;&nbsp;&nbsp;&nbsp;&nbsp;&nbsp;&nbsp;&nbsp;&nbsp;&nbsp;\n110.\nANTAL&nbsp; Anna&nbsp; Andrea&nbsp; A12(78)<\/p>\n\n\n\n<p>&nbsp;&nbsp;&nbsp;&nbsp;&nbsp;&nbsp;&nbsp;&nbsp;&nbsp;&nbsp;&nbsp;&nbsp;&nbsp;&nbsp;&nbsp;&nbsp;&nbsp;&nbsp;&nbsp;&nbsp;&nbsp;&nbsp;&nbsp;&nbsp;&nbsp;&nbsp;&nbsp;&nbsp;\n111. ROSU-IONUT&nbsp; Angeles-Beatrice\/Carla-Belen&nbsp; C2\/8(123)<\/p>\n\n\n\n<p>&nbsp;&nbsp;&nbsp;&nbsp;&nbsp;&nbsp;&nbsp;&nbsp;&nbsp;&nbsp;&nbsp;&nbsp;&nbsp;&nbsp;&nbsp;&nbsp;&nbsp;&nbsp;&nbsp;&nbsp;&nbsp;&nbsp;&nbsp;&nbsp;&nbsp;&nbsp;&nbsp;&nbsp;\n112. NEAGOE&nbsp; Maria-Diana si Emilian Daniel&nbsp;\nC2\/9(124)<\/p>\n\n\n\n<p><strong>FESTIVITATE\u00a0 DE\u00a0 PREMIERE<\/strong><br><\/p>\n\n\n\n<p><\/p>\n\n\n\n<p><strong><br> <\/strong><\/p>\n\n\n\n<h4 class=\"wp-block-heading\"><strong>DUMINIC\u0102,&nbsp;\n17 martie 2019<\/strong><\/h4>\n\n\n\n<p><strong>&nbsp;&nbsp;&nbsp;&nbsp;&nbsp;&nbsp;&nbsp;&nbsp;&nbsp;&nbsp;&nbsp;&nbsp; &nbsp;9.30 &#8211; 11<\/strong>&nbsp;&nbsp;\n113. SOLOMON &#8211; BOB Milan-Raul&nbsp; B1(80)<\/p>\n\n\n\n<p>&nbsp;&nbsp;&nbsp;&nbsp;&nbsp;&nbsp;&nbsp;&nbsp;&nbsp;&nbsp;&nbsp;&nbsp;&nbsp;&nbsp;&nbsp;&nbsp;&nbsp;&nbsp;&nbsp;&nbsp;&nbsp;&nbsp;&nbsp;&nbsp;&nbsp;&nbsp;&nbsp;\n114. DUMITRU&nbsp; Mihai&nbsp; Catalin&nbsp; B3(82)<\/p>\n\n\n\n<p>&nbsp;&nbsp;&nbsp;&nbsp;&nbsp;&nbsp;&nbsp;&nbsp;&nbsp;&nbsp;&nbsp;&nbsp;&nbsp;&nbsp;&nbsp;&nbsp;&nbsp;&nbsp;&nbsp;&nbsp;&nbsp;&nbsp;&nbsp;&nbsp;&nbsp;&nbsp;&nbsp;\n115.\nOLINGHER&nbsp; Daria&nbsp; Nicoleta&nbsp; B6(102)<\/p>\n\n\n\n<p>&nbsp;&nbsp;&nbsp;&nbsp;&nbsp;&nbsp;&nbsp;&nbsp;&nbsp;&nbsp;&nbsp;&nbsp;&nbsp;&nbsp;&nbsp;&nbsp;&nbsp;&nbsp;&nbsp;&nbsp;&nbsp;&nbsp;&nbsp;&nbsp;&nbsp;&nbsp;&nbsp;\n116. RAT&nbsp; Natalia&nbsp; B6(103)<\/p>\n\n\n\n<p>&nbsp;&nbsp;&nbsp;&nbsp;&nbsp;&nbsp;&nbsp;&nbsp;&nbsp;&nbsp;&nbsp;&nbsp;&nbsp;&nbsp;&nbsp;&nbsp;&nbsp;&nbsp;&nbsp;&nbsp;&nbsp;&nbsp;&nbsp;&nbsp;&nbsp;&nbsp;&nbsp;\n117. BUBLE&nbsp; Abel&nbsp; A3(103)<\/p>\n\n\n\n<p><strong>&nbsp;&nbsp;&nbsp;&nbsp;&nbsp;&nbsp;&nbsp;&nbsp;&nbsp;&nbsp;&nbsp;&nbsp;&nbsp;&nbsp;&nbsp;&nbsp;&nbsp;&nbsp;&nbsp;&nbsp;&nbsp;&nbsp;&nbsp;&nbsp;&nbsp;&nbsp; <\/strong>118. COSMELEATA&nbsp; David&nbsp; A3(02)<\/p>\n\n\n\n<p>&nbsp;&nbsp;&nbsp;&nbsp;&nbsp;&nbsp;&nbsp;&nbsp;&nbsp;&nbsp;&nbsp;&nbsp;&nbsp;&nbsp;&nbsp;&nbsp;&nbsp;&nbsp;&nbsp;&nbsp;&nbsp;&nbsp;&nbsp;&nbsp;&nbsp;&nbsp;&nbsp;\n119. COCAN&nbsp; Mara&nbsp; A5(17)<\/p>\n\n\n\n<p>&nbsp;&nbsp;&nbsp;&nbsp;&nbsp;&nbsp;&nbsp;&nbsp;&nbsp;&nbsp;&nbsp;&nbsp;&nbsp;&nbsp;&nbsp;&nbsp;&nbsp;&nbsp;&nbsp;&nbsp;&nbsp;&nbsp;&nbsp;&nbsp;&nbsp;&nbsp;&nbsp;\n120. OLARIU&nbsp; Andreas&nbsp; Gabriel&nbsp; A7(44)<\/p>\n\n\n\n<p>&nbsp;&nbsp;&nbsp;&nbsp;&nbsp;&nbsp;&nbsp;&nbsp;&nbsp;&nbsp;&nbsp;&nbsp;&nbsp;&nbsp;&nbsp;&nbsp;&nbsp;&nbsp;&nbsp;&nbsp;&nbsp;&nbsp;&nbsp;&nbsp;&nbsp;&nbsp;&nbsp;\n121. COSTIN&nbsp; Larisa&nbsp; A7(49)<\/p>\n\n\n\n<p>&nbsp;&nbsp;&nbsp;&nbsp;&nbsp;&nbsp;&nbsp;&nbsp;&nbsp;&nbsp;&nbsp;&nbsp;&nbsp;&nbsp;&nbsp;&nbsp;&nbsp;&nbsp;&nbsp;&nbsp;&nbsp;&nbsp;&nbsp;&nbsp;&nbsp;&nbsp;&nbsp;\n122. MATEIU&nbsp; Malina&nbsp; A11((70)<\/p>\n\n\n\n<p>&nbsp;&nbsp;&nbsp;&nbsp;&nbsp;&nbsp;&nbsp;&nbsp;&nbsp;&nbsp;&nbsp;&nbsp;&nbsp;&nbsp;&nbsp;&nbsp;&nbsp;&nbsp;&nbsp;&nbsp;&nbsp;&nbsp;&nbsp;&nbsp;&nbsp;&nbsp;&nbsp;\n123. LELUTIU&nbsp; Oana&nbsp; Alexandra&nbsp; A12(74)<\/p>\n\n\n\n<p>&nbsp;&nbsp;&nbsp;&nbsp;&nbsp;&nbsp;&nbsp;&nbsp;&nbsp;&nbsp;&nbsp;&nbsp;&nbsp;&nbsp;&nbsp;&nbsp;&nbsp;&nbsp;&nbsp;&nbsp;&nbsp;&nbsp;&nbsp;&nbsp;&nbsp;&nbsp;&nbsp;\n124. SOLOMON&nbsp; BOB&nbsp; David-Raul&nbsp; A12(76)<br><\/p>\n\n\n\n<h4 class=\"wp-block-heading\">&nbsp;&nbsp; <strong>11.30\n&#8211; <\/strong>FESTIVITATE&nbsp; DE&nbsp;\nPREMIERE \u0219i GALA\n&nbsp;LAUREA\u021aILOR<\/h4>\n","protected":false},"excerpt":{"rendered":"<p>PROGRAMAREA&nbsp; participantilor la&nbsp; CONCURSUL&nbsp; NATIONAL&nbsp; \u201dPRIETENII MUZICII \/ PRO PIANO &#8211; ROM\u00c2NIA\u201d, SIBIU&nbsp; 15-17 martie&nbsp; 2019. Concursul se va desf\u00ee\u0219ura \u00een Sala de spectacole a Bibliotecii Jude\u021bene \u201dAstra\u201d &#8211; Sibiu, str. G. Bari\u021biu nr. 5 &#8211; 7 VINERI&nbsp; 15 martie 2019 Ora&nbsp; 9 &#8211; 11 &nbsp; &nbsp; &nbsp; &nbsp; &nbsp;&nbsp;&nbsp; Deschiderea festiva , derularea concursului&nbsp; [&hellip;]<\/p>\n","protected":false},"author":1,"featured_media":0,"parent":0,"menu_order":0,"comment_status":"closed","ping_status":"closed","template":"","meta":{"footnotes":""},"class_list":["post-5403","page","type-page","status-publish","hentry"],"_links":{"self":[{"href":"https:\/\/www.propiano.org\/romanian\/wp-json\/wp\/v2\/pages\/5403","targetHints":{"allow":["GET"]}}],"collection":[{"href":"https:\/\/www.propiano.org\/romanian\/wp-json\/wp\/v2\/pages"}],"about":[{"href":"https:\/\/www.propiano.org\/romanian\/wp-json\/wp\/v2\/types\/page"}],"author":[{"embeddable":true,"href":"https:\/\/www.propiano.org\/romanian\/wp-json\/wp\/v2\/users\/1"}],"replies":[{"embeddable":true,"href":"https:\/\/www.propiano.org\/romanian\/wp-json\/wp\/v2\/comments?post=5403"}],"version-history":[{"count":9,"href":"https:\/\/www.propiano.org\/romanian\/wp-json\/wp\/v2\/pages\/5403\/revisions"}],"predecessor-version":[{"id":5760,"href":"https:\/\/www.propiano.org\/romanian\/wp-json\/wp\/v2\/pages\/5403\/revisions\/5760"}],"wp:attachment":[{"href":"https:\/\/www.propiano.org\/romanian\/wp-json\/wp\/v2\/media?parent=5403"}],"curies":[{"name":"wp","href":"https:\/\/api.w.org\/{rel}","templated":true}]}}