{"id":5382,"date":"2018-09-02T13:58:42","date_gmt":"2018-09-02T13:58:42","guid":{"rendered":"http:\/\/www.propiano.org\/romanian\/?page_id=5382"},"modified":"2019-02-20T10:17:01","modified_gmt":"2019-02-20T10:17:01","slug":"programare-cluj-2019","status":"publish","type":"page","link":"https:\/\/www.propiano.org\/romanian\/programare-cluj-2019\/","title":{"rendered":"Programare Cluj 2019"},"content":{"rendered":"\n<p class=\"has-medium-font-size\"><strong>Loca\u021bia concursului : Muzeul Etnografic al Transilvaniei din Cluj-Napoca, str. Memorandumului nr. 21<\/strong><\/p>\n\n\n\n<p><\/p>\n\n\n\n<p><\/p>\n\n\n\n<p style=\"font-size:25px\"><strong>PROGRAMAREA participan\u021bilor  <\/strong><\/p>\n\n\n\n<h2 class=\"wp-block-heading\"><\/h2>\n\n\n\n<p style=\"font-size:22px\"><strong>la Concursul Na\u021bional &nbsp;<\/strong><\/p>\n\n\n\n<p><\/p>\n\n\n\n<p><\/p>\n\n\n\n<p style=\"font-size:39px\"><strong>,,PRIETENII MUZICII \u201d<\/strong><\/p>\n\n\n\n<p style=\"font-size:24px\"><\/p>\n\n\n\n<p><\/p>\n\n\n\n<p class=\"has-large-font-size\"><strong>PRO PIANO &#8211; ROM\u00c2NIA <\/strong><\/p>\n\n\n\n<p class=\"has-medium-font-size\"><\/p>\n\n\n\n<p><\/p>\n\n\n\n<p class=\"has-medium-font-size\"><strong>CLUJ \u2013 NAPOCA :  22 \u2013 24 februarie 2019<\/strong><\/p>\n\n\n\n<p><\/p>\n\n\n\n<p><\/p>\n\n\n\n<p><\/p>\n\n\n\n<p><\/p>\n\n\n\n<p class=\"has-medium-font-size\"><strong>VINERI \u2013 22 FEBRUARIE \u2013 2019<\/strong><\/p>\n\n\n\n<p><strong>DESCHIDEREA CONCURSULUI<\/strong><\/p>\n\n\n\n<p><strong>09 \u2013 10&nbsp;\n&#8211; B0, B1, B2, B3, B4<\/strong><\/p>\n\n\n\n<p><strong>10 \u2013 11 \u2013 B5, B6<\/strong><\/p>\n\n\n\n<p><strong>11 \u2013 12 \u2013 B7, B8, David Sara Eunis(A5),\nHuldu\u0219an Teodora(A5)<\/strong><\/p>\n\n\n\n<p><strong>12.30 \u2013 13 \u2013 B9, B10, B12<\/strong><\/p>\n\n\n\n<p><strong>FESTIVITATE DE PREMIERE<\/strong><\/p>\n\n\n\n<p><strong>14 \u2013 15 \u2013 A3, A9, SUCEAVA<\/strong><\/p>\n\n\n\n<p><strong>15 \u2013 16 \u2013 A7<\/strong><\/p>\n\n\n\n<p><strong>16 \u2013 17 \u2013 A10<\/strong><\/p>\n\n\n\n<p><strong>17 \u2013 17.40 \u2013 C(cereri+4forma\u021bii de la ,,S.Todu\u021b\u0103),\nALBA IULIA<\/strong><\/p>\n\n\n\n<p><strong>&nbsp;FESTIVITATE\nDE PREMIERE<\/strong><\/p>\n\n\n\n<p><\/p>\n\n\n\n<p><\/p>\n\n\n\n<p><\/p>\n\n\n\n<p><\/p>\n\n\n\n<p class=\"has-medium-font-size\"><strong>S\u00c2MB\u0102T\u0102 \u2013 23 FEBRUARIE 2019<\/strong><\/p>\n\n\n\n<p><strong>8.30 \u2013 9.30 \u2013 A4<\/strong><\/p>\n\n\n\n<p><strong>9.30 \u2013 10.30 \u2013 A5<\/strong><\/p>\n\n\n\n<p><strong>11 \u2013 12 \u2013 A6, B\u0102L\u021aI, BAC\u0102U<\/strong><\/p>\n\n\n\n<p><strong>12.30-\n13.20 &#8211; SIBIU, A8<\/strong><\/p>\n\n\n\n<p><strong>FESTIVITATE\nDE PREMIERE<\/strong><\/p>\n\n\n\n<p><strong>14 \u2013\n15.30\u2013 SIGHET, ORADEA, ALBA IULIA<\/strong><\/p>\n\n\n\n<p><strong>16 \u2013\n17 \u2013 A12<\/strong><\/p>\n\n\n\n<p><strong>17 \u2013\n18 \u2013 A11<\/strong><\/p>\n\n\n\n<p><strong>18 \u2013\n19.30 \u2013 A13<\/strong><\/p>\n\n\n\n<p><strong>FESTIVITATE\nDE PREMIERE<\/strong><\/p>\n\n\n\n<p><\/p>\n\n\n\n<p><\/p>\n\n\n\n<p><\/p>\n\n\n\n<p class=\"has-medium-font-size\"><strong>DUMINIC\u0102 \u2013 24 FEBRUARIE 2019<\/strong><\/p>\n\n\n\n<p><strong>09 \u2013\n10 \u2013 <\/strong><strong>Sec\u021biunea C(4 m\u00e2ini), A14,\nSolomon-Bob David Raoul(A12)<\/strong><\/p>\n\n\n\n<p><strong>10.30 \u2013 11.30 \u2013 Artz Emma, Solomon-Bob Milan\nRaoul(A0, A1), T\u00c2RGU&nbsp; MURE\u0218<\/strong><\/p>\n\n\n\n<p><strong>12 \u2013 13 \u2013 BAIA MARE( \u0218coala Primar\u0103 Interna\u021bional\u0103)<\/strong><\/p>\n\n\n\n<p><strong>&nbsp;R\u0103doi Riger Damian \u2013 B2,&nbsp; Suciu Alexandra \u2013 B4<\/strong><\/p>\n\n\n\n<p><\/p>\n\n\n\n<p><\/p>\n\n\n\n<p><\/p>\n\n\n\n<p><br><\/p>\n\n\n\n<p class=\"has-large-font-size\"><strong>LISTA PARTICIPAN\u021aILOR<\/strong><\/p>\n\n\n\n<p style=\"font-size:22px\"><strong>\u00ceNSCRI\u0218I LA CONCURSUL \u201dPRIETENII MUZICII\u201d, <\/strong><strong>Edi\u021bia a XII-a, CLUJ-NAPOCA, 22 -24 februarie 2019<\/strong><\/p>\n\n\n\n<p><\/p>\n\n\n\n<p><\/p>\n\n\n\n<p style=\"font-size:21px\"><strong>F. important: orice omisiune sau gre\u0219al\u0103 de nume, etc. se va semnala  exclusiv \u00een scris, prin SMS(tel  0722 382  626) sau e-mail (propiano@gmail.com).&nbsp;<\/strong><\/p>\n\n\n\n<p style=\"font-size:26px\"><strong><em>NU&nbsp;la&nbsp;telefon!<\/em><\/strong><\/p>\n\n\n\n<p><\/p>\n\n\n\n<p><\/p>\n\n\n\n<p><\/p>\n\n\n\n<p><\/p>\n\n\n\n<p class=\"has-large-font-size\"><\/p>\n\n\n\n<p class=\"has-large-font-size\"><strong>SEC\u021aIUNEA A<\/strong><\/p>\n\n\n\n<p><strong>A3 <\/strong>\u2013 1. B\u0102IE\u021aAN DAVID ALEXANDRU <\/p>\n\n\n\n<p>&nbsp;&nbsp;&nbsp;&nbsp;&nbsp;&nbsp;&nbsp;&nbsp; 2.B\u00c2LC MARIA <\/p>\n\n\n\n<p>&nbsp;&nbsp;&nbsp;&nbsp;&nbsp;&nbsp;&nbsp;&nbsp; 3.BOBO\u0218AN IULIA <\/p>\n\n\n\n<p>&nbsp;&nbsp;&nbsp;&nbsp;&nbsp;&nbsp;&nbsp;&nbsp; 4.BROCK ELIZA &#8211; ALBA<\/p>\n\n\n\n<p>&nbsp;&nbsp;&nbsp;&nbsp;&nbsp;&nbsp;&nbsp;&nbsp; 5.C\u00c2MPAN BEATRICE &#8211; SUCEAVA<\/p>\n\n\n\n<p>&nbsp;&nbsp;&nbsp;&nbsp;&nbsp;&nbsp;&nbsp;&nbsp; 6.CEBOTARI SOPHIA <\/p>\n\n\n\n<p>&nbsp;&nbsp;&nbsp;&nbsp;&nbsp; &nbsp;&nbsp;&nbsp;7.CUIBUS DAVID <\/p>\n\n\n\n<p>&nbsp;&nbsp;&nbsp;&nbsp;&nbsp;&nbsp;&nbsp;&nbsp; 8.FEIER ECATERINA <\/p>\n\n\n\n<p>&nbsp;&nbsp;&nbsp;&nbsp;&nbsp;&nbsp;&nbsp;&nbsp; 9.JUHOS ASTRID <\/p>\n\n\n\n<p>&nbsp;&nbsp;&nbsp;&nbsp;&nbsp;&nbsp; 10.MORAR BOGDAN ALEXANDRU <\/p>\n\n\n\n<p>&nbsp;&nbsp;&nbsp;&nbsp;&nbsp;&nbsp; 11.MORAR RARE\u0218 MIHAI <\/p>\n\n\n\n<p>&nbsp;&nbsp;&nbsp;&nbsp;&nbsp;&nbsp; 12.STURZ RAISA EMANUELA <\/p>\n\n\n\n<p>&nbsp;&nbsp;&nbsp;&nbsp; &nbsp;&nbsp;13.SUCIU ANDREI\u2013 TG.MURE\u0218<\/p>\n\n\n\n<p>&nbsp;&nbsp;&nbsp;&nbsp;&nbsp;&nbsp; 14.VANCIA ERIC <\/p>\n\n\n\n<p><strong>A4 \u2013<\/strong>15. ADAM\nTOMA &#8211; ALBA<\/p>\n\n\n\n<p>&nbsp;&nbsp;&nbsp;&nbsp;&nbsp;&nbsp;&nbsp; 16.BEUDEAN ILINCA \u2013 MARIA <\/p>\n\n\n\n<p>&nbsp;&nbsp;&nbsp;&nbsp;&nbsp;&nbsp;&nbsp; 17.COJOCARI AMALIA <\/p>\n\n\n\n<p>&nbsp;&nbsp;&nbsp;&nbsp;&nbsp;&nbsp;&nbsp; 18. GABOR \u0218TEFAN \u2013 IOAN <\/p>\n\n\n\n<p>&nbsp;&nbsp;&nbsp;&nbsp;&nbsp; &nbsp;&nbsp;19.GHEORGHIU\nDAMIAN <\/p>\n\n\n\n<p>&nbsp;&nbsp;&nbsp;&nbsp;&nbsp;&nbsp;&nbsp; 20.HARASEMIUC ELISEI &#8211; SUCEAVA<\/p>\n\n\n\n<p>&nbsp;&nbsp;&nbsp;&nbsp;&nbsp; &nbsp;&nbsp;21. H\u0102R\u0218AN F\u00c1RR MIRA <\/p>\n\n\n\n<p>&nbsp;&nbsp;&nbsp;&nbsp;&nbsp;&nbsp;&nbsp; 22.LUP\u0218A ARIANA <\/p>\n\n\n\n<p>&nbsp;&nbsp;&nbsp;&nbsp;&nbsp;&nbsp;&nbsp; 23.MIKL\u00d3S ANNA <\/p>\n\n\n\n<p>&nbsp;&nbsp;&nbsp;&nbsp;&nbsp;&nbsp;&nbsp; 24. MILEA IRIS <\/p>\n\n\n\n<p>&nbsp;&nbsp;&nbsp;&nbsp;&nbsp;&nbsp; &nbsp;25.MITRANA KARLA <\/p>\n\n\n\n<p>&nbsp;&nbsp;&nbsp;&nbsp;&nbsp;&nbsp;&nbsp; 26. MOGO\u0218AN SERGIU&nbsp; <\/p>\n\n\n\n<p>&nbsp;&nbsp;&nbsp;&nbsp;&nbsp;&nbsp;&nbsp; 27. NAGY NICHITA <\/p>\n\n\n\n<p>&nbsp;&nbsp;&nbsp;&nbsp;&nbsp;&nbsp;&nbsp; 28. NEGRU\u021a NATALIA \u2013 TG.MURE\u0218<\/p>\n\n\n\n<p>&nbsp;&nbsp;&nbsp;&nbsp;&nbsp;&nbsp; &nbsp;29. NICULAI DARIA <\/p>\n\n\n\n<p>&nbsp;&nbsp; &nbsp;&nbsp;&nbsp;&nbsp;&nbsp;30. OLTEAN ALEXANDRA <\/p>\n\n\n\n<p>&nbsp;&nbsp;&nbsp;&nbsp;&nbsp;&nbsp;&nbsp; 31. PA\u0218CA SILVAN <\/p>\n\n\n\n<p>&nbsp;&nbsp;&nbsp;&nbsp;&nbsp;&nbsp;&nbsp; 32. STAMATE MAYA <\/p>\n\n\n\n<p>&nbsp;&nbsp;&nbsp;&nbsp;&nbsp;&nbsp;&nbsp; 33.T\u0102R\u0102U \u2013 POP HANNA <\/p>\n\n\n\n<p>&nbsp;&nbsp;&nbsp;&nbsp;&nbsp;&nbsp;&nbsp; 34.V\u0102LEAN HANNAH <\/p>\n\n\n\n<p>&nbsp;&nbsp;&nbsp;&nbsp;&nbsp;&nbsp;&nbsp; 35.ZILERIU SONIA <\/p>\n\n\n\n<p><strong>A5 \u2013<\/strong>36.BARDOCZ\nCSONGOR <\/p>\n\n\n\n<p>&nbsp;&nbsp;&nbsp;&nbsp;&nbsp;&nbsp;&nbsp;&nbsp; 37.C\u00c2NDROI ADELINA \u2013 MARIA&nbsp; &#8211; ALBA<\/p>\n\n\n\n<p>&nbsp;&nbsp;&nbsp;&nbsp;&nbsp;&nbsp;&nbsp;&nbsp; 38.CIOTL\u0102U\u0218 ANNA <\/p>\n\n\n\n<p>&nbsp;&nbsp;&nbsp;&nbsp;&nbsp;&nbsp;&nbsp;&nbsp; 39.COSTEIU GLORIA \u2013 IRIS&nbsp; &#8211; ALBA<\/p>\n\n\n\n<p>&nbsp;&nbsp;&nbsp;&nbsp;&nbsp;&nbsp;&nbsp;&nbsp; 40.DAN ALEXANDRU MIHAI &#8211; ALBA<\/p>\n\n\n\n<p>&nbsp;&nbsp;&nbsp;&nbsp;&nbsp;&nbsp;&nbsp;&nbsp; 41.DAVID SARA EUNIS <\/p>\n\n\n\n<p>&nbsp;&nbsp;&nbsp;&nbsp;&nbsp;&nbsp;&nbsp;&nbsp; 42.DUMA ELIAS \u2013 CRISTIAN <\/p>\n\n\n\n<p>&nbsp;&nbsp;&nbsp;&nbsp;&nbsp;&nbsp;&nbsp;&nbsp; 43.GHEORGHIU DAVID <\/p>\n\n\n\n<p>&nbsp;&nbsp;&nbsp;&nbsp;&nbsp;&nbsp;&nbsp;&nbsp; 44.HULDU\u0218AN TEODORA <\/p>\n\n\n\n<p>&nbsp;&nbsp;&nbsp;&nbsp;&nbsp;&nbsp;&nbsp;&nbsp; 45.IGNAT SOFIA \u2013 ELENA <\/p>\n\n\n\n<p>&nbsp;&nbsp;&nbsp;&nbsp;&nbsp;&nbsp;&nbsp; 46. ILIE\u0218 ILINCA- MARIA <\/p>\n\n\n\n<p>&nbsp;&nbsp;&nbsp;&nbsp;&nbsp;&nbsp;&nbsp; 47.JURCOVE\u021a VLAD &nbsp;&#8211; ALBA<\/p>\n\n\n\n<p>&nbsp;&nbsp;&nbsp;&nbsp;&nbsp;&nbsp;&nbsp; 48.KULCS\u00c1R AMANDA \u2013 MABEL <\/p>\n\n\n\n<p>&nbsp;&nbsp;&nbsp;&nbsp;&nbsp;&nbsp;&nbsp; 49.LENGYEL ARON <\/p>\n\n\n\n<p>&nbsp;&nbsp;&nbsp;&nbsp;&nbsp;&nbsp;&nbsp; 50.MAIER BOGDAN<\/p>\n\n\n\n<p>&nbsp;&nbsp;&nbsp;&nbsp;&nbsp;&nbsp;&nbsp; 51.MAKSUTOVICI ENYA <\/p>\n\n\n\n<p>&nbsp;&nbsp;&nbsp;&nbsp;&nbsp;&nbsp;&nbsp; 52.MUNTEAN DARIUS DANIEL <\/p>\n\n\n\n<p>&nbsp;&nbsp;&nbsp;&nbsp;&nbsp;&nbsp;&nbsp; 53.MUNTEAN MIRUNA \u2013 ALBA<\/p>\n\n\n\n<p>&nbsp;&nbsp;&nbsp;&nbsp;&nbsp;&nbsp;&nbsp; 54.MUNTEAN ANTONIA \u2013 BIANCA&nbsp; &#8211; ALBA<\/p>\n\n\n\n<p>&nbsp;&nbsp;&nbsp;&nbsp;&nbsp;&nbsp; &nbsp;55.NAGY ZSANETT HAJNALKA <\/p>\n\n\n\n<p>&nbsp;&nbsp;&nbsp;&nbsp;&nbsp;&nbsp;&nbsp; 56.NICU ANA MARIA&nbsp; <\/p>\n\n\n\n<p>&nbsp;&nbsp;&nbsp;&nbsp;&nbsp;&nbsp;&nbsp; 57.PATACHI EVA \u2013 IOANA&nbsp; &#8211; ALBA<\/p>\n\n\n\n<p>&nbsp;&nbsp;&nbsp;&nbsp;&nbsp;&nbsp;&nbsp; 58.P\u00c1SZTOR ENDRE <\/p>\n\n\n\n<p>&nbsp;&nbsp;&nbsp;&nbsp;&nbsp;&nbsp;&nbsp; 59.PINTICAN ELIZA DARIA &nbsp;\u2013 B.MARE<\/p>\n\n\n\n<p>&nbsp;&nbsp;&nbsp;&nbsp;&nbsp;&nbsp;&nbsp; 60.POP CAMELIA &nbsp;\u2013 B.MARE<\/p>\n\n\n\n<p>&nbsp;&nbsp;&nbsp;&nbsp;&nbsp;&nbsp;&nbsp; 61.POPA IOANA &nbsp;\u2013 B.MARE<\/p>\n\n\n\n<p>&nbsp;&nbsp;&nbsp;&nbsp; &nbsp;&nbsp;&nbsp;62.SASU ELENA <\/p>\n\n\n\n<p>&nbsp;&nbsp;&nbsp;&nbsp;&nbsp;&nbsp;&nbsp; 63.TIMOFTE IOANA <\/p>\n\n\n\n<p>&nbsp;&nbsp;&nbsp;&nbsp;&nbsp;&nbsp;&nbsp; 64.\u021a\u0102REAN CASIANA&nbsp; &#8211; ALBA<\/p>\n\n\n\n<p>&nbsp;&nbsp;&nbsp;&nbsp;&nbsp;&nbsp;&nbsp; 65.URSU IOANA <\/p>\n\n\n\n<p>&nbsp;&nbsp;&nbsp;&nbsp;&nbsp;&nbsp;&nbsp; 66.V\u00c2RJAN LUANA <\/p>\n\n\n\n<p>&nbsp;&nbsp;&nbsp;&nbsp;&nbsp;&nbsp;&nbsp; 67.VELIMAN LEA \u2013 MIHAELA <\/p>\n\n\n\n<p><strong>A6 \u2013<\/strong>68.BANABIC\nMELISA <\/p>\n\n\n\n<p>&nbsp;&nbsp;&nbsp;&nbsp;&nbsp;&nbsp;&nbsp; 69.BO\u021aAC SARAH <\/p>\n\n\n\n<p>&nbsp;&nbsp;&nbsp;&nbsp;&nbsp;&nbsp;&nbsp; 70.CORDO\u0218 HARICLEA\u2013 TG.MURE\u0218<\/p>\n\n\n\n<p>&nbsp;&nbsp;&nbsp;&nbsp;&nbsp;&nbsp;&nbsp; 71.CRI\u0218AN GRETI CLARA <\/p>\n\n\n\n<p>&nbsp;&nbsp;&nbsp;&nbsp;&nbsp;&nbsp;&nbsp; 72.D\u0102IAN PHILIP <\/p>\n\n\n\n<p>&nbsp;&nbsp;&nbsp;&nbsp;&nbsp;&nbsp;&nbsp; 73.FODOR REBECCA ALEXANDRA\u2013 TG.MURE\u0218<\/p>\n\n\n\n<p>&nbsp;&nbsp;&nbsp;&nbsp;&nbsp;&nbsp;&nbsp; 74.GU\u021a\u0102 TUDOR \u2013 ALEXANDRU <\/p>\n\n\n\n<p>&nbsp;&nbsp;&nbsp;&nbsp;&nbsp;&nbsp;&nbsp; 75.ILEA MARIA <\/p>\n\n\n\n<p>&nbsp;&nbsp;&nbsp;&nbsp;&nbsp;&nbsp;&nbsp; 76.JOHNSON ELEANOR<\/p>\n\n\n\n<p>&nbsp;&nbsp;&nbsp;&nbsp;&nbsp;&nbsp;&nbsp; 77.MOLDOVAN VICTOR <\/p>\n\n\n\n<p>&nbsp;&nbsp;&nbsp;&nbsp;&nbsp;&nbsp;&nbsp; 78. NOIAN \u2013 URSA ELISA \u2013 PAULA &#8211; ALBA<\/p>\n\n\n\n<p>&nbsp;&nbsp;&nbsp;&nbsp;&nbsp;&nbsp;&nbsp; 79.OPREA ANDREEA <\/p>\n\n\n\n<p>&nbsp;&nbsp;&nbsp;&nbsp;&nbsp;&nbsp;&nbsp; 80.POP MAIA EMANUELA <\/p>\n\n\n\n<p>&nbsp;&nbsp;&nbsp;&nbsp;&nbsp;&nbsp; &nbsp;81.PU\u0218CA\u0218\nMIHAI <\/p>\n\n\n\n<p>&nbsp;&nbsp;&nbsp;&nbsp;&nbsp;&nbsp;&nbsp; 82.SCHIAU LUCAS \u2013 NOAH &#8211; ALBA<\/p>\n\n\n\n<p>&nbsp;&nbsp;&nbsp;&nbsp;&nbsp;&nbsp;&nbsp; 83.SZEKELY NANDOR <\/p>\n\n\n\n<p><strong>A7 \u2013<\/strong>84.BENCHE\nMEDEEA <\/p>\n\n\n\n<p>&nbsp;&nbsp;&nbsp;&nbsp;&nbsp;&nbsp;&nbsp; 85.BOANC\u0102 DAN <\/p>\n\n\n\n<p>&nbsp;&nbsp;&nbsp;&nbsp;&nbsp;&nbsp;&nbsp; 86.BODEA MAYA FLAVIA <\/p>\n\n\n\n<p>&nbsp;&nbsp;&nbsp;&nbsp;&nbsp;&nbsp;&nbsp; 87.BODOLEA IRINA <\/p>\n\n\n\n<p>&nbsp;&nbsp;&nbsp;&nbsp;&nbsp;&nbsp;&nbsp; 88.CIUMA\u0218 BIANCA ANDREEA&nbsp; \u2013 B\u0102L\u021aI<\/p>\n\n\n\n<p>&nbsp;&nbsp;&nbsp;&nbsp;&nbsp;&nbsp;&nbsp; 89.ELISEI MARIA ANDREEA <\/p>\n\n\n\n<p>&nbsp;&nbsp;&nbsp;&nbsp;&nbsp;&nbsp;&nbsp; 90.ILYES MIHAELA <\/p>\n\n\n\n<p>&nbsp;&nbsp;&nbsp;&nbsp;&nbsp;&nbsp; &nbsp;91.KISS DOROTTYA ESZTER <\/p>\n\n\n\n<p>&nbsp;&nbsp;&nbsp;&nbsp;&nbsp;&nbsp;&nbsp; 92.NECIU MARIA \u2013 GEORGIANA <\/p>\n\n\n\n<p>&nbsp;&nbsp;&nbsp;&nbsp;&nbsp;&nbsp;&nbsp; 93.TRIFESCU MARIA <\/p>\n\n\n\n<p>&nbsp;&nbsp;&nbsp;&nbsp;&nbsp;&nbsp;&nbsp; 94.TUDURACHE EDUARD <\/p>\n\n\n\n<p><strong>A8 \u2013<\/strong>95.BURSA\u0218IU\nMIHAI ALEXANDRU &nbsp;&#8211; ORADEA<\/p>\n\n\n\n<p>&nbsp;&nbsp;&nbsp;&nbsp;&nbsp;&nbsp;&nbsp;&nbsp; 96.H\u0102R\u0218AN F\u00c1RR ALIA&nbsp; <\/p>\n\n\n\n<p>&nbsp;&nbsp;&nbsp;&nbsp;&nbsp;&nbsp;&nbsp;&nbsp; 97.JURJ LUCIANA MARIA&nbsp; &#8211; ALBA<\/p>\n\n\n\n<p>&nbsp;&nbsp;&nbsp;&nbsp;&nbsp;&nbsp;&nbsp;&nbsp; 98.MORAR ANDRA \u2013 PAULA <\/p>\n\n\n\n<p>&nbsp;&nbsp;&nbsp;&nbsp;&nbsp;&nbsp;&nbsp;&nbsp; 99.MO\u021aOCAN FILIP <\/p>\n\n\n\n<p>&nbsp;&nbsp;&nbsp;&nbsp;&nbsp; &nbsp;100. PETREAN CASIAN&nbsp; &#8211; ALBA<\/p>\n\n\n\n<p>&nbsp;&nbsp;&nbsp;&nbsp;&nbsp;&nbsp; 101.PRODAN ELISA <\/p>\n\n\n\n<p>&nbsp;&nbsp;&nbsp;&nbsp;&nbsp;&nbsp; 102.RUSU ALEXIA ANA <\/p>\n\n\n\n<p>&nbsp;&nbsp;&nbsp;&nbsp;&nbsp;&nbsp; 103.STAN HANNAH <\/p>\n\n\n\n<p>&nbsp;&nbsp;&nbsp;&nbsp;&nbsp;&nbsp; 104.UIL\u0102CAN ALEXIA\u2013 TG.MURE\u0218<\/p>\n\n\n\n<p>&nbsp;&nbsp;&nbsp;&nbsp;&nbsp;&nbsp; 105.VELE DANIEL <\/p>\n\n\n\n<p><strong>A9 \u2013<\/strong>106.APOSTOL\nR\u0102ZVAN VALENTIN &#8211; BM<\/p>\n\n\n\n<p>&nbsp;&nbsp;&nbsp;&nbsp;&nbsp;&nbsp;&nbsp; 107.DAVID \u2013 KACSO KENDE <\/p>\n\n\n\n<p>&nbsp;&nbsp;&nbsp;&nbsp;&nbsp;&nbsp;&nbsp; 108.EGRI ANNA <\/p>\n\n\n\n<p>&nbsp;&nbsp;&nbsp;&nbsp;&nbsp;&nbsp;&nbsp; 109.HRUBAN ANDREI <\/p>\n\n\n\n<p>&nbsp;&nbsp;&nbsp;&nbsp;&nbsp;&nbsp;&nbsp; 110.VELIMAN SARA \u2013 GABRIELA <\/p>\n\n\n\n<p><strong>A10 \u2013<\/strong>111. ANCA\nIOANA DARIA&nbsp; &#8211; ALBA<\/p>\n\n\n\n<p>&nbsp;&nbsp;&nbsp;&nbsp;&nbsp;&nbsp;&nbsp; 112.BAN NATALIA <\/p>\n\n\n\n<p>&nbsp;&nbsp;&nbsp;&nbsp;&nbsp;&nbsp;&nbsp; 113.DUMA FLAVIUS <\/p>\n\n\n\n<p>&nbsp;&nbsp;&nbsp;&nbsp;&nbsp;&nbsp;&nbsp; 114.GOMBOS GERGELY <\/p>\n\n\n\n<p>&nbsp;&nbsp;&nbsp;&nbsp;&nbsp;&nbsp;&nbsp; 115.MEZEI THEODORE MIHAI <\/p>\n\n\n\n<p>&nbsp;&nbsp;&nbsp;&nbsp;&nbsp;&nbsp;&nbsp; 116.MURE\u0218AN FILIP &#8211; ORADEA<\/p>\n\n\n\n<p>&nbsp;&nbsp;&nbsp;&nbsp;&nbsp;&nbsp;&nbsp; 117.NAGY ELISABETA <\/p>\n\n\n\n<p>&nbsp;&nbsp;&nbsp;&nbsp;&nbsp;&nbsp;&nbsp; 118.ROBA CRISTIAN &#8211; ALBA<\/p>\n\n\n\n<p>&nbsp;&nbsp;&nbsp;&nbsp;&nbsp;&nbsp;&nbsp; 119.SZENKUTI ANNA <\/p>\n\n\n\n<p><strong>A11 \u2013<\/strong>120.ARPA\u0218\nANTONIA <\/p>\n\n\n\n<p>&nbsp;&nbsp;&nbsp;&nbsp;&nbsp;&nbsp; &nbsp;121.JANK\u00d3\nDEBORA <\/p>\n\n\n\n<p>&nbsp;&nbsp;&nbsp;&nbsp;&nbsp;&nbsp;&nbsp; 122.TALO\u0218 MARIA <\/p>\n\n\n\n<p>&nbsp;&nbsp;&nbsp;&nbsp;&nbsp;&nbsp;&nbsp; 123.VANCEA BIANCA <\/p>\n\n\n\n<p>&nbsp;&nbsp;&nbsp;&nbsp;&nbsp;&nbsp;&nbsp; 124.VOROPCIUC IZABELA MARIA <\/p>\n\n\n\n<p><strong>A12 \u2013<\/strong>125.ALDEA\nSERAFIM\u2013 ALBA<\/p>\n\n\n\n<p>&nbsp;&nbsp;&nbsp;&nbsp; &nbsp;&nbsp;&nbsp;&nbsp;126.BUCUR TUDOR&nbsp; \u2013 TG.MURE\u0218<\/p>\n\n\n\n<p>&nbsp;&nbsp;&nbsp;&nbsp;&nbsp;&nbsp;&nbsp;&nbsp; 127.GLIGOR \u2013 LUNGAN VLADIMIR &#8211; ALBA<\/p>\n\n\n\n<p>&nbsp;&nbsp;&nbsp;&nbsp;&nbsp;&nbsp;&nbsp;&nbsp; 128.K\u00d6NCZEI ESZTER <\/p>\n\n\n\n<p>&nbsp;&nbsp;&nbsp;&nbsp;&nbsp;&nbsp;&nbsp;&nbsp; 129.LELU\u021aIU OANA ALEXANDRA <\/p>\n\n\n\n<p>&nbsp;&nbsp;&nbsp;&nbsp;&nbsp;&nbsp;&nbsp;&nbsp; 130.SOLOMON DAVID RAOUL <\/p>\n\n\n\n<p>&nbsp;&nbsp;&nbsp; &nbsp;&nbsp;&nbsp;&nbsp;&nbsp;131.TIRIM DENIS <\/p>\n\n\n\n<p>&nbsp;&nbsp;&nbsp;&nbsp;&nbsp;&nbsp;&nbsp;&nbsp; 132.V\u0102LEAN ANDRA <\/p>\n\n\n\n<p><strong>A13 \u2013<\/strong>133.DRAGO\u0218\n&#8211; ROMAN CRISTIANA <\/p>\n\n\n\n<p>&nbsp;&nbsp;&nbsp;&nbsp;&nbsp;&nbsp;&nbsp;&nbsp;&nbsp; 134.F\u0102RCA\u0218 ADRIAN <\/p>\n\n\n\n<p>&nbsp;&nbsp;&nbsp;&nbsp;&nbsp;&nbsp;&nbsp;&nbsp;&nbsp; 135.IRIMIE\u0218 ANTIM <\/p>\n\n\n\n<p>&nbsp;&nbsp;&nbsp;&nbsp;&nbsp;&nbsp;&nbsp;&nbsp;&nbsp; 136.MIH\u0102LCEAN DUMITRU <\/p>\n\n\n\n<p>&nbsp;&nbsp;&nbsp;&nbsp;&nbsp;&nbsp;&nbsp;&nbsp;&nbsp; 137.PINTICAN ARA S\u00c2NZIANA\u2013 B.MARE<\/p>\n\n\n\n<p>&nbsp;&nbsp;&nbsp;&nbsp;&nbsp;&nbsp;&nbsp;&nbsp;&nbsp; 138.\u021a\u00c2RC RALUCA S\u00c2NZIANA <\/p>\n\n\n\n<p><strong>A14 \u2013<\/strong>139.BORZ\nANDRA <\/p>\n\n\n\n<p>&nbsp;&nbsp;&nbsp;&nbsp;&nbsp;&nbsp;&nbsp;&nbsp;&nbsp; 140.JAKAB ENDRE <\/p>\n\n\n\n<p>&nbsp;&nbsp;&nbsp;&nbsp;&nbsp;&nbsp;&nbsp;&nbsp; &nbsp;141.MARIAN DARIANA VALENTINA\u2013 B.MARE&nbsp;&nbsp;&nbsp;&nbsp;&nbsp; <\/p>\n\n\n\n<p>&nbsp;&nbsp;&nbsp; &nbsp;&nbsp;&nbsp;&nbsp;&nbsp;&nbsp;142.\u021aURCA\u0218 IULIA&nbsp; \u2013 ALBA<\/p>\n\n\n\n<p><\/p>\n\n\n\n<p><\/p>\n\n\n\n<p><\/p>\n\n\n\n<p><\/p>\n\n\n\n<p class=\"has-large-font-size\"><strong>SEC\u021aIUNEA B<\/strong><\/p>\n\n\n\n<p><strong>B0 \u2013<\/strong>143. ARTZ EMMA (B2) &nbsp;<\/p>\n\n\n\n<p>&nbsp;&nbsp;&nbsp;&nbsp;&nbsp;&nbsp;&nbsp; 144.SECHEI SARA <\/p>\n\n\n\n<p>&nbsp;&nbsp;&nbsp;&nbsp;&nbsp;&nbsp;&nbsp; 145.TOT LARISA MARIA <\/p>\n\n\n\n<p>&nbsp;&nbsp;&nbsp;&nbsp;&nbsp;&nbsp;&nbsp; 146.\u021aIPLEA PAUL <\/p>\n\n\n\n<p><strong>B1 \u2013<\/strong> 147.SOLOMON\nRAOUL MILAN&nbsp; <\/p>\n\n\n\n<p>&nbsp;&nbsp;&nbsp;&nbsp;&nbsp;&nbsp;&nbsp;&nbsp; 148.VANCEA CODRIANU AARON <\/p>\n\n\n\n<p><strong>B2 \u2013<\/strong> 149.BUT\nTUDOR <\/p>\n\n\n\n<p>&nbsp;&nbsp;&nbsp;&nbsp;&nbsp;&nbsp;&nbsp;&nbsp; 150.CE\u0218A \u2013 GOJE KARLA <\/p>\n\n\n\n<p>&nbsp;&nbsp;&nbsp;&nbsp;&nbsp;&nbsp;&nbsp;&nbsp; 151.CHIPER MARIA \u2013 SOFIA\u2013 BAC\u0102U<\/p>\n\n\n\n<p>&nbsp;&nbsp;&nbsp;&nbsp;&nbsp;&nbsp;&nbsp;&nbsp; 152.F\u00dcL\u0150P \u2013 POP VICTOR ANDREI <\/p>\n\n\n\n<p>&nbsp;&nbsp;&nbsp;&nbsp;&nbsp;&nbsp;&nbsp;&nbsp; 153.IE\u021aCU ELIZA MARIA <\/p>\n\n\n\n<p>&nbsp;&nbsp;&nbsp;&nbsp;&nbsp;&nbsp;&nbsp;&nbsp; 154.ONEA IRINA <\/p>\n\n\n\n<p>&nbsp;&nbsp; &nbsp;&nbsp;&nbsp;&nbsp;&nbsp;&nbsp;155.POJOGA\nALEX BOGDAN <\/p>\n\n\n\n<p>&nbsp;&nbsp;&nbsp;&nbsp;&nbsp;&nbsp;&nbsp;&nbsp; 156.PULBERE ANDREI <\/p>\n\n\n\n<p>&nbsp;&nbsp;&nbsp;&nbsp;&nbsp;&nbsp;&nbsp;&nbsp; 157.R\u0102DOI \u2013 RIGER DAMIAN&nbsp; <\/p>\n\n\n\n<p><strong>B3 \u2013<\/strong> 158.B\u0102LDEA\nELENA ALEXANDRA <\/p>\n\n\n\n<p>&nbsp;&nbsp;&nbsp;&nbsp;&nbsp;&nbsp;&nbsp;&nbsp; 159.B\u00c2RSAN SERAFIM <\/p>\n\n\n\n<p>&nbsp;&nbsp;&nbsp;&nbsp;&nbsp;&nbsp;&nbsp;&nbsp; 160.HATHAZI HENRIETTA&nbsp; <\/p>\n\n\n\n<p>&nbsp;&nbsp;&nbsp;&nbsp;&nbsp;&nbsp;&nbsp;&nbsp; 161.J\u00c4GER ANNA&nbsp; \u2013 B.MARE<\/p>\n\n\n\n<p>&nbsp;&nbsp;&nbsp;&nbsp;&nbsp;&nbsp;&nbsp;&nbsp; 162.MAKSUTOVICI KADORA <\/p>\n\n\n\n<p>&nbsp;&nbsp;&nbsp;&nbsp;&nbsp;&nbsp;&nbsp;&nbsp; 163.MELIAN FLORIAN ANDREI <\/p>\n\n\n\n<p>&nbsp;&nbsp;&nbsp;&nbsp;&nbsp;&nbsp;&nbsp;&nbsp; 164.PALFI DARIUS ANDREI&nbsp; \u2013 B.MARE<\/p>\n\n\n\n<p>&nbsp;&nbsp;&nbsp;&nbsp;&nbsp;&nbsp;&nbsp;&nbsp; 165.SAVU IOAN ALEXANDRU&nbsp; \u2013 B.MARE<\/p>\n\n\n\n<p>&nbsp;&nbsp;&nbsp;&nbsp;&nbsp;&nbsp;&nbsp;&nbsp; 166.STAUDER LUCA&nbsp; \u2013 B.MARE<\/p>\n\n\n\n<p>&nbsp;&nbsp;&nbsp;&nbsp;&nbsp;&nbsp;&nbsp;&nbsp; 167.\u021aIPLEA ALEXANDRU <\/p>\n\n\n\n<p><strong>B4 \u2013<\/strong> 168. D\u00c2RLEA\nNORA <\/p>\n\n\n\n<p>&nbsp;&nbsp;&nbsp;&nbsp;&nbsp;&nbsp;&nbsp;&nbsp; 169.GROSS MAIA-TEODORA <\/p>\n\n\n\n<p>&nbsp;&nbsp;&nbsp;&nbsp;&nbsp;&nbsp; &nbsp;&nbsp;170.MACARIE\nKAROLA <\/p>\n\n\n\n<p>&nbsp;&nbsp;&nbsp;&nbsp;&nbsp;&nbsp;&nbsp;&nbsp; 171.PET\u0150 RICHARD\nALEX&nbsp; \u2013 B.MARE<\/p>\n\n\n\n<p>&nbsp;&nbsp;&nbsp;&nbsp;&nbsp;&nbsp;&nbsp;&nbsp; 172.SUCIU ALEXANDRA&nbsp; <\/p>\n\n\n\n<p>&nbsp;&nbsp;&nbsp;&nbsp;&nbsp;&nbsp;&nbsp;&nbsp; 173.URECHE \u2013 NICULAI DAN <\/p>\n\n\n\n<p><strong>B5 \u2013<\/strong> 174.BAR\u0102U\nMATEI \u2013 THEODOR <\/p>\n\n\n\n<p>&nbsp;&nbsp;&nbsp;&nbsp;&nbsp;&nbsp;&nbsp;&nbsp; 175.BOANC\u0102 GEORGIA <\/p>\n\n\n\n<p>&nbsp;&nbsp;&nbsp;&nbsp;&nbsp;&nbsp;&nbsp;&nbsp; 176.C\u0102M\u0102R\u0102\u0218AN ALEXANDRA <\/p>\n\n\n\n<p>&nbsp;&nbsp;&nbsp;&nbsp;&nbsp;&nbsp;&nbsp;&nbsp; 177.C\u0102TINA\u0218 EMA &#8211; \u0218TEFANIA <\/p>\n\n\n\n<p>&nbsp;&nbsp;&nbsp;&nbsp;&nbsp;&nbsp;&nbsp;&nbsp; 178.CR\u0102CIUN MARIA <\/p>\n\n\n\n<p>&nbsp;&nbsp;&nbsp;&nbsp;&nbsp;&nbsp;&nbsp;&nbsp; 179.DRAGU NATALIA MARIA &nbsp;&#8211; BAC\u0102U<\/p>\n\n\n\n<p>&nbsp;&nbsp;&nbsp;&nbsp;&nbsp;&nbsp;&nbsp;&nbsp; 180.FANEA PATRICIA DIANA <\/p>\n\n\n\n<p>&nbsp;&nbsp;&nbsp;&nbsp;&nbsp;&nbsp;&nbsp;&nbsp; 181.F\u00dcL\u0150P \u2013 POP MIHAI TUDOR <\/p>\n\n\n\n<p>&nbsp;&nbsp;&nbsp;&nbsp;&nbsp;&nbsp;&nbsp;&nbsp; 182.LUCU\u0218 RADA MARIA&nbsp; \u2013 B.MARE<\/p>\n\n\n\n<p>&nbsp;&nbsp;&nbsp;&nbsp;&nbsp;&nbsp;&nbsp;&nbsp; 183.MOLDOVAN ANIA <\/p>\n\n\n\n<p>&nbsp;&nbsp;&nbsp;&nbsp;&nbsp;&nbsp;&nbsp;&nbsp; 184.MURARIU IOANA &nbsp;&#8211; BAC\u0102U<\/p>\n\n\n\n<p>&nbsp;&nbsp;&nbsp; &nbsp;&nbsp;&nbsp;&nbsp;&nbsp;185.PA\u0218CA\nIULIA <\/p>\n\n\n\n<p>&nbsp;&nbsp;&nbsp;&nbsp;&nbsp;&nbsp;&nbsp;&nbsp; 186.PAVEL MAIA <\/p>\n\n\n\n<p>&nbsp;&nbsp;&nbsp;&nbsp;&nbsp;&nbsp;&nbsp;&nbsp; 187.SOPORAN BRIANNA <\/p>\n\n\n\n<p>&nbsp;&nbsp;&nbsp;&nbsp;&nbsp;&nbsp;&nbsp;&nbsp; 188.TOMA LOIS <\/p>\n\n\n\n<p><strong>B6 \u2013<\/strong> 189.BALOG\nTONIA BEATRICE <\/p>\n\n\n\n<p>&nbsp;&nbsp;&nbsp;&nbsp;&nbsp;&nbsp;&nbsp;&nbsp; 190.CIOAT\u0102 IRINA&nbsp;&nbsp;&nbsp;&nbsp;&nbsp;&nbsp;&nbsp;&nbsp;&nbsp;&nbsp;&nbsp;&nbsp;&nbsp;&nbsp;&nbsp;&nbsp;&nbsp;&nbsp;&nbsp;&nbsp;&nbsp;&nbsp;&nbsp;&nbsp;&nbsp;&nbsp;&nbsp;&nbsp;&nbsp;&nbsp;&nbsp;&nbsp;&nbsp;&nbsp;&nbsp;&nbsp;&nbsp;&nbsp;&nbsp;&nbsp;&nbsp;&nbsp;&nbsp;&nbsp;&nbsp;&nbsp;&nbsp;&nbsp;&nbsp;&nbsp;\n<\/p>\n\n\n\n<p>&nbsp;&nbsp;&nbsp;&nbsp;&nbsp;&nbsp;&nbsp;&nbsp; 191.DRAGO\u0218 ROXANA <\/p>\n\n\n\n<p>&nbsp;&nbsp;&nbsp;&nbsp;&nbsp; &nbsp;&nbsp;&nbsp;192.NEAGO\u0218 CEZAR HORA\u021aIU&nbsp; &#8211; ORADEA<\/p>\n\n\n\n<p>&nbsp;&nbsp;&nbsp;&nbsp;&nbsp;&nbsp; &nbsp;&nbsp;193.POHRIB\nCRISTINA MARIA <\/p>\n\n\n\n<p>&nbsp;&nbsp;&nbsp;&nbsp;&nbsp;&nbsp;&nbsp;&nbsp; 194.POP ANA LUMINI\u021aA CIPRIANA <\/p>\n\n\n\n<p>&nbsp;&nbsp;&nbsp;&nbsp;&nbsp;&nbsp;&nbsp;&nbsp; 195.TOMA VICTORIA <\/p>\n\n\n\n<p><strong>B7 \u2013<\/strong> 196.CHI\u0218U\nGEORGE <\/p>\n\n\n\n<p>&nbsp;&nbsp;&nbsp;&nbsp;&nbsp;&nbsp;&nbsp;&nbsp; 197.CORBEANU EMMA-CRISTINA <\/p>\n\n\n\n<p>&nbsp;&nbsp;&nbsp;&nbsp;&nbsp;&nbsp;&nbsp;&nbsp; 198.JOZSAA EDUARD <\/p>\n\n\n\n<p>&nbsp;&nbsp;&nbsp;&nbsp;&nbsp;&nbsp;&nbsp;&nbsp; 199.K\u00c9PIR\u00d3 ORSOLYA <\/p>\n\n\n\n<p>&nbsp;&nbsp;&nbsp;&nbsp;&nbsp;&nbsp;&nbsp;&nbsp; 200.MOCAN ANA CATINCA <\/p>\n\n\n\n<p>&nbsp;&nbsp;&nbsp;&nbsp;&nbsp;&nbsp;&nbsp;&nbsp; 201.SZAT\u00c1MRI ANDR\u00c1S <\/p>\n\n\n\n<p>&nbsp;&nbsp;&nbsp;&nbsp; &nbsp;&nbsp;&nbsp;&nbsp;202.UDRESCU\nMARIA <\/p>\n\n\n\n<p><strong>B8 \u2013<\/strong> 203.BLENCHE\nGIULIA <\/p>\n\n\n\n<p>&nbsp;&nbsp;&nbsp;&nbsp;&nbsp;&nbsp;&nbsp;&nbsp; 204.COSTIN BOGDAN <\/p>\n\n\n\n<p>&nbsp;&nbsp;&nbsp;&nbsp;&nbsp;&nbsp;&nbsp;&nbsp; 205.COSTIN DIANA IOANA <\/p>\n\n\n\n<p>&nbsp;&nbsp;&nbsp;&nbsp;&nbsp;&nbsp;&nbsp;&nbsp; 206.MIH\u00c1LY DOROTTYA <\/p>\n\n\n\n<p>&nbsp;&nbsp;&nbsp;&nbsp;&nbsp;&nbsp;&nbsp;&nbsp; 207.NEGREA ALESIA \u2013 PAULA <\/p>\n\n\n\n<p>&nbsp;&nbsp;&nbsp;&nbsp;&nbsp;&nbsp;&nbsp;&nbsp; 208.NI\u0218TE DAM\u0218A PETRA CRISTINA <\/p>\n\n\n\n<p>&nbsp;&nbsp;&nbsp;&nbsp;&nbsp;&nbsp;&nbsp;&nbsp; 209.PRIGOAN\u0102 MARIA \u2013 ILINCA <\/p>\n\n\n\n<p>&nbsp;&nbsp;&nbsp;&nbsp;&nbsp;&nbsp;&nbsp;&nbsp; 210.SAVAN EMMA <\/p>\n\n\n\n<p>&nbsp;&nbsp;&nbsp;&nbsp;&nbsp;&nbsp;&nbsp;&nbsp; 211.TO\u0218A HANNA \u2013 ANTONIA <\/p>\n\n\n\n<p>&nbsp;&nbsp;&nbsp;&nbsp;&nbsp;&nbsp;&nbsp;&nbsp; 212.VIMAN RAU VEGAS <\/p>\n\n\n\n<p>&nbsp;&nbsp;&nbsp;&nbsp;&nbsp;&nbsp;&nbsp;&nbsp; 213.VOINEA \u0218TEFANIA \u2013 ALESIA <\/p>\n\n\n\n<p><strong>B9 \u2013<\/strong>&nbsp; 214.\u00c1BRAH\u00c1M D\u00d3RA <\/p>\n\n\n\n<p>&nbsp;&nbsp;&nbsp;&nbsp;&nbsp;&nbsp;&nbsp;&nbsp;&nbsp; 215.BRUMAR\nANA MAYA &nbsp;&#8211; SIBIU<\/p>\n\n\n\n<p>&nbsp;&nbsp;&nbsp;&nbsp;&nbsp;&nbsp;&nbsp;&nbsp; &nbsp;216.M\u0102CIUC\u0102 MIRUNA&nbsp; \u2013 BUCURE\u0218TI<\/p>\n\n\n\n<p><strong>B10 <\/strong>\u2013217.DANCIU\nELLA <\/p>\n\n\n\n<p><strong>B12 <\/strong>\u2013218.VOAIDE\u0218\nIOANA\u2013 TG.MURE\u0218<\/p>\n\n\n\n<p><\/p>\n\n\n\n<p><\/p>\n\n\n\n<p><\/p>\n\n\n\n<p><\/p>\n\n\n\n<p class=\"has-large-font-size\"><strong>SEC\u021aIUNEA C<\/strong><\/p>\n\n\n\n<p><strong>C1 \u2013<\/strong>219. &nbsp;B\u0102LDEA ELENA ALEXANDRA \u2013 MELIAN FLORIAN ANDREI\n<\/p>\n\n\n\n<p>&nbsp;&nbsp;&nbsp;&nbsp;&nbsp;&nbsp;&nbsp; 220. SIMON M\u00c1TY\u00c1S ANDR\u00c1S &#8211;&nbsp; SIMON GERG\u0150 P\u00c9TER <\/p>\n\n\n\n<p><strong>C2 \u2013<\/strong> 221.BORZA\nCRISTIAN IOAN \u2013 BORZA EMIL DANIEL <\/p>\n\n\n\n<p>&nbsp;&nbsp;&nbsp;&nbsp;&nbsp;&nbsp;&nbsp;&nbsp; 222.B\u00c1LINT PANNA &#8211;&nbsp; FOST\u00d3 PETRA <\/p>\n\n\n\n<p>&nbsp;&nbsp;&nbsp;&nbsp;&nbsp;&nbsp;&nbsp;&nbsp; 223.B\u0102G\u0102CEAN ILINCA \u2013 GHI\u0218A DAVID <\/p>\n\n\n\n<p>&nbsp;&nbsp;&nbsp;&nbsp;&nbsp;&nbsp;&nbsp;&nbsp; 224.COSTIN DIANA IOANA \u2013 PASC MIRUNA\nMARIA <\/p>\n\n\n\n<p>\u00a0\u00a0\u00a0\u00a0\u00a0\u00a0\u00a0\u00a0 225.FOLDES ANA EMILIA \u2013 GAVREA  ALEXANDRU <\/p>\n\n\n\n<p>&nbsp;&nbsp;&nbsp;&nbsp;&nbsp;&nbsp;&nbsp;&nbsp; 226.GN\u00c1NDT TAM\u00c1S &#8211; DOMOKOS M\u00c1RK <\/p>\n\n\n\n<p>&nbsp;&nbsp;&nbsp;&nbsp;&nbsp;&nbsp;&nbsp;&nbsp; 227.K\u00c9ZDI ANITA \u2013 NAGY ANITA <\/p>\n\n\n\n<p>&nbsp;&nbsp;&nbsp;&nbsp;&nbsp;&nbsp;&nbsp;&nbsp; 228.MOLDOVAN ANIA \u2013 MOLDOVAN MARIA <\/p>\n\n\n\n<p>&nbsp;&nbsp;&nbsp;&nbsp;&nbsp;&nbsp;&nbsp;&nbsp; 229.TULUC OANA ILINCA \u2013 SEBENI SOFIA\nSARA <\/p>\n\n\n\n<p><strong>C3 &#8211;&nbsp; <\/strong>230.BULIERIS VLAD ALEXANDRU-LASZLO\nRENATA IOANA-MITU ANDREI <\/p>\n\n\n\n<p>&nbsp;&nbsp;&nbsp;&nbsp;&nbsp;&nbsp;&nbsp;&nbsp; 231.C\u0102LIAN EMA \u2013 S\u00ceRBU TEODORA IASMINA\n<\/p>\n\n\n\n<p>&nbsp;&nbsp;&nbsp;&nbsp;&nbsp;&nbsp;&nbsp;&nbsp; 232.ARPA\u0218 ANTONIA &#8211; \u021a\u00c2RC RALUCA \u2013\nS\u00c2NZIANA &nbsp;&nbsp;&nbsp;&nbsp;&nbsp;&nbsp;&nbsp;&nbsp;&nbsp;<\/p>\n","protected":false},"excerpt":{"rendered":"<p>Loca\u021bia concursului : Muzeul Etnografic al Transilvaniei din Cluj-Napoca, str. Memorandumului nr. 21 PROGRAMAREA participan\u021bilor la Concursul Na\u021bional &nbsp; ,,PRIETENII MUZICII \u201d PRO PIANO &#8211; ROM\u00c2NIA CLUJ \u2013 NAPOCA : 22 \u2013 24 februarie 2019 VINERI \u2013 22 FEBRUARIE \u2013 2019 DESCHIDEREA CONCURSULUI 09 \u2013 10&nbsp; &#8211; B0, B1, B2, B3, B4 10 \u2013 11 [&hellip;]<\/p>\n","protected":false},"author":1,"featured_media":0,"parent":0,"menu_order":0,"comment_status":"closed","ping_status":"closed","template":"","meta":{"footnotes":""},"class_list":["post-5382","page","type-page","status-publish","hentry"],"_links":{"self":[{"href":"https:\/\/www.propiano.org\/romanian\/wp-json\/wp\/v2\/pages\/5382","targetHints":{"allow":["GET"]}}],"collection":[{"href":"https:\/\/www.propiano.org\/romanian\/wp-json\/wp\/v2\/pages"}],"about":[{"href":"https:\/\/www.propiano.org\/romanian\/wp-json\/wp\/v2\/types\/page"}],"author":[{"embeddable":true,"href":"https:\/\/www.propiano.org\/romanian\/wp-json\/wp\/v2\/users\/1"}],"replies":[{"embeddable":true,"href":"https:\/\/www.propiano.org\/romanian\/wp-json\/wp\/v2\/comments?post=5382"}],"version-history":[{"count":21,"href":"https:\/\/www.propiano.org\/romanian\/wp-json\/wp\/v2\/pages\/5382\/revisions"}],"predecessor-version":[{"id":5717,"href":"https:\/\/www.propiano.org\/romanian\/wp-json\/wp\/v2\/pages\/5382\/revisions\/5717"}],"wp:attachment":[{"href":"https:\/\/www.propiano.org\/romanian\/wp-json\/wp\/v2\/media?parent=5382"}],"curies":[{"name":"wp","href":"https:\/\/api.w.org\/{rel}","templated":true}]}}