{"id":5318,"date":"2018-09-01T12:04:00","date_gmt":"2018-09-01T12:04:00","guid":{"rendered":"http:\/\/www.propiano.org\/romanian\/?page_id=5318"},"modified":"2019-03-24T21:32:44","modified_gmt":"2019-03-24T21:32:44","slug":"formular-de-inscriere-2019","status":"publish","type":"page","link":"https:\/\/www.propiano.org\/romanian\/formular-de-inscriere-2019\/","title":{"rendered":"PROGRAMARE 2019"},"content":{"rendered":"\n<p><\/p>\n\n\n\n<h3 class=\"wp-block-heading\"><strong>PLANIFICAREA Concursului \u201dMUZICA ROMANEASCA\u201d, Editia a II-a, 30 &#8211; 31 martie 2019<\/strong><\/h3>\n\n\n\n<h4 class=\"wp-block-heading\"><\/h4>\n\n\n\n<h3 class=\"wp-block-heading\"><strong>Concursul \u201dMUZICA ROMANEASCA \/ PRO PIANO-ROMANIA \u201d\u2013&nbsp;&nbsp;se va desfasura \u00een Sala de Concerte a Colegiului National de Muzica \u201dGeorge Enescu\u201d din Bucuresti, str. Gheorghe Manu nr. 30.<\/strong><\/h3>\n\n\n\n<h3 class=\"wp-block-heading\"><\/h3>\n\n\n\n<h3 class=\"wp-block-heading\"><\/h3>\n\n\n\n<h3 class=\"wp-block-heading\"><strong>Galele laureatilor vor avea loc la Muzeul National \u201dGeorge Enescu\u201d: <\/strong><\/h3>\n\n\n\n<h4 class=\"wp-block-heading\"><strong>in AULA \u2013      joi 4 aprilie 2019, ora 16,30<\/strong><\/h4>\n\n\n\n<h4 class=\"wp-block-heading\"><strong>in Sala Cantacuzina(Salonul de Muzica) \u2013 sambata 6 aprilie 2019, ora 11,00<\/strong><\/h4>\n\n\n\n<ul class=\"wp-block-list\"><li><\/li><\/ul>\n\n\n\n<p><\/p>\n\n\n\n<p><\/p>\n\n\n\n<p><\/p>\n\n\n\n<h3 class=\"wp-block-heading\"><\/h3>\n\n\n\n<h3 class=\"wp-block-heading\"><strong>SAMBATA \u2013 30 martie 2019<\/strong><\/h3>\n\n\n\n<p><strong>DESCHIDEREA\nCONCURSULUI<\/strong><\/p>\n\n\n\n<p><strong>Ora 09,00 &#8211; B1(2013), B2(2012), B392011), B4(2010)<\/strong><\/p>\n\n\n\n<p><strong>Ora 09,30 \u2013 B5(2009), B6(2008)<\/strong><\/p>\n\n\n\n<p><strong>Ora 10,20 \u2013 B7(2007), B8(2006), B9(2005)<\/strong><\/p>\n\n\n\n<p><strong>PAUZA<\/strong><\/p>\n\n\n\n<p><strong>11,20 \u2013 B10(2004), B11(2003), Baltariu Ioana(A5), Popa David Octavian(A6), Lupa\u0219cu Leonid(A7), Cre\u021bu Antonio(A8), Garet Eva (A8), Petrescu Irina(A8), Constantin Iarin(A11)<\/strong><\/p>\n\n\n\n<p><strong>PREMIERE<\/strong><\/p>\n\n\n\n<p><\/p>\n\n\n\n<h3 class=\"wp-block-heading\"><strong>DUMINICA \u2013 31 martie 2019<\/strong><\/h3>\n\n\n\n<p><strong>Ora 09,00 \u2013 A3(2011), A4(2010), A5(2009)<\/strong><\/p>\n\n\n\n<p><strong>Ora 10,00 &#8211; &nbsp;A6(2008), A7(2007)<\/strong><\/p>\n\n\n\n<p><strong>Ora 11,00 \u2013 A8(2006), A12(2002), C(4 m\u00e2ini)<\/strong><\/p>\n\n\n\n<p><strong>PREMIERE<\/strong><strong><br>\n<\/strong><br><\/p>\n\n\n\n<h2 class=\"wp-block-heading\"><\/h2>\n\n\n\n<p><\/p>\n\n\n\n<h3 class=\"wp-block-heading\">Sambata 30 martie 2019&nbsp; &#8211; Sectiunea B<\/h3>\n\n\n\n<p><strong><br>\n<\/strong><\/p>\n\n\n\n<h4 class=\"wp-block-heading\"><strong>Ora 09,00<\/strong><\/h4>\n\n\n\n<ol class=\"wp-block-list\"><li>G\u0103inariu Sara Maria \u2013 B1(2013) <\/li><li>B\u0103ndoiu Luca \u2013 B2(2012)<\/li><li>Muraru Sabina Camelia \u2013 B2(2012)<\/li><li>Angelescu Victor-Mihai \u2013 B3(2011)<\/li><li>Nicolescu Ana Ambrozia \u2013 B3(2011)<\/li><li>Popa Nectarie \u2013 B3(2011)<\/li><li>Bl\u0103g\u0103u Ioana Hermina \u2013 B4(2010<\/li><li>Dinc\u0103 Elena C\u0103t\u0103lina \u2013 B5(2009)<\/li><li>Meru\u021b\u0103 Andrei Antonie\u2013 B5(2009)<\/li><li>\u015etef\u0103nescu Ruxandra\u2013 B5(2009)<\/li><li>Bolohan Vlad Tudor \u2013 B6(2008)<\/li><li>Ni\u0219te Dam\u0219a Petra\u2013 B6(2008)<\/li><li> Ra\u021b Natalia\u2013 B6(2008)<\/li><li>T\u0103nase Alexia\u2013 B6(2008)<\/li><\/ol>\n\n\n\n<p><\/p>\n\n\n\n<h4 class=\"wp-block-heading\"><strong>Ora10,15<\/strong><\/h4>\n\n\n\n<ol class=\"wp-block-list\"><li>Ionescu Teodora Elpidia \u2013 B7(2007)<\/li><li>Nicolescu David Stefan \u2013 B8(2006)<\/li><li>Popa Vlad Mihai\u2013 B8(2006)<\/li><li>Cartu Sonia Maria- B9(2005)<\/li><li>Ionescu Maria- B9(2005)<\/li><li>M\u0103ciuc\u0103 Miruna- B9(2005)<\/li><li>Popovici Calista Freya- B9(2005)<\/li><li>Porojan Vlad Mihnea- B9(2005)<\/li><li>Radosav Sasha- B9(2005)<\/li><\/ol>\n\n\n\n<h4 class=\"wp-block-heading\"><strong>Ora 11,15<\/strong><\/h4>\n\n\n\n<ol class=\"wp-block-list\"><li>Dumitrescu Alexia \u2013 B10(2004)<\/li><li>Mohora Maria Augusta \u2013\nB10(2004)<\/li><li>Popescu Alexandra Valentina \u2013\nB10(2004) <\/li><li>Scutelnicu Ana Maria \u2013\nB10(2004)<\/li><li>Tara Horia-Andrei \u2013 B10(2004)<\/li><li>Mihale Raluca \u2013 B11(2003)<\/li><li>Baltariu Ioana \u2013 A5(2009)<\/li><li>Popa David Octavian \u2013 A6(2008)<\/li><li>Lupa\u0219cu Leonid \u2013 A7(2007)<\/li><li>Cre\u021bu Antonio \u2013 A8(2006)<\/li><li>Garet Eva \u2013 A8(2006)<\/li><li>Petrescu Irina \u2013 A8(2006)<\/li><li>Constantin Iarin \u2013 A11(2003)<\/li><\/ol>\n\n\n\n<h4 class=\"wp-block-heading\"><strong>PREMIERE<br> <br> <\/strong><\/h4>\n\n\n\n<p><\/p>\n\n\n\n<h3 class=\"wp-block-heading\"><strong>Duminica 31 martie 2019 &#8211; Sectiunea A<\/strong><br><\/h3>\n\n\n\n<h2 class=\"wp-block-heading\">&nbsp;<\/h2>\n\n\n\n<h4 class=\"wp-block-heading\">Ora\n09,00<\/h4>\n\n\n\n<ol class=\"wp-block-list\"><li>Buzdugan Natalia \u2013 A3(2011)<\/li><li>Petre&nbsp; Catalin Andrei \u2013 A3(2011) <\/li><li>Petri\u0219or David Alexandru\u2013 A3(2011)<\/li><li>Rusu&nbsp; Irina Ana Maria\u2013 A4(2010)<\/li><li>Timingeriu\nMaria\u2013 A4(2010)<\/li><li>Antohe\n&nbsp;Crina-\u0218tefania \u2013\nA5(2009)<\/li><li>Bondila\nPaul Marian \u2013 A5(2009)<\/li><li>Gheorghe\nCristian \u2013 A5(2009)<\/li><li>Gheorghe\nNicolas Gyorgio\u2013A5(2009) <\/li><li>Modrescu Ioan Cristian \u2013\nA5(2009) <\/li><li>Neamtu Maria Diana \u2013 A5(2009)<\/li><li>Nedelcu Cristian \u2013 A5(2009)<\/li><\/ol>\n\n\n\n<h4 class=\"wp-block-heading\">Ora\n10,00<\/h4>\n\n\n\n<ol class=\"wp-block-list\"><li>Coman Emma Camelia \u2013 A6(2008)<\/li><li>Damian Drago\u0219 \u2013 A6(2008)<\/li><li>Irimia Bogdan Mihai \u2013 A7(2007)<\/li><li>Leu Sara-Adriana \u2013 A7(2007)<\/li><li>Mirzac Maria Alexandra \u2013 A7(2007)<\/li><li>Sava Iasmina Maria \u2013 A7(2007)<\/li><li>Ungureanu Matei Alexandru \u2013 A7(2007)<\/li><li>Vasile Maria Casandra \u2013 A7(2007)<\/li><li> M\u00eerzac Andreea Camelia \u2013 B4(2010)  <\/li><\/ol>\n\n\n\n<h4 class=\"wp-block-heading\">Ora\n11,00<\/h4>\n\n\n\n<ol class=\"wp-block-list\"><li>Badea Bianca Ana \u2013 A8(2006)<\/li><li>B\u0103da\u0219cu Maria \u2013 A8(2006)<\/li><li>Condrat Iris-Maria \u2013 A8(2006)<\/li><li>Ilie Ana-Maria \u2013 A8(2006)<\/li><li>Prister Victor \u2013 Emanuel \u2013  A12(2002) <\/li><li><strong>Vasilescu Gabriela(4 m\u00e2ini) &#8211; C<\/strong><\/li><\/ol>\n\n\n\n<h4 class=\"wp-block-heading\"><strong>PREMIERE<\/strong><strong><\/strong><\/h4>\n\n\n\n<p><\/p>\n\n\n\n<p><\/p>\n\n\n\n<p><\/p>\n\n\n\n<p><a href=\"https:\/\/docs.google.com\/forms\/d\/e\/1FAIpQLSdsKYQTGTdMWzGfarEb1AjAGNuL0-BjDXJtnRkucuD0xEA3eg\/viewform\">https:\/\/docs.google.com\/forms\/d\/e\/1FAIpQLSdsKYQTGTdMWzGfarEb1AjAGNuL0-BjDXJtnRkucuD0xEA3eg\/viewform<\/a><\/p>\n","protected":false},"excerpt":{"rendered":"<p>PLANIFICAREA Concursului \u201dMUZICA ROMANEASCA\u201d, Editia a II-a, 30 &#8211; 31 martie 2019 Concursul \u201dMUZICA ROMANEASCA \/ PRO PIANO-ROMANIA \u201d\u2013&nbsp;&nbsp;se va desfasura \u00een Sala de Concerte a Colegiului National de Muzica \u201dGeorge Enescu\u201d din Bucuresti, str. Gheorghe Manu nr. 30. Galele laureatilor vor avea loc la Muzeul National \u201dGeorge Enescu\u201d: in AULA \u2013 joi 4 aprilie [&hellip;]<\/p>\n","protected":false},"author":1,"featured_media":0,"parent":0,"menu_order":0,"comment_status":"closed","ping_status":"closed","template":"","meta":{"footnotes":""},"class_list":["post-5318","page","type-page","status-publish","hentry"],"_links":{"self":[{"href":"https:\/\/www.propiano.org\/romanian\/wp-json\/wp\/v2\/pages\/5318","targetHints":{"allow":["GET"]}}],"collection":[{"href":"https:\/\/www.propiano.org\/romanian\/wp-json\/wp\/v2\/pages"}],"about":[{"href":"https:\/\/www.propiano.org\/romanian\/wp-json\/wp\/v2\/types\/page"}],"author":[{"embeddable":true,"href":"https:\/\/www.propiano.org\/romanian\/wp-json\/wp\/v2\/users\/1"}],"replies":[{"embeddable":true,"href":"https:\/\/www.propiano.org\/romanian\/wp-json\/wp\/v2\/comments?post=5318"}],"version-history":[{"count":15,"href":"https:\/\/www.propiano.org\/romanian\/wp-json\/wp\/v2\/pages\/5318\/revisions"}],"predecessor-version":[{"id":5796,"href":"https:\/\/www.propiano.org\/romanian\/wp-json\/wp\/v2\/pages\/5318\/revisions\/5796"}],"wp:attachment":[{"href":"https:\/\/www.propiano.org\/romanian\/wp-json\/wp\/v2\/media?parent=5318"}],"curies":[{"name":"wp","href":"https:\/\/api.w.org\/{rel}","templated":true}]}}