{"id":5294,"date":"2018-09-01T11:50:56","date_gmt":"2018-09-01T11:50:56","guid":{"rendered":"http:\/\/www.propiano.org\/romanian\/?page_id=5294"},"modified":"2019-05-27T23:51:56","modified_gmt":"2019-05-27T23:51:56","slug":"regulament-2019","status":"publish","type":"page","link":"https:\/\/www.propiano.org\/romanian\/regulament-2019\/","title":{"rendered":"Regulament 2019   PPR"},"content":{"rendered":"<h3><strong>Regulamentul Concursului International de Interpretare Pianistica<\/strong><\/h3>\n<h3><strong>\u201cPRO PIANO-ROM\u00c2NIA\u201d, Editia a XXIII-a, 12 \u2013 16 iunie 2019<\/strong><\/h3>\n<p><strong>\u00a0<\/strong><\/p>\n<p>Concursul Interna\u021bional \u201cPRO-PIANO-ROM\u00c2NIA\u201d este deschis tinerilor piani\u0219ti de orice na\u021bionalitate, n\u0103scu\u021bi dup\u0103 1 ianuarie 1989 \u0219i se desf\u0103\u0219oar\u0103 \u00een 4 sec\u021biuni: A(Junior 1 \u0219i Junior 2),\u00a0B(cu 8 categorii), C \u0219i D(4 m\u00e2ini),\u00a0divizate la r\u00e2ndul lor \u00een categorii, \u00een func\u021bie de anul de na\u0219tere al concuren\u021bilor:<\/p>\n<p><strong>SEC\u021aIUNEA \u00a0A<\/strong>\u00a0<strong><em>\u00a0(o etap\u0103)<\/em><\/strong>\u00a0cu 2 subsec\u021biuni:<\/p>\n<p><strong>Junior 1(A1, A2) \u0219i Junior 2(A3 \u0219i A4)\u00a0<\/strong><\/p>\n<p><strong>Junior 1\u00a0\u2013 minutaj maxim 5\u2032<\/strong><\/p>\n<p>Cat A1 \u2013 n\u0103scu\u021bi \u00een anul 2012(\u0219i dup\u0103)<\/p>\n<p>Cat. A2 \u2013 2011<\/p>\n<p><strong>Repertoriu:<\/strong><\/p>\n<ol>\n<li>a) un studiu<\/li>\n<li>b) dou\u0103 piese diferite ca stil<\/li>\n<\/ol>\n<p><strong>Junior 2 \u2013\u00a0minutaj maxim 8\u2019<\/strong><\/p>\n<p>Cat. A3 \u2013 2010<\/p>\n<p>Cat. A4 \u2013 2009<\/p>\n<p><strong>Repertoriu:<\/strong><\/p>\n<ol>\n<li>a) un studiu;<\/li>\n<li>b) o pies\u0103 preclasic\u0103;<\/li>\n<li>c) o pies\u0103 clasic\u0103, romantic\u0103 sau modern\u0103 (una la alegere)<\/li>\n<\/ol>\n<p><strong>SEC\u021aIUNEA \u00a0B<\/strong>\u00a0\u2013 8 categorii<em>\u00a0<strong>(2 etape)<\/strong><\/em>\u00a0\u2013 n\u0103scu\u021bi \u00een anii:<\/p>\n<p>Cat. 1-a \u2013 \u00a0\u00a0\u00a02008 \u00a0\u2013 minutaj maxim:10\u2019(pt. etapa aII-a)<\/p>\n<p>Cat. a 2-a \u2013 2007<\/p>\n<p>Cat. a 3-a \u2013 2006<\/p>\n<p>Cat. a 4-a \u2013 2005<\/p>\n<p>Cat. a 5-a \u2013 2004 \u2013 minutaj maxim: 15\u2019(pt etapa a II-a)<\/p>\n<p>Cat a 6-a \u2013 2003<\/p>\n<p>Cat. a 7-a \u2013 2002 \u2013 minutaj maxim: 20\u2019(pt etapa a \u00a0II-a)<\/p>\n<p>Cat. a 8-a \u2013 2001 \u2013 1999<\/p>\n<p>Repertoriul\u00a0Sec\u021biunii B (2 etape):<\/p>\n<p><strong><em>Etapa I\u00a0(eliminatorie):<\/em><\/strong><\/p>\n<ol>\n<li>a) un studiu;<\/li>\n<li>b) o piesa preclasic\u0103(baroc\u0103) \u2013 Bach, Haendel, Scarlatti, Rameau, etc<\/li>\n<\/ol>\n<p><strong><em>Etapa a II-a:<\/em><\/strong><\/p>\n<ol>\n<li>a) O pies\u0103 clasic\u0103: PI de Sonat\u0103, sau Tema cu varia\u021biuni, sau\u00a0Rondo(piesa de sine st\u0103t\u0103toare)<\/li>\n<li>b) O pies\u0103 romantic\u0103, modern\u0103 sau rom\u00e2neasc\u0103 (una, la alegere)<\/li>\n<\/ol>\n<p><strong>SEC\u021aIUNEA \u00a0C<\/strong>\u00a0\u2013<strong>\u00a0<em>(2 etape )<\/em><\/strong>\u00a0n\u0103scu\u021bi dup\u0103 1989<\/p>\n<p>Repertoriu:<\/p>\n<p><strong><em>Etapa I (eliminatorie):<\/em><\/strong><\/p>\n<ol>\n<li>a) Dou\u0103 studii de virtuozitate(Chopin, Liszt, Schumann, Rahmaninov, Debussy, Skriabin, Prokofiev)<\/li>\n<li>b) J. S. Bach \u2013 Preludiu \u0219i fug\u0103 sau 2-3 mi\u0219c\u0103ri(p\u0103r\u021bi) din Suite, Partite<\/li>\n<\/ol>\n<p><strong><em>Etapa a II-a\u00a0(finala))- maxim 40\u2019<\/em><\/strong><\/p>\n<p>Recital cu piese la alegere \u00eentre\u00a0: sonat\u0103 clasic\u0103, pies\u0103 romantic\u0103, pies\u0103 modern\u0103( din repertoriul universal sau rom\u00e2nesc)<\/p>\n<p>Se poate concura la dou\u0103 categorii: cea a v\u00e2rstei concurentului \u0219i la o categorie superioar\u0103, dar cu repertorii diferite.<\/p>\n<p><strong>SEC\u021aIUNEA \u00a0D<\/strong>\u00a0\u2013 Ansamblu la 4 m\u00e2ini pe un pian\u2013<strong><em>\u00a0(o etap\u0103):<\/em><\/strong><\/p>\n<p><strong>Cat. 1<\/strong>\u00a0\u2013 n\u0103scu\u021bi intre 2011 \u2013 2006<\/p>\n<p><strong>Cat. a 2<\/strong>-a-n\u0103scu\u021bi intre 2005 \u2013 2000<\/p>\n<p><strong>Cat. a 3<\/strong>-a-n\u0103scu\u021bi intre 1999- 1989(ca v\u00e2rst\u0103, unul din parteneri poate dep\u0103\u0219i limita cu 1-2 ani, cu condi\u021bia ca cel\u0103lalt sa fie p\u00e2n\u0103 \u00een 30 ani).<\/p>\n<p>Repertoriul\u00a0sec\u021biunii D: piese la alegere, cu urm\u0103torul minutaj maxim:<\/p>\n<p>cat. 1 \u2013 7\u2019\u00a0\u00a0\u00a0\u00a0\u00a0\u00a0\u00a0\u00a0\u00a0\u00a0\u00a0\u00a0\u00a0 \u00a0 \u00a0\u00a0\u00a0 cat. a 2-a \u2013 15\u2019\u00a0\u00a0\u00a0\u00a0\u00a0\u00a0\u00a0 \u00a0\u00a0\u00a0\u00a0\u00a0\u00a0\u00a0\u00a0\u00a0\u00a0\u00a0\u00a0\u00a0 cat. a 3-a \u201330\u2032\u00a0\u00a0\u00a0\u00a0 Repertoriul comunicat prin cererea de \u00eenscriere nu poate fi modificat ulterior. Ordinea de interpretare a pieselor este la libera alegere a candida\u021bilor. \u00cen cazul dep\u0103\u0219irii duratei maxime stabilite pentru etapa a II-a,\u00a0 juriul va \u00eentrerupe evolu\u021bia candidatului. Toate probele sunt publice.<\/p>\n<p>Ordinea intr\u0103rii \u00een concurs este cea alfabetic\u0103 pentru fiecare categorie de v\u00e2rst\u0103.<\/p>\n<p><strong>Inscrierile &#8211; p\u00e2n\u0103 la<em> data de 29 mai 2019, iar programarea prezent\u0103rii \u00een concurs &#8211; 5 iunie(seara)<\/em><\/strong><\/p>\n<p><strong>Modalit\u0103\u021bi de \u00eenscriere):<\/strong><\/p>\n<ul>\n<li>este preferat\u0103 \u00eenscrierea online, care const\u0103 \u00een simpla completare a formularului aflat fie \u00een bara de sus, fie \u00een dreptunghiul din dreapta paginii de prezentare, neap\u0103rat cu toate datele, de la adresa:\u00a0<strong>Romana\/Concurs\/ Formular de inscriere concurs de pian 2019<\/strong>. Pentru sec\u021biunea D(4 m\u00e2ini) se vor \u00eenscrie ambele nume(cu datele respective)\u00a0<strong>pe un singur\u00a0formular<\/strong>.<\/li>\n<\/ul>\n<p><strong>Alte c\u0103i de \u00eenscriere:<\/strong><\/p>\n<ul>\n<li>po\u0219t\u0103 rapid\u0103(DHL) sau plic simplu( nu recomandat), pe adresa secretariatului Funda\u021biei Culturale \u201cPRO PIANO-ROM\u00c2NIA\u201d-aleea P\u0103durea Craiului nr.1, Bloc H3, Scara 1, Ap. 11, sector 3, Cod 032719, Of. Post 57, Bucure\u0219ti pentru d-na prof. Stela Avesalon, tel: 0722382626<\/li>\n<li>direct la organizator(unde se poate pl\u0103ti \u0219i dona\u021bia), dar numai \u00een ziua de marti 21 mai, la Colegiul de Muzic\u0103 \u201dGeorge Enescu\u201d, intre orele 8 &#8211; 15 si s\u00e2mb\u0103t\u0103 25 mai intre orele 11 &#8211; 12(la cancelarie).<\/li>\n<\/ul>\n<h4><strong>Important: <\/strong><\/h4>\n<p><strong>prin ap\u0103sarea butonului de trimitere a formularului de \u00eenscriere online sau prin depunerea \u00eenscrierii prin celelalte modalit\u0103\u021bi indicate, <u>V\u0102 DA\u021aI ACORDUL<\/u> pentru prelucrarea datelor cu caracter personal, care vor fi folosite de c\u0103tre organizatori numai \u00een scopul strict al \u00a0\u00eenscrierii la acest concurs. \u00a0<\/strong><\/p>\n<h4><strong>Documente necesare \u00eenscrierii<\/strong>( scanate \u00een prealabil):<\/h4>\n<ul>\n<li style=\"list-style-type: none;\">\n<ul>\n<li>formularul de \u00eenscriere tip(aflat la sf\u00e2r\u0219itul acestui Regulament) \u2013 completat cu toate datele cerute<\/li>\n<li>certificat de na\u0219tere (copie)<\/li>\n<li>chitan\u021ba doveditoare pentru plata\u00a0<u>dona\u021biei\u00a0de \u00eenscriere(conform celor specificate mai jos)<\/u><\/li>\n<li>fotografie 4\/5 cm, tip pa\u0219aport(de buna calitate)Dona\u021bia de \u00eenscriere:Termenul limit\u0103 pentru \u00eenscrierea la concurs este data de 29 mai 2019. Cheltuielile de transport, cazare, mas\u0103 vor fi suportate de c\u0103tre participan\u021bi. Se vor \u00eenregistra numai dosarele complete(completari ulterioare nu sunt admise).<\/li>\n<\/ul>\n<\/li>\n<\/ul>\n<p><strong>Dona\u021bia de \u00eenscriere:<\/strong><\/p>\n<p>Sec\u021biunea <strong>A <\/strong>\u2013 200 lei; sec\u021biunea <strong>B<\/strong> \u2013 250 lei; sec\u021biunea <strong>C<\/strong> \u2013 300 lei; sec\u021biunea <strong>D<\/strong> \u2013 200 lei\/cuplu. Aceast\u0103 sum\u0103 va fi trimis\u0103 in contul Funda\u021biei \u201cPro Piano -Rom\u00e2nia\u201d deschis la B C R \u2013 Sector 3, Bucure\u0219ti: Cod IBAN nr. RO85RNCB0074029228740001 \/ Cod fiscal 9099960.<\/p>\n<p>Urmariti program\u0103rile intr\u0103rii \u00een Concurs dup\u0103 data de\u00a0<strong><em>05 iunie\u00a02019<\/em><\/strong>\u00a0in link-ul:\u00a0\u00a0<a href=\"http:\/\/www.propiano.org\/romanian\/programare-2019\/\">Concurs de Pian 2019-Programare<\/a> \u0219i v\u0103 rug\u0103m s\u0103 ne \u00a0semnala\u021bi\u00a0 eventualele neclarit\u0103\u021bi sau omisiuni legate de numele participantului, incadrarea lui, etc(prin SMS\u00a0sau Mail). In caz de neprezentare la concurs taxa nu se restituie. Cheltuielile de transport, cazare, mas\u0103 vor fi suportate de c\u0103tre participan\u021bi.<\/p>\n<p><strong>Premii:<\/strong><\/p>\n<p>* TROFEUL &#8211; Marele Premiu al Concursului Interna\u021bional \u201cPro Piano \u2013 Rom\u00e2nia\u201d<\/p>\n<p>* C\u00e2te 5 (cinci) premii la fiecare categorie, inclusiv Premiul I de Excelen\u021b\u0103<\/p>\n<p>* Premii speciale<\/p>\n<p>* Premiul pentru interpretarea de excep\u021bie a unei piese rom\u00e2ne\u0219ti sau a unei alte piese din repertoriul prezentat<\/p>\n<p>*Premiul \u201dGEORGETA\u00a0 SANDU\u201d<\/p>\n<p>* Premii din partea sponsorilor<\/p>\n<p>Participan\u021bilor din categoria A, care nu s-au calificat pentru unul dintre premiile anun\u021bate \u00een capitolul 4, precum \u0219i celor care nu au promovat \u00een etapa urm\u0103toare(categoriile B \u0219i C), li se vor acorda (numai la cererea lor) Diplom\u0103 de participare \u00a0sau respectiv de semifinalist sau finalist.<\/p>\n<p>Toate premiile concursului vor fi \u00eenm\u00e2nate personal laurea\u021bilor \u00een festivitatea de premiere \u2013 Gala laurea\u021bilor. To\u021bi laurea\u021bii sunt ruga\u021bi s\u0103 se prezinte\u00a0<strong><em><u>\u00een \u021binut\u0103 de gal\u0103(nu se mai admit excep\u021bii)<\/u><\/em><\/strong>\u00a0la festivitatea de premiere(\u00een caz contrar, nu vor fi accepta\u021bi \u00een pozele de grup).<\/p>\n<p>\u2013\u00a0Important:<em>\u00a0\u00een caz de neprezentare personal\u0103\u00a0in gal\u0103, este obligatorie delegarea unei alte persoane pentru ridicarea premiului(se va semna intr-un tabel special numele pentru care se ridic\u0103 premiul). Funda\u021bia nu-\u0219i ia angajamentul trimiterilor ulterioare(nici prin posta, nici pe alta cale).<\/em><\/p>\n<p><strong>Juriul\u00a0concursului<\/strong>\u00a0va fi alc\u0103tuit din personalit\u0103\u021bi ale vietii muzicale rom\u00e2ne\u0219ti \u0219i interna\u021bionale.<\/p>\n<p><strong>Hot\u0103r\u00e2rile juriului sunt definitive \u0219i inatacabile.<\/strong>\u00a0Din momentul \u00eenscrierii la concurs, candida\u021bii accept\u0103 prezentul regulament \u0219i auroritatea juriului.<\/p>\n<p>Pentru eventualele \u00eenregistr\u0103ri audio-video concuren\u021bii nu vor putea solicita onorariu.<\/p>\n<p><strong>Informa\u021bii suplimentare<\/strong> se pot ob\u021bine prin:<\/p>\n<p>Tel\/mobil : <strong>0722.38.26.26\u00a0<\/strong>(\u00een afara orelor 14-17)<\/p>\n<p>E-mail :\u00a0propiano@gmail.com<\/p>\n<p>Web page:\u00a0<a href=\"http:\/\/www.propiano.org\/\">www.propiano.org<\/a><\/p>\n<p><strong>Important\u00a0: orice cerere\u00a0 de\u00a0completare sau schimbare\u00a0a repertoriului se va face prin\u00a0SMS sau e-mail(nu\u00a0prin telefon).<\/strong><\/p>\n<p>Fiind Concurs International\u00a0 nu\u00a0se admit cereri speciale pentru programari in anumite zile sau ore.<\/p>\n<h4><\/h4>\n<h4><\/h4>\n<h4><\/h4>\n<h4><strong>FORMULAR de INSCRIERE<\/strong><\/h4>\n<p><strong>Concursul Interna\u021bional de interpretare pianistic\u0103 \u201cPRO PIANO-ROM\u00c2NIA\u201d,\u00a0<\/strong><strong>Edi\u021bia a XXIII- a, 12 \u201316 iunie 2019<\/strong><\/p>\n<p>(se va folosi in caz de imposibilitate de\u00a0completare a formularului online)<\/p>\n<p><strong>Concurent:<\/strong><\/p>\n<ol>\n<li>Nume\u2026\u2026\u2026\u2026\u2026\u2026\u2026\u2026\u2026\u2026\u2026\u2026\u2026\u2026\u2026\u2026\u2026\u2026<\/li>\n<li>Prenume\u2026\u2026\u2026\u2026\u2026\u2026\u2026\u2026\u2026\u2026\u2026\u2026\u2026\u2026\u2026\u2026<\/li>\n<li>\u021aara \u2013 cet\u0103\u021benia\u2026\u2026\u2026\u2026\u2026\u2026\u2026\u2026\u2026\u2026\u2026\u2026.<\/li>\n<li>Data na\u0219terii\u2026\u2026\u2026\u2026\u2026\u2026\u2026\u2026\u2026\u2026\u2026\u2026\u2026\u2026<\/li>\n<\/ol>\n<p>Cod numeric personal\u2026\u2026\u2026\u2026\u2026\u2026\u2026\u2026\u2026<\/p>\n<ol start=\"5\">\n<li>Domiciliul(adresa complet\u0103)\u2026\u2026\u2026\u2026<\/li>\n<li>Tel\/Fax\u2026\u2026\u2026\u2026\u2026\u2026\u2026\u2026\u2026\u2026\u2026\u2026\u2026\u2026\u2026\u2026\u2026<\/li>\n<\/ol>\n<p>E-mail\u2026\u2026\u2026\u2026\u2026\u2026\u2026\u2026\u2026\u2026\u2026\u2026\u2026\u2026\u2026\u2026\u2026\u2026<\/p>\n<ol start=\"7\">\n<li>\u0218coala\/liceu\u2026\u2026\u2026\u2026\u2026\u2026\u2026\u2026\u2026\u2026\u2026\u2026\u2026\u2026<\/li>\n<li>Curriculum vitae(dac\u0103 este voluminos, se va atasa separat)<\/li>\n<\/ol>\n<p><strong>Profesor \u00eendrum\u0103tor:<\/strong><\/p>\n<p>Nume si prenume\u2026\u2026\u2026\u2026\u2026\u2026\u2026\u2026\u2026\u2026\u2026\u2026<\/p>\n<p>Tel\/Fax\u2026\u2026\u2026\u2026\u2026\u2026\u2026\u2026\u2026\u2026\u2026\u2026\u2026\u2026\u2026\u2026\u2026\u2026\u2026.<\/p>\n<p>E-mail\u2026\u2026\u2026\u2026\u2026\u2026\u2026\u2026\u2026\u2026\u2026\u2026\u2026\u2026\u2026\u2026\u2026\u2026\u2026<\/p>\n<p><strong>Repertoriu\u00a0<\/strong>:<\/p>\n<ul>\n<li><strong>Sectiunea A<\/strong>(Junior\u00a01\u00a0sau\u00a0Junior 2)\u00a0<strong>\u0219i D<\/strong>(se va sublinia sec\u021biunea dorit\u0103) \u2013\u00a0<strong>o etap\u0103<\/strong>:<\/li>\n<\/ul>\n<p>a\u2026\u2026\u2026\u2026\u2026\u2026\u2026\u2026\u2026\u2026\u2026\u2026\u2026\u2026\u2026\u2026\u2026\u2026\u2026\u2026\u2026\u2026\u2026.<\/p>\n<p>b\u2026\u2026\u2026\u2026\u2026\u2026\u2026\u2026\u2026\u2026\u2026\u2026\u2026\u2026\u2026\u2026\u2026\u2026\u2026\u2026\u2026\u2026\u2026.<\/p>\n<p>c\u2026\u2026\u2026\u2026\u2026\u2026\u2026\u2026\u2026\u2026\u2026\u2026\u2026\u2026\u2026\u2026\u2026\u2026\u2026\u2026\u2026\u2026\u2026.<\/p>\n<ul>\n<li><strong>Sectiunea B \u2013\u00a02 etape:<\/strong><\/li>\n<\/ul>\n<p><strong>Etapa I<\/strong><\/p>\n<p>a\u2026\u2026\u2026\u2026\u2026\u2026\u2026\u2026\u2026\u2026\u2026\u2026\u2026\u2026\u2026\u2026\u2026\u2026\u2026\u2026\u2026<\/p>\n<p>b\u2026\u2026\u2026\u2026\u2026\u2026\u2026\u2026\u2026\u2026\u2026\u2026\u2026\u2026\u2026\u2026\u2026\u2026\u2026\u2026\u2026<\/p>\n<p><strong>Etapa a II-a<\/strong>\u00a0\u2013\u00a0minutaj maxim:<\/p>\n<p>cat. 1 \u2013 4 max. 10\u2032 \u00a0\/\u00a0\u00a0 cat. 5 \u2013 6 max. 15\u2032 \/ cat. 7 \u2013\u00a08 max. 20\u2019<\/p>\n<p>a\u2026\u2026\u2026\u2026\u2026\u2026\u2026\u2026\u2026\u2026\u2026\u2026\u2026\u2026\u2026\u2026\u2026\u2026\u2026\u2026\u2026<\/p>\n<p>b\u2026\u2026\u2026\u2026\u2026\u2026\u2026\u2026\u2026\u2026\u2026\u2026\u2026\u2026\u2026\u2026\u2026\u2026\u2026\u2026\u2026<\/p>\n<ul>\n<li>\u00a0<strong>Sectiunea C\u00a0\u2013 2 etape:<\/strong><\/li>\n<\/ul>\n<p><strong>Etapa I(eliminatorie)<\/strong><\/p>\n<p>a\u2026\u2026\u2026\u2026\u2026\u2026\u2026\u2026\u2026\u2026\u2026\u2026\u2026\u2026\u2026\u2026\u2026\u2026\u2026\u2026\u2026<\/p>\n<p>b\u2026\u2026\u2026\u2026\u2026\u2026\u2026\u2026\u2026\u2026\u2026\u2026\u2026\u2026\u2026\u2026\u2026\u2026\u2026\u2026\u2026<\/p>\n<p>c\u2026\u2026\u2026\u2026\u2026\u2026\u2026\u2026\u2026\u2026\u2026\u2026\u2026\u2026\u2026\u2026\u2026\u2026\u2026\u2026\u2026<\/p>\n<p><strong>Etapa a II-a\u00a0 \u2013 finala :\u00a0<\/strong>max. 40\u2032<\/p>\n<p>a\u2026\u2026\u2026\u2026\u2026\u2026\u2026\u2026\u2026\u2026\u2026\u2026\u2026\u2026\u2026\u2026\u2026\u2026\u2026\u2026\u2026<\/p>\n<p>b\u2026\u2026\u2026\u2026\u2026\u2026\u2026\u2026\u2026\u2026\u2026\u2026\u2026\u2026\u2026\u2026\u2026\u2026\u2026\u2026\u2026<\/p>\n<p>Data: \u00a0\u00a0\u00a0\u00a0\u00a0\u00a0\u00a0\u00a0\u00a0\u00a0\u00a0\u00a0\u00a0\u00a0\u00a0\u00a0\u00a0\u00a0\u00a0\u00a0\u00a0\u00a0\u00a0\u00a0\u00a0\u00a0\u00a0\u00a0\u00a0 \u00a0 Semnatura:<\/p>\n","protected":false},"excerpt":{"rendered":"<p>Regulamentul Concursului International de Interpretare Pianistica \u201cPRO PIANO-ROM\u00c2NIA\u201d, Editia a XXIII-a, 12 \u2013 16 iunie 2019 \u00a0 Concursul Interna\u021bional \u201cPRO-PIANO-ROM\u00c2NIA\u201d este deschis tinerilor piani\u0219ti de orice na\u021bionalitate, n\u0103scu\u021bi dup\u0103 1 ianuarie 1989 \u0219i se desf\u0103\u0219oar\u0103 \u00een 4 sec\u021biuni: A(Junior 1 \u0219i Junior 2),\u00a0B(cu 8 categorii), C \u0219i D(4 m\u00e2ini),\u00a0divizate la r\u00e2ndul lor \u00een categorii, \u00een [&hellip;]<\/p>\n","protected":false},"author":1,"featured_media":0,"parent":0,"menu_order":0,"comment_status":"closed","ping_status":"closed","template":"","meta":{"footnotes":""},"class_list":["post-5294","page","type-page","status-publish","hentry"],"_links":{"self":[{"href":"https:\/\/www.propiano.org\/romanian\/wp-json\/wp\/v2\/pages\/5294","targetHints":{"allow":["GET"]}}],"collection":[{"href":"https:\/\/www.propiano.org\/romanian\/wp-json\/wp\/v2\/pages"}],"about":[{"href":"https:\/\/www.propiano.org\/romanian\/wp-json\/wp\/v2\/types\/page"}],"author":[{"embeddable":true,"href":"https:\/\/www.propiano.org\/romanian\/wp-json\/wp\/v2\/users\/1"}],"replies":[{"embeddable":true,"href":"https:\/\/www.propiano.org\/romanian\/wp-json\/wp\/v2\/comments?post=5294"}],"version-history":[{"count":11,"href":"https:\/\/www.propiano.org\/romanian\/wp-json\/wp\/v2\/pages\/5294\/revisions"}],"predecessor-version":[{"id":5844,"href":"https:\/\/www.propiano.org\/romanian\/wp-json\/wp\/v2\/pages\/5294\/revisions\/5844"}],"wp:attachment":[{"href":"https:\/\/www.propiano.org\/romanian\/wp-json\/wp\/v2\/media?parent=5294"}],"curies":[{"name":"wp","href":"https:\/\/api.w.org\/{rel}","templated":true}]}}