{"id":5000,"date":"2018-02-14T11:49:42","date_gmt":"2018-02-14T11:49:42","guid":{"rendered":"http:\/\/www.propiano.org\/romanian\/?page_id=5000"},"modified":"2018-05-30T18:59:47","modified_gmt":"2018-05-30T18:59:47","slug":"programare-2018-2","status":"publish","type":"page","link":"https:\/\/www.propiano.org\/romanian\/programare-2018-2\/","title":{"rendered":"Programare 2018"},"content":{"rendered":"<h3><strong>\u00a0PROGRAMAREA CONCURSULUI\u00a0 <\/strong><\/h3>\n<h3><strong>\u201dPRO PIANO-MUZIC\u0102 ROM\u00c2NEASC\u0102\u201d, <\/strong><\/h3>\n<h3><strong>edi\u021bia I, 21-22 aprilie 2018<\/strong><\/h3>\n<p>&nbsp;<\/p>\n<h4><strong>Loca\u021bia Concursului:<\/strong><\/h4>\n<h5><strong>Sala de Concerte a Colegiului Na\u021bional de Muzic\u0103 \u201dGeorge Enescu\u201d din Bucure\u015fti<\/strong>, str. Gheorghe Manu nr. 30.<\/h5>\n<h5>Concuren\u021bii sunt ruga\u021bi s\u0103 se prezinte cu 30&#8242; \u00eenainte de ora programat\u0103!<\/h5>\n<p>&nbsp;<\/p>\n<p>&nbsp;<\/p>\n<h3><strong>S\u00c2MB\u0102T\u0102 21 aprilie 2018<\/strong><\/h3>\n<h4><strong>Ora 09,00<\/strong><strong>\u00a0<\/strong><\/h4>\n<ol>\n<li>Balan Razvan Gabriel \u2013 Bucure\u0219ti \u2013 B1(2012)<\/li>\n<li>Banica Theea \u2013 Bucure\u0219ti \u2013 B1(2012)<\/li>\n<li>Chereches Clara Tatiana &#8211; Bucure\u0219ti \u2013 B2(2011)<\/li>\n<li>Nicolescu Mia Alexandra &#8211; Bucure\u0219ti \u2013 B2(2011)<\/li>\n<li>Popa Nectarie &#8211; Bucure\u0219ti \u2013 B2(2011)<\/li>\n<li>Babe\u0219 Radu &#8211; Bucure\u0219ti &#8211; B3(2010)<\/li>\n<li>Balan Mihai Calin &#8211; Bucure\u0219ti &#8211; B3(2010)<\/li>\n<li>Cirjan Mihai &#8211; Bucure\u0219ti &#8211; B3(2010)<\/li>\n<li>Iannescu Filip &#8211; Bucure\u0219ti &#8211; B3(2010)<\/li>\n<li>Sandulache Alexandru \u2013 Bucure\u0219ti &#8211; B3(2010)<\/li>\n<li>Banica Eva \u2013 Bucure\u0219ti &#8211; B4(2009)<\/li>\n<li>Mironov Cezar \u2013 Bucure\u0219ti &#8211; B4(2009)<\/li>\n<li>Sili\u0219teanu Grigorie \u2013 Bucure\u0219ti &#8211; B4(2009)<\/li>\n<\/ol>\n<h4><strong>Ora 09,40<\/strong><\/h4>\n<ol>\n<li>Baboi Theodora \u2013 Bucure\u0219ti &#8211; B5(2008)<\/li>\n<li>Furtun\u0103 Matei \u2013 Bucure\u0219ti &#8211; B5(2008)<\/li>\n<li>Jeles Alexa Maria \u2013 Bucure\u0219ti &#8211; B5(2008)<\/li>\n<li>Neac\u0219u Miruna Maria \u2013 Bucure\u0219ti &#8211; B5(2008)<\/li>\n<li>Nicolescu Eva Maria &#8211; Bucure\u0219ti &#8211; B5(2008)<\/li>\n<li>Peled Eden \u2013 Bucure\u0219ti &#8211; B5(2008)<\/li>\n<li>Pughin Maria &#8211; Bucure\u0219ti &#8211; B5(2008)<\/li>\n<li>Ra\u021b Natalia \u2013 Bucure\u0219ti &#8211; B5(2008)<\/li>\n<li>Boruga Yasmin Elena \u2013 Bucure\u0219ti &#8211; B6(2007)<\/li>\n<li>Gheorghiu Iarina Maria &#8211; Bucure\u0219ti &#8211; B6(2007)<\/li>\n<li>Ionescu Teodora-Elpidia \u2013 Bucure\u0219ti &#8211; B6(2007)<\/li>\n<li>Leu Sara Adriana \u2013 Br\u0103ila &#8211; B6(2007)<\/li>\n<li>N\u0103state Petru \u2013 Bucure\u0219ti &#8211; B6(2007)<\/li>\n<\/ol>\n<h4><strong>Premiere &#8211; Pauz\u0103<\/strong><\/h4>\n<p><strong>\u00a0<\/strong><\/p>\n<h4><strong>Ora 11,00<\/strong><\/h4>\n<ol>\n<li>Barbu Ion Ovidiu \u2013 Bucure\u0219ti &#8211; B7(2006)<\/li>\n<li>N\u0103stase Teodora Maria \u2013 Dragomire\u0219ti Vale &#8211; B7(2006)<\/li>\n<li>Nicolescu David Stefan &#8211; Bucure\u0219ti &#8211; B7(2006)<\/li>\n<li>Ni\u0219te Dam\u0219a Petra \u2013 Cluj-Napoca &#8211; B7(2006)<\/li>\n<li>Olteanu Alexandru &#8211; Bucure\u0219ti &#8211; B7(2006)<\/li>\n<li>Popa Vlad Mihai &#8211; Bucure\u0219ti &#8211; B7(2006)<\/li>\n<li>Stancu Diana Maria \u2013 Bucure\u0219ti &#8211; B7(2006)<\/li>\n<li>Batschi Daria \u2013 Bucure\u0219ti &#8211; B8(2005)<\/li>\n<li>Cartu Sonia Maria &#8211; Bucure\u0219ti &#8211; B8(2005)<\/li>\n<li>Feleaga Maria &#8211; Bucure\u0219ti &#8211; B8(2005)<\/li>\n<li>Ionescu Maria &#8211; Bucure\u0219ti &#8211; B8(2005)<\/li>\n<li>M\u0103ciuc\u0103 Miruna &#8211; Bucure\u0219ti &#8211; B8(2005)<\/li>\n<li>Popovici Calista Freya &#8211; Bucure\u0219ti &#8211; B8(2005)<\/li>\n<li>Porojan Vlad Mihnea &#8211; Bucure\u0219ti &#8211; B8(2005)<\/li>\n<li>Radosav Sasha Roman \u2013 Bucure\u0219ti &#8211; B8(2005)<\/li>\n<\/ol>\n<p><strong>\u00a0<\/strong><\/p>\n<h4><strong>Ora 12,30<\/strong><\/h4>\n<ol>\n<li>Ivan Ana- Maria \u2013 Bucure\u0219ti &#8211; B4(2009)<\/li>\n<li>N\u0103stase Anamaria \u0218tefania &#8211; Bucure\u0219ti\u00a0&#8211; B8(2995)<\/li>\n<li>Ioni\u021b\u0103 Emanuela \u2013 Bucure\u0219ti &#8211; B10(2003)<\/li>\n<li>\u021aifui Lara \u2013 Bucure\u0219ti &#8211; B10(2003)<\/li>\n<li>Ni\u0219te Dam\u0219a Petra &amp; Dam\u0219a Olimpia \u2013 C2(4 m\u00e2ini) \u2013 Cluj-Napoca<\/li>\n<li>Isopescu Ana &amp; Sidor Bianca \u2013 Iulia \u2013 C3(4 m\u00e2ini) \u2013 Bucure\u0219ti<\/li>\n<li>Petrache Jasmine Maria &amp; \/Tudor Marian Ioan \u2013 C3 &#8211; Bucure\u0219ti<\/li>\n<\/ol>\n<h4><strong>Premiere<\/strong><\/h4>\n<p>&nbsp;<\/p>\n<p>&nbsp;<\/p>\n<h3><strong>DUMINC\u0102 22 aprilie 2018 \u2013 sec\u021biunea A<\/strong><\/h3>\n<h4><strong>\u00a0<\/strong><strong>Ora 09,00<\/strong><\/h4>\n<ol>\n<li>Nechita Matei -Stefan \u2013 Bucure\u0219ti \u2013 B6<\/li>\n<li>Galita Andrada -Gabriela \u2013 Bucure\u0219ti \u2013 B7<\/li>\n<li>Vr\u0103jitoru Oana \u2013 Lavinia \u2013 Bucure\u0219ti &#8211; B7<\/li>\n<li>Bondila Paul Marian \u2013 Bucure\u0219ti \u2013 A4(2009)<\/li>\n<li>Gheorghe Nicholas Gyorgio &#8211; Bucure\u0219ti\u2013 A4(2009)<\/li>\n<li>Neagu Florin Nicolae \u2013 Bucure\u0219ti\u2013 A4(2009)<\/li>\n<li>Chereches Ana Sofia \u2013 Bucure\u0219ti \u2013 A5(2008)<\/li>\n<li>Coman Emma Camelia &#8211; Bucure;ti &#8211; A5(2008)<\/li>\n<li>Damian Drago\u0219 &#8211; Br\u0103ila &#8211; Bucure\u0219ti\u2013 A5(2008)<\/li>\n<li>Popa David &#8211; Bucure\u0219ti\u2013 A5(2008)<\/li>\n<li>Romanescu Mihai &#8211; Bucure\u0219ti\u2013 A5(2008)<\/li>\n<li>Rusu Nichita Ioan &#8211; Bucure\u0219ti\u2013 A5(2008)<\/li>\n<li>Siia Filip Constantin &#8211; Bucure\u0219ti\u2013 A5(2008)<\/li>\n<li>Tarnovetchi Teea Maria &#8211; Bucure\u0219ti\u2013 A5(2008)<\/li>\n<li>\u021a\u00een\u021b\u0103reanu Mircea Mara \u2013 Bucure\u0219ti\u2013 A5(2008)<\/li>\n<\/ol>\n<h4><\/h4>\n<h4><strong>Ora10,00<\/strong><\/h4>\n<ol>\n<li>Cr\u0103ciun Ana Maria &#8211; Bucure\u0219ti &#8211; A3(2010)<\/li>\n<li>Floria Eliza Justina &#8211; Bucure\u0219ti &#8211; A3(2010)<\/li>\n<li>Manescu Alexandru &#8211; Bucure\u0219ti &#8211; A3(2010)<\/li>\n<li>Moga Robert-Maximilian &#8211; Constan\u021ba &#8211; A3(2010)<\/li>\n<li>Rusu Irina Ana Maria &#8211; Constan\u021ba &#8211; A3(2010)<\/li>\n<li>Stanciu David-Christian \u2013 Bucure\u0219ti &#8211; A3(2010)<\/li>\n<li>Berila Mihnea-Viorel \u2013 Bac\u0103u \u2013 A6(2007)<\/li>\n<li>Filip Irisa Maria Georgiana &#8211; Constan\u021ba \u2013 A6(2007)<\/li>\n<li>Gr\u0103mescu Adela &#8211; Bucure\u0219ti \u2013 A6(2007)<\/li>\n<li>Irimia Bogdan Mihai &#8211; Constan\u021ba \u2013 A6(2007)<\/li>\n<li>Mirzac Maria Alexandra &#8211; Gala\u021bi \u2013 A6(2007)<\/li>\n<li>Petre Diana Maria &#8211; Bucure\u0219ti \u2013 A6(2007)<\/li>\n<li>Ristache Ana Maria Teodora &#8211; Bucure\u0219ti<\/li>\n<li>Stoica Anita &#8211; Bucure\u0219ti \u2013 A6(2007)<\/li>\n<li>Ungureanu Matei Alexandru \u2013 Bucure\u0219ti \u2013 A6(2007)<\/li>\n<\/ol>\n<h4><strong>Premiere &#8211; Pauz\u0103<\/strong><\/h4>\n<p>&nbsp;<\/p>\n<h4><strong>Ora 11,45<\/strong><\/h4>\n<ol>\n<li>Badascu Maria &#8211; Br\u0103ila \u2013 A7(2006)<\/li>\n<li>Badea Bianca Ana &#8211; Bucure\u0219ti\u2013 A7(2006)<\/li>\n<li>Cre\u021bu Antonio &#8211; Bucure\u0219ti\u2013 A7(2006)<\/li>\n<li>Ilie Ana-Maria &#8211; Bucure\u0219ti \u2013 A7(2006)<\/li>\n<li>Marafet Mario Nicolas \u2013 Bucure\u0219ti\u2013 A7(2006)<\/li>\n<li>Zbranca R\u0103zvan Mihai \u2013 Bucure\u0219ti \u2013 A8(2005)<\/li>\n<li>Avr\u0103mescu Lucas &#8211; Bucure\u0219ti \u2013 A9(2004)<\/li>\n<li>Bordan Ioana \u2013 Bucure\u0219ti \u2013 A9(2004)<\/li>\n<li>Fabian Ana-Maria Ermina \u2013 Bucure\u0219ti \u2013 A9(2004)<\/li>\n<li>Ioni\u021b\u0103 Silvia Cosmina \u2013 Bucure\u0219ti \u2013 A9(2004)<\/li>\n<li>N\u0103stase Ioan \u2013 Bucure\u0219ti \u2013 A9(2004)<\/li>\n<li>Salinas Christopher \u2013 Bucure\u0219ti \u2013 A11(2002)<\/li>\n<\/ol>\n<h4><strong>Premiere<\/strong><\/h4>\n","protected":false},"excerpt":{"rendered":"<p>\u00a0PROGRAMAREA CONCURSULUI\u00a0 \u201dPRO PIANO-MUZIC\u0102 ROM\u00c2NEASC\u0102\u201d, edi\u021bia I, 21-22 aprilie 2018 &nbsp; Loca\u021bia Concursului: Sala de Concerte a Colegiului Na\u021bional de Muzic\u0103 \u201dGeorge Enescu\u201d din Bucure\u015fti, str. Gheorghe Manu nr. 30. Concuren\u021bii sunt ruga\u021bi s\u0103 se prezinte cu 30&#8242; \u00eenainte de ora programat\u0103! &nbsp; &nbsp; S\u00c2MB\u0102T\u0102 21 aprilie 2018 Ora 09,00\u00a0 Balan Razvan Gabriel \u2013 Bucure\u0219ti [&hellip;]<\/p>\n","protected":false},"author":1,"featured_media":0,"parent":0,"menu_order":0,"comment_status":"closed","ping_status":"closed","template":"","meta":{"footnotes":""},"class_list":["post-5000","page","type-page","status-publish","hentry"],"_links":{"self":[{"href":"https:\/\/www.propiano.org\/romanian\/wp-json\/wp\/v2\/pages\/5000","targetHints":{"allow":["GET"]}}],"collection":[{"href":"https:\/\/www.propiano.org\/romanian\/wp-json\/wp\/v2\/pages"}],"about":[{"href":"https:\/\/www.propiano.org\/romanian\/wp-json\/wp\/v2\/types\/page"}],"author":[{"embeddable":true,"href":"https:\/\/www.propiano.org\/romanian\/wp-json\/wp\/v2\/users\/1"}],"replies":[{"embeddable":true,"href":"https:\/\/www.propiano.org\/romanian\/wp-json\/wp\/v2\/comments?post=5000"}],"version-history":[{"count":14,"href":"https:\/\/www.propiano.org\/romanian\/wp-json\/wp\/v2\/pages\/5000\/revisions"}],"predecessor-version":[{"id":5150,"href":"https:\/\/www.propiano.org\/romanian\/wp-json\/wp\/v2\/pages\/5000\/revisions\/5150"}],"wp:attachment":[{"href":"https:\/\/www.propiano.org\/romanian\/wp-json\/wp\/v2\/media?parent=5000"}],"curies":[{"name":"wp","href":"https:\/\/api.w.org\/{rel}","templated":true}]}}