{"id":4921,"date":"2018-02-04T04:07:58","date_gmt":"2018-02-04T04:07:58","guid":{"rendered":"http:\/\/www.propiano.org\/romanian\/?page_id=4921"},"modified":"2019-03-09T18:39:50","modified_gmt":"2019-03-09T18:39:50","slug":"gradus-ad-parnassum-2018","status":"publish","type":"page","link":"https:\/\/www.propiano.org\/romanian\/gradus-ad-parnassum-2018\/","title":{"rendered":"Gradus ad Parnassum 2018"},"content":{"rendered":"<p style=\"text-align: center;\"><strong>CONCURS <\/strong><\/p>\n<h5 style=\"text-align: center;\"><strong>Ministerul Educa\u021biei Na\u021bionale \/ <\/strong><strong>Inspectoratul \u0218colar al Municipiului Bucure\u0219ti<\/strong><\/h5>\n<h5 style=\"text-align: center;\"><strong>Colegiul Na\u021bional de Muzic\u0103 ,,George Enescu\u201d, Bucure\u0219ti<\/strong><\/h5>\n<h3 style=\"text-align: center;\"><strong>CONCURS GRADUS AD PARNASSUM 2018, SEC<\/strong><strong>\u0162IUNEA <\/strong><strong>B,<\/strong><strong> PIAN<\/strong><\/h3>\n<p style=\"text-align: center;\"><strong>PROGRAMRE PE ZILE, CLASE \u0218I ORE <\/strong><\/p>\n<p><strong>&nbsp;<\/strong><\/p>\n<h4><strong>VINERI, 11.MAI, 2018<\/strong><\/h4>\n<h4><strong>&nbsp;&nbsp;&nbsp;&nbsp;&nbsp;&nbsp;&nbsp;&nbsp;&nbsp;&nbsp;&nbsp;&nbsp;&nbsp;&nbsp;&nbsp;&nbsp;&nbsp;&nbsp;&nbsp;&nbsp;&nbsp;&nbsp;&nbsp;&nbsp;&nbsp;&nbsp;&nbsp;&nbsp;&nbsp;&nbsp;&nbsp;&nbsp;&nbsp;&nbsp;&nbsp;&nbsp;&nbsp;&nbsp;&nbsp;&nbsp;&nbsp;&nbsp; &nbsp;&nbsp;&nbsp;&nbsp;&nbsp; <\/strong><strong>SEC<\/strong><strong>\u0162IUNEA <\/strong><strong>B,<\/strong><strong> PIAN<\/strong><\/h4>\n<table width=\"0\">\n<tbody>\n<tr>\n<td width=\"57\"><strong>Nr.crt<\/strong><\/td>\n<td width=\"113\"><strong>CLASA<\/strong><\/td>\n<td width=\"105\"><strong>INTERVAL<\/strong><\/td>\n<td width=\"104\"><strong>ORAR<\/strong><\/td>\n<td width=\"227\"><strong>NUM\u0102R CONCUREN\u021aI<\/strong><\/td>\n<\/tr>\n<tr>\n<td width=\"57\"><strong>1.<\/strong><\/td>\n<td width=\"113\"><strong>IX<\/strong><\/td>\n<td width=\"105\"><strong>9,30<\/strong><\/td>\n<td width=\"104\"><strong>10<\/strong><\/td>\n<td width=\"227\"><strong>&nbsp;&nbsp;&nbsp;&nbsp;&nbsp;&nbsp;&nbsp;&nbsp;&nbsp;&nbsp;&nbsp;&nbsp;&nbsp;&nbsp;&nbsp;&nbsp;&nbsp;&nbsp;&nbsp;&nbsp;&nbsp;&nbsp;&nbsp;&nbsp;&nbsp;&nbsp; 2<\/strong><\/td>\n<\/tr>\n<tr>\n<td width=\"57\"><strong>2.<\/strong><\/td>\n<td width=\"113\"><strong> X<\/strong><\/td>\n<td width=\"105\"><strong>10<\/strong><\/td>\n<td width=\"104\"><strong>11<\/strong><\/td>\n<td width=\"227\"><strong>&nbsp;&nbsp;&nbsp;&nbsp;&nbsp;&nbsp;&nbsp;&nbsp;&nbsp;&nbsp;&nbsp;&nbsp;&nbsp;&nbsp;&nbsp;&nbsp;&nbsp;&nbsp;&nbsp;&nbsp;&nbsp;&nbsp;&nbsp;&nbsp;&nbsp;&nbsp; 7<\/strong><\/td>\n<\/tr>\n<tr>\n<td width=\"57\"><strong>3.<\/strong><\/td>\n<td width=\"113\"><strong> XI<\/strong><\/td>\n<td width=\"105\"><strong>11<\/strong><\/td>\n<td width=\"104\"><strong>11,20<\/strong><\/td>\n<td width=\"227\"><strong>&nbsp;&nbsp;&nbsp;&nbsp;&nbsp;&nbsp;&nbsp;&nbsp;&nbsp;&nbsp;&nbsp;&nbsp;&nbsp;&nbsp;&nbsp;&nbsp;&nbsp;&nbsp;&nbsp;&nbsp;&nbsp;&nbsp;&nbsp;&nbsp;&nbsp;&nbsp; 2<\/strong><\/td>\n<\/tr>\n<tr>\n<td width=\"57\"><strong>4.<\/strong><\/td>\n<td width=\"113\"><strong> XII<\/strong><\/td>\n<td width=\"105\"><strong>11,20<\/strong><\/td>\n<td width=\"104\"><strong>12,15<\/strong><\/td>\n<td width=\"227\"><strong>&nbsp;&nbsp;&nbsp;&nbsp;&nbsp;&nbsp;&nbsp;&nbsp;&nbsp;&nbsp;&nbsp;&nbsp;&nbsp;&nbsp; &nbsp;&nbsp;&nbsp;&nbsp;&nbsp;&nbsp;&nbsp;&nbsp;&nbsp;&nbsp;&nbsp;3<\/strong><\/td>\n<\/tr>\n<tr>\n<td width=\"57\"><strong>&nbsp;<\/strong><\/td>\n<td width=\"113\"><strong>PAUZ\u0102<\/strong><\/td>\n<td width=\"105\"><strong>12,15<\/strong><\/td>\n<td width=\"104\"><strong>12,45<\/strong><\/td>\n<td width=\"227\"><strong>&nbsp;&nbsp;&nbsp;&nbsp;&nbsp;&nbsp; PAUZ\u0102 DE JURIZARE<\/strong><\/td>\n<\/tr>\n<tr>\n<td width=\"57\"><strong>5.<\/strong><\/td>\n<td width=\"113\"><strong> I<\/strong><\/td>\n<td width=\"105\"><strong>12,45<\/strong><\/td>\n<td width=\"104\"><strong>13,45<\/strong><\/td>\n<td width=\"227\"><strong>&nbsp;&nbsp;&nbsp;&nbsp;&nbsp;&nbsp;&nbsp;&nbsp;&nbsp;&nbsp;&nbsp;&nbsp;&nbsp;&nbsp;&nbsp;&nbsp;&nbsp;&nbsp;&nbsp;&nbsp; &nbsp;&nbsp;&nbsp;&nbsp;&nbsp;11<\/strong><\/td>\n<\/tr>\n<tr>\n<td width=\"57\"><strong>6.<\/strong><\/td>\n<td width=\"113\"><strong> II<\/strong><\/td>\n<td width=\"105\"><strong>13,45<\/strong><\/td>\n<td width=\"104\"><strong>14,15<\/strong><\/td>\n<td width=\"227\"><strong>&nbsp;&nbsp;&nbsp;&nbsp;&nbsp;&nbsp;&nbsp;&nbsp;&nbsp;&nbsp;&nbsp;&nbsp;&nbsp;&nbsp;&nbsp;&nbsp;&nbsp;&nbsp;&nbsp;&nbsp;&nbsp;&nbsp;&nbsp;&nbsp;&nbsp;&nbsp; 5<\/strong><\/td>\n<\/tr>\n<tr>\n<td width=\"57\"><strong>&nbsp;<\/strong><\/td>\n<td width=\"113\"><strong>PAUZ\u0102<\/strong><\/td>\n<td width=\"105\"><strong>14,15<\/strong><\/td>\n<td width=\"104\"><strong>15,30<\/strong><\/td>\n<td width=\"227\"><strong>&nbsp;&nbsp;&nbsp;&nbsp;&nbsp;&nbsp;&nbsp;&nbsp; PAUZ\u0102 DE JURIZARE&nbsp;&nbsp;&nbsp;&nbsp;&nbsp;&nbsp;&nbsp;&nbsp;&nbsp;&nbsp;&nbsp;&nbsp;&nbsp;&nbsp;&nbsp;&nbsp; <\/strong><\/td>\n<\/tr>\n<tr>\n<td width=\"57\"><strong>7.<\/strong><\/td>\n<td width=\"113\"><strong> VI<\/strong><\/td>\n<td width=\"105\"><strong>15,30<\/strong><\/td>\n<td width=\"104\"><strong>17,30<\/strong><\/td>\n<td width=\"227\"><strong>&nbsp;&nbsp;&nbsp;&nbsp;&nbsp;&nbsp;&nbsp;&nbsp;&nbsp;&nbsp;&nbsp;&nbsp;&nbsp;&nbsp;&nbsp;&nbsp;&nbsp;&nbsp;&nbsp;&nbsp;&nbsp;&nbsp;&nbsp;&nbsp; 8<\/strong><\/td>\n<\/tr>\n<tr>\n<td width=\"57\"><strong>8.<\/strong><\/td>\n<td width=\"113\"><strong>VIII<\/strong><\/td>\n<td width=\"105\"><strong>17,30<\/strong><\/td>\n<td width=\"104\"><strong>19<\/strong><\/td>\n<td width=\"227\"><strong>&nbsp;&nbsp;&nbsp;&nbsp;&nbsp;&nbsp;&nbsp;&nbsp;&nbsp;&nbsp;&nbsp;&nbsp;&nbsp;&nbsp;&nbsp;&nbsp;&nbsp;&nbsp;&nbsp;&nbsp;&nbsp;&nbsp;&nbsp;&nbsp; 10<\/strong><\/td>\n<\/tr>\n<tr>\n<td width=\"57\"><strong>&nbsp;<\/strong><\/td>\n<td width=\"113\"><strong>TOTAL = 477 MIN.DE C\u00ceNTAT<\/strong><\/td>\n<td width=\"105\"><strong>&nbsp;<\/strong><\/td>\n<td width=\"104\"><strong>&nbsp;<\/strong><\/td>\n<td width=\"227\"><strong>TOTAL CONCUREN\u021aI=49<\/strong><\/td>\n<\/tr>\n<tr>\n<td width=\"57\"><strong>&nbsp;<\/strong><\/td>\n<td width=\"113\"><strong>TOTAL=105 MINUTE PAUZ\u0102<\/strong><\/td>\n<td width=\"105\"><strong>&nbsp;<\/strong><\/td>\n<td width=\"104\"><strong>&nbsp;<\/strong><\/td>\n<td width=\"227\"><strong>&nbsp;<\/strong><\/td>\n<\/tr>\n<\/tbody>\n<\/table>\n<h4 style=\"text-align: center;\"><strong>S\u00c2MB\u0102T\u0102, 12.MAI, 2018<\/strong><\/h4>\n<h4 style=\"text-align: center;\"><strong>&nbsp;&nbsp; &nbsp; <\/strong><strong>SEC<\/strong><strong>\u0162IUNEA <\/strong><strong>B,<\/strong><strong> PIAN<\/strong><\/h4>\n<table width=\"0\">\n<tbody>\n<tr>\n<td width=\"57\"><strong>Nr.crt<\/strong><\/td>\n<td width=\"113\"><strong>CLASA<\/strong><\/td>\n<td width=\"105\"><strong>INTERVAL<\/strong><\/td>\n<td width=\"104\"><strong>ORAR<\/strong><\/td>\n<td width=\"227\"><strong>NUM\u0102R CONCUREN\u021aI<\/strong><\/td>\n<\/tr>\n<tr>\n<td width=\"57\"><strong>1.<\/strong><\/td>\n<td width=\"113\"><strong> III<\/strong><\/td>\n<td width=\"105\"><strong> 9,30<\/strong><\/td>\n<td width=\"104\"><strong>12,30<\/strong><\/td>\n<td width=\"227\"><strong>&nbsp;&nbsp;&nbsp;&nbsp;&nbsp;&nbsp;&nbsp;&nbsp;&nbsp;&nbsp;&nbsp;&nbsp;&nbsp;&nbsp;&nbsp;&nbsp;&nbsp;&nbsp;&nbsp;&nbsp;&nbsp;&nbsp;&nbsp;&nbsp; 28<\/strong><\/td>\n<\/tr>\n<tr>\n<td width=\"57\"><strong>2.<\/strong><\/td>\n<td width=\"113\"><strong> IV<\/strong><\/td>\n<td width=\"105\"><strong>12,30<\/strong><\/td>\n<td width=\"104\"><strong>14,30<\/strong><\/td>\n<td width=\"227\"><strong>&nbsp;&nbsp;&nbsp;&nbsp;&nbsp;&nbsp;&nbsp;&nbsp;&nbsp;&nbsp;&nbsp;&nbsp;&nbsp;&nbsp;&nbsp;&nbsp;&nbsp;&nbsp;&nbsp;&nbsp;&nbsp;&nbsp;&nbsp;&nbsp; 13<\/strong><\/td>\n<\/tr>\n<tr>\n<td width=\"57\"><strong>&nbsp;<\/strong><\/td>\n<td width=\"113\"><strong>PAUZ\u0102<\/strong><\/td>\n<td width=\"105\"><strong>14,30<\/strong><\/td>\n<td width=\"104\"><strong>15,30<\/strong><\/td>\n<td width=\"227\"><strong>&nbsp;&nbsp;&nbsp;&nbsp;&nbsp;&nbsp;&nbsp;&nbsp; PAUZ\u0102 DE JURIZARE<\/strong><\/td>\n<\/tr>\n<tr>\n<td width=\"57\"><strong>3.<\/strong><\/td>\n<td width=\"113\"><strong> V<\/strong><\/td>\n<td width=\"105\"><strong>15,30<\/strong><\/td>\n<td width=\"104\"><strong>17<\/strong><\/td>\n<td width=\"227\"><strong>&nbsp;&nbsp;&nbsp;&nbsp;&nbsp;&nbsp;&nbsp;&nbsp;&nbsp;&nbsp;&nbsp;&nbsp;&nbsp;&nbsp;&nbsp;&nbsp;&nbsp;&nbsp;&nbsp;&nbsp;&nbsp;&nbsp;&nbsp;&nbsp; 10<\/strong><\/td>\n<\/tr>\n<tr>\n<td width=\"57\"><strong>4.<\/strong><\/td>\n<td width=\"113\"><strong>VII<\/strong><\/td>\n<td width=\"105\"><strong>17<\/strong><\/td>\n<td width=\"104\"><strong>18,30<\/strong><\/td>\n<td width=\"227\"><strong>&nbsp;&nbsp;&nbsp;&nbsp;&nbsp;&nbsp;&nbsp;&nbsp;&nbsp;&nbsp;&nbsp;&nbsp;&nbsp;&nbsp;&nbsp;&nbsp;&nbsp;&nbsp;&nbsp;&nbsp;&nbsp;&nbsp;&nbsp;&nbsp; 9<\/strong><\/td>\n<\/tr>\n<tr>\n<td width=\"57\"><strong>&nbsp;<\/strong><\/td>\n<td width=\"113\"><strong>TOTAL = 458 MIN.DE C\u00ceNTAT<\/strong><\/td>\n<td width=\"105\"><strong>&nbsp;<\/strong><\/td>\n<td width=\"104\"><strong>&nbsp;<\/strong><\/td>\n<td width=\"227\"><strong>TOTAL CONCUREN\u021aI=59<\/strong><\/td>\n<\/tr>\n<tr>\n<td width=\"57\"><strong>&nbsp;<\/strong><\/td>\n<td width=\"113\"><strong>TOTAL=60 MINUTE PAUZ\u0102<\/strong><\/td>\n<td width=\"105\"><strong>&nbsp;<\/strong><\/td>\n<td width=\"104\"><strong>&nbsp;<\/strong><\/td>\n<td width=\"227\"><strong>&nbsp;<\/strong><\/td>\n<\/tr>\n<\/tbody>\n<\/table>\n<p><strong>&nbsp;<\/strong><\/p>\n<h3 style=\"text-align: center;\"><\/h3>\n<h3 style=\"text-align: center;\"><strong>R E G U L A M E N T- INVITA\u0162IE<\/strong><\/h3>\n<h4 style=\"text-align: center;\"><strong><em>CONCURSUL NA\u021aIONAL <\/em><\/strong><\/h4>\n<h4 style=\"text-align: center;\"><strong>DE M U Z I C \u0102&nbsp;&nbsp; DE C A M E R \u0102 &nbsp;\u0218I&nbsp; I N T E R P R E T A R E&nbsp;&nbsp; P I A N I S T I C \u0102,<\/strong><\/h4>\n<h4 style=\"text-align: center;\"><strong>\u201cGRADUS AD PARNASSUM\u201d &#8211; Edi\u021bia a XI &#8211; a, 11-13 mai 2018<\/strong><\/h4>\n<h4 style=\"text-align: center;\"><strong>&nbsp;inclus \u00een Calendarul MEN nr.24984\/22.01.2018 pozi\u021bia 65<\/strong><strong>&nbsp;&nbsp;&nbsp;&nbsp; <\/strong><\/h4>\n<p><strong>&nbsp;<\/strong><\/p>\n<p><strong>ART. I <\/strong>Concursul se va desf\u0103\u0219ura \u00een perioada 11 &#8211; 13 mai 2018 la Colegiul Na\u021bional de Muzic\u0103 \u201cGeorge Enescu\u201d din Bucure\u0219ti \u0219i este deschis tuturor elevilor din \u021bar\u0103.<\/p>\n<p>Acesta va cuprinde 2 sec\u021biuni distincte:<\/p>\n<h5 style=\"text-align: center;\"><strong>A. &nbsp;Sec\u021biunea Muzic\u0103 de Camer\u0103<\/strong><\/h5>\n<p>Sec\u021biunea se adreseaz\u0103 forma\u021biilor de 2-4 instrumenti\u0219ti, organiza\u021bi pe trei categorii de v\u00e2rst\u0103, astfel:<\/p>\n<p><strong>Cls.III-VI &nbsp;&nbsp;&nbsp;&nbsp;&nbsp;&nbsp;&nbsp;&nbsp;&nbsp;&nbsp;&nbsp;&nbsp;&nbsp;&nbsp;&nbsp;&nbsp;&nbsp;&nbsp; max. &nbsp;7 minute<\/strong><\/p>\n<p><strong>Cls.VII-VIII&nbsp;&nbsp;&nbsp;&nbsp;&nbsp;&nbsp;&nbsp;&nbsp;&nbsp;&nbsp;&nbsp;&nbsp;&nbsp;&nbsp; max. 15 minute<\/strong><\/p>\n<p><strong>Cls.IX-XII&nbsp;&nbsp;&nbsp;&nbsp;&nbsp;&nbsp;&nbsp;&nbsp;&nbsp;&nbsp;&nbsp;&nbsp;&nbsp;&nbsp;&nbsp;&nbsp; max. 30 minute<\/strong><\/p>\n<p><strong> Probele sec\u021biunii<\/strong><\/p>\n<p><strong>&nbsp;<\/strong><\/p>\n<p>&#8211; fiecare forma\u021bie cameral\u0103 va interpreta una sau mai multe p\u0103r\u021bi dintr-o lucrare din crea\u021bia cameral\u0103 universal\u0103.<\/p>\n<p>Sec\u021biunea se va desf\u0103\u0219ura \u00eentr-o singur\u0103 etap\u0103.<\/p>\n<p>Not\u0103: \u00cen cazul dep\u0103\u0219irii minutajelor de mai sus, comisia \u00ee\u0219i rezerv\u0103 dreptul de a \u00eentrerupe concuren\u021bii.<\/p>\n<h5 style=\"text-align: center;\"><strong>B. Sec\u021biunea interpretare pianistic\u0103<\/strong><\/h5>\n<p>Concursul de interpretare pianistic\u0103 se va desf\u0103\u0219ura pe <strong>ani de studiu.<\/strong><\/p>\n<p><strong>Program:<\/strong><\/p>\n<p>&#8211; interpretarea unui studiu (la nivelul maximal al programei anului de studiu);<\/p>\n<p>&#8211; o pies\u0103 la alegerea concurentului.<\/p>\n<p>Not\u0103: \u00cen situa\u021bia \u00een care concuren\u021bii opteaz\u0103 pentru sonat\u0103 ca pies\u0103 la alegere, se admit <strong>numai <\/strong>partea I-a<strong> sau<\/strong> ultima parte a sonatei.<\/p>\n<p>Minutajele acordate:<\/p>\n<p><strong>Cls. I-IV&nbsp;&nbsp;&nbsp;&nbsp;&nbsp;&nbsp;&nbsp;&nbsp;&nbsp;&nbsp;&nbsp;&nbsp;&nbsp;&nbsp;&nbsp;&nbsp;&nbsp;&nbsp;&nbsp;&nbsp; max. 7 minute<\/strong><\/p>\n<p><strong>Cls. V-VIII &nbsp;&nbsp;&nbsp;&nbsp;&nbsp;&nbsp;&nbsp;&nbsp;&nbsp;&nbsp;&nbsp;&nbsp;&nbsp;&nbsp;&nbsp; max.15 minute<\/strong><\/p>\n<p><strong>Cls. IX-XII &nbsp;&nbsp;&nbsp;&nbsp;&nbsp;&nbsp;&nbsp;&nbsp;&nbsp;&nbsp;&nbsp;&nbsp;&nbsp;&nbsp;&nbsp;&nbsp; max.20 minute<\/strong><\/p>\n<p><strong>Op\u021bional, <\/strong>concuren\u021bii pot interpreta \u0219i <strong>a treia<\/strong> <strong>pies\u0103<\/strong>, aleas\u0103 din cadrul repertoriului pianistic rom\u00e2nesc.<\/p>\n<p>Not\u0103: \u00cen cazul concuren\u021bilor care vor c\u00e2nta \u0219i piesa <strong>op\u021bional\u0103<\/strong> dedicat\u0103 repertoriului pianistic rom\u00e2nesc; este permis\u0103 dep\u0103\u0219irea<\/p>\n<p>minutajelor de mai sus, dup\u0103 cum urmeaz\u0103:<\/p>\n<p><strong>Cls. I-IV&nbsp;&nbsp;&nbsp;&nbsp;&nbsp;&nbsp;&nbsp;&nbsp;&nbsp;&nbsp;&nbsp;&nbsp;&nbsp;&nbsp;&nbsp;&nbsp; &nbsp;&nbsp;&nbsp;max. 10 minute<\/strong><\/p>\n<p><strong>Cls. V-VIII &nbsp;&nbsp;&nbsp;&nbsp;&nbsp;&nbsp;&nbsp;&nbsp;&nbsp;&nbsp;&nbsp;&nbsp;&nbsp;&nbsp;&nbsp; max.20 minute<\/strong><\/p>\n<p><strong>Cls. IX-XII &nbsp;&nbsp;&nbsp;&nbsp;&nbsp;&nbsp;&nbsp;&nbsp;&nbsp;&nbsp;&nbsp;&nbsp;&nbsp;&nbsp;&nbsp;&nbsp; max.30 minute<\/strong><\/p>\n<p>Sectiunea se va desf\u0103\u0219ura \u00eentr-o singur\u0103 etap\u0103.<\/p>\n<p><strong>ART. II &#8211; PREMII<\/strong><\/p>\n<p>\u00cen cadrul Sec\u021biunii<strong> A, Muzic\u0103 de camer\u0103<\/strong> vor fi acordate premii I, II \u0219i III. De asemenea, vor fi acordate men\u021biuni.<\/p>\n<p>Va fi acordat <strong><em>Premiul pentru cea mai bun\u0103 forma\u021bie a edi\u021biei<\/em><\/strong>, precum \u0219i <strong>Premiul de interpretare a unei piese din crea\u021bia rom\u00e2neasc\u0103, <\/strong>care va reveni forma\u021biei cu cea mai bun\u0103 interpretare a unei piese din crea\u021bia compozitorilor rom\u00e2ni.<\/p>\n<p>La sec\u021biunea <strong>B, Interpretare pianistic\u0103<\/strong> vor fi acordate premii I, II \u0219i III pentru fiecare categorie de v\u00e2rst\u0103. De asemenea, vor fi acordate men\u021biuni.<\/p>\n<p>Deciziile juriului sunt definitive \u0219i nu pot fi contestate.<\/p>\n<p>Va fi acordat <strong><em>Premiul pentru cel mai bun pianist al<\/em><\/strong><em> <strong>edi\u021biei <\/strong><\/em>(posibil pe cicluri de \u00eenv\u0103t\u0103m\u00e2nt).<\/p>\n<p>De asemenea, va fi acordat <strong>Premiul \u201cMuzio<\/strong> <strong>Clementi\u201d<\/strong> pentru cea mai bun\u0103 interpretare a unui studiu din culegerea Gradus ad Parnassum.<\/p>\n<p><strong>Premiul de interpretare a unei piese din crea\u021bia rom\u00e2neasc\u0103, <\/strong>va reveni concurentului care va prezenta cea mai valoroas\u0103 a treia pies\u0103 din programul s\u0103u din concurs, dedicat\u0103 muzicii rom\u00e2ne\u0219ti.<\/p>\n<p><strong>ART. III \u2013 JURIUL<\/strong><\/p>\n<p>Juriile vor avea \u00een componen\u021ba lor personalit\u0103\u021bi ale vie\u021bii muzicale rom\u00e2ne\u0219ti.<\/p>\n<p><strong>Pre\u0219edintele de onoare al Concursului este Profesor Universitar Doctor Constantin Ionescu-Vovu<\/strong><\/p>\n<p><strong>ART. IV <\/strong><\/p>\n<p>Nu se percepe tax\u0103 de participare. Cheltuielile de transport \u0219i cazare pentru concuren\u021bii din provincie intr\u0103 \u00een sarcina acestora. <strong>Termenul limit\u0103 de \u00eenscriere este 23 aprilie 2018. Respectivul termen nu poate fi dep\u0103\u0219it.<\/strong><\/p>\n<p><strong>\u00censcrierile se vor putea face, prin e-mail,telefonic sau direct (vezi adresele \u0219i numerele de telefon de pe verso), prin completarea FI\u0218EI DE \u00ceNSCRIERE, de mai jos:<\/strong><\/p>\n<h4><\/h4>\n<p style=\"text-align: center;\"><strong>&nbsp;FI\u015e\u0102 DE \u00ceNSCRIERE<\/strong><\/p>\n<ol>\n<li><strong>&nbsp;<\/strong><strong>NUME\/Clasa<\/strong>\/Sec\u021biune<strong> concurs:<strong>&nbsp;<\/strong><strong>\u2026\u2026\u2026\u2026\u2026\u2026&#8230;&#8230;&#8230;&#8230;&#8230;&#8230;&#8230;&#8230;&#8230;&#8230;..<\/strong><strong>&nbsp;<\/strong><\/strong><\/li>\n<\/ol>\n<p><strong>2. \u015eCOALA:\u2026\u2026\u2026\u2026\u2026\u2026\u2026\u2026\u2026\u2026\u2026\u2026\u2026\u2026\u2026\u2026\u2026\u2026&#8230;&#8230;&#8230;&#8230;&#8230;&#8230;&#8230;&#8230;&#8230;..<\/strong><\/p>\n<p><strong>&nbsp;<\/strong><strong>&nbsp;&nbsp;&nbsp;&nbsp;&nbsp;&nbsp; Localitatea:\u2026\u2026\u2026\u2026\u2026\u2026\u2026\u2026\u2026\u2026\u2026\u2026\u2026\u2026\u2026\u2026<\/strong><\/p>\n<p><strong>&nbsp;&nbsp;&nbsp;&nbsp;&nbsp;&nbsp; Profesor:\u2026\u2026\u2026\u2026\u2026\u2026\u2026\u2026\u2026\u2026\u2026\u2026\u2026\u2026\u2026\u2026\u2026.<\/strong><\/p>\n<p><strong>&nbsp;<\/strong><\/p>\n<p><strong>3. REPERTORIU:<\/strong><\/p>\n<ul>\n<li><strong>Studiu:\u2026\u2026\u2026\u2026\u2026\u2026\u2026\u2026\u2026\u2026\u2026\u2026Minutaj\u2026..<\/strong><\/li>\n<li><strong>Piesa I:\u2026\u2026\u2026\u2026\u2026\u2026\u2026\u2026\u2026\u2026\u2026\u2026Minutaj\u2026..<\/strong><\/li>\n<li><strong>Piesa II:\u2026\u2026\u2026\u2026\u2026\u2026\u2026\u2026\u2026\u2026\u2026..Minutaj\u2026..<\/strong><\/li>\n<li><strong>Piesa<\/strong> <strong>III\u2026\u2026\u2026\u2026\u2026\u2026\u2026\u2026\u2026\u2026\u2026\u2026Minutaj\u2026.<\/strong><\/li>\n<\/ul>\n<ol start=\"4\">\n<li><strong> TELEFON:\u2026\u2026\u2026\u2026\u2026\u2026\u2026\u2026\u2026\u2026\u2026\u2026\u2026\u2026\u2026\u2026\u2026\u2026\u2026.<\/strong><\/li>\n<\/ol>\n<p><strong><strong>&nbsp;&nbsp;&nbsp;&nbsp; 5. ADRES<\/strong><strong>\u0102 E-<\/strong><strong>MAIL:&#8230;&#8230;&#8230;&#8230;&#8230;&#8230;&#8230;&#8230;&#8230;&#8230;&#8230;&#8230;&#8230;.. <\/strong><\/strong><\/p>\n<h4><\/h4>\n<h4 style=\"text-align: center;\">&nbsp;<strong><u>MEMBRII JURIUlLUI MUZIC\u0102 DE C<\/u><\/strong><u><strong>AMER\u0102&nbsp;&nbsp;<\/strong> <\/u><\/h4>\n<p><strong>&nbsp;<\/strong><\/p>\n<p>&#8211; prof. <strong>Raluca Stratulat, <\/strong>\u0219ef catedr\u0103 muzic\u0103 de camer\u0103, Colegiul Na\u021bional de Muzic\u0103 \u201cGeorge Enescu\u201d Bucure\u0219ti;<\/p>\n<p>&#8211; prof. met. <strong>Ani-Marie Paladi<\/strong>, \u0218coala Gimnazial\u0103 de Arte 1 \u201cIosif Sava\u201d Bucure\u0219ti;<\/p>\n<p>&#8211; prof. met. <strong>Andreea \u021aimira\u0219<\/strong>, Colegiul Na\u021bional de Muzic\u0103 \u201cDinu Lipatti\u201d Bucure\u0219ti;<\/p>\n<p>&#8211; compozitor <strong>Laura Ana M\u00e2nzat<\/strong>, realizator la Radio Rom\u00e2nia Muzical.<\/p>\n<p><strong>&nbsp;&nbsp;&nbsp;&nbsp;&nbsp;&nbsp;&nbsp;&nbsp;&nbsp;&nbsp;&nbsp;&nbsp;&nbsp;&nbsp;&nbsp;&nbsp;&nbsp;&nbsp;&nbsp;&nbsp;&nbsp;&nbsp;&nbsp;&nbsp;&nbsp;&nbsp;&nbsp;&nbsp;&nbsp;&nbsp;&nbsp;&nbsp; <\/strong><\/p>\n<h4 style=\"text-align: center;\"><strong>&nbsp;<\/strong><\/h4>\n<h4 style=\"text-align: center;\"><strong>&nbsp;<\/strong><strong><u>MEMBRII JURIULUI PIAN<\/u><\/strong><\/h4>\n<p><strong><u>&nbsp;<\/u><\/strong><\/p>\n<p>&#8211; prof. met. <strong>Gabriela Gogoncea<\/strong>, Liceul de Muzic\u0103 \u201cDimitrie Cuclin\u201d Gala\u021bi;<\/p>\n<p>&#8211; prof. met. <strong>Carmen \u0218OLTUZ<\/strong>, Colegiul National de Muzic\u0103\u201dOctav B\u0103ncil\u0103\u201d Ia\u0219i<\/p>\n<p>-prof. <strong>Stela Avesalon, <\/strong>pre\u0219edinta Funda\u021biei Culturale <strong>\u201cPRO PIANO-ROM\u00c2NIA\u201d;<\/strong><\/p>\n<p>-prof. met. <strong>Venera Babe\u0219<\/strong>, Director adjunct Colegiul Na\u021bional de Muzic\u0103 \u201cDinu Lipatti\u201d Bucure\u0219ti;<\/p>\n<p>-prof. met. <strong>Mihaela Zamfirescu, <\/strong>\u0219ef catedr\u0103 pian principal Colegiul Na\u021bional de Muzic\u0103 \u201cGeorge Enescu\u201d Bucure\u0219ti;<\/p>\n<p>-prof. <strong>Viorica Nistoroiu<\/strong> Colegiul Na\u021bional de Muzic\u0103 \u201cGeorge Enescu\u201d Bucure\u0219ti.<\/p>\n<p><strong>Pre\u0219edinte de onoare al concursului: Profesor Universitar Doctor Constantin Ionescu-Vovu.<\/strong><\/p>\n<p><strong>&nbsp;<\/strong><\/p>\n<p><strong>Director coordonator al concursului: Profesor Doctor<\/strong> <strong>Cristina Ana-Maria Sebastian &#8211; Directorul Colegiului de Muzic\u0103 \u201dGeorge Enescu<\/strong>\u201d.<\/p>\n<p><strong>&nbsp;<\/strong><\/p>\n<p><strong>Pre\u0219edintele concursului: Inspector I.S.M.B Profesor Doctor<\/strong> <strong>Georgeta B\u0103cioiu.<\/strong><\/p>\n<p><strong>&nbsp;<\/strong><\/p>\n<p><strong>Pre\u0219edintele juriului Pian: Profesor Universitar Doctor Vlad Dimulescu &#8211; \u0219ef catedr\u0103 pian principal U.N.M.B.<\/strong><\/p>\n<p><strong>Pre\u0219edintele juriului Muzic\u0103 de Camer\u0103: prof. Raluca Stratulat &#8211; \u0219ef catedr\u0103 muzic\u0103 de camer\u0103, Colegiul de Muzic\u0103 \u201dGeorge Enescu<\/strong>\u201d.<\/p>\n<p><strong>Directorul artistic al concursului: prof. met.<\/strong> <strong>Andrei Podlacha<\/strong><\/p>\n<h5><strong>Secretariatul concursului<\/strong><\/h5>\n<ol>\n<li><strong> prof.Raluca Stratulat, sec\u021biunea A<\/strong><\/li>\n<li><strong> prof.Cristina Ralea, sec\u021biunea B<\/strong><\/li>\n<\/ol>\n<h5><strong>\u00censcrierile pentru sec\u021biunea A, muzic\u0103 de camer\u0103<\/strong><\/h5>\n<p><strong>Prof. Raluca Stratulat<\/strong><\/p>\n<p>e-mail <strong>eu_zina@yahoo.com<\/strong><\/p>\n<p><strong>tel.0721208698<\/strong><\/p>\n<p><strong>&nbsp;<\/strong><\/p>\n<h5><strong>\u00censcrierile pentru sec\u021biunea B, pian<\/strong><\/h5>\n<p><strong>prof. Andrei Podlacha<\/strong><\/p>\n<p>e-mail <strong>apodlacha@yahoo.com<\/strong><\/p>\n<p><strong>tel.0721 438 861\/0751 529 962<\/strong><\/p>\n","protected":false},"excerpt":{"rendered":"<p>CONCURS Ministerul Educa\u021biei Na\u021bionale \/ Inspectoratul \u0218colar al Municipiului Bucure\u0219ti Colegiul Na\u021bional de Muzic\u0103 ,,George Enescu\u201d, Bucure\u0219ti CONCURS GRADUS AD PARNASSUM 2018, SEC\u0162IUNEA B, PIAN PROGRAMRE PE ZILE, CLASE \u0218I ORE &nbsp; VINERI, 11.MAI, 2018 &nbsp;&nbsp;&nbsp;&nbsp;&nbsp;&nbsp;&nbsp;&nbsp;&nbsp;&nbsp;&nbsp;&nbsp;&nbsp;&nbsp;&nbsp;&nbsp;&nbsp;&nbsp;&nbsp;&nbsp;&nbsp;&nbsp;&nbsp;&nbsp;&nbsp;&nbsp;&nbsp;&nbsp;&nbsp;&nbsp;&nbsp;&nbsp;&nbsp;&nbsp;&nbsp;&nbsp;&nbsp;&nbsp;&nbsp;&nbsp;&nbsp;&nbsp; &nbsp;&nbsp;&nbsp;&nbsp;&nbsp; SEC\u0162IUNEA B, PIAN Nr.crt CLASA INTERVAL ORAR NUM\u0102R CONCUREN\u021aI 1. IX 9,30 10 &nbsp;&nbsp;&nbsp;&nbsp;&nbsp;&nbsp;&nbsp;&nbsp;&nbsp;&nbsp;&nbsp;&nbsp;&nbsp;&nbsp;&nbsp;&nbsp;&nbsp;&nbsp;&nbsp;&nbsp;&nbsp;&nbsp;&nbsp;&nbsp;&nbsp;&nbsp; 2 2. X 10 [&hellip;]<\/p>\n","protected":false},"author":1,"featured_media":0,"parent":0,"menu_order":0,"comment_status":"closed","ping_status":"closed","template":"","meta":{"footnotes":""},"class_list":["post-4921","page","type-page","status-publish","hentry"],"_links":{"self":[{"href":"https:\/\/www.propiano.org\/romanian\/wp-json\/wp\/v2\/pages\/4921","targetHints":{"allow":["GET"]}}],"collection":[{"href":"https:\/\/www.propiano.org\/romanian\/wp-json\/wp\/v2\/pages"}],"about":[{"href":"https:\/\/www.propiano.org\/romanian\/wp-json\/wp\/v2\/types\/page"}],"author":[{"embeddable":true,"href":"https:\/\/www.propiano.org\/romanian\/wp-json\/wp\/v2\/users\/1"}],"replies":[{"embeddable":true,"href":"https:\/\/www.propiano.org\/romanian\/wp-json\/wp\/v2\/comments?post=4921"}],"version-history":[{"count":18,"href":"https:\/\/www.propiano.org\/romanian\/wp-json\/wp\/v2\/pages\/4921\/revisions"}],"predecessor-version":[{"id":5750,"href":"https:\/\/www.propiano.org\/romanian\/wp-json\/wp\/v2\/pages\/4921\/revisions\/5750"}],"wp:attachment":[{"href":"https:\/\/www.propiano.org\/romanian\/wp-json\/wp\/v2\/media?parent=4921"}],"curies":[{"name":"wp","href":"https:\/\/api.w.org\/{rel}","templated":true}]}}