{"id":4901,"date":"2018-02-04T03:52:09","date_gmt":"2018-02-04T03:52:09","guid":{"rendered":"http:\/\/www.propiano.org\/romanian\/?page_id=4901"},"modified":"2018-03-06T21:14:35","modified_gmt":"2018-03-06T21:14:35","slug":"prietenii-muzicii-braila-2018","status":"publish","type":"page","link":"https:\/\/www.propiano.org\/romanian\/prietenii-muzicii-braila-2018\/","title":{"rendered":"Prietenii Muzicii Braila 2018"},"content":{"rendered":"<p><span style=\"color: #000000;\"><strong><a style=\"color: #000000;\" href=\"http:\/\/www.propiano.org\/romanian\/regulament-braila-2018\/\"><span style=\"text-decoration: underline;\">Regulament Braila 2018<\/span><\/a><\/strong><\/span><\/p>\n<p><span style=\"color: #000000;\"><strong><a style=\"color: #000000;\" href=\"https:\/\/docs.google.com\/forms\/d\/e\/1FAIpQLSdsjA4Suc8pDkVWheNygXlSaGQJl9kLU_KxwHUezt2VHfFhTw\/viewform\"><span style=\"text-decoration: underline;\">Formular Braila 2018<\/span><\/a> <\/strong>(dac\u0103 nu ave\u021bi cont Google, v\u0103 rug\u0103m s\u0103 v\u0103 conecta\u021bi la formular cu<br \/>\nEmail:<strong> plata.propiano@gmail.com<\/strong>\u00a0 \u0219i\u00a0 Parola: <strong>plataplata<\/strong>)<strong><br \/>\n<\/strong><\/span><\/p>\n<p><span style=\"color: #000000;\"><strong><a style=\"color: #000000;\" href=\"http:\/\/www.propiano.org\/romanian\/programare-braila-2018\/\"><span style=\"text-decoration: underline;\">Programare Braila 2018<\/span><\/a><\/strong><\/span><\/p>\n","protected":false},"excerpt":{"rendered":"<p>Regulament Braila 2018 Formular Braila 2018 (dac\u0103 nu ave\u021bi cont Google, v\u0103 rug\u0103m s\u0103 v\u0103 conecta\u021bi la formular cu Email: plata.propiano@gmail.com\u00a0 \u0219i\u00a0 Parola: plataplata) Programare Braila 2018<\/p>\n","protected":false},"author":1,"featured_media":0,"parent":0,"menu_order":0,"comment_status":"closed","ping_status":"closed","template":"","meta":{"footnotes":""},"class_list":["post-4901","page","type-page","status-publish","hentry"],"_links":{"self":[{"href":"https:\/\/www.propiano.org\/romanian\/wp-json\/wp\/v2\/pages\/4901","targetHints":{"allow":["GET"]}}],"collection":[{"href":"https:\/\/www.propiano.org\/romanian\/wp-json\/wp\/v2\/pages"}],"about":[{"href":"https:\/\/www.propiano.org\/romanian\/wp-json\/wp\/v2\/types\/page"}],"author":[{"embeddable":true,"href":"https:\/\/www.propiano.org\/romanian\/wp-json\/wp\/v2\/users\/1"}],"replies":[{"embeddable":true,"href":"https:\/\/www.propiano.org\/romanian\/wp-json\/wp\/v2\/comments?post=4901"}],"version-history":[{"count":19,"href":"https:\/\/www.propiano.org\/romanian\/wp-json\/wp\/v2\/pages\/4901\/revisions"}],"predecessor-version":[{"id":5062,"href":"https:\/\/www.propiano.org\/romanian\/wp-json\/wp\/v2\/pages\/4901\/revisions\/5062"}],"wp:attachment":[{"href":"https:\/\/www.propiano.org\/romanian\/wp-json\/wp\/v2\/media?parent=4901"}],"curies":[{"name":"wp","href":"https:\/\/api.w.org\/{rel}","templated":true}]}}