{"id":4769,"date":"2017-10-04T08:19:33","date_gmt":"2017-10-04T08:19:33","guid":{"rendered":"http:\/\/www.propiano.org\/romanian\/?page_id=4769"},"modified":"2018-05-30T11:23:11","modified_gmt":"2018-05-30T11:23:11","slug":"concurs-de-compozitie-2018","status":"publish","type":"page","link":"https:\/\/www.propiano.org\/romanian\/concurs-de-compozitie-2018\/","title":{"rendered":"Concurs de Compozitie 2018"},"content":{"rendered":"<h3><strong>Regulamentul\u00a0Concursului de Compozitie\u00a0<\/strong><\/h3>\n<h3><strong>\u201cPRO PIANO-ROM\u00c2NIA\u201d\u00a0 \/\u00a0 <\/strong><strong>Edi\u021bia a VII-a, 2018<\/strong><\/h3>\n<h2><\/h2>\n<p>Concursul se adreseaz\u0103 copiilor \u0219i tinerilor cu v\u00e2rste cuprinse \u00eentre 5 \u2013 18 ani(inclusiv cei din clasa a XII-a), care studiaz\u0103 muzica \u00een \u0218coli \u0219i Licee(Colegii) de Muzic\u0103 sau \u00een Cluburi, Palate ale Copiilor\u00a0sau \u00een \u00eenv\u0103\u021b\u0103m\u00e2nt particular.<\/p>\n<p><strong>Scopul<\/strong> principal este stimularea creativit\u0103\u021bii tinerilor muzicieni de la cele mai fragede v\u00e2rste, precum \u0219i\u00a0\u00eencurajarea\u00a0prezent\u0103rii publice a produsului finit, care va fi evaluat, apreciat, premiat(dup\u0103 caz) \u0219i ulterior, mediatizat, difuzat,\u00a0prin diverse mijloace.<\/p>\n<p>\u00cen paralel, Concursul de crea\u021bie\u00a0urm\u0103re\u0219te \u00eembog\u0103\u021birea repertoriului rom\u00e2nesc\u00a0 destinat \u00een special elevilor din primele doua cicluri \u0219colare(elementar \u0219i gimnazial), segment s\u0103rac \u00een piese didactice, adecvate nivelului lor de interpretare.<\/p>\n<p>&nbsp;<\/p>\n<p><strong>\u00a0C<\/strong><strong>oncursul de crea\u021bie<\/strong>(compozi\u021bie muzical\u0103) are\u00a0<strong>2 categorii<\/strong>:<\/p>\n<p>1.\u00a0\u00a0\u00a0\u00a0\u00a0 pana la 12 ani(n\u0103scu\u021bi p\u00e2n\u0103 \u00een anul 2006)<\/p>\n<p>2.\u00a0\u00a0\u00a0\u00a0\u00a0 \u00eentre 13 \u2013 18 ani(n\u0103scu\u021bi p\u00e2n\u0103 \u00een anul 2000)<\/p>\n<p>&nbsp;<\/p>\n<p><strong>Tematica<\/strong>(structura de con\u0163inut a concursului) \u2013 pentru edi\u0163ia 2018 se pot prezenta lucr\u0103ri at\u00e2t pentru\u00a0<strong>instrument solo<\/strong>: pian(la 2 \u0219i 4 m\u00e2ini), instrumente cu coarde, instrumente de suflat, percu\u021bie,\u00a0\u00een forme diverse\u00a0 (lied, tem\u0103 cu varia\u021biuni, mini-suite tematice, rondo, etc), precum \u0219i lucr\u0103ri pentru\u00a0<strong>forma\u021bii camerale(<\/strong>nu si pentru orchestra).<\/p>\n<h2><strong>\u00a0<\/strong><\/h2>\n<p><strong>Condi\u021bii de participare: \u00a0<\/strong>Un concurent este admis cu una sau mai multe lucr\u0103ri. Lucrarea prezentat\u0103 trebuie sa fie original\u0103 \u0219i nepublicat\u0103 p\u00e2n\u0103 la data prezentului concurs. Se admit partituri \u00een manuscris (cu caractere <em>d<\/em>e<em> c<\/em>uloare neagr\u0103), xerocopiate sau tehnoredactate <strong>\u00eenso\u0163ite sau nu<\/strong> de \u00eenregistrare demo \u2013 CD-uri(<strong>nu sunt obligatorii<\/strong>). Ele au caracter documentar, con\u0163in\u00e2nd \u00eenregistrarea pieselor prezentate \u00een concurs. Nu se vor canta piesele, dec\u00e2t la cererea juriului, in Gala(daca doreste compozitorul).<\/p>\n<p>Aceste exemplare vor avea men\u021bionate numai un\u00a0<strong>titlu \u015fi un motto<\/strong>\u00a0pentru identificare(f\u0103r\u0103 nume sau semn\u0103tur\u0103).<\/p>\n<p>Taxa de \u00eenscriere: pentru o singur\u0103 lucrare \u2013\u00a0<strong>120 lei<\/strong>, iar pentru mai multe \u2013\u00a0<strong>180 lei<\/strong> .<\/p>\n<p><strong>Inscrierea\u00a0<\/strong>se va face pan\u0103 la data de\u00a0<strong>1 iunie <\/strong><strong>201<\/strong><strong>8<\/strong><strong>:<\/strong><\/p>\n<ul>\n<li>prin\u00a0<strong>po\u0219ta rapida<\/strong>(DHL, etc, <strong>nu colet postal<\/strong>)\u00a0la<strong>\u00a0adresa:<\/strong>Funda\u021bia Culturala \u201cPRO PIANO-ROM\u00c2NIA\u201d, pentru d-na prof. Stela Avesalon \u2013 Aleea P\u0103durea Craiului nr.1, Bloc H3, Scara 1, Ap. 11, sector 3, Cod 032719, Of. Post 57, Bucure\u0219ti.<\/li>\n<li>direct la organizator, numai\u00a0in zilele de 18 si 22 mai 2018. \u00cen acest caz,se poate achita \u0219i taxa. Se vor \u00eenregistra numai dosarele complete(completari ulterioare nu sunt admise).<\/li>\n<\/ul>\n<p>Fiecare dosar va trebui s\u0103 con\u0163in\u0103:<\/p>\n<p>lucrarea respectiv\u0103, \u00een\u00a0<strong>2 (dou\u0103)<\/strong>\u00a0exemplare, pe care s\u0103 figureze numai\u00a0<strong>titlul\u00a0<\/strong>\u015fi un\u00a0<strong>motto<\/strong><\/p>\n<p>un plic \u00eenchis pe care se va afla notat motto-ul ce figureaz\u0103 pe partitur\u0103. \u00cen interiorul plicului se vor g\u0103si: formularul de \u00eenscriere (care va cuprinde numele \u015fi prenumele compozitorului, locul \u015fi data na\u015fterii, \u015fcoala din care face parte, adresa complet\u0103, num\u0103rul de telefon, adresa de e-mail), \u2013 copia unui<\/p>\n<p>document care s\u0103 ateste data na\u015fterii, \u2013 un scurt curiculum vitae \u2013 o scurt\u0103 prezentare a lucr\u0103rii respective<\/p>\n<p>copia chitantei de achitare a taxei de inscriere in cazul anexarii CD-ului lucr\u0103rii prezentate \u00een concurs, acesta va purta\u00a0<strong>motto<\/strong>-ul \u00eenscris pe partitur\u0103, f\u0103r\u0103 nici o alt\u0103 \u00eensemnare sau comentariu.<\/p>\n<p>Participarea la concurs implic\u0103 acceptarea integral\u0103 de c\u0103tre concuren\u0163i a prezentului regulament \u015fi a deciziilor juriului. Pentru informa\u0163ii suplimentare, concuren\u0163ii se vor adresa secretariatului artistic al Fundatiei.<\/p>\n<p><strong>Juriul:\u00a0<\/strong>Juriul va fi format din personalit\u0103\u0163i prestigioase ale vie\u0163ii muzicale rom\u00e2ne\u015fti.<\/p>\n<p>&nbsp;<\/p>\n<p><strong>Premii<\/strong>\u00a0\u2013 toate premiile se vor acorda \u00een Gala de decernare a premiilor Concursului de interpretare(<strong>15 iunie 2018, odata cu Gala <\/strong>concursului de interpretare-pian)<strong>.<\/strong><\/p>\n<p>Se vor acorda:<\/p>\n<ul>\n<li>Premiul I, II, III, Premii Speciale(ale juriului \u0219i Sponsorilor)<\/li>\n<li>premii importante acordate de Muzeul Na\u021bional \u201eGeorge Enescu\u201d<\/li>\n<li>un Premiu Special oferit \u00een Gala Concursului<\/li>\n<li>unul sau mai multe recitaluri cu lucr\u0103rile premiate \u2013\u00a0\u00een cadrul\u00a0Stagiunii Muzicale 2018 \u2013 2019 \u00a0de la Muzeul Na\u021bional \u201eGeorge Enescu\u201d<\/li>\n<li>partituri \u0219i CD-uri cu muzic\u0103 de George Enescu.<\/li>\n<\/ul>\n<p><strong>Partiturile premiate<\/strong>\u00a0intr\u0103 \u00een proprietatea Funda\u021biei Culturale \u201cPRO PIANO-ROM\u00c2NIA\u201d. Partiturile care nu au ob\u0163inut premii pot fi restituite, la cerere, autorilor.<\/p>\n<p>Juriul \u00ee\u015fi rezerv\u0103 dreptul de a decide asupra neacord\u0103rii oric\u0103reia dintre distinc\u0163iile mai sus men\u0163ionate. Deciziile juriului sunt definitive \u015fi nu pot fi contestate. O parte dintre\u00a0cei premia\u0163i(la alegerea Juriului) vor fi invita\u0163i s\u0103-\u0219i interpreteze\u00a0piesele \u00een Gal\u0103.<\/p>\n<p>Organizatorii vor mediatiza lucr\u0103rile premiate \u00een emisiuni speciale TV \u015fi radio. Totodata, lucr\u0103rile au \u0219ansa sa fie interpretate \u00een audi\u021bii \u0219i recitaluri organizate de Funda\u021bie, pe toat\u0103 durata anului.<\/p>\n","protected":false},"excerpt":{"rendered":"<p>Regulamentul\u00a0Concursului de Compozitie\u00a0 \u201cPRO PIANO-ROM\u00c2NIA\u201d\u00a0 \/\u00a0 Edi\u021bia a VII-a, 2018 Concursul se adreseaz\u0103 copiilor \u0219i tinerilor cu v\u00e2rste cuprinse \u00eentre 5 \u2013 18 ani(inclusiv cei din clasa a XII-a), care studiaz\u0103 muzica \u00een \u0218coli \u0219i Licee(Colegii) de Muzic\u0103 sau \u00een Cluburi, Palate ale Copiilor\u00a0sau \u00een \u00eenv\u0103\u021b\u0103m\u00e2nt particular. Scopul principal este stimularea creativit\u0103\u021bii tinerilor muzicieni de [&hellip;]<\/p>\n","protected":false},"author":1,"featured_media":0,"parent":0,"menu_order":0,"comment_status":"closed","ping_status":"closed","template":"","meta":{"footnotes":""},"class_list":["post-4769","page","type-page","status-publish","hentry"],"_links":{"self":[{"href":"https:\/\/www.propiano.org\/romanian\/wp-json\/wp\/v2\/pages\/4769","targetHints":{"allow":["GET"]}}],"collection":[{"href":"https:\/\/www.propiano.org\/romanian\/wp-json\/wp\/v2\/pages"}],"about":[{"href":"https:\/\/www.propiano.org\/romanian\/wp-json\/wp\/v2\/types\/page"}],"author":[{"embeddable":true,"href":"https:\/\/www.propiano.org\/romanian\/wp-json\/wp\/v2\/users\/1"}],"replies":[{"embeddable":true,"href":"https:\/\/www.propiano.org\/romanian\/wp-json\/wp\/v2\/comments?post=4769"}],"version-history":[{"count":11,"href":"https:\/\/www.propiano.org\/romanian\/wp-json\/wp\/v2\/pages\/4769\/revisions"}],"predecessor-version":[{"id":5145,"href":"https:\/\/www.propiano.org\/romanian\/wp-json\/wp\/v2\/pages\/4769\/revisions\/5145"}],"wp:attachment":[{"href":"https:\/\/www.propiano.org\/romanian\/wp-json\/wp\/v2\/media?parent=4769"}],"curies":[{"name":"wp","href":"https:\/\/api.w.org\/{rel}","templated":true}]}}