{"id":4602,"date":"2017-08-15T13:40:41","date_gmt":"2017-08-15T13:40:41","guid":{"rendered":"http:\/\/www.propiano.org\/romanian\/?page_id=4602"},"modified":"2018-02-21T07:56:32","modified_gmt":"2018-02-21T07:56:32","slug":"programare-cluj-2018","status":"publish","type":"page","link":"https:\/\/www.propiano.org\/romanian\/programare-cluj-2018\/","title":{"rendered":"Programare Cluj 2018"},"content":{"rendered":"<h4><strong>PROGRAMAREA participan\u021bilor pentru <\/strong><\/h4>\n<h4><strong>Festivalul \u2013 Concurs ,,PRIETENII MUZICII\u201d <\/strong><\/h4>\n<h4><strong>CLUJ \u2013 NAPOCA \u2013 23 \u2013 25 februarie 2018<\/strong><\/h4>\n<p><strong>\u00a0<\/strong><\/p>\n<h4><strong>VINERI \u2013 23 FEBRUARIE<\/strong><\/h4>\n<p><strong>9.30 \u2013 10.30<\/strong>\u00a0\u00a0\u00a0\u00a0 HATH\u00c1ZI TAM\u00c1S \u2013 B7, ANSAMBLURI<\/p>\n<p>B0, B1, B2<\/p>\n<p><strong>10.30 \u2013 11.30<\/strong>\u00a0\u00a0 B3, B4<\/p>\n<p><strong>12 \u2013 13<\/strong> B5, B6<\/p>\n<p><strong>FESTIVITATE DE PREMIERE<\/strong><\/p>\n<p><strong>\u00a0<\/strong><\/p>\n<p><strong>14 \u2013 15 B7, B8, B9,B10, A3<\/strong><\/p>\n<p><strong>15 \u2013 16 A4<\/strong><\/p>\n<p><strong>16 \u2013 17 BUCURE\u0218TI, ALBA, A11<\/strong><\/p>\n<p><strong>17 \u2013 18 A14<\/strong><\/p>\n<p><strong>\u00a0FESTIVITATE DE PREMIERE<\/strong><\/p>\n<p><strong>\u00a0<\/strong><\/p>\n<h4><strong>S\u00c2MB\u0102T\u0102 \u2013 24 FEBRUARIE<\/strong><\/h4>\n<p><strong>9 \u2013 10\u00a0\u00a0\u00a0\u00a0\u00a0\u00a0\u00a0\u00a0\u00a0\u00a0\u00a0\u00a0\u00a0 BLENCHE GIULIA(B7)<\/strong> \u0219i <strong>A5<\/strong><\/p>\n<p><strong>10 \u2013 11\u00a0\u00a0\u00a0\u00a0\u00a0\u00a0\u00a0\u00a0\u00a0\u00a0\u00a0\u00a0 A6<\/strong><\/p>\n<p><strong>11 \u2013 12 ORADEA, IA\u0218I, PLOIE\u0218TI, SIBIU,<\/strong><\/p>\n<p><strong>\u00a0\u00a0\u00a0\u00a0\u00a0\u00a0\u00a0\u00a0\u00a0\u00a0 ALBA (B4,A3,A7)\u00a0\u00a0\u00a0\u00a0\u00a0\u00a0\u00a0\u00a0\u00a0\u00a0\u00a0\u00a0\u00a0\u00a0 <\/strong><\/p>\n<p><strong>12 \u2013 13 MOLDOVA, SUCEAVA, A7<\/strong><\/p>\n<p><strong>FESTIVITATE DE PREMIERE<\/strong><\/p>\n<p><strong>\u00a0\u00a0\u00a0\u00a0\u00a0\u00a0\u00a0\u00a0\u00a0\u00a0\u00a0\u00a0\u00a0\u00a0\u00a0\u00a0\u00a0\u00a0\u00a0\u00a0\u00a0\u00a0\u00a0\u00a0\u00a0\u00a0\u00a0\u00a0\u00a0\u00a0\u00a0\u00a0\u00a0\u00a0\u00a0\u00a0\u00a0\u00a0\u00a0\u00a0\u00a0\u00a0 <\/strong><\/p>\n<p><strong>14.30 \u2013 15.30\u00a0\u00a0 A8, H\u0102R\u0218AN F\u00c1RR MIRA \u0218I ALIA\u00a0\u00a0\u00a0\u00a0\u00a0\u00a0\u00a0\u00a0\u00a0\u00a0\u00a0\u00a0\u00a0\u00a0\u00a0\u00a0\u00a0\u00a0\u00a0\u00a0\u00a0\u00a0\u00a0\u00a0\u00a0\u00a0\u00a0\u00a0\u00a0\u00a0\u00a0\u00a0\u00a0\u00a0\u00a0\u00a0\u00a0\u00a0\u00a0\u00a0 \u00a0\u00a0\u00a0\u00a0\u00a0\u00a0\u00a0\u00a0\u00a0\u00a0\u00a0\u00a0\u00a0\u00a0\u00a0\u00a0\u00a0<\/strong><\/p>\n<p><strong>15.30 \u2013 16.30\u00a0\u00a0 A9, VULEA MARIA DENISA(B5),\u00a0\u00a0 <\/strong><\/p>\n<p><strong>\u00a0\u00a0\u00a0\u00a0\u00a0\u00a0\u00a0\u00a0\u00a0\u00a0\u00a0\u00a0\u00a0\u00a0\u00a0\u00a0\u00a0\u00a0\u00a0\u00a0 \u00a0\u00a0\u00a0 SZATM\u00c1RI ANDR\u00c1S(B6)<\/strong><\/p>\n<p><strong>\u00a0\u00a0\u00a0\u00a0\u00a0\u00a0\u00a0\u00a0\u00a0\u00a0\u00a0\u00a0\u00a0\u00a0\u00a0\u00a0\u00a0\u00a0\u00a0\u00a0 \u00a0\u00a0\u00a0 <\/strong><strong>MOLDOVAN IULIA(A7)<\/strong><\/p>\n<p><strong>16.30 \u2013 17.30\u00a0\u00a0 A10, JAKAB GYIK DOROTTY(A3)<\/strong><\/p>\n<p><strong>17.30 \u2013 18.30\u00a0\u00a0 A12<\/strong><\/p>\n<p><strong>FESTIVITATE DE PREMIERE<\/strong><\/p>\n<p><strong>\u00a0<\/strong><\/p>\n<h4><strong>DUMINIC\u0102 \u2013 25 FEBRUARIE<\/strong><\/h4>\n<p><strong>10 \u2013 11 ANSAMBLURI LA 4 M\u00c2INI (CERERE)<\/strong><\/p>\n<p><strong>\u00a0\u00a0\u00a0\u00a0\u00a0\u00a0\u00a0\u00a0\u00a0\u00a0\u00a0\u00a0 JUCAN ANA (B3), SUCIU ALEXANDRA (B3), <\/strong><\/p>\n<p><strong>\u00a0\u00a0\u00a0\u00a0\u00a0\u00a0\u00a0\u00a0\u00a0\u00a0\u00a0\u00a0\u00a0\u00a0 \u00a0\u00a0\u00a0\u00a0\u00a0\u00a0\u00a0\u00a0\u00a0 <\/strong><strong>BOANC\u0102 GEORGIA(B4), POP ANA(B5)\u00a0\u00a0\u00a0\u00a0\u00a0\u00a0\u00a0\u00a0\u00a0\u00a0\u00a0\u00a0\u00a0\u00a0\u00a0\u00a0\u00a0\u00a0\u00a0\u00a0\u00a0\u00a0\u00a0\u00a0\u00a0\u00a0\u00a0\u00a0\u00a0\u00a0 <\/strong><\/p>\n<p><strong>11 \u2013 12 K\u00d6NCZEI ESZTER(A11),<\/strong><\/p>\n<p><strong>\u00a0\u00a0\u00a0\u00a0\u00a0\u00a0\u00a0\u00a0\u00a0\u00a0\u00a0\u00a0\u00a0\u00a0 JAKAB ENDRE(A13)<\/strong><\/p>\n<p><strong>\u00a0\u00a0\u00a0\u00a0\u00a0\u00a0\u00a0\u00a0\u00a0\u00a0\u00a0\u00a0\u00a0\u00a0 SECHEI IGNAT RADU(B3), TOMA LOIS(B4)<\/strong><\/p>\n<p><strong>\u00a0\u00a0\u00a0\u00a0\u00a0\u00a0\u00a0\u00a0\u00a0\u00a0\u00a0\u00a0\u00a0\u00a0 <\/strong><strong>TOMA VICTORIA(B5) \/ 12 \u2013 13\u00a0\u00a0\u00a0\u00a0\u00a0 BAIA MARE, SIBIU<\/strong><\/p>\n<p>&nbsp;<\/p>\n<p>&nbsp;<\/p>\n<p>&nbsp;<\/p>\n<h3 style=\"text-align: center;\"><strong>Lista participan\u021bilor<\/strong><\/h3>\n<h4 style=\"text-align: left;\"><strong>SEC\u021aIUNEA\u00a0 A<\/strong><\/h4>\n<ol>\n<li><strong>A3 &#8211; <\/strong>Adam Toma \u2013 Alba<\/li>\n<li>Beudean Ilinca-Maria \u2013 Cluj<\/li>\n<li>H\u0103r\u0219an-F\u00e1rr Mira \u2013 Cluj<\/li>\n<li>Nagy Nichita \u2013 Cluj<\/li>\n<li>Pa\u0219ca Siluan \u2013 Cluj<\/li>\n<li>Zileriu Sonia \u2013 Cluj<\/li>\n<li><strong>A4 \u2013 <\/strong>Bardocz Csongor \u2013 Cluj<\/li>\n<li>C\u00eendroi Adelina Maria \u2013 Alba<\/li>\n<li>Costeiu Gloria \u2013 Alba<\/li>\n<li>Duma Elias Cristian \u2013 Cluj<\/li>\n<li>Goga Csilla \u2013 Cluj<\/li>\n<li>Ignat Samuel \u2013 Alba<\/li>\n<li>Kulcs\u00e1r Amanda \u2013 Cluj<\/li>\n<li>Lengyel Aron \u2013 Filip &#8211; Cluj<\/li>\n<li>Lucan Aron &#8211; Suceava<\/li>\n<li>Maksutovici Enya &#8211; Cluj<\/li>\n<li>Muntean Antonia Bianca \u2013 Alba<\/li>\n<li>Muntean Darius- Cluj<\/li>\n<li>Muntean Miruna Ana \u2013 Alba<\/li>\n<li>Patachi Eva Ioana \u2013 Alba<\/li>\n<li>Stan Sophia Zahra \u2013 Cluj<\/li>\n<li>Szab\u00f3 Tam\u00e1s \u2013 Cluj<\/li>\n<li>Timofte Ioana &#8211; Cluj<\/li>\n<li>\u021a\u00e2rean Casiana \u2013 Alba<\/li>\n<li>Ursu Ioana \u2013 Cluj<\/li>\n<li>Veliman Lea Mihaela \u2013 Cluj<\/li>\n<li>Zirbo Ema-Gabriela &#8211; Cluj<\/li>\n<li><strong>A5 &#8211; <\/strong>Constantin Alexia Bianca \u2013 Ploie\u0219ti<\/li>\n<li>Cri\u0219an Greti Clara \u2013 Cluj<\/li>\n<li>D\u0103ian Philip \u2013 Alba<\/li>\n<li>Dio\u0219an Ana \u2013 Alba<\/li>\n<li>Ilea Sara Maria \u2013 Cluj<\/li>\n<li>Ionescu Althea \u2013 Cluj<\/li>\n<li>Luchian Alexandra Ioana \u2013 Cluj<\/li>\n<li>Lupea Gabriela &#8211; Cluj<\/li>\n<li>Moldovan-Maniu Victor-\u0218tefan \u2013 Cluj<\/li>\n<li>Naghi Miron &#8211; Cluj<\/li>\n<li>Noian-Ursa Elisa-Paula \u2013 Alba<\/li>\n<li>Oprea Andreea \u2013 Cluj<\/li>\n<li>Pop Ilinca \u2013 Cluj 4<\/li>\n<li>Suciu Patrick &#8211; Cluj<\/li>\n<li>Szekely Nandor \u2013 Cluj<\/li>\n<li><strong>A6-<\/strong> Belinschi Maria \u2013 Cluj<\/li>\n<li>Boanc\u0103 Dan \u2013 Cluj<\/li>\n<li>Bodea Maya Flavia &#8211; Cluj<\/li>\n<li>Ciuma\u0219 Andreea \u2013 Bianca \u2013 B\u0103l\u021bi \u2013 Republica Moldova<\/li>\n<li>Dan Gilia Maria \u2013 Cluj<\/li>\n<li>Kiss Dorottya Eszter \u2013 Cluj<\/li>\n<li>Kov\u00e1cs Bryiana &#8211; Cluj<\/li>\n<li>Pascaru Dumitri\u021ba \u2013 B\u0103l\u021bi<\/li>\n<li>Popu\u021b Noa Alexandra \u2013 Cluj<\/li>\n<li>Trifescu Maria \u2013 Cluj<\/li>\n<li><strong>A7 \u2013<\/strong>Bursa\u0219iu Mihai Alexandru \u2013 Oradea<\/li>\n<li>Har\u0219an F\u00e1rr Alia \u2013 Cluj<\/li>\n<li>Jakab-Gyik Dorottya \u2013 Cluj<\/li>\n<li>Jumbei Nicole \u2013 Cluj<\/li>\n<li>Lup David Paul \u2013 Cluj<\/li>\n<li>Moldovan Iulia Valeria \u2013 Tg.Mure\u0219<\/li>\n<li>Mo\u021bocan Filip Daniel \u2013 Cluj<\/li>\n<li>Petrean Casian Ovidiu \u2013 Alba<\/li>\n<li>Prodan Elisa \u2013 Cluj<\/li>\n<li>Rusu Alexia Ana \u2013 Cluj<\/li>\n<li>Sergie Anastasia \u2013 Ia\u0219i<\/li>\n<li>Stan Hannah Abigail<\/li>\n<li>Szentkuti Anna \u2013 Cluj<\/li>\n<li>Tobias Robert \u2013 Cluj<\/li>\n<li>V\u0103dan Alexie &#8211; Cluj<\/li>\n<li>Vele Daniel &#8211; Cluj<\/li>\n<li><strong>A8 &#8211;<\/strong> \u00c1rm\u00e1n Debora &#8211; Cluj<\/li>\n<li>B\u0103lan Niculina \u2013 Alba<\/li>\n<li>Hruban Andrei \u2013 Cluj<\/li>\n<li>Iona\u0219 Maria Elena \u2013 Alba<\/li>\n<li>Neam\u021bu Claudia \u2013 Alba<\/li>\n<li>Rusti Teodor &#8211; Cluj<\/li>\n<li>Vajas Noemi &#8211; Cluj<\/li>\n<li>Veliman Sara Gabriela &#8211; Cluj<\/li>\n<li><strong>A9 &#8211;<\/strong> Anca Ioana Daria \u2013 Alba<\/li>\n<li>Ban Natalia \u2013 Cluj<\/li>\n<li>Duma Flavius Mihai \u2013 Cluj<\/li>\n<li>Mezei Theodore Mihai \u2013 Cluj<\/li>\n<li>Nagy Elisabeta \u2013 Cluj<\/li>\n<li>Roba Cristian \u2013 Alba<\/li>\n<li>Mure\u0219an Filip &#8211; Oradea<\/li>\n<li><strong>A10<\/strong> \u2013 Arpa\u0219 Antonia \u2013 Cluj<\/li>\n<li>Iona\u0219 Timeea \u2013 Alba<\/li>\n<li>Jank\u00f3 Debora \u2013 Cluj<\/li>\n<li>Talo\u0219 Maria &#8211; Cluj<\/li>\n<li>Vancea Bianca &#8211; Cluj<\/li>\n<li><strong>A11<\/strong> \u2013K\u00f6nczei Eszter &#8211; Cluj<\/li>\n<li>Lelu\u021biu Oana Alexandra \u2013 Cluj<\/li>\n<li>Rus Arca Maria \u2013 Cluj<\/li>\n<li>Lungan Gligor Vladimir \u2013 Alba<\/li>\n<li>Solomon-Bob Raoul David \u2013 Cluj<\/li>\n<li>V\u0103lean Andra &#8211; Cluj<\/li>\n<li><strong>A12<\/strong> \u2013 Drago\u0219 Roman Cristiana \u2013 Cluj<\/li>\n<li>Farca\u0219 Adrian- Alin- Ioan \u2013 Cluj<\/li>\n<li>Fodor Paul Emanuel \u2013 Cluj<\/li>\n<li>Irimie\u0219 Antim &#8211; Cluj<\/li>\n<li>Mih\u0103lcean Dumitru \u2013 Cluj<\/li>\n<li>Pop Ana &#8211; Cluj<\/li>\n<li>Posteuc\u0103 Andreea \u2013 Cluj<\/li>\n<li>\u021a\u00e2rc S\u00e2nziana Raluca &#8211; Cluj<\/li>\n<li><strong>A13 \u2013<\/strong>Jakab Endre &#8211; Cluj<\/li>\n<li>Trofim Polina \u2013 Tiraspol<\/li>\n<li><strong>A14 \u2013<\/strong> Barbu Teodor \u2013 Cluj<\/li>\n<li>Cicireag\u0103 Moisescu Andreea \u2013 Cluj<\/li>\n<\/ol>\n<p>&nbsp;<\/p>\n<h4><strong>SEC\u021aIUNEA B<\/strong><\/h4>\n<p><strong>B0\u00a0<\/strong><\/p>\n<p>107.Solomon-Bob Milan Raoul &#8211; Cluj<\/p>\n<p><strong>B1<\/strong><\/p>\n<p>108.Ce\u0219a Goje Karla \u2013 Cluj<\/p>\n<ol start=\"109\">\n<li>F\u00fcl\u00f6p-Pop Victor Andrei &#8211; Cluj<\/li>\n<\/ol>\n<p><strong>B2<\/strong><\/p>\n<p>110.Borza Cristian Ionu\u021b &#8211; Cluj<\/p>\n<p>111.Budulac Eva Agnes \u2013 Turda<\/p>\n<p>112. Cosma Alessia \u2013 Cluj<\/p>\n<p>113.Darvay Nora \u2013 Cluj<\/p>\n<p>114.Maksutovici Kadora &#8211; Cluj<\/p>\n<p>115.Melian Florian-Andrei \u2013 Cluj<\/p>\n<p>116.Orbean Cristian Alexandru \u2013 Turda<\/p>\n<p>117.Palfi Darius Andrei \u2013 Baia Mare<\/p>\n<p><strong>B3\u00a0<\/strong><\/p>\n<p>118.Bathori Doris \u2013 Cluj<\/p>\n<p>119.Ghi\u0219a David \u2013 Cluj<\/p>\n<p>120.Jucan Ana \u2013 Cluj<\/p>\n<p>121.Pop Natalia \u2013 Cluj<\/p>\n<p>122.Pu\u0219ca\u0219 Zara Sofia \u2013 Cluj<\/p>\n<p>123.Roman Monica \u2013 Cluj<\/p>\n<p>124.Sechei Ignat Radu \u2013 Cluj<\/p>\n<p>125Silaghi Antonia-Maria &#8211; Cluj<\/p>\n<p>126.St\u0103nil\u0103 Alexandru Sebastian \u2013 Cluj<\/p>\n<p>127.Suciu Alexandra \u2013 Cluj<\/p>\n<p><strong>B4 <\/strong><\/p>\n<p>128.Bar\u0103u Matei-Theodor \u2013 Cluj<\/p>\n<p>129.Boanc\u0103 Georgia \u2013 Cluj<\/p>\n<p>130.Boca Sofia \u2013 Cluj<\/p>\n<p>131.Bota R\u0103zvan Andrei<\/p>\n<p>132.Fanea Patricia Diana \u2013 Cluj<\/p>\n<p>133.F\u00fcl\u00f6p-Pop Mihai Tudor- Cluj<\/p>\n<p>134.F\u0151ldes Ana-Emilia \u2013 Cluj<\/p>\n<p>135.Gavrea Alexandru \u2013 Cluj<\/p>\n<p>136.Lucus Rada Maria \u2013 Baia Mare<\/p>\n<p>137.Magda\u0219 Teodora Diana \u2013 Cluj<\/p>\n<p>138.Moldovan Ania \u2013 Cluj<\/p>\n<p>139.Roman-Zah Paul \u2013 Baia Mare<\/p>\n<p>140.Simu Andrei \u2013 Cluj<\/p>\n<p>141.Stauder Luca \u2013 Baia Mare<\/p>\n<p>142.Tan Delal Sophia \u2013 Alba<\/p>\n<p>143.Toma Lois Emanuela \u2013 Cluj<\/p>\n<p>144.Zagor Clara &#8211; Cluj<\/p>\n<p><strong>B5\u00a0<\/strong><\/p>\n<p>145.Blenche Giulia Maria \u2013 Cluj<\/p>\n<p>146..Brumar Patrick Mihai \u2013 Sibiu<\/p>\n<p>147.Borza Emil-Daniel \u2013 Cluj<\/p>\n<p>148.Com\u0219ulea Maia \u2013 Cluj<\/p>\n<p>149.Frangache Diana Maria &#8211; Cluj<\/p>\n<p>150.G\u00f6nczi Timotei \u2013 Cluj<\/p>\n<p>151.L\u00e1szl\u00f3 Herbert Nora \u2013 Cluj<\/p>\n<p>152.Pop Ana Lumini\u021ba Cipriana \u2013 Cluj<\/p>\n<p>153.Ra\u021b Natalia \u2013 Bucure\u0219ti<\/p>\n<p>154.Toma Victoria Cluj<\/p>\n<p>155.Vlad Tudor \u2013 Oradea<\/p>\n<p>156.Vulea Maria Denisa \u2013 Cluj<\/p>\n<p><strong>B6 <\/strong><\/p>\n<p>157.Adam Ema \u2013 Cluj<\/p>\n<p>158.Chi\u0219e George Andrei \u2013 Cluj<\/p>\n<p>159.Corbeanu Emma Cristina &#8211; Cluj<\/p>\n<p>160.Iozsa Eduard \u2013 Turda<\/p>\n<p>161.L\u0103pu\u0219an Clara \u2013 Cluj<\/p>\n<p>162.Mocan Ana Catinca \u2013 Cluj<\/p>\n<p>163.Szatm\u00e1ri Andr\u00e1s \u2013 Cluj<\/p>\n<p>164.Tudurache Eduard Mihai &#8211; Cluj<\/p>\n<p>165.Udrescu Maria \u2013 Cluj<\/p>\n<p><strong>B7 <\/strong><\/p>\n<p>166.Blenche Giulia Maria &#8211; Cluj<\/p>\n<p>167.Cionca \u0218tefan \u2013 Cluj<\/p>\n<p>168.Hath\u00e1zi Tam\u00e1s \u2013 Cluj<\/p>\n<p>169.Prigoan\u0103 Maria Ilinca<\/p>\n<p>170.Savan Emma \u2013 Turda<\/p>\n<p><strong>B8\u00a0<\/strong><\/p>\n<p>171.Brumar Ana Maya \u2013 Sibiu<\/p>\n<p>172.M\u0103ciuc\u0103 Miruna \u2013 Bucure\u0219ti<\/p>\n<p>173.Triff Flavia Maria \u2013 Alba<\/p>\n<p><strong>B9\u00a0<\/strong><\/p>\n<p>174.Centea Laura \u2013 Cluj<\/p>\n<p><strong>B10\u00a0<\/strong><\/p>\n<p>175.Costin Lisa Maria \u2013 Cluj<\/p>\n<p>176Ko\u0219a Miruna &#8211; Cluj<\/p>\n<p>177.Mure\u0219an Maria-Emanuela \u2013 Cluj<\/p>\n<p>178.Rusu Daria \u2013 Cluj<\/p>\n<p><strong>B11 \u2013<\/strong>179.Bardac Mara \u2013 Sibiu<\/p>\n<p>&nbsp;<\/p>\n<h4><strong>SEC\u021aIUNEA C(4 m\u00e2ini)<\/strong><\/h4>\n<p><strong>C1\u00a0<\/strong><\/p>\n<p>180Solomon-Bob Milan-Raoul \u2013 Melian Florian Andrei &#8211; Cluj<\/p>\n<p><strong>C2\u00a0<\/strong><\/p>\n<p>181 B\u00e1lint Panna \u2013 Varga Vir\u00e1g \u2013 Cluj<\/p>\n<p>182. C\u0103lian Ema\u00a0 &#8211; S\u00e2rbu Teodora Iasmina &#8211; Cluj<\/p>\n<p>183. Cosma Ana-Irina \u2013 But Sara Denisa \u2013 Gherasim Ana \u2013 Cluj<\/p>\n<p>184.Gn\u00e1ndt Tam\u00e1s &#8211; Domokos M\u00e1rk<\/p>\n<p>185.Gn\u00e1ndt Tam\u00e1s &#8211; Sz\u00e1sz Ger\u0151cs Hunor<\/p>\n<p>186.Gorbai Zs\u00f3fia \u2013 Horv\u00e1th Krisztina \u2013 Nemes Kriszta Noella &#8211; Cluj<\/p>\n<p>187.Jidveianu Roxana \u2013 To\u0219a Hanna &#8211; Cluj<\/p>\n<p>188.Kelp Heidi \u2013 Simu Mircea Andrei &#8211; Cluj<\/p>\n<p>189.K\u00e9pir\u00f3 Orsolya &#8211; Hath\u00e1zi Tam\u00e1s \u2013 Cluj<\/p>\n<p>190.K\u00e9zdi Anita \u2013 Nagy Anita &#8211; Cluj<\/p>\n<p>191.Negrea Alesia Paula \u2013 Voinea \u0218tefania Alesia &#8211; Cluj<\/p>\n<p>192.Susan-Pandrea \u0218tefan \u2013 Simu Mircea Nicolae &#8211; Cluj<\/p>\n<p><strong>C3 <\/strong><\/p>\n<p>193.Niste-Dam\u0219a Petra-Cristina \u2013 Dam\u0219a Olimpia-Mihaela &#8211; Cluj<\/p>\n<p>194.Rus Arca \u2013 V\u0103lean Andra \u2013 Cluj<\/p>\n<p>&nbsp;<\/p>\n","protected":false},"excerpt":{"rendered":"<p>PROGRAMAREA participan\u021bilor pentru Festivalul \u2013 Concurs ,,PRIETENII MUZICII\u201d CLUJ \u2013 NAPOCA \u2013 23 \u2013 25 februarie 2018 \u00a0 VINERI \u2013 23 FEBRUARIE 9.30 \u2013 10.30\u00a0\u00a0\u00a0\u00a0 HATH\u00c1ZI TAM\u00c1S \u2013 B7, ANSAMBLURI B0, B1, B2 10.30 \u2013 11.30\u00a0\u00a0 B3, B4 12 \u2013 13 B5, B6 FESTIVITATE DE PREMIERE \u00a0 14 \u2013 15 B7, B8, B9,B10, A3 15 [&hellip;]<\/p>\n","protected":false},"author":1,"featured_media":0,"parent":0,"menu_order":0,"comment_status":"closed","ping_status":"closed","template":"","meta":{"footnotes":""},"class_list":["post-4602","page","type-page","status-publish","hentry"],"_links":{"self":[{"href":"https:\/\/www.propiano.org\/romanian\/wp-json\/wp\/v2\/pages\/4602","targetHints":{"allow":["GET"]}}],"collection":[{"href":"https:\/\/www.propiano.org\/romanian\/wp-json\/wp\/v2\/pages"}],"about":[{"href":"https:\/\/www.propiano.org\/romanian\/wp-json\/wp\/v2\/types\/page"}],"author":[{"embeddable":true,"href":"https:\/\/www.propiano.org\/romanian\/wp-json\/wp\/v2\/users\/1"}],"replies":[{"embeddable":true,"href":"https:\/\/www.propiano.org\/romanian\/wp-json\/wp\/v2\/comments?post=4602"}],"version-history":[{"count":10,"href":"https:\/\/www.propiano.org\/romanian\/wp-json\/wp\/v2\/pages\/4602\/revisions"}],"predecessor-version":[{"id":5026,"href":"https:\/\/www.propiano.org\/romanian\/wp-json\/wp\/v2\/pages\/4602\/revisions\/5026"}],"wp:attachment":[{"href":"https:\/\/www.propiano.org\/romanian\/wp-json\/wp\/v2\/media?parent=4602"}],"curies":[{"name":"wp","href":"https:\/\/api.w.org\/{rel}","templated":true}]}}