{"id":4583,"date":"2017-08-15T13:31:48","date_gmt":"2017-08-15T13:31:48","guid":{"rendered":"http:\/\/www.propiano.org\/romanian\/?page_id=4583"},"modified":"2017-12-07T18:01:38","modified_gmt":"2017-12-07T18:01:38","slug":"regulament-timisoara-2018","status":"publish","type":"page","link":"https:\/\/www.propiano.org\/romanian\/regulament-timisoara-2018\/","title":{"rendered":"Regulament Timisoara 2018"},"content":{"rendered":"<h4>Loca\u021bia <strong>Concursului: Sala de concerte \u201dORPHEUM\u201d\u00a0\u00a0\u00a0a\u00a0Facult\u0103\u021bii de Muzic\u0103 \u0219i Teatru<\/strong> (etaj I)\u00a0de la UNIVERSITATEA \u00a0DE VEST TIMI\u015eOARA,\u00a0<strong>\u00a0<\/strong>Blvd. Pia\u021ba Libert\u0103\u021bii 1<\/h4>\n<p>&nbsp;<\/p>\n<h4>Loca\u021bia <strong>GALEI de PREMIERE<\/strong> a Concursului<strong> &#8211; Sala AULA\u00a0 MAGNA<\/strong> de la\u00a0UNIVERSITATEA DE VEST TIMI\u015eOARA, Blvd.\u00a0Vasile P\u00e2rvan nr.4<\/h4>\n<p>&nbsp;<\/p>\n<p>&nbsp;<\/p>\n<p><strong>\u00a0<\/strong><\/p>\n<h3><strong>REGULAMENT <\/strong><\/h3>\n<h3><strong>Festival &#8211; Concurs\u00a0 \u201cPrietenii Muzicii \/ PRO PIANO-ROMANIA\u201d,<\/strong><\/h3>\n<h4><strong>filiala TIMI\u0218OARA<\/strong><\/h4>\n<h4><strong>Edi\u021bia a III-a, 16 \u2013 18 februarie 2018 <\/strong><\/h4>\n<p>&nbsp;<\/p>\n<p>&nbsp;<\/p>\n<p><strong>\u00a0<\/strong><strong>I<\/strong><strong>.<\/strong> Manifestarea este deschis\u0103 copiilor cu v\u00e2rsta cuprins\u0103 \u00eentre 5 \u015fi 18 ani, fiind divizat\u0103 \u00een 3 sec\u0163iuni: A,B,C.<\/p>\n<p><strong>Sec\u0163iunea A<\/strong> \u2013 tineri care studiaz\u0103 pianul ca instrument principal, \u00een \u0219coli \u0219i licee de muzic\u0103<\/p>\n<p><strong>Sec\u0163iunea B<\/strong> \u2013 tineri care studiaz\u0103 pianul ca instrument op\u021bional( \u00een \u015fcoli \u015fi licee de muzic\u0103), in Palatele Copiilor, Cluburi sau in sistem particular.<\/p>\n<p><strong>Sec\u021biunea C<\/strong> \u2013 ansamblu la 4 m\u00e2ini(pe un pian)<\/p>\n<p>&nbsp;<\/p>\n<p><strong>II.<\/strong> Pentru o mai bun\u0103 evaluare, fiecare din sectiunile A si B este divizat\u0103 \u00een <strong>15 categorii,<\/strong> \u00een func\u0163ie de anul na\u015fterii participan\u0163ilor:<\/p>\n<p>categoria 0 \u20132013<\/p>\n<p>cat. 1-a\u00a0\u00a0\u00a0\u00a0\u00a0\u00a0\u2013\u00a02012<\/p>\n<p>cat. a 2-a\u00a0\u00a0 \u2013 2011<\/p>\n<p>cat. a 3-a\u00a0\u00a0 \u2013 2010<\/p>\n<p>cat. a 4-a\u00a0\u00a0 \u2013 2009<\/p>\n<p>cat. a 5-a\u00a0\u00a0 \u2013 2008<\/p>\n<p>cat. a 6-a\u00a0\u00a0 \u2013 2007<\/p>\n<p>cat. a 7-a\u00a0\u00a0 \u2013 2006<\/p>\n<p>cat. a 8-a\u00a0\u00a0 \u2013 2005<\/p>\n<p>cat. a 9-a\u00a0\u00a0 \u2013 2004<\/p>\n<p>cat. a 10-a \u2013 2003<\/p>\n<p>cat. a 11-a \u2013 2002<\/p>\n<p>cat. a 12-a \u2013 2001<\/p>\n<p>cat. a 13-a \u2013 2000<\/p>\n<p>cat. a 14-a \u2013 1999<\/p>\n<p>&nbsp;<\/p>\n<p><strong>Sec\u0163iunea\u00a0C<\/strong> este divizat\u0103, conform categoriilor aferente, \u00een 3 subsec\u0163iuni: <strong>C1<\/strong> (cat. 0-4), <strong>C2 <\/strong>(cat. 5-9), <strong>C3<\/strong> (cat. 10-14), \u0163in\u00e2ndu-se cont de v\u00e2rsta celor 2 membrii (nu e obligatorie apartenen\u0163a la aceea\u015fi categorie).<\/p>\n<p>Pentru sec\u0163iunea C se va \u0163ine cont de v\u00e2rsta celor 2 membrii(nu e obligatorie apartenenta la aceeasi categorie).<\/p>\n<p>&nbsp;<\/p>\n<p><strong>III.<\/strong> <strong>Repertoriul <\/strong>va cuprinde una sau dou\u0103 lucr\u0103ri la alegerea participan\u0163ilor, interpretate <strong>f\u0103r\u0103 repeti\u021bii<\/strong>, cu durata maxim\u0103 cumulat\u0103 \u00eentre 3 \u0219i 15 minute, \u00een func\u021bie de categorie, dup\u0103 cum urmeaz\u0103:<\/p>\n<p>\u0219i va fi interpretat din memorie, respect\u00e2nd urm\u0103toarele <strong>durate maxime<\/strong>:<\/p>\n<p>&nbsp;<\/p>\n<p><strong>Sectiunea A<\/strong><\/p>\n<p>Cat. 1- 4 = 5\u2019<\/p>\n<p>Cat. 5 -8 = 7\u2019<\/p>\n<p>Cat. 9 \u2013 10 = 10\u2019<\/p>\n<p>Cat. 11- 12 = 15\u2019<\/p>\n<p>Cat. 13 \u2013 14 = 20\u2019<\/p>\n<p><strong>\u00a0<\/strong><\/p>\n<p><strong>Sectiunea B<\/strong><\/p>\n<p>Cat. 1- 4 = 3\u2019<\/p>\n<p>Cat. 5 -8 = 5\u2019<\/p>\n<p>Cat. 9 \u2013 10 = 7\u2019<\/p>\n<p>Cat. 11- 12 = 10\u2019<\/p>\n<p>Cat. 13 \u2013 14 = 15\u2019<\/p>\n<p>Programul men\u0163ionat \u00een fi\u015fa de \u00eenscriere nu poate fi modificat ulterior. Ordinea interpret\u0103rii pieselor se stabile\u015fte la libera alegere a participan\u0163ilor.<\/p>\n<p>&nbsp;<\/p>\n<p><strong>IV. Ordinea prezent\u0103rii<\/strong> \u00een Festival este cea alfabetic\u0103, \u00een cadrul fiec\u0103rei categorii. \u00cen m\u0103sura posibilit\u0103\u0163ilor, organizatorii vor \u0163ine seama de <strong>cerin\u0163ele motivate ale participan\u0163ilor <\/strong>de a se prezenta \u00een anumite zile. Acestea se vor men\u021biona <strong>de la \u00eenceput<\/strong>, <strong>pe formularele de \u00eenscriere<\/strong>. Dup\u0103 planificarea ordinii de intrare, nu se accept\u0103 schimb\u0103ri.<\/p>\n<p>Programarea categoriilor pe zile si ore va fi afi\u0219at\u0103 online, in timp util.<\/p>\n<p>&nbsp;<\/p>\n<p><strong>V.<\/strong> Inscrierile se fac pana la data de\u00a0<strong>02 februarie 2018<\/strong> , fie prin formularul online, fie\u00a0direct la d-na prof. dr. Diana TITE\u00a0&#8211;\u00a0Timi\u015foara<\/p>\n<p><strong>Acte necesare \u00eenscrierii:<\/strong><\/p>\n<ul>\n<li>FORMULARUL de \u00eenscriere ONLINE de pe Site-ul Funda\u0163iei Culturale \u201dPRO PIANO-ROM\u00c2NIA\u201d, (<a href=\"http:\/\/www.propiano.org\/\">www.propiano.org<\/a> \u2192 <a href=\"http:\/\/www.propiano.org\/romanian\/\">Rom\u00e2n\u0103<\/a> \u2192 <a href=\"http:\/\/www.propiano.org\/romanian\/prietenii-muzicii-timisoara-2016\/\">Prietenii Muzicii Timi\u015foara 2018<\/a> \u2192 <a href=\"https:\/\/docs.google.com\/forms\/d\/1E026NjREPK2_tvnf9z-pxNyAhV3nZGIF5-ohobUS-z0\/viewform\">Formular de \u00censcriere Timi\u015foara 2018<\/a>) sau direct pe urm\u0103storul link:<\/li>\n<li><a href=\"http:\/\/www.propiano.org\/romanian\/prietenii-muzicii-timisoara-2018\/\">http:\/\/www.propiano.org\/romanian\/prietenii-muzicii-timisoara-2018\/<\/a><\/li>\n<\/ul>\n<p>Pentru ace\u015ftia, nu mai este necesar\u0103 trimiterea separat\u0103 a certificatului de na\u015ftere (datele fiind incluse \u00een formular), iar chitan\u0163a de achitare a dona\u0163ie va fi \u015fi ea inclus\u0103 pe acela\u015fi formular.<\/p>\n<p>&nbsp;<\/p>\n<ul>\n<li>\u00cen cazul \u00een care nu se poate completa formularul online, \u00eenscrierea se poate face \u00een Timi\u015foara, la d-na prof. dr. Diana TITE, direct sau prin E-mail: diana.tite@outlook.com<\/li>\n<li>Pentru ace\u015ftia, pe l\u00e2ng\u0103 completarea formularului de mai jos, este necesar \u015fi trimiterea certificatului de na\u015ftere, \u00eempreun\u0103 cu chitan\u0163a de achitare a dona\u0163ie de participare (toate cele 3 documente vor fi scanate).<\/li>\n<li>\u00cen cazul ansamblurilor la 4 m\u00e2ini, datele celor doi participan\u0163i vor fi men\u0163ionate pe acela\u015fi formular.<\/li>\n<li><strong>Dona\u0163ia<\/strong> de participare\u00a0este de\u00a0<strong>80\u00a0lei<\/strong>\/pentru solist\u00a0\u015fi <strong>90 de lei<\/strong>\/ansamblu la 4 m\u00e2ini(<strong>45 lei \/<\/strong> participant). Participan\u021bii \u00een mai multe forma\u0163ii la 4 m\u00e2ini, achit\u0103 o singur\u0103 dat\u0103 jum\u0103tatea sa de dona\u0163ie. <strong>Nu se admit mandate po\u015ftale<\/strong>.<\/li>\n<\/ul>\n<p>&nbsp;<\/p>\n<p>Dona\u0163ia de participare se va depune: <strong>\u00een contul Funda\u0163iei Pro Piano, deschis la BCR sector 3 Bucuresti, Cod IBAN: RO85RNCB0074029228740001\/C.U.I. 9099960<\/strong>, cu specificarea obligatorie pe ordinul de plat\u0103 a 2 semne de identificare:<\/p>\n<p><strong>a)<\/strong> <strong>Dona\u0163ie Timi\u015foara<\/strong><\/p>\n<p><strong>b)<\/strong> <strong>Numele participantului<\/strong> pentru care se face plata.<\/p>\n<p>\u00cen caz de neprezentare, dona\u0163ia nu se returneaz\u0103(indiferent de\u00a0motiv).<\/p>\n<p><strong>\u00a0<\/strong><\/p>\n<p><strong>Confirmarea inscrierii<\/strong>:<\/p>\n<ol>\n<li>\u00cen cazul \u00eenscrierii pe baza <em>Formularului online<\/em>, confirmarea se face automat, imediat dup\u0103 trimiterea acestuia, prin primirea mesajului de confirmare (conform aten\u0163ion\u0103rii de la sf\u00e2r\u015fitul formularului).<\/li>\n<li>\u00cen cazul \u00eenscrierii pe baza <em>Formularului clasic<\/em>, confirmarea se va face numai dup\u0103 intrarea dona\u0163iei \u00een contul Funda\u0163iei (dup\u0103 apari\u0163ia numelui candidatului \u00een extrasul de cont).<\/li>\n<\/ol>\n<p>Participan\u0163ii sunt ruga\u0163i s\u0103 verifice \u00een final programarea lor, pe Site-ul Funda\u0163iei Culturale \u201dPRO PIANO-ROM\u00c2NIA\u201d la adresa (<a href=\"http:\/\/www.propiano.org\/\">www.propiano.org<\/a> \u2192 <a href=\"http:\/\/www.propiano.org\/romanian\/\">Rom\u00e2n\u0103<\/a> \u2192 <a href=\"http:\/\/www.propiano.org\/romanian\/prietenii-muzicii-timisoara-2016\/\">Prietenii Muzicii Timi\u015foara 2018<\/a> \u2192 <a href=\"http:\/\/www.propiano.org\/romanian\/programare-timisoara-2016\/\">Programare Timi\u015foara 2018<\/a>), dup\u0103 data de <strong>11 februarie 2018<\/strong>.<\/p>\n<p>\u00cen cazul observ\u0103rii unor omisiuni, a unor gre\u0219eli de nume sau \u00eencadrare \u00een categorie(pe lista\u00a0care va apare, dup\u0103 \u00eencheirea \u00eenscrierilor,\u00a0\u00een linkul\u00a0 <strong>Program\u0103ri<\/strong>), v\u0103 rug\u0103m s\u0103 ni le semnala\u021bi numai prin <strong>SMS<\/strong>(la telefoanele 0722382626 sau\u00a0 0745 319 606)\u00a0sau <strong>e-mail\u00a0\u00a0<\/strong> (la adresa: propiano@gmail.com). <strong>Nu prin telefon<\/strong>!<\/p>\n<p>&nbsp;<\/p>\n<p><strong>VI.<\/strong> Cheltuielie de transport, cazare, masa, vor fi suportate de participan\u0163i.<\/p>\n<p><strong>\u00a0<\/strong><\/p>\n<p><strong>VII.<\/strong> Se vor acorda urm\u0103toarele distinc\u0163ii, pentru fiecare categorie \u00een parte:\u00a0Premii I, II, III, Men\u021biuni, Diplome\u00a0de Participare(pentru cei care nu se calific\u0103 la unul dintre premii), Premii Speciale( pentru cea mai bun\u0103 interpretare a unei piese rom\u00e2ne\u015fti, premiul J. S. Bach, premiul Fr. Liszt, premiul Fundatiei \u201cPRO PIANO-ROMANIA\u201d, premiu pentru prezen\u0163\u0103 artistic\u0103 deosebit\u0103 etc). Diplomele \u015fi premiile vor fi \u00eenm\u00e2nate participan\u0163ilor \u00een Gala de premiere (loca\u021bia, ziua \u0219i ora\u00a0se vor anun\u021ba ulterior).<\/p>\n<p>&nbsp;<\/p>\n<p><strong>VIII.<\/strong> Juriul concursului va fi format din personalit\u0103\u0163i ale pedagogiei \u015fi muzicii rom\u00e2ne\u015fti.Toate materialele audio-video sau de alt\u0103 natur\u0103 realizate pe parcursul Festivalului de c\u0103tre organizatori, apar\u0163in de drept acestora. In momentul \u00eenscrierii \u00een Festival, candida\u0163ii accept\u0103 prezentele condi\u0163ii \u015fi autoritatea juriului.<\/p>\n<p><strong>\u00a0<\/strong><\/p>\n<p><strong>Informa\u0163ii suplimentare:<\/strong><\/p>\n<ul>\n<li>la\u00a0d-na\u00a0prof. dr. Diana Tite: Tel. 0745 319 606 \/ E-mail \u2013 Diana.tite@outlook.com<\/li>\n<li>la Funda\u0163ia \u201ePro Piano\u2013Rom\u00e2nia\u201d \u2013 d-na prof. Stela Avesalon: Tel. 0722 382 626 (\u00een afara orelor 14-17) \/ E-mail:\u00a0propiano@gmail.com\u00a0\u00a0\u00a0 \/\u00a0\u00a0\u00a0\u00a0Web page:\u00a0www.propiano.org<\/li>\n<\/ul>\n<p><strong>\u00a0<\/strong><\/p>\n<p><strong>\u00a0<\/strong><\/p>\n<p>&nbsp;<\/p>\n<p><strong>Formularul de mai jos este o alternativ\u0103 mai pu\u021bin agreat\u0103 de organizatori<\/strong><\/p>\n<p><strong>\u0219i se adreseaz\u0103 celor care nu au posibilitatea completarii formularului electronic<\/strong><\/p>\n<p><strong>\u00a0<\/strong><\/p>\n<p><strong>\u00a0<\/strong><\/p>\n<p><strong>\u00a0<\/strong><\/p>\n<h3><strong>FORMULAR DE \u00ceNSCRIERE la<\/strong><\/h3>\n<h3><strong>FESTIVAL &#8211; CONCURS \u201cPrietenii Muzicii\/ PRO PIANO-ROMANIA\u201d, <\/strong><strong>filiala TIMI\u0218OARA<\/strong><\/h3>\n<h4><strong>Editia a III-a, 16 \u2013 18 februarie 2018<\/strong><\/h4>\n<p><strong>\u00a0<\/strong><\/p>\n<p><strong>Elev:<\/strong><\/p>\n<ol>\n<li>Numele:_________________________________<\/li>\n<li>Prenumele:_______________________________<\/li>\n<li>Ora\u0219 \/\u0162ara:_______________________________<\/li>\n<li>Data na\u015fterii:_____________________________<\/li>\n<li>Cod numeric personal______________________<\/li>\n<li>Adresa permanent\u0103:________________________<\/li>\n<li>Telefon\/fax:______________________________<\/li>\n<li>Gr\u0103dini\u0163a\/\u015fcoala\/liceul:_____________________<\/li>\n<li>\u00cencadrat la Sec\u0163iunea:________<\/li>\n<\/ol>\n<p>Categoria:_________<\/p>\n<div><\/div>\n<p>&nbsp;<\/p>\n<p><strong>Profesor \u00eendrum\u0103tor:<\/strong><\/p>\n<p>Numele \u0219i prenumele:_____________________<\/p>\n<p>Telefon\/fax:_____________________________<\/p>\n<p>&nbsp;<\/p>\n<p><strong>Programul ales (una sau 2 piese):<\/strong><\/p>\n<ol>\n<li>Numele compozitorului: ________________________<\/li>\n<\/ol>\n<p>Titlul lucr\u0103rii:___________________________________<\/p>\n<ol start=\"2\">\n<li>Numele compozitorului:________________________<\/li>\n<\/ol>\n<p>Titlul lucr\u0103rii: __________________________________<\/p>\n<p>&nbsp;<\/p>\n<p>Durata total\u0103:..\u2026\u2026\u2026.. minute<\/p>\n<p>&nbsp;<\/p>\n<p>Data: \u00a0\u00a0\u00a0\u00a0\u00a0\u00a0\u00a0\u00a0\u00a0\u00a0\u00a0\u00a0\u00a0\u00a0\u00a0\u00a0\u00a0\u00a0\u00a0\u00a0\u00a0\u00a0\u00a0\u00a0\u00a0\u00a0\u00a0\u00a0\u00a0\u00a0\u00a0\u00a0\u00a0\u00a0\u00a0\u00a0\u00a0\u00a0\u00a0\u00a0\u00a0\u00a0\u00a0\u00a0\u00a0Semn\u0103tura:<\/p>\n<p>&nbsp;<\/p>\n","protected":false},"excerpt":{"rendered":"<p>Loca\u021bia Concursului: Sala de concerte \u201dORPHEUM\u201d\u00a0\u00a0\u00a0a\u00a0Facult\u0103\u021bii de Muzic\u0103 \u0219i Teatru (etaj I)\u00a0de la UNIVERSITATEA \u00a0DE VEST TIMI\u015eOARA,\u00a0\u00a0Blvd. Pia\u021ba Libert\u0103\u021bii 1 &nbsp; Loca\u021bia GALEI de PREMIERE a Concursului &#8211; Sala AULA\u00a0 MAGNA de la\u00a0UNIVERSITATEA DE VEST TIMI\u015eOARA, Blvd.\u00a0Vasile P\u00e2rvan nr.4 &nbsp; &nbsp; \u00a0 REGULAMENT Festival &#8211; Concurs\u00a0 \u201cPrietenii Muzicii \/ PRO PIANO-ROMANIA\u201d, filiala TIMI\u0218OARA Edi\u021bia a [&hellip;]<\/p>\n","protected":false},"author":1,"featured_media":0,"parent":0,"menu_order":0,"comment_status":"closed","ping_status":"closed","template":"","meta":{"footnotes":""},"class_list":["post-4583","page","type-page","status-publish","hentry"],"_links":{"self":[{"href":"https:\/\/www.propiano.org\/romanian\/wp-json\/wp\/v2\/pages\/4583","targetHints":{"allow":["GET"]}}],"collection":[{"href":"https:\/\/www.propiano.org\/romanian\/wp-json\/wp\/v2\/pages"}],"about":[{"href":"https:\/\/www.propiano.org\/romanian\/wp-json\/wp\/v2\/types\/page"}],"author":[{"embeddable":true,"href":"https:\/\/www.propiano.org\/romanian\/wp-json\/wp\/v2\/users\/1"}],"replies":[{"embeddable":true,"href":"https:\/\/www.propiano.org\/romanian\/wp-json\/wp\/v2\/comments?post=4583"}],"version-history":[{"count":18,"href":"https:\/\/www.propiano.org\/romanian\/wp-json\/wp\/v2\/pages\/4583\/revisions"}],"predecessor-version":[{"id":4868,"href":"https:\/\/www.propiano.org\/romanian\/wp-json\/wp\/v2\/pages\/4583\/revisions\/4868"}],"wp:attachment":[{"href":"https:\/\/www.propiano.org\/romanian\/wp-json\/wp\/v2\/media?parent=4583"}],"curies":[{"name":"wp","href":"https:\/\/api.w.org\/{rel}","templated":true}]}}