{"id":4350,"date":"2017-01-16T11:29:31","date_gmt":"2017-01-16T11:29:31","guid":{"rendered":"http:\/\/www.propiano.org\/romanian\/?page_id=4350"},"modified":"2017-04-28T09:56:27","modified_gmt":"2017-04-28T09:56:27","slug":"concursul-gradus-ad-parnassum-2017","status":"publish","type":"page","link":"https:\/\/www.propiano.org\/romanian\/concursul-gradus-ad-parnassum-2017\/","title":{"rendered":"Concursul \u201dGradus ad Parnassum\u201d 2017"},"content":{"rendered":"<h4><\/h4>\n<h4><\/h4>\n<h4><\/h4>\n<h4><\/h4>\n<h4><\/h4>\n<h4><\/h4>\n<h3 style=\"text-align: center;\">PROGRAMARE PE ZILE, CLASE \u0218I ORE<\/h3>\n<p>&nbsp;<\/p>\n<p style=\"text-align: center;\"><strong>CONCURS GRADUS AD PARNASSUM 2017\u00a0 \/ <\/strong><strong>SEC<\/strong><strong>\u0162IUNEA <\/strong><strong>A &#8211;<\/strong><strong> PIAN<\/strong><\/p>\n<p style=\"text-align: center;\"><strong>\u00a0<\/strong><\/p>\n<h3 style=\"text-align: center;\"><strong>VINERI, 05 MAI, 2017<\/strong><\/h3>\n<h4><strong>SEC<\/strong><strong>\u0162IUNEA <\/strong><strong>A &#8211;<\/strong><strong>\u00a0PIAN<\/strong><\/h4>\n<p>&nbsp;<\/p>\n<table width=\"605\">\n<tbody>\n<tr>\n<td width=\"57\"><strong>Nr.crt<\/strong><\/td>\n<td width=\"113\"><strong>CLASA<\/strong><\/td>\n<td width=\"105\"><strong>INTERVAL<\/strong><\/td>\n<td width=\"104\"><strong>ORAR<\/strong><\/td>\n<td width=\"227\"><strong>NUM\u0102R CONCUREN\u021aI<\/strong><\/td>\n<\/tr>\n<tr>\n<td width=\"57\"><strong>1.<\/strong><\/td>\n<td width=\"113\"><strong>IX<\/strong><\/td>\n<td width=\"105\"><strong>9,30<\/strong><\/td>\n<td width=\"104\"><strong>10, 45<\/strong><\/td>\n<td width=\"227\"><strong>\u00a0\u00a0\u00a0\u00a0\u00a0\u00a0\u00a0\u00a0\u00a0\u00a0\u00a0\u00a0\u00a0\u00a0\u00a0\u00a0\u00a0\u00a0\u00a0\u00a0\u00a0\u00a0\u00a0\u00a0\u00a0\u00a0 5<\/strong><\/td>\n<\/tr>\n<tr>\n<td width=\"57\"><strong>2.<\/strong><\/td>\n<td width=\"113\"><strong> X<\/strong><\/td>\n<td width=\"105\"><strong>11<\/strong><\/td>\n<td width=\"104\"><strong>12,30<\/strong><\/td>\n<td width=\"227\"><strong>\u00a0\u00a0\u00a0\u00a0\u00a0\u00a0\u00a0\u00a0\u00a0\u00a0\u00a0\u00a0\u00a0\u00a0\u00a0\u00a0\u00a0\u00a0\u00a0\u00a0\u00a0\u00a0\u00a0\u00a0\u00a0\u00a0 6<\/strong><\/td>\n<\/tr>\n<tr>\n<td width=\"57\"><strong>3.<\/strong><\/td>\n<td width=\"113\"><strong> V<\/strong><\/td>\n<td width=\"105\"><strong>12,30<\/strong><\/td>\n<td width=\"104\"><strong>13,30<\/strong><\/td>\n<td width=\"227\"><strong>\u00a0\u00a0\u00a0\u00a0\u00a0\u00a0\u00a0\u00a0\u00a0\u00a0\u00a0\u00a0\u00a0\u00a0\u00a0\u00a0\u00a0\u00a0\u00a0\u00a0\u00a0\u00a0\u00a0\u00a0\u00a0\u00a0 7<\/strong><\/td>\n<\/tr>\n<tr>\n<td width=\"57\"><strong>4.<\/strong><\/td>\n<td width=\"113\"><strong>PAUZ\u0102<\/strong><\/td>\n<td width=\"105\"><strong>13,30<\/strong><\/td>\n<td width=\"104\"><strong>14,30<\/strong><\/td>\n<td width=\"227\"><strong>\u00a0\u00a0\u00a0\u00a0\u00a0\u00a0\u00a0\u00a0\u00a0\u00a0\u00a0\u00a0\u00a0\u00a0 JURIZARE<\/strong><\/td>\n<\/tr>\n<tr>\n<td width=\"57\"><strong>5.<\/strong><\/td>\n<td width=\"113\"><strong>VI<\/strong><\/td>\n<td width=\"105\"><strong>14,30<\/strong><\/td>\n<td width=\"104\"><strong>15,45<\/strong><\/td>\n<td width=\"227\"><strong>\u00a0\u00a0\u00a0\u00a0\u00a0\u00a0\u00a0\u00a0\u00a0\u00a0\u00a0\u00a0\u00a0\u00a0\u00a0\u00a0\u00a0\u00a0\u00a0\u00a0\u00a0\u00a0\u00a0\u00a0 11<\/strong><\/td>\n<\/tr>\n<tr>\n<td width=\"57\"><strong>5.<\/strong><\/td>\n<td width=\"113\"><strong>VII<\/strong><\/td>\n<td width=\"105\"><strong>16<\/strong><\/td>\n<td width=\"104\"><strong>18<\/strong><\/td>\n<td width=\"227\"><strong>\u00a0\u00a0\u00a0\u00a0\u00a0\u00a0\u00a0\u00a0\u00a0\u00a0\u00a0\u00a0\u00a0\u00a0\u00a0\u00a0\u00a0\u00a0\u00a0\u00a0 \u00a0\u00a0\u00a0\u00a0\u00a012<\/strong><\/td>\n<\/tr>\n<tr>\n<td width=\"57\"><strong>6.<\/strong><\/td>\n<td width=\"113\"><strong>VIII<\/strong><\/td>\n<td width=\"105\"><strong>18,15<\/strong><\/td>\n<td width=\"104\"><strong>18,45<\/strong><\/td>\n<td width=\"227\"><strong>\u00a0\u00a0\u00a0\u00a0\u00a0\u00a0\u00a0\u00a0\u00a0\u00a0\u00a0\u00a0\u00a0\u00a0\u00a0\u00a0\u00a0\u00a0\u00a0\u00a0\u00a0\u00a0\u00a0\u00a0\u00a0\u00a0 2<\/strong><\/td>\n<\/tr>\n<\/tbody>\n<\/table>\n<p>&nbsp;<\/p>\n<p><strong>\u00a0<\/strong><\/p>\n<p>&nbsp;<\/p>\n<h4 style=\"text-align: left;\"><strong>\u00a0<\/strong><strong>SEC<\/strong><strong>\u0162IUNEA B &#8211; MUZIC\u0102 DE CAMER\u0102<\/strong><\/h4>\n<p><strong>\u00a0<\/strong><strong>VINERI, 5 MAI, 2017 orele 15.00, sala 88<\/strong><\/p>\n<p><strong>\u00a0<\/strong><\/p>\n<p><strong>\u00a0<\/strong><\/p>\n<p><strong>\u00a0<\/strong><\/p>\n<p>&nbsp;<\/p>\n<h3 style=\"text-align: center;\"><strong>S\u00c2MB\u0102T\u0102, 06.MAI, 2017<\/strong><\/h3>\n<h4><\/h4>\n<h4><strong>SEC<\/strong><strong>\u0162IUNEA <\/strong><strong>A &#8211; <\/strong><strong>PIAN<\/strong><\/h4>\n<p>&nbsp;<\/p>\n<table width=\"605\">\n<tbody>\n<tr>\n<td width=\"57\"><strong>Nr.crt<\/strong><\/td>\n<td width=\"113\"><strong>CLASA<\/strong><\/td>\n<td width=\"105\"><strong>INTERVAL<\/strong><\/td>\n<td width=\"104\"><strong>ORAR<\/strong><\/td>\n<td width=\"227\"><strong>NUM\u0102R CONCUREN\u021aI<\/strong><\/td>\n<\/tr>\n<tr>\n<td width=\"57\"><strong>1.<\/strong><\/td>\n<td width=\"113\"><strong>I<\/strong><\/td>\n<td width=\"105\"><strong>9,30<\/strong><\/td>\n<td width=\"104\"><strong>10, 30<\/strong><\/td>\n<td width=\"227\"><strong>\u00a0\u00a0\u00a0\u00a0\u00a0\u00a0\u00a0\u00a0\u00a0\u00a0\u00a0\u00a0\u00a0\u00a0\u00a0\u00a0\u00a0\u00a0\u00a0\u00a0\u00a0\u00a0\u00a0\u00a0 13<\/strong><\/td>\n<\/tr>\n<tr>\n<td width=\"57\"><strong>2.<\/strong><\/td>\n<td width=\"113\"><strong> II<\/strong><\/td>\n<td width=\"105\"><strong>10,30<\/strong><\/td>\n<td width=\"104\"><strong>11,50<\/strong><\/td>\n<td width=\"227\"><strong>\u00a0\u00a0\u00a0\u00a0\u00a0\u00a0\u00a0\u00a0\u00a0\u00a0\u00a0\u00a0 \u00a0\u00a0\u00a0\u00a0\u00a0\u00a0\u00a0\u00a0\u00a0\u00a0\u00a019<\/strong><\/td>\n<\/tr>\n<tr>\n<td width=\"57\"><strong>3.<\/strong><\/td>\n<td width=\"113\"><strong> III<\/strong><\/td>\n<td width=\"105\"><strong>11,50<\/strong><\/td>\n<td width=\"104\"><strong>13<\/strong><\/td>\n<td width=\"227\"><strong>\u00a0\u00a0\u00a0\u00a0\u00a0\u00a0\u00a0\u00a0\u00a0\u00a0\u00a0\u00a0\u00a0\u00a0\u00a0\u00a0\u00a0\u00a0\u00a0\u00a0\u00a0\u00a0\u00a0\u00a0 15<\/strong><\/td>\n<\/tr>\n<tr>\n<td width=\"57\"><strong>4.<\/strong><\/td>\n<td width=\"113\"><strong>IV<\/strong><\/td>\n<td width=\"105\"><strong>13,15<\/strong><\/td>\n<td width=\"104\"><strong>14,30<\/strong><\/td>\n<td width=\"227\"><strong>\u00a0\u00a0\u00a0\u00a0\u00a0\u00a0\u00a0\u00a0\u00a0\u00a0\u00a0\u00a0\u00a0\u00a0\u00a0\u00a0\u00a0\u00a0\u00a0\u00a0\u00a0\u00a0\u00a0\u00a0 11<\/strong><\/td>\n<\/tr>\n<tr>\n<td width=\"57\"><strong>5.<\/strong><\/td>\n<td width=\"113\"><strong>PAUZ\u0102<\/strong><\/td>\n<td width=\"105\"><strong>14,30<\/strong><\/td>\n<td width=\"104\"><strong>15,30<\/strong><\/td>\n<td width=\"227\">\n<p style=\"text-align: center;\"><strong>\u00a0\u00a0\u00a0\u00a0\u00a0\u00a0\u00a0\u00a0\u00a0\u00a0\u00a0\u00a0\u00a0\u00a0 JURIZARE<\/strong><\/p>\n<\/td>\n<\/tr>\n<tr>\n<td width=\"57\"><strong>6.<\/strong><\/td>\n<td width=\"113\"><strong>XI<\/strong><\/td>\n<td width=\"105\"><strong>15,30<\/strong><\/td>\n<td width=\"104\"><strong>16,30<\/strong><\/td>\n<td width=\"227\"><strong>\u00a0\u00a0\u00a0\u00a0\u00a0\u00a0\u00a0\u00a0\u00a0\u00a0\u00a0\u00a0\u00a0\u00a0\u00a0\u00a0\u00a0\u00a0\u00a0\u00a0\u00a0\u00a0\u00a0\u00a0 5<\/strong><\/td>\n<\/tr>\n<tr>\n<td width=\"57\"><strong>7.<\/strong><\/td>\n<td width=\"113\"><strong>XII<\/strong><\/td>\n<td width=\"105\"><strong>16,30<\/strong><\/td>\n<td width=\"104\"><strong>17,30<\/strong><\/td>\n<td width=\"227\"><strong>\u00a0\u00a0\u00a0\u00a0\u00a0\u00a0\u00a0\u00a0\u00a0\u00a0\u00a0\u00a0\u00a0\u00a0\u00a0\u00a0\u00a0\u00a0\u00a0\u00a0\u00a0\u00a0\u00a0\u00a0 4<\/strong><\/td>\n<\/tr>\n<\/tbody>\n<\/table>\n<p>&nbsp;<\/p>\n<p>&nbsp;<\/p>\n<p><strong>Concuren\u021bii sunt ruga\u021bi s\u0103 fie prezen\u021bi cu minimum o jum\u0103tate de or\u0103 \u00eenaintea orei programate !<\/strong><\/p>\n<p>&nbsp;<\/p>\n<p>&nbsp;<\/p>\n<p>&nbsp;<\/p>\n<p>&nbsp;<\/p>\n<h3 style=\"text-align: center;\">REGULAMENT<\/h3>\n<h3 style=\"text-align: center;\">\u00a0\u00a0 \u201cGRADUS AD PARNASSUM\u201d<\/h3>\n<h4 style=\"text-align: center;\"><strong>CONCURSUL NA\u021aIONAL DE \u00a0I N T E R P R E T A R E\u00a0\u00a0 P I A N I S T I C \u0102\u00a0 \u0218I\u00a0 <\/strong><\/h4>\n<h4 style=\"text-align: center;\"><strong>M U Z I C \u0102 DE C A M E R \u0102\u00a0\/\u00a0<\/strong><strong><em>\u00a0<\/em>Edi\u021bia a X &#8211; a\u00a0 \/\u00a0 5 &#8211; 7 mai 2017<\/strong><\/h4>\n<p>&nbsp;<\/p>\n<p style=\"text-align: center;\">Inspectoratul \u0218colar al Municipiului Bucure\u0219ti \u0219i <strong>Colegiul Na\u021bional de Muzic\u0103\u00a0 \u00a0,,George Enescu\u201d, <\/strong>Bucure\u0219ti<\/p>\n<h4>\u00a0<strong>MEMBRII JURIU PIAN<\/strong><\/h4>\n<ul>\n<li>prof.met. <strong>Gabriela GOGONCEA<\/strong>,\u0219ef catedr\u0103 pian principal, Liceul de Muzic\u0103 \u201cDimitrie Cuclin\u201d, Gala\u021bi<\/li>\n<li>prof.met. <strong>Carmen \u0218OLTUZ<\/strong>, \u0219ef catedr\u0103 pian principal,\u00a0Colegiul National de Muzic\u0103\u201dOctav B\u0103ncil\u0103\u201d, Ia\u0219i<\/li>\n<li>prof. <strong>Stela AVESALON, <\/strong>pre\u0219edinta Funda\u021biei Culturale\u00a0<strong>\u201cPRO PIANO-ROM\u00c2NIA\u201d<\/strong><\/li>\n<li><strong>\u00a0<\/strong>prof.met.<strong>Venera BABE\u0218<\/strong>,Director adjunct, Colegiul National de Muzic\u0103 \u201cDinu Lipatti\u201d, Bucure\u0219ti<\/li>\n<li>prof.met. <strong>Mihaela ZAMFIRESCU, <\/strong>\u0219ef catedr\u0103,pian principal, Colegiul National de Muzic\u0103 \u201cGeorge Enescu\u201d, Bucure\u0219ti<\/li>\n<li>prof. <strong>Viorica NISTOROIU, <\/strong>Colegiul National de Muzic\u0103 \u201cGeorge Enescu\u201d, Bucure\u0219ti<\/li>\n<\/ul>\n<h4><\/h4>\n<h4><strong>MEMBRII JURIU MUZIC\u0102 DE CAMER\u0102\u00a0\u00a0 <\/strong><\/h4>\n<ul>\n<li><strong>\u00a0<\/strong>prof. <strong>Raluca STRATULAT, <\/strong>\u0219ef catedra muzic\u0103 de camer\u0103, Colegiul National de Muzic\u0103 \u201cGeorge Enescu\u201d,Bucure\u0219ti<\/li>\n<li>prof.met. <strong>Ani-Marie PALADI<\/strong> ,Director, \u0218coala de Gimnazial\u0103 deArte nr.1 \u201cIosif Sava\u201d, Bucure\u0219ti<\/li>\n<li>compozitor <strong>Laura Ana M\u00c2NZAT<\/strong>, realizator la Radio \u00a0Rom\u00e2nia Muzical<\/li>\n<\/ul>\n<p><strong>Pre\u0219edinte de onoare al concursului: <\/strong>Profesor Universitar Doctor Constantin Ionescu-VOVU<\/p>\n<ul>\n<li><strong>\u00a0<\/strong><strong>Director coordonator al concursului: <\/strong>Profesor metodist Cristina Ana-Maria SEBASTIAN, Directorul Colegiului de Muzica\u201dGeorge.Enescu\u201d<\/li>\n<li><strong>Pre\u0219edintele concursului: <\/strong>Inspector de specialitate muzic\u0103 Profesor Doctor Georgeta Aneta B\u0102CIOIU<\/li>\n<li><strong>\u00a0<\/strong><strong>Pre\u0219edintele juriului PIAN: <\/strong>Profesor Universitar Doctor Vlad DIMULESCU, \u0219ef catedr\u0103 pian principal U.N.M.B<strong>.<\/strong><\/li>\n<li><strong>Pre\u0219edintele juriului MUZIC\u0102 DE CAMER\u0102: <\/strong>prof.Raluca STRATULAT, \u0219ef catedr\u0103 muzic\u0103 de camer\u0103,Colegiul de Muzic\u0103 \u201dGeorge.Enescu\u201d<\/li>\n<li><strong>Director artistic al concursului: <\/strong>prof.met. Andrei PODLACHA<\/li>\n<li><strong>Secretariatul concursului:<\/strong> prof.Cristina RALEA<\/li>\n<\/ul>\n<h4>\u00a0<strong>Contact<\/strong><\/h4>\n<ul>\n<li><strong>prof.Cristina Ralea &#8211; <\/strong>e-mail cristinadoctor@yahoo.com\u00a0 \/\u00a0\u00a0 tel.0745328190<\/li>\n<li><strong>prof. Andrei Podlacha &#8211; <\/strong>e-mail apodlacha@yahoo.com\u00a0 \/\u00a0 tel.0721 438 861\/0751 529 962<\/li>\n<li><strong>Colegiul National de Muzic\u0103 George Enescu &#8211; <\/strong>george.enescu.ro@gmail.com<\/li>\n<\/ul>\n<p>&nbsp;<\/p>\n<h3><strong>\u00a0\u00a0\u00a0\u00a0\u00a0\u00a0\u00a0 R E G U L A M E N T- INVITA\u0162IE<\/strong><\/h3>\n<p><strong>\u00a0<\/strong><\/p>\n<p><strong>ART.I <\/strong>Concursul se va desf\u0103\u0219ura \u00een perioada 5-7 mai 2017 la Colegiul Na\u021bional de Muzic\u0103 \u201cGeorge Enescu\u201d din Bucure\u0219ti \u0219i va cuprinde 2 sec\u021biuni distincte:<\/p>\n<ul>\n<li><b><strong>\u00a0Sec\u021biunea interpretare pianistic\u0103<\/strong><\/b><\/li>\n<\/ul>\n<p>Concursul de interpretare pianistic\u0103 se va desf\u0103\u0219ura pe <strong>ani de studiu.<\/strong><\/p>\n<p>Program:<\/p>\n<p>&#8211; interpretarea unui studiu (la nivelul maximal al programei anului de studiu).<\/p>\n<p>&#8211; o pies\u0103 la alegerea concurentului.<\/p>\n<p><strong>Op\u021bional,<\/strong>concuren\u021bii pot interpreta \u0219i <strong>a treia<\/strong> <strong>pies\u0103<\/strong>, aleas\u0103 din cadrul repertoriului pianistic rom\u00e2nesc.<\/p>\n<p>Minutajele acordate:<\/p>\n<p><strong>Cls.I-IV\u00a0\u00a0\u00a0\u00a0\u00a0\u00a0\u00a0\u00a0\u00a0\u00a0\u00a0\u00a0\u00a0\u00a0\u00a0\u00a0\u00a0\u00a0\u00a0\u00a0 max. 7 minute<\/strong><\/p>\n<p><strong>Cls.V-VIII \u00a0\u00a0\u00a0\u00a0\u00a0\u00a0\u00a0\u00a0\u00a0\u00a0\u00a0\u00a0\u00a0\u00a0\u00a0\u00a0 max.15 minute<\/strong><\/p>\n<p><strong>Cls.IX-XII \u00a0\u00a0\u00a0\u00a0\u00a0\u00a0\u00a0\u00a0\u00a0\u00a0\u00a0\u00a0\u00a0\u00a0\u00a0\u00a0\u00a0 max.30 minute<\/strong><\/p>\n<p>Not\u0103:\u00cen cazul concuren\u021bilor care vor c\u00e2nta \u0219i piesa <strong>op\u021bional\u0103<\/strong> dedicat\u0103 repertoriului pianistic rom\u00e2nesc , este permis\u0103 dep\u0103\u0219irea minutajelor de mai sus. Sectiunea se va desf\u0103\u0219ura \u00eentr-o singur\u0103 etap\u0103.<\/p>\n<p>&nbsp;<\/p>\n<p><strong>2. \u00a0Sec\u021biunea Muzic\u0103 de Camer\u0103<\/strong><\/p>\n<p>Sec\u021biunea se adreseaz\u0103 forma\u021biilor de 2-4 instrumenti\u0219ti, organiza\u021bi pe trei categorii de v\u00e2rst\u0103,astfel:<\/p>\n<p><strong>Cls.III-VI \u00a0\u00a0\u00a0\u00a0\u00a0\u00a0\u00a0\u00a0\u00a0\u00a0\u00a0\u00a0\u00a0\u00a0\u00a0\u00a0\u00a0\u00a0 max. \u00a07 minute<\/strong><\/p>\n<p><strong>Cls.VII-VIII\u00a0\u00a0\u00a0\u00a0\u00a0\u00a0\u00a0\u00a0\u00a0\u00a0\u00a0\u00a0\u00a0\u00a0 max. 15 minute<\/strong><\/p>\n<p><strong>Cls.IX-XII\u00a0\u00a0\u00a0\u00a0\u00a0\u00a0\u00a0\u00a0\u00a0\u00a0\u00a0\u00a0\u00a0\u00a0 \u00a0max. 30 minute<\/strong><\/p>\n<p>&nbsp;<\/p>\n<p><strong> Probele sec\u021biunii<\/strong><\/p>\n<p>-fiecare forma\u021bie cameral\u0103 va interpreta una sau mai multe p\u0103r\u021bi dintr-o lucrare din crea\u021bia<\/p>\n<p>cameral\u0103 universal\u0103. Sec\u021biunea se va desf\u0103\u0219ura \u00eentr-o singur\u0103 etap\u0103.<\/p>\n<p>Not\u0103: \u00cen cazul dep\u0103\u0219irii minutajelor de mai sus, comisia \u00ee\u0219i rezerv\u0103 dreptul de a \u00eentrerupe concuren\u021bii.<\/p>\n<p>&nbsp;<\/p>\n<p><strong>ART.II-PREMII<\/strong><\/p>\n<p><strong>\u00a0<\/strong>La sec\u021biunea <strong>A<\/strong> vor fi acordate premii I, II \u0219i III pentru fiecare categorie de v\u00e2rst\u0103. De asemenea, vor fi acordate men\u021biuni.<\/p>\n<p>\u00cen cadrul Sec\u021biunii <strong>B<\/strong> vor fi acordate premii I, II \u0219i III. De asemenea, vor fi acordate men\u021biuni.<\/p>\n<p>Deciziile juriului sunt definitive \u0219i nu pot fi contestate.<\/p>\n<p>Va fi acordat <strong><em>Premiul pentru cel mai bun pianist al<\/em><\/strong><em> <strong>edi\u021biei.<\/strong><\/em>(posibil pe cicluri de \u00eenv\u0103t\u0103m\u00e2nt).<\/p>\n<p>De asemenea, va fi acordat <strong>Premiul \u201cMuzio<\/strong> <strong>Clementi\u201d<\/strong> pentru cea mai bun\u0103 interpretare a unui studiu din culegerea Gradus ad Parnassum.<\/p>\n<p><strong>Premiul de interpretare a unei piese din crea\u021bia rom\u00e2neasc\u0103,<\/strong>va reveni concurentului care va prezenta cea mai valoroas\u0103 a treia pies\u0103 din programul s\u0103u din concurs,dedicat\u0103 muzicii rom\u00e2ne\u0219ti.<\/p>\n<p><strong>\u00a0<\/strong><\/p>\n<p><strong>ART.III \u2013 JURIUL<\/strong><\/p>\n<p>Juriile vor avea \u00een componen\u021ba lor personalit\u0103\u021bi ale vie\u021bii muzicale rom\u00e2ne\u0219ti.<\/p>\n<p><strong>Pre\u0219edintele de onoare al Concursului este Profesor Universitar Doctor,Constantin Ionescu-Vovu<\/strong><\/p>\n<p><strong>\u00a0<\/strong><strong>\u00a0<\/strong><\/p>\n<p><strong>ART.IV <\/strong><\/p>\n<p>Nu se percepe tax\u0103 de participare. Cheltuielile de transport \u0219i cazare pentru concuren\u021bii din provincie intr\u0103 \u00een sarcina acestora. <strong>Termenul limit\u0103 de \u00eenscriere este 17 aprilie 2017.\u00censcrierile se vor putea face,prin e-mail,telefonic sau direct(vezi adresele \u0219i numerele de telefon din CONTACT de pe verso) , prin completarea FI\u0218EI DE \u00ceNSCRIERE, de mai jos:<\/strong><\/p>\n<p><strong>\u00a0<\/strong><\/p>\n<p>&nbsp;<\/p>\n<p><strong>\u00a0\u00a0\u00a0\u00a0\u00a0\u00a0\u00a0\u00a0\u00a0\u00a0\u00a0\u00a0\u00a0\u00a0\u00a0\u00a0 \u00a0\u00a0\u00a0 \u00a0\u00a0\u00a0\u00a0\u00a0 \u00a0FI\u015e\u0102 DE \u00ceNSCRIERE<\/strong><\/p>\n<p><strong>\u00a0<\/strong><\/p>\n<p><strong>1.NUME:\u2026\u2026\u2026\u2026\u2026\u2026\u2026\u2026\u2026\u2026\u2026\u2026\u2026\u2026\u2026\u2026\u2026\u2026\u2026.<\/strong><\/p>\n<p><strong>\u00a0<\/strong><\/p>\n<p><strong>\u00a0\u00a0\u00a0\u00a0 Clasa:\u2026\u2026\u2026\u2026\u2026\u2026\u2026\u2026\u2026\u2026\u2026\u2026\u2026\u2026\u2026\u2026\u2026\u2026\u2026<\/strong><\/p>\n<p><strong>\u00a0<\/strong><\/p>\n<p><strong>2.<\/strong><strong>\u015eCOALA<\/strong><strong>:\u2026\u2026\u2026\u2026\u2026\u2026\u2026\u2026\u2026\u2026\u2026\u2026\u2026\u2026\u2026\u2026\u2026\u2026.<\/strong><\/p>\n<p><strong>\u00a0<\/strong><\/p>\n<p><strong>\u00a0\u00a0\u00a0\u00a0\u00a0\u00a0 Localitatea:\u2026\u2026\u2026\u2026\u2026\u2026\u2026\u2026\u2026\u2026\u2026\u2026\u2026\u2026\u2026\u2026<\/strong><\/p>\n<p><strong>\u00a0<\/strong><\/p>\n<p><strong>\u00a0\u00a0\u00a0\u00a0\u00a0\u00a0 Profesor:\u2026\u2026\u2026\u2026\u2026\u2026\u2026\u2026\u2026\u2026\u2026\u2026\u2026\u2026\u2026\u2026\u2026.<\/strong><\/p>\n<p><strong>\u00a0<\/strong><\/p>\n<p><strong>3.SEC<\/strong><strong>\u0162IUNE CONCURS<\/strong><strong>:\u2026\u2026\u2026\u2026\u2026\u2026\u2026\u2026\u2026\u2026\u2026..<\/strong><\/p>\n<p><strong>\u00a0<\/strong><\/p>\n<p><strong>4.REPERTORIU:<\/strong><\/p>\n<ul>\n<li><strong>Studiu:\u2026\u2026\u2026\u2026\u2026\u2026\u2026\u2026\u2026\u2026\u2026\u2026.Minutaj\u2026..<\/strong><\/li>\n<\/ul>\n<p>&nbsp;<\/p>\n<ul>\n<li><strong>Piesa I:\u2026\u2026\u2026\u2026\u2026\u2026\u2026\u2026\u2026\u2026\u2026\u2026Minutaj\u2026..<\/strong><\/li>\n<\/ul>\n<p>&nbsp;<\/p>\n<ul>\n<li><strong>Piesa II:\u2026\u2026\u2026\u2026\u2026\u2026\u2026\u2026\u2026\u2026\u2026..Minutaj\u2026..<\/strong><\/li>\n<\/ul>\n<p>&nbsp;<\/p>\n<ul>\n<li><strong>Piesa<\/strong> III\u2026\u2026\u2026\u2026\u2026\u2026\u2026\u2026\u2026\u2026\u2026\u2026..<strong>Minutaj\u2026..<\/strong><\/li>\n<\/ul>\n<p>&nbsp;<\/p>\n<p><strong>5.TELEFON:\u2026\u2026\u2026\u2026\u2026\u2026\u2026\u2026\u2026\u2026\u2026\u2026\u2026\u2026\u2026\u2026\u2026\u2026.<\/strong><\/p>\n<p><strong>\u00a0<\/strong><\/p>\n<p><strong>6.ADRES<\/strong><strong>\u0102 E-<\/strong><strong>MAIL:&#8230;&#8230;&#8230;&#8230;&#8230;&#8230;&#8230;&#8230;&#8230;&#8230;&#8230;&#8230;&#8230;..<\/strong><\/p>\n","protected":false},"excerpt":{"rendered":"<p>PROGRAMARE PE ZILE, CLASE \u0218I ORE &nbsp; CONCURS GRADUS AD PARNASSUM 2017\u00a0 \/ SEC\u0162IUNEA A &#8211; PIAN \u00a0 VINERI, 05 MAI, 2017 SEC\u0162IUNEA A &#8211;\u00a0PIAN &nbsp; Nr.crt CLASA INTERVAL ORAR NUM\u0102R CONCUREN\u021aI 1. IX 9,30 10, 45 \u00a0\u00a0\u00a0\u00a0\u00a0\u00a0\u00a0\u00a0\u00a0\u00a0\u00a0\u00a0\u00a0\u00a0\u00a0\u00a0\u00a0\u00a0\u00a0\u00a0\u00a0\u00a0\u00a0\u00a0\u00a0\u00a0 5 2. X 11 12,30 \u00a0\u00a0\u00a0\u00a0\u00a0\u00a0\u00a0\u00a0\u00a0\u00a0\u00a0\u00a0\u00a0\u00a0\u00a0\u00a0\u00a0\u00a0\u00a0\u00a0\u00a0\u00a0\u00a0\u00a0\u00a0\u00a0 6 3. V 12,30 13,30 \u00a0\u00a0\u00a0\u00a0\u00a0\u00a0\u00a0\u00a0\u00a0\u00a0\u00a0\u00a0\u00a0\u00a0\u00a0\u00a0\u00a0\u00a0\u00a0\u00a0\u00a0\u00a0\u00a0\u00a0\u00a0\u00a0 7 4. PAUZ\u0102 13,30 14,30 [&hellip;]<\/p>\n","protected":false},"author":1,"featured_media":0,"parent":0,"menu_order":0,"comment_status":"closed","ping_status":"closed","template":"","meta":{"footnotes":""},"class_list":["post-4350","page","type-page","status-publish","hentry"],"_links":{"self":[{"href":"https:\/\/www.propiano.org\/romanian\/wp-json\/wp\/v2\/pages\/4350","targetHints":{"allow":["GET"]}}],"collection":[{"href":"https:\/\/www.propiano.org\/romanian\/wp-json\/wp\/v2\/pages"}],"about":[{"href":"https:\/\/www.propiano.org\/romanian\/wp-json\/wp\/v2\/types\/page"}],"author":[{"embeddable":true,"href":"https:\/\/www.propiano.org\/romanian\/wp-json\/wp\/v2\/users\/1"}],"replies":[{"embeddable":true,"href":"https:\/\/www.propiano.org\/romanian\/wp-json\/wp\/v2\/comments?post=4350"}],"version-history":[{"count":11,"href":"https:\/\/www.propiano.org\/romanian\/wp-json\/wp\/v2\/pages\/4350\/revisions"}],"predecessor-version":[{"id":4448,"href":"https:\/\/www.propiano.org\/romanian\/wp-json\/wp\/v2\/pages\/4350\/revisions\/4448"}],"wp:attachment":[{"href":"https:\/\/www.propiano.org\/romanian\/wp-json\/wp\/v2\/media?parent=4350"}],"curies":[{"name":"wp","href":"https:\/\/api.w.org\/{rel}","templated":true}]}}