{"id":4348,"date":"2017-01-16T11:28:59","date_gmt":"2017-01-16T11:28:59","guid":{"rendered":"http:\/\/www.propiano.org\/romanian\/?page_id=4348"},"modified":"2017-05-12T07:06:23","modified_gmt":"2017-05-12T07:06:23","slug":"concursul-mozart-targoviste-2017","status":"publish","type":"page","link":"https:\/\/www.propiano.org\/romanian\/concursul-mozart-targoviste-2017\/","title":{"rendered":"Concursul &#8220;Mozart&#8221; &#8211; Targoviste, 2017"},"content":{"rendered":"<h6><strong>LICEUL DE ARTE \u201eB\u0102LA\u015eA DOAMNA\u201dT\u00c2RGOVI\u015eTE<\/strong><\/h6>\n<h6><strong>Strada P\u00c2RVAN POPESCU NR.60, TEL\/FAX 0245 21 11 66<\/strong><\/h6>\n<h6><strong>Cod po\u015ftal 130078, D\u00e2mbovi\u0163a, Rom\u00e2nia<\/strong><\/h6>\n<h6><strong>E-mail:musicschool_ro @yahoo.com<\/strong><\/h6>\n<h6><strong>Site-web:<\/strong><strong>www.liceuldeartebalasadoamna.ro<\/strong><\/h6>\n<p>&nbsp;<\/p>\n<p>&nbsp;<\/p>\n<p>&nbsp;<\/p>\n<h4><strong>CONCURS NATIONAL DE <\/strong><strong>INTEPRETARE\u00a0 \u201dW.<\/strong><strong><em>A. MOZART\u201d<\/em><\/strong><\/h4>\n<h4><strong>EDITIA a XXI-a \/ <\/strong><strong>2-4 iunie 2017 \/ <\/strong><strong>T A R G O V I S T E<\/strong><\/h4>\n<p>&nbsp;<\/p>\n<h4><strong>CONDITII DE PARTICIPARE<\/strong><\/h4>\n<p>Concursul se desfasoara pe 3 sectiuni: <strong>Pian, Vioar\u0103, Canto<\/strong><\/p>\n<p>&nbsp;<\/p>\n<p>PIAN: clasele I \u2013 XII<\/p>\n<p>VIOAR\u0102: clasele I \u2013 XII.<\/p>\n<p>CANTO: clasele IX \u2013 XII.<\/p>\n<p>&nbsp;<\/p>\n<h4><\/h4>\n<h4><strong>REPERTORIU DE CONCURS<\/strong><\/h4>\n<p><strong>PIAN<\/strong><\/p>\n<p><strong>clasele I \u2013VIII<\/strong><\/p>\n<ol>\n<li>o lucrare din creatia lui W. A. Mozart: piesa, sonatina-p I, sonata-p I, tema cu variatiuni, rondo de sine statator, fantezie<\/li>\n<li>o lucrare din repertoriul preclasic, romantic, modern sau romanesc, diferita ca forma<\/li>\n<\/ol>\n<p><strong>clasele IX \u2013 XII<\/strong><\/p>\n<ol>\n<li>o lucrare de W. A. Mozart: sonata-p I, tema cu variatiuni, rondo de sine statator<\/li>\n<li>o lucrare din repertoriul romantic<\/li>\n<li>o lucrare din repertoriul modern sau romanesc.<\/li>\n<\/ol>\n<p><strong><u>durata repertoriului<\/u>:<\/strong>\u00a0\u00a0\u00a0\u00a0 clasele I \u2013II 5 minute \/ clasele III \u2013 IV 10 minute\u00a0\u00a0\/\u00a0\u00a0\u00a0\u00a0clasele V \u2013 VIII 15 minute<\/p>\n<p>clasele IX \u2013 X 20 minute \/\u00a0 clasele XI \u2013 XII 30 minute<\/p>\n<p>&nbsp;<\/p>\n<h4 style=\"text-align: left;\"><strong>VIOAR\u0102<\/strong><\/h4>\n<p><strong>clasele I \u2013VIII<\/strong><\/p>\n<ol>\n<li>o lucrare din creatia lui W. A. Mozart.<\/li>\n<li>o lucrare din repertoriul preclasic, romantic, modern sau romanesc, diferita ca forma.<\/li>\n<\/ol>\n<p><strong>clasele IX \u2013 XII<\/strong><\/p>\n<ol>\n<li>o lucrare de W. A. Mozart.<\/li>\n<li>o lucrare din repertoriul preclasic<\/li>\n<li>o lucrare din repertoriul romantic, modern sau romanesc.<\/li>\n<\/ol>\n<p>&nbsp;<\/p>\n<p><strong><u>durata repertoriului<\/u>:\u00a0\u00a0<\/strong>\u00a0\u00a0\u00a0\u00a0 clasele I \u2013II 5 minute \/ clasele III \u2013 IV 10 minute\u00a0\/ clasele V \u2013 VIII 15 minute \/\u00a0clasele IX \u2013 X 20 minute \/<\/p>\n<p>clasele XI \u2013 XII 30 minute<\/p>\n<h4><\/h4>\n<h4><\/h4>\n<h4><strong>CANTO<\/strong><\/h4>\n<p><strong>clasa a IX-a<\/strong><\/p>\n<ol>\n<li>arie preclasica<\/li>\n<li>lied sau arie de W. A. Mozart<\/li>\n<li>lied romanesc sau prelucrare folclorica.<\/li>\n<\/ol>\n<p>&nbsp;<\/p>\n<p><strong>clasa a X-a<\/strong><\/p>\n<ol>\n<li style=\"list-style-type: none;\">\n<ol>\n<li>arie preclasica<\/li>\n<li>lied sau arie de W. A. Mozart<\/li>\n<li>lied romanesc sau prelucrare folclorica.<\/li>\n<\/ol>\n<\/li>\n<\/ol>\n<p>&nbsp;<\/p>\n<p><strong>clasa a XI-a<\/strong><\/p>\n<ol>\n<li>arie preclasica<\/li>\n<li>arie de W. A. Mozart<\/li>\n<li>lied romantic<\/li>\n<li>lied romanesc<\/li>\n<\/ol>\n<p>&nbsp;<\/p>\n<p><strong>clasa a XII-a<\/strong><\/p>\n<ol>\n<li>arie preclasica<\/li>\n<li>arie de W. A. Mozart<\/li>\n<li>arie romantica<\/li>\n<li>lucrare romaneasca<\/li>\n<\/ol>\n<p>&nbsp;<\/p>\n<h3 style=\"text-align: center;\"><strong>Inscriere &#8211; Regulament<\/strong><\/h3>\n<p><strong>\u00a0<\/strong><\/p>\n<p>INSCRIEREA LA CONCURS se va face pe baza fisei de inscriere anexata prezentului Regulament, \u00eenso\u0163it\u0103 de copia certificatului de na\u015ftere sau CI (prin po\u015ft\u0103, mail sau fax).<\/p>\n<p>&nbsp;<\/p>\n<ol>\n<li>Nu se percepe tax\u0103 de participare conform ordinului MEN 5002\/02.12.2014<\/li>\n<li>Termenul limita de inscriere este 25 mai 2017, data postei, pe adresa de e-mail sau pe fax 0245211166.<\/li>\n<li>Juriul concursului va fi alcatuit din personalitati ale invatamantului universitar si din profesori de specialitate. Hotararile juriului sunt definitive.<\/li>\n<li>Concurentii vor fi prezenti cu 30 de minute inainte de intrarea in concurs.<\/li>\n<li>Nu se admit modificari ulterioare in repertoriul comunicat in fisa de inscriere.<\/li>\n<li>Se acorda premii si mentiuni pentru fiecare clasa, de la cele trei sec\u0163ii: Pian, Vioar\u0103, Canto. Se acorda Trofeul \u201cW. A. Mozart\u201d pentru cea mai buna interpretare a unei lucrari mozartiene fiecarei sec\u0163ii: Pian, Vioar\u0103, Canto (pentru fiecare sec\u0163ie c\u00e2te un trofeu).<\/li>\n<li>Concurentii de la cele 3 sectii, premia\u0163i cu Trofeul Mozart vor evolua in Gala laureatilor, al\u0103turi de premian\u0163ii desemna\u0163i de juriu pentru a evolua \u00een Gala laurea\u0163ilor.<\/li>\n<li>La festivitatea de premiere si Gala laureatilor, prezenta tuturor participantilor este obligatorie, premiile urmand a fi inmanate numai personal.<\/li>\n<li>Organizatorii isi rezerva dreptul de a face public , in scop de promovare , inregistrari video si audio din timpul concursului , inscrierea reprezentand acordul participantilor in acest sens.\u00a0<strong>\u00a0<\/strong>\u00a0tel: 0245\/211166director Matei Bogdan, tel. 0735 019 322<\/li>\n<\/ol>\n<p>&nbsp;<\/p>\n<p><strong>Cazarea \u015fi masa nu sunt asigurate de organizator.<\/strong><\/p>\n<p>&nbsp;<\/p>\n<p><span style=\"font-family: 'Times New Roman',serif; font-size: 12pt;\"><span style=\"color: #000000;\">\u00a0<\/span><\/span><\/p>\n<p>Informatii suplimentare se pot obtine la secretariatul liceului:<\/p>\n<p><span style=\"font-family: 'Times New Roman',serif; font-size: 12pt;\"><span style=\"color: #000000;\">tel: 0245\/211166<\/span><\/span><\/p>\n<p>e-mail: musicschool_ro@yahoo.com<\/p>\n<p>director Matei Bogdan, tel. 0735 019 322<\/p>\n<p>&nbsp;<\/p>\n<h6><strong>\u00a0<\/strong><strong>\u00a0<\/strong><\/h6>\n<p><strong>\u00a0<\/strong><\/p>\n<p><strong>FISA DE INSCRIERE<\/strong><\/p>\n<p><strong>LA CONCURSUL NATIONAL DE INTERPRETARE \u201dW. A. MOZART\u201d<\/strong><\/p>\n<p><strong>Editia a XXI-a, Targoviste, 2-4 iunie 2017<\/strong><\/p>\n<p>&nbsp;<\/p>\n<p>&nbsp;<\/p>\n<p>Numele si prenumele concurentului &#8230;&#8230;&#8230;&#8230;&#8230;&#8230;&#8230;&#8230;&#8230;&#8230;&#8230;&#8230;&#8230;&#8230;&#8230;&#8230;&#8230;&#8230;&#8230;&#8230;&#8230;&#8230;&#8230;&#8230;&#8230;&#8230;&#8230;&#8230;&#8230;&#8230;&#8230;&#8230;&#8230;&#8230;&#8230;&#8230;&#8230;<\/p>\n<p>CNP &#8230;&#8230;&#8230;&#8230;&#8230;&#8230;&#8230;&#8230;&#8230;&#8230;&#8230;&#8230;&#8230;&#8230;&#8230;&#8230;&#8230;&#8230;&#8230;&#8230;&#8230;&#8230;&#8230;.. Tel&#8230;&#8230;&#8230;&#8230;&#8230;&#8230;&#8230;&#8230;&#8230;&#8230;&#8230;&#8230;&#8230;&#8230;&#8230;&#8230;&#8230;&#8230;&#8230;&#8230;&#8230;&#8230;&#8230;&#8230;&#8230;&#8230;&#8230;.<\/p>\n<p>Clasa &#8230;&#8230;&#8230;&#8230;&#8230;.. Scoala&#8230;&#8230;&#8230;&#8230;&#8230;&#8230;&#8230;&#8230;&#8230;&#8230;&#8230;&#8230;&#8230;&#8230;&#8230;&#8230;&#8230;&#8230;&#8230;&#8230;&#8230;&#8230;&#8230;&#8230;&#8230;&#8230;&#8230;&#8230;&#8230;&#8230;&#8230;&#8230;&#8230;&#8230;&#8230;&#8230;&#8230;&#8230;&#8230;&#8230;&#8230;&#8230;&#8230;.<\/p>\n<p>Localitatea&#8230;&#8230;&#8230;&#8230;&#8230;&#8230;&#8230;&#8230;&#8230;&#8230;&#8230;&#8230;&#8230;&#8230;&#8230;&#8230;&#8230;&#8230;&#8230;&#8230;&#8230;&#8230;&#8230;. Judetul&#8230;&#8230;&#8230;&#8230;&#8230;&#8230;&#8230;&#8230;&#8230;&#8230;&#8230;&#8230;&#8230;&#8230;&#8230;&#8230;&#8230;&#8230;&#8230;&#8230;&#8230;&#8230;.<\/p>\n<p>Instrument&#8230;&#8230;&#8230;&#8230;&#8230;&#8230;&#8230;&#8230;&#8230;&#8230;&#8230;&#8230;&#8230;&#8230;&#8230;&#8230;&#8230;.. Profesor&#8230;&#8230;&#8230;&#8230;&#8230;&#8230;&#8230;&#8230;&#8230;&#8230;&#8230;&#8230;&#8230;&#8230;&#8230;&#8230;&#8230;&#8230;&#8230;&#8230;&#8230;&#8230;&#8230;&#8230;&#8230;&#8230;&#8230;..<\/p>\n<p>Profesor acompaniator&#8230;&#8230;&#8230;&#8230;&#8230;&#8230;&#8230;&#8230;&#8230;&#8230;&#8230;&#8230;&#8230;&#8230;&#8230;&#8230;&#8230;&#8230;&#8230;&#8230;&#8230;&#8230;&#8230;&#8230;&#8230;&#8230;&#8230;&#8230;&#8230;&#8230;&#8230;&#8230;&#8230;&#8230;&#8230;&#8230;&#8230;&#8230;&#8230;&#8230;&#8230;&#8230;&#8230;&#8230;<\/p>\n<p>&nbsp;<\/p>\n<p>&nbsp;<\/p>\n<p>REPERTORIU<\/p>\n<p><strong><u>compozitor\u00a0\u00a0\u00a0\u00a0\u00a0\u00a0\u00a0\u00a0\u00a0\u00a0\u00a0\u00a0\u00a0\u00a0\u00a0\u00a0\u00a0\u00a0\u00a0\u00a0\u00a0\u00a0\u00a0\u00a0 \u00a0\u00a0\u00a0\u00a0\u00a0\u00a0\u00a0\u00a0\u00a0\u00a0\u00a0\u00a0\u00a0\u00a0\u00a0\u00a0\u00a0\u00a0\u00a0\u00a0\u00a0\u00a0\u00a0\u00a0\u00a0titlul lucrarii\u00a0\u00a0\u00a0\u00a0\u00a0\u00a0\u00a0\u00a0\u00a0\u00a0\u00a0\u00a0\u00a0\u00a0\u00a0\u00a0\u00a0\u00a0\u00a0\u00a0\u00a0\u00a0\u00a0\u00a0\u00a0\u00a0\u00a0\u00a0\u00a0\u00a0\u00a0\u00a0\u00a0\u00a0\u00a0\u00a0\u00a0\u00a0\u00a0\u00a0\u00a0\u00a0\u00a0\u00a0\u00a0\u00a0\u00a0\u00a0\u00a0\u00a0\u00a0\u00a0\u00a0\u00a0\u00a0\u00a0\u00a0\u00a0\u00a0\u00a0\u00a0\u00a0 minutaj<\/u><\/strong><\/p>\n<ol>\n<li>&#8230;&#8230;&#8230;&#8230;&#8230;&#8230;&#8230;&#8230;&#8230;&#8230;&#8230;&#8230;&#8230;&#8230;&#8230;&#8230;&#8230;&#8230;&#8230;&#8230;&#8230;&#8230;&#8230;&#8230;&#8230;&#8230;&#8230;&#8230;&#8230;&#8230;&#8230;&#8230;&#8230;&#8230;&#8230;&#8230;&#8230;&#8230;&#8230;&#8230;&#8230;&#8230;&#8230;&#8230;&#8230;&#8230;&#8230;&#8230;&#8230;&#8230;&#8230;&#8230;&#8230;&#8230;&#8230;.<\/li>\n<li>&#8230;&#8230;&#8230;&#8230;&#8230;&#8230;&#8230;&#8230;&#8230;&#8230;&#8230;&#8230;&#8230;&#8230;&#8230;&#8230;&#8230;&#8230;&#8230;&#8230;&#8230;&#8230;&#8230;&#8230;&#8230;&#8230;&#8230;&#8230;&#8230;&#8230;&#8230;&#8230;&#8230;&#8230;&#8230;&#8230;&#8230;&#8230;&#8230;&#8230;&#8230;&#8230;&#8230;&#8230;&#8230;&#8230;&#8230;&#8230;&#8230;&#8230;&#8230;&#8230;&#8230;&#8230;&#8230;.<\/li>\n<li><strong>.<\/strong>&#8230;&#8230;&#8230;&#8230;&#8230;&#8230;&#8230;&#8230;&#8230;&#8230;&#8230;&#8230;&#8230;&#8230;&#8230;&#8230;&#8230;&#8230;&#8230;&#8230;&#8230;&#8230;&#8230;&#8230;&#8230;&#8230;&#8230;&#8230;&#8230;&#8230;&#8230;&#8230;&#8230;&#8230;&#8230;&#8230;&#8230;&#8230;&#8230;&#8230;&#8230;&#8230;&#8230;&#8230;&#8230;&#8230;&#8230;&#8230;&#8230;&#8230;&#8230;&#8230;&#8230;&#8230;..<\/li>\n<li><strong>.<\/strong>&#8230;&#8230;&#8230;&#8230;&#8230;&#8230;&#8230;&#8230;&#8230;&#8230;&#8230;&#8230;&#8230;&#8230;&#8230;&#8230;&#8230;&#8230;&#8230;&#8230;&#8230;&#8230;&#8230;&#8230;&#8230;&#8230;&#8230;&#8230;&#8230;&#8230;&#8230;&#8230;&#8230;&#8230;&#8230;&#8230;&#8230;&#8230;&#8230;&#8230;&#8230;&#8230;&#8230;&#8230;&#8230;&#8230;&#8230;&#8230;&#8230;&#8230;&#8230;&#8230;&#8230;&#8230;..<\/li>\n<\/ol>\n<p>&nbsp;<\/p>\n<p>Responsabil Catedra -semnatura-\u00a0\u00a0\u00a0\u00a0\u00a0\u00a0\u00a0\u00a0\u00a0\u00a0\u00a0\u00a0\u00a0\u00a0\u00a0\u00a0\u00a0\u00a0\u00a0\u00a0\u00a0\u00a0\u00a0\u00a0\u00a0\u00a0\u00a0\u00a0\u00a0\u00a0\u00a0\u00a0\u00a0\u00a0\u00a0\u00a0\u00a0\u00a0\u00a0\u00a0\u00a0\u00a0\u00a0\u00a0\u00a0\u00a0\u00a0\u00a0\u00a0\u00a0\u00a0\u00a0\u00a0\u00a0\u00a0\u00a0\u00a0\u00a0\u00a0\u00a0\u00a0\u00a0\u00a0\u00a0\u00a0\u00a0\u00a0\u00a0\u00a0\u00a0\u00a0\u00a0\u00a0\u00a0\u00a0\u00a0\u00a0\u00a0 Director &#8211; semnatura-<\/p>\n<p>&nbsp;<\/p>\n<p>&nbsp;<\/p>\n","protected":false},"excerpt":{"rendered":"<p>LICEUL DE ARTE \u201eB\u0102LA\u015eA DOAMNA\u201dT\u00c2RGOVI\u015eTE Strada P\u00c2RVAN POPESCU NR.60, TEL\/FAX 0245 21 11 66 Cod po\u015ftal 130078, D\u00e2mbovi\u0163a, Rom\u00e2nia E-mail:musicschool_ro @yahoo.com Site-web:www.liceuldeartebalasadoamna.ro &nbsp; &nbsp; &nbsp; CONCURS NATIONAL DE INTEPRETARE\u00a0 \u201dW.A. MOZART\u201d EDITIA a XXI-a \/ 2-4 iunie 2017 \/ T A R G O V I S T E &nbsp; CONDITII DE PARTICIPARE Concursul se [&hellip;]<\/p>\n","protected":false},"author":1,"featured_media":0,"parent":0,"menu_order":0,"comment_status":"closed","ping_status":"closed","template":"","meta":{"footnotes":""},"class_list":["post-4348","page","type-page","status-publish","hentry"],"_links":{"self":[{"href":"https:\/\/www.propiano.org\/romanian\/wp-json\/wp\/v2\/pages\/4348","targetHints":{"allow":["GET"]}}],"collection":[{"href":"https:\/\/www.propiano.org\/romanian\/wp-json\/wp\/v2\/pages"}],"about":[{"href":"https:\/\/www.propiano.org\/romanian\/wp-json\/wp\/v2\/types\/page"}],"author":[{"embeddable":true,"href":"https:\/\/www.propiano.org\/romanian\/wp-json\/wp\/v2\/users\/1"}],"replies":[{"embeddable":true,"href":"https:\/\/www.propiano.org\/romanian\/wp-json\/wp\/v2\/comments?post=4348"}],"version-history":[{"count":11,"href":"https:\/\/www.propiano.org\/romanian\/wp-json\/wp\/v2\/pages\/4348\/revisions"}],"predecessor-version":[{"id":4459,"href":"https:\/\/www.propiano.org\/romanian\/wp-json\/wp\/v2\/pages\/4348\/revisions\/4459"}],"wp:attachment":[{"href":"https:\/\/www.propiano.org\/romanian\/wp-json\/wp\/v2\/media?parent=4348"}],"curies":[{"name":"wp","href":"https:\/\/api.w.org\/{rel}","templated":true}]}}