{"id":4345,"date":"2017-01-16T11:27:48","date_gmt":"2017-01-16T11:27:48","guid":{"rendered":"http:\/\/www.propiano.org\/romanian\/?page_id=4345"},"modified":"2017-03-20T16:46:44","modified_gmt":"2017-03-20T16:46:44","slug":"brave-claviaturi-2017","status":"publish","type":"page","link":"https:\/\/www.propiano.org\/romanian\/brave-claviaturi-2017\/","title":{"rendered":"Brave Claviaturi 2017"},"content":{"rendered":"<h4>Vezi programarea concuren\u021bilor dup\u0103 Regulament si Formular de incriere.<\/h4>\n<p>&nbsp;<\/p>\n<p>&nbsp;<\/p>\n<h4><\/h4>\n<h5>REGULAMENTUL CONCURSULUI \u00a0NA\u0162IONAL DE INTERPRETARE A MUZICII ROM\u00c2NE\u015eTI PENTRU PIAN \u201dBRAVE CLAVIATURI\u201d,<\/h5>\n<h4>EDI\u0162IA A X-A, 25 &#8211; 26 MARTIE 2017<\/h4>\n<p>&nbsp;<\/p>\n<h4>PARTENERI:<\/h4>\n<ul>\n<li>UNIUNEA COMPOZITORILOR \u015eI MUZICOLOGILOR DIN ROM\u00c2NIA<\/li>\n<li>UNIVERSITATEA NA\u0162IONAL\u0102 DE MUZIC\u0102 BUCURE\u015eTI<\/li>\n<li>EDITURA MUZICAL\u0102<\/li>\n<li>MUZEUL NA\u0162IONAL \u201eGEORGE ENESCU\u201d<\/li>\n<li>FUNDA\u0162IA CULTURAL\u0102 \u201ePRO PIANO \u2013 ROM\u00c2NIA\u201d<\/li>\n<li>EDITURA GRAFOART<\/li>\n<li>UNIUNEA COMPOZITORILOR \u015eI MUZICOLOGILOR DIN REPUBLICA MOLDOVA<\/li>\n<\/ul>\n<p>&nbsp;<\/p>\n<p>&nbsp;<\/p>\n<h4><strong>R E G U L A M E N T <\/strong><\/h4>\n<p>CONCURSUL \u201eBRAVE CLAVIATURI\u201d se va desf\u0103\u015fura \u00een Sala de Concerte a Centrului Na\u0163ional de Art\u0103 \u201eTinerimea Rom\u00e2n\u0103\u201d din Bucure\u015fti str. Gutenberg Johann, nr. 19, sector 5 dup\u0103 cum urmeaz\u0103:<\/p>\n<ol>\n<li><strong>CATEGORIA &#8220;B&#8221; <\/strong>&#8211; s\u00e2mb\u0103t\u0103, 25 martie 2017, \u00eencep\u00e2nd cu ora 9.00 &#8211; dedicat\u0103 pre\u015fcolarilor \u015fi \u015fcolarilor cu v\u00e2rsta cuprins\u0103 \u00eentre 6 \u015fi 18 ani, care studiaz\u0103 pianul ca instrument op\u0163ional la gr\u0103dini\u0163e, \u015fcoli, licee de muzic\u0103 sau \u00een sistem particular.<\/li>\n<li><strong>CATEGORIA &#8220;A&#8221; <\/strong>&#8211; duminic\u0103, 26 martie 2017, \u00eencep\u00e2nd cu ora 9.00 &#8211; dedicat\u0103 elevilor cu v\u00e2rsta cuprins\u0103 \u00eentre 6 \u015fi 18 ani, care studiaz\u0103 pianul ca instrument principal.<\/li>\n<li><strong>CATEGORIA &#8220;C&#8221; <\/strong>(4 m\u00e2ini) :<\/li>\n<\/ol>\n<p>&#8211; s\u00e2mb\u0103t\u0103, 25 martie 2017- ora 08,30, pentru concuren\u0163ii din Categoria &#8220;B&#8221;.<\/p>\n<p>&#8211; duminic\u0103, 26 martie 2017, pentru concuren\u0163ii din Categoria &#8220;A&#8221;.<\/p>\n<p><strong>Pentru toate categoriile<\/strong>:<\/p>\n<ul>\n<li>repertoriul va con\u0163ine una sau dou\u0103 piese din literatura pianistic\u0103 rom\u00e2neasc\u0103, av\u00e2nd o durat\u0103 cuprins\u0103 \u00eentre 2 \u015fi 10 minute.<\/li>\n<\/ul>\n<p>&nbsp;<\/p>\n<p>Prin &#8220;pies\u0103&#8221; se \u00een\u0163elege numai o singur\u0103 parte dintr-o lucrare.<\/p>\n<ul>\n<li>Piesele vor fi interpretate din memorie, cu excep\u0163ia celor de la categoria C, unde se accept\u0103 \u015fi partitura.<\/li>\n<li>intrarea \u00een concurs se va face \u00een ordinea cresc\u0103toare a v\u00e2rstei.<\/li>\n<li>se vor acorda diplome \u015fi premii.\u00a0Deciziile juriului nu pot fi contestate.<\/li>\n<li>Rezolvarea eventualelor probleme privind transportul, cazarea \u015fi costurile aferente acestora revin \u00een totalitate participan\u0163ilor.<\/li>\n<\/ul>\n<p>&nbsp;<\/p>\n<p><strong>\u00ceNSCRIERILE <\/strong>se fac numai <strong>electronic<\/strong>, pe site-ul concursului, la adresa <strong>www.braveclaviaturi.net23.net<\/strong>, prin completarea formularului online \u015fi transmiterea documentului care atest\u0103 achitarea dona\u0163iei, scanat \u00een format .pdf sau .jpg, la adresa de e-mail: <strong>braveclaviaturi <\/strong>@gmail.com.<\/p>\n<p><strong>Termenul limit\u0103 pentru acceptarea \u00eenscrierilor: 5 martie 2017<\/strong>.<\/p>\n<p>Documente necesare:<\/p>\n<ol>\n<li>Formularul de \u00eenscriere, care se va completa online, pe site.<\/li>\n<li>Dovada achit\u0103rii unei dona\u0163ii de 70 lei \u00een contul Asocia\u021biei Culturale \u201eRadu Chi\u0219u\u201d: Lei: <strong>RO41BRDE445SV14133204450<\/strong>. Banca BRD, Bucure\u0219ti, sucursala Doroban\u021bi, C.U.I. 27306754, cu men\u0163iunea obligatorie <strong>\u201ePENTRU CONCURSUL BRAVE CLAVIATURI\u201d + NUMELE CANDIDATULUI <\/strong>(pentru Categoria &#8220;A&#8221; sau &#8220;B&#8221;) <strong>\/ <\/strong><strong>CANDIDA\u0162ILOR <\/strong>(pentru Categoria &#8220;C&#8221;). Dup\u0103 verificare, fiecare concurent va primi, pe adresa proprie de e-mail, un mesaj privind validarea \u00eenscrierii.<\/li>\n<\/ol>\n<p>Informa\u0163ii suplimentare: <strong>www.braveclaviaturi.net23.net <\/strong><\/p>\n<p>sau la profesorii coordonatori (\u00eentre orele 9-19):<\/p>\n<p>RODICA D\u0102NCEANU (tel. 0721.43.87.01)<\/p>\n<p>GEORGETA B\u0102CIOIU (tel. 0724.23.86.72)<\/p>\n<p>Secretariat: MARIN CONSTANTIN (tel. 0788.24.95.90)<\/p>\n<p>&nbsp;<\/p>\n<p>&nbsp;<\/p>\n<h4><strong>FORMULAR DE \u00ceNSCRIERE <\/strong><\/h4>\n<p>Se va completa formularul online aflat pe site-ul concursului la adresa: <strong>www.braveclaviaturi.net23.net <\/strong><\/p>\n<p><strong>sau<\/strong>,<\/p>\n<p>acces\u00e2nd link-ul: https:\/\/docs.google.com\/forms\/d\/e\/1FAIpQLSdBEGFqMB95PUoJFMXWoxbutJaGLtE6uHmzI61c488AxBIjHw\/viewform?usp=send_form<\/p>\n<p>&nbsp;<\/p>\n<p><strong>BRAVE CLAVIATURI <\/strong><\/p>\n<p><strong>CONCURS NA\u0162IONAL DE INTERPRETARE <\/strong><strong>A MUZICII ROM\u00c2NE\u015eTI PENTRU <\/strong><\/p>\n<p><strong>PIAN \u00a0\/\u00a0 \u00a0<\/strong><strong>EDI\u0162IA A X-A\u00a0 \/\u00a0 <\/strong><strong>25 -26 martie 2017 <\/strong><\/p>\n<p>NUME \u015eI PRENUME &#8230;&#8230;&#8230;&#8230;&#8230;&#8230;&#8230;&#8230;&#8230;&#8230;&#8230;&#8230;&#8230;&#8230;&#8230;&#8230;&#8230;&#8230;&#8230;&#8230;&#8230;&#8230;&#8230;&#8230;&#8230;&#8230;&#8230;&#8230;&#8230;&#8230;&#8230;&#8230;&#8230;&#8230;&#8230;&#8230;&#8230;&#8230;<\/p>\n<p>DATA NA\u015eTERII &#8230;&#8230;&#8230;&#8230;&#8230;&#8230;&#8230;&#8230;&#8230;&#8230;&#8230;&#8230;&#8230;&#8230;&#8230;&#8230;&#8230;&#8230;&#8230;&#8230;&#8230;&#8230;&#8230;.CLASA &#8230;&#8230;&#8230;&#8230;&#8230;&#8230;&#8230;&#8230;&#8230;&#8230;&#8230;<\/p>\n<p>UNITATEA \u015eCOLAR\u0102 &#8230;&#8230;&#8230;&#8230;&#8230;&#8230;&#8230;&#8230;&#8230;&#8230;&#8230;&#8230;&#8230;&#8230;&#8230;&#8230;&#8230;&#8230;&#8230;&#8230;&#8230;&#8230;&#8230;&#8230;&#8230;&#8230;&#8230;&#8230;&#8230;&#8230;&#8230;&#8230;&#8230;&#8230;&#8230;&#8230;.<\/p>\n<p>DATE DE CONTACT (Tel.) &#8230;&#8230;&#8230;&#8230;&#8230;&#8230;&#8230;&#8230;&#8230;&#8230;&#8230;&#8230;&#8230;&#8230;&#8230;&#8230;&#8230;&#8230;&#8230;&#8230;&#8230;&#8230;&#8230;&#8230;&#8230;&#8230;&#8230;&#8230;&#8230;&#8230;&#8230;&#8230;&#8230;<\/p>\n<p>ADRES\u0102 E-MAIL &#8230;&#8230;&#8230;&#8230;&#8230;&#8230;&#8230;&#8230;&#8230;&#8230;&#8230;&#8230;&#8230;&#8230;&#8230;&#8230;&#8230;&#8230;&#8230;&#8230;&#8230;&#8230;&#8230;&#8230;&#8230;&#8230;&#8230;&#8230;&#8230;&#8230;&#8230;&#8230;&#8230;&#8230;&#8230;&#8230;&#8230;&#8230;&#8230;&#8230;..<\/p>\n<p>CATEGORIA (A, B, C) &#8230;&#8230;&#8230;&#8230;&#8230;&#8230;&#8230;&#8230;&#8230;&#8230;&#8230;&#8230;&#8230;&#8230;&#8230;&#8230;&#8230;&#8230;&#8230;&#8230;&#8230;&#8230;&#8230;&#8230;&#8230;&#8230;&#8230;&#8230;&#8230;&#8230;&#8230;&#8230;&#8230;&#8230;&#8230;&#8230;&#8230;<\/p>\n<p>PROFESOR<\/p>\n<p>NUME \u015eI PRENUME &#8230;&#8230;&#8230;&#8230;&#8230;&#8230;&#8230;&#8230;&#8230;&#8230;&#8230;&#8230;&#8230;&#8230;&#8230;&#8230;&#8230;&#8230;&#8230;&#8230;&#8230;&#8230;&#8230;&#8230;&#8230;&#8230;&#8230;&#8230;&#8230;&#8230;&#8230;&#8230;&#8230;&#8230;&#8230;&#8230;&#8230;..<\/p>\n<p>DATE DE CONTACT (Tel.) &#8230;&#8230;&#8230;&#8230;&#8230;&#8230;&#8230;&#8230;&#8230;&#8230;&#8230;&#8230;&#8230;&#8230;&#8230;&#8230;&#8230;&#8230;&#8230;&#8230;&#8230;&#8230;&#8230;&#8230;&#8230;&#8230;&#8230;&#8230;&#8230;&#8230;&#8230;&#8230;&#8230;<\/p>\n<p>ADRES\u0102 E-MAIL &#8230;&#8230;&#8230;&#8230;&#8230;&#8230;&#8230;&#8230;&#8230;&#8230;&#8230;&#8230;&#8230;&#8230;&#8230;&#8230;&#8230;&#8230;&#8230;&#8230;&#8230;&#8230;&#8230;&#8230;&#8230;&#8230;&#8230;&#8230;&#8230;&#8230;&#8230;&#8230;&#8230;&#8230;&#8230;&#8230;&#8230;&#8230;&#8230;&#8230;.<\/p>\n<p>REPERTORIU:<\/p>\n<ol>\n<li>COMPOZITOR &#8230;&#8230;&#8230;&#8230;&#8230;&#8230;&#8230;&#8230;&#8230;&#8230;&#8230;&#8230;&#8230;&#8230;&#8230;&#8230;&#8230;&#8230;&#8230;&#8230;&#8230;&#8230;&#8230;&#8230;&#8230;&#8230;&#8230;&#8230;&#8230;&#8230;&#8230;&#8230;&#8230;&#8230;&#8230;&#8230;&#8230;&#8230;&#8230;&#8230;<\/li>\n<\/ol>\n<p>TITLUL LUCR\u0102RII &#8230;&#8230;&#8230;&#8230;&#8230;&#8230;&#8230;&#8230;&#8230;&#8230;&#8230;&#8230;&#8230;&#8230;&#8230;&#8230;&#8230;&#8230;&#8230;&#8230;&#8230;&#8230;&#8230;&#8230;&#8230;&#8230;. DURATA &#8230;&#8230;&#8230;&#8230;.<\/p>\n<p>&nbsp;<\/p>\n<ol start=\"2\">\n<li>COMPOZITOR &#8230;&#8230;&#8230;&#8230;&#8230;&#8230;&#8230;&#8230;&#8230;&#8230;&#8230;&#8230;&#8230;&#8230;&#8230;&#8230;&#8230;&#8230;&#8230;&#8230;&#8230;&#8230;&#8230;&#8230;&#8230;&#8230;&#8230;&#8230;&#8230;&#8230;&#8230;&#8230;&#8230;&#8230;&#8230;&#8230;&#8230;&#8230;&#8230;&#8230;.<\/li>\n<\/ol>\n<p>TITLUL LUCR\u0102RII &#8230;&#8230;&#8230;&#8230;&#8230;&#8230;&#8230;&#8230;&#8230;&#8230;&#8230;&#8230;&#8230;&#8230;&#8230;&#8230;&#8230;&#8230;&#8230;&#8230;&#8230;&#8230;&#8230;&#8230;&#8230;&#8230;&#8230; DURATA &#8230;&#8230;&#8230;&#8230;.<\/p>\n<p>&nbsp;<\/p>\n<p>DATA &#8230;&#8230;&#8230;&#8230;&#8230;&#8230;&#8230;&#8230;&#8230;&#8230;&#8230;&#8230;&#8230;&#8230;&#8230;&#8230;&#8230;&#8230;&#8230;&#8230;&#8230;&#8230;.<\/p>\n<p>&nbsp;<\/p>\n<p>SEMN\u0102TURA &#8230;&#8230;&#8230;&#8230;&#8230;&#8230;&#8230;&#8230;&#8230;&#8230;&#8230;&#8230;&#8230;&#8230;&#8230;..<\/p>\n<p>&nbsp;<\/p>\n<p><a href=\"http:\/\/www.propiano.org\/romanian\/wp-content\/uploads\/2017\/01\/Afisare_intrare_BC_25_martie-2017.pdf\">Afisare_intrare_B+C_25_martie 2017<\/a><\/p>\n<p><a href=\"http:\/\/www.propiano.org\/romanian\/wp-content\/uploads\/2017\/01\/Afisare_intrare_A_26_martie-2017.pdf\">Afisare_intrare_A_26_martie 2017<\/a><\/p>\n","protected":false},"excerpt":{"rendered":"<p>Vezi programarea concuren\u021bilor dup\u0103 Regulament si Formular de incriere. &nbsp; &nbsp; REGULAMENTUL CONCURSULUI \u00a0NA\u0162IONAL DE INTERPRETARE A MUZICII ROM\u00c2NE\u015eTI PENTRU PIAN \u201dBRAVE CLAVIATURI\u201d, EDI\u0162IA A X-A, 25 &#8211; 26 MARTIE 2017 &nbsp; PARTENERI: UNIUNEA COMPOZITORILOR \u015eI MUZICOLOGILOR DIN ROM\u00c2NIA UNIVERSITATEA NA\u0162IONAL\u0102 DE MUZIC\u0102 BUCURE\u015eTI EDITURA MUZICAL\u0102 MUZEUL NA\u0162IONAL \u201eGEORGE ENESCU\u201d FUNDA\u0162IA CULTURAL\u0102 \u201ePRO PIANO \u2013 [&hellip;]<\/p>\n","protected":false},"author":1,"featured_media":0,"parent":0,"menu_order":0,"comment_status":"closed","ping_status":"closed","template":"","meta":{"footnotes":""},"class_list":["post-4345","page","type-page","status-publish","hentry"],"_links":{"self":[{"href":"https:\/\/www.propiano.org\/romanian\/wp-json\/wp\/v2\/pages\/4345","targetHints":{"allow":["GET"]}}],"collection":[{"href":"https:\/\/www.propiano.org\/romanian\/wp-json\/wp\/v2\/pages"}],"about":[{"href":"https:\/\/www.propiano.org\/romanian\/wp-json\/wp\/v2\/types\/page"}],"author":[{"embeddable":true,"href":"https:\/\/www.propiano.org\/romanian\/wp-json\/wp\/v2\/users\/1"}],"replies":[{"embeddable":true,"href":"https:\/\/www.propiano.org\/romanian\/wp-json\/wp\/v2\/comments?post=4345"}],"version-history":[{"count":11,"href":"https:\/\/www.propiano.org\/romanian\/wp-json\/wp\/v2\/pages\/4345\/revisions"}],"predecessor-version":[{"id":4425,"href":"https:\/\/www.propiano.org\/romanian\/wp-json\/wp\/v2\/pages\/4345\/revisions\/4425"}],"wp:attachment":[{"href":"https:\/\/www.propiano.org\/romanian\/wp-json\/wp\/v2\/media?parent=4345"}],"curies":[{"name":"wp","href":"https:\/\/api.w.org\/{rel}","templated":true}]}}