{"id":4174,"date":"2016-11-05T12:12:59","date_gmt":"2016-11-05T12:12:59","guid":{"rendered":"http:\/\/www.propiano.org\/romanian\/?page_id=4174"},"modified":"2017-01-24T17:06:56","modified_gmt":"2017-01-24T17:06:56","slug":"programare-timisoara-2017","status":"publish","type":"page","link":"https:\/\/www.propiano.org\/romanian\/programare-timisoara-2017\/","title":{"rendered":"Programare Timisoara 2017"},"content":{"rendered":"<h4><strong>PROGRAMUL FESTIVALULUI \u201ePRIETENII MUZICII\u201d <\/strong><\/h4>\n<h4><strong>edi\u0163ia a II-a, 27 &#8211; 29 ianuarie 2017 &#8211; Timi\u015foara<\/strong><\/h4>\n<p><strong>UNIVERSITATEA DE VEST TIMI\u015eOARA<\/strong><\/p>\n<p><strong>Facultatea de Muzic\u0103 \u015fi Teatru, <\/strong><strong>Sala \u201eORPHEUM\u201d<\/strong><\/p>\n<p>&nbsp;<\/p>\n<p>&nbsp;<\/p>\n<h4><strong><u>S\u00c2MB\u0102T\u0102 28 ianuarie 2017<\/u><\/strong><\/h4>\n<p>&nbsp;<\/p>\n<p><strong>Ora 10 \u2013 FESTIVITATEA DE DESCHIDERE<\/strong><\/p>\n<p><strong>Ora 10:10 \u2013 Categoria A3 (2009)<\/strong><\/p>\n<p><strong>Ora 10:30 \u2013 Categoria A4 (2008)<\/strong> <strong>\u00a0\u00a0\u00a0\u00a0\u00a0\u00a0\u00a0\u00a0\u00a0\u00a0\u00a0\u00a0 <\/strong><\/p>\n<p><strong>PAUZ\u0102<\/strong><\/p>\n<p>&nbsp;<\/p>\n<p><strong>Ora 11:15 \u2013 Categoria A5 (2007)<\/strong><\/p>\n<p><strong>Ora 12:20 \u2013 Categoria A6 (2006)<\/strong><\/p>\n<p><strong>Ora 12:45 \u2013 Categoria A10 (2002)<\/strong> <strong>\u00a0<\/strong><\/p>\n<p><strong>PAUZ\u0102<\/strong> <strong>\u00a0<\/strong><\/p>\n<p>&nbsp;<\/p>\n<p><strong>Ora 15:30 \u2013 Categoriile B0 (2012), B2 (2010), B3 (2009), B4(2008),\u00a0B5 (2007)<\/strong><\/p>\n<p><strong>Ora 15:55 \u2013 Categoria B7 (2005),<\/strong> <strong>B8 (2004), B10 (2002)<\/strong><\/p>\n<p><strong>Ora 16:35 \u2013 Categoria B14 (1998)<\/strong><\/p>\n<p><strong>Ora 16:50 \u2013 Categoriile C<\/strong><\/p>\n<p><strong>\u00a0\u00a0\u00a0\u00a0\u00a0\u00a0\u00a0\u00a0\u00a0\u00a0\u00a0\u00a0 <\/strong><strong>PAUZ\u0102<\/strong><\/p>\n<p>&nbsp;<\/p>\n<p><strong>Ora 18:00 \u2013 Categoria A11 (2001) \u015fi A13 (1999)<\/strong><\/p>\n<p><strong>Ora 19:00 \u2013 Categoriile A14 (1998)<\/strong><\/p>\n<p><strong>\u00a0<\/strong><\/p>\n<h4><strong><u>DUMINIC\u0102 29 ianuarie 2017<\/u><\/strong><\/h4>\n<p><strong>\u00a0<\/strong><\/p>\n<p><strong>Ora 10 \u2013 Cereri speciale: A3 (CATINA C\u0103t\u0103lin Andrei \u015fi SZEKELY Albert Vlad),\u00a0<\/strong><strong>A4 (\u015eERBAN Filip),\u00a0<\/strong><strong>A6 (B\u0102LAN Antonia \u015fi SZEKELY Sarah Alexandra),\u00a0<\/strong><strong>3 (CSERGEZAN Karina Theodora)<\/strong><\/p>\n<p><strong>C1 (P\u0102LTINEANU Maia \u2013 PETRE Eva),\u00a0<\/strong><strong>C3 (G\u0102T\u0102IAN\u0162U Cristina \u015fi SARCHIZ Iulia)<\/strong><\/p>\n<p><strong>Ora 10:35 \u2013 Categoria A7 (2005)<\/strong><\/p>\n<p><strong>Ora 11:10 \u2013 Categoria A8 (2004)<\/strong> <strong>\u00a0\u00a0\u00a0\u00a0\u00a0\u00a0\u00a0\u00a0\u00a0\u00a0\u00a0\u00a0 <\/strong><\/p>\n<p><strong>PAUZ\u0102 <\/strong><\/p>\n<p>&nbsp;<\/p>\n<p><strong>Ora 11:50 \u2013 Categoria A9 (2003)\u00a0<\/strong>\u00a0<strong>\u00a0<\/strong>\u00a0<strong>\u00a0\u00a0\u00a0\u00a0\u00a0\u00a0\u00a0\u00a0\u00a0\u00a0\u00a0\u00a0<\/strong><\/p>\n<p>&nbsp;<\/p>\n<h4><strong>Ora 15:30 &#8211; FESTIVITATEA DE PREMIERE<\/strong><\/h4>\n","protected":false},"excerpt":{"rendered":"<p>PROGRAMUL FESTIVALULUI \u201ePRIETENII MUZICII\u201d edi\u0163ia a II-a, 27 &#8211; 29 ianuarie 2017 &#8211; Timi\u015foara UNIVERSITATEA DE VEST TIMI\u015eOARA Facultatea de Muzic\u0103 \u015fi Teatru, Sala \u201eORPHEUM\u201d &nbsp; &nbsp; S\u00c2MB\u0102T\u0102 28 ianuarie 2017 &nbsp; Ora 10 \u2013 FESTIVITATEA DE DESCHIDERE Ora 10:10 \u2013 Categoria A3 (2009) Ora 10:30 \u2013 Categoria A4 (2008) \u00a0\u00a0\u00a0\u00a0\u00a0\u00a0\u00a0\u00a0\u00a0\u00a0\u00a0\u00a0 PAUZ\u0102 &nbsp; Ora 11:15 [&hellip;]<\/p>\n","protected":false},"author":1,"featured_media":0,"parent":0,"menu_order":0,"comment_status":"closed","ping_status":"closed","template":"","meta":{"footnotes":""},"class_list":["post-4174","page","type-page","status-publish","hentry"],"_links":{"self":[{"href":"https:\/\/www.propiano.org\/romanian\/wp-json\/wp\/v2\/pages\/4174","targetHints":{"allow":["GET"]}}],"collection":[{"href":"https:\/\/www.propiano.org\/romanian\/wp-json\/wp\/v2\/pages"}],"about":[{"href":"https:\/\/www.propiano.org\/romanian\/wp-json\/wp\/v2\/types\/page"}],"author":[{"embeddable":true,"href":"https:\/\/www.propiano.org\/romanian\/wp-json\/wp\/v2\/users\/1"}],"replies":[{"embeddable":true,"href":"https:\/\/www.propiano.org\/romanian\/wp-json\/wp\/v2\/comments?post=4174"}],"version-history":[{"count":6,"href":"https:\/\/www.propiano.org\/romanian\/wp-json\/wp\/v2\/pages\/4174\/revisions"}],"predecessor-version":[{"id":4376,"href":"https:\/\/www.propiano.org\/romanian\/wp-json\/wp\/v2\/pages\/4174\/revisions\/4376"}],"wp:attachment":[{"href":"https:\/\/www.propiano.org\/romanian\/wp-json\/wp\/v2\/media?parent=4174"}],"curies":[{"name":"wp","href":"https:\/\/api.w.org\/{rel}","templated":true}]}}