{"id":4168,"date":"2016-11-05T12:12:26","date_gmt":"2016-11-05T12:12:26","guid":{"rendered":"http:\/\/www.propiano.org\/romanian\/?page_id=4168"},"modified":"2017-01-16T17:19:00","modified_gmt":"2017-01-16T17:19:00","slug":"regulament-timisoara-2017","status":"publish","type":"page","link":"https:\/\/www.propiano.org\/romanian\/regulament-timisoara-2017\/","title":{"rendered":"Regulament Timisoara 2017"},"content":{"rendered":"<h4><strong>REGULAMENTUL \u015fi Formularul de \u00eenscriere la<\/strong><\/h4>\n<h4><strong>Festivalul \u201cPrietenii Muzicii \/ PRO PIANO-ROMANIA\u201d- filiala Timi\u015foara,<\/strong><\/h4>\n<h4><strong>Edi\u0163ia a II-a,\u00a027 \u2013 29 ianuarie\u00a02017<\/strong><\/h4>\n<p>&nbsp;<\/p>\n<p><strong>I.<\/strong> Manifestarea este deschis\u0103 copiilor cu v\u00e2rsta cuprins\u0103 \u00eentre 5 \u015fi 19 ani, fiind divizat\u0103 \u00een <strong>3 sec\u0163iuni<\/strong>: <strong>A<\/strong>, <strong>B<\/strong>, <strong>C<\/strong>.<\/p>\n<p><strong>Sec\u0163iunea\u00a0A<\/strong>\u00a0\u2013 tineri care studiaz\u0103 pianul ca instrument principal, \u00een \u015ecoli \u015fi Licee de muzic\u0103<\/p>\n<p><strong>Sec\u0163iunea\u00a0B<\/strong>\u00a0\u2013 tineri care studiaz\u0103 pianul ca instrument op\u0163ional (\u00een \u015ecoli,\u00a0Licee de muzic\u0103, Cluburi, Palate ale copiilor) sau \u00een sistem particular.<\/p>\n<p><strong>Sec\u0163iunea\u00a0C<\/strong>\u00a0\u2013 ansamblu la\u00a0<strong>4 m\u00e2ini<\/strong> (pe un pian)<\/p>\n<p>&nbsp;<\/p>\n<p><strong>II.<\/strong> Pentru o mai bun\u0103 evaluare, fiecare din <strong>Sec\u0163iunile A<\/strong> \u015fi <strong>B<\/strong> este divizat\u0103 \u00een <strong>15\u00a0categorii<\/strong>, \u00een func\u0163ie de anul na\u015fterii participan\u0163ilor:<\/p>\n<p>categoria 0 \u2013 <strong>2012<\/strong>\u00a0\u00a0\u00a0\u00a0\u00a0\u00a0\u00a0\u00a0\u00a0\u00a0\u00a0\u00a0\u00a0\u00a0\u00a0\u00a0\u00a0\u00a0\u00a0\u00a0\u00a0\u00a0\u00a0\u00a0\u00a0\u00a0cat. a 5-a \u2013 <strong>2007\u00a0<\/strong>\u00a0\u00a0\u00a0\u00a0\u00a0\u00a0\u00a0\u00a0\u00a0\u00a0\u00a0\u00a0\u00a0\u00a0\u00a0\u00a0\u00a0\u00a0\u00a0\u00a0\u00a0\u00a0\u00a0\u00a0\u00a0\u00a0\u00a0\u00a0\u00a0\u00a0cat. a 10-a \u2013 <strong>2002<\/strong><\/p>\n<p>cat. \u00a0\u00a0\u00a01-a\u00a0\u2013 <strong>2011\u00a0<\/strong>\u00a0\u00a0\u00a0\u00a0\u00a0\u00a0\u00a0\u00a0\u00a0\u00a0\u00a0\u00a0\u00a0\u00a0\u00a0\u00a0\u00a0\u00a0\u00a0\u00a0\u00a0\u00a0\u00a0\u00a0\u00a0\u00a0\u00a0\u00a0\u00a0\u00a0cat. a 6-a \u2013 <strong>2006\u00a0<\/strong>\u00a0\u00a0\u00a0\u00a0\u00a0\u00a0\u00a0\u00a0\u00a0\u00a0\u00a0\u00a0\u00a0\u00a0\u00a0\u00a0\u00a0\u00a0\u00a0\u00a0\u00a0\u00a0\u00a0\u00a0\u00a0\u00a0\u00a0\u00a0\u00a0cat. a 11-a \u2013 <strong>2001<\/strong><\/p>\n<p>cat. a 2-a \u2013 <strong>2010\u00a0<\/strong>\u00a0\u00a0\u00a0\u00a0\u00a0\u00a0\u00a0\u00a0\u00a0\u00a0\u00a0\u00a0\u00a0\u00a0\u00a0\u00a0\u00a0\u00a0\u00a0\u00a0\u00a0\u00a0\u00a0\u00a0\u00a0\u00a0\u00a0\u00a0cat. a 7-a \u2013 <strong>2005<\/strong>\u00a0\u00a0\u00a0\u00a0\u00a0\u00a0\u00a0\u00a0\u00a0\u00a0\u00a0\u00a0\u00a0\u00a0\u00a0\u00a0\u00a0\u00a0\u00a0\u00a0\u00a0\u00a0\u00a0\u00a0\u00a0\u00a0\u00a0\u00a0\u00a0\u00a0\u00a0cat. a 12-a \u2013 <strong>2000<\/strong><\/p>\n<p>cat. a 3-a \u2013 <strong>2009<\/strong>\u00a0\u00a0\u00a0\u00a0\u00a0\u00a0\u00a0\u00a0\u00a0\u00a0\u00a0\u00a0\u00a0\u00a0\u00a0\u00a0\u00a0\u00a0\u00a0\u00a0\u00a0\u00a0\u00a0\u00a0\u00a0\u00a0\u00a0\u00a0cat. a 8-a \u2013 <strong>2004<\/strong>\u00a0\u00a0\u00a0\u00a0\u00a0\u00a0\u00a0\u00a0\u00a0\u00a0\u00a0\u00a0\u00a0\u00a0\u00a0\u00a0\u00a0\u00a0\u00a0\u00a0\u00a0\u00a0\u00a0\u00a0\u00a0\u00a0\u00a0\u00a0\u00a0\u00a0\u00a0cat. a 13-a \u2013 <strong>1999<\/strong><\/p>\n<p>cat. a 4-a \u2013 <strong>2008\u00a0<\/strong>\u00a0\u00a0\u00a0\u00a0\u00a0\u00a0\u00a0\u00a0\u00a0\u00a0\u00a0\u00a0\u00a0\u00a0\u00a0\u00a0\u00a0\u00a0\u00a0\u00a0\u00a0\u00a0\u00a0\u00a0\u00a0\u00a0\u00a0cat. a 9-a \u2013 <strong>2003<\/strong>\u00a0\u00a0\u00a0\u00a0\u00a0\u00a0\u00a0\u00a0\u00a0\u00a0\u00a0\u00a0\u00a0\u00a0\u00a0\u00a0\u00a0\u00a0\u00a0\u00a0\u00a0\u00a0\u00a0\u00a0\u00a0\u00a0\u00a0\u00a0\u00a0\u00a0\u00a0cat. a 14-a \u2013 <strong>1998<\/strong><\/p>\n<p><strong>Sec\u0163iunea\u00a0C<\/strong> este divizat\u0103, conform categoriilor aferente, \u00een 3 subsec\u0163iuni: <strong>C1<\/strong> (cat. 0-4), <strong>C2 <\/strong>(cat. 5-9), <strong>C3<\/strong> (cat. 10-14), \u0163in\u00e2ndu-se cont de v\u00e2rsta celor 2 membrii (nu e obligatorie apartenen\u0163a la aceea\u015fi categorie).<\/p>\n<p>&nbsp;<\/p>\n<p><strong>III.<\/strong>\u00a0<strong><span style=\"color: #1c1c1c;\">Repertoriul\u00a0<\/span><\/strong>\u00a0va cuprinde <strong><span style=\"color: #1c1c1c;\">una sau<\/span><\/strong> <strong><span style=\"color: #1c1c1c;\">2 piese<\/span><\/strong> la alegerea participantului. Piesele se vor interpreta\u00a0f\u0103r\u0103 repeti\u021bii(excep\u021bie pt Scarlatti)\u00a0\u0219i f\u0103r\u0103 partitur\u0103(\u00een afara sec\u021biunii C- 4 m\u00e2ini, unde este acceptat\u0103 partitura).<\/p>\n<p>Prin \u201cpies\u0103\u201d se \u00een\u0163elege numai o singur\u0103 parte dintr-o lucrare. Dac\u0103 piesa este o lucrare cu mai multe p\u0103r\u021bi(tip\u00a0sonatin\u0103, sonat\u0103), \u00a0se vor c\u00e2nta <strong><span style=\"color: #1c1c1c;\">sau<\/span><\/strong> numai 2 p\u0103r\u021bi din sonatin\u0103( f\u0103r\u0103 alt\u0103 pies\u0103),<strong><span style=\"color: #1c1c1c;\"> sau<\/span><\/strong> o singur\u0103 parte de sonatin\u0103 + o alt\u0103 pies\u0103(dac\u0103 \u00eempreun\u0103 nu\u00a0dep\u0103\u0219esc durata maxim\u0103 admis\u0103 \u00een regulament).<\/p>\n<p>Duratele maxime sunt\u00a0cuprinse \u00eentre 3 \u0219i 20 minute, \u00een func\u021bie de sec\u021biune sau categorie, dup\u0103 cum urmeaz\u0103:<\/p>\n<p>&nbsp;<\/p>\n<p><strong>Sec\u0163iunea A<\/strong> \u00a0\u00a0\u00a0\u00a0\u00a0\u00a0\u00a0\u00a0\u00a0\u00a0\u00a0\u00a0\u00a0\u00a0\u00a0\u00a0\u00a0\u00a0\u00a0\u00a0\u00a0\u00a0\u00a0\u00a0\u00a0\u00a0\u00a0\u00a0\u00a0\u00a0\u00a0\u00a0\u00a0\u00a0\u00a0\u00a0\u00a0\u00a0<strong>Sec\u0163iunea B<\/strong><\/p>\n<p>cat. 1 \u2013 4 = <strong>5\u2019 <\/strong>\u00a0\u00a0\u00a0\u00a0\u00a0\u00a0\u00a0\u00a0\u00a0\u00a0\u00a0\u00a0\u00a0\u00a0\u00a0\u00a0\u00a0\u00a0\u00a0\u00a0\u00a0\u00a0\u00a0\u00a0\u00a0\u00a0\u00a0\u00a0\u00a0\u00a0\u00a0\u00a0\u00a0 cat. 1 \u2013 4 = <strong>3\u2019 <\/strong><\/p>\n<p>cat. 5 \u2013 8 = <strong>7\u2019<\/strong> \u00a0\u00a0\u00a0\u00a0\u00a0\u00a0\u00a0\u00a0\u00a0\u00a0\u00a0\u00a0\u00a0\u00a0\u00a0\u00a0\u00a0\u00a0\u00a0\u00a0\u00a0\u00a0\u00a0\u00a0\u00a0\u00a0\u00a0\u00a0\u00a0\u00a0\u00a0\u00a0\u00a0\u00a0cat. 5 \u2013 8 = <strong>5\u2019<\/strong><\/p>\n<p>cat. 9 \u2013 10 = <strong>10\u2019\u00a0<\/strong>\u00a0\u00a0\u00a0\u00a0\u00a0\u00a0\u00a0\u00a0\u00a0\u00a0\u00a0\u00a0\u00a0\u00a0\u00a0\u00a0\u00a0\u00a0\u00a0\u00a0\u00a0\u00a0\u00a0\u00a0\u00a0\u00a0\u00a0\u00a0\u00a0cat. 9 \u2013 10 = <strong>7\u2019<\/strong><\/p>\n<p>cat. 11 \u2013 12 = <strong>15\u2019\u00a0<\/strong>\u00a0\u00a0\u00a0\u00a0\u00a0\u00a0\u00a0\u00a0\u00a0\u00a0\u00a0\u00a0\u00a0\u00a0\u00a0\u00a0\u00a0\u00a0\u00a0\u00a0\u00a0\u00a0\u00a0\u00a0\u00a0\u00a0\u00a0\u00a0cat. 11 \u2013 12 = <strong>10\u2019<\/strong><\/p>\n<p>cat. 13 \u2013 14 = <strong>20\u2019\u00a0<\/strong>\u00a0\u00a0\u00a0\u00a0\u00a0\u00a0\u00a0\u00a0\u00a0\u00a0\u00a0\u00a0\u00a0\u00a0\u00a0\u00a0\u00a0\u00a0\u00a0\u00a0\u00a0\u00a0\u00a0\u00a0\u00a0\u00a0cat. 13 \u2013 14 = <strong>15\u2019<\/strong><\/p>\n<p>Programul men\u0163ionat \u00een fi\u015fa de \u00eenscriere nu poate fi modificat ulterior. Ordinea interpret\u0103rii pieselor se stabile\u015fte la libera alegere a participan\u0163ilor.<\/p>\n<p>&nbsp;<\/p>\n<p><strong>IV.<\/strong> Ordinea prezent\u0103rii \u00een Festival este cea alfabetic\u0103, \u00een cadrul fiec\u0103rei categorii. \u00cen m\u0103sura posibilit\u0103\u0163ilor, organizatorii vor \u0163ine seama de <strong>cerin\u0163ele motivate ale participan\u0163ilor <\/strong>de a se prezenta \u00een anumite zile. Acestea se vor men\u021biona <strong>de la \u00eenceput<\/strong>, <strong>pe formularele de \u00eenscriere<\/strong>. Dup\u0103 planificarea ordinii de intrare, nu se accept\u0103 schimb\u0103ri.\u00a0\u00a0Programarea categoriilor pe zile si ore va fi afi\u0219at\u0103 online, in timp util.<\/p>\n<p><strong>\u00a0<\/strong><\/p>\n<p><strong>V.<\/strong> \u00censcrierile se fac p\u00e2n\u0103 la data de\u00a0<strong>22 ianuarie 2017<\/strong><\/p>\n<p><strong>Acte necesare \u00eenscrierii:<\/strong><\/p>\n<ul>\n<li>FORMULARUL de \u00eenscriere ONLINE de pe Site-ul Funda\u0163iei Culturale \u201dPRO PIANO-ROM\u00c2NIA\u201d,\u00a0 direct pe urm\u0103torul link:<\/li>\n<li><a href=\"http:\/\/www.propiano.org\/romanian\/prietenii-muzicii-timisoara-2017\/\">http:\/\/www.propiano.org\/romanian\/prietenii-muzicii-timisoara-2017\/<\/a><\/li>\n<li>\u00cen cazul \u00een care nu se poate completa formularul online, \u00eenscrierea se poate face \u0219i la Funda\u0163ia Cultural\u0103 \u201dPRO PIANO-ROM\u00c2NIA\u201d, numai prin E-mail, la adresa: propiano@gmail.com<\/li>\n<li>\u00een Timi\u015foara, la d-na prof. dr. Diana TITE, numai prin E-mail, la adresa: Diana.Tite@Outlook.com<\/li>\n<\/ul>\n<p>&nbsp;<\/p>\n<p><strong>Pentru \u00eenscriere sunt necesare urm\u0103toarele:<\/strong><\/p>\n<p><strong>1. Formularul de \u00eenscriere<\/strong> este DE PREFERAT varianta ONLINE, prin accesarea acestuia de pe Site-ul Funda\u0163iei Culturale \u201dPRO PIANO-ROM\u00c2NIA\u201d pe urm\u0103torul link: <a href=\"http:\/\/www.propiano.org\/romanian\/prietenii-muzicii-timisoara-2017\/\">http:\/\/www.propiano.org\/romanian\/prietenii-muzicii-timisoara-2017\/<\/a><\/p>\n<p>Pentru ace\u015ftia, nu mai este necesar\u0103 trimiterea separat\u0103 a certificatului de na\u015ftere (datele fiind incluse \u00een formular), iar chitan\u0163a de achitare a dona\u0163ie va fi \u015fi ea inclus\u0103 pe acela\u015fi formular.<\/p>\n<p>\u00cen cazuri excep\u0163ionale (inexisten\u0163a accesului la un computer), se va completa formularul prezentat mai jos. Pentru ace\u015ftia, este necesar \u015fi trimiterea certificatului de na\u015ftere, \u00eempreun\u0103 cu chitan\u0163a de achitare a dona\u0163ie de participare (toate cele 3 documente vor fi scanate).<\/p>\n<p>\u00cen cazul ansamblurilor la 4 m\u00e2ini, datele celor doi participan\u0163i vor fi men\u0163ionate pe acela\u015fi formular.<\/p>\n<p><strong>2. Dona\u0163ia<\/strong> de participare\u00a0este de\u00a0<strong>70\u00a0lei<\/strong>\/pentru solist\u00a0\u015fi <strong>80 de lei<\/strong>\/ansamblu la 4 m\u00e2ini (un elev participant \u00een mai multe forma\u0163ii la 4 m\u00e2ini, achit\u0103 o singur\u0103 dat\u0103 jum\u0103tatea sa de dona\u0163ie &#8211; <strong>40 lei<\/strong>). <strong>Nu se admit mandate po\u015ftale<\/strong>.<\/p>\n<p>Dona\u0163ia de participare se va depune: <strong>\u00een contul Funda\u0163iei Pro Piano, deschis la BCR sector 3 Bucuresti, Cod IBAN: RO85RNCB0074029228740001\/C.U.I. 9099960<\/strong>, cu specificarea obligatorie pe ordinul de plat\u0103 a 2 semne de identificare:<\/p>\n<ol>\n<li><strong>a)<\/strong> <strong>Dona\u0163ie Timi\u015foara<\/strong><\/li>\n<li><strong>b)<\/strong> <strong>Numele participantului<\/strong> pentru care se face plata.<\/li>\n<\/ol>\n<p>\u00cen caz de neprezentare, dona\u0163ia nu se returneaz\u0103.<\/p>\n<p>&nbsp;<\/p>\n<p><strong>Confirmarea \u00eenscrierii<\/strong>:<\/p>\n<ol>\n<li>\u00cen cazul \u00eenscrierii pe baza <em>Formularului online<\/em>, confirmarea se face automat, imediat dup\u0103 trimiterea acestuia, prin primirea mesajului de confirmare (conform aten\u0163ion\u0103rii de la sf\u00e2r\u015fitul formularului).<\/li>\n<li>\u00cen cazul \u00eenscrierii pe baza <em>Formularului clasic<\/em>, confirmarea se va face numai dup\u0103 intrarea dona\u0163iei \u00een contul Funda\u0163iei (dup\u0103 apari\u0163ia numelui candidatului \u00een extrasul de cont).<\/li>\n<\/ol>\n<p>Participan\u0163ii sunt ruga\u0163i s\u0103 verifice \u00een final programarea lor, pe Site-ul Funda\u0163iei Culturale \u201dPRO PIANO-ROM\u00c2NIA\u201d la adresa http:\/\/<strong>www.propiano.org\/romanian\/prietenii-muzicii-timisoara-2017\/programare<\/strong>, dup\u0103 data de <strong>24 ianuarie 2017<\/strong>.<\/p>\n<p>&nbsp;<\/p>\n<p><strong>VI.<\/strong> Cheltuielile de transport, cazare, mas\u0103, vor fi suportate de c\u0103tre participan\u0163i.<\/p>\n<p>&nbsp;<\/p>\n<p><strong>VII.<\/strong>\u00a0Se vor acorda urm\u0103toarele distinc\u0163ii, pentru fiecare categorie \u00een parte: Diplome de Excelen\u0163\u0103, de Merit, de Participare, Premii Speciale ( pentru cea mai bun\u0103 interpretare a unei piese rom\u00e2ne\u015fti, Premiul J. S. Bach, Premiul Fr. Liszt, Premiul Funda\u0163iei \u201cPRO PIANO-ROM\u00c2NIA\u201d, Premiul pentru prezen\u0163\u0103 artistic\u0103 deosebit\u0103, etc). Diplomele \u015fi Premiile vor fi \u00eenm\u00e2nate participan\u0163ilor \u00een Festivitatea de premiere &#8211; Gala laurea\u021bilor de la sf\u00e2r\u0219itul Festivalului.<\/p>\n<p>&nbsp;<\/p>\n<p><strong>VIII.<\/strong> Juriul Festivalului va fi format din personalit\u0103\u0163i ale pedagogiei \u015fi muzicii rom\u00e2ne\u015fti. Toate materialele audio-video sau de alt\u0103 natur\u0103 realizate pe parcursul Festivalului de c\u0103tre organizatori, apar\u0163in de drept acestora.<\/p>\n<p>\u00cen momentul \u00eenscrierii \u00een Festival, candida\u0163ii accept\u0103 prezentele condi\u0163ii \u015fi autoritatea juriului.<\/p>\n<p><strong>Informa\u0163ii suplimentare<\/strong>:<\/p>\n<ul>\n<li>la\u00a0d-na\u00a0prof. dr. Diana TITE: Tel. 0745 319 606 sau E-mail \u2013 Diana.Tite@Outlook.com<\/li>\n<li>la Funda\u0163ia \u201ePro Piano\u2013Rom\u00e2nia\u201d \u2013 d-na prof. Stela AVESALON: Tel. 0722 382 626 (\u00een afara orelor 14-17), E-mail:\u00a0propiano@gmail.com, Web page:\u00a0www.propiano.org<\/li>\n<\/ul>\n<p>&nbsp;<\/p>\n<p><strong><em>Formularul de mai jos este o alternativ\u0103 mai pu\u0163in agreat\u0103 de organizatori<\/em><\/strong><strong> \u015fi se adreseaz\u0103 celor care <em>NU<\/em> au posibilitatea complet\u0103rii formularului electronic(\u00a0<\/strong> pus \u00een\u00a0link-ul: <a href=\"http:\/\/www.propiano.org\/romanian\/prietenii-muzicii-timisoara-2017\/\">http:\/\/www.propiano.org\/romanian\/prietenii-muzicii-timisoara-2017\/<\/a>)<\/p>\n<p><strong>\u00a0<\/strong><\/p>\n<p><strong>FORMULAR DE \u00ceNSCRIERE<\/strong><\/p>\n<p><strong>Festivalul \u201cPRIETENII MUZICII\/PRO PIANO-ROM\u00c2NIA\u201d, filiala\u00a0Timi\u015foara<\/strong><\/p>\n<p><strong>Edi\u021bia a II-a, 27 &#8211; 29 ianuarie 2017<\/strong><\/p>\n<p><strong>Elev:<\/strong><\/p>\n<ol>\n<li>Numele: _______________________________________<\/li>\n<li>Prenumele: _____________________________________<\/li>\n<li>Tara \/na\u021bionalitatea:_____________________________<\/li>\n<li>Data na\u0219terii:___________________________________<\/li>\n<\/ol>\n<p>Cod numeric personal________________________<\/p>\n<p>5. Adresa permanent\u0103:_____________________________<\/p>\n<p>6. Telefon\/fax: ____________________________________<\/p>\n<p>7. Gr\u0103dini\u021ba\/\u015fcoala\/liceul: ___________________________<\/p>\n<p>&nbsp;<\/p>\n<p><strong>Profesor \u00eendrum\u0103tor:<\/strong><\/p>\n<ol start=\"8\">\n<li>Numele \u015fi prenumele: ____________________________<\/li>\n<\/ol>\n<p>Telefon\/fax: _____________________________________<\/p>\n<p>9. \u00cencadrat la\u00a0Sec\u021biunea:_________<\/p>\n<p>Categoria: _________<\/p>\n<p>&nbsp;<\/p>\n<p><strong>Programul <\/strong>ales (una sau 2 piese):<\/p>\n<p>Numele compozitorului: ________________________<\/p>\n<p>Titlul lucr\u0103rii: ___________________________________<\/p>\n<p>&nbsp;<\/p>\n<p>Numele compozitorului:________________________<\/p>\n<p>Titlul lucr\u0103rii: __________________________________<\/p>\n<p>&nbsp;<\/p>\n<p>Durata total\u0103: .\u2026\u2026\u2026.. minute<\/p>\n<p>Data: \u00a0\u00a0\u00a0\u00a0\u00a0\u00a0\u00a0\u00a0\u00a0\u00a0\u00a0\u00a0\u00a0\u00a0\u00a0\u00a0\u00a0\u00a0\u00a0\u00a0\u00a0\u00a0\u00a0\u00a0\u00a0\u00a0\u00a0\u00a0\u00a0\u00a0\u00a0\u00a0\u00a0\u00a0\u00a0\u00a0\u00a0\u00a0\u00a0\u00a0\u00a0\u00a0\u00a0\u00a0\u00a0\u00a0\u00a0\u00a0\u00a0 \u00a0\u00a0\u00a0\u00a0\u00a0\u00a0\u00a0\u00a0\u00a0\u00a0 Semn\u0103tura:<\/p>\n","protected":false},"excerpt":{"rendered":"<p>REGULAMENTUL \u015fi Formularul de \u00eenscriere la Festivalul \u201cPrietenii Muzicii \/ PRO PIANO-ROMANIA\u201d- filiala Timi\u015foara, Edi\u0163ia a II-a,\u00a027 \u2013 29 ianuarie\u00a02017 &nbsp; I. Manifestarea este deschis\u0103 copiilor cu v\u00e2rsta cuprins\u0103 \u00eentre 5 \u015fi 19 ani, fiind divizat\u0103 \u00een 3 sec\u0163iuni: A, B, C. Sec\u0163iunea\u00a0A\u00a0\u2013 tineri care studiaz\u0103 pianul ca instrument principal, \u00een \u015ecoli \u015fi Licee de [&hellip;]<\/p>\n","protected":false},"author":1,"featured_media":0,"parent":0,"menu_order":0,"comment_status":"closed","ping_status":"closed","template":"","meta":{"footnotes":""},"class_list":["post-4168","page","type-page","status-publish","hentry"],"_links":{"self":[{"href":"https:\/\/www.propiano.org\/romanian\/wp-json\/wp\/v2\/pages\/4168","targetHints":{"allow":["GET"]}}],"collection":[{"href":"https:\/\/www.propiano.org\/romanian\/wp-json\/wp\/v2\/pages"}],"about":[{"href":"https:\/\/www.propiano.org\/romanian\/wp-json\/wp\/v2\/types\/page"}],"author":[{"embeddable":true,"href":"https:\/\/www.propiano.org\/romanian\/wp-json\/wp\/v2\/users\/1"}],"replies":[{"embeddable":true,"href":"https:\/\/www.propiano.org\/romanian\/wp-json\/wp\/v2\/comments?post=4168"}],"version-history":[{"count":13,"href":"https:\/\/www.propiano.org\/romanian\/wp-json\/wp\/v2\/pages\/4168\/revisions"}],"predecessor-version":[{"id":4368,"href":"https:\/\/www.propiano.org\/romanian\/wp-json\/wp\/v2\/pages\/4168\/revisions\/4368"}],"wp:attachment":[{"href":"https:\/\/www.propiano.org\/romanian\/wp-json\/wp\/v2\/media?parent=4168"}],"curies":[{"name":"wp","href":"https:\/\/api.w.org\/{rel}","templated":true}]}}