{"id":4146,"date":"2016-11-05T11:43:54","date_gmt":"2016-11-05T11:43:54","guid":{"rendered":"http:\/\/www.propiano.org\/romanian\/?page_id=4146"},"modified":"2017-05-21T08:29:51","modified_gmt":"2017-05-21T08:29:51","slug":"regulament-bucuresti-2017","status":"publish","type":"page","link":"https:\/\/www.propiano.org\/romanian\/regulament-bucuresti-2017\/","title":{"rendered":"Regulament Bucuresti 2017"},"content":{"rendered":"<h4 style=\"text-align: center;\"><strong>Regulamentul Festivalului\u00a0\u201cPrietenii Muzicii\/Pro Piano-Rom\u00e2nia\u201d &#8211; <\/strong><strong>Bucure\u0219ti<\/strong><\/h4>\n<h4 style=\"text-align: center;\"><strong> Edi\u021bia a XV-a, 02 \u2013 04 iunie 2017<\/strong><\/h4>\n<p>&nbsp;<\/p>\n<p>&nbsp;<\/p>\n<p><strong>I. Manifestarea este deschis\u0103 copiilor cu v\u00e2rsta cuprins\u0103 \u00eentre 5 \u0219i 18 ani, fiind divizat\u0103 \u00een trei sec\u021biuni: A, B, C.<\/strong><\/p>\n<p>Sec\u021biunea <strong>A<\/strong>\u2013tineri care studiaz\u0103 pianul ca instrument principal, \u00een \u0219coli \u0219i licee de muzic\u0103<\/p>\n<p>Sec\u021biunea <strong>B <\/strong>\u2013 tineri care studiaz\u0103 pianul in Cluburi ale copiilor, la Palatul Copiilor, ca instrument op\u021bional ( \u00een \u0219coli \u0219i licee de muzic\u0103) sau \u00een sistem particular.<\/p>\n<p>Sec\u021biunea<strong> C <\/strong>\u2013 ansamblu la <strong>4 m\u00e2ini<\/strong>(pe un pian)<\/p>\n<p><strong>\u00a0<\/strong><\/p>\n<p><strong>II.<\/strong> Pentru o mai bun\u0103 evaluare, fiecare din primele dou\u0103 sec\u021biunile A este divizat\u0103 \u00een mai multe <strong>categorii,<\/strong> \u00een func\u021bie de anul na\u0219terii participan\u021bilor:<\/p>\n<table width=\"539\">\n<tbody>\n<tr>\n<td width=\"182\"><strong>categoria 0\u20132012<\/strong><\/p>\n<p><strong>cat. \u00a01-a\u00a0 \u2013 \u00a02011<\/strong><\/p>\n<p><strong>cat. a 2-a \u2013 2010<\/strong><\/p>\n<p><strong>cat. a 3-a \u2013 2009<\/strong><\/p>\n<p><strong>cat. a 4-a \u2013 2008<\/strong><\/td>\n<td width=\"178\"><strong>cat. a 5-a \u2013 2007<\/strong><\/p>\n<p><strong>cat. a 6-a \u2013 2006<\/strong><\/p>\n<p><strong>cat. a 7-a \u2013 2005<\/strong><\/p>\n<p><strong>cat. a 8-a \u2013 2004<\/strong><\/p>\n<p><strong>cat. a 9-a \u2013 2003<\/strong><\/td>\n<td width=\"171\"><strong>cat. a 10-a \u2013 2002<\/strong><\/p>\n<p><strong>cat. a 11-a \u2013 2001<\/strong><\/p>\n<p><strong>cat. a 12-a \u2013 2000<\/strong><\/p>\n<p><strong>cat. a 13-a \u2013 1999<\/strong><\/p>\n<p><strong>cat. a 14-a \u2013 1998<\/strong><\/td>\n<\/tr>\n<\/tbody>\n<\/table>\n<p>Pentru sec\u021biunea <strong>C <\/strong>se va tine cont de v\u00e2rsta celor 2 membrii(nu este obligatorie apartenen\u021ba la aceea\u0219i categorie). <strong>\u00a0<\/strong><\/p>\n<p><strong>\u00a0<\/strong><\/p>\n<p><strong>III<\/strong>. <strong><span style=\"color: #1c1c1c;\">Repertoriul\u00a0<\/span><\/strong>\u00a0va cuprinde <strong><span style=\"color: #1c1c1c;\">una sau<\/span><\/strong> <strong><span style=\"color: #1c1c1c;\">2 piese<\/span><\/strong> la alegerea participantului. Piesele se vor interpreta\u00a0f\u0103r\u0103 repeti\u021bii(excep\u021bie pt Scarlatti)\u00a0\u0219i f\u0103r\u0103 partitur\u0103(\u00een afara sec\u021biunii C- 4 m\u00e2ini, unde este acceptat\u0103 partitura).<\/p>\n<p>Prin \u201cpies\u0103\u201d se \u00een\u0163elege numai o singur\u0103 parte dintr-o lucrare. Dac\u0103 piesa este o lucrare cu mai multe p\u0103r\u021bi(tip\u00a0sonatin\u0103, sonat\u0103), \u00a0se va c\u00e2nta\u00a0<span style=\"color: #1c1c1c;\"><span style=\"color: #333333;\">o singur\u0103 parte de sonatin\u0103 + o alt\u0103 pies\u0103(dac\u0103 \u00eempreun\u0103 nu\u00a0dep\u0103\u0219esc durata maxim\u0103 admis\u0103 \u00een regulament) <\/span><strong>sau<\/strong><\/span> numai 2 p\u0103r\u021bi din sonatin\u0103( f\u0103r\u0103 alt\u0103 pies\u0103).<\/p>\n<p>Duratele maxime sunt\u00a0cuprinse \u00eentre 3 \u0219i 20 minute, \u00een func\u021bie de sec\u021biune sau categorie, dup\u0103 cum urmeaz\u0103:<\/p>\n<p>Sec\u021biunea <strong>A<\/strong>: cat. 1 \u2013 4 = \u00a05\u2032 \/ \u00a0cat. 5 \u2013 8 = \u00a07\u2032 \/ \u00a0cat. 9\u201310 = 10\u2032 \/ \u00a0cat. 11-12 =15\u2032 \/ cat. 13-14=20\u2032<\/p>\n<p>Sec\u021biunea <strong>B<\/strong>: cat. 1 \u2013 4 = 3\u2032 \/\u00a0 cat. 5 \u2013 8 = 5\u2032 \/ \u00a0 cat. 9\u201310 = 7\u2032 \/\u00a0\u00a0 \u00a0cat. 11- 12 =10\u2032 \/ cat. 13-14=15\u2032<strong>\u00a0<\/strong><\/p>\n<p>Programul men\u021bionat \u00een fi\u0219a de \u00eenscriere nu poate fi modificat ulterior. Ordinea interpret\u0103rii pieselor din repertoriu este la libera alegere a participan\u021bilor. <strong>\u00a0<\/strong><\/p>\n<p><strong>\u00a0<\/strong><\/p>\n<p><strong>IV.<\/strong> Ordinea prezent\u0103rii \u00een Festival este cea alfabetic\u0103, in cadrul fiec\u0103rei categorii. \u00cen m\u0103sura posibilit\u0103\u021bilor, organizatorii vor \u021bine seam\u0103<strong> de cerin\u021bele motivate ale participan\u021bilor <\/strong>de a concura \u00een anumite zile. Acestea se vor men\u021biona <strong>de la \u00eenceput<\/strong>, <strong>pe formularele de \u00eenscriere<\/strong>. Dup\u0103 planificarea ordinii de intrare, nu se accept\u0103 schimb\u0103ri. Programarea categoriilor pe zile \u0219i ore va fi afi\u0219at\u0103 online, dup\u0103 data de 28 mai 2017\u00a0.<\/p>\n<p><strong>\u00a0<\/strong><\/p>\n<p><strong>V<\/strong><em>.<\/em> <strong>\u00censcrierea:<\/strong><\/p>\n<ul>\n<li><strong>Modalit\u0103\u021bi de \u00eenscriere<\/strong>(p\u00e2n\u0103 la 23 mai 2017):\u00a0<strong>\u00a0\u00a0\u00a0\u00a0\u00a0\u00a0\u00a0\u00a0\u00a0\u00a0\u00a0\u00a0\u00a0\u00a0\u00a0\u00a0\u00a0\u00a0\u00a0\u00a0\u00a0\u00a0\u00a0\u00a0\u00a0\u00a0\u00a0\u00a0\u00a0\u00a0\u00a0\u00a0\u00a0\u00a0\u00a0\u00a0\u00a0\u00a0\u00a0\u00a0\u00a0\u00a0\u00a0\u00a0\u00a0\u00a0\u00a0\u00a0\u00a0\u00a0\u00a0\u00a0\u00a0\u00a0\u00a0\u00a0\u00a0\u00a0\u00a0\u00a0 <\/strong><\/li>\n<\/ul>\n<ol>\n<li>numai prin completarea Formularului de inscriere <strong>online<\/strong>(care contine toate datele necesare \u00eenscrierii) de la adresa: <a href=\"http:\/\/www.propiano.org\/romanian\/prietenii-muzicii-bucuresti%202017\">http:\/\/www.propiano.org\/romanian\/prietenii-muzicii-bucuresti 2017<\/a>\/Formular Bucuresti 2017<\/li>\n<li>prin<strong> e-mail<\/strong> la adresa : propiano@gmail.com. \u00a0\u00cen acest caz, actele(de la capitolul urmator <u>Acte necesare \u00eenscrierii)<\/u> vor fi scanate \u00een prealabil.<\/li>\n<li>prin <strong>po\u0219t\u0103 &#8211; <\/strong>plic simplu sau po\u0219ta rapida(nu recomandat) pe\u00a0adresa secretariatului Funda\u021biei Culturale \u201cPRO PIANO -ROM\u00c2NIA\u201d, pentru d-na prof. Stela Avesalon (Aleea P\u0103durea Craiului nr.1, Bloc H3, Scara 1, Ap. 11, sector 3, Cod 032719, Of. Post 57, Bucure\u0219ti).<\/li>\n<li><strong>direct la organizator(<\/strong>unde se poate pl\u0103ti \u0219i dona\u021bia), numai \u00een urm\u0103toarele zile: mar\u021bi 16 mai, miercuri 17 \u0219i\u00a0joi 18 mai,\u00eentre orele 8 &#8211; 15,\u00a0la Colegiul Na\u021bional de Muzic\u0103 \u201eGeorge Enescu\u201d, str. Gh. Manu nr. 30(etaj I \u2013 cancelaria \u0219colii).<\/li>\n<li>Program\u0103rile intr\u0103rii \u00een Festival \u2013\u00a0dup\u0103 data de 28 mai 2017<\/li>\n<\/ol>\n<p>&nbsp;<\/p>\n<ul>\n<li><b><strong>Acte necesare \u00eenscrierii<\/strong>(termenul limit\u0103 pentru \u00eenscrierea la Festival este data de <strong>23 mai 2017):<\/strong><\/b><\/li>\n<\/ul>\n<ol>\n<li><strong>Formularul de \u00eenscriere(<\/strong> este preferat\u0103 varianta ONLINE), care se poate accesa de pe Site-ul Funda\u0163iei Culturale \u201dPRO PIANO-ROM\u00c2NIA\u201d:\u00a0 <strong>Formular Bucure\u0219ti 2017.<\/strong> \u00a0\u00a0\u00a0Pentru ace\u0219tia, nu mai este necesar\u0103 trimiterea separat\u0103 a certificatului de na\u015ftere \u0219i a chitan\u021bei de achitare a dona\u021biei, deoarece ele sunt incluse \u00een formular.<\/li>\n<li>\u00cen cazul inexisten\u021bei accesului la un computer, se va completa <strong>formularul<\/strong> prezentat mai jos, dar \u00een acest caz, pe l\u00e2ng\u0103 formular se va trimite \u0219i copia <strong>certificatului de na\u0219tere<\/strong> \u0219i a <strong>chitan\u021bei<\/strong> de achitare a dona\u021bie de participare (toate cele 3 documente vor fi \u00eent\u00e2i scanate).<\/li>\n<\/ol>\n<p>\u00cen cazul ansamblurilor la 4 m\u00e2ini, datele celor doi participan\u0163i vor fi men\u0163ionate pe acela\u015fi formular.<\/p>\n<ol start=\"3\">\n<li><strong> Dona\u021bia<\/strong> de participare\u00a0este de\u00a0<strong>100\u00a0lei<\/strong>\/pentru solist\u00a0\u0219i <strong>110 de lei<\/strong>\/ansamblu la 4 m\u00e2ini (un elev participant \u00een mai multe forma\u021bii la 4 m\u00e2ini, achit\u0103 o singur\u0103 dat\u0103 jum\u0103tatea sa de dona\u021bie de 55 lei). Nu se admit mandate po\u015ftale. Dona\u0163ia de participare se va depune: \u00een contul Funda\u0163iei Pro Piano, deschis la BCR sector 3 Bucuresti, Cod IBAN: RO85RNCB0074029228740001<strong>\/C.U.I. 9099960<\/strong>, cu specificarea obligatorie pe ordinul de plat\u0103 a 2 semne de identificare: <strong><em>a<\/em>)<\/strong> <strong>Dona\u021bie Bucuresti \u0219i b)<\/strong> <strong>Numele participantului<\/strong> pentru care se face plata. \u00cen caz de neprezentare, dona\u021bia nu se returneaz\u0103.<\/li>\n<\/ol>\n<p>&nbsp;<\/p>\n<ul>\n<li><strong>Confirmarea \u00eenscrierii<\/strong>:<\/li>\n<\/ul>\n<ol>\n<li><strong>\u00a0<\/strong>pentru \u00eenscrierile cu <strong><em>Formularul online<\/em><\/strong>, confirmarea se face automat. Imediat dup\u0103 accesarea butonului de trimitere a formularului ve\u021bi primi <strong>mesajul de confirmare<\/strong> (citi\u021bi aten\u021bionarea de la sf\u00e2r\u0219itul formularului). Daca nu primiti mesajul respectiv \u00eenseamn\u0103 c\u0103 nu s-a efectuat trimiterea. Repeta\u021bi procedeul.<\/li>\n<li>important: <strong>Nu trimite\u021bi formularul de 2 ori(<\/strong>\u00een acest caz se va anula \u00eentreaga \u00eenscriere).<\/li>\n<li>pentru \u00eenscrierile cu <strong><em>Formularul clasic<\/em><\/strong>, confirmarea se va face\u00a0abia dup\u0103 intrarea dona\u0163iei \u00een contul Funda\u021biei( dup\u0103 c\u00e2teva zile de la trimiterea \u00eenscrierii, \u00een momentul apari\u021biei numelui candidatului \u00een extrasul de cont).<\/li>\n<\/ol>\n<p>Participan\u021bii sunt ruga\u021bi s\u0103 verifice <strong>programarea<\/strong>\u00a0prezent\u0103rii \u00een Festival pe Site-ul Funda\u021biei Culturale \u201dPRO PIANO-ROM\u00c2NIA\u201d \/ <strong>Programare<\/strong>, \u00een jurul datei de\u00a0<strong>28 mai 2017.<\/strong> Dup\u0103 apari\u021bia program\u0103rii nu mai este posibil\u0103 nici o schimbare a ordinii de intrare(indiferent de motive).<\/p>\n<p>Eventualele corec\u021bii(referitoare la gre\u0219eli de nume, ora\u0219, etc)<strong>\u00a0<\/strong>se vor face numai prin e-mail sau SMS(nu la telefon).<\/p>\n<p><strong>\u00a0<\/strong><\/p>\n<p><strong>VI<\/strong>. Cheltuielile de transport, cazare, mas\u0103, vor fi suportate de participan\u021bi.<\/p>\n<p><strong>\u00a0<\/strong><\/p>\n<p><strong>VII.<\/strong> Se vor acorda urm\u0103toarele distinc\u021bii pentru fiecare categorie \u00een parte : diplome de <strong>Excelen\u021b\u0103, <\/strong>diplome de <strong>Merit, <\/strong>diplome de <strong>Onoare, Premii speciale<\/strong>. Ele vor fi \u00eenm\u00e2nate personal participan\u021bilor, \u00een cadrul festivit\u0103\u021bilor de premiere zilnice, anun\u021bate \u00een prealabil \u00een Programare.<\/p>\n<p>Toate materialele audio-video sau de alt\u0103 natur\u0103 realizate pe parcursul Festivalului de c\u0103tre organizatori, apar\u021bin de drept acestora. <strong>\u00a0<\/strong><\/p>\n<p><strong>\u00a0<\/strong><\/p>\n<p><strong>VIII.<\/strong> Juriul Festivalului va fi format din personalit\u0103\u021bi ale muzicii rom\u00e2ne\u0219ti.<\/p>\n<p>\u00cen momentul \u00eenscrierii \u00een Festival candida\u021bii accept\u0103 prezentele condi\u021bii \u0219i autoritatea juriului.<\/p>\n<p>&nbsp;<\/p>\n<p><strong>Informa\u021bii suplimentare la Funda\u021bia Culturala \u201cPRO PIANO-ROMANIA\u201d: <\/strong><\/p>\n<p><strong>Mobil<\/strong>: 0722.382.626<strong><span style=\"color: #ff0000;\">(\u00een afara orelor 14-17)<\/span><\/strong>\u00a0\u00a0\u00a0 \/\u00a0\u00a0\u00a0\u00a0\u00a0\u00a0 \u00a0<strong>Fax:<\/strong> 021\/341.16.88<\/p>\n<p><strong>E-mail<\/strong>: propiano@gmail.com\u00a0 \u00a0\u00a0\u00a0\u00a0\u00a0\u00a0\u00a0\u00a0\u00a0\u00a0\u00a0\u00a0\u00a0\u00a0\u00a0\u00a0\u00a0\u00a0\u00a0\u00a0\u00a0\u00a0\u00a0\u00a0\u00a0\u00a0\u00a0\u00a0\u00a0\u00a0\u00a0\u00a0\/\u00a0\u00a0\u00a0\u00a0\u00a0\u00a0\u00a0 <strong>Web:<\/strong> www.propiano.org<\/p>\n<p>&nbsp;<\/p>\n<p>&nbsp;<\/p>\n<p>&nbsp;<\/p>\n<p>&nbsp;<\/p>\n<p><strong>FORMULAR DE \u00ceNSCRIERE<\/strong>(pentru cei care nu pot completa Formularul online)<\/p>\n<p><strong>Festivalul \u201cPRIETENII MUZICII\/PRO PIANO-ROM\u00c2NIA\u201d,<\/strong><\/p>\n<p><strong>Edi\u021bia a XV-a, Bucure\u0219ti, 02 \u2013 04 iunie 2017\u00a0<\/strong><\/p>\n<p>&nbsp;<\/p>\n<p><strong>Elev:<\/strong><\/p>\n<p>Numele:_______________________________________<\/p>\n<p>Prenumele:_____________________________________<\/p>\n<p>\u0162ara \/na\u0163ionalitatea:_______________________________<\/p>\n<p>Data na\u015fterii:____________________________________<\/p>\n<p>Cod numeric personal______________________________<\/p>\n<p>Adresa permanent\u0103:_______________________________<\/p>\n<p>Telefon\/fax:____________________________________<\/p>\n<p>Gr\u0103dini\u0163a\/\u015fcoala\/liceul:____________________________\u00a0<strong>\u00a0<\/strong><\/p>\n<p><strong>Sec\u0163iunea<\/strong>:_________\u00a0\u00a0\u00a0\u00a0\u00a0\u00a0\u00a0\u00a0\u00a0\u00a0\u00a0\u00a0\u00a0\u00a0\u00a0\u00a0\u00a0\u00a0\u00a0\u00a0\u00a0\u00a0\u00a0\u00a0\u00a0\u00a0\u00a0 <strong>Categoria<\/strong>:_________\u00a0<strong>\u00a0<\/strong><\/p>\n<p>&nbsp;<\/p>\n<p><strong>Profesorul \u00eendrum\u0103tor:<\/strong><\/p>\n<p>Numele si prenumele______________________________<\/p>\n<p>Telefon\/fax:____________________________________<\/p>\n<p>E-mail:________________________________________<\/p>\n<p>&nbsp;<\/p>\n<p><strong>Programul ales(una sau 2 piese):<\/strong><\/p>\n<ol>\n<li>Numele compozitorului: ________________________<\/li>\n<\/ol>\n<p>Titlul lucr\u0103rii:________________________________<\/p>\n<ol start=\"2\">\n<li>Numele compozitorului:_______________________<\/li>\n<\/ol>\n<p>Titlul lucr\u0103rii: ________________________________<\/p>\n<p>Durata total\u0103:..\u2026\u2026\u2026..minute<\/p>\n<p>&nbsp;<\/p>\n<p>Data: \u00a0\u00a0\u00a0\u00a0\u00a0\u00a0\u00a0\u00a0\u00a0\u00a0\u00a0\u00a0\u00a0\u00a0\u00a0\u00a0\u00a0\u00a0\u00a0\u00a0\u00a0\u00a0\u00a0\u00a0\u00a0\u00a0\u00a0\u00a0\u00a0\u00a0\u00a0\u00a0\u00a0\u00a0\u00a0\u00a0\u00a0\u00a0\u00a0\u00a0\u00a0\u00a0\u00a0\u00a0\u00a0\u00a0\u00a0\u00a0\u00a0\u00a0\u00a0 Semn\u0103tura:<\/p>\n","protected":false},"excerpt":{"rendered":"<p>Regulamentul Festivalului\u00a0\u201cPrietenii Muzicii\/Pro Piano-Rom\u00e2nia\u201d &#8211; Bucure\u0219ti Edi\u021bia a XV-a, 02 \u2013 04 iunie 2017 &nbsp; &nbsp; I. Manifestarea este deschis\u0103 copiilor cu v\u00e2rsta cuprins\u0103 \u00eentre 5 \u0219i 18 ani, fiind divizat\u0103 \u00een trei sec\u021biuni: A, B, C. Sec\u021biunea A\u2013tineri care studiaz\u0103 pianul ca instrument principal, \u00een \u0219coli \u0219i licee de muzic\u0103 Sec\u021biunea B \u2013 tineri [&hellip;]<\/p>\n","protected":false},"author":1,"featured_media":0,"parent":0,"menu_order":0,"comment_status":"closed","ping_status":"closed","template":"","meta":{"footnotes":""},"class_list":["post-4146","page","type-page","status-publish","hentry"],"_links":{"self":[{"href":"https:\/\/www.propiano.org\/romanian\/wp-json\/wp\/v2\/pages\/4146","targetHints":{"allow":["GET"]}}],"collection":[{"href":"https:\/\/www.propiano.org\/romanian\/wp-json\/wp\/v2\/pages"}],"about":[{"href":"https:\/\/www.propiano.org\/romanian\/wp-json\/wp\/v2\/types\/page"}],"author":[{"embeddable":true,"href":"https:\/\/www.propiano.org\/romanian\/wp-json\/wp\/v2\/users\/1"}],"replies":[{"embeddable":true,"href":"https:\/\/www.propiano.org\/romanian\/wp-json\/wp\/v2\/comments?post=4146"}],"version-history":[{"count":24,"href":"https:\/\/www.propiano.org\/romanian\/wp-json\/wp\/v2\/pages\/4146\/revisions"}],"predecessor-version":[{"id":4467,"href":"https:\/\/www.propiano.org\/romanian\/wp-json\/wp\/v2\/pages\/4146\/revisions\/4467"}],"wp:attachment":[{"href":"https:\/\/www.propiano.org\/romanian\/wp-json\/wp\/v2\/media?parent=4146"}],"curies":[{"name":"wp","href":"https:\/\/api.w.org\/{rel}","templated":true}]}}