{"id":4108,"date":"2016-11-02T13:39:59","date_gmt":"2016-11-02T13:39:59","guid":{"rendered":"http:\/\/www.propiano.org\/romanian\/?page_id=4108"},"modified":"2017-08-31T08:54:28","modified_gmt":"2017-08-31T08:54:28","slug":"recitaluri-si-alte-activitati-2017","status":"publish","type":"page","link":"https:\/\/www.propiano.org\/romanian\/recitaluri-si-alte-activitati-2017\/","title":{"rendered":"Recitaluri 2017"},"content":{"rendered":"<h3 style=\"text-align: center;\"><strong>MINI-FESTIVALUL \u00a0\u201d1 decembrie &#8211; ziua Na\u021bional\u0103 a Rom\u00e2niei\u201d, edi\u021bia a VII-a<\/strong><strong>\u00a0<\/strong><\/h3>\n<p>&nbsp;<\/p>\n<p><strong>Ini\u021biat \u0219i organizat de funda\u021bie \u00een anul 2011,\u00a0ca un omagiu adus Zilei Na\u021bionale a Rom\u00e2niei, zi \u00een care s-a f\u0103ptuit, \u00een anul 1918, Marea Unire a rom\u00e2nilor, Mini-Festivalul a fost g\u00eendit \u0219i ca\u00a0o \u201ddatorie de onoare\u201d a ei, denumirea\u00a0funda\u021biei fiind\u00a0 \u201dPRO PIANO-ROM\u00c2NIA\u201d.<\/strong><\/p>\n<p><strong>Astfel, an de an, un num\u0103r impresionant de tineri interpre\u021bi\u00a0\u0219i compozitori(cca. 75\/edi\u021bie), distin\u0219i cu premii importante la concursuri na\u021bionale \u0219i interna\u021bionale, inclusiv la Concursul International \u201dPRO PIANO-ROMANIA\u201d(de interpretare \u0219i compozi\u021bie), au \u00eenc\u00e2ntat publicul participant\u00a0din cele 3 loca\u021bii deosebit de importante\u00a0\u00een peisajul cultural al \u021b\u0103rii noastre.<\/strong><\/p>\n<p><strong>Ajuns \u00een acest an la cea\u00a0 de a VII-a edi\u021bie, festivalul se va desf\u0103\u0219ura \u00een datele \u0219i loca\u021biile de mai jos: <\/strong><\/p>\n<ul>\n<li><strong>luni 27 noiembrie 2017, ora 17\u00a0\u2013\u00a0Bucure\u0219ti\u00a0\/ la Muzeul Na\u021bional \u201dGeorge Enescu\u201d din Bucure\u0219ti \u2013 Palatul Cantacuzino. <\/strong><strong>Calea Victoriei nr.141, sector 1<\/strong><\/li>\n<\/ul>\n<ul>\n<li><strong>joi\u00a030 noiembrie 2017 ora 10,30\u00a0\u2013\u00a0Bu\u0219teni\u00a0\/ la Casa de Cultur\u0103 \u201dAurel Stroe\u201d din Bu\u0219teni \u2013 Bd. Libert\u0103\u021bii nr.93, vizavi de sta\u021bia CFR Busteni, langa Biserica Domneasc\u0103 si Magazinul Co\u0219tila.<\/strong><\/li>\n<\/ul>\n<ul>\n<li><strong>vineri\u00a01 decembrie 2017, ora 10,30\u00a0\u2013\u00a0Sinaia\u00a0\/ la Casa Memorial\u0103 \u201dGeorge Enescu\u201d din Sinaia, Str. Yehudi Menuhin nr. 2 \u2013 cartier Cump\u0103tu <\/strong><\/li>\n<\/ul>\n<p>&nbsp;<\/p>\n<h4><strong>Mul\u021bumiri speciale conducerii celor 2 Institu\u021bii de marc\u0103: <\/strong><\/h4>\n<h4><strong>&#8211; Muzeul Na\u021bional \u201dGeorge Enescu\u201d &#8211; Bucure\u0219ti\u00a0<\/strong><\/h4>\n<h4><strong>&#8211; Centrul Cultural \u201dAurel Stroe\u201d &#8211; Bu\u0219teni<\/strong><\/h4>\n<h4><\/h4>\n<p>&nbsp;<\/p>\n<p>&nbsp;<\/p>\n<h4><\/h4>\n<h3 style=\"text-align: center;\"><strong>Alte activit\u0103\u021bi organizate \u00een exclusivitate de funda\u021bie sau \u00een parteneriat, \u00een anul 2017\u00a0:<\/strong><\/h3>\n<p><strong>\u00a0<\/strong><\/p>\n<p><strong>13\u00a0\u2013 18<\/strong><strong>\u00a0iunie\u00a0\u2013 Concurs Interna\u021bional \u201dPRO PIANO-ROM\u00c2NIA\u201d, edi\u021bia a XXI-a<\/strong><\/p>\n<p><strong>02 &#8211; 04\u00a0iunie<\/strong><strong>\u00a0\u2013\u00a0Festivalul \u201dPrietenii Muzicii\u201d \u2013 Bucure\u0219ti, edi\u021bia a XV-a<\/strong><\/p>\n<p><strong>05 \u2013 07 mai<\/strong><strong>\u00a0\u2013 Concursul \u201dGradus ad Parnassum\u201d, edi\u021bia a X-a(concurs \u00een parteneriat \u2013 \u00een Juriu)<\/strong><\/p>\n<p><strong>25 -26 martie\u00a0<\/strong><strong>\u2013 Concursul \u201dBrave claviaturi\u201d, edi\u021bia a X-a(concurs \u00een parteneriat \u2013 \u00een Juriu)<\/strong><\/p>\n<p><strong>03 \u2013 05 martie<\/strong><strong>\u00a0\u2013 Festivalul \u201dPrietenii Muzicii\u201d \u2013 filiala Sibiu, edi\u021bia a V-a<\/strong><\/p>\n<p><strong>24 \u2013 26 februarie<\/strong><strong>\u00a0\u2013 Festivalul \u201dPrietenii Muzicii\u201d \u2013 filiala Cluj-Napoca, edi\u021bia a X-a<\/strong><\/p>\n<p><strong>27 &#8211; 29 ianuarie<\/strong><strong>\u00a0\u2013 Festivalul \u201dPrietenii Muzicii\u201d \u2013 filiala Timi\u0219oara, edi\u021bia\u00a0a II-a<\/strong><\/p>\n","protected":false},"excerpt":{"rendered":"<p>MINI-FESTIVALUL \u00a0\u201d1 decembrie &#8211; ziua Na\u021bional\u0103 a Rom\u00e2niei\u201d, edi\u021bia a VII-a\u00a0 &nbsp; Ini\u021biat \u0219i organizat de funda\u021bie \u00een anul 2011,\u00a0ca un omagiu adus Zilei Na\u021bionale a Rom\u00e2niei, zi \u00een care s-a f\u0103ptuit, \u00een anul 1918, Marea Unire a rom\u00e2nilor, Mini-Festivalul a fost g\u00eendit \u0219i ca\u00a0o \u201ddatorie de onoare\u201d a ei, denumirea\u00a0funda\u021biei fiind\u00a0 \u201dPRO PIANO-ROM\u00c2NIA\u201d. Astfel, [&hellip;]<\/p>\n","protected":false},"author":1,"featured_media":0,"parent":0,"menu_order":0,"comment_status":"closed","ping_status":"closed","template":"","meta":{"footnotes":""},"class_list":["post-4108","page","type-page","status-publish","hentry"],"_links":{"self":[{"href":"https:\/\/www.propiano.org\/romanian\/wp-json\/wp\/v2\/pages\/4108","targetHints":{"allow":["GET"]}}],"collection":[{"href":"https:\/\/www.propiano.org\/romanian\/wp-json\/wp\/v2\/pages"}],"about":[{"href":"https:\/\/www.propiano.org\/romanian\/wp-json\/wp\/v2\/types\/page"}],"author":[{"embeddable":true,"href":"https:\/\/www.propiano.org\/romanian\/wp-json\/wp\/v2\/users\/1"}],"replies":[{"embeddable":true,"href":"https:\/\/www.propiano.org\/romanian\/wp-json\/wp\/v2\/comments?post=4108"}],"version-history":[{"count":12,"href":"https:\/\/www.propiano.org\/romanian\/wp-json\/wp\/v2\/pages\/4108\/revisions"}],"predecessor-version":[{"id":4705,"href":"https:\/\/www.propiano.org\/romanian\/wp-json\/wp\/v2\/pages\/4108\/revisions\/4705"}],"wp:attachment":[{"href":"https:\/\/www.propiano.org\/romanian\/wp-json\/wp\/v2\/media?parent=4108"}],"curies":[{"name":"wp","href":"https:\/\/api.w.org\/{rel}","templated":true}]}}