{"id":3550,"date":"2015-10-19T10:32:36","date_gmt":"2015-10-19T10:32:36","guid":{"rendered":"http:\/\/www.propiano.org\/romanian\/?page_id=3550"},"modified":"2016-05-25T05:52:07","modified_gmt":"2016-05-25T05:52:07","slug":"concurs-pian-2016-regulament","status":"publish","type":"page","link":"https:\/\/www.propiano.org\/romanian\/concurs-pian-2016-regulament\/","title":{"rendered":"Concurs Pian  2016 \u2013 Regulament"},"content":{"rendered":"<h3>Din motive obiective, vineri 27 mai nu se mai fac inscrieri la C N A \u201dGeorge Enescu\u201d(nu se poate intra in scoala, fiind examene importante). Din acest motiv, in<strong>scrierile se vor face numai\u00a0<strong><em><span style=\"text-decoration: underline;\">online,<\/span><\/em> pana in data de\u00a0 1 iunie 2016<\/strong><\/strong><\/h3>\n<h3><\/h3>\n<h3><\/h3>\n<h3><\/h3>\n<p>&nbsp;<\/p>\n<p>&nbsp;<\/p>\n<h3><strong><span style=\"color: #1c1c1c;\">Locatia Concursului:<\/span><\/strong><\/h3>\n<h4><span style=\"color: #1c1c1c;\">ARCUB\u00a0 Gabroveni &#8211; <span style=\"color: #1c1c1c;\">Sala Mare, <\/span>din str. Lipscani nr. 84-90, cu corespondenta in str. Gabroveni nr. 50-53 ( Centrul istoric al Bucure\u0219tiului).<\/span><\/h4>\n<p>&nbsp;<\/p>\n<p>&nbsp;<\/p>\n<p>&nbsp;<\/p>\n<h3><strong><span style=\"color: #1c1c1c;\">Festivitatea de premiere \u0219i Gala laurea\u021bilor:<\/span><\/strong><\/h3>\n<h3>Sala de Concerte a Ateneului Rom\u00e2n, duminica 26 iunie 2016<\/h3>\n<h3><\/h3>\n<p>&nbsp;<\/p>\n<p>&nbsp;<\/p>\n<h3><strong><span style=\"color: #1c1c1c;\">Regulamentul<\/span><\/strong><\/h3>\n<h4><strong>Concursului Interna\u021bional de\u00a0Interpretare \u2013 Pian \u201cPRO PIANO-ROM\u00c2NIA\u201d,<\/strong><\/h4>\n<h4><strong>Edi\u021bia a XX-a, 21 \u2013 26 iunie 2016<\/strong><\/h4>\n<h3><\/h3>\n<h3><\/h3>\n<p><strong>Concursul Interna\u021bional \u201cPRO-PIANO-ROM\u00c2NIA\u201d este deschis tinerilor piani\u0219ti de orice na\u021bionalitate, n\u0103scu\u021bi dup\u0103 1 ianuarie 1986 \u0219i se desf\u0103\u0219oar\u0103 \u00een 4 sec\u021biuni: A<\/strong>(Junior 1 \u0219i Junior 2),<strong> B, C \u0219i D<\/strong>(4 m\u00e2ini), <strong>divizate la r\u00e2ndul lor \u00een categorii, \u00een func\u021bie de anul de na\u0219tere al concuren\u021bilor:<\/strong><\/p>\n<h4><\/h4>\n<p>&nbsp;<\/p>\n<h4><strong>SEC\u021aIUNEA A\u00a0 cu 2 subsec\u021biuni: <\/strong><\/h4>\n<p><strong>Junior 1(A1, A2) \u0219i Junior 2(A3 \u0219i A4)\u00a0<\/strong>(o etap\u0103)<\/p>\n<h4><strong>Junior 1<\/strong> \u2013 minutaj maxim 5\u2032<\/h4>\n<p>Cat A1 \u2013 n\u0103scu\u021bi \u00een anul 2009(\u0219i dup\u0103)<\/p>\n<p>Cat. A2 \u2013 2008<\/p>\n<p><strong>Repertoriu:<\/strong><\/p>\n<p>a) un studiu<\/p>\n<p>b) dou\u0103 piese diferite ca stil<\/p>\n<h4><\/h4>\n<h4><strong>Junior 2 \u2013 <\/strong>minutaj maxim 8\u2019<\/h4>\n<p>Cat. A3 \u2013 2007<\/p>\n<p>Cat. A4 \u2013 2006<\/p>\n<p><strong>Repertoriu:<\/strong><\/p>\n<p>a) un studiu;<\/p>\n<p>b) o pies\u0103 preclasic\u0103;<\/p>\n<p>c) o pies\u0103 clasic\u0103, romantic\u0103 sau modern\u0103 (una la alegere)<\/p>\n<h4><\/h4>\n<p>&nbsp;<\/p>\n<h4><strong>SEC\u021aIUNEA \u00a0B<\/strong> \u2013 (2 etape) \u2013 n\u0103scu\u021bi \u00een anii:<\/h4>\n<p>Cat. 1-a \u2013 2005 \u00a0\u2013 minutaj maxim:10\u2019(pt. etapa aII-a)<\/p>\n<p>Cat. a 2-a \u2013 2004<\/p>\n<p>Cat. a 3-a \u2013 2003<\/p>\n<p>Cat. a 4-a \u2013 2002<\/p>\n<p>Cat. a 5-a \u2013 2001 \u2013 minutaj maxim: 15\u2019(pt etapa a II-a)<\/p>\n<p>Cat a 6-a \u2013 2000<\/p>\n<p>Cat. a 7-a \u2013 1999 \u2013 minutaj maxim: 20\u2019(pt etapa a \u00a0II-a)<\/p>\n<p>Cat. a 8-a \u2013 1998 si 1997<\/p>\n<p><strong>Repertoriul <\/strong>Sec\u021biunii B (2 etape):<\/p>\n<p><strong>Etapa I<\/strong> (eliminatorie):<\/p>\n<p>a) un studiu;<\/p>\n<p>b) o piesa preclasic\u0103(baroc\u0103) \u2013 Bach, Haendel, Scarlatti, Rameau, etc<\/p>\n<p><strong>Etapa a II-a:<\/strong><\/p>\n<p>a) O pies\u0103 clasic\u0103: PI de Sonat\u0103, sau Tema cu varia\u021biuni, sau\u00a0Rondo(piesa de sine st\u0103t\u0103toare)<\/p>\n<p>b) O pies\u0103 romantic\u0103, modern\u0103 sau rom\u00e2neasc\u0103 (una, la alegere)<\/p>\n<h4><\/h4>\n<p>&nbsp;<\/p>\n<h4><strong>SEC\u021aIUNEA \u00a0C<\/strong> \u2013 (3 etape ) n\u0103scu\u021bi dup\u0103 1986<\/h4>\n<p><strong>Repertoriu:<\/strong><\/p>\n<p><strong>Etapa I (<\/strong>eliminatorie):<\/p>\n<p>a) Dou\u0103 studii de virtuozitate(Chopin, Liszt, Schumann, Rahmaninov, Debussy, Skriabin, Prokofiev)<\/p>\n<p>b) J. S. Bach \u2013 Preludiu \u0219i fug\u0103 sau 3 mi\u0219c\u0103ri(p\u0103r\u021bi) din Suite, Partite<\/p>\n<p><strong><em>Etapa a II-a<\/em><\/strong><em> (semifinala \u2013 eliminatorie)- maxim 30\u2019<\/em><\/p>\n<p>a) o sonat\u0103 clasic\u0103<\/p>\n<p>b) o pies\u0103 modern\u0103, la alegere, din repertoriul universal sau rom\u00e2nesc<\/p>\n<p><strong>Etapa a III-a<\/strong> (finala) \u2013 maxim 30\u2019- recital cu piese de factur\u0103 diferit\u0103 fa\u021b\u0103 de cele prezentate \u00een primele 2 etape, \u00een care sa fie inclus\u0103, \u00een mod obligatoriu o pies\u0103 romantic\u0103.<\/p>\n<h4><\/h4>\n<p>&nbsp;<\/p>\n<h4><strong>SEC\u021aIUNEA \u00a0D<\/strong> \u2013 Ansamblu la 4 m\u00e2ini pe un pian\u2013 (o etap\u0103):<\/h4>\n<p>Cat. 1 \u2013 n\u0103scu\u021bi intre 2008 \u2013 2003<\/p>\n<p>Cat. a 2-a-n\u0103scu\u021bi intre 2002 \u2013 1997<\/p>\n<p>Cat. a 3-a-n\u0103scu\u021bi intre 1996- 1986<\/p>\n<p><strong>Repertoriul<\/strong> sec\u021biunii D: piese la alegere, cu urm\u0103torul minutaj maxim:<\/p>\n<p>cat. 1 \u2013 5\u2019\u00a0\u00a0\u00a0\u00a0\u00a0\u00a0\u00a0\u00a0\u00a0\u00a0\u00a0\u00a0\u00a0 \u00a0 \u00a0\u00a0\u00a0 cat. a 2-a \u2013 10\u2019\u00a0\u00a0\u00a0\u00a0\u00a0\u00a0\u00a0 \u00a0\u00a0\u00a0\u00a0\u00a0\u00a0\u00a0\u00a0\u00a0\u00a0\u00a0\u00a0\u00a0 cat. a 3-a \u2013 15\u2032<\/p>\n<p>Se poate concura la dou\u0103 categorii: cea a v\u00e2rstei concurentului \u0219i la o categorie superioar\u0103, dar cu repertorii diferite.<\/p>\n<p>Repertoriul comunicat prin cererea de \u00eenscriere nu poate fi modificat ulterior. Ordinea de interpretare a pieselor este la libera alegere a candida\u021bilor. \u00cen cazul dep\u0103\u0219irii duratei maxime stabilite pentru etapa a II-a (sau a III-a) juriul va \u00eentrerupe evolu\u021bia candidatului. Toate probele sunt publice.<\/p>\n<p>Ordinea intr\u0103rii \u00een concurs este cea alfabetic\u0103 pentru fiecare categorie de v\u00e2rst\u0103.<\/p>\n<h4><\/h4>\n<h4><strong>Modalit\u0103\u021bi de \u00eenscriere(p\u00e2n\u0103 la 1 iunie 2016)<\/strong>:<\/h4>\n<ul>\n<li>este preferat\u0103 \u00eenscrierea online, care const\u0103 \u00een simpla completare a formularului aflat fie \u00een bara de sus, fie \u00een dreptunghiul din dreapta paginii de prezentare, neap\u0103rat cu toate datele, de la adresa: Romana\/Concurs\/ Formular de inscriere concurs de pian 2016. Pentru sec\u021biunea D(4 m\u00e2ini) se vor \u00eenscrie ambele nume(cu datele respective)\u00a0pe un singur\u00a0formular.<\/li>\n<\/ul>\n<h4><strong>Alte c\u0103i de \u00eenscriere:<\/strong><\/h4>\n<ul>\n<li><strong>po\u0219t\u0103 rapid\u0103<\/strong>(DHL) sau plic simplu( <strong>nu recomandat<\/strong>), pe adresa secretariatului Funda\u021biei Culturale \u201cPRO PIANO-ROM\u00c2NIA\u201d-aleea P\u0103durea Craiului nr.1, Bloc H3, Scara 1, Ap. 11, sector 3, Cod 032719, Of. Post 57, Bucure\u0219ti pentru d-na prof. Stela Avesalon<\/li>\n<li><strong>direct la organizator(<\/strong>unde se poate pl\u0103ti \u0219i dona\u021bia), dar numai \u00een zilele de<strong> luni 23<\/strong> mai(\u00eentre orele <strong>8 &#8211; 11,00<\/strong>), <strong>mar\u021bi 24<\/strong> mai si\u00a0<strong>vineri 27<\/strong> mai 2016(\u00eentre orele <strong>8,30-15)<\/strong>, la Colegiul Na\u021bional de Muzic\u0103 \u201dGeorge Enescu\u201d, str.\u00a0Gh. Manu nr. 30, sector 1<\/li>\n<li>Documente necesare \u00eenscrierii( scanate \u00een prealabil):<\/li>\n<\/ul>\n<ul>\n<li>formularul de \u00eenscriere tip(aflat la sf\u00e2r\u0219itul acestui Regulament) \u2013 completat cu toate datele cerute<\/li>\n<li>certificat de na\u0219tere (copie)<\/li>\n<li>chitan\u021ba doveditoare pentru plata <strong><u>dona\u021biei <\/u><\/strong><u>de \u00eenscriere(conform celor specificate mai jos)<\/u><\/li>\n<li>fotografie 4\/5 cm, tip pa\u0219aport(de buna calitate)<\/li>\n<\/ul>\n<p>Se vor \u00eenregistra numai dosarele <strong>complete<\/strong>(completari ulterioare nu sunt admise).<\/p>\n<h4><\/h4>\n<h4><strong>Dona\u021bia de \u00eenscriere<\/strong>:<\/h4>\n<p><strong>categoria A \u2013 200 lei; categoria B \u2013 250 lei; categoria C \u2013 300 lei; categoria D \u2013 200 lei\/cuplu. Aceast\u0103 sum\u0103 va fi trimis\u0103 in contul Funda\u021biei \u201cPro Piano -Rom\u00e2nia\u201d deschis la B C R \u2013 Sector 3, Bucure\u0219ti: Cod IBAN nr. RO85RNCB0074029228740001 \/ Cod fiscal 9099960.<\/strong><\/p>\n<h4>Termenul limit\u0103 pentru \u00eenscrierea la concurs este data de <strong>1 iunie 2016<\/strong>.<\/h4>\n<p>Urmariti program\u0103rile intr\u0103rii \u00een Festival dup\u0103 data de\u00a0<strong>10 iunie\u00a02016, <\/strong>in link-ul:\u00a0<a href=\"http:\/\/www.propiano.org\/\">www.propiano.org<\/a> \u2192 <a href=\"http:\/\/www.propiano.org\/romanian\/\">Rom\u00e2n\u0103<\/a> \u2192 <a href=\"http:\/\/www.propiano.org\/romanian\/prietenii-muzicii-timisoara-2016\/\">Concurs pian 2016<\/a> \u2192\u00a0<a href=\"http:\/\/www.propiano.org\/romanian\/programare-bucuresti-2016\/\" target=\"_blank\">Concurs de Pian 2016-Programare\u00a0<\/a>\u0219i v\u0103 rug\u0103m s\u0103 ne \u00a0semnala\u021bi\u00a0 eventualele neclarit\u0103\u021bi sau omisiuni legate de numele participantului, incadrarea lui, etc(prin SMS\u00a0sau Mail).<\/p>\n<p>&nbsp;<\/p>\n<p>In caz de neprezentare la concurs taxa nu se restituie.<\/p>\n<p>Cheltuielile de transport, cazare, mas\u0103 vor fi suportate de c\u0103tre participan\u021bi.<\/p>\n<h4><\/h4>\n<h4><strong>Premii:<\/strong><\/h4>\n<p>* Marele Premiu al Concursului Interna\u021bional \u201cPro Piano \u2013 Rom\u00e2nia\u201d * C\u00e2te 5 (cinci) premii la fiecare categorie, inclusiv Premiul I de Excelen\u021b\u0103 * Premii speciale * Premiul pentru interpretarea de excep\u021bie a unei piese rom\u00e2ne\u0219ti sau a unei alte piese din repertoriul prezentat * Premii din partea sponsorilor.<\/p>\n<p>Participan\u021bilor din categoria A, care nu s-au calificat pentru unul dintre premiile anun\u021bate \u00een capitolul 4, precum \u0219i celor care nu au promovat \u00een etapa urm\u0103toare(categoriile B \u0219i C), li se vor acorda (numai la cererea lor) Diplom\u0103 de participare \u00a0sau respectiv de semifinalist sau finalist.<\/p>\n<p>Toate premiile concursului vor fi \u00eenm\u00e2nate personal laurea\u021bilor \u00een festivitatea de premiere \u2013 Gala laurea\u021bilor. To\u021bi laurea\u021bii sunt ruga\u021bi s\u0103 se prezinte \u00een \u021binut\u0103 de gal\u0103 la festivitatea de premiere(<strong>\u00een caz contrar, nu vor fi accepta\u021bi \u00een pozele de grup<\/strong>).<\/p>\n<p>\u2013 <strong>Important:<em> \u00een caz de neprezentare personal\u0103\u00a0in gal\u0103, este obligatorie delegarea unei alte persoane pentru ridicarea premiului(se va semna intr-un tabel special numele pentru care se ridic\u0103 premiul). Funda\u021bia nu-\u0219i ia angajamentul trimiterilor ulterioare(nici prin posta, nici pe alta cale).<\/em><\/strong><\/p>\n<p><strong>Juriul<\/strong> concursului va fi alc\u0103tuit din personalit\u0103\u021bi ale vietii muzicale rom\u00e2ne\u0219ti \u0219i interna\u021bionale.<\/p>\n<p>Hot\u0103r\u00e2rile juriului sunt definitive \u0219i inatacabile. Pentru eventualele \u00eenregistr\u0103ri audio-video concuren\u021bii nu vor putea solicita onorariu. Din momentul \u00eenscrierii la concurs, candida\u021bii accept\u0103 prezentul regulament \u0219i auroritatea juriului.<\/p>\n<p>Informa\u021bii suplimentare se pot ob\u021bine la: Tel\/Fax: (021) 341.16.88<\/p>\n<p>Tel\/mobil : 0722.38.26.26 <strong>(\u00een afara orelor 14-17)\u00a0<\/strong><\/p>\n<p>E-mail : <a href=\"mailto:propiano@gmail.com\">propiano@gmail.com<\/a> Web page: <a href=\"http:\/\/www.propiano.org\/\">www.propiano.org<\/a><\/p>\n<p><strong>\u00a0<\/strong><\/p>\n<p><strong>Orice cerere\u00a0 de\u00a0completare sau schimbare\u00a0a repertoriului se va face prin SMS sau e-mail(nu\u00a0prin telefon). <\/strong><\/p>\n<p><strong>Fiind Concurs International\u00a0 nu\u00a0se admit cereri speciale pentru programari in anumite zile sau ore.<\/strong><\/p>\n<p><strong>\u00a0<\/strong><\/p>\n<p>&nbsp;<\/p>\n<p><strong>\u00a0<\/strong><\/p>\n<p>&nbsp;<\/p>\n<h4><strong>\u00a0FORMULAR de INSCRIERE(format clasic &#8211; trebuie completat si apoi scanat)<\/strong><\/h4>\n<p><strong>Concursul Interna\u021bional de pian \u201cPRO PIANO-ROM\u00c2NIA\u201d <\/strong><\/p>\n<p><strong>Edi\u021bia a XX- a, 21 \u2013 26 iunie 2016<\/strong><\/p>\n<p><strong>Concurent:<\/strong><\/p>\n<ol>\n<li>Nume\u2026\u2026\u2026\u2026\u2026\u2026\u2026\u2026\u2026\u2026\u2026\u2026\u2026\u2026\u2026\u2026\u2026\u2026<\/li>\n<li>Prenume\u2026\u2026\u2026\u2026\u2026\u2026\u2026\u2026\u2026\u2026\u2026\u2026\u2026\u2026\u2026\u2026<\/li>\n<li>\u021aara \u2013 cet\u0103\u021benia\u2026\u2026\u2026\u2026\u2026\u2026\u2026\u2026\u2026\u2026\u2026\u2026.<\/li>\n<li>Data na\u0219terii\u2026\u2026\u2026\u2026\u2026\u2026\u2026\u2026\u2026\u2026\u2026\u2026\u2026\u2026<\/li>\n<\/ol>\n<p>Cod numeric personal\u2026\u2026\u2026\u2026\u2026\u2026\u2026\u2026\u2026<\/p>\n<ol>\n<li>Domiciliul(adresa complet\u0103)\u2026\u2026\u2026\u2026<\/li>\n<li>Tel.Fax\u2026\u2026\u2026\u2026\u2026\u2026\u2026\u2026\u2026\u2026\u2026\u2026\u2026\u2026\u2026\u2026\u2026<\/li>\n<\/ol>\n<p>E-mail\u2026\u2026\u2026\u2026\u2026\u2026\u2026\u2026\u2026\u2026\u2026\u2026\u2026\u2026\u2026\u2026\u2026\u2026<\/p>\n<ol>\n<li>\u0218coala\/liceu\u2026\u2026\u2026\u2026\u2026\u2026\u2026\u2026\u2026\u2026\u2026\u2026\u2026\u2026<\/li>\n<\/ol>\n<p><strong>Profesor \u00eendrum\u0103tor:<\/strong><\/p>\n<ol>\n<li>Nume si prenume\u2026\u2026\u2026\u2026\u2026\u2026\u2026\u2026\u2026\u2026\u2026\u2026<\/li>\n<\/ol>\n<p>Tel\/Fax\u2026\u2026\u2026\u2026\u2026\u2026\u2026\u2026\u2026\u2026\u2026\u2026\u2026\u2026\u2026\u2026\u2026\u2026\u2026.<\/p>\n<p>E-mail\u2026\u2026\u2026\u2026\u2026\u2026\u2026\u2026\u2026\u2026\u2026\u2026\u2026\u2026\u2026\u2026\u2026\u2026\u2026\u2026<\/p>\n<ol>\n<li>Curriculum vitae<\/li>\n<li>Repertoriu :<\/li>\n<\/ol>\n<p><strong>Sectiunile A<\/strong>(Junior\u00a01\u00a0sau\u00a0Junior 2)\u00a0\u0219i D (se va sublinia sec\u021biunea dorit\u0103) \u2013 o etap\u0103:<\/p>\n<p>a\u2026\u2026\u2026\u2026\u2026\u2026\u2026\u2026\u2026\u2026\u2026\u2026\u2026\u2026\u2026\u2026\u2026\u2026\u2026\u2026\u2026\u2026\u2026.<\/p>\n<p>b\u2026\u2026\u2026\u2026\u2026\u2026\u2026\u2026\u2026\u2026\u2026\u2026\u2026\u2026\u2026\u2026\u2026\u2026\u2026\u2026\u2026\u2026\u2026.<\/p>\n<p>c\u2026\u2026\u2026\u2026\u2026\u2026\u2026\u2026\u2026\u2026\u2026\u2026\u2026\u2026\u2026\u2026\u2026\u2026\u2026\u2026\u2026\u2026\u2026.<\/p>\n<p><strong>Sectiunea B<\/strong> \u2013\u00a02 etape:<\/p>\n<p><strong>Etapa I<\/strong><\/p>\n<p>a\u2026\u2026\u2026\u2026\u2026\u2026\u2026\u2026\u2026\u2026\u2026\u2026\u2026\u2026\u2026\u2026\u2026\u2026\u2026\u2026\u2026<\/p>\n<p>b\u2026\u2026\u2026\u2026\u2026\u2026\u2026\u2026\u2026\u2026\u2026\u2026\u2026\u2026\u2026\u2026\u2026\u2026\u2026\u2026\u2026<\/p>\n<p><strong>Etapa a II-a <\/strong>\u2013\u00a0minutaj maxim:<\/p>\n<p>cat. 1 \u2013 4 max. 10\u2032 cat. 5 \u2013 6 max. 15\u2032<\/p>\n<p>cat. 7 \u2013\u00a08 max. 20\u2019<\/p>\n<p>a\u2026\u2026\u2026\u2026\u2026\u2026\u2026\u2026\u2026\u2026\u2026\u2026\u2026\u2026\u2026\u2026\u2026\u2026\u2026\u2026\u2026<\/p>\n<p>b\u2026\u2026\u2026\u2026\u2026\u2026\u2026\u2026\u2026\u2026\u2026\u2026\u2026\u2026\u2026\u2026\u2026\u2026\u2026\u2026\u2026<\/p>\n<p><strong>\u00a0<\/strong><\/p>\n<p><strong>Sectiunea C<\/strong> \u2013 3 etape:<\/p>\n<p><strong>Etapa I<\/strong>(eliminatorie)<\/p>\n<p>a\u2026\u2026\u2026\u2026\u2026\u2026\u2026\u2026\u2026\u2026\u2026\u2026\u2026\u2026\u2026\u2026\u2026\u2026\u2026\u2026\u2026<\/p>\n<p>b\u2026\u2026\u2026\u2026\u2026\u2026\u2026\u2026\u2026\u2026\u2026\u2026\u2026\u2026\u2026\u2026\u2026\u2026\u2026\u2026\u2026<\/p>\n<p>c\u2026\u2026\u2026\u2026\u2026\u2026\u2026\u2026\u2026\u2026\u2026\u2026\u2026\u2026\u2026\u2026\u2026\u2026\u2026\u2026\u2026<\/p>\n<p><strong>Etapa a II-a<\/strong> \u2013 semifinala(eliminatorie): max. 30\u2032<\/p>\n<p>a\u2026\u2026\u2026\u2026\u2026\u2026\u2026\u2026\u2026\u2026\u2026\u2026\u2026\u2026\u2026\u2026\u2026\u2026\u2026\u2026\u2026<\/p>\n<p>b\u2026\u2026\u2026\u2026\u2026\u2026\u2026\u2026\u2026\u2026\u2026\u2026\u2026\u2026\u2026\u2026\u2026\u2026\u2026\u2026\u2026<\/p>\n<p><strong>Etapa a III-a<\/strong> \u2013 finala: max. 30\u2032<\/p>\n<p>a\u2026\u2026\u2026\u2026\u2026\u2026\u2026\u2026\u2026\u2026\u2026\u2026\u2026\u2026\u2026\u2026\u2026\u2026\u2026\u2026\u2026<\/p>\n<p>b\u2026\u2026\u2026\u2026\u2026\u2026\u2026\u2026\u2026\u2026\u2026\u2026\u2026\u2026\u2026\u2026\u2026\u2026\u2026\u2026\u2026<\/p>\n<p>Data: \u00a0\u00a0\u00a0\u00a0\u00a0\u00a0\u00a0\u00a0\u00a0\u00a0\u00a0\u00a0\u00a0\u00a0\u00a0\u00a0\u00a0\u00a0\u00a0\u00a0\u00a0\u00a0\u00a0\u00a0\u00a0\u00a0\u00a0\u00a0\u00a0 \u00a0 Semnatura:<\/p>\n","protected":false},"excerpt":{"rendered":"<p>Din motive obiective, vineri 27 mai nu se mai fac inscrieri la C N A \u201dGeorge Enescu\u201d(nu se poate intra in scoala, fiind examene importante). Din acest motiv, inscrierile se vor face numai\u00a0online, pana in data de\u00a0 1 iunie 2016 &nbsp; &nbsp; Locatia Concursului: ARCUB\u00a0 Gabroveni &#8211; Sala Mare, din str. Lipscani nr. 84-90, cu [&hellip;]<\/p>\n","protected":false},"author":1,"featured_media":0,"parent":0,"menu_order":0,"comment_status":"closed","ping_status":"closed","template":"","meta":{"footnotes":""},"class_list":["post-3550","page","type-page","status-publish","hentry"],"_links":{"self":[{"href":"https:\/\/www.propiano.org\/romanian\/wp-json\/wp\/v2\/pages\/3550","targetHints":{"allow":["GET"]}}],"collection":[{"href":"https:\/\/www.propiano.org\/romanian\/wp-json\/wp\/v2\/pages"}],"about":[{"href":"https:\/\/www.propiano.org\/romanian\/wp-json\/wp\/v2\/types\/page"}],"author":[{"embeddable":true,"href":"https:\/\/www.propiano.org\/romanian\/wp-json\/wp\/v2\/users\/1"}],"replies":[{"embeddable":true,"href":"https:\/\/www.propiano.org\/romanian\/wp-json\/wp\/v2\/comments?post=3550"}],"version-history":[{"count":20,"href":"https:\/\/www.propiano.org\/romanian\/wp-json\/wp\/v2\/pages\/3550\/revisions"}],"predecessor-version":[{"id":3893,"href":"https:\/\/www.propiano.org\/romanian\/wp-json\/wp\/v2\/pages\/3550\/revisions\/3893"}],"wp:attachment":[{"href":"https:\/\/www.propiano.org\/romanian\/wp-json\/wp\/v2\/media?parent=3550"}],"curies":[{"name":"wp","href":"https:\/\/api.w.org\/{rel}","templated":true}]}}