{"id":3520,"date":"2015-10-19T10:01:59","date_gmt":"2015-10-19T10:01:59","guid":{"rendered":"http:\/\/www.propiano.org\/romanian\/?page_id=3520"},"modified":"2016-03-04T22:10:31","modified_gmt":"2016-03-04T22:10:31","slug":"programare-sibiu-2016","status":"publish","type":"page","link":"https:\/\/www.propiano.org\/romanian\/programare-sibiu-2016\/","title":{"rendered":"Programare Sibiu 2016"},"content":{"rendered":"<p><strong>Festivalului \u201dPRIETENII MUZICII\/\u00a0PRO PIANO-ROM\u00c2NIA\u201d &#8211; filiala SIBIU va avea loc la Biblioteca Jude\u021bean\u0103<span class=\"Apple-converted-space\">\u00a0<\/span><em>ASTRA<\/em>,\u00a0str. G.<wbr \/>Bari\u021biu, nr: 5\/7, Cod: 550178, Sibiu, \u00een zilele de vineri 11 martie,s\u00e2mb\u0103t\u0103 12 martie \u0219i duminic\u0103 13 martie 2016, dup\u0103 urm\u0103torul program:<\/strong><\/p>\n<p><strong>\u00a0<\/strong><strong>\u00a0<\/strong><\/p>\n<p><strong><u>VINERI 11 MARTIE<\/u><\/strong><\/p>\n<p>9-10 SIBIU A2 &#8211; A7<\/p>\n<p>10-11:30 SIBIU A8 &#8211; A13<\/p>\n<p>&#8212;&#8212;&#8212;&#8211;<\/p>\n<p>12-13\u00a0\u00a0 SIGHI\u015eOARA 9 CONCUREN\u0162I<\/p>\n<p>13-13:30 MEDIA\u015e B2, B4, B5<\/p>\n<p>&#8211;\u00a0 DEVA A4 \u0219i CRAIOVA A4<\/p>\n<p>&#8212;&#8212;&#8212;&#8211;<\/p>\n<p>14:15-15:20 ODORHEIU SECUIESC<\/p>\n<p>15:20-16 MIERCUREA-CIUC<\/p>\n<p>&#8212;&#8212;&#8212;&#8212;&#8212;-<\/p>\n<p>16:30-17:30 CLUJ-NAPOCA B3, B6 (SIBIU)<\/p>\n<p>A4, A7, A10, A12<\/p>\n<p>17:30 FESTIVITATE DE PREMIERE<\/p>\n<p><strong>\u00a0<\/strong><\/p>\n<p>&nbsp;<\/p>\n<p><strong><u>S\u00c2MB\u0102T\u0102 12 MARTIE <\/u><\/strong><\/p>\n<p><strong>\u00a0<\/strong><\/p>\n<p>9\u00a0\u00a0\u00a0\u00a0 SIBIU B1 &#8211; B6<\/p>\n<p>10:15 SIBIU B7 &#8211; B12<\/p>\n<p>10:15-11\u00a0\u00a0 SIBIU C \u015fi PITE\u015eTI B-C<\/p>\n<p>11-12:30 MEDIA\u015e B1, BUCURE\u015eTI, GALA\u0162I<\/p>\n<p>13-14\u00a0\u00a0 T\u00c2RGOVI\u015eTE, BRA\u015eOV, PLOIE\u015eTI, FOC\u015eANI, TIMI\u015eOARA<\/p>\n<p>14:30 BAC\u0102U<\/p>\n<p>15:30 T\u00ceRGU-MURE\u015e<\/p>\n<p>16:00 R\u00c2MNICU-V\u00c2LCEA<\/p>\n<p>ORADEA<\/p>\n<p>CLUJ<\/p>\n<p>17:30 FESTIVITATE DE PREMIERE<\/p>\n<p><strong>\u00a0<\/strong><\/p>\n<p>&nbsp;<\/p>\n<p><strong><u>DUMINIC\u0102 13 MARTIE<\/u><\/strong><\/p>\n<p>&nbsp;<\/p>\n<p>9:00 TECUCI<\/p>\n<p>9:30 PITE\u015eTI B4 &#8211; A<\/p>\n<p>10-11 CLUJ-NAPOCA<\/p>\n<p>11:00 FESTIVITATE DE PREMIERE<\/p>\n<p>&nbsp;<\/p>\n","protected":false},"excerpt":{"rendered":"<p>Festivalului \u201dPRIETENII MUZICII\/\u00a0PRO PIANO-ROM\u00c2NIA\u201d &#8211; filiala SIBIU va avea loc la Biblioteca Jude\u021bean\u0103\u00a0ASTRA,\u00a0str. G.Bari\u021biu, nr: 5\/7, Cod: 550178, Sibiu, \u00een zilele de vineri 11 martie,s\u00e2mb\u0103t\u0103 12 martie \u0219i duminic\u0103 13 martie 2016, dup\u0103 urm\u0103torul program: \u00a0\u00a0 VINERI 11 MARTIE 9-10 SIBIU A2 &#8211; A7 10-11:30 SIBIU A8 &#8211; A13 &#8212;&#8212;&#8212;&#8211; 12-13\u00a0\u00a0 SIGHI\u015eOARA 9 CONCUREN\u0162I 13-13:30 [&hellip;]<\/p>\n","protected":false},"author":1,"featured_media":0,"parent":0,"menu_order":0,"comment_status":"closed","ping_status":"closed","template":"","meta":{"footnotes":""},"class_list":["post-3520","page","type-page","status-publish","hentry"],"_links":{"self":[{"href":"https:\/\/www.propiano.org\/romanian\/wp-json\/wp\/v2\/pages\/3520","targetHints":{"allow":["GET"]}}],"collection":[{"href":"https:\/\/www.propiano.org\/romanian\/wp-json\/wp\/v2\/pages"}],"about":[{"href":"https:\/\/www.propiano.org\/romanian\/wp-json\/wp\/v2\/types\/page"}],"author":[{"embeddable":true,"href":"https:\/\/www.propiano.org\/romanian\/wp-json\/wp\/v2\/users\/1"}],"replies":[{"embeddable":true,"href":"https:\/\/www.propiano.org\/romanian\/wp-json\/wp\/v2\/comments?post=3520"}],"version-history":[{"count":3,"href":"https:\/\/www.propiano.org\/romanian\/wp-json\/wp\/v2\/pages\/3520\/revisions"}],"predecessor-version":[{"id":3810,"href":"https:\/\/www.propiano.org\/romanian\/wp-json\/wp\/v2\/pages\/3520\/revisions\/3810"}],"wp:attachment":[{"href":"https:\/\/www.propiano.org\/romanian\/wp-json\/wp\/v2\/media?parent=3520"}],"curies":[{"name":"wp","href":"https:\/\/api.w.org\/{rel}","templated":true}]}}