{"id":3505,"date":"2015-10-19T09:53:27","date_gmt":"2015-10-19T09:53:27","guid":{"rendered":"http:\/\/www.propiano.org\/romanian\/?page_id=3505"},"modified":"2016-03-02T11:06:40","modified_gmt":"2016-03-02T11:06:40","slug":"programare-timisoara-2016","status":"publish","type":"page","link":"https:\/\/www.propiano.org\/romanian\/programare-timisoara-2016\/","title":{"rendered":"Programare Timisoara 2016"},"content":{"rendered":"<h4>Festivalul \u201dPrietenii Muzicii\u201d &#8211; filiala TIMI\u0218OARA se va desf\u0103\u0219ura la Universitatea de Vest din Timi\u0219oara &#8211; Sala de concerte \u201dORPHEUM\u201d a\u00a0Facult\u0103\u021bii de Muzic\u0103 \u0219i Teatru(etaj I)\u00a0din Blvd. Piata Libertatii 1, Timi\u015foara 300077, Timi\u015f, Rom\u00e2nia, in zilele de s\u00e2mb\u0103t\u0103 5 martie \u0219i duminic\u0103 6 martie, dupa programul de mai jos:<\/h4>\n<p>&nbsp;<\/p>\n<p>&nbsp;<\/p>\n<h4><strong>PROGRAMUL FESTIVALULUI<\/strong><\/h4>\n<p>&nbsp;<\/p>\n<p>&nbsp;<\/p>\n<h4><u><strong>S\u00c2MB\u0102T\u0102 05 martie 2016<\/strong> <\/u><\/h4>\n<p>&nbsp;<\/p>\n<p><strong>Ora 10 \u2013 FESTIVITATEA DE DESCHIDERE<\/strong><\/p>\n<p><strong>Ora 10:15 \u2013 Categoriile B<\/strong><\/p>\n<p><strong>Ora 11:20 \u2013 Categoriile C<\/strong><\/p>\n<p><strong>Ora 11:45 \u2013 Categoriile A1 (2010) \u015fi A3 (2008) \u00a0\u00a0\u00a0\u00a0\u00a0\u00a0\u00a0\u00a0\u00a0\u00a0\u00a0\u00a0 <\/strong><\/p>\n<p style=\"text-align: left;\"><strong>\u00a0\u00a0\u00a0\u00a0\u00a0\u00a0\u00a0\u00a0\u00a0\u00a0\u00a0\u00a0\u00a0\u00a0\u00a0\u00a0\u00a0\u00a0\u00a0\u00a0\u00a0\u00a0\u00a0\u00a0\u00a0\u00a0\u00a0\u00a0\u00a0\u00a0\u00a0\u00a0\u00a0\u00a0\u00a0 PAUZ\u0102<\/strong><\/p>\n<p><strong>Ora 12:15 \u2013 Categoria A4 (2007)<\/strong> <strong>\u00a0<\/strong><\/p>\n<p><strong>\u00a0\u00a0\u00a0\u00a0\u00a0\u00a0\u00a0\u00a0\u00a0\u00a0\u00a0\u00a0\u00a0\u00a0\u00a0\u00a0\u00a0\u00a0\u00a0\u00a0\u00a0\u00a0\u00a0\u00a0\u00a0\u00a0\u00a0\u00a0\u00a0\u00a0\u00a0\u00a0\u00a0\u00a0\u00a0 PAUZ\u0102<\/strong> <strong>\u00a0<\/strong><\/p>\n<p>&nbsp;<\/p>\n<p><strong>Ora 15:30 \u2013 Categoriile A5 (2006)<\/strong><\/p>\n<p><strong>Ora 16:15 \u2013 Categoria A6 (2005)<\/strong><\/p>\n<p><strong>Ora 16:50 \u2013 Cereri speciale<\/strong> <strong>Ora <\/strong><\/p>\n<p><strong>17:10 \u2013 Categoria A10 (2001)<\/strong><\/p>\n<p><strong> \u00a0\u00a0\u00a0\u00a0\u00a0\u00a0\u00a0\u00a0\u00a0\u00a0\u00a0\u00a0\u00a0\u00a0\u00a0\u00a0\u00a0\u00a0\u00a0\u00a0\u00a0\u00a0\u00a0\u00a0\u00a0\u00a0\u00a0\u00a0\u00a0\u00a0\u00a0\u00a0\u00a0\u00a0 \u00a0PAUZ\u0102<\/strong><\/p>\n<p><strong>Ora 17:30 \u2013 Categoria A12 (1999)<\/strong><\/p>\n<p><strong>Ora 18:30 \u2013 Categoriile A13 (1998) \u015fi A14 (1997)<\/strong><\/p>\n<h4><\/h4>\n<h4><\/h4>\n<h4><\/h4>\n<p>&nbsp;<\/p>\n<p>&nbsp;<\/p>\n<p>&nbsp;<\/p>\n<h4><strong><u>DUMINIC\u0102 06 martie 2016 <\/u><\/strong><\/h4>\n<p>&nbsp;<\/p>\n<p><strong>Ora 10 \u2013 Cereri special<\/strong><\/p>\n<p><strong>Ora 10:35 \u2013 Categoria A7 (2004)<\/strong> <strong>\u00a0\u00a0\u00a0\u00a0\u00a0\u00a0\u00a0\u00a0\u00a0\u00a0\u00a0\u00a0 <\/strong><\/p>\n<p><strong>\u00a0\u00a0\u00a0\u00a0\u00a0\u00a0\u00a0\u00a0\u00a0\u00a0\u00a0\u00a0\u00a0\u00a0\u00a0\u00a0\u00a0\u00a0\u00a0\u00a0\u00a0\u00a0\u00a0\u00a0\u00a0\u00a0\u00a0\u00a0\u00a0\u00a0\u00a0\u00a0\u00a0\u00a0\u00a0 PAUZ\u0102 <\/strong><\/p>\n<p><strong>Ora 11:30 \u2013 Categoria A8 (2003)<\/strong><\/p>\n<p><strong>Ora 13 \u2013 Categoria A9 (2002)<\/strong> <strong>\u00a0<\/strong> <strong>\u00a0\u00a0\u00a0\u00a0\u00a0\u00a0\u00a0\u00a0\u00a0\u00a0\u00a0\u00a0 <\/strong><\/p>\n<p><strong>\u00a0\u00a0\u00a0\u00a0\u00a0\u00a0\u00a0\u00a0\u00a0\u00a0\u00a0\u00a0\u00a0\u00a0\u00a0\u00a0\u00a0\u00a0\u00a0\u00a0\u00a0\u00a0\u00a0\u00a0\u00a0\u00a0\u00a0\u00a0\u00a0\u00a0\u00a0\u00a0\u00a0 PAUZ\u0102<\/strong> <strong>\u00a0<\/strong><\/p>\n<p>&nbsp;<\/p>\n<h4><strong>Ora 16 &#8211; FESTIVITATEA DE PREMIERE<\/strong> <strong>\u00a0<\/strong><\/h4>\n<p>&nbsp;<\/p>\n","protected":false},"excerpt":{"rendered":"<p>Festivalul \u201dPrietenii Muzicii\u201d &#8211; filiala TIMI\u0218OARA se va desf\u0103\u0219ura la Universitatea de Vest din Timi\u0219oara &#8211; Sala de concerte \u201dORPHEUM\u201d a\u00a0Facult\u0103\u021bii de Muzic\u0103 \u0219i Teatru(etaj I)\u00a0din Blvd. Piata Libertatii 1, Timi\u015foara 300077, Timi\u015f, Rom\u00e2nia, in zilele de s\u00e2mb\u0103t\u0103 5 martie \u0219i duminic\u0103 6 martie, dupa programul de mai jos: &nbsp; &nbsp; PROGRAMUL FESTIVALULUI &nbsp; &nbsp; [&hellip;]<\/p>\n","protected":false},"author":1,"featured_media":0,"parent":0,"menu_order":0,"comment_status":"closed","ping_status":"closed","template":"","meta":{"footnotes":""},"class_list":["post-3505","page","type-page","status-publish","hentry"],"_links":{"self":[{"href":"https:\/\/www.propiano.org\/romanian\/wp-json\/wp\/v2\/pages\/3505","targetHints":{"allow":["GET"]}}],"collection":[{"href":"https:\/\/www.propiano.org\/romanian\/wp-json\/wp\/v2\/pages"}],"about":[{"href":"https:\/\/www.propiano.org\/romanian\/wp-json\/wp\/v2\/types\/page"}],"author":[{"embeddable":true,"href":"https:\/\/www.propiano.org\/romanian\/wp-json\/wp\/v2\/users\/1"}],"replies":[{"embeddable":true,"href":"https:\/\/www.propiano.org\/romanian\/wp-json\/wp\/v2\/comments?post=3505"}],"version-history":[{"count":6,"href":"https:\/\/www.propiano.org\/romanian\/wp-json\/wp\/v2\/pages\/3505\/revisions"}],"predecessor-version":[{"id":3808,"href":"https:\/\/www.propiano.org\/romanian\/wp-json\/wp\/v2\/pages\/3505\/revisions\/3808"}],"wp:attachment":[{"href":"https:\/\/www.propiano.org\/romanian\/wp-json\/wp\/v2\/media?parent=3505"}],"curies":[{"name":"wp","href":"https:\/\/api.w.org\/{rel}","templated":true}]}}